{"id":16312,"date":"2014-10-25T22:25:11","date_gmt":"2014-10-25T22:25:11","guid":{"rendered":"http:\/\/www.newmessage.org\/?page_id=16312"},"modified":"2021-05-02T01:29:04","modified_gmt":"2021-05-02T01:29:04","slug":"band-2","status":"publish","type":"page","link":"https:\/\/www.v6.newmessage.org\/de\/die-botschaft\/band-2\/","title":{"rendered":"Band 2"},"content":{"rendered":"<p><strong><img loading=\"lazy\" decoding=\"async\" class=\"imgborder alignright size-medium\" src=\"https:\/\/www.newmessage.org\/wp-content\/uploads\/2014\/10\/The-New-Message-from-God-Volume-2-214x300.png\" alt=\"\" width=\"214\" height=\"300\" \/><\/strong><\/p>\n<h3>\u00dcber Band 2<\/h3>\n<p>Band Zwei der Neuen Botschaft von Gott enth\u00e4lt die tiefere spirituelle Traditiom im Herzen von Gottes Neuer Offenbarung f\u00fcr die Menschheit.<\/p>\n<p>Hierin sind die grundlegenden Texte der Theologie und Spiritualit\u00e4t von Gottes Neuer Botschaft enthalten. Dies schlie\u00dft die B\u00fccher der Neuen Botschaft <em><a href=\"\/\/www.neuebotschaft.org\/die-botschaft\/band-2\/spiritualitat-der-groseren-gemeinschaft\">Spiritualit\u00e4t der Gr\u00f6\u00dferen Gemeinschaft<\/a><\/em> und <em><a href=\"\/\/www.neuebotschaft.org\/die-botschaft\/band-2\/beziehungen-und-hoherer-zweck\">Beziehungen und H\u00f6herer Zweck <\/a><\/em> ein. Diese einmaligen Heiligen Schriften wurden vom Boten in einem kontinuierlichen Offenbarungsprozess empfangen.<\/p>\n<p>Diese Schriften stellen die Kernoffenbarung f\u00fcr die Welt in Bezug auf Kenntnis dar (<em><a href=\"\/\/www.neuebotschaft.org\/die-botschaft\/band-2\/spiritualitat-der-groseren-gemeinschaft\/was-ist-kenntnis\">Was ist Kenntnis<\/a><\/em>), die Gr\u00f6\u00dfere Gemeinschaft (<em><a href=\"\/\/www.neuebotschaft.org\/die-botschaft\/band-2\/spiritualitat-der-groseren-gemeinschaft\/was-ist-die-grosere-gemeinschaft\">Was ist die Gr\u00f6\u00dfere Gemeinschaft<\/a><\/em>) und <em><a href=\"\/\/www.neuebotschaft.org\/die-botschaft\/band-2\/beziehungen-und-hoherer-zweck\">Beziehungen und H\u00f6herer Zweck<\/a><\/em> sowie grundlegende Lehren \u00fcber die Art von Gottes Pr\u00e4senz und Zweck in der Welt und im Universum jenseits von ihr.<\/p>\n<p>In diesen Schriften wird die Menschheit in den Weg der Kenntnis der Gr\u00f6\u00dferen Gemeinschaft, den Weg der spirituellen Praxis und der inneren Entwicklung eingef\u00fchrt, der seit undenklichen Zeiten im gesamten Universum praktiziert wird. Der Weg der Kenntnis der Gr\u00f6\u00dferen Gemeinschaft wird nun unserer Welt zum ersten Mal pr\u00e4sentiert.<\/p>\n<p>W\u00e4hrend diese Texte die spirituelle Grundsteinlegung der Neuen Botschaft darstellen, l\u00e4uten sie ebenso eine tiefgehende Berufung des Individuums durch Gott ein, \u2013 eine Berufung gro\u00dfer Macht und gro\u00dfen Mysteriums. Diese Berufung erschallt f\u00fcr dich, ruft dich \u00fcber die uralten Korridore deines Verstandes, ruft eine tiefere Kenntnis an und eine uralte Erinnerung, die in dir lebt und darauf wartet, entdeckt zu werden.<br \/>\n<div class=\"toggle toggle-white\"><h4 class=\"trigger \"><span class=\"t_ico\"><\/span><a href=\"#\">Lies Mehr \u00dcber die Bibliothek der Neuen Botschaft<\/a><\/h4><div class=\"toggle_container \"><br \/>\n<div data-post-id='24520' class='insert-page insert-page-24520 '><p>Die Neue Botschaft von Gott wird letzten Endes in sechs einzelnen B\u00e4nden enthalten sein. Jeder Band enth\u00e4lt zwei oder mehr B\u00fccher und jedes Buch ist in Kapitel aufgeteilt.<\/p>\n<p>Daher k\u00f6nnte der zuk\u00fcnftige Aufbau der Neuen Botschaft von Gott folgenderma\u00dfen zum Ausdruck kommen:<\/p>\n<div id=\"attachment_24097\" style=\"width: 227px\" class=\"wp-caption alignright\"><a href=\"https:\/\/www.newmessage.org\/wp-content\/uploads\/2015\/08\/Volumes-Books-InfoGraphic.001.jpg\"><img loading=\"lazy\" decoding=\"async\" aria-describedby=\"caption-attachment-24097\" class=\"imgborder \" src=\"https:\/\/www.newmessage.org\/wp-content\/uploads\/2015\/08\/Volumes-Books-InfoGraphic.001.jpg\" alt=\"The New Message One Book\" width=\"217\" height=\"234\" \/><\/a><p id=\"caption-attachment-24097\" class=\"wp-caption-text\">Das Eine Buch der Neuen Botschaft<\/p>\n<p>Die NEUE BOTSCHAFT VON GOTT enth\u00e4lt<br \/>\n\t6 B\u00c4NDE<br \/>\nwelche insgesamt enthalten:<br \/>\n          25+ B\u00dcCHER<br \/>\nJedes Buch ist in KAPITEL unterteilt<br \/>\nJedes Kapitel ist in VERSE unterteilt<\/p>\n<p><\/p><\/div>\n<p><strong>Band &gt; Buch &gt; Kapitel &gt; Vers<br \/>\n<\/strong><\/p>\n<p>Die Neue Botschaft von Gott enth\u00e4lt den gr\u00f6\u00dften Gesamtumfang einer Offenbarung, die jemals der Welt gegeben worden ist. Sie spricht nahezu jeden Aspekt unseres Lebens an und stellt dabei neue Realit\u00e4ten vor, die niemals vorher aufgedeckt worden sind. Die Society (\u201eThe Society for the New Message from God\u201c \u2013 \u201eDie Gesellschaft f\u00fcr die Neue Botschaft von Gott\u201c) bem\u00fcht sich, so viele B\u00fccher der Neuen Botschaft und gesprochene Offenbarungen wie m\u00f6glich f\u00fcr die Welt verf\u00fcgbar und zug\u00e4nglich zu machen.<\/p>\n<p>Gegenw\u00e4rtig ist die Society in der Lage, eine gro\u00dfe Anzahl von Originalaufzeichnungen der Stimme der Offenbarung anzubieten. Hier werdet ihr aufgefordert, die Macht und das Mysterium der \u201cStimme\u201d zu erfahren, wie sie urspr\u00fcnglich durch den Boten im Zustand der Offenbarung gesprochen hat. Niemals vorher war es m\u00f6glich, die originale Stimme der Offenbarung zu h\u00f6ren. <\/p>\n<p>Die Zusammenstellung der Neuen Botschaft ist ein laufendes Unterfangen, das \u00fcber einen ausgedehnten Zeitraum verwirklicht wird. Zus\u00e4tzlich wird die Offenbarung bis zum heutigen Tag fortgesetzt, wobei jedes Jahr neue Lehren verk\u00fcndet werden. Infolgedessen wird sich die Auswahl der Lehren in jedem Buch wahrscheinlich \u00e4ndern k\u00f6nnen. Damit k\u00f6nnte sich auch der Titel der B\u00fccher \u00e4ndern, um das Wachstum jedes Buches zu reflektieren. Ihr lebt in einer Zeit der Offenbarung und seid Zeuge, wie sich der Prozess der Offenbarung vor euch entfaltet.<\/p>\n<p><strong>B\u00fccher Online<\/strong><br \/>\nDie Society bem\u00fcht sich, die Neue Botschaft der Welt kostenlos online zur Verf\u00fcgung zu stellen. Gegenw\u00e4rtig ist eine Anzahl von B\u00fcchern der Neuen Botschaft kostenlos unter www.newmessage.org verf\u00fcgbar (deutsche \u00dcbersetzungen unter www.NeueBotschaft.org). Erforsche die <a href=\"https:\/\/www.newmessage.org\/the-message\">library of free online books<\/a> (Bibliothek der kostenlosen online-B\u00fccher).<\/p>\n<p><strong>Print-B\u00fccher<\/strong><br \/>\nDie Society bietet gegenw\u00e4rtig einige der B\u00fccher der Neuen Botschaft in gedruckter Form an. Jedoch ist die Society aufgrund des immensen Umfangs der Neuen Botschaft derzeit noch nicht in der Lage, die gesamten sechs B\u00e4nde der Neuen Botschaft in gedruckter Form zu ver\u00f6ffentlichen. Um eine gedruckte Ausgabe der gegenw\u00e4rtig verf\u00fcgbaren B\u00fccher zu erwerben, besuche bitte den <a href=\"http:\/\/newknowledgelibrary.org\/\">New Knowledge Library Store<\/a>.<\/p>\n<p><strong>CD und mp3 Audio<\/strong><br \/>\nBestimmte Offenbarungen, die sich auf das Studium der Neuen Botschaft beziehen, sind als k\u00e4ufliche CDs oder mp3s erh\u00e4ltlich. Aufgrund der finanziellen M\u00f6glichkeiten, die gesamte Welt mit der Neuen Botschaft zu erreichen, bietet die <a href=\"http:\/\/www.neuebotschaft.org\/weltweite-gemeinschaft\/gesellschaft\">Society<\/a>\u00a0bestimmte Lehren zu bescheidenen Kosten im\u00a0<a href=\"http:\/\/newknowledgelibrary.org\/\">New Knowledge Library Store<\/a> zum Kauf an.<\/p>\n<p><strong>Das Free Book Project<\/strong><br \/>\nBei gr\u00f6\u00dferer finanzieller Unterst\u00fctzung wird die Society in der Lage sein, weitere dieser Weisheitslehren kostenlos online verf\u00fcgbar zu machen. Zus\u00e4tzlich bietet die Society in das <a href=\"https:\/\/www.newmessage.org\/the-message\/free-book-project\">Free Book Project<\/a> kostenlose pers\u00f6nliche Exemplare der gegenw\u00e4rtig verf\u00fcgbaren B\u00fccher, eBooks und mp3s der Offenbarungen der Neuen Botschaft jenen Personen an, die nicht die Mittel haben, sie zu erwerben. Wir fordern Sie zu einer <a href=\"http:\/\/www.neuebotschaft.org\/weltweite-gemeinschaft\/gesellschaft\/unterstutzen-sie-die-neue-botschaft\">Schenkung<\/a> auf, um das Free Book Project zu unterst\u00fctzen, so dass mehr und mehr Bed\u00fcrftige Zugang zur Neuen Botschaft von Gott haben k\u00f6nnen.<\/p>\n<p><strong>Zuk\u00fcnftige Ver\u00f6ffentlichungen<\/strong><br \/>\nDie Society wird weiterhin ihre Vision verfolgen, die gesamte Neue Botschaft von Gott zu ver\u00f6ffentlichen, sowohl in ihren B\u00fcchern und B\u00e4nden als auch vielleicht eines Tages als ein einziges Buch, einfach genannt: \u201cDie Neue Botschaft von Gott.\u201d Dies ist ein enormes Unterfangen, wozu die Society Ihren Beitrag und Ihre Beteiligung ben\u00f6tigt. Bitte erw\u00e4gen Sie, <a href=\"http:\/\/www.neuebotschaft.org\/weltweite-gemeinschaft\/gesellschaft\/unterstutzen-sie-die-neue-botschaft\">eine Schenkung<\/a> vorzunehmen oder <a href=\"http:\/\/www.neuebotschaft.org\/weltweite-gemeinschaft\/gesellschaft\/unterstutzen-sie-die-neue-botschaft\">eine S\u00e4ule der Neuen Botschaft<\/a> zu werden, um diese heilige Sache zu unterst\u00fctzen. Wir danken Ihnen f\u00fcr Ihre Unterst\u00fctzung.<\/p>\n<\/div>\n<p><\/div><\/div>\n<div class=\"clearfix\"><\/div>\n<div class=\"the-message-books-volumes panel-30 background-tile-1 margin-bottom-20\">\n<h2 class=\"text-align-center margin-bottom-20\"><a class=\"text-color-gray-5 not-underlined\" title=\"Volume 2\" href=\"\/the-message\/volume-2\">Volume 2<\/a><\/h2>\n<div class=\"one_third \" ><\/p>\n<div class=\"message-book-div\"><a class=\"message-book-link-to-post\" title=\"Greater Community Spirituality\" href=\"\/\/www.neuebotschaft.org\/die-botschaft\/band-2\/spiritualitat-der-groseren-gemeinschaft\/\" rel=\"bookmark\">Spiritualit\u00e4t der Gr\u00f6\u00dferen Gemeinschaft<\/a><\/div>\n<div class=\"toggle toggle-gray\"><h4 class=\"trigger \"><span class=\"t_ico\"><\/span><a href=\"#\">Inhaltsverzeichnis<\/a><\/h4><div class=\"toggle_container \"><br \/>\n<a href=\"https:\/\/www.newmessage.org\/de\/die-botschaft\/band-2\/spiritualitat-der-groseren-gemeinschaft\/einleitung\/\">Einleitung<\/a><\/p>\n<p><span style=\"line-height: 1.5;\">Kapitel 1 <\/span><a href=\"https:\/\/www.newmessage.org\/de\/die-botschaft\/band-2\/spiritualitat-der-groseren-gemeinschaft\/was-ist-gott\/\">Was ist Gott<\/a><\/p>\n<p>Kapitel 2: <a href=\"https:\/\/www.newmessage.org\/de\/die-botschaft\/band-2\/spiritualitat-der-groseren-gemeinschaft\/was-ist-die-welt\/\">Was ist die Welt?<\/a><\/p>\n<p>Kapitel 3: <a href=\"https:\/\/www.newmessage.org\/de\/die-botschaft\/band-2\/spiritualitat-der-groseren-gemeinschaft\/was-ist-lebenskraft\/\">Was ist Lebenskraft<\/a><\/p>\n<p>Kapitel 4: <a href=\"https:\/\/www.newmessage.org\/de\/die-botschaft\/band-2\/spiritualitat-der-groseren-gemeinschaft\/was-ist-kenntnis\/\">Was ist Kenntnis?<\/a><\/p>\n<p>Kapitel 5: <a href=\"https:\/\/www.newmessage.org\/de\/die-botschaft\/band-2\/spiritualitat-der-groseren-gemeinschaft\/was-ist-menschlicher-zweck\/\">Aus was besteht menschlicher Zweck?<\/a><\/p>\n<p>Kapitel 6: <a href=\"https:\/\/www.newmessage.org\/de\/die-botschaft\/band-2\/spiritualitat-der-groseren-gemeinschaft\/was-ist-die-grosere-gemeinschaft\/\">Was ist die Gr\u00f6\u00dfere Gemeinschaft?<\/a><\/p>\n<p>Kapitel 7: `<a href=\"https:\/\/www.newmessage.org\/de\/die-botschaft\/band-2\/spiritualitat-der-groseren-gemeinschaft\/wie-erlangt-man-weisheit-im-leben\/\">Wie erlangt man Weisheit im Leben?<\/a><\/p>\n<p>Kapitel 8: <a href=\"https:\/\/www.newmessage.org\/de\/die-botschaft\/band-2\/spiritualitat-der-groseren-gemeinschaft\/fur-wen-ist-weisheit-gedacht\/\">F\u00fcr wen ist Weisheit gedacht?<\/a><\/p>\n<p>Kapitel 9: <a href=\"https:\/\/www.newmessage.org\/de\/die-botschaft\/band-2\/spiritualitat-der-groseren-gemeinschaft\/wie-nimmt-gott-teil-an-der-welt\/\">Wie nimmt Gott teil an der Welt?<\/a><\/p>\n<p>Kapitel 10: <a href=\"https:\/\/www.newmessage.org\/de\/die-botschaft\/band-2\/spiritualitat-der-groseren-gemeinschaft\/wie-bereitet-man-sich-vor\/\">Wie bereitet man sich vor?<\/a><\/p>\n<p>Kapitel 11: <a href=\"https:\/\/www.newmessage.org\/de\/die-botschaft\/band-2\/spiritualitat-der-groseren-gemeinschaft\/wofur-dient-die-vorbereitung\/ \u200e\">Wof\u00fcr dient die Vorbereitung?<\/a><\/p>\n<p>Kapitel 12: <a href=\"https:\/\/www.newmessage.org\/de\/die-botschaft\/band-2\/spiritualitat-der-groseren-gemeinschaft\/wem-wirst-du-begegnen\/\">Wem wirst du begegnen?<\/a><\/p>\n<p>Kapitel 13: <a href=\"https:\/\/www.newmessage.org\/de\/die-botschaft\/band-2\/spiritualitat-der-groseren-gemeinschaft\/was-muss-verlernt-werden\/\">Was muss verlernt werden?<\/a><\/p>\n<p>Kapitel 14: <a href=\"https:\/\/www.newmessage.org\/de\/die-botschaft\/band-2\/spiritualitat-der-groseren-gemeinschaft\/was-muss-vermieden-warden\/\">Was muss vermieden werden?<\/a><\/p>\n<p>Kapitel 15: <a href=\"https:\/\/www.newmessage.org\/de\/die-botschaft\/band-2\/spiritualitat-der-groseren-gemeinschaft\/wer-dient-der-menschheit\/\">Wer dient der Menschheit?<\/a><\/p>\n<p>Kapitel 16: <a href=\"https:\/\/www.newmessage.org\/de\/die-botschaft\/band-2\/spiritualitat-der-groseren-gemeinschaft\/wer-sind-die-unsichtbaren\/\">Wer sind die Unsichtbaren?<\/a><\/p>\n<p>Kapitel 17: <a href=\"https:\/\/www.newmessage.org\/de\/die-botschaft\/band-2\/spiritualitat-der-groseren-gemeinschaft\/wie-geschieht-offenbarung-im-menschlichen-leben\/\">Wie geschieht Offenbarung im menschlichen Leben?<\/a><\/p>\n<p>Kapitel 18: <a href=\"https:\/\/www.newmessage.org\/de\/die-botschaft\/band-2\/spiritualitat-der-groseren-gemeinschaft\/was-ist-menschliche-bestimmung\/\">Was ist menschliche Bestimmung?<\/a><\/p>\n<p>Kapitel 19: <a href=\"https:\/\/www.newmessage.org\/de\/die-botschaft\/band-2\/spiritualitat-der-groseren-gemeinschaft\/was-ist-religion\/\">Was ist Religion?<\/a><\/p>\n<p>Kapitel 20: <a href=\"https:\/\/www.newmessage.org\/de\/die-botschaft\/band-2\/spiritualitat-der-groseren-gemeinschaft\/aus-was-besteht-religiose-erziehung-und-fur-wen-ist-sie-gedacht\/\">Aus was besteht religi\u00f6se Erziehung und f\u00fcr wen ist sie gedacht?<\/a><\/p>\n<p>Kapitel 21: <a href=\"https:\/\/www.newmessage.org\/de\/die-botschaft\/band-2\/spiritualitat-der-groseren-gemeinschaft\/was-ist-der-weg-der-kenntnis-der-groseren-gemeinschaft\/\">Was ist der Weg der Kenntnis der Gr\u00f6\u00dferen Gemeinschaft?<\/a><\/p>\n<p>Kapitel 22: <a href=\"https:\/\/www.newmessage.org\/de\/die-botschaft\/band-2\/spiritualitat-der-groseren-gemeinschaft\/wo-ist-kenntnis-zu-finden\/\">Wo ist Kenntnis zu finden?<\/a><\/p>\n<p>Kapitel 23: <a href=\"https:\/\/www.newmessage.org\/de\/die-botschaft\/band-2\/spiritualitat-der-groseren-gemeinschaft\/wie-wird-kenntnis-in-der-groseren-gemeinschaft-umgesetzt\/\">Wie wird Kenntnis in der Gr\u00f6\u00dferen Gemeinschaft umgesetzt?<\/a><\/p>\n<p>Kapitel 24: <a href=\"https:\/\/www.newmessage.org\/de\/die-botschaft\/band-2\/spiritualitat-der-groseren-gemeinschaft\/was-sind-die-schritte-zur-kenntnis\/\">Was sind die Schritte zur Kenntnis?<\/a><\/p>\n<p>Kapitel 25: <a href=\"https:\/\/www.newmessage.org\/de\/die-botschaft\/band-2\/spiritualitat-der-groseren-gemeinschaft\/was-ist-gnade\/\">Was ist Gnade?<\/a><\/p>\n<p>Kapitel 26: <a href=\"https:\/\/www.newmessage.org\/de\/die-botschaft\/band-2\/spiritualitat-der-groseren-gemeinschaft\/wer-ist-jesus\/\">Wer ist Jesus?<\/a><\/p>\n<p>Kapitel 27: <a href=\"https:\/\/www.newmessage.org\/de\/die-botschaft\/band-2\/spiritualitat-der-groseren-gemeinschaft\/aus-was-besteht-die-evolution-der-religion-in-der-welt\/\">Aus was besteht die Entwicklung der Religion in der Welt?<\/a><br \/>\n<\/div><\/div><br \/>\n<\/div>\n<div class=\"one_third \" ><\/p>\n<div class=\"message-book-div\"><a class=\"message-book-link-to-post\" title=\"Beziehungen und H\u00f6herer Zweck\" href=\"http:\/\/www.neuebotschaft.org\/die-botschaft\/band-2\/beziehungen-und-hoherer-zweck\/\" rel=\"bookmark\">Beziehungen und H\u00f6herer Zweck<\/a><\/div>\n<div class=\"toggle toggle-gray\"><h4 class=\"trigger \"><span class=\"t_ico\"><\/span><a href=\"#\">Inhaltsverzeichnis<\/a><\/h4><div class=\"toggle_container \"><br \/>\n<a href=\"https:\/\/www.newmessage.org\/de\/die-botschaft\/band-2\/beziehungen-und-hoherer-zweck\/einleitung\/\">EINLEITUNG<\/a><\/p>\n<p>Kapitel 1: <a href=\"https:\/\/www.newmessage.org\/de\/die-botschaft\/band-2\/beziehungen-und-hoherer-zweck\/deine-primarste-beziehung\/\">Deine prim\u00e4rste Beziehung<\/a><\/p>\n<p>Kapitel 2: <a href=\"https:\/\/www.newmessage.org\/de\/die-botschaft\/band-2\/beziehungen-und-hoherer-zweck\/deine-beziehung-zu-dir-selbst\/\">Deine Beziehung zu dir selbst<\/a><\/p>\n<p>Kapitel 3: <a href=\"https:\/\/www.newmessage.org\/de\/die-botschaft\/band-2\/beziehungen-und-hoherer-zweck\/deine-beziehung-zu-anderen\/\">Deine Beziehung zu Anderen<\/a><\/p>\n<p>Kapitel 4: <a href=\"https:\/\/www.newmessage.org\/de\/die-botschaft\/band-2\/beziehungen-und-hoherer-zweck\/deine-beziehung-zur-welt\/\">Deine Beziehung zur Welt<\/a><\/p>\n<p>Kapitel 5: <a href=\"https:\/\/www.newmessage.org\/de\/die-botschaft\/band-2\/beziehungen-und-hoherer-zweck\/deine-beziehung-zu-deiner-spirituellen-familie\/\">Deine Beziehung zu deiner Spirituellen Familie<\/a><\/p>\n<p>Kapitel 6: <a href=\"https:\/\/www.newmessage.org\/de\/die-botschaft\/band-2\/beziehungen-und-hoherer-zweck\/deine-beziehung-zu-kenntnis\/\">Deine Beziehung zu Kenntnis<\/a><\/p>\n<p>Kapitel 7: <a href=\"https:\/\/www.newmessage.org\/de\/die-botschaft\/band-2\/beziehungen-und-hoherer-zweck\/deine-beziehung-zum-unbekannten\/\">Deine Beziehung zum Unbekannten<\/a><\/p>\n<p>Kapitel 8: <a href=\"https:\/\/www.newmessage.org\/de\/die-botschaft\/band-2\/beziehungen-und-hoherer-zweck\/das-problem-des-bosen-und-der-krafte-der-dissonanz\/\">Das Problem des B\u00f6sen und der Kr\u00e4fte der Dissonanz<\/a><\/p>\n<p>Kapitel 9: <a href=\"https:\/\/www.newmessage.org\/de\/die-botschaft\/band-2\/beziehungen-und-hoherer-zweck\/entwicklungsstufen\/\">Entwicklungsstufen<\/a><\/p>\n<p>Kapitel 10: <a href=\"https:\/\/www.newmessage.org\/de\/die-botschaft\/band-2\/beziehungen-und-hoherer-zweck\/ehe\/\">Ehe<\/a><\/p>\n<p>Kapitel 11: <a href=\"https:\/\/www.newmessage.org\/de\/die-botschaft\/band-2\/beziehungen-und-hoherer-zweck\/dein-zweck-und-deine-spirituelle-berufung\/\">Dein Zweck und deine Spirituelle Berufung<\/a><br \/>\n<strong>TEIL 2: PRAKTISCHE FRAGEN<\/strong><\/p>\n<p>Kapitel 12: <a href=\"https:\/\/www.newmessage.org\/de\/die-botschaft\/band-2\/beziehungen-und-hoherer-zweck\/herstellung-von-beziehungen\/\">Herstellung von Beziehungen<\/a><\/p>\n<p>Kapitel 13: <a href=\"https:\/\/www.newmessage.org\/de\/die-botschaft\/band-2\/beziehungen-und-hoherer-zweck\/aufrechterhaltung-von-beziehungen\/\">Aufrechterhaltung von Beziehungen<\/a><\/p>\n<p>Kapitel 14: Abschluss von Beziehungen<\/p>\n<p>Kapitel 15: Schluss<\/p>\n<p><\/div><\/div><br \/>\n<\/div>\n<div class=\"one_third last\" ><\/p>\n<div class=\"message-book-div\"><a class=\"message-book-link-to-post\" title=\"VORBEREITUNG AUF DIE GR\u00d6SSERE GEMEINSCHAFT\" href=\"https:\/\/www.newmessage.org\/de\/die-botschaft\/band-2\/vorbereitung-auf-die-grosere-gemeinschaft\/\" rel=\"bookmark\">VORBEREITUNG AUF DIE GR\u00d6SSERE GEMEINSCHAFT<\/a><\/div>\n<div class=\"toggle toggle-gray\"><h4 class=\"trigger \"><span class=\"t_ico\"><\/span><a href=\"#\">Inhaltsverzeichnis<\/a><\/h4><div class=\"toggle_container \"><\/p>\n<p>1 &#8211; <a href=\"https:\/\/www.newmessage.org\/de\/die-botschaft\/band-2\/vorbereitung-auf-die-grosere-gemeinschaft\/was-ist-die-grosere-gemeinschaft\/\">Was ist die Gr\u00f6\u00dfere Gemeinschaft?<\/a><br \/>\n2 &#8211; <a href=\"https:\/\/www.newmessage.org\/de\/die-botschaft\/band-2\/vorbereitung-auf-die-grosere-gemeinschaft\/die-anwesenheit-der-groseren-gemeinschaft-in-der-welt\/\">Die Anwesenheit der Gr\u00f6\u00dferen Gemeinschaft in der Welt<\/a><br \/>\n3 &#8211; <a href=\"https:\/\/www.newmessage.org\/de\/die-botschaft\/band-2\/vorbereitung-auf-die-grosere-gemeinschaft\/wesentliche-wahrheit-in-bezug-auf-die-grosere-gemeinschaft\/\">Wesentliche Wahrheit in Bezug auf die Gr\u00f6\u00dfere Gemeinschaft<\/a><br \/>\n4 &#8211; <a href=\"https:\/\/www.neuebotschaft.org\/die-botschaft\/band-2\/vorbereitung-auf-die-grosere-gemeinschaft\/intelligenz-der-groseren-gemeinschaft-und-die-mentale-umgebung\/\">Intelligenz der Gr\u00f6\u00dferen Gemeinschaft und die Mentale Umgebung<\/a><br \/>\n5 &#8211; <a href=\"https:\/\/www.newmessage.org\/de\/die-botschaft\/band-2\/vorbereitung-auf-die-grosere-gemeinschaft\/ressourcen-handel-und-wettbewerb-in-der-groseren-gemeinschaft\/\">Ressourcen, Handel und Wettbewerb in der Gr\u00f6\u00dferen Gemeinschaft<\/a><br \/>\n6 &#8211; <a href=\"https:\/\/www.neuebotschaft.org\/die-botschaft\/band-2\/vorbereitung-auf-die-grosere-gemeinschaft\/die-bedeutung-von-spiritueller-entwicklung-in-der-groseren-gemeinschaft\/\">Die Bedeutung von Spiritueller Entwicklung in der Gr\u00f6\u00dferen Gemeinschaft<\/a><br \/>\n7 &#8211; <a href=\"https:\/\/www.newmessage.org\/de\/die-botschaft\/band-2\/vorbereitung-auf-die-grosere-gemeinschaft\/die-grose-herausforderung-die-auf-die-menschheit-wartet\/\">Die gro\u00dfe Herausforderung, die auf die Menschheit wartet<\/a><br \/>\n8 &#8211; <a href=\"https:\/\/www.neuebotschaft.org\/die-botschaft\/band-2\/vorbereitung-auf-die-grosere-gemeinschaft\/entwicklung-einer-perspektive-der-groseren-gemeinschaft\/\">Entwicklung einer Perspektive der Gr\u00f6\u00dferen Gemeinschaft<\/a><br \/>\n9 &#8211; <a href=\"https:\/\/www.newmessage.org\/de\/die-botschaft\/band-2\/vorbereitung-auf-die-grosere-gemeinschaft\/kenntnis-finden\/\">Kenntnis finden<\/a><br \/>\n10 &#8211; <a href=\"https:\/\/www.neuebotschaft.org\/die-botschaft\/band-2\/vorbereitung-auf-die-grosere-gemeinschaft\/starke-und-einfluss-in-der-mentalen-umgebung-erlangen\/\">St\u00e4rke und Einfluss in der Mentalen Umgebung erlangen<\/a><br \/>\n11 &#8211; <a href=\"https:\/\/www.neuebotschaft.org\/die-botschaft\/band-2\/vorbereitung-auf-die-grosere-gemeinschaft\/entwicklung-von-klarheit-und-urteilskraft\/\">Entwicklung von Klarheit und Urteilskraft<\/a><br \/>\n12 &#8211; <a href=\"https:\/\/www.newmessage.org\/de\/die-botschaft\/band-2\/vorbereitung-auf-die-grosere-gemeinschaft\/uberschreitung-der-grenzen-der-menschlichen-religion-und-des-glaubens\/\">\u00dcberschreitung der Grenzen der menschlichen Religion und des Glaubens<\/a><br \/>\n13 &#8211; <a href=\"https:\/\/www.newmessage.org\/de\/die-botschaft\/band-2\/vorbereitung-auf-die-grosere-gemeinschaft\/menschliche-reaktionen-auf-die-grosere-gemeinschaft\/\">Menschliche Reaktionen auf die Gr\u00f6\u00dfere Gemeinschaft<\/a><br \/>\n14 &#8211; <a href=\"https:\/\/www.newmessage.org\/de\/die-botschaft\/band-2\/vorbereitung-auf-die-grosere-gemeinschaft\/entwicklung-von-gewissheit-starke-und-weisheit\/\">Entwicklung von Gewissheit, St\u00e4rke und Weisheit<\/a><br \/>\n15 &#8211; <a href=\"https:\/\/www.newmessage.org\/de\/die-botschaft\/band-2\/vorbereitung-auf-die-grosere-gemeinschaft\/entwicklung-groserer-ehrlichkeit\/\">Entwicklung Gr\u00f6\u00dferer Ehrlichkeit<\/a><br \/>\n16 &#8211; <a href=\"https:\/\/www.newmessage.org\/de\/die-botschaft\/band-2\/vorbereitung-auf-die-grosere-gemeinschaft\/beziehungen-bestimmung-und-berufung\/\">Beziehungen, Bestimmung und Berufung<\/a><br \/>\n17 &#8211; <a href=\"https:\/\/www.newmessage.org\/de\/die-botschaft\/band-2\/vorbereitung-auf-die-grosere-gemeinschaft\/beginn-der-vorbereitung\/\">Beginn der Vorbereitung<\/a><\/p>\n<p><a href=\"https:\/\/www.newmessage.org\/de\/die-botschaft\/band-2\/vorbereitung-auf-die-grosere-gemeinschaft\/leitlinien-fur-die-vorbereitung-auf-die-grosere-gemeinschaft\/\">Leitlinien f\u00fcr die Vorbereitung auf die Gr\u00f6\u00dfere Gemeinschaft<\/a><\/p>\n<p><\/div><\/div>\n<p><\/div>\n<\/div>\n","protected":false},"excerpt":{"rendered":"<p>\u00dcber Band 2 Band Zwei der Neuen Botschaft von Gott enth\u00e4lt die tiefere spirituelle Traditiom im Herzen von Gottes Neuer Offenbarung f\u00fcr die Menschheit. Hierin sind die grundlegenden Texte der Theologie und Spiritualit\u00e4t von Gottes Neuer Botschaft enthalten. Dies schlie\u00dft die B\u00fccher der Neuen Botschaft Spiritualit\u00e4t der Gr\u00f6\u00dferen Gemeinschaft und Beziehungen und H\u00f6herer Zweck ein.\u2026 <a class=\"read-more\" href=\"https:\/\/www.v6.newmessage.org\/de\/more-about-the-volumes\/\"><span>Read More<\/span><\/a><\/p>\n","protected":false},"author":1,"featured_media":0,"parent":26942,"menu_order":7,"comment_status":"closed","ping_status":"closed","template":"template-leftsidebar.php","meta":{"_monsterinsights_skip_tracking":false,"_monsterinsights_sitenote_active":false,"_monsterinsights_sitenote_note":"","_monsterinsights_sitenote_category":0,"footnotes":""},"categories":[1,467],"tags":[643],"_links":{"self":[{"href":"https:\/\/www.v6.newmessage.org\/de\/wp-json\/wp\/v2\/pages\/16312"}],"collection":[{"href":"https:\/\/www.v6.newmessage.org\/de\/wp-json\/wp\/v2\/pages"}],"about":[{"href":"https:\/\/www.v6.newmessage.org\/de\/wp-json\/wp\/v2\/types\/page"}],"author":[{"embeddable":true,"href":"https:\/\/www.v6.newmessage.org\/de\/wp-json\/wp\/v2\/users\/1"}],"replies":[{"embeddable":true,"href":"https:\/\/www.v6.newmessage.org\/de\/wp-json\/wp\/v2\/comments?post=16312"}],"version-history":[{"count":72,"href":"https:\/\/www.v6.newmessage.org\/de\/wp-json\/wp\/v2\/pages\/16312\/revisions"}],"predecessor-version":[{"id":29211,"href":"https:\/\/www.v6.newmessage.org\/de\/wp-json\/wp\/v2\/pages\/16312\/revisions\/29211"}],"up":[{"embeddable":true,"href":"https:\/\/www.v6.newmessage.org\/de\/wp-json\/wp\/v2\/pages\/26942"}],"wp:attachment":[{"href":"https:\/\/www.v6.newmessage.org\/de\/wp-json\/wp\/v2\/media?parent=16312"}],"wp:term":[{"taxonomy":"category","embeddable":true,"href":"https:\/\/www.v6.newmessage.org\/de\/wp-json\/wp\/v2\/categories?post=16312"},{"taxonomy":"post_tag","embeddable":true,"href":"https:\/\/www.v6.newmessage.org\/de\/wp-json\/wp\/v2\/tags?post=16312"}],"curies":[{"name":"wp","href":"https:\/\/api.w.org\/{rel}","templated":true}]}}