{"id":16297,"date":"2014-10-25T22:08:36","date_gmt":"2014-10-25T22:08:36","guid":{"rendered":"http:\/\/www.newmessage.org\/?page_id=16297"},"modified":"2019-06-26T03:25:45","modified_gmt":"2019-06-26T03:25:45","slug":"der-eine-gott","status":"publish","type":"page","link":"https:\/\/www.v6.newmessage.org\/de\/die-botschaft\/band-1\/der-eine-gott\/","title":{"rendered":"Der Eine Gott"},"content":{"rendered":"<p><img loading=\"lazy\" decoding=\"async\" width=\"200\" height=\"300\" class=\"size-medium wp-image-27966 imgborder alignright\" src=\"https:\/\/www.newmessage.org\/german-international\/wp-content\/uploads\/sites\/48\/2014\/10\/TOG_v.7.0_ebook-cover-1-400x600-200x300.jpg\" alt=\"\" srcset=\"https:\/\/www.v6.newmessage.org\/de\/wp-content\/uploads\/sites\/48\/2014\/10\/TOG_v.7.0_ebook-cover-1-400x600-200x300.jpg 200w, https:\/\/www.v6.newmessage.org\/de\/wp-content\/uploads\/sites\/48\/2014\/10\/TOG_v.7.0_ebook-cover-1-400x600.jpg 400w\" sizes=\"(max-width: 200px) 100vw, 200px\" \/>Der Eine Gott\u00a0ist ein Buch der Offenbarung, das ein neues Verst\u00e4ndnis der Art und der Realit\u00e4t von Gott sowie Gottes Plan und Zweck in der Welt und in der Gr\u00f6\u00dferen Gemeinschaft des Lebens im Universum stellt. Hier beginnt das n\u00e4chste Kapitel in der fortschreitenden Offenbarung von Gottes Pr\u00e4senz und Willen f\u00fcr die Menschheit.<\/p>\n<p>\u00dcber die gro\u00dfen Boten und Lehren der Vergangenheit ist diese laufende Offenbarung im Laufe der Zeit gestr\u00f6mt und hat unser Verst\u00e4ndnis von dem Einen Gott und der Wiedererweckung unserer pers\u00f6nlichen Beziehung zu der G\u00f6ttlichen Pr\u00e4senz in unserem Leben vorangebracht. Nun setzt sich diese laufende Offenbarung erneut durch eine Neue Botschaft von Gott fort.<\/p>\n<p>Das Wort und der Ton sind nun in der Welt. Jedes Kapitel von\u00a0Der Eine Gott\u00a0ist eine Offenbarung, die gegeben wurde, um eine neue Lehre von der Quelle unseres Lebens und unserem Zweck, weshalb wir zu dieser Zeit in der Welt sind, zu stellen. Jedes Kapitel \u00f6ffnet vor euch einen neuen Aussichtspunkt, von dem aus ihr in das Herz Gottes blicken k\u00f6nnt, zur\u00fcck zu den Urspr\u00fcngen des Universums und vorw\u00e4rts auf den sich entfaltenden Plan Gottes f\u00fcr diese Zeit und f\u00fcr die kommenden Zeiten vor uns.<\/p>\n<p>Jedes Kapitel von \u00a0Der Eine Gott\u00a0ist eine Offenbarung, die von der Quelle gegeben wird, zusammengestellt vom Boten Marshall Vian Summers zu diesem Text.<\/p>\n<p><em>Der Eine Gott ist das zweite Buch von <a href=\"https:\/\/neuebotschaft.org\/die-botschaft\/band-1\/\">Band 1<\/a> der Neuen Botschaft von Gott.<\/em><\/p>\n<p><!-- [toggle type=\"white\" title=\"More about the volumes of the New Message from God\" active=\"\"] [insert page='more-about-the-volumes' display='content'] [\/toggle] --><\/p>\n<div class=\"background-color-bridesmaid padding-20\">\n<h2 style=\"text-align: left;\"><span style=\"color: #525252;\">Inhaltsverzeichnis<\/span><\/h2>\n<p>Einleitung<\/p>\n<p>Kapitel 1:\u00a0<a href=\"https:\/\/www.newmessage.org\/de\/die-botschaft\/band-1\/der-eine-gott\/gott-verstehen\/\">Gott verstehen<\/a><\/p>\n<p>Kapitel 2:\u00a0 <a href=\"https:\/\/www.newmessage.org\/de\/die-botschaft\/band-1\/der-eine-gott\/der-neue-gott\/\">Der Neue Gott<\/a><\/p>\n<p>Kapitel 3: <a href=\"https:\/\/www.newmessage.org\/de\/die-botschaft\/band-1\/der-eine-gott\/der-ursprung\/\">Der Ursprung<\/a><\/p>\n<p>Kapitel 4:\u00a0<a href=\"https:\/\/www.newmessage.org\/de\/die-botschaft\/band-1\/der-eine-gott\/die-trennung\/\">Die Trennung<\/a><\/p>\n<p>Kapitel 5:\u00a0<a href=\"https:\/\/www.newmessage.org\/de\/die-botschaft\/band-1\/der-eine-gott\/was-ist-schopfung\/\">Was ist Sch\u00f6pfung<\/a><\/p>\n<p>Kapitel 6:\u00a0<a href=\"https:\/\/www.newmessage.org\/de\/die-botschaft\/band-1\/der-eine-gott\/die-seele\/\">Die Seele<\/a><\/p>\n<p>Kapitel 7:\u00a0<a href=\"https:\/\/www.newmessage.org\/de\/die-botschaft\/band-1\/der-eine-gott\/was-erzeugt-das-bose\/\">Was erzeugt das B\u00f6se<\/a><\/p>\n<p>Kapitel 8:\u00a0<a href=\"https:\/\/www.newmessage.org\/de\/die-botschaft\/band-1\/der-eine-gott\/die-erlosung\/\">Die Erl\u00f6sung<\/a><\/p>\n<p>Kapitel 9:\u00a0<a href=\"https:\/\/www.newmessage.org\/de\/die-botschaft\/band-1\/der-eine-gott\/gott-kenntnis-und-die-engelsprasenz\">Gott, Kenntnis und die Engelspr\u00e4senz<\/a><\/p>\n<p>Kapitel 10:\u00a0<a href=\"https:\/\/www.newmessage.org\/de\/die-botschaft\/band-1\/der-eine-gott\/wie-gott-zur-welt-spricht\/\">Wie Gott zur Welt spricht<\/a><\/p>\n<p>Kapitel 11:\u00a0<a href=\"https:\/\/www.newmessage.org\/de\/die-botschaft\/band-1\/der-eine-gott\/gottes-plan-ist-es-jeden-zu-retten\/\">Es ist Gottes Plan, jeden zu retten<\/a><\/p>\n<p>Kapitel 12:\u00a0<a href=\"https:\/\/www.newmessage.org\/de\/die-botschaft\/band-1\/der-eine-gott\/das-herz-gottes\/\">Das Herz Gottes<\/a><\/p>\n<\/div>\n","protected":false},"excerpt":{"rendered":"<p>Der Eine Gott\u00a0ist ein Buch der Offenbarung, das ein neues Verst\u00e4ndnis der Art und der Realit\u00e4t von Gott sowie Gottes Plan und Zweck in der Welt und in der Gr\u00f6\u00dferen Gemeinschaft des Lebens im Universum stellt. Hier beginnt das n\u00e4chste Kapitel in der fortschreitenden Offenbarung von Gottes Pr\u00e4senz und Willen f\u00fcr die Menschheit. \u00dcber die\u2026 <a class=\"read-more\" href=\"https:\/\/www.v6.newmessage.org\/de\/die-botschaft\/band-1\/der-eine-gott\/\"><span>Read More<\/span><\/a><\/p>\n","protected":false},"author":1,"featured_media":0,"parent":16287,"menu_order":2,"comment_status":"closed","ping_status":"closed","template":"template-leftsidebar.php","meta":{"_monsterinsights_skip_tracking":false,"_monsterinsights_sitenote_active":false,"_monsterinsights_sitenote_note":"","_monsterinsights_sitenote_category":0,"footnotes":""},"categories":[379,460],"tags":[605],"_links":{"self":[{"href":"https:\/\/www.v6.newmessage.org\/de\/wp-json\/wp\/v2\/pages\/16297"}],"collection":[{"href":"https:\/\/www.v6.newmessage.org\/de\/wp-json\/wp\/v2\/pages"}],"about":[{"href":"https:\/\/www.v6.newmessage.org\/de\/wp-json\/wp\/v2\/types\/page"}],"author":[{"embeddable":true,"href":"https:\/\/www.v6.newmessage.org\/de\/wp-json\/wp\/v2\/users\/1"}],"replies":[{"embeddable":true,"href":"https:\/\/www.v6.newmessage.org\/de\/wp-json\/wp\/v2\/comments?post=16297"}],"version-history":[{"count":77,"href":"https:\/\/www.v6.newmessage.org\/de\/wp-json\/wp\/v2\/pages\/16297\/revisions"}],"predecessor-version":[{"id":28652,"href":"https:\/\/www.v6.newmessage.org\/de\/wp-json\/wp\/v2\/pages\/16297\/revisions\/28652"}],"up":[{"embeddable":true,"href":"https:\/\/www.v6.newmessage.org\/de\/wp-json\/wp\/v2\/pages\/16287"}],"wp:attachment":[{"href":"https:\/\/www.v6.newmessage.org\/de\/wp-json\/wp\/v2\/media?parent=16297"}],"wp:term":[{"taxonomy":"category","embeddable":true,"href":"https:\/\/www.v6.newmessage.org\/de\/wp-json\/wp\/v2\/categories?post=16297"},{"taxonomy":"post_tag","embeddable":true,"href":"https:\/\/www.v6.newmessage.org\/de\/wp-json\/wp\/v2\/tags?post=16297"}],"curies":[{"name":"wp","href":"https:\/\/api.w.org\/{rel}","templated":true}]}}