{"id":15201,"date":"2014-09-01T23:58:17","date_gmt":"2014-09-01T23:58:17","guid":{"rendered":"http:\/\/www.newmessage.org\/?page_id=15201"},"modified":"2017-05-21T01:01:02","modified_gmt":"2017-05-21T01:01:02","slug":"konfrontation-mit-der-groseren-gemeinschaft-des-lebens","status":"publish","type":"page","link":"https:\/\/www.v6.newmessage.org\/de\/die-botschaft\/band-4\/leben-im-universum\/konfrontation-mit-der-groseren-gemeinschaft-des-lebens\/","title":{"rendered":"Konfrontation mit der Gr\u00f6\u00dferen Gemeinschaft des Lebens"},"content":{"rendered":"<div><!-- 4.0 --><\/div>\n\n<div class=\"tabgroup \"><ul class=\"tabs\"><li><a href=\"#tabs-1\">\u00dcber<\/a><\/li>\n<li><a href=\"#tabs-2\">Buch<\/a><\/li><\/ul>\n <div id=\"tabs-1\"><\/p>\n<p class=\"revelation_details\"><em>Wie offenbart<br \/>\nMarshall Vian Summers<br \/>\nam 11.  June 2008 &#8211;<br \/>\nin USA<\/em><\/p>\n<div class=\"toggle toggle-white\"><h4 class=\"trigger \"><span class=\"t_ico\"><\/span><a href=\"#\">\u00dcber diesen Text<\/a><\/h4><div class=\"toggle_container \"><br \/>\n<p>Was du in diesem Text liest, ist die Transkription der Originalstimme des <a href=\"https:\/\/www.newmessage.org\/de\/wichtige-begriffe#aa\">Engelsrates<\/a>, wie sie \u00fcber den <a href=\"http:\/\/www.neuebotschaft.org\/der-bote\/\">Boten Marshall Vian Summers<\/a> sprach.<\/p>\n<p>Hierbei wird die originale Kommunikation von Gott, die jenseits von Worten existiert, vom <a href=\"https:\/\/www.newmessage.org\/de\/wichtige-begriffe#aa\">Engelsrat<\/a>, der \u00fcber die Welt wacht, in menschliche Sprache und menschliches Verst\u00e4ndnis \u00fcbersetzt. Der Rat bringt dann Gottes Botschaft \u00fcber den Boten dar, woraufhin sie transkribiert und euch und allen Menschen verf\u00fcgbar gemacht wird.<\/p>\n<p>In diesem bemerkenswerten Prozess spricht die <a href=\"https:\/\/www.newmessage.org\/de\/wichtige-begriffe#voice\">Stimme der Offenbarung<\/a> erneut. Das Wort und der Klang sind in der Welt. M\u00f6gest du der Empf\u00e4nger dieses Geschenks der Offenbarung sein und m\u00f6gest du offen sein, ihre einmalige Botschaft f\u00fcr dich und f\u00fcr dein Leben zu empfangen.<\/p>\n<br \/>\n<\/div><\/div>\n<p><\/div>\n<div id=\"tabs-2\"><\/p>\n<div class=\"panel-10 text-align-center\"><img loading=\"lazy\" decoding=\"async\" title=\"Life In The Universe\" src=\"\/\/www.newmessage.org\/nm\/wp-content\/uploads\/2012\/04\/LIU-ebook-cover3-198x300.jpg\" alt=\"Life In The Universe\" width=\"198\" height=\"300\" \/><\/div>\n<div class=\"text-align-center text font-size-12 margin-top-10\">Band 4 &gt; Leben im Universum &gt; Kapitel 1<\/div>\n<p><\/div>\n\t\t\t\t<div align=\"right\">\n\t\t\t<div class=\"fb-like\" data-href=\"\" data-layout=\"button_count\" data-action=\"like\" data-show-faces=\"false\" data-share=\"false\"><\/div>\n\t\t\t<div class=\"fb-share-button\" data-layout=\"button_count\"> <\/div>\n\t\t\t<div class=\"fb_iframe_widget\"><a href=\"https:\/\/twitter.com\/godsnewmessage?ref_src=twsrc%5Etfw\" class=\"twitter-follow-button\" data-show-count=\"false\">Follow @godsnewmessage<\/a><script async src=\"https:\/\/platform.twitter.com\/widgets.js\" charset=\"utf-8\"><\/script><\/div>\n\t\t\t<\/div> <\/div> \n\n<p><i>In der Gr\u00f6\u00dferen Gemeinschaft seid ihr Anf\u00e4nger.<\/i><\/p>\n<p>Ihr lebt in einer Gr\u00f6\u00dferen Gemeinschaft intelligenten Lebens im Universum. Sie ist  riesig und umfasst das gesamte Spektrum der Entwicklung\u2014der Entwicklung der Technik, der Entwicklung der Gesellschaften und der Entwicklung des spirituellen Bewusstseins und der Ethik. Sie ist riesig und unfassbar. Es ist eine gr\u00f6\u00dfere Umgebung, in der die Menschheit nun hervortritt. Die Menschheit tritt in der Umgebung vorher, nicht aufgrund ihrer kurzen Streifz\u00fcgen in ihrem \u00f6rtlichen Sonnensystem, sondern durch Besuche, die nun auf der Welt stattfinden und die in Zukunft zunehmen werden.<\/p>\n<p>Diese gr\u00f6\u00dfere Umgebung, in der sie hervortritt, ist eine physische Realit\u00e4t, gesteuert von physikalischen Gesetzen, den Gesetzen der Natur, derer ihr euch bewusst seid. K\u00fcmmert euch hier nicht um die M\u00f6glichkeiten anderer Dimensionen, denn die braucht ihr nicht und sie sind nicht eure Angelegenheit. Es ist diese gr\u00f6\u00dfere Realit\u00e4t, in der die Menschheit immer gelebt hat und in der eure Welt immer existiert hat, die jetzt das Zentrum eurer Aufmerksamkeit werden muss.<\/p>\n<p>Viele Leute haben \u00fcber die M\u00f6glichkeiten von Leben in der Gr\u00f6\u00dferen Gemeinschaft spekuliert, wie es aussehen k\u00f6nnte und wie sich Leben in hochentwickelten L\u00e4ndern und Gesellschaften entwickeln w\u00fcrde. Heute wie in der Vergangenheit projizieren die Menschen ihre Hoffnungen und W\u00fcnsche auf die Bedeutung des Lebens jenseits der Welt in der Hoffnung, dass andere Rassen aufgekl\u00e4rter, fortgeschrittener und h\u00f6her entwickelt sein werden als die menschliche Familie jemals war und nun ist. Und nat\u00fcrlich werden viele \u00c4ngste in diese gr\u00f6\u00dfere Arena des Lebens projiziert\u2014\u00c4ngste von schrecklichen Ungeheuern, schrecklichen erobernden Nationen, Zerst\u00f6rung, Angriff und so weiter.<\/p>\n<p>Doch wie immer ist die Wirklichkeit ganz anders als die Erwartung. Die Wirklichkeit, in der sie hervortritt, ist der Kern dieser Reihe von Aufs\u00e4tzen\u2014eine Wirklichkeit, die ihr aus eurer eigenen Lebenserfahrung in der nat\u00fcrlichen Welt und aus eurer Lebenserfahrung innerhalb der Evolution der menschlichen Gesellschaft verstehen k\u00f6nnt.<\/p>\n<p>Der gro\u00dfe Unterschied ist nat\u00fcrlich die Komplexit\u00e4t und das riesige Ausma\u00df dieser Gr\u00f6\u00dferen Gemeinschaft sowie der Umstand, dass sie von Rassen von Lebewesen bewohnt ist, die sehr verschieden von der Menschheit sind, nicht nur verschieden in Form und Aussehen, sondern auch verschieden in Intelligenz und Bewusstsein und verschieden in Ethik und Werten.<\/p>\n<p>Damit ist schwer umzugehen, und hier ist der Punkt, wo eure Hoffnungen und \u00c4ngste entstehen k\u00f6nnen. Aber ihr m\u00fcsst erkennen, dass die Menschheit nun einen Punkt in der Entwicklung und eine Schwelle erreicht hat, in der sie mit den Gro\u00dfen Wellen des Wandels der Ver\u00e4nderung der Umwelt und den Problemen auf der Welt konfrontiert wird. Hier erlangt eure Begegnung mit intelligentem Leben aus der Gr\u00f6\u00dferen Gemeinschaft und der Realit\u00e4t der Gr\u00f6\u00dferen Gemeinschaft immer mehr Bedeutung und wird zentral f\u00fcr euer Wohlbefinden und die Art von Zukunft, die ihr zu schaffen in der Lage sein werdet.<\/p>\n<p>Es findet hier eine sehr gro\u00dfe Verlagerung statt, eine sehr gro\u00dfe Verlagerung von einer menschlich zentrierten Welt zur Realit\u00e4t der Gr\u00f6\u00dferen Gemeinschaft. Denn ihr habt in Isolation gelebt und habt euch so sehr lange in Isolation entwickelt, bei nur ganz gelegentlichen und gr\u00f6\u00dftenteils unbemerkten Besuchen auf der Welt von verschiedenen Rassen in der Vergangenheit. Daher projiziert ihr eure Werte nat\u00fcrlich auf die Aussicht und den Begriff intelligenten Lebens im Universum. Infolgedessen glauben einige Leute inbr\u00fcnstig, dass das Universum von menschlichen Wesen bewohnt ist, die sich jenseits von Konflikt und T\u00e4uschung entwickelt haben und dass die Werte, die ihr hier sch\u00e4tzt oder die ihr anstrebt, universeller Art sind. Der Umstand, dass dies nicht stimmt und dass dies ein gef\u00e4hrliches System von Annahmen und Vorstellungen ist, ist etwas, dem ihr euch zu Beginn stellen m\u00fcsst.<\/p>\n<p>Das einzige Problem ist, dass ihr innerhalb dieser Gr\u00f6\u00dferen Gemeinschaft nicht herausragend seid, obwohl ihr innerhalb eurer eigenen Welt einen herausragenden Platz einnehmt. Innerhalb der Gr\u00f6\u00dferen Gemeinschaft seid ihr nur Anf\u00e4nger. Ihr steht am Beginn eurer Entwicklung, seid unwissend und verf\u00fcgt \u00fcber Annahmen und Ansichten, die nicht stimmen. Ihr habt gro\u00dfe Nachteile und seid verletzlich gegen\u00fcber \u00dcberredung und T\u00e4uschung seitens verschiedener Rassen sowohl in Zukunft als auch seitens jener, die euch derzeit besuchen. Eure Isolierung gibt euch eine Naivit\u00e4t und hat euch nicht auf Herausforderungen und Gelegenheiten vorbereitet, die die Gr\u00f6\u00dfere Gemeinschaft selbst pr\u00e4sentieren wird.<\/p>\n<p>Es gibt niemand auf der Welt, der euch \u00fcber die Wirklichkeit und die Spiritualit\u00e4t im Universum aufkl\u00e4ren k\u00f6nnte. Es gibt niemand, der dieses Bewusstsein und diese Erfahrung hat. Infolgedessen muss diese Kommunikation und Erziehung von Gott kommen und in zweiter Linie von jenen wenigen Rassen, die sich eurer Existenz bewusst sind, die euer Hervortreten als eine freie, selbstbestimmte Rasse unterst\u00fctzen werden und die von Gott angerufen sind, euch bei dieser ganz grundlegenden und notwendigen Erziehung behilflich zu sein.<\/p>\n<p>Ihr habt Verb\u00fcndete im Universum, obwohl sie nicht eure Welt besuchen, denn die Menschheit ist nicht bereit, Beziehungen zu anderen Nationen im Universum aufzunehmen. Die Menschheit hat nicht die Reife und ist nicht vereint, stark genug oder diskret genug, um bedeutungsvolle und vorteilhafte Beziehungen mit irgendeiner Rasse im Universum aufzunehmen.<\/p>\n<p>Dies ist nicht die Zeit, in der ein Kontakt erforderlich ist. Es ist die Zeit, in der die Vorbereitung auf einen Kontakt erforderlich ist. Und dieser Kontakt wird viel Zeit in Anspruch nehmen. Er wird Zeit in Anspruch nehmen, da eine Erziehung von dieser Gr\u00f6\u00dfenordnung nicht schnell erfolgt. Viele Leute werden ihr Widerstand leisten, sie leugnen oder sie vermeiden. Diese Erziehung wird nicht schnell erfolgen, da sich die Menschheit nun zunehmend mit den Gro\u00dfen Wellen des Wandels befassen muss, die auf die Welt zukommen und die bereits hier angekommen sind\u2014Sch\u00e4digung der Umwelt, die Ersch\u00f6pfung eurer grundlegenden Ressourcen, die mangelnde Lebensmittelerzeugung, die Wasserknappheit, die dramatischen Auswirkungen eines sich \u00e4ndernden Klimas und einer sich aufheizenden Welt und das st\u00e4ndig zunehmende Risiko des Wettbewerbs, des Konflikts und des Krieges zwischen Gruppen und Nationen \u00fcber den Zugang zu den restlichen Ressourcen.<\/p>\n<p>Dies wird ein dominierender Faktor f\u00fcr die Durchschnittspersonen \u00fcberall auf der Welt und auch f\u00fcr Nationen und Regierungen. Um jedoch diesen immensen und noch nie dagewesenen Herausforderungen zu begegnen, braucht ihr Kenntnis und Weisheit von jenseits der Welt. Hier ist es nicht so sehr die Technologie, die ihr ben\u00f6tigt, als vielmehr der Wille und das Engagement, sich f\u00fcr die Erhaltung dieser Welt als eine bewohnbare Umgebung f\u00fcr die Menschheit zusammenzuschlie\u00dfen und eure endlosen Konflikte zu beenden, um euch auf den Kontakt mit intelligenten Rassen im Universum vorzubereiten, von denen viele nicht hier sind, um euch zu unterst\u00fctzen.<\/p>\n<p>Die Begegnung der Gro\u00dfen Wellen des Wandels, die Herstellung der n\u00f6tigen menschlichen Zusammenarbeit und die Beendigung des menschlichen Konflikts stellen zusammen mit der Vorbereitung auf die Gr\u00f6\u00dfere Gemeinschaft die gro\u00dfen und grundlegenden Bed\u00fcrfnisse der Menschheit dar. Wenn diese gro\u00dfen Bed\u00fcrfnisse nicht ausreichend erkannt und angesprochen werden, dann wird sich alles andere, das ihr zu eurem Vorteil zu schaffen versucht, sei es auf pers\u00f6nlicher Ebene  oder zum Vorteil der Menschheit, als unzureichend erweisen und gro\u00dfe Belastungen werden auf die Welt zukommen.<\/p>\n<p>Eure Unterweisung in die Gr\u00f6\u00dfere Gemeinschaft muss von Gott kommen. Sie muss von Gott kommen, um rein und ganz zu eurem Vorteil zu sein. Und sie muss von Gott kommen, denn nur Gott kennt die Natur, die Realit\u00e4t und den Zweck der menschlichen Familie vollst\u00e4ndig. Keine au\u00dferirdische Macht oder Rasse k\u00f6nnte das wirklich wissen, sogar wenn sie euer Verhalten und eure \u00dcbertragungen untersucht haben sollten. Die Kommunikation muss von Gott kommen und genau das ist es, was jetzt geschieht.<\/p>\n<p>Die Aufs\u00e4tze, die du gerade \u00fcber die Realit\u00e4t und die Spiritualit\u00e4t der Gr\u00f6\u00dferen Gemeinschaft liest, kommen von Gott, denn es gibt niemand auf der Welt, der die Dinge wissen k\u00f6nnte, die hier vorgestellt werden. Und es gibt keine au\u00dferirdische Macht im Universum, die genau und in kompletter Kenntnis der menschlichen Natur, ihres Zwecks und ihrer Wirklichkeit mitteilen k\u00f6nnte, was die Menschheit wirklich braucht.<\/p>\n<p>Akzeptiere daher, dass Gott eine Neue Botschaft in die Welt gesandt hat, um die Menschheit auf die Konfrontation mit den Gro\u00dfen Wellen des Wandels vorzubereiten, die auf die Welt zukommen, sowie auf die Realit\u00e4t und Spiritualit\u00e4t des Lebens im Universum und aller ihrer Schwierigkeiten und verborgenen Chancen. Dies ist eine Unterweisung, die ihr euch nicht selbst geben k\u00f6nnt. Es ist eine Unterweisung, die ihr in keiner Universit\u00e4t und keinem Lernzentrum auf der Welt erhalten k\u00f6nnt. Es ist eine Mitteilung, der ihr mit ganzem Herzen und Verstand zuh\u00f6ren musst.<\/p>\n<p>Dein Verstand wird durch Vieles, was hier pr\u00e4sentiert wird, verwirrt und viele eurer Vorstellungen werden herausgefordert und als falsch oder unangemessen bewiesen. Dein Verstand kann diese gro\u00dfe Lehre und Vorbereitung zur\u00fcckweisen. Er kann aus rationalen und irrationale Gr\u00fcnden widersprechen, denn dein Verstand kennt nicht den Verstand Gottes. Dein Verstand hat nur feste Vorstellungen \u00fcber das Leben im Universum. Doch er hat das Leben im Universum noch nicht erfahren.<\/p>\n<p>Deshalb musst du diese Lehre und Unterweisung \u00fcber die Realit\u00e4t und Spiritualit\u00e4t der Gr\u00f6\u00dferen Gemeinschaft mit deinem Herz und deinem Verstand erhalten. Dein Verstand wird gegen die hier vorgestellten Ideen und Perspektiven ank\u00e4mpfen, aber dein Herz wird es wissen. Du wirst es wissen, denn Gott spricht zu dir, unterrichtet dich und bereitet dich vor. Durch diese Unterrichtung und Vorbereitung gibt Gott dir gr\u00f6\u00dfere Kraft, gr\u00f6\u00dfere Sicherheit und einen gr\u00f6\u00dferen Schutz, die ihr brauchen werdet, um den Herausforderungen in eurer eigenen Welt zu begegnen, sowie den Herausforderungen, die sicher jenseits von ihr bestehen.<\/p>\n<p>Viele Leute beanspruchen, Kenntnis vom Universum zu haben, aber wie k\u00f6nnen sie es wissen? Sie sind auf der Oberfl\u00e4che dieser einen Welt gefangen\u2014sie glauben, hoffen und spekulieren, sie versuchen, vergangene Offenbarungen und Prophezeiungen  zu verstehen oder versuchen, ihr Verst\u00e4ndnis in das Reich jenseits ihrer Erfahrung oder ihres Bewusstseins zu projizieren. Komplizierte Theorien k\u00f6nnen begr\u00fcndet werden.  Es kann versucht werden, Prophezeiungen aus der Vergangenheit in heutigen Zeiten zu erf\u00fcllen. Aber diese m\u00fcssen sich alle als unangemessen erweisen, denn die Menschheit ist ohne Erziehung in Bezug auf das gr\u00f6\u00dfere Universum, in dem ihr existiert und mit dem ihr zunehmend jetzt und in Zukunft konfrontiert werdet.<\/p>\n<p>Es ist daher weise, eure Beschr\u00e4nkungen zu akzeptieren. Es ist weise, sich selbst in eine Position des Sch\u00fclers, Zuh\u00f6rers und Lernenden zu begeben, so dass ihr die Offenbarungen vollst\u00e4ndig erhalten k\u00f6nnt, die hier vorgestellt werden\u2014die Offenbarungen, die sich aus einer Neuen Botschaft f\u00fcr die Menschheit ergeben, Offenbarungen, die der Menschheit einen Weg nach vorne in eine sehr schwierige und ungewisse Zukunft zeigen.<\/p>\n<p>Jene, die diese Herausforderung erhalten und annehmen, \u00fcber die Kenntnis und Weisheit in der Gr\u00f6\u00dferen Gemeinschaft zu erfahren, werden die gro\u00dfen Nutznie\u00dfer sein, nicht nur f\u00fcr sich pers\u00f6nlich, sondern f\u00fcr die gesamte menschliche Familie. Sie werden diejenigen sein, die in der Lage sind, andere zu unterweisen und vorzubereiten. Dies erfordert Vision, Mut und gro\u00dfe Objektivit\u00e4t, denn diese Unterweisung muss durch und jenseits eurer Hoffnungen und eurer \u00c4ngste sprechen. Denn nur sie k\u00f6nnen die Sicht tr\u00fcben, die ihr nun haben musst.<\/p>\n<p>Akzeptiere, dass du nicht wei\u00dft, wie das Leben im Universum ist, wie es besteht, wie es untereinander interagiert, was in Bezug auf Besuche eurer Welt zu erwarten ist und wie die Besuche zu verstehen sind, die bereits stattgefunden haben. Diese Beschr\u00e4nkung zu akzeptieren, bietet dir die gr\u00f6\u00dfte Gelegenheit und M\u00f6glichkeit, jenseits deiner gegenw\u00e4rtigen Grenzen zu schauen, \u00fcber die Grenzen dieser Welt zu blicken und \u00fcber die Einschr\u00e4nkungen menschlicher Interaktion hinweg zu schauen. Denn nun wirst du es mit Interaktionen einer sehr anderen Art zu tun haben, mit Intelligenzen, die ganz anderer Art sind, die anders denken , und ausgehend von v\u00f6llig anderen Annahmen \u00fcber das Leben funktionieren als du oder die Menschheit insgesamt.<\/p>\n<p>Dies ist eine Vorbereitung, die den ganzen Unterschied bei der Bestimmung ausmachen wird, ob die ersten Kontakte der Menschheit mit Leben im Universum nutzbringend oder sch\u00e4dlich sein werden. Viel Weisheit muss hier eingesetzt werden, denn ihr seid die Verwalter eines wunderbaren Planeten, der von anderen hoch gesch\u00e4tzt wird. Aber ihr seid schwache Verwalter und ihr seid miteinander in Konflikt. Und ihr beutet den Reichtum dieser Welt schnell aus, die so selten und so wertvoll in einem Universum von kargen Planeten ist.<\/p>\n<p>Ihr seht noch nicht eure Verletzlichkeit hier, noch die Bedeutung, diese Welt aufrecht zu erhalten, eure Autarkie aufrecht zu erhalten, das Weltklima aufrecht zu erhalten und ihr nat\u00fcrliches Gleichgewicht aufrecht zu erhalten. Glaube nicht, dass du in eine andere Welt reisen kannst und Orte wie diesen finden wirst. Sie sind sehr selten und sie sind immer besetzt. Dieses Verst\u00e4ndnis gibt dir einen gr\u00f6\u00dferen Sinn von Verantwortung, denn deine wirkliche Erziehung musst du stets mit einem gr\u00f6\u00dferen Verantwortungsbewusstsein erbringen\u2014nicht nur die Verantwortung zu lernen, sondern auch zu handeln und zu dienen.<\/p>\n<p>Die Menschheit befindet sich nun auf einem r\u00fccksichtslosen Kurs. Sie zerst\u00f6rt ihre Autarkie auf der Welt. Sie gef\u00e4hrdet das nat\u00fcrliche Gleichgewicht, das der Menschheit eine so sch\u00f6ne und gro\u00dfartige Welt gegeben hat, um sich zu entwickeln und dort zu leben. Dies ist gef\u00e4hrlich, nicht nur f\u00fcr eure Zukunft auf dieser Welt, sondern auch in Bezug auf eure Beziehungen mit anderen Rassen im Universum.<\/p>\n<p>Durch diese Aufsatzreihe, die vor dir liegt, wirst du in der Lage sein, dar\u00fcber zu erfahren, ihre Implikationen zu sehen und diese Realit\u00e4t zu verstehen, um ein wirkliches Verst\u00e4ndnis davon zu erlangen. Diese Erkenntnis des Lebens im Universum ist m\u00f6glich, da du mit einem Bewusstsein der Gr\u00f6\u00dferen Gemeinschaft geboren wurdest. Dieses Bewusstsein gibt dir die M\u00f6glichkeit, bestimmte Realit\u00e4ten \u00fcber das Leben jenseits dieser Welt nachzuempfinden und zu erkennen. Dies ist eine Erkenntnis, die weit \u00fcber deinen Intellekt, deinen denkenden Verstand hinausgeht, der durch kulturelle Konditionierung und deine weltliche Erziehung gepr\u00e4gt ist.<\/p>\n<p>Zu erkennen, dass du eine Verbindung zum Leben im Universum hast, ist hier sehr wichtig, wird Teil der Erkundung innerhalb dieser Aufs\u00e4tze. Ohne diese tiefere Verbindung w\u00e4re das Universum zu be\u00e4ngstigend, zu gewaltig, zu kompliziert, zu schwierig und zu bedrohlich. Es w\u00fcrde nur Unsicherheit und Verwirrung f\u00fcr dich erzeugen. Aber das Sprechen mit dem tieferen Teil von dir bef\u00e4higt dich, Erkenntnis und einen Sinn f\u00fcr deine Bestimmung innerhalb der Gr\u00f6\u00dferen Gemeinschaft zu erlangen. Denn ohne R\u00fccksicht auf die Schwierigkeiten, auf die ihr in eurer eigenen Welt trefft und die Schwierigkeiten bei der Aufnahme angemessener und weiser Kontakte mit Rassen jenseits eurer Welt gibt es die grundlegende Realit\u00e4t, dass die menschliche Familie eine Bestimmung im Weltraum hat. Ihr habt die Bestimmung, Kontakte mit anderen Rassen aufzunehmen, eine wachsende Bestimmung, und mit der angemessenen Unterweisung und dem entsprechenden Verst\u00e4ndnis und mit der euch eigenen nativen Weisheit die M\u00f6glichkeit, eine freie und selbstbestimmte Rasse in einem weiten und schwierigen Universum zu sein.<\/p>\n<p>Nehme diese Herausforderung an, anzuerkennen, dass es etwas in dir gibt, das dir die F\u00e4higkeit verleiht, auf die Offenbarungen zu reagieren, die hier gegeben werden. Diese F\u00e4higkeit existiert jenseits deines Intellekts, jenseits deiner Vorstellungen, jenseits deiner festen Ansichten und jenseits dessen, was du in der Welt gelernt hast. Es ist mysteri\u00f6s, da es von Gott kommt. Es kommt von einer Gr\u00f6\u00dferen Realit\u00e4t, von der du ein Teil bist.<\/p>\n<p>Nicht jeder wird in der Lage sein, dies zu sehen und dies zu wissen. Und sogar von Anfang an ist es wichtig, dass du akzeptierst, dass viele Leute, sogar jene, die dir nahe stehen, dies nicht sehen und nicht wissen k\u00f6nnen und nicht auf diese Vorbereitung f\u00fcr die Gr\u00f6\u00dfere Gemeinschaft reagieren k\u00f6nnen. Aber das ist in Ordnung. Es ist nun an dem ersten, zu reagieren. Wenn du zu den ersten geh\u00f6rst, die reagieren und zu den ersten, die wahrhaftig \u00fcber das Leben im Universum angeleitet werden, dann musst du diese Herausforderung annehmen\u2014sogar wenn andere nicht reagieren, sogar wenn andere \u00e4ngstlich oder skeptisch sind, sogar, wenn sich andere abwenden.<\/p>\n<p>Nicht jeder ist an derselben Stelle in seiner Entwicklung, Erziehung und seinem Bewusstsein. Glaube daher nicht, dass jeder reagiert. Eine h\u00f6here Ausbildung ist derzeit nicht f\u00fcr jeden, und dies muss gewiss eine h\u00f6here Ausbildung darstellen.<\/p>\n<p>Bereite dich daher vor, zu empfangen. Und wenn du Dinge h\u00f6rst, die du nicht verstehst, dann sei geduldig, denn im Verlauf dieser Offenbarungen werden wir Dinge sehr oft wiederholen und Dinge auf verschiedene Weise beschreiben, um dir die gr\u00f6\u00dfte Gelegenheit zu geben, die immense Umgebung des Lebens zu sehen, zu kennen und anzuerkennen, die jenseits eurer Grenzen und von dem besteht, von dem du immer ein Teil gewesen bist.<\/p>\n","protected":false},"excerpt":{"rendered":"<p>In der Gr\u00f6\u00dferen Gemeinschaft seid ihr Anf\u00e4nger. Ihr lebt in einer Gr\u00f6\u00dferen Gemeinschaft intelligenten Lebens im Universum. Sie ist riesig und umfasst das gesamte Spektrum der Entwicklung\u2014der Entwicklung der Technik, der Entwicklung der Gesellschaften und der Entwicklung des spirituellen Bewusstseins und der Ethik. Sie ist riesig und unfassbar. Es ist eine gr\u00f6\u00dfere Umgebung, in der\u2026 <a class=\"read-more\" href=\"https:\/\/www.v6.newmessage.org\/de\/about-text-shortcode\/\"><span>Read More<\/span><\/a><\/p>\n","protected":false},"author":1,"featured_media":0,"parent":13079,"menu_order":13,"comment_status":"closed","ping_status":"closed","template":"template-leftsidebar.php","meta":{"_monsterinsights_skip_tracking":false,"_monsterinsights_sitenote_active":false,"_monsterinsights_sitenote_note":"","_monsterinsights_sitenote_category":0,"footnotes":""},"categories":[110,472,76,77,471],"tags":[819,818,815],"_links":{"self":[{"href":"https:\/\/www.v6.newmessage.org\/de\/wp-json\/wp\/v2\/pages\/15201"}],"collection":[{"href":"https:\/\/www.v6.newmessage.org\/de\/wp-json\/wp\/v2\/pages"}],"about":[{"href":"https:\/\/www.v6.newmessage.org\/de\/wp-json\/wp\/v2\/types\/page"}],"author":[{"embeddable":true,"href":"https:\/\/www.v6.newmessage.org\/de\/wp-json\/wp\/v2\/users\/1"}],"replies":[{"embeddable":true,"href":"https:\/\/www.v6.newmessage.org\/de\/wp-json\/wp\/v2\/comments?post=15201"}],"version-history":[{"count":17,"href":"https:\/\/www.v6.newmessage.org\/de\/wp-json\/wp\/v2\/pages\/15201\/revisions"}],"predecessor-version":[{"id":27546,"href":"https:\/\/www.v6.newmessage.org\/de\/wp-json\/wp\/v2\/pages\/15201\/revisions\/27546"}],"up":[{"embeddable":true,"href":"https:\/\/www.v6.newmessage.org\/de\/wp-json\/wp\/v2\/pages\/13079"}],"wp:attachment":[{"href":"https:\/\/www.v6.newmessage.org\/de\/wp-json\/wp\/v2\/media?parent=15201"}],"wp:term":[{"taxonomy":"category","embeddable":true,"href":"https:\/\/www.v6.newmessage.org\/de\/wp-json\/wp\/v2\/categories?post=15201"},{"taxonomy":"post_tag","embeddable":true,"href":"https:\/\/www.v6.newmessage.org\/de\/wp-json\/wp\/v2\/tags?post=15201"}],"curies":[{"name":"wp","href":"https:\/\/api.w.org\/{rel}","templated":true}]}}