{"id":14756,"date":"2014-08-23T22:51:24","date_gmt":"2014-08-23T22:51:24","guid":{"rendered":"http:\/\/www.newmessage.org\/?page_id=14756"},"modified":"2020-08-30T17:38:22","modified_gmt":"2020-08-30T17:38:22","slug":"unterstutzen-sie-die-neue-botschaft","status":"publish","type":"page","link":"https:\/\/www.v6.newmessage.org\/de\/weltweite-gemeinschaft\/gesellschaft\/unterstutzen-sie-die-neue-botschaft\/","title":{"rendered":"Unterst\u00fctze die Neue Botschaft"},"content":{"rendered":"<div class=\"one_half \" >\n<h2>Einmalige Spenden<\/h2>\n<p><img loading=\"lazy\" decoding=\"async\" class=\"aligncenter\" src=\"\/\/cdn2.bigcommerce.com\/server2100\/932c8\/products\/106\/images\/170\/productimage-frienddonation.001__48553.1405379429.1280.1280.jpg?c=2\" alt=\"Support the New Message with a Donation\" width=\"240\" height=\"240\" \/><\/p>\n<p>Spenden k\u00f6nnen \u00fcber den New Knowledge Library Buchladen oder \u00fcber Paypal erfolgen:<\/p>\n<p><a class='simple_button_link ' style='background-color: #4f8fd6' href='http:\/\/www.newknowledgelibrary.org\/products\/Donation-to-the-New-Message-%2410.html'   ><span>Gebe $10<\/span><\/a> <a class='simple_button_link ' style='background-color: #4f8fd6' href='http:\/\/www.newknowledgelibrary.org\/products\/Donation-to-the-New-Message-%2425.html'   ><span>Gebe $25<\/span><\/a> <a class='simple_button_link ' style='background-color: #4f8fd6' href='http:\/\/www.newknowledgelibrary.org\/products\/Donation-to-the-New-Message-%2450.html'   ><span>Gebe $50<\/span><\/a> <a class='simple_button_link ' style='background-color: #4f8fd6' href='http:\/\/www.newknowledgelibrary.org\/products\/Donation-to-the-New-Message-%24100.html'   ><span>Gebe $100<\/span><\/a> <a class='simple_button_link ' style='background-color: #4f8fd6' href='http:\/\/www.newknowledgelibrary.org\/products\/Donation-to-the-New-Message-%24500.html'   ><span>Gebe $500<\/span><\/a> <a class='simple_button_link ' style='background-color: #4f8fd6' href='http:\/\/www.newknowledgelibrary.org\/products\/Donation-to-the-New-Message-%241000.html'   ><span>Gebe $1,000<\/span><\/a> <a class='simple_button_link ' style='background-color: #4f8fd6' href='http:\/\/www.newknowledgelibrary.org\/products\/Donation-to-the-New-Message-%2410%2C000.html'   ><span>Gebe $10,000<\/span><\/a><\/p>\n<p><em>Alle Spenden sind in U.S. Dollar und sind von der Steuer absetzbar, soweit gesetzlich anwendbar.<\/em><\/p>\n<h2>Monatlich spenden<\/h2>\n<p><strong>Freunde der Neuen Botschaft<\/strong> tragen auf monatlicher Grundlage zum wesentlichen Wirken der Society bei. Seit Jahren haben die Freunde ein solides Fundament f\u00fcr die wachsenden Unternehmungen der Society geschaffen. Freunde der Neuen Botschaft sind Individuen, die sich verpflichten, einen Beitrag welcher H\u00f6he auch immer zu spenden, der ihnen m\u00f6glich ist. <a href=\"\/\/newknowledgelibrary.org\/friends\/\">Werde ein Freund<\/a>.<\/p>\n<p style=\"text-align: center;\"><a class='simple_button_link ' style='background-color: #4f8fd6' href='http:\/\/newknowledgelibrary.org\/donate\/friends-of-the-new-message-give-monthly-10\/'   ><span>Werde ein Freund der Neuen Botschaft durch die Spende von $10\/Monat<\/span><\/a><\/p>\n<p style=\"text-align: center;\"><a class='simple_button_link ' style='background-color: #4f8fd6' href='http:\/\/newknowledgelibrary.org\/donate\/friends-of-the-new-message-give-monthly-25\/'   ><span>Werde ein Freund der Neuen Botschaft durch die Spende von $25\/Monat<\/span><\/a><\/p>\n<p style=\"text-align: center;\"><a class='simple_button_link ' style='background-color: #4f8fd6' href='http:\/\/newknowledgelibrary.org\/donate\/friends-of-the-new-message-give-monthly-50\/'   ><span>Werde ein Freund der Neuen Botschaft durch die Spende von $50\/Monat<\/span><\/a><\/p>\n<p style=\"text-align: center;\"><a class='simple_button_link ' style='background-color: #4f8fd6' href='http:\/\/newknowledgelibrary.org\/donate\/friends-of-the-new-message-give-monthly-75\/'   ><span>Werde ein Freund der Neuen Botschaft durch die Spende von $75\/Monat<\/span><\/a><\/p>\n<p><strong>S\u00e4ulen der Neuen Botschaft<\/strong> sind Bestandteil der Stiftung f\u00fcr die Bildungs- und Verbreitungsmission der Society. Eine S\u00e4ule der Neuen Botschaft verpflichtet sich, $100 oder mehr monatlich zu spenden. 300 S\u00e4ulen werden ben\u00f6tigt, um die j\u00e4hrlichen Kosten zu decken.<br \/>\nEine S\u00e4ule zu sein ist ein Ausdruck deiner Beziehung zur Neuen Botschaft, ihres Boten und seiner dringenden Gabe f\u00fcr die Welt. Werde ein Vorreiter in der Welt und ein Wegweiser f\u00fcr andere, die versuchen, ein inspiriertes Leben zu leben und ihren Zweck in einer aufstrebenden Welt zu erf\u00fcllen.<a href=\"\/\/newknowledgelibrary.org\/pillars\/\">Werde eine S\u00e4ule<\/a>.<\/p>\n<p style=\"text-align: center;\"><a class='simple_button_link ' style='background-color: #4f8fd6' href='http:\/\/newknowledgelibrary.org\/donate\/a-pillar-of-the-new-message-give-monthly-100\/'   ><span>Werde eine S\u00e4ule der Neuen Botschaft und gebe $100\/Monat<\/span><\/a><\/p>\n<p style=\"text-align: center;\"><a class='simple_button_link ' style='background-color: #4f8fd6' href='http:\/\/newknowledgelibrary.org\/donate\/a-pillar-of-the-new-message-give-monthly-150\/'   ><span>Werde eine S\u00e4ule der Neuen Botschaft und gebe $150\/Monat<\/span><\/a><\/p>\n<p style=\"text-align: center;\"><a class='simple_button_link ' style='background-color: #4f8fd6' href='http:\/\/newknowledgelibrary.org\/donate\/a-pillar-of-the-new-message-give-monthly-200\/'   ><span>Werde eine S\u00e4ule der Neuen Botschaft und gebe $200\/Monat<\/span><\/a><\/p>\n<p style=\"text-align: center;\"><a class='simple_button_link ' style='background-color: #4f8fd6' href='http:\/\/newknowledgelibrary.org\/donate\/a-pillar-of-the-new-message-give-monthly-300\/'   ><span>Werde eine S\u00e4ule der Neuen Botschaft und gebe $300\/Monat<\/span><\/a><\/p>\n<p>Schlie\u00dfe dich der Weltweiten Gemeinschaft der Menschen an, die den ungeheuren Wert von Gottes Neuer Botschaft erkennen und sich verpflichten, einen Teil ihrer Mittel zu verwenden, um die laufende Arbeit zu unterst\u00fctzen, diese Offenbarung zur Menschheit zu bringen.<\/p>\n<h2>Verm\u00e4chtnis<\/h2>\n<p>Wenn das Leben dir die finanziellen Mittel zur Verf\u00fcgung stellt, ein Wohlt\u00e4ter zu werden, magst du eine historische Rolle haben, den Erfolg und die Erhaltung der Neuen Botschaft von Gott weit in die Zukunft sicherzustellen. Ein Verm\u00e4chtnis kann progressiv in einzelnen Spenden oder auf diesem Weg gespendet werden:<\/p>\n<ul class=\"list-vertical diamond\">\n<li>Bestimmung einer Zuwendung<\/li>\n<li>Geschenk von Wertpapieren oder Immobilien<\/li>\n<li>Wohlt\u00e4tigkeitsauflagen in deinem Testament<\/li>\n<li>Bestimmung der Society als Beg\u00fcnstigte einer Versicherungspolice oder eines Pensionsplans<\/li>\n<\/ul>\n<p><strong>Um diese oder andere Optionen von Wohlt\u00e4tigkeitszuwendungen zu besprechen, wende Dich bitte an Will Burrows unter 1-800-938-3891.<\/strong><\/p>\n<p class=\"font-size-12\">Die Gesellschaft f\u00fcr die Neue Botschaft von Gott (Society) ist eine gemeinn\u00fctzige Einrichtung gem\u00e4\u00df dem US-Gesetz 501(c)(3), eingetragen in den Vereinigten Staaten, die sich der Pr\u00e4sentation und Erhaltung der heiligen Texte und Aufzeichnungen der Neuen Botschaft von Gott widmet.<\/p>\n<h2>Nutze deine Zeit als Freiwilliger<\/h2>\n<p>Die Mission der Neuen Botschaft wird von den Mitgliedern der Society zusammen mit einem engagierten Team von Freiwilligen wahrgenommen, die \u00fcber den ganzen Globus verteilt sind. Wenn du deine F\u00e4higkeiten einbringen und dich diesem gro\u00dfen Unternehmen anschlie\u00dfen m\u00f6chtest, so f\u00fclle bitte das <a href=\"\/\/www.newmessage.org\/volunteer\">Freiwilligenformular <\/a>aus.<\/p>\n<h2>\u00d6rtliche Mittelbeschaffung<\/h2>\n<p>Kaufst du online ein und interessiert du dich f\u00fcr eine Mittelbeschaffung f\u00fcr die Gesellschaft f\u00fcr die Neue Botschaft (Society)? Verwende die untenstehenden Links und die Society erh\u00e4lt 2%-12% des Werts Deines Einkaufs bei folgenden L\u00e4den und Einzelh\u00e4ndlern. In dieser Weise k\u00f6nnen die Sch\u00fcler der Neuen Botschaft der Society \u00fcber ihre normalen Eink\u00e4ufe Zuwendungen verschaffen.<\/p>\n<h4><strong>Besuch <\/strong><a href=\"\/\/www.newmessage.org\/shop\"><strong>www.newmessage.org\/shop<\/strong><\/a><\/h4>\n<h2>Andere Wege der Mittelbeschaffung f\u00fcr die Society<\/h2>\n<p>Einfach durch deine Browsing- und Shopping-Gewohnheiten online kannst Du der Society <strong>ohne Extrakosten<\/strong>f\u00fcr Dich Geld zukommen lassen! Hier steht, wie es geht:<\/p>\n<table class=\" aligncenter\" style=\"height: 100%;\" width=\"100%;\">\n<tbody>\n<tr>\n<td width=\"40%\"><\/td>\n<td width=\"60%\"><strong>AMAZON&#8217;S AFFILIATE PROGRAM<\/strong><br \/>\nKlicke auf das Amazon-Symbol links, um Zugang zu Amazon.com zu haben und\u00a0jeder\u00a0Kauf, den Du in den folgenden 24 Stunden t\u00e4tigst, wird der Society eine Provision von 4 bis 7% sichern.<\/td>\n<\/tr>\n<\/tbody>\n<\/table>\n<ul>\n<li style=\"list-style-type: none;\">\n<ul>\n<li><a href=\"\/\/www.goodsearch.com\/nonprofit\/society-for-the-greater-community-way-of-knowledge.aspx\"><img loading=\"lazy\" decoding=\"async\" class=\"imgborder alignleft size-full\" src=\"\/\/www.newmessage.org\/wp-content\/uploads\/2014\/08\/goodsearch.png\" alt=\"GoodSearch\" width=\"207\" height=\"31\" \/><\/a>Verwende die\u00a0<a href=\"\/\/www.goodsearch.com\/nonprofit\/society-for-the-greater-community-way-of-knowledge.aspx\">GoodSearch-Suchmaschine<\/a>. Jede von Dir ausgef\u00fchrte Suche l\u00e4sst der Society $0,01 zukommen. Siehe eine <a href=\"\/\/www.goodsearch.com\/causes\/society-for-the-greater-community-way-of-knowledge\/supporters\">Liste aller Unterst\u00fctzer, die GoodSearch verwenden<\/a>.<\/li>\n<\/ul>\n<\/li>\n<\/ul>\n<p>&nbsp;<\/p>\n<ul>\n<li style=\"list-style-type: none;\">\n<ul>\n<li><a href=\"\/\/www.goodsearch.com\/goodshop.aspx\"><img loading=\"lazy\" decoding=\"async\" class=\"imgborder alignleft size-full\" src=\"\/\/www.newmessage.org\/wp-content\/uploads\/2014\/08\/goodshop.png\" alt=\"GoodShop\" width=\"207\" height=\"36\" \/><\/a><a href=\"\/\/www.goodsearch.com\/goodshop.aspx\">Kaufe online von der goodshop-Website<\/a> ein, welche einen Prozentsatz vieler Online-K\u00e4ufe an die Society abgibt.<\/li>\n<\/ul>\n<\/li>\n<\/ul>\n<p>&nbsp;<\/p>\n<ul>\n<li><a href=\"\/\/smile.amazon.com\"><img loading=\"lazy\" decoding=\"async\" class=\"alignleft size-full imgborder\" src=\"\/\/www.newmessage.org\/wp-content\/uploads\/2014\/08\/amazon-smile.jpg\" alt=\"amazon smile\" width=\"207\" height=\"51\" \/><\/a>Besuche\u00a0Amazon.com, trage dich f\u00fcr das SMILE -Programm ein und w\u00e4hle \u201cSOCIETY FOR THE GREATER COMMUNITY WAY OF KNOWLEDGE\u201d als deine wohlt\u00e4tige Organisation. F\u00fcr mehr Information siehe\u00a0<a href=\"\/\/smile.amazon.com\/about\">Amazon Smile<\/a><\/li>\n<\/ul>\n<p>&nbsp;<\/p>\n<h2>Spende per Telefon, Post oder Fax<\/h2>\n<p>Um mit Kreditkarte per Telefon zu spenden, w\u00e4hle bitte\u00a0<strong>call 1-800-938-3891<\/strong><\/p>\n<p>Um per Scheck zu spenden, sende Deinen Scheck bitte in einem verschlossenen Umschlag an:<\/p>\n<p style=\"text-align: center;\"><strong>THE SOCIETY FOR THE NEW MESSAGE FROM GOD<\/strong><br \/>\n<strong> P.O. Box 1724<\/strong><br \/>\n<strong> Boulder, CO 80306-1724<\/strong><\/p>\n<p>Schecks k\u00f6nnen auch an \u201cSociety for the GCWK\u201d ausgeschrieben werden.<\/p>\n<p>Spenden k\u00f6nnen auch <strong>per Fax an uns \u00fcber 1-303-938-1214 <\/strong> gesandt werden. Bitte gib auch Deinen Namen, Deine Anschrift und Telefonnummer an, sowie den Betrag, den Du spenden m\u00f6chtest sowie Deine Kreditkartennummer und ihr Ablaufdatum.<br \/>\nZur Information \u00fcber andere Methoden des Spendens wende Dich bitte an die Society unter\u00a0 <a href=\"mailto:society@greatercommunity.org?subject=\">society@greatercommunity.org<\/a> 1-303-938-8401.<\/p>\n<p class=\"font-size-12\">Alle Beitr\u00e4ge sind steuerabzugsf\u00e4hig, sofern gesetzlich anwendbar.<\/p>\n<h2>Segen und Dankbarkeit von<\/h2>\n<p><span class=\"text-color-pirate-gold font-size-18 font-weight-bold\"><em>Marshall und Patricia Summers<\/em><br \/>\n<em> Reed Summers<\/em><br \/>\n<em> Ayesha Summers<\/em><br \/>\n<em> Darlene Mitchell<\/em><br \/>\n<em> Carol Coffey<\/em><br \/>\n<em> Jeanine Butler<\/em><br \/>\n<em> Ellen Mitchell<\/em><br \/>\n<em> Will Burrows<\/em><br \/>\n<em> Tyyne Andrews<\/em><br \/>\n<em> Robert Busbey<\/em><br \/>\n<\/span><br \/>\n<\/div><br \/>\n<div class=\"one_half last\" ><\/p>\n<div class=\"panel-10 background-color-spanish-white border-rounded-8\"><strong>Schlie\u00dft euch einer weltweiten Gemeinschaft von Menschen an, die die\u00a0Society\u00a0in ihrer Mission unterst\u00fctzen, die Neue Botschaft von Gott zur Menschheit zu bringen. Eure Gabe wird das Fundament f\u00fcr alles schmieden, was wir gegenw\u00e4rtig und zuk\u00fcnftig tun.<\/strong><\/div>\n<div class=\"panel-10 background-color-spanish-white border-rounded-8\">\n<h3>Mit eurer Unterst\u00fctzung k\u00f6nnen wir:<\/h3>\n<ul class=\"list-vertical diamond\">\n<li>die Neue Botschaft zu Hunderttausenden Menschen weltweit durch die Verbreitung an der Basis und die Arbeit mit den Medien bringen.<\/li>\n<\/ul>\n<ul class=\"list-vertical diamond\">\n<li>die\u00a0Heiligen Texte\u00a0der Neuen Botschaft in L\u00e4ndern rund um die Welt ver\u00f6ffentlichen und verteilen.<\/li>\n<\/ul>\n<ul class=\"list-vertical diamond\">\n<li>Kostenlose B\u00fccher, CDs und online-Texte \u00fcber unser\u00a0Free Book Project anbieten.<\/li>\n<\/ul>\n<ul class=\"list-vertical diamond\">\n<li>Tausende von Seiten der Neuen Botschaft in Dutzende von Sprachen \u00fcbersetzen.<\/li>\n<\/ul>\n<ul class=\"list-vertical diamond\">\n<li>Den Boten und seine Gef\u00e4hrten in die Lage versetzen,\u00a0Orte kritischen Bedarfs zu besuchen,\u00a0um Gottes Neue Botschaft dorthin zu bringen und auch jene Individuen zu treffen, die weltweit auf die Botschaft reagieren.<\/li>\n<\/ul>\n<ul class=\"list-vertical diamond\">\n<li>Die Hand zu jenen ausstrecken, die an Gottes Neuer Botschaft interessiert sind, indem wir bildende Veranstaltungen anbieten.<\/li>\n<\/ul>\n<ul class=\"list-vertical diamond\">\n<li>Hunderte von Offenbarungen in Audio-, Text- und Videoform vorbereiten, um sie kostenlos online herauszugeben.<\/li>\n<\/ul>\n<ul class=\"list-vertical diamond\">\n<li>Die Umgebung der\u00a0Kostenlosen Schule\u00a0 aufbauen und die lebenswichtige Bildung zur Neuen Botschaft \u00fcberall zu den Menschen bringen.<\/li>\n<\/ul>\n<ul class=\"list-vertical diamond\">\n<li>Das\u00a0Refugium\u00a0der Neuen Botschaft als Ort erweitern, an dem die Menschen aus allen Gesellschaftsschichten und von \u00fcberall auf der Welt zusammenkommen k\u00f6nnen, um die Neue Botschaft und ihren Boten erfassen und erfahren und das Refugium als R\u00fcckzugsort nutzen zu k\u00f6nnen.<\/li>\n<\/ul>\n<p style=\"text-align: center;\"><strong>Mit Eurer Spende k\u00f6nnen wir die Neue Botschaft von Gott in die Welt bringen, zu den Menschen aller Nationen und aller Kulturen. Ihr seid das wichtige Bindeglied bei der \u00dcbermittlung von Gottes Offenbarung an die Menschheit.<\/strong><\/p>\n<p>Die Neue Botschaft ist hier, um die Menschheit in den schwierigen Zeiten zu sch\u00fctzen, die vor uns liegen und die spirituellen Gaben herauszurufen, die wir, die menschliche Familie, besitzen und hervorbringen m\u00fcssen, um in einer sich radikal \u00e4ndernden Welt zu \u00fcberleben. Eure Gabe wird es erm\u00f6glichen, das die Weisheit und\u00a0<a href=\"http:\/\/www.neuebotschaft.org\/wichtige-begriffe\/#knowledge\">Kenntnis<\/a> der Neuen Botschaft in unsere Welt eindringt. Letztlich wird die Gabe die Reinheit und Zug\u00e4nglichkeit von Gottes Neuer Offenbarung im Laufe der Zeit sicherstellen.<\/p>\n<p>Eure finanzielle Unterst\u00fctzung ist ein wichtiges Zeichen, dass ihr die Neue Botschaft gefunden habt und zu \u00a0dieser Mission\u00a0 beitragen m\u00f6chtet, w\u00e4hrend wir uns auf eine beeindruckende Zukunft zubewegen.<\/p>\n<p>Ob es eure finanzielle Unterst\u00fctzung, eure Zeit, Energie, eure Gebete und\/oder euer Studium der Botschaft sind, ihr seid das wichtige Bindeglied, uns zu helfen, alles zu erreichen, was wir uns vorgenommen haben. Wir fordern euch auf, euch dieser gro\u00dfen Unternehmung im Dienst an den Sch\u00f6pfer anzuschlie\u00dfen. M\u00f6ge alles, zu dessen Ausf\u00fchrung wir aufgefordert wurden, erreicht werden.<\/p>\n<p><\/div>\n<\/div>\n","protected":false},"excerpt":{"rendered":"Einmalige Spenden Spenden k\u00f6nnen \u00fcber den New Knowledge Library Buchladen oder \u00fcber Paypal erfolgen: Gebe $10 Gebe $25 Gebe $50 Gebe $100 Gebe $500 Gebe $1,000 Gebe $10,000 Alle Spenden sind in U.S. Dollar und sind von der Steuer absetzbar, soweit gesetzlich anwendbar. Monatlich spenden Freunde der Neuen Botschaft tragen auf monatlicher Grundlage zum wesentlichen\u2026 <a class=\"read-more\" href=\"https:\/\/www.v6.newmessage.org\/de\/weltweite-gemeinschaft\/gesellschaft\/unterstutzen-sie-die-neue-botschaft\/\"><span>Read More<\/span><\/a>","protected":false},"author":1,"featured_media":0,"parent":12810,"menu_order":5,"comment_status":"closed","ping_status":"closed","template":"","meta":{"_monsterinsights_skip_tracking":false,"_monsterinsights_sitenote_active":false,"_monsterinsights_sitenote_note":"","_monsterinsights_sitenote_category":0,"footnotes":""},"categories":[],"tags":[1002],"_links":{"self":[{"href":"https:\/\/www.v6.newmessage.org\/de\/wp-json\/wp\/v2\/pages\/14756"}],"collection":[{"href":"https:\/\/www.v6.newmessage.org\/de\/wp-json\/wp\/v2\/pages"}],"about":[{"href":"https:\/\/www.v6.newmessage.org\/de\/wp-json\/wp\/v2\/types\/page"}],"author":[{"embeddable":true,"href":"https:\/\/www.v6.newmessage.org\/de\/wp-json\/wp\/v2\/users\/1"}],"replies":[{"embeddable":true,"href":"https:\/\/www.v6.newmessage.org\/de\/wp-json\/wp\/v2\/comments?post=14756"}],"version-history":[{"count":90,"href":"https:\/\/www.v6.newmessage.org\/de\/wp-json\/wp\/v2\/pages\/14756\/revisions"}],"predecessor-version":[{"id":28996,"href":"https:\/\/www.v6.newmessage.org\/de\/wp-json\/wp\/v2\/pages\/14756\/revisions\/28996"}],"up":[{"embeddable":true,"href":"https:\/\/www.v6.newmessage.org\/de\/wp-json\/wp\/v2\/pages\/12810"}],"wp:attachment":[{"href":"https:\/\/www.v6.newmessage.org\/de\/wp-json\/wp\/v2\/media?parent=14756"}],"wp:term":[{"taxonomy":"category","embeddable":true,"href":"https:\/\/www.v6.newmessage.org\/de\/wp-json\/wp\/v2\/categories?post=14756"},{"taxonomy":"post_tag","embeddable":true,"href":"https:\/\/www.v6.newmessage.org\/de\/wp-json\/wp\/v2\/tags?post=14756"}],"curies":[{"name":"wp","href":"https:\/\/api.w.org\/{rel}","templated":true}]}}