{"id":13099,"date":"2014-07-24T22:13:19","date_gmt":"2014-07-24T22:13:19","guid":{"rendered":"http:\/\/www.newmessage.org\/?page_id=13099"},"modified":"2019-06-26T03:36:57","modified_gmt":"2019-06-26T03:36:57","slug":"die-grosen-wellen-des-wandels","status":"publish","type":"page","link":"https:\/\/www.v6.newmessage.org\/de\/die-botschaft\/band-4\/die-grosen-wellen-des-wandels\/","title":{"rendered":"Die Gro\u00dfen Wellen des Wandels"},"content":{"rendered":"<div id=\"attachment_22443\" style=\"width: 244px\" class=\"wp-caption alignright\"><a href=\"https:\/\/www.newmessage.org\/wp-content\/uploads\/2014\/07\/GWC-cover.jpg\"><img loading=\"lazy\" decoding=\"async\" aria-describedby=\"caption-attachment-22443\" class=\"\" src=\"https:\/\/www.newmessage.org\/wp-content\/uploads\/2014\/07\/GWC-cover-200x300.jpg\" alt=\"\" width=\"234\" height=\"351\" \/><\/a><p id=\"caption-attachment-22443\" class=\"wp-caption-text\"><\/p>\n<p>&nbsp;<\/p>\n<p><\/p><\/div>\n<p><i><span style=\"font-weight: 400\">Die Gro\u00dfen Wellen des Wandels<\/span><\/i><span style=\"font-weight: 400\"> stellen eine Prophezeiung der schwierigen Zeiten dar, die vor uns liegen, und der Schritte, die du unternehmen kannst, um durch diese zunehmend turbulente und unsichere Zukunft zu navigieren. <\/span><\/p>\n<p><span style=\"font-weight: 400\">Angesichts einer solchen Ungewissheit pr\u00e4sentieren, <\/span><i><span style=\"font-weight: 400\">Die Gro\u00dfen Wellen des Wandels<\/span><\/i><span style=\"font-weight: 400\"> einen revolution\u00e4ren Weg, Gewissheit und F\u00fchrung im Leben zu erlangen, einen einmaligen Prozess, der von den Menschen \u00fcberall angewendet werden kann. Durch das Verst\u00e4ndnis der Gro\u00dfen Wellen und durch die Verbindung mit Kenntnis, der tieferen Autorit\u00e4t in dir, kann du die Kraft, den Mut und die innere Gewissheit finden, um dich anzupassen und ein Beitragender zu einer sich rasch wandelnden Welt zu werden statt ihres Opfers.<\/span><\/p>\n<p><i><span style=\"font-weight: 400\">Die Gro\u00dfen Wellen des Wandels <\/span><\/i><span style=\"font-weight: 400\">sind die wesentliche Ressource, die jeder braucht, um sich mental, emotional und praktisch auf den kommenden gro\u00dfen Wandel vorzubereiten. Wenn genug Menschen diese Vorbereitung unternehmen k\u00f6nnen, wird die Menschheit die Kraft, das Mitgef\u00fchl und die Widerstandsf\u00e4higkeit haben, um durch diesen schwierigen Zeitraum, der vor uns liegt, in eine Neue Welt-Realit\u00e4t hindurchzukommen.<\/span><\/p>\n<p><span style=\"line-height: 1.5\"><i>Die Gro\u00dfen Wellen des Wandels<\/i> ist das erste Buch von <a href=\"https:\/\/www.newmessage.org\/de\/die-botschaft\/band-4\/\">Band 4<\/a> der Neuen Botschaft von Gott.<\/span><\/p>\n<div class=\"background-color-bridesmaid padding-20\">\n<p><strong>Inhaltsverzeichnis<\/strong><\/p>\n<p><a href=\"https:\/\/www.newmessage.org\/de\/die-botschaft\/band-4\/die-grosen-wellen-des-wandels\/einleitung\/\">Einleitung<\/a><\/p>\n<p>Kapitel 1: <a href=\"https:\/\/www.newmessage.org\/de\/die-botschaft\/band-4\/die-grosen-wellen-des-wandels\/die-grosen-wellen-des-wandels\/\">Die Gro\u00dfen Wellen des Wandels<\/a><\/p>\n<p>Kapitel 2: <a href=\"https:\/\/www.newmessage.org\/de\/die-botschaft\/band-4\/die-grosen-wellen-des-wandels\/die-grosen-wellen-und-dein-leben\/\">Die Gro\u00dfen Wellen und dein Leben<\/a><\/p>\n<p>Kapitel 3: <a href=\"https:\/\/www.newmessage.org\/de\/die-botschaft\/band-4\/die-grosen-wellen-des-wandels\/ausweg-aus-der-vergangenheit\/\">Ausweg aus der Vergangenheit<\/a><\/p>\n<p>Kapitel 4: <a href=\"https:\/\/www.newmessage.org\/de\/die-botschaft\/band-4\/die-grosen-wellen-des-wandels\/die-freiheit-sich-mit-kenntnis-zu-bewegen\/\">Die Freiheit, sich mit Kenntnis zu bewegen<\/a><\/p>\n<p>Kapitel 5: <a href=\"https:\/\/www.newmessage.org\/de\/die-botschaft\/band-4\/die-grosen-wellen-des-wandels\/die-tiefe-bewertung\/\">Die tiefe Bewertung<\/a><\/p>\n<p>Kapitel 6: <a href=\"https:\/\/www.newmessage.org\/de\/die-botschaft\/band-4\/die-grosen-wellen-des-wandels\/beziehungen-und-die-grosen-wellen\/\">Beziehungen und die Gro\u00dfen Wellen<\/a><\/p>\n<p>Kapitel 7: <a href=\"https:\/\/www.newmessage.org\/de\/die-botschaft\/band-4\/die-grosen-wellen-des-wandels\/vorbereitung-deiner-familie\/\">Vorbereitung deiner Familie<\/a><\/p>\n<p>Kapitel 8: <a href=\"\/\/www.newmessage.org\/de\/die-botschaft\/band-4\/die-grosen-wellen-des-wandels\/die-gefahr-der-isolierung\/\">Die Gefahr der Isolierung<\/a><\/p>\n<p>Kapitel 9: <a href=\"https:\/\/www.newmessage.org\/de\/die-botschaft\/band-4\/die-grosen-wellen-des-wandels\/die-prophezeiung-der-grosen-wellen\/\">Die Prophezeiung der Gro\u00dfen Wellen<\/a><\/p>\n<p>Kapitel 10: <a href=\"https:\/\/www.newmessage.org\/de\/die-botschaft\/band-4\/die-grosen-wellen-des-wandels\/die-grosen-wellen-und-die-versteckte-realitat-des-kontaktes\/\">Die Gro\u00dfen Wellen und die versteckte Realit\u00e4t des Kontaktes<\/a><\/p>\n<p>Kapitel 11:<a href=\"https:\/\/www.newmessage.org\/de\/die-botschaft\/band-4\/die-grosen-wellen-des-wandels\/woran-wirst-du-glauben\/\">Woran wirst du glauben?<\/a><\/p>\n<p>Kapitel 12: <a href=\"https:\/\/www.newmessage.org\/de\/die-botschaft\/band-4\/die-grosen-wellen-des-wandels\/dein-zweck-und-deine-bestimmung-in-einer-sich-andernden-welt\/\">Dein Zweck und deine Bestimmung in einer sich \u00e4ndernden Welt<\/a><\/p>\n<p>Kapitel 13: <a href=\"https:\/\/www.newmessage.org\/de\/die-botschaft\/band-4\/die-grosen-wellen-des-wandels\/eine-neue-botschaft-der-hoffnung\/\">Eine Neue Botschaft der Hoffnung<\/a><\/p>\n<p>Kapitel 14: <a href=\"https:\/\/www.newmessage.org\/de\/die-botschaft\/band-4\/die-grosen-wellen-des-wandels\/sehen-wissen-und-handeln\/\">Sehen, Wissen und Handeln<\/a><\/p>\n<p><a href=\"https:\/\/www.newmessage.org\/de\/die-botschaft\/band-4\/die-grosen-wellen-des-wandels\/empfehlungen-fur-das-leben-in-einer-welt-der-grosen-wellen\/\">Empfehlungen f\u00fcr das Leben in einer Welt der Gro\u00dfen Wellen<\/a><\/p>\n<p><a href=\"https:\/\/www.newmessage.org\/de\/die-botschaft\/band-4\/die-grosen-wellen-des-wandels\/praktiken\/\">Praktiken<\/a><\/p>\n<p><a href=\"https:\/\/www.newmessage.org\/de\/die-botschaft\/band-4\/die-grosen-wellen-des-wandels\/wichtige-begriffe\/\">Wichtige Begriffe<\/a><\/p>\n<\/div>\n","protected":false},"excerpt":{"rendered":"<p>Die Gro\u00dfen Wellen des Wandels stellen eine Prophezeiung der schwierigen Zeiten dar, die vor uns liegen, und der Schritte, die du unternehmen kannst, um durch diese zunehmend turbulente und unsichere Zukunft zu navigieren. Angesichts einer solchen Ungewissheit pr\u00e4sentieren, Die Gro\u00dfen Wellen des Wandels einen revolution\u00e4ren Weg, Gewissheit und F\u00fchrung im Leben zu erlangen, einen einmaligen\u2026 <a class=\"read-more\" href=\"https:\/\/www.v6.newmessage.org\/de\/die-botschaft\/band-4\/die-grosen-wellen-des-wandels\/\"><span>Read More<\/span><\/a><\/p>\n","protected":false},"author":1,"featured_media":0,"parent":16316,"menu_order":0,"comment_status":"closed","ping_status":"closed","template":"template-leftsidebar.php","meta":{"_monsterinsights_skip_tracking":false,"_monsterinsights_sitenote_active":false,"_monsterinsights_sitenote_note":"","_monsterinsights_sitenote_category":0,"footnotes":""},"categories":[473,471],"tags":[852,754,854,853],"_links":{"self":[{"href":"https:\/\/www.v6.newmessage.org\/de\/wp-json\/wp\/v2\/pages\/13099"}],"collection":[{"href":"https:\/\/www.v6.newmessage.org\/de\/wp-json\/wp\/v2\/pages"}],"about":[{"href":"https:\/\/www.v6.newmessage.org\/de\/wp-json\/wp\/v2\/types\/page"}],"author":[{"embeddable":true,"href":"https:\/\/www.v6.newmessage.org\/de\/wp-json\/wp\/v2\/users\/1"}],"replies":[{"embeddable":true,"href":"https:\/\/www.v6.newmessage.org\/de\/wp-json\/wp\/v2\/comments?post=13099"}],"version-history":[{"count":35,"href":"https:\/\/www.v6.newmessage.org\/de\/wp-json\/wp\/v2\/pages\/13099\/revisions"}],"predecessor-version":[{"id":28029,"href":"https:\/\/www.v6.newmessage.org\/de\/wp-json\/wp\/v2\/pages\/13099\/revisions\/28029"}],"up":[{"embeddable":true,"href":"https:\/\/www.v6.newmessage.org\/de\/wp-json\/wp\/v2\/pages\/16316"}],"wp:attachment":[{"href":"https:\/\/www.v6.newmessage.org\/de\/wp-json\/wp\/v2\/media?parent=13099"}],"wp:term":[{"taxonomy":"category","embeddable":true,"href":"https:\/\/www.v6.newmessage.org\/de\/wp-json\/wp\/v2\/categories?post=13099"},{"taxonomy":"post_tag","embeddable":true,"href":"https:\/\/www.v6.newmessage.org\/de\/wp-json\/wp\/v2\/tags?post=13099"}],"curies":[{"name":"wp","href":"https:\/\/api.w.org\/{rel}","templated":true}]}}