{"id":13081,"date":"2014-07-24T21:54:49","date_gmt":"2014-07-24T21:54:49","guid":{"rendered":"http:\/\/www.newmessage.org\/?page_id=13081"},"modified":"2019-06-26T03:33:25","modified_gmt":"2019-06-26T03:33:25","slug":"spiritualitat-der-groseren-gemeinschaft","status":"publish","type":"page","link":"https:\/\/www.v6.newmessage.org\/de\/die-botschaft\/band-2\/spiritualitat-der-groseren-gemeinschaft\/","title":{"rendered":"Spiritualit\u00e4t der Gr\u00f6\u00dferen Gemeinschaft"},"content":{"rendered":"<p><img loading=\"lazy\" decoding=\"async\" class=\"alignright\" src=\"https:\/\/www.newmessage.org\/wp-content\/uploads\/2015\/07\/volum2_book1-200x300.jpg\" alt=\"\" width=\"234\" height=\"351\" \/><\/p>\n<p><em>Spiritualit\u00e4t der Gr\u00f6\u00dferen Gemeinschaft<\/em> pr\u00e4sentiert ein neues Verst\u00e4ndnis und eine gr\u00f6\u00dfere Erfahrung von Gott und menschlicher Spiritualit\u00e4t innerhalb einer gr\u00f6\u00dferen Arena intelligenten Lebens. Dies ist eine Spiritualit\u00e4t, die alle Grenzen von Rasse, Kultur, Religion und Sprache durchdringt und das Fundament f\u00fcr Anerkennung und Beziehung zwischen V\u00f6lkern, Nationen und Welten zur Verf\u00fcgung stellt.<\/p>\n<p>Das Buch <em>Spiritualit\u00e4t der Gr\u00f6\u00dferen Gemeinschaft<\/em> stellt einen Teil der Theologie und Kosmologie der Neuen Botschaft von Gott vor. Es macht den Weg frei zu einer gr\u00f6\u00dferen Erfahrung von Gott. Es ist f\u00fcr jene bestimmt, die ihre religi\u00f6se Heimat in den religi\u00f6sen Traditionen dieser Welt nicht gefunden haben und nach einer spirituellen Vorbereitung und F\u00fchrung zu dieser Zeit des gro\u00dfen Wandels und der Unsicherheit in unserer Welt suchen.<\/p>\n<p><em>Spiritualit\u00e4t der Gr\u00f6\u00dferen Gemeinschaft<\/em> enth\u00e4lt 27 Kapitel, von denen jedes eine grundlegende Frage \u00fcber die Bedeutung des Lebens, unsere Beziehung zu Gott und unsere Bestimmung in einer Gr\u00f6\u00dferen Gemeinschaft des Lebens im Universum beantwortet. Ebenso wird hier die Realit\u00e4t des Weges der Kenntnis der Gr\u00f6\u00dferen Gemeinschaft pr\u00e4sentiert, welcher die innere F\u00fchrung der spirituellen Vorbereitung und Entwicklung darstellt, die in der Neuen Botschaft von Gott enthalten ist. Dies ist eine universelle spirituelle Vorbereitung, die der Welt nun zum ersten Mal pr\u00e4sentiert wird.<\/p>\n<p><em>Spiritualit\u00e4t der Gr\u00f6\u00dferen Gemeinschaft<\/em> ist das erste Buch von <a href=\"https:\/\/www.newmessage.org\/de\/die-botschaft\/band-2\/\">Band 2<\/a> der Neuen Botschaft von Gott.<\/p>\n<p><!-- [toggle type=\"white\" title=\"More about the volumes of the New Message from God\" active=\"\"] [insert page='more-about-the-volumes' display='content'] [\/toggle] --><\/p>\n<div class=\"background-color-bridesmaid padding-20\">\n<h2 style=\"text-align: left\"><span style=\"color: #525252\">Inhaltsverzeichnis<\/span><\/h2>\n<p><a href=\"https:\/\/www.newmessage.org\/de\/die-botschaft\/band-2\/spiritualitat-der-groseren-gemeinschaft\/einleitung\/\">Einleitung<\/a><\/p>\n<p><span style=\"line-height: 1.5\">Kapitel 1 <\/span><a href=\"https:\/\/www.newmessage.org\/de\/die-botschaft\/band-2\/spiritualitat-der-groseren-gemeinschaft\/was-ist-gott\/\">Was ist Gott<\/a><\/p>\n<p>Kapitel 2: <a href=\"https:\/\/www.newmessage.org\/de\/die-botschaft\/band-2\/spiritualitat-der-groseren-gemeinschaft\/was-ist-die-welt\/\">Was ist die Welt?<\/a><\/p>\n<p>Kapitel 3: <a href=\"https:\/\/www.newmessage.org\/de\/die-botschaft\/band-2\/spiritualitat-der-groseren-gemeinschaft\/was-ist-lebenskraft\/\">Was ist Lebenskraft<\/a><\/p>\n<p>Kapitel 4: <a href=\"https:\/\/www.newmessage.org\/de\/die-botschaft\/band-2\/spiritualitat-der-groseren-gemeinschaft\/was-ist-kenntnis\/\">Was ist Kenntnis?<\/a><\/p>\n<p>Kapitel 5: <a href=\"https:\/\/www.newmessage.org\/de\/die-botschaft\/band-2\/spiritualitat-der-groseren-gemeinschaft\/was-ist-menschlicher-zweck\/\">Aus was besteht menschlicher Zweck?<\/a><\/p>\n<p>Kapitel 6: <a href=\"https:\/\/www.newmessage.org\/de\/die-botschaft\/band-2\/spiritualitat-der-groseren-gemeinschaft\/was-ist-die-grosere-gemeinschaft\/\">Was ist die Gr\u00f6\u00dfere Gemeinschaft?<\/a><\/p>\n<p>Kapitel 7: `<a href=\"https:\/\/www.newmessage.org\/de\/die-botschaft\/band-2\/spiritualitat-der-groseren-gemeinschaft\/wie-erlangt-man-weisheit-im-leben\/\">Wie erlangt man Weisheit im Leben?<\/a><\/p>\n<p>Kapitel 8: <a href=\"https:\/\/www.newmessage.org\/de\/die-botschaft\/band-2\/spiritualitat-der-groseren-gemeinschaft\/fur-wen-ist-weisheit-gedacht\/\">F\u00fcr wen ist Weisheit gedacht?<\/a><\/p>\n<p>Kapitel 9: <a href=\"https:\/\/www.newmessage.org\/de\/die-botschaft\/band-2\/spiritualitat-der-groseren-gemeinschaft\/wie-nimmt-gott-teil-an-der-welt\/\">Wie nimmt Gott teil an der Welt?<\/a><\/p>\n<p>Kapitel 10: <a href=\"https:\/\/www.newmessage.org\/de\/die-botschaft\/band-2\/spiritualitat-der-groseren-gemeinschaft\/wie-bereitet-man-sich-vor\/\">Wie bereitet man sich vor?<\/a><\/p>\n<p>Kapitel 11: <a href=\"https:\/\/www.newmessage.org\/de\/die-botschaft\/band-2\/spiritualitat-der-groseren-gemeinschaft\/wofur-dient-die-vorbereitung\/\">Wof\u00fcr dient die Vorbereitung?<\/a><\/p>\n<p>Kapitel 12: <a href=\"https:\/\/www.newmessage.org\/de\/die-botschaft\/band-2\/spiritualitat-der-groseren-gemeinschaft\/wem-wirst-du-begegnen\/\">Wem wirst du begegnen?<\/a><\/p>\n<p>Kapitel 13: <a href=\"https:\/\/www.newmessage.org\/de\/die-botschaft\/band-2\/spiritualitat-der-groseren-gemeinschaft\/was-muss-verlernt-werden\/\">Was muss verlernt werden?<\/a><\/p>\n<p>Kapitel 14: <a href=\"https:\/\/www.newmessage.org\/de\/die-botschaft\/band-2\/spiritualitat-der-groseren-gemeinschaft\/was-muss-vermieden-warden\/\">Was muss vermieden werden?<\/a><\/p>\n<p>Kapitel 15: <a href=\"https:\/\/www.newmessage.org\/de\/die-botschaft\/band-2\/spiritualitat-der-groseren-gemeinschaft\/wer-dient-der-menschheit\/\">Wer dient der Menschheit?<\/a><\/p>\n<p>Kapitel 16: <a href=\"https:\/\/www.newmessage.org\/de\/die-botschaft\/band-2\/spiritualitat-der-groseren-gemeinschaft\/wer-sind-die-unsichtbaren\/\">Wer sind die Unsichtbaren?<\/a><\/p>\n<p>Kapitel 17: <a href=\"https:\/\/www.newmessage.org\/de\/die-botschaft\/band-2\/spiritualitat-der-groseren-gemeinschaft\/wie-geschieht-offenbarung-im-menschlichen-leben\/\">Wie geschieht Offenbarung im menschlichen Leben?<\/a><\/p>\n<p>Kapitel 18: <a href=\"https:\/\/www.newmessage.org\/de\/die-botschaft\/band-2\/spiritualitat-der-groseren-gemeinschaft\/was-ist-menschliche-bestimmung\/\">Was ist menschliche Bestimmung?<\/a><\/p>\n<p>Kapitel 19: <a href=\"https:\/\/www.newmessage.org\/de\/die-botschaft\/band-2\/spiritualitat-der-groseren-gemeinschaft\/was-ist-religion\/\">Was ist Religion?<\/a><\/p>\n<p>Kapitel 20: <a href=\"https:\/\/www.newmessage.org\/de\/die-botschaft\/band-2\/spiritualitat-der-groseren-gemeinschaft\/aus-was-besteht-religiose-erziehung-und-fur-wen-ist-sie-gedacht\/\">Aus was besteht religi\u00f6se Erziehung und f\u00fcr wen ist sie gedacht?<\/a><\/p>\n<p>Kapitel 21: <a href=\"https:\/\/www.newmessage.org\/de\/die-botschaft\/band-2\/spiritualitat-der-groseren-gemeinschaft\/was-ist-der-weg-der-kenntnis-der-groseren-gemeinschaft\/\">Was ist der Weg der Kenntnis der Gr\u00f6\u00dferen Gemeinschaft?<\/a><\/p>\n<p>Kapitel 22: <a href=\"https:\/\/www.newmessage.org\/de\/die-botschaft\/band-2\/spiritualitat-der-groseren-gemeinschaft\/wo-ist-kenntnis-zu-finden\/\">Wo ist Kenntnis zu finden?<\/a><\/p>\n<p>Kapitel 23: <a href=\"https:\/\/www.newmessage.org\/de\/die-botschaft\/band-2\/spiritualitat-der-groseren-gemeinschaft\/wie-wird-kenntnis-in-der-groseren-gemeinschaft-umgesetzt\/\">Wie wird Kenntnis in der Gr\u00f6\u00dferen Gemeinschaft umgesetzt?<\/a><\/p>\n<p>Kapitel 24: <a href=\"https:\/\/www.newmessage.org\/de\/die-botschaft\/band-2\/spiritualitat-der-groseren-gemeinschaft\/was-sind-die-schritte-zur-kenntnis\/\">Was sind die Schritte zur Kenntnis?<\/a><\/p>\n<p>Kapitel 25: <a href=\"https:\/\/www.newmessage.org\/de\/die-botschaft\/band-2\/spiritualitat-der-groseren-gemeinschaft\/was-ist-gnade\/\">Was ist Gnade?<\/a><\/p>\n<p>Kapitel 26: <a href=\"https:\/\/www.newmessage.org\/de\/die-botschaft\/band-2\/spiritualitat-der-groseren-gemeinschaft\/wer-ist-jesus\/\">Wer ist Jesus?<\/a><\/p>\n<p>Kapitel 27: <a href=\"https:\/\/www.newmessage.org\/de\/die-botschaft\/band-2\/spiritualitat-der-groseren-gemeinschaft\/aus-was-besteht-die-evolution-der-religion-in-der-welt\/\">Aus was besteht die Entwicklung der Religion in der Welt?<\/a><\/p>\n<h4 class=\"text-color-gray-6\"><\/h4>\n<\/div>\n","protected":false},"excerpt":{"rendered":"<p>Spiritualit\u00e4t der Gr\u00f6\u00dferen Gemeinschaft pr\u00e4sentiert ein neues Verst\u00e4ndnis und eine gr\u00f6\u00dfere Erfahrung von Gott und menschlicher Spiritualit\u00e4t innerhalb einer gr\u00f6\u00dferen Arena intelligenten Lebens. Dies ist eine Spiritualit\u00e4t, die alle Grenzen von Rasse, Kultur, Religion und Sprache durchdringt und das Fundament f\u00fcr Anerkennung und Beziehung zwischen V\u00f6lkern, Nationen und Welten zur Verf\u00fcgung stellt. Das Buch Spiritualit\u00e4t\u2026 <a class=\"read-more\" href=\"https:\/\/www.v6.newmessage.org\/de\/die-botschaft\/band-2\/spiritualitat-der-groseren-gemeinschaft\/\"><span>Read More<\/span><\/a><\/p>\n","protected":false},"author":1,"featured_media":0,"parent":16312,"menu_order":0,"comment_status":"closed","ping_status":"closed","template":"template-leftsidebar.php","meta":{"_monsterinsights_skip_tracking":false,"_monsterinsights_sitenote_active":false,"_monsterinsights_sitenote_note":"","_monsterinsights_sitenote_category":0,"footnotes":""},"categories":[468,467],"tags":[174,751,752],"_links":{"self":[{"href":"https:\/\/www.v6.newmessage.org\/de\/wp-json\/wp\/v2\/pages\/13081"}],"collection":[{"href":"https:\/\/www.v6.newmessage.org\/de\/wp-json\/wp\/v2\/pages"}],"about":[{"href":"https:\/\/www.v6.newmessage.org\/de\/wp-json\/wp\/v2\/types\/page"}],"author":[{"embeddable":true,"href":"https:\/\/www.v6.newmessage.org\/de\/wp-json\/wp\/v2\/users\/1"}],"replies":[{"embeddable":true,"href":"https:\/\/www.v6.newmessage.org\/de\/wp-json\/wp\/v2\/comments?post=13081"}],"version-history":[{"count":65,"href":"https:\/\/www.v6.newmessage.org\/de\/wp-json\/wp\/v2\/pages\/13081\/revisions"}],"predecessor-version":[{"id":28577,"href":"https:\/\/www.v6.newmessage.org\/de\/wp-json\/wp\/v2\/pages\/13081\/revisions\/28577"}],"up":[{"embeddable":true,"href":"https:\/\/www.v6.newmessage.org\/de\/wp-json\/wp\/v2\/pages\/16312"}],"wp:attachment":[{"href":"https:\/\/www.v6.newmessage.org\/de\/wp-json\/wp\/v2\/media?parent=13081"}],"wp:term":[{"taxonomy":"category","embeddable":true,"href":"https:\/\/www.v6.newmessage.org\/de\/wp-json\/wp\/v2\/categories?post=13081"},{"taxonomy":"post_tag","embeddable":true,"href":"https:\/\/www.v6.newmessage.org\/de\/wp-json\/wp\/v2\/tags?post=13081"}],"curies":[{"name":"wp","href":"https:\/\/api.w.org\/{rel}","templated":true}]}}