{"id":13079,"date":"2014-07-24T21:54:21","date_gmt":"2014-07-24T21:54:21","guid":{"rendered":"http:\/\/www.newmessage.org\/?page_id=13079"},"modified":"2019-06-26T03:37:38","modified_gmt":"2019-06-26T03:37:38","slug":"leben-im-universum","status":"publish","type":"page","link":"https:\/\/www.v6.newmessage.org\/de\/die-botschaft\/band-4\/leben-im-universum\/","title":{"rendered":"Leben im Universum"},"content":{"rendered":"<div id=\"attachment_19362\" style=\"width: 244px\" class=\"wp-caption alignright\"><a href=\"https:\/\/www.newmessage.org\/wp-content\/uploads\/2015\/07\/volume4_book2.jpg\"><img loading=\"lazy\" decoding=\"async\" aria-describedby=\"caption-attachment-19362\" class=\"\" src=\"https:\/\/www.newmessage.org\/wp-content\/uploads\/2015\/07\/volume4_book2-199x300.jpg\" alt=\"\" width=\"234\" height=\"353\" \/><\/a><p id=\"caption-attachment-19362\" class=\"wp-caption-text\"><br \/>\u00a0<\/p><\/div>\n<p>Tausende von Jahren hat die Menschheit in den Nachthimmel geblickt und sich verwundert gefragt: wer ist da drau\u00dfen?<br \/>\nNun habt ihr die Chance, in den Nachthimmel zu reisen, \u00fcber Verwunderrung hinauszugehen und selbst die Realit\u00e4t und die Spiritualit\u00e4t des Lebens jenseits unserer Welt zu erfahren.<\/p>\n<p>Leben im Universum ist ein Fenster in die lebende Geschichte unseres Universums: die Realit\u00e4ten von Handel, Reise und Konflikt innerhalb der Gr\u00f6\u00dferen Gemeinschaft des intelligenten Lebens, der Geburt und des Todes von Zivilisationen \u00fcber die gesamten Sterne; und des gr\u00f6\u00dferen Plans und Zwecks des Sch\u00f6pfers, der den spirituellen Fortschritt des Lebens in allen Galaxien \u00fcberwacht.<\/p>\n<p>Gott warnt uns nun und bereitet uns auf unsere Bestimmung innerhalb der Gr\u00f6\u00dferen Gemeinschaft vor. Nur durch eine G\u00f6ttliche Offenbarung k\u00f6nnen wir dahin gelangen, solches zu verstehen und etwas \u00fcber die Wirklichkeit und Spiritualit\u00e4t des Lebens im Universum zu erfahren. Nun k\u00f6nnt ihr euch zum ersten Mal jenseits der Grenzen unserer Welt und in die riesige Arena des Lebens vorwagen, in die die Menschheit aufstrebt.<\/p>\n<p>Leben im Universum ist ein offenes Tor zu einer gr\u00f6\u00dferen menschlichen Erfahrung. Vor euch entfaltet sich eine Geschichte und eine Vision des lebenden Kosmos, die Komplexheit der Interaktionen zwischen Welten und die Zukunft, die uns erwartet, w\u00e4hrend wir in diese gr\u00f6\u00dfere, weitgestreckte Arena des Lebens eintreten. Ihr gelangt jenseits der Grenzen eines rein menschlichen Aussichtspunkts und taucht selbst in diese\u201cGr\u00f6\u00dfere Gemeinschaft\u201d ein, ein gr\u00f6\u00dferes Panorama des Lebens, das euch schon immer gerufen hat.<\/p>\n<p>Leben im Universum ist das zweite Buch von <a href=\"https:\/\/www.newmessage.org\/de\/die-botschaft\/band-4\/\">Band 4<\/a> der Neuen Botschaft von Gott.<\/p>\n<div class=\"menu-books\">\n<h2>Leben im Universum<\/h2>\n<h4>Inhaltsverzeichnis<\/h4>\n<p><a href=\"https:\/\/www.newmessage.org\/de\/die-botschaft\/band-4\/leben-im-universum\/leben-im-universum-einleitung\/\">Leben im Universum \u2013 Einleitung<\/a><\/p>\n<p>TEIL EINS &#8211; DIE REALIT\u00c4T DES INTELLIGENTEN LEBENS IM UNIVERSUM<\/p>\n<p>Kapitel 1: <a href=\"https:\/\/www.newmessage.org\/de\/die-botschaft\/band-4\/leben-im-universum\/konfrontation-mit-der-groseren-gemeinschaft-des-lebens\/\">Konfrontation mit der Gr\u00f6\u00dferen Gemeinschaft des Lebens<\/a><\/p>\n<p>Kapitel 2: <a href=\"https:\/\/www.newmessage.org\/de\/die-botschaft\/band-4\/leben-im-universum\/eine-kurze-geschichte-der-besuche-auf-der-erde\/\">Eine kurze Geschichte der Besuche auf der Erde<\/a><\/p>\n<p>Kapitel 3: <a href=\"https:\/\/www.newmessage.org\/de\/die-botschaft\/band-4\/leben-im-universum\/die-grenzen-der-raumfahrt\/\">Die Grenzen der Raumfahrt<\/a><\/p>\n<p>Kapitel 4: <a href=\"https:\/\/www.newmessage.org\/de\/die-botschaft\/band-4\/leben-im-universum\/handel-in-dieser-region-des-weltraums\/\">Handel in dieser Region des Weltraums<\/a><\/p>\n<p>Kapitel 5: <a href=\"https:\/\/www.newmessage.org\/de\/die-botschaft\/band-4\/leben-im-universum\/technologie-und-die-verschiedenen-wege-zur-stabilitat\/\">Technologie und die verschiedenen Wege zur Stabilit\u00e4t<\/a><\/p>\n<p>Kapitel 6: <a href=\"https:\/\/www.newmessage.org\/de\/die-botschaft\/band-4\/leben-im-universum\/familie-und-genmanipulation\/\">Familie und Genmanipulation<\/a><\/p>\n<p>Kapitel 7: <a href=\"https:\/\/www.newmessage.org\/de\/die-botschaft\/band-4\/leben-im-universum\/wettbewerb-einfluss-und-mentale-umgebung\/\">Wettbewerb, Einfluss und mentale Umgebung<\/a><\/p>\n<p>Kapitel 8: <a href=\"https:\/\/www.newmessage.org\/de\/die-botschaft\/band-4\/leben-im-universum\/freiheit-in-der-groseren-gemeinschaft\/\">Freiheit in der Gr\u00f6\u00dferen Gemeinschaft<\/a><\/p>\n<p>TEIL ZWEI &#8211; DIE SPIRITUALIT\u00c4T DES INTELLIGENTEN LEBENS IM UNIVERSUM<\/p>\n<p>Kapitel 9: <a href=\"https:\/\/www.newmessage.org\/de\/die-botschaft\/band-4\/leben-im-universum\/religion-in-der-groseren-gemeinschaft\/\">Religion in der Gr\u00f6\u00dferen Gemeinschaft<\/a><\/p>\n<p>Kapitel 10: <a href=\"https:\/\/www.newmessage.org\/de\/die-botschaft\/band-4\/leben-im-universum\/die-macht-der-kenntnis\/\">Die Macht der Kenntnis<\/a><\/p>\n<p>Kapitel 11: <a href=\"https:\/\/www.newmessage.org\/de\/die-botschaft\/band-4\/leben-im-universum\/unsichtbare-krafte-im-universum\/\">Unsichtbare Kr\u00e4fte im Universum<\/a><\/p>\n<p>Kapitel 12: <a href=\"https:\/\/www.newmessage.org\/de\/die-botschaft\/band-4\/leben-im-universum\/schopfung-und-bestimmung\/\">Sch\u00f6pfung und Bestimmung<\/a><\/p>\n<p>Kapitel 13 &#8211; <a href=\"https:\/\/www.newmessage.org\/de\/die-botschaft\/band-4\/leben-im-universum\/der-gott-der-groseren-gemeinschaft\/\">Der Gott der Gr\u00f6\u00dferen Gemeinschaft<\/a><\/p>\n<p>Kapitel 14: <a href=\"https:\/\/www.newmessage.org\/de\/die-botschaft\/band-4\/leben-im-universum\/eure-beziehung-zur-groseren-gemeinschaft\/\">Eure Beziehung zur Gr\u00f6\u00dferen Gemeinschaft<\/a><\/p>\n<p><a href=\"https:\/\/www.newmessage.org\/de\/die-botschaft\/band-4\/leben-im-universum\/mitteilung-von-marshall-vian-summers\/\">Mitteilung von Marshall Vian Summers<\/a><\/p>\n<\/div>\n","protected":false},"excerpt":{"rendered":"<p>Tausende von Jahren hat die Menschheit in den Nachthimmel geblickt und sich verwundert gefragt: wer ist da drau\u00dfen? Nun habt ihr die Chance, in den Nachthimmel zu reisen, \u00fcber Verwunderrung hinauszugehen und selbst die Realit\u00e4t und die Spiritualit\u00e4t des Lebens jenseits unserer Welt zu erfahren. Leben im Universum ist ein Fenster in die lebende Geschichte\u2026 <a class=\"read-more\" href=\"https:\/\/www.v6.newmessage.org\/de\/die-botschaft\/band-4\/leben-im-universum\/\"><span>Read More<\/span><\/a><\/p>\n","protected":false},"author":1,"featured_media":0,"parent":16316,"menu_order":1,"comment_status":"closed","ping_status":"closed","template":"template-leftsidebar.php","meta":{"_monsterinsights_skip_tracking":false,"_monsterinsights_sitenote_active":false,"_monsterinsights_sitenote_note":"","_monsterinsights_sitenote_category":0,"footnotes":""},"categories":[472,471],"tags":[816,817,815],"_links":{"self":[{"href":"https:\/\/www.v6.newmessage.org\/de\/wp-json\/wp\/v2\/pages\/13079"}],"collection":[{"href":"https:\/\/www.v6.newmessage.org\/de\/wp-json\/wp\/v2\/pages"}],"about":[{"href":"https:\/\/www.v6.newmessage.org\/de\/wp-json\/wp\/v2\/types\/page"}],"author":[{"embeddable":true,"href":"https:\/\/www.v6.newmessage.org\/de\/wp-json\/wp\/v2\/users\/1"}],"replies":[{"embeddable":true,"href":"https:\/\/www.v6.newmessage.org\/de\/wp-json\/wp\/v2\/comments?post=13079"}],"version-history":[{"count":136,"href":"https:\/\/www.v6.newmessage.org\/de\/wp-json\/wp\/v2\/pages\/13079\/revisions"}],"predecessor-version":[{"id":28030,"href":"https:\/\/www.v6.newmessage.org\/de\/wp-json\/wp\/v2\/pages\/13079\/revisions\/28030"}],"up":[{"embeddable":true,"href":"https:\/\/www.v6.newmessage.org\/de\/wp-json\/wp\/v2\/pages\/16316"}],"wp:attachment":[{"href":"https:\/\/www.v6.newmessage.org\/de\/wp-json\/wp\/v2\/media?parent=13079"}],"wp:term":[{"taxonomy":"category","embeddable":true,"href":"https:\/\/www.v6.newmessage.org\/de\/wp-json\/wp\/v2\/categories?post=13079"},{"taxonomy":"post_tag","embeddable":true,"href":"https:\/\/www.v6.newmessage.org\/de\/wp-json\/wp\/v2\/tags?post=13079"}],"curies":[{"name":"wp","href":"https:\/\/api.w.org\/{rel}","templated":true}]}}