{"id":13077,"date":"2014-07-24T21:53:57","date_gmt":"2014-07-24T21:53:57","guid":{"rendered":"http:\/\/www.newmessage.org\/?page_id=13077"},"modified":"2019-06-26T03:34:26","modified_gmt":"2019-06-26T03:34:26","slug":"schritte-zur-kenntnis","status":"publish","type":"page","link":"https:\/\/www.v6.newmessage.org\/de\/die-botschaft\/band-3\/schritte-zur-kenntnis\/","title":{"rendered":"Schritte zur Kenntnis"},"content":{"rendered":"<p><i><span style=\"font-weight: 400;\"><img loading=\"lazy\" decoding=\"async\" class=\"imgborder alignright wp-image-28110\" src=\"https:\/\/www.newmessage.org\/de\/wp-content\/uploads\/sites\/48\/2014\/07\/STK-German-400x600.jpg\" alt=\"\" width=\"300\" height=\"450\" srcset=\"https:\/\/www.v6.newmessage.org\/de\/wp-content\/uploads\/sites\/48\/2014\/07\/STK-German-400x600.jpg 400w, https:\/\/www.v6.newmessage.org\/de\/wp-content\/uploads\/sites\/48\/2014\/07\/STK-German-200x300.jpg 200w, https:\/\/www.v6.newmessage.org\/de\/wp-content\/uploads\/sites\/48\/2014\/07\/STK-German-500x750.jpg 500w, https:\/\/www.v6.newmessage.org\/de\/wp-content\/uploads\/sites\/48\/2014\/07\/STK-German.jpg 600w\" sizes=\"(max-width: 300px) 100vw, 300px\" \/>Schritte zur Kenntnis <\/span><\/i><span style=\"font-weight: 400;\"> nimmt dich mit auf die Reise der Entdeckung der Kenntnis, der mysteri\u00f6sen Quelle deiner inneren Macht und Autorit\u00e4t, die dir von Gott gegeben wurde, um dich zu f\u00fchren und zu sch\u00fctzen. Wenn du dieser Kenntnis folgst, f\u00fchrt sie dich zu den wesentlichen Beziehungen, die du finden musst und um deinen h\u00f6heren Zweck im Leben zu erf\u00fcllen.<\/span><\/p>\n<p><i><span style=\"font-weight: 400;\">Schritte zur Kenntnis <\/span><\/i><span style=\"font-weight: 400;\">bietet die Lektionen und \u00dcbungen, die f\u00fcr das Erlernen und Leben der Neuen Botschaft von Gott notwendig sind. Sie wurden in einem Format f\u00fcr das Selbststudium vorgelegt und enthalten 365 Schritte (t\u00e4gliche \u00dcbungen), die dich lehren, wie man mit Gewissheit und der Autorit\u00e4t, die der Sch\u00f6pfer dir gegeben hat, sieht, wei\u00df und handelt. Es ist das vollendete Studium der wahren Selbstbestimmung und des inneren Wissens.<\/span><\/p>\n<p><i><span style=\"font-weight: 400;\">Schritte zur Kenntnis<\/span><\/i><span style=\"font-weight: 400;\"> ist f\u00fcr diejenigen gedacht, die bereit sind, ihr gr\u00f6\u00dferes Werk im Leben zu erbringen und die erkennen, dass sie hier sind, um einen Beitrag f\u00fcr die Welt zu diesem kritischen Wendepunkt in unserer Geschichte zu leisten. Dieses Buch ist hier, um ihnen zu dienen.<\/span><\/p>\n<p><span style=\"line-height: 1.5;\"><i><span style=\"font-weight: 400;\">Schritte zur Kenntnis<\/span><\/i> ist das erste Buch von <a href=\"https:\/\/www.newmessage.org\/de\/die-botschaft\/band-3\/\">Band 3<\/a> der Neuen Botschaft von Gott.<\/span><\/p>\n<p><a href=\"https:\/\/www.newmessage.org\/de\/die-botschaft\/band-3\/schritte-zur-kenntnis\/einfuhrung\/\">Einf\u00fchrung<\/a><\/p>\n<p>TEIL EINS: <a href=\"https:\/\/www.newmessage.org\/de\/die-botschaft\/band-3\/schritte-zur-kenntnis\/teil-eins-schritt-1-182\/\">Schritt 1-182<\/a><\/p>\n<p>TEIL ZWEI: <a href=\"https:\/\/www.newmessage.org\/de\/die-botschaft\/band-3\/schritte-zur-kenntnis\/teil-zwei-schritt-183-350\/\">Schritt 183-350<\/a><\/p>\n<p>FINALE LEKTIONEN: <a href=\"https:\/\/www.newmessage.org\/de\/die-botschaft\/band-3\/schritte-zur-kenntnis\/finale-lektionen-schritt-351-365\/\">Schritt 351-365<\/a><\/p>\n","protected":false},"excerpt":{"rendered":"<p>Schritte zur Kenntnis nimmt dich mit auf die Reise der Entdeckung der Kenntnis, der mysteri\u00f6sen Quelle deiner inneren Macht und Autorit\u00e4t, die dir von Gott gegeben wurde, um dich zu f\u00fchren und zu sch\u00fctzen. Wenn du dieser Kenntnis folgst, f\u00fchrt sie dich zu den wesentlichen Beziehungen, die du finden musst und um deinen h\u00f6heren Zweck\u2026 <a class=\"read-more\" href=\"https:\/\/www.v6.newmessage.org\/de\/die-botschaft\/band-3\/schritte-zur-kenntnis\/\"><span>Read More<\/span><\/a><\/p>\n","protected":false},"author":1,"featured_media":0,"parent":16314,"menu_order":1,"comment_status":"closed","ping_status":"closed","template":"template-leftsidebar.php","meta":{"_monsterinsights_skip_tracking":false,"_monsterinsights_sitenote_active":false,"_monsterinsights_sitenote_note":"","_monsterinsights_sitenote_category":0,"footnotes":""},"categories":[335,470],"tags":[890,891],"_links":{"self":[{"href":"https:\/\/www.v6.newmessage.org\/de\/wp-json\/wp\/v2\/pages\/13077"}],"collection":[{"href":"https:\/\/www.v6.newmessage.org\/de\/wp-json\/wp\/v2\/pages"}],"about":[{"href":"https:\/\/www.v6.newmessage.org\/de\/wp-json\/wp\/v2\/types\/page"}],"author":[{"embeddable":true,"href":"https:\/\/www.v6.newmessage.org\/de\/wp-json\/wp\/v2\/users\/1"}],"replies":[{"embeddable":true,"href":"https:\/\/www.v6.newmessage.org\/de\/wp-json\/wp\/v2\/comments?post=13077"}],"version-history":[{"count":163,"href":"https:\/\/www.v6.newmessage.org\/de\/wp-json\/wp\/v2\/pages\/13077\/revisions"}],"predecessor-version":[{"id":28113,"href":"https:\/\/www.v6.newmessage.org\/de\/wp-json\/wp\/v2\/pages\/13077\/revisions\/28113"}],"up":[{"embeddable":true,"href":"https:\/\/www.v6.newmessage.org\/de\/wp-json\/wp\/v2\/pages\/16314"}],"wp:attachment":[{"href":"https:\/\/www.v6.newmessage.org\/de\/wp-json\/wp\/v2\/media?parent=13077"}],"wp:term":[{"taxonomy":"category","embeddable":true,"href":"https:\/\/www.v6.newmessage.org\/de\/wp-json\/wp\/v2\/categories?post=13077"},{"taxonomy":"post_tag","embeddable":true,"href":"https:\/\/www.v6.newmessage.org\/de\/wp-json\/wp\/v2\/tags?post=13077"}],"curies":[{"name":"wp","href":"https:\/\/api.w.org\/{rel}","templated":true}]}}