{"id":12748,"date":"2014-07-19T02:31:12","date_gmt":"2014-07-19T02:31:12","guid":{"rendered":"http:\/\/www.newmessage.org\/?page_id=12748"},"modified":"2017-07-11T01:06:57","modified_gmt":"2017-07-11T01:06:57","slug":"informationen-uber-die-neue-botschaft","status":"publish","type":"page","link":"https:\/\/www.v6.newmessage.org\/de\/informationen-uber-die-neue-botschaft\/","title":{"rendered":"Einleitung &#8211; Informationen \u00dcber die Neue Botschaft"},"content":{"rendered":"<p><a href=\"\/wp-content\/uploads\/2014\/08\/God-has-spoken-again-1.jpg\"><img loading=\"lazy\" decoding=\"async\" class=\"imgborder alignright \" src=\"\/wp-content\/uploads\/2014\/08\/God-has-spoken-again-1-400x600.jpg\" alt=\"God Has Spoken Again. The Word and the Sound are in the world.\" width=\"330\" height=\"495\" \/><\/a><\/p>\n<h3 style=\"text-align: center\">\u00dcber die Neue Botschaft<\/h3>\n<p>Willkommen bei der Neuen Botschaft von Gott. Bemerkenswerter Weise hast Du die Neue Botschaft von Gott gefunden oder vielleicht hat sie Dich gefunden. Es ist kein Zufall, dass dies geschehen ist.<\/p>\n<p>Gott hat erneut gesprochen. Es ist eine Neue Botschaft von Gott in der Welt. Dies ist das Wunder von Gottes Liebe und Mitteilung f\u00fcr die Menschheit, die sich in unserer Zeit entfaltet und du bist unter den ersten, die davon erfahren.<br \/>\nDie Neue Botschaft von Gott ist eine Originalmitteilung von Gott an alle Menschen auf der Welt. Dies ist ein Geschenk der Mitteilung und Offenbarung f\u00fcr die Menschen aller Nationen und Glaubensrichtungen, nun gegeben einer gebildeten Welt der globalen Kommunikation und des wachsenden globalen Bewusstseins.<br \/>\nDie Neue Botschaft ist nicht nur f\u00fcr einen Stamm, eine Nation oder eine Glaubensgruppe. Sie ist Gottes Mitteilung an die ganze Welt.<br \/>\nDiese Mitteilung hat die Macht, das spirituelle Herz der Menschheit zu z\u00fcnden, um Gottes Ruf nach Einheit unter den Weltnationen und -religionen erschallen zu lassen und die Menschheit auf die sich radikal wandelnde Welt vorzubereiten und auf ihre Bestimmung in einem gr\u00f6\u00dferen Universum intelligenten Lebens.<br \/>\nDie Neue Botschaft wurde \u00fcber einen Zeitraum von mehr als 43 Jahren <a href=\"https:\/\/www.newmessage.org\/de\/der-bote\/wer-ist-marshall-vian-summers\/\">Marshall Vian Summers<\/a> \u00fcberbracht. Er hat eine lange und anstrengende Reise unternommen, um Gottes Neue Botschaft zu empfangen und sie dir und allen zu \u00fcberbringen, die sie empfangen k\u00f6nnen. Er ist ein einfacher Mann, der zu diesem Zweck in die Welt gesandt wurde, um der Bote f\u00fcr die Neue Botschaft von Gott zu sein. <\/p>\n<h3 style=\"text-align: center\">Warum du?<\/h3>\n<p>Warum bist du hier angekommen? Warum hast du die Neue Botschaft von Gott gefunden? Es mag wie ein Mysterium erscheinen oder wie eine rein zuf\u00e4llige Chance. Aber in Wirklichkeit gibt es einen Grund, weshalb du die Neue Botschaft zu dieser Zeit gefunden hast.<br \/>\nDenn Gott ruft \u00fcber die ganze Welt viele Menschen auf, zu erwachen und sich auf ein neues und gr\u00f6\u00dferes Leben vorzubereiten \u2013 ein Leben des Zwecks, der Beziehung und des Beitrags an eine Welt in Not. Gott und der  <a href=\"https:\/\/www.newmessage.org\/de\/wichtige-begriffe#aa\">Engelsrat <\/a>rufen viele Menschen auf, ihren H\u00f6heren Zweck zu entdecken und der Menschheit jetzt und in den schwierigen Zeiten zu dienen, die vor uns liegen.<br \/>\nBist du einer von diesen Menschen? F\u00fchlst du, dass dein Leben einen H\u00f6heren Zweck und eine Bestimmung jenseits deiner weltlichen Umst\u00e4nde hat? F\u00fchlst du, dass es andere gibt, die du finden musst, deren Zweck und Bestimmung mit deinen verkn\u00fcpft ist? Sp\u00fcrst du, dass die Welt auf eine schwierige Zukunft zusteuert und dass du herausfinden musst, was dies bedeutet und wie du dich vorbereiten kannst?<br \/>\nFalls ja, dann kann deine Entdeckung der Neuen Botschaft ein Rendezvous mit deiner Bestimmung sein. Denn die Neue Botschaft gibt eine Antwort auf all diese Fragen und so viel mehr.<br \/>\nDie Neue Botschaft bietet einen klaren Weg f\u00fcr die Entwicklung der Kenntnis(Knowledge), der tieferen Intelligenz, die in dir lebt, die allein deinen h\u00f6heren Zweck und die vorbestimmten Beziehungen in der Welt enth\u00fcllen kann.<\/p>\n<h3 style=\"text-align: center\"> Warum jetzt?<\/h3>\n<p>Bemerkenswerter Weise lebst du an einem gro\u00dfen Wendepunkt in der menschlichen Geschichte. Dies ist eine Zeit von nie dagewesenem Wandel, der Herausforderung und der Gelegenheit, die sich den Menschen \u00fcberall bietet.<br \/>\nNiemals vorher war das Risiko des Krieges, des religi\u00f6sen Konfliktes, des katastrophalen Klimawandels und des menschlichen Leides  erschreckender. Und doch war zu keiner Zeit die Gelegenheit f\u00fcr eine Einheit der Welt und eine globale Zusammenarbeit gr\u00f6\u00dfer.<br \/>\nOhne R\u00fccksicht darauf, wo du geboren bist, wie du aufgezogen wurdest oder wie deine gegenw\u00e4rtigen Umst\u00e4nde sind, du bist ein Teil von diesem definierenden Kapitel der Geschichte. Die Neue Botschaft lehrt, dass jeder von uns gew\u00e4hlt hat, zu dieser Zeit in die Welt zu kommen, um einer strauchelnden Menschheit zu dienen und einen Beitrag zu leisten, um das spirituelle Leben im Herzen der Menschheit am Leben zu erhalten und das Geschenk der Gnade und Weisheit von unserer <a href=\"https:\/\/www.newmessage.org\/de\/wichtige-begriffe#home\">Uralten Heimat<\/a> zu bringen und der Welt zu dienen, w\u00e4hrend sie vor ihren gr\u00f6\u00dften Pr\u00fcfungen steht. \u00dcberlege selbst: ist das der Grund, weshalb du hier bist?<br \/>\nDie Jahrzehnte, die vor uns liegen, werden das Los der Menschheit bestimmen. Es sind die Handlungen und Entscheidungen jeder Person jetzt und in den kommenden Jahren, die \u00fcber das Schicksal und die Zukunft der menschlichen Familie entscheiden werden. In den Jahren vor uns wird die Menschheit entweder einen neuen Weg hin zur Einheit und Zusammenarbeit oder eine Zukunft des permanenten Konflikts und Verfalls w\u00e4hlen. Das ist der Grund, weshalb wir an dieser gro\u00dfen Schwelle stehen, dass Gott erneut gesprochen hat. <\/p>\n<h3 style=\"text-align: center\">Warum eine Neue Botschaft?<\/h3>\n<p>Die Neue Botschaft von Gott ist aufgrund von vier grundlegenden Krisen gekommen, die nun in der Welt entstehen:<br \/>\n1.\tDie <a href=\"https:\/\/www.newmessage.org\/de\/wichtige-begriffe#gwoc\">Gro\u00dfen Wellen<\/a> des umweltspezifischen, sozialen und wirtschaftlichen Wandels und der damit verbundenen Aufruhr schlagen nun \u00fcber der Menschheit zusammen und bringen das Risiko von Krieg und menschlichem Leiden auf einer Skala mit sich, die es nie vorher gegeben hat. Die Menschheit hat eine globale Katastrophe geschaffen, die die Macht hat, die Welt, wie wir sie kennen, zu ver\u00e4ndern. Denn darauf sind wir nicht vorbereitet. \u00dcber die Neue Botschaft bietet Gott einen neuen Weg nach vorn f\u00fcr die Menschheit und eine Route der inneren und \u00e4u\u00dferen Vorbereitung, der jede Person folgen kann.<br \/>\n2.\tDie Menschheit strebt in eine  <a href=\"https:\/\/www.newmessage.org\/de\/wichtige-begriffe#gc\">Gr\u00f6\u00dfere Gemeinschaft <\/a> des intelligenten Lebens im Universum auf. Der Kontakt wurde von jenen begonnen, die versuchen, sich eine schwache und geteilte Menschheit zunutze zu machen. Darauf ist die Menschheit nicht vorbereitet. Denn zum ersten Mal enth\u00fcllt Gott die wahre Natur dieses Kontaktes und damit die Realit\u00e4t und Spiritualit\u00e4t des Lebens im Universum. Dies ist der gr\u00f6\u00dfere Kontext f\u00fcr das Verst\u00e4ndnis der Evolution und Bestimmung der Menschheit und wie Gott in dieser Welt und in allen Welten am Werk ist.<br \/>\n3.\tDie Weltreligionen sind geteilt und stehen miteinander im Wettbewerb und sogar in sich selbst. Aufgrund dieses wachsenden Wettbewerbs und Konfliktes schw\u00e4chen sie die menschliche Familie und verursachen gro\u00dfen Streit und Teilung zu einer Zeit, wenn der Aufbau der menschlichen Einheit von gr\u00f6\u00dfter Bedeutung ist. Die Neue Botschaft lehrt, dass Gott alle Weltreligionen initiiert hat und sie alle vom Menschen ver\u00e4ndert worden sind.<br \/>\n4.\tEine gro\u00dfe innere Armut wird von den Menschen \u00fcberall in den L\u00e4ndern, ob arm oder reich, gesp\u00fcrt, eine Losl\u00f6sung von dem Sinn der Gr\u00f6\u00dferen Bedeutung, der Beziehung und Richtung im Leben. Die Menschen rund um die Welt leben und leiden mit einem tiefen spirituellen Sehnen. Gott hat auf dieses Bed\u00fcrfnis und Sehnen geantwortet, in dem er die spirituelle Macht der  Kenntnis  in jeder Person weckt, die reagieren kann. <a href=\"https:\/\/www.newmessage.org\/de\/wichtige-begriffe#knowledge\">Kenntnis <\/a>ist unsere Verbindung zu Gott.  Sie werden Individuen sein, die von dieser Kenntnis gef\u00fchrt werden, was den ganzen Unterschied ausmacht bei der Entscheidung des Schicksals und der Zukunft unserer Welt. Infolge dieser vier Krisen hat Gott erneut zur Welt gesprochen mit einer Warnung, einem Segen und einer Vorbereitung f\u00fcr alle Nationen, St\u00e4mme und Religionen der Menschheit. <\/p>\n<h3 style=\"text-align: center\">Unsere Bestimmung<\/h3>\n<p>Die Neue Botschaft enth\u00fcllt, dass die Menschheit eine gr\u00f6\u00dfere Bestimmung als eine freie und geeinte Rasse in unserer Welt und in der  <a href=\"https:\/\/www.newmessage.org\/de\/wichtige-begriffe\/\">Gr\u00f6\u00dferen Gemeinschaft<\/a> des Lebens im Universum hat. Die Menschheit hat die Macht, Konflikte zu l\u00f6sen und die Umwelt der Erde als ihre bleibende Heimat in der Zukunft wiederherzustellen. Die Menschheit hat gro\u00dfe spirituelle Gaben und F\u00e4higkeiten, die weltweit gesch\u00fctzt, vorangebracht und kultiviert werden m\u00fcssen. Dies ist die gro\u00dfe Gelegenheit und die gro\u00dfe Notwendigkeit, die nun vor uns liegt.<br \/>\nWie kann das jedoch getan werden? Wie kann die Menschheit diesen unbek\u00fcmmerten und  verh\u00e4ngnisvollen Kurs verlassen, auf dem sie sich gegenw\u00e4rtig befindet? Wenn die <a href=\"https:\/\/www.newmessage.org\/de\/wichtige-begriffe#gwoc\">Gro\u00dfen Wellen<\/a>   des umweltspezifischen, politischen und wirtschaftlichen Wandels die Selbstinteressen und die pers\u00f6nliche Sicherheit aller Menschen bedrohen, was kann dann eine gr\u00f6\u00dfere Motivation und Inspiration in der menschlichen Familie inspirieren und einfl\u00f6\u00dfen?<br \/>\nLetztendlich ist es <a href=\"https:\/\/www.newmessage.org\/de\/wichtige-begriffe#knowledge\">Kenntnis<\/a>, die tiefere spirituelle Macht in allen Menschen, die die Handlungen und Motivationen in allen Menschen inspirieren kann, die f\u00fcr jede Person n\u00f6tig sind, um ihren h\u00f6heren Zweck im Leben zu finden und schlie\u00dflich f\u00fcr die Menschheit Einheit und Zusammenarbeit zu w\u00e4hlen anstelle von Wettbewerb, Teilung und Krieg.<br \/>\nGott hat eine Neue Botschaft gesandt, um diese spirituelle Macht in allen Menschen zu erwecken und eine gr\u00f6\u00dfere Vision und F\u00e4higkeit zu inspirieren, um eine weit bessere Zukunft als unsere Vergangenheit aufzubauen. Hier wirkt Gott durch Individuen von allen Nationen und Glaubenstraditionen in allen Situationen von innen nach au\u00dfen.<br \/>\nGro\u00dfe Unterst\u00fctzung wird nun der Welt von Gott und vom  <a href=\"https:\/\/www.newmessage.org\/de\/wichtige-begriffe#aa\">Engelsrat <\/a>gegeben, der den Willen Gottes in menschliche Sprache und Verst\u00e4ndnis \u00fcbersetzt. Die Unterst\u00fctzung ist gekommen. Gott hat erneut gesprochen. Es gibt einen neuen Weg vorw\u00e4rts f\u00fcr dich und f\u00fcr die ganze Welt.<\/p>\n<h3 style=\"text-align: center\"> Wo ist zu beginnen?<\/h3>\n<p>Du hast die Neue Botschaft von Gott gefunden, aber was bedeutet das? Was machst du als n\u00e4chstes? Nimm dir Zeit, die Bedeutung dieser Entdeckung zu erfassen und diese n\u00e4chsten Schritte zu ber\u00fccksichtigen, die du unternehmen kannst.<\/p>\n","protected":false},"excerpt":{"rendered":"<p>\u00dcber die Neue Botschaft Willkommen bei der Neuen Botschaft von Gott. Bemerkenswerter Weise hast Du die Neue Botschaft von Gott gefunden oder vielleicht hat sie Dich gefunden. Es ist kein Zufall, dass dies geschehen ist. Gott hat erneut gesprochen. Es ist eine Neue Botschaft von Gott in der Welt. Dies ist das Wunder von Gottes\u2026 <a class=\"read-more\" href=\"https:\/\/www.v6.newmessage.org\/de\/informationen-uber-die-neue-botschaft\/\"><span>Read More<\/span><\/a><\/p>\n","protected":false},"author":1,"featured_media":0,"parent":0,"menu_order":25,"comment_status":"closed","ping_status":"closed","template":"","meta":{"_monsterinsights_skip_tracking":false,"_monsterinsights_sitenote_active":false,"_monsterinsights_sitenote_note":"","_monsterinsights_sitenote_category":0,"footnotes":""},"categories":[],"tags":[947,950,948],"_links":{"self":[{"href":"https:\/\/www.v6.newmessage.org\/de\/wp-json\/wp\/v2\/pages\/12748"}],"collection":[{"href":"https:\/\/www.v6.newmessage.org\/de\/wp-json\/wp\/v2\/pages"}],"about":[{"href":"https:\/\/www.v6.newmessage.org\/de\/wp-json\/wp\/v2\/types\/page"}],"author":[{"embeddable":true,"href":"https:\/\/www.v6.newmessage.org\/de\/wp-json\/wp\/v2\/users\/1"}],"replies":[{"embeddable":true,"href":"https:\/\/www.v6.newmessage.org\/de\/wp-json\/wp\/v2\/comments?post=12748"}],"version-history":[{"count":71,"href":"https:\/\/www.v6.newmessage.org\/de\/wp-json\/wp\/v2\/pages\/12748\/revisions"}],"predecessor-version":[{"id":28131,"href":"https:\/\/www.v6.newmessage.org\/de\/wp-json\/wp\/v2\/pages\/12748\/revisions\/28131"}],"wp:attachment":[{"href":"https:\/\/www.v6.newmessage.org\/de\/wp-json\/wp\/v2\/media?parent=12748"}],"wp:term":[{"taxonomy":"category","embeddable":true,"href":"https:\/\/www.v6.newmessage.org\/de\/wp-json\/wp\/v2\/categories?post=12748"},{"taxonomy":"post_tag","embeddable":true,"href":"https:\/\/www.v6.newmessage.org\/de\/wp-json\/wp\/v2\/tags?post=12748"}],"curies":[{"name":"wp","href":"https:\/\/api.w.org\/{rel}","templated":true}]}}