{"id":9,"date":"2012-06-29T14:02:34","date_gmt":"2012-06-29T14:02:34","guid":{"rendered":"http:\/\/churchope.themoholics.com\/?page_id=9"},"modified":"2017-11-22T18:30:42","modified_gmt":"2017-11-22T18:30:42","slug":"det-nye-budskab-fra-gud","status":"publish","type":"page","link":"https:\/\/www.v6.newmessage.org\/da\/","title":{"rendered":"Det Nye Budskab fra Gud"},"content":{"rendered":"<div class=\"two_third \" ><\/p>\n<div class=\"panel-20 border-rounded-12 background-color-gray-gallery\"><span class=\"text-color-pirate-gold font-size-36 \">Om Det Nye Budskab<\/span><br \/>\n<span class=\"text-color-gray-5 font-size-20\">Det Nye Budskab fra Gud<\/span> er en \u00e6gte kommunikation fra Skaberen, der er kommet p\u00e5 et tidspunkt for store forandringer, konflikter og omv\u00e6ltninger. Modtaget over en 30 \u00e5rs periode af Budbringeren Marshall Vian Summers, er denne \u00e5benbaring ikke baseret p\u00e5 nogen religi\u00f8s tradition eller spirituel l\u00e6re. Det Nye Budskab \u00e6rer den blivende sandhed i alle de store Budskaber, som Skaberen nogensinde har givet til verden, og dog er det ulig noget, der f\u00f8r er blevet \u00e5benbaret for menneskeheden. Det er en ny \u00e5benbaring om menneskehedens spiritualitets virkelige natur, den store forandring, der kommer til verden og menneskehedens fremtid og sk\u00e6bne i et St\u00f8rre F\u00e6llesskab af intelligent liv i universet.<\/div>\n<p><\/div>\n<div><\/div>\n<div class=\"one_third last\" >\n<div class=\"panel-20 border-rounded-12 background-color-gray-gallery\"><span class=\"text-color-pirate-gold font-size-36\">OPLEV<\/span><br \/>\n<span class=\"text-color-gray-5 font-size-20\">Budskabet<\/span><br \/>\n<iframe loading=\"lazy\" width=\"100%\" height=\"250px\" frameborder=\"0\" src=\"https:\/\/www.youtube.com\/embed\/eZezTsbywqg\"><\/iframe><\/div>\n<p><\/div><br \/>\n<div class=\"two_third \" ><\/p>\n<div class=\"panel-20 border-rounded-12 background-color-gray-gallery\">\n<div class=\"home_feed_available_online\"><style>\nh3.hungryfeed_feed_title {}\r\ndiv.hungryfeed_feed_description {}\r\ndiv.hungryfeed_feed_content {}\r\ndiv.hungryfeed_items {}\r\ndiv.hungryfeed_item {margin-bottom: 10px;}\r\ndiv.hungryfeed_item_title {font-weight: bold;}\r\ndiv.hungryfeed_item_description {}\r\ndiv.hungryfeed_item_author {}\r\ndiv.hungryfeed_item_date {}\n<\/style>\n<script type=\"text\/javascript\">\r\n\/\/ Custom Javascript here...\r\n<\/script>\n<div style=\"margin:5px 0px 5px 0px;padding:10px;border: solid 1px red; background-color: #ff6666; color: black;\">\r\nHungryFEED can't get feed.  Don't be mad at HungryFEED. SimplePie reported: cURL error 22: The requested URL returned error: 403\r\n<\/div><\/div>\n<hr \/>\n<p><span class=\"text-color-pirate-gold font-size-32\"> Det Nye Budskabs <\/span><span class=\"text-color-gray-5 font-size-24 \">frie skole<\/span><\/p>\n<p>Den Frie Skole er et globalt f\u00e6llesskab af mennesker, der studerer Det Nye Budskab fra Gud og deler det med andre. Skolen byder p\u00e5 et online milj\u00f8 for individuelt studium, studiepartnerskaber,<img loading=\"lazy\" decoding=\"async\" class=\"alignleft \" src=\"https:\/\/www.newmessage.org\/spanish-international\/wp-content\/uploads\/sites\/40\/2012\/06\/school-e1450302200653.jpg\" alt=\"\" width=\"452\" height=\"166\" \/> internationale sammenkomster, udsendelsesarrangementer og udveksling for at uddybe din oplevelse af Det Nye Budskab og forbinde dig med andre studerende fra rundt omkring i verden.<\/p>\n<a class='simple_button_link ' style='background-color: #4f8fd6' href='\/free-school'   ><span>Klik her for mere information om den frie skole<\/span><\/a>\n<\/div>\n<p><\/div>\n<div class=\"one_third last\" ><\/p>\n<div class=\"border-rounded-12 panel-20 background-color-gray-gallery\">\n<a href=\"http:\/\/www.detnyebudskabfragud.org\/gud-har-talt-igen\/\"><img loading=\"lazy\" decoding=\"async\" class=\"imgborder alignnone wp-image-26846 size-medium\" src=\"https:\/\/www.newmessage.org\/da\/wp-content\/uploads\/sites\/43\/2014\/10\/GHS-Danish-frontcover-6x9-200x300.jpg\" alt=\"GHS Danish frontcover-6x9\" width=\"200\" height=\"300\" srcset=\"https:\/\/www.v6.newmessage.org\/da\/wp-content\/uploads\/sites\/43\/2014\/10\/GHS-Danish-frontcover-6x9-200x300.jpg 200w, https:\/\/www.v6.newmessage.org\/da\/wp-content\/uploads\/sites\/43\/2014\/10\/GHS-Danish-frontcover-6x9-768x1151.jpg 768w, https:\/\/www.v6.newmessage.org\/da\/wp-content\/uploads\/sites\/43\/2014\/10\/GHS-Danish-frontcover-6x9-400x600.jpg 400w, https:\/\/www.v6.newmessage.org\/da\/wp-content\/uploads\/sites\/43\/2014\/10\/GHS-Danish-frontcover-6x9.jpg 1803w\" sizes=\"(max-width: 200px) 100vw, 200px\" \/><\/a><\/p>\n<p>Har Gud talt igen? Er dette det Budskab, du har ledt efter? L\u00e6s \u00c5benbaringens ord i denne bog og p\u00e5 et dybere niveau vil du vide, hvorvidt det er \u00e6gte, \u00e6rligt og rent, selv hvis det adskiller sig fra, hvad du for \u00f8jeblikket tror. Det er denne indre viden og bekr\u00e6ftelse, der p\u00e5 ny kan kalde dig til dybden og kraften af din forbindelse\u00a0til Gud&#8230;<\/p>\n<p><a href=\"http:\/\/www.detnyebudskabfragud.org\/gud-har-talt-igen\/\">Vid mere<\/a>&#8230;<\/p>\n<p><\/div>\n","protected":false},"excerpt":{"rendered":"Om Det Nye Budskab Det Nye Budskab fra Gud er en \u00e6gte kommunikation fra Skaberen, der er kommet p\u00e5 et tidspunkt for store forandringer, konflikter og omv\u00e6ltninger. Modtaget over en 30 \u00e5rs periode af Budbringeren Marshall Vian Summers, er denne \u00e5benbaring ikke baseret p\u00e5 nogen religi\u00f8s tradition eller spirituel l\u00e6re. Det Nye Budskab \u00e6rer den\u2026 <a class=\"read-more\" href=\"https:\/\/www.v6.newmessage.org\/da\/\"><span>Read More<\/span><\/a>","protected":false},"author":1,"featured_media":0,"parent":0,"menu_order":19,"comment_status":"closed","ping_status":"closed","template":"","meta":{"_monsterinsights_skip_tracking":false,"_monsterinsights_sitenote_active":false,"_monsterinsights_sitenote_note":"","_monsterinsights_sitenote_category":0,"footnotes":""},"categories":[],"tags":[],"_links":{"self":[{"href":"https:\/\/www.v6.newmessage.org\/da\/wp-json\/wp\/v2\/pages\/9"}],"collection":[{"href":"https:\/\/www.v6.newmessage.org\/da\/wp-json\/wp\/v2\/pages"}],"about":[{"href":"https:\/\/www.v6.newmessage.org\/da\/wp-json\/wp\/v2\/types\/page"}],"author":[{"embeddable":true,"href":"https:\/\/www.v6.newmessage.org\/da\/wp-json\/wp\/v2\/users\/1"}],"replies":[{"embeddable":true,"href":"https:\/\/www.v6.newmessage.org\/da\/wp-json\/wp\/v2\/comments?post=9"}],"version-history":[{"count":403,"href":"https:\/\/www.v6.newmessage.org\/da\/wp-json\/wp\/v2\/pages\/9\/revisions"}],"predecessor-version":[{"id":27172,"href":"https:\/\/www.v6.newmessage.org\/da\/wp-json\/wp\/v2\/pages\/9\/revisions\/27172"}],"wp:attachment":[{"href":"https:\/\/www.v6.newmessage.org\/da\/wp-json\/wp\/v2\/media?parent=9"}],"wp:term":[{"taxonomy":"category","embeddable":true,"href":"https:\/\/www.v6.newmessage.org\/da\/wp-json\/wp\/v2\/categories?post=9"},{"taxonomy":"post_tag","embeddable":true,"href":"https:\/\/www.v6.newmessage.org\/da\/wp-json\/wp\/v2\/tags?post=9"}],"curies":[{"name":"wp","href":"https:\/\/api.w.org\/{rel}","templated":true}]}}