{"id":643,"date":"2011-08-19T14:07:31","date_gmt":"2011-08-19T14:07:31","guid":{"rendered":"http:\/\/wp.www.newmessage.org\/?p=643"},"modified":"2020-10-11T14:15:52","modified_gmt":"2020-10-11T14:15:52","slug":"engagementet","status":"publish","type":"page","link":"https:\/\/www.v6.newmessage.org\/da\/budskabet\/bind-1\/gud-har-talt-igen\/engagementet\/","title":{"rendered":"Engagementet"},"content":{"rendered":"<p><!-- 4.1 Verse --><br \/>\n\n<div class=\"tabgroup \"><ul class=\"tabs\"><li><a href=\"#tabs-1\">\u00c5benbaring<\/a><\/li>\n<li><a href=\"#tabs-2\">Note<\/a><\/li><\/ul>\n <div id=\"tabs-1\"><br \/>\nH\u00f8r den oprindelige version af \u00c5benbaringen p\u00e5 engelsk:<\/p>\n\t\t\t\t<div id=\"jquery_jplayer_1\" class=\"jp-jplayer\"><\/div>\n\t\t\t\t<div id=\"jp_container_1\" class=\"jp-audio\">\n\t\t\t\t<div class=\"jp-type-single\"><div class=\"jp-control\"><a href=\"javascript:;\" class=\"jp-play\" tabindex=\"1\">play<\/a><a href=\"javascript:;\" class=\"jp-pause\" tabindex=\"1\">pause<\/a><\/div> <div class=\"jp-gui jp-interface\"><div class=\"jp-volume\"><div class=\"jp-volume-bar\"><div class=\"jp-volume-bar-value\"><\/div><\/div><\/div><div class=\"jp-progress\"><div class=\"jp-seek-bar\"><div class=\"jp-play-bar\"><\/div><\/div><\/div><\/div>\t\t\t\t\t<div class=\"jp-no-solution\"><span>Update Required<\/span>To play the media you will need to either update your browser to a recent version or update your <a href=\"http:\/\/get.adobe.com\/flashplayer\/\" target=\"_blank\">Flash plugin<\/a>.<\/div><\/div><\/div>\n\t\t\t<script type='text\/javascript'>\n\t\t\t\tjQuery(document).ready(function() {\n\t\t\t\t\tif (typeof (sermonMedia) == 'function') {\n\t\t\t\t\t\tsermonMedia.addAudio('', \"jquery_jplayer_1\");\n\t\t\t\t\t}\n\t\t\t\t\tjQuery.jPlayer.timeFormat.showHour = true;\n\t\t\t\t\tjQuery(\"#jquery_jplayer_1\").jPlayer({\n\t\t\t\t\t\tready: function(event) {\n\t\t\t\t\t\t\tjQuery(this).jPlayer(\"setMedia\", {mp3: 'https:\/\/www.newmessage.org\/av\/the-engagement.mp3'});\n\t\t\t\t\t\t},\n\t\t\t\t\t\tplay: function() {\n\t\t\t\t\t\t\tjQuery(this).jPlayer(\"pauseOthers\");\n\t\t\t\t\t\t},\n\t\t\t\t\t\tswfPath: ThemeData.directory_uri+\"\/swf\",\n\t\t\t\t\t\tsolution: \"html, flash\",\n\t\t\t\t\t\tpreload: \"metadata\",\n\t\t\t\t\t\twmode: \"window\",\n\t\t\t\t\t\tsupplied: \"mp3\",\n\t\t\t\t\t\tcssSelectorAncestor: '#jp_container_1'\n\t\t\t\t\t});\n\t\t\t\t});\n\t\t\t<\/script>\n<p><a title=\"The Engagement\" href=\"https:\/\/www.newmessage.org\/av\/the-engagement.mp3\">Download<\/a> (h\u00f8jre-klik for at downloade)<\/p>\n<p><em>Som \u00e5benbaret for Guds Budbringer<br \/>\nMarshall Vian Summers<br \/>\nden 16. april, 2011<br \/>\ni Boulder, Colorado<\/em><\/p>\n<p><a href=\"https:\/\/www.newmessage.org\/da\/budskabet\/bind-1\/gud-har-talt-igen\/\"><img loading=\"lazy\" decoding=\"async\" width=\"200\" height=\"300\" class=\"aligncenter size-medium wp-image-26846 imgborder\" src=\"https:\/\/www.newmessage.org\/da\/wp-content\/uploads\/sites\/43\/2014\/10\/GHS-Danish-frontcover-6x9-200x300.jpg\" alt=\"GHS Danish frontcover-6x9\" srcset=\"https:\/\/www.v6.newmessage.org\/da\/wp-content\/uploads\/sites\/43\/2014\/10\/GHS-Danish-frontcover-6x9-200x300.jpg 200w, https:\/\/www.v6.newmessage.org\/da\/wp-content\/uploads\/sites\/43\/2014\/10\/GHS-Danish-frontcover-6x9-768x1151.jpg 768w, https:\/\/www.v6.newmessage.org\/da\/wp-content\/uploads\/sites\/43\/2014\/10\/GHS-Danish-frontcover-6x9-400x600.jpg 400w, https:\/\/www.v6.newmessage.org\/da\/wp-content\/uploads\/sites\/43\/2014\/10\/GHS-Danish-frontcover-6x9.jpg 1803w\" sizes=\"(max-width: 200px) 100vw, 200px\" \/><\/a><\/p>\n<div class=\"toggle toggle-white\"><h4 class=\"trigger \"><span class=\"t_ico\"><\/span><a href=\"#\">Om denne optagelse<\/a><\/h4><div class=\"toggle_container \"><br \/>\n<div id=\"yui_3_16_0_ym19_1_1467955126517_3327\" dir=\"ltr\"><span id=\"yui_3_16_0_ym19_1_1467955126517_3177\"><span id=\"yui_3_16_0_ym19_1_1467955126517_3178\">D\u00e9t, du h\u00f8rer i denne lydoptagelse er Den Englelige Forsamlings stemme, der taler gennem Budbringeren, Marshall Vian Summers<br \/>\n<\/span><\/span><\/div>\n<div dir=\"ltr\"><span id=\"yui_3_16_0_ym19_1_1467955126517_3177\"><span id=\"yui_3_16_0_ym19_1_1467955126517_3178\">\u00a0<\/span><\/span><\/div>\n<div id=\"yui_3_16_0_ym19_1_1467955126517_3359\" dir=\"ltr\"><span id=\"yui_3_16_0_ym19_1_1467955126517_3177\"><span id=\"yui_3_16_0_ym19_1_1467955126517_3178\"> Her er den oprindelige kommunikation fra Gud, der eksisterer hinsides ord, oversat til menneskeligt sprog og forst\u00e5else af Den Englelige Forsamling, der f\u00f8rer tilsyn med verden. Forsamlingen leverer derefter Guds Budskab gennem Budbringeren.<br \/>\n<\/span><\/span><\/div>\n<div id=\"yui_3_16_0_ym19_1_1467955126517_3369\" dir=\"ltr\"><span id=\"yui_3_16_0_ym19_1_1467955126517_3177\"><span id=\"yui_3_16_0_ym19_1_1467955126517_3178\">\u00a0<\/span><\/span><\/div>\n<div id=\"yui_3_16_0_ym19_1_1467955126517_3370\" dir=\"ltr\"><span id=\"yui_3_16_0_ym19_1_1467955126517_3177\"><span id=\"yui_3_16_0_ym19_1_1467955126517_3178\">I dette bem\u00e6rkelsesv\u00e6rdige forl\u00f8b, taler \u00c5benbaringens Stemme p\u00e5 ny. Ordet og Lyden er i verden. For f\u00f8rste gang i historien, er den oprindelige talte \u00e5benbaring tilg\u00e6ngelig for dig og for verden at opleve.<br \/>\n<\/span><\/span><\/div>\n<div id=\"yui_3_16_0_ym19_1_1467955126517_3436\" dir=\"ltr\"><span id=\"yui_3_16_0_ym19_1_1467955126517_3177\"><span id=\"yui_3_16_0_ym19_1_1467955126517_3178\">\u00a0<\/span><\/span><\/div>\n<div id=\"yui_3_16_0_ym19_1_1467955126517_3435\" dir=\"ltr\"><span id=\"yui_3_16_0_ym19_1_1467955126517_3177\"><span id=\"yui_3_16_0_ym19_1_1467955126517_3178\">M\u00e5 du v\u00e6re modtageren af denne \u00c5benbaringens gave og m\u00e5 du v\u00e6re \u00e5ben for at tage imod dens unikke Budskab for dig og for dit liv.<\/span><\/span><\/div>\n<br \/>\n<\/div><\/div><br \/>\n<\/div>\n<div id=\"tabs-2\">\n<p><em>NOTE TIL L\u00c6SERNE:<br \/>\nDenne overs\u00e6ttelse blev givet til The Society af en studerende af Det Nye Budskab, der meldte sig frivilligt til at overs\u00e6tte den originale engelske tekst. Vi stiller denne overs\u00e6ttelse til r\u00e5dighed for verden i denne tidlige form, for at give mennesker en mulighed for at engagere sig med en del af Det Nye Budskab p\u00e5 deres eget sprog.<\/em><\/p>\n<p><\/div>\n\t\t\t\t<div align=\"right\">\n\t\t\t<div class=\"fb-like\" data-href=\"\" data-layout=\"button_count\" data-action=\"like\" data-show-faces=\"false\" data-share=\"false\"><\/div>\n\t\t\t<div class=\"fb-share-button\" data-layout=\"button_count\"> <\/div>\n\t\t\t<div class=\"fb_iframe_widget\"><a href=\"https:\/\/twitter.com\/godsnewmessage?ref_src=twsrc%5Etfw\" class=\"twitter-follow-button\" data-show-count=\"false\">Follow @godsnewmessage<\/a><script async src=\"https:\/\/platform.twitter.com\/widgets.js\" charset=\"utf-8\"><\/script><\/div>\n\t\t\t<\/div> <\/div>\n<p>I dag skal Vi tale om Gud, Den H\u00f8jere Autoritet.<\/p>\n<p>Den H\u00f8jere Autoritet taler til dig nu, taler gennem Det Englelige N\u00e6rv\u00e6r, taler til en del af dig, der er selve din V\u00e6rens center og kilde, taler hinsides din sociale konditionering, hinsides dine id\u00e9er og overbevisninger og din kulturs og endda din religions id\u00e9er og overbevisninger.<\/p>\n<p>Den H\u00f8jere Autoritet har et Budskab for verden og for hver enkelt person i verden. Budskabet er mere end en id\u00e9. Det er endda mere end en samling af id\u00e9er. Det er et kald og en bekr\u00e6ftelse, der p\u00e5kalder din besvarelse og bekr\u00e6fter, at der er en dybere natur i dig og i alle mennesker i verden. Bekr\u00e6ftelsen er et vendepunkt for din evne til at besvare.<\/p>\n<p>Magten og Tilstedev\u00e6relsen pr\u00e6siderer over det fysiske univers, et univers langt st\u00f8rre og mere ekspansivt end det, du overhovedet kan forestille dig, og g\u00e5r endda hinsides det fysiske univers til Skabelsens h\u00f8jere riger, som kun f\u00e5 mennesker i verden endda anser for at v\u00e6re muligt.<\/p>\n<p>Og dog taler Den H\u00f8jere Autoritet til dig i dit mest private sted, centeret af din V\u00e6ren, dybt under din forstands overflade.<\/p>\n<p>Dette er dit st\u00f8rste forhold og Kilden til mening og form\u00e5l i alle dine forhold til mennesker, til steder og endda til ting.<\/p>\n<p>Du har nu brug for denne H\u00f8jere Autoritet til at tale til den dybere del af dig, til at g\u00f8re dig bekendt med den dybere del af dig selv, og til at forberede dig p\u00e5 at leve i en ny verden og engagere dig med et univers af intelligent liv, der er Det St\u00f8rre F\u00e6llesskab af liv. Du kender ikke til disse ting, men de er en del af dig.<\/p>\n<p>M\u00e5ske har du oplevet din dybere natur i tider med klarhed, i tider med forudseenhed og endda tider med skuffelse, idet du kunne h\u00f8re hinsides dine \u00f8nsker og din frygt og andres \u00f8nsker og frygt.<\/p>\n<p>Den H\u00f8jere Autoritet kalder p\u00e5 dig, kalder p\u00e5 dig ned gennem dit sinds \u00c6ldgamle Korridorer, kalder p\u00e5 dig hinsides dine overbevisninger og det, der optager dig.<\/p>\n<p>For Gud har talt igen og Ordet og Lyden er i verden. Det er en dybere kommunikation, langt dybere og mere gennemgribende end intellektet kan fatte.<\/p>\n<p>Det taler om et h\u00f8jere form\u00e5l og et mere dybtg\u00e5ende ansvar og en st\u00f8rre association, b\u00e5de i denne verden og hinsides. Og gennem denne association, bliver du en bro \u2013 en bro til verden, en bro til dit \u00c6ldgamle Hjem, hvorfra du er kommet og hvortil du vil vende tilbage.<\/p>\n<p>Folk \u00f8nsker mange ting. De har stor frygt \u2013 frygten for at miste, frygten for ikke at have, frygten for afs\u00e6ttelse, frygten for undertrykkelse, frygten for smerte og lidelse og frygten for d\u00f8dens smerte.<\/p>\n<p>Men Den H\u00f8jere Autoritet taler hinsides alt dette. Det er Skaberen, der taler til Skabelsen.<\/p>\n<p>Skabelsen i dig er det dybere sind, Vi kalder Kundskab. Det er den permanente del af dig. Det er den del af dig, der eksisterede f\u00f8r dette liv og som vil eksistere efter dette liv, som rejser gennem Adskillelsens riger, kun ledet af Stemmens magt.<\/p>\n<p>Denne er en permanent del af dig, der eksisterede f\u00f8r dette liv og som vil forts\u00e6tte med at eksistere efter dette liv, p\u00e5 rejse gennem Separationens riger, vejledt kun af Stemmens kraft.)<\/p>\n<p>Folk \u00f8nsker mange ting. De har stor frygt. Mange mennesker har faste overbevisninger. Men Den H\u00f8jere Autoritet taler hinsides disse ting til alle, der kan se og h\u00f8re og som kan reagere p\u00e5 et dybere niveau.<\/p>\n<p>Du kan ikke vurdere dette. Det er st\u00f8rre end din forstand. Du kan ikke debattere dette, for det er hinsides dine evner.<\/p>\n<p>Det er mystisk, fordi det er gennemtr\u00e6ngende. Dets oprindelse er hinsides verden og alle verdener, s\u00e5 du kan ikke forestille dig det.<\/p>\n<p>Men oplevelsen er s\u00e5 dyb, at den kan \u00e6ndre dit livs retning og v\u00e6kke dig fra din dr\u00f8m om Adskillelse, kalde dig ud af det, der optager dig og af dine associationer og af alt andet, s\u00e5 du kan h\u00f8re den \u00c6ldgamle Stemme, s\u00e5 gammel, at den taler om et liv udover din beregning. Men et liv, der er dit liv.<\/p>\n<p>Gud ved, hvad der kommer over horisonten. Gud ved, hvorfor du er her. Gud har sendt dig hertil med et form\u00e5l. Dine planer og m\u00e5l tager sj\u00e6ldent h\u00f8jde for dette.<\/p>\n<p>Det er noget st\u00f8rre. Det er noget, der er mere enkelt og mindre pomp\u00f8st. Det er noget, der er essentielt for din V\u00e6ren og for din natur og dit design.<\/p>\n<p>Det er det mest prim\u00e6re forhold du har, den dybeste k\u00e6rlighed, det st\u00f8rste tilh\u00f8rsforhold. Det forener dig med dig selv og bringer dit liv i fokus.<\/p>\n<p>Det kalder dig ud af situationer, der er skadelige eller som intet l\u00f8fte har for dig. Det kalder dig til en st\u00f8rre deltagelse i verden, ledet af den mystiske \u00c6ldgamle Stemme, en Stemme, der ikke ligner noget, du nogensinde har h\u00f8rt, der er dybere end noget, du nogensinde har f\u00f8lt, der er st\u00f8rre end noget, du kan se eller r\u00f8re.<\/p>\n<p>Folk \u00f8nsker mange ting. De er drevet af stor frygt. Selv deres forn\u00f8jelser er fyldt med frygt og \u00e6ngstelse.<\/p>\n<p>Men Den \u00c6ldgamle Stemme er hinsides frygt, og n\u00e5r du reagerer, er du hinsides frygt.<\/p>\n<p>Hvem kan sige, hvad dette er? Hvem kan vurdere dette?<\/p>\n<p>V\u00e6r ikke dum og t\u00e6nk i retning af produktivitet. V\u00e6r ikke analytisk. For dette foreg\u00e5r p\u00e5 et dybere og mere gennemgribende niveau.<\/p>\n<p>Vig ikke tilbage fra dette. For dette er dit liv, dit form\u00e5l og dit kald.<\/p>\n<p>N\u00e6rv\u00e6ret og N\u00e5den er med dig. Men du ser p\u00e5 andre ting. Din opm\u00e6rksomhed er andre steder. Det, der forl\u00f8ser dig og genopretter dig, er med dig nu. Men du ser i en anden retning.<\/p>\n<p>\u00c5benbaringen er i verden. Gud er kommet igen med et st\u00f8rre Budskab for menneskeheden, og med en forberedelse p\u00e5 en vanskelig og farlig fremtid for den menneskelige familie.<\/p>\n<p>Hvad er dette? Hvad betyder det? Hvorfor sker det? Hvordan forbereder du dig?<\/p>\n<p>Kun \u00c5benbaringen kan besvare disse sp\u00f8rgsm\u00e5l. Ved at skille dig selv ud, kan du ikke besvare disse sp\u00f8rgsm\u00e5l.<\/p>\n<p>Folk \u00f8nsker mange ting. De er meget distraherede. De er meget optagede. Men de ved ikke, hvor de befinder sig eller hvad de foretager sig. Deres m\u00e5l er for hovedparten samfundets m\u00e5l. De ved ikke, hvorhen de g\u00e5r i livet, eller hvorfor de er her, eller hvem der sendte dem hertil og hvad der vil genoprette dem og opfylde dem og give deres liv form\u00e5l og retning.<\/p>\n<p>Den \u00c6ldgamle Stemme taler til dig nu. Og du vil h\u00f8re den \u00c6ldgamle Stemme svare i dig selv, for jeres forbindelse er meget dyb. Den er som floderne, der l\u00f8ber i undergrunden, under \u00f8rkenen, undergrundsfloder med det reneste vand, men som ikke kan ses fra overfladen og som ikke kan findes, undtagen med andre midler.<\/p>\n<p>Mens du lever dit liv p\u00e5 overfladen, er du dybt derunder forbundet med Det Guddommelige. Og denne forbindelse m\u00e6rkes gennem Kaldet og responsen, ved at f\u00f8lge en dybere Stemme og en h\u00f8jere retning.<\/p>\n<p>Folk sp\u00f8rger Hvorfor? Hvorfor sker dette? De m\u00e5 standse op og lytte og l\u00e6re at lytte, for helt at bringe deres opm\u00e6rksomhed ind i \u00f8jeblikket, s\u00e5 de kan h\u00f8re og m\u00e6rke og se, at \u00c5benbaringen r\u00f8rer sig i dem.<\/p>\n<p>S\u00e5 \u00c5benbaringen r\u00f8rer p\u00e5 sig, \u00c5benbaringen i hver enkelt person. Det er s\u00e5ledes Gud taler til verden i tiden for \u00c5benbaring. Dette er forhold p\u00e5 det dybeste og mest betydningsfulde niveau.<\/p>\n<p>Du kan ikke bryde fri af Gud. For Gud g\u00e5r overalt med dig. Gud er med dig hvert \u00f8jeblik, i alle de aktiviteter, du foretager dig.<\/p>\n<p>Kun i dine tanker kan du v\u00e6re adskilt og associere dig selv med andre ting, identificere dig med andre ting. Men Den \u00c6ldgamle Stemme er i dig og kalder p\u00e5, at du besvarer, leder dig, holder dig tilbage.<\/p>\n<p>For at forst\u00e5 dine dybere forudanelser og dit hjertes tilskyndelser, m\u00e5 du begynde at lytte. Lyt til dit indre. Lyt til verden, uden at d\u00f8mme og ford\u00f8mme. Lyt efter tegnene p\u00e5, hvad der er p\u00e5 vej. Lyt efter, hvordan du skal reagere. Lyt efter, hvem du skal v\u00e6re sammen med og hvem du ikke skal v\u00e6re sammen med.<\/p>\n<p>Her f\u00f8lger du ikke frygt. Her er der ingen ford\u00f8mmelse. Her er der en st\u00f8rre skarpsindighed og en st\u00f8rre genkendelse.<\/p>\n<p>Gud har lagt Kundskab i dig, for at lede dig, beskytte dig og f\u00f8re dig til et st\u00f8rre liv og en st\u00f8rre deltagelse i verden. Den holder til hinsides intellektets rige og r\u00e6kkevidde. Det foreg\u00e5r p\u00e5 et dybere niveau.<\/p>\n<p>N\u00e5r du \u00e9n gang begynder at opleve dette, begynder du at blive mere skarpsindig. Du bliver omhyggelig med, hvad du foretager dig og hvem du associerer dig med. Du lytter mere indg\u00e5ende til andre, for at se, om du skal deltage sammen med dem og hvad de kommunikerer til dig.<\/p>\n<p>Folk tror mange ting, men de ved meget lidt. De lever p\u00e5 deres sinds overflade, der er turbulent og kaotisk og styret af verdens vinde og lidenskaber.<\/p>\n<p>Deres overbevisninger er en erstatning for det dybere forhold. Det, der optager dem, er en undg\u00e5else af det st\u00f8rre engagement, de er sk\u00e6bnebestemt til at have.<\/p>\n<p>Idet de st\u00e5r for sig selv, kan de ikke se. De kan ikke vide. De kan ikke reagere. De er domineret af deres tanker, deres forstand, deres reaktioner. De er slaver, der lever slavisk.<\/p>\n<p>Men Mysteriet er i dem. Mysteriet er det vigtigste i livet. Hinsides at n\u00e5 sine m\u00e5l, sikre sin rigdom og partnerskab og anerkendelse i samfundet, er det det vigtigste, fordi det er arenaen for et st\u00f8rre engagement.<\/p>\n<p>Mysteriet er kilden til alt det, der er vigtigt. Alle de store opfindelser og bidrag, de st\u00e6rke forhold, de store oplevelser \u2013 kommer alle fra Mysteriet \u2013 den du er, hvorfor du er her, det, der p\u00e5kalder dig, din st\u00f8rre association, din sk\u00e6bne med bestemte mennesker i verden, din evne til at finde vej, mens alle andre omkring dig sover, dr\u00f8mmer og ikke reagerer. Dette er en rejse du m\u00e5 tage, for ellers vil dit liv v\u00e6re en urolig dr\u00f8m og intet andet.<\/p>\n<p>N\u00e5r du vender tilbage til din Spirituelle Familie, efter du har forladt denne verden, vil de se p\u00e5 dig, for at se, om du har fuldf\u00f8rt din opgave, om du etablerede den dybere forbindelse. Og du vil vide, om du gjorde eller ikke gjorde.<\/p>\n<p>Der er ingen domf\u00e6ldelse eller ford\u00f8mmelse, kun erkendelse her. Her bliver det, der f\u00f8r var mystisk, selve virkeligheden, og dine prioriteringer er klare. Der er ingen distraktioner. Der er ingen modstand.<\/p>\n<p>Og du vil gerne vende tilbage, idet du siger til dig selv, \u201dDenne gang vil jeg huske det. Nu ved jeg det. Nu kan jeg se det. Jeg vil huske det.\u201d<\/p>\n<p>Men du m\u00e5 huske det, mens du befinder dig her. Det er det, der g\u00f8r hele forskellen. Det er begyndelsen p\u00e5 alt det, der er vigtigt. Det er dit livs vendepunkt.<\/p>\n<p>Det er kun mystisk, fordi du har v\u00e6ret adskilt fra det, grebet af formens verden, fortabt i verden, opvokset som et individ, tilpasset en vanskelig og foranderlig verden. S\u00e5 kommer der noget, der p\u00e5minder dig, og du begynder at m\u00e6rke, at Mysteriet er med dig og i dig og \u00f8ver sin indflydelse p\u00e5 dig.<\/p>\n<p>Dets Kilde er hinsides den fysiske virkelighed, for den, du er, er hinsides den fysiske virkelighed. Hvor du ultimativt tager hen er hinsides den fysiske virkelighed. Men meningen er, at du er her, for du er sendt hertil med et form\u00e5l. Dette er Mysteriet.<\/p>\n<p>Vi taler om disse ting for at engagere dig p\u00e5 et dybere niveau, for at kalde det frem, der er autentisk, for at tale til en del af dig, du knapt nok kender, som er den st\u00f8rre del af dig. Og denne del af dig vil reagere, p\u00e5 grund af Vor \u00e6ldgamle f\u00e6lles forpligtelse.<\/p>\n<p>Du er bange for det, men p\u00e5 samme tid higer du efter det. Det er naturligt at hige efter, mere naturligt end noget andet, du foretager dig eller kunne foretage dig i verden.<\/p>\n<p>Dette er Engagementet.<\/p>\n<p>&nbsp;<br \/>\n&nbsp;<\/p>\n<div class=\"background-color-bridesmaid padding-20\">\n<h3><strong>Gud Har Talt Igen &#8211; Indholdsfortegnelse<\/strong><\/h3>\n<p><a href=\"https:\/\/www.newmessage.org\/da\/budskabet\/bind-1\/gud-har-talt-igen\/introduktion\">Introduktion<\/a><\/p>\n<p>Kapitel 1: <a href=\"https:\/\/www.newmessage.org\/da\/budskabet\/bind-1\/gud-har-talt-igen\/proklamationen\">Proklamationen<\/a><\/p>\n<p>Kapitel 2: <a href=\"https:\/\/www.newmessage.org\/da\/budskabet\/bind-1\/gud-har-talt-igen\/recitationen\">Recitationen<\/a><\/p>\n<p>Kapitel 3: <a href=\"https:\/\/www.newmessage.org\/da\/budskabet\/bind-1\/gud-har-talt-igen\/engagementet\">Engagementet<\/a><\/p>\n<p>Kapitel 4: <a href=\"https:\/\/www.newmessage.org\/da\/budskabet\/bind-1\/gud-har-talt-igen\/gud-har-talt-igen\">Gud Har Talt Igen<\/a><\/p>\n<p>Kapitel 5: <a href=\"https:\/\/www.newmessage.org\/da\/budskabet\/bind-1\/gud-har-talt-igen\/profeternes-segl\">Profeternes Segl<\/a><\/p>\n<p>Kapitel 6: <a href=\"https:\/\/www.newmessage.org\/da\/budskabet\/bind-1\/gud-har-talt-igen\/budbringerens-mission\">Budbringerens Mission<\/a><\/p>\n<p>Kapitel 7: <a href=\"https:\/\/www.newmessage.org\/da\/budskabet\/bind-1\/gud-har-talt-igen\/indvielsen\">Initieringen<\/a><\/p>\n<p>Kapitel 8: <a href=\"https:\/\/www.newmessage.org\/da\/budskabet\/bind-1\/gud-har-talt-igen\/velsignelsen\">Velsignelsen<\/a><\/p>\n<p>Kapitel 9: <a href=\"https:\/\/www.newmessage.org\/da\/budskabet\/bind-1\/gud-har-talt-igen\/levende-i-tiden-for-abenbaringen\">At leve i en Tid for \u00c5benbaring<\/a><\/p>\n<p>Kapitel 10: <a href=\"https:\/\/www.newmessage.org\/da\/budskabet\/bind-1\/gud-har-talt-igen\/forsamlingen\">Forsamlingen<\/a><\/p>\n<p>Kapitel 11: <a href=\"https:\/\/www.newmessage.org\/da\/budskabet\/bind-1\/gud-har-talt-igen\/guds-nye-budskab-til-verden\">Guds Nye Budskab til Verden<\/a><\/p>\n<p>Kapitel 12: <a href=\"https:\/\/www.newmessage.org\/da\/budskabet\/bind-1\/gud-har-talt-igen\/gud-bevaeger-menneskeheden-i-en-ny-retning\">Gud Bev\u00e6ger Menneskeheden i en Ny Retning<\/a><\/p>\n<p>Kapitel 13: <a href=\"https:\/\/www.newmessage.org\/da\/budskabet\/bind-1\/gud-har-talt-igen\/verden-ma-modtage-guds-nye-budskab\">Verden M\u00e5 Tage Imod Guds Nye Budskab<\/a><\/p>\n<p>Kapitel 14: <a href=\"https:\/\/www.newmessage.org\/da\/budskabet\/bind-1\/gud-har-talt-igen\/kaldet\">Kaldet<\/a><\/p>\n<\/div>\n","protected":false},"excerpt":{"rendered":"<p>I dag skal Vi tale om Gud, Den H\u00f8jere Autoritet. Den H\u00f8jere Autoritet taler til dig nu, taler gennem Det Englelige N\u00e6rv\u00e6r, taler til en del af dig, der er selve din V\u00e6rens center og kilde, taler hinsides din sociale konditionering, hinsides dine id\u00e9er og overbevisninger og din kulturs og endda din religions id\u00e9er og\u2026 <a class=\"read-more\" href=\"https:\/\/www.v6.newmessage.org\/da\/about-recording-shortcode\/\"><span>Read More<\/span><\/a><\/p>\n","protected":false},"author":1,"featured_media":0,"parent":16290,"menu_order":0,"comment_status":"closed","ping_status":"closed","template":"template-leftsidebar.php","meta":{"_monsterinsights_skip_tracking":false,"_monsterinsights_sitenote_active":false,"_monsterinsights_sitenote_note":"","_monsterinsights_sitenote_category":0,"footnotes":""},"categories":[76,461,460],"tags":[601,355,599],"_links":{"self":[{"href":"https:\/\/www.v6.newmessage.org\/da\/wp-json\/wp\/v2\/pages\/643"}],"collection":[{"href":"https:\/\/www.v6.newmessage.org\/da\/wp-json\/wp\/v2\/pages"}],"about":[{"href":"https:\/\/www.v6.newmessage.org\/da\/wp-json\/wp\/v2\/types\/page"}],"author":[{"embeddable":true,"href":"https:\/\/www.v6.newmessage.org\/da\/wp-json\/wp\/v2\/users\/1"}],"replies":[{"embeddable":true,"href":"https:\/\/www.v6.newmessage.org\/da\/wp-json\/wp\/v2\/comments?post=643"}],"version-history":[{"count":32,"href":"https:\/\/www.v6.newmessage.org\/da\/wp-json\/wp\/v2\/pages\/643\/revisions"}],"predecessor-version":[{"id":27329,"href":"https:\/\/www.v6.newmessage.org\/da\/wp-json\/wp\/v2\/pages\/643\/revisions\/27329"}],"up":[{"embeddable":true,"href":"https:\/\/www.v6.newmessage.org\/da\/wp-json\/wp\/v2\/pages\/16290"}],"wp:attachment":[{"href":"https:\/\/www.v6.newmessage.org\/da\/wp-json\/wp\/v2\/media?parent=643"}],"wp:term":[{"taxonomy":"category","embeddable":true,"href":"https:\/\/www.v6.newmessage.org\/da\/wp-json\/wp\/v2\/categories?post=643"},{"taxonomy":"post_tag","embeddable":true,"href":"https:\/\/www.v6.newmessage.org\/da\/wp-json\/wp\/v2\/tags?post=643"}],"curies":[{"name":"wp","href":"https:\/\/api.w.org\/{rel}","templated":true}]}}