{"id":594,"date":"2011-08-19T12:42:11","date_gmt":"2011-08-19T12:42:11","guid":{"rendered":"http:\/\/wp.www.newmessage.org\/?p=594"},"modified":"2020-10-11T14:14:23","modified_gmt":"2020-10-11T14:14:23","slug":"gud-bevaeger-menneskeheden-i-en-ny-retning","status":"publish","type":"page","link":"https:\/\/www.v6.newmessage.org\/da\/budskabet\/bind-1\/gud-har-talt-igen\/gud-bevaeger-menneskeheden-i-en-ny-retning\/","title":{"rendered":"Gud Bev\u00e6ger Menneskeheden i en Ny Retning"},"content":{"rendered":"<div><!-- 4.1 Verse --><\/div>\n\n<div class=\"tabgroup \"><ul class=\"tabs\"><li><a href=\"#tabs-1\">\u00c5benbaring<\/a><\/li>\n<li><a href=\"#tabs-2\">Note<\/a><\/li><\/ul>\n <div id=\"tabs-1\"><br \/>\nH\u00f8r den oprindelige version af \u00c5benbaringen p\u00e5 engelsk:<\/p>\n<div id=\"jquery_jplayer_1\" class=\"jp-jplayer\"><\/div>\n\t\t\t\t<div id=\"jp_container_1\" class=\"jp-audio\">\n\t\t\t\t<div class=\"jp-type-single\"><div class=\"jp-control\"><a href=\"javascript:;\" class=\"jp-play\" tabindex=\"1\">play<\/a><a href=\"javascript:;\" class=\"jp-pause\" tabindex=\"1\">pause<\/a><\/div> <div class=\"jp-gui jp-interface\"><div class=\"jp-volume\"><div class=\"jp-volume-bar\"><div class=\"jp-volume-bar-value\"><\/div><\/div><\/div><div class=\"jp-progress\"><div class=\"jp-seek-bar\"><div class=\"jp-play-bar\"><\/div><\/div><\/div><\/div>\t\t\t\t\t<div class=\"jp-no-solution\"><span>Update Required<\/span>To play the media you will need to either update your browser to a recent version or update your <a href=\"http:\/\/get.adobe.com\/flashplayer\/\" target=\"_blank\">Flash plugin<\/a>.<\/div><\/div><\/div>\n\t\t\t<script type='text\/javascript'>\n\t\t\t\tjQuery(document).ready(function() {\n\t\t\t\t\tif (typeof (sermonMedia) == 'function') {\n\t\t\t\t\t\tsermonMedia.addAudio('', \"jquery_jplayer_1\");\n\t\t\t\t\t}\n\t\t\t\t\tjQuery.jPlayer.timeFormat.showHour = true;\n\t\t\t\t\tjQuery(\"#jquery_jplayer_1\").jPlayer({\n\t\t\t\t\t\tready: function(event) {\n\t\t\t\t\t\t\tjQuery(this).jPlayer(\"setMedia\", {mp3: 'https:\/\/www.newmessage.org\/av\/god-is-moving-humanity-in-a-new-direction.mp3'});\n\t\t\t\t\t\t},\n\t\t\t\t\t\tplay: function() {\n\t\t\t\t\t\t\tjQuery(this).jPlayer(\"pauseOthers\");\n\t\t\t\t\t\t},\n\t\t\t\t\t\tswfPath: ThemeData.directory_uri+\"\/swf\",\n\t\t\t\t\t\tsolution: \"html, flash\",\n\t\t\t\t\t\tpreload: \"metadata\",\n\t\t\t\t\t\twmode: \"window\",\n\t\t\t\t\t\tsupplied: \"mp3\",\n\t\t\t\t\t\tcssSelectorAncestor: '#jp_container_1'\n\t\t\t\t\t});\n\t\t\t\t});\n\t\t\t<\/script><\/p>\n<p><a title=\"God Is Moving Humanity in a New Direction\" href=\"https:\/\/www.newmessage.org\/av\/god-is-moving-humanity-in-a-new-direction.mp3\">Download<\/a> (h\u00f8jre-klik for at downloade)<\/p>\n<p><em>Som \u00e5benbaret for Guds Budbringer<br \/>\nMarshall Vian Summers<br \/>\nden 22.april, 2011<br \/>\ni Boulder, Colorado<br \/>\n<\/em><\/p>\n<p><a href=\"https:\/\/www.newmessage.org\/da\/budskabet\/bind-1\/gud-har-talt-igen\/\"><img loading=\"lazy\" decoding=\"async\" width=\"200\" height=\"300\" class=\"aligncenter size-medium wp-image-26846 imgborder\" src=\"https:\/\/www.newmessage.org\/da\/wp-content\/uploads\/sites\/43\/2014\/10\/GHS-Danish-frontcover-6x9-200x300.jpg\" alt=\"GHS Danish frontcover-6x9\" srcset=\"https:\/\/www.v6.newmessage.org\/da\/wp-content\/uploads\/sites\/43\/2014\/10\/GHS-Danish-frontcover-6x9-200x300.jpg 200w, https:\/\/www.v6.newmessage.org\/da\/wp-content\/uploads\/sites\/43\/2014\/10\/GHS-Danish-frontcover-6x9-768x1151.jpg 768w, https:\/\/www.v6.newmessage.org\/da\/wp-content\/uploads\/sites\/43\/2014\/10\/GHS-Danish-frontcover-6x9-400x600.jpg 400w, https:\/\/www.v6.newmessage.org\/da\/wp-content\/uploads\/sites\/43\/2014\/10\/GHS-Danish-frontcover-6x9.jpg 1803w\" sizes=\"(max-width: 200px) 100vw, 200px\" \/><\/a><\/p>\n<div class=\"toggle toggle-white\"><h4 class=\"trigger \"><span class=\"t_ico\"><\/span><a href=\"#\">Om denne optagelse<\/a><\/h4><div class=\"toggle_container \"><br \/>\n<div id=\"yui_3_16_0_ym19_1_1467955126517_3327\" dir=\"ltr\"><span id=\"yui_3_16_0_ym19_1_1467955126517_3177\"><span id=\"yui_3_16_0_ym19_1_1467955126517_3178\">D\u00e9t, du h\u00f8rer i denne lydoptagelse er Den Englelige Forsamlings stemme, der taler gennem Budbringeren, Marshall Vian Summers<br \/>\n<\/span><\/span><\/div>\n<div dir=\"ltr\"><span id=\"yui_3_16_0_ym19_1_1467955126517_3177\"><span id=\"yui_3_16_0_ym19_1_1467955126517_3178\">\u00a0<\/span><\/span><\/div>\n<div id=\"yui_3_16_0_ym19_1_1467955126517_3359\" dir=\"ltr\"><span id=\"yui_3_16_0_ym19_1_1467955126517_3177\"><span id=\"yui_3_16_0_ym19_1_1467955126517_3178\"> Her er den oprindelige kommunikation fra Gud, der eksisterer hinsides ord, oversat til menneskeligt sprog og forst\u00e5else af Den Englelige Forsamling, der f\u00f8rer tilsyn med verden. Forsamlingen leverer derefter Guds Budskab gennem Budbringeren.<br \/>\n<\/span><\/span><\/div>\n<div id=\"yui_3_16_0_ym19_1_1467955126517_3369\" dir=\"ltr\"><span id=\"yui_3_16_0_ym19_1_1467955126517_3177\"><span id=\"yui_3_16_0_ym19_1_1467955126517_3178\">\u00a0<\/span><\/span><\/div>\n<div id=\"yui_3_16_0_ym19_1_1467955126517_3370\" dir=\"ltr\"><span id=\"yui_3_16_0_ym19_1_1467955126517_3177\"><span id=\"yui_3_16_0_ym19_1_1467955126517_3178\">I dette bem\u00e6rkelsesv\u00e6rdige forl\u00f8b, taler \u00c5benbaringens Stemme p\u00e5 ny. Ordet og Lyden er i verden. For f\u00f8rste gang i historien, er den oprindelige talte \u00e5benbaring tilg\u00e6ngelig for dig og for verden at opleve.<br \/>\n<\/span><\/span><\/div>\n<div id=\"yui_3_16_0_ym19_1_1467955126517_3436\" dir=\"ltr\"><span id=\"yui_3_16_0_ym19_1_1467955126517_3177\"><span id=\"yui_3_16_0_ym19_1_1467955126517_3178\">\u00a0<\/span><\/span><\/div>\n<div id=\"yui_3_16_0_ym19_1_1467955126517_3435\" dir=\"ltr\"><span id=\"yui_3_16_0_ym19_1_1467955126517_3177\"><span id=\"yui_3_16_0_ym19_1_1467955126517_3178\">M\u00e5 du v\u00e6re modtageren af denne \u00c5benbaringens gave og m\u00e5 du v\u00e6re \u00e5ben for at tage imod dens unikke Budskab for dig og for dit liv.<\/span><\/span><\/div>\n<br \/>\n<\/div><\/div><br \/>\n<\/div>\n<div id=\"tabs-2\"><\/p>\n<p><em>NOTE TIL L\u00c6SERNE:<br \/>\nDenne overs\u00e6ttelse blev givet til The Society af en studerende af Det Nye Budskab, der meldte sig frivilligt til at overs\u00e6tte den originale engelske tekst. Vi stiller denne overs\u00e6ttelse til r\u00e5dighed for verden i denne tidlige form, for at give mennesker en mulighed for at engagere sig med en del af Det Nye Budskab p\u00e5 deres eget sprog.<\/em><\/p>\n<p><\/div>\n\t\t\t\t<div align=\"right\">\n\t\t\t<div class=\"fb-like\" data-href=\"\" data-layout=\"button_count\" data-action=\"like\" data-show-faces=\"false\" data-share=\"false\"><\/div>\n\t\t\t<div class=\"fb-share-button\" data-layout=\"button_count\"> <\/div>\n\t\t\t<div class=\"fb_iframe_widget\"><a href=\"https:\/\/twitter.com\/godsnewmessage?ref_src=twsrc%5Etfw\" class=\"twitter-follow-button\" data-show-count=\"false\">Follow @godsnewmessage<\/a><script async src=\"https:\/\/platform.twitter.com\/widgets.js\" charset=\"utf-8\"><\/script><\/div>\n\t\t\t<\/div> <\/div> \n\n<p>Gud bev\u00e6ger menneskeheden i en ny retning, en retning den ikke f\u00f8r har m\u00e5ttet bev\u00e6ge sig i. For verden har forandret sig, og menneskeheden ser et St\u00f8rre F\u00e6llesskab af liv i universet i \u00f8jnene \u2013 en stor forandring, en stor t\u00e6rskel i menneskehedens lange evolution, en tid med enorm omv\u00e6ltning og uvished, en farlig tid for den menneskelige familie, en tid, der vil skride fremad med begivenheder, der hurtigt udfolder sig.<\/p>\n<p>Gud bev\u00e6ger menneskeheden i en ny retning, henimod et verdensf\u00e6llesskab, som er i stand til at opretholde verden, som er i stand til at m\u00f8de livets virkeligheder i universet, der vil blive skubbet ned over jer og bliver skubbet ned over jer, selv i dette \u00f8jeblik. Det er en stor forandring, som mange mennesker m\u00e6rker men ikke begriber.<\/p>\n<p>Verdens bev\u00e6gelser accelererer, hvor folks liv vil blive overrumplet og overmandet af den store milj\u00f8m\u00e6ssige forandring, der finder sted, og gennem politisk og \u00f8konomisk omv\u00e6ltning. Alt dette bev\u00e6ger sig nu og kan ikke blive stoppet, kun afb\u00f8det. Det vil kr\u00e6ve en stor tilpasning.<\/p>\n<p>Det er ved denne store t\u00e6rskel i menneskehedens historie, at en Ny \u00c5benbaring er blevet sendt til verden, og en Budbringer sendt hertil for at tage imod den, forberede den og pr\u00e6sentere den. For ham er det en lang rejse, en lang og vanskelig rejse.<\/p>\n<p>Budskabet for menneskeheden nu er m\u00e6gtigt, mere udf\u00f8rligt og mere fuldkomment end noget Budskab, der p\u00e5 noget tidspunkt er sendt til verden, fuldkomment med l\u00e6re og ledsagetekst, s\u00e5 dets visdom og Kundskab kan skelnes og g\u00f8res korrekt g\u00e6ldende og bliver ikke blot overladt til menneskelig fortolkning.<\/p>\n<p>Folk ser ikke, h\u00f8rer ikke. De er fremmede for sig selv. Og deres medf\u00f8dte f\u00e6rdigheder, med henblik p\u00e5 at skelne milj\u00f8et, er for mange g\u00e5et tabt eller er uudviklede.<\/p>\n<p>Dette g\u00f8r Budbringerens opgave mere vanskelig. Han m\u00e5 b\u00e6re Mysteriet, for \u00c5benbaringen er hinsides intellektets rige og er afgjort ikke betinget af folks forventninger, overbevisninger eller forst\u00e5else.<\/p>\n<p>Gud bev\u00e6ger menneskeheden i en ny retning, en retning, der altid var p\u00e5t\u00e6nkt, men for verdens folk vil den v\u00e6re ny. Den vil v\u00e6re ny for jeres forst\u00e5else.<\/p>\n<p>S\u00e5dan er det altid med de store \u00c5benbaringer fra Skaberen. De pr\u00e6senterer altid en ny virkelighed, en ny bevidsthed, en ny dimension og et st\u00f8rre l\u00f8fte.<\/p>\n<p>Verden form\u00f8rkes, og nu er der brug for dette st\u00f8rre l\u00f8fte. Kun Kundskabens lys, den st\u00f8rre intelligens, som Skaberen har sk\u00e6nket den menneskelige familie og sk\u00e6nket alle racer i universet, kun dette kan nu g\u00f8re jer i stand til at forst\u00e5 og reagere.<\/p>\n<p>For du vender tilbage til Gud p\u00e5 Guds betingelser. Og Guds Budskaber m\u00e5 forst\u00e5s, som de virkeligt er, og som de er tilt\u00e6nkt at v\u00e6re.<\/p>\n<p>Der vil v\u00e6re meget kamp og strid med dette, og Budbringeren og Budbringerens tilh\u00e6ngere m\u00e5 se denne vanskelighed i \u00f8jnene, denne frustration, og udvise stor t\u00e5lmodighed.<\/p>\n<p>En \u00c5benbaring, som denne, vil ikke i udgangspunktet blive accepteret, og kun de f\u00e5 vil fuldt ud kunne reagere. Men som tiden g\u00e5r, og som verden bliver mere turbulent, vil Det Nye Budskab f\u00e5 en st\u00f8rre tiltr\u00e6kningkraft, en st\u00f8rre anerkendelse og st\u00f8rre relevans.<\/p>\n<p>Den besvarer sp\u00f8rgsm\u00e5l, som I end ikke har stillet. Den er en forberedelse p\u00e5 fremtiden, s\u00e5 vel som et hj\u00e6lpemiddel til nutiden.<\/p>\n<p>Jeres filosoffer og teologer vil ikke vide, hvad de skal t\u00e6nke om den. De vil have problemer med den. Den vil ikke indordne sig deres forst\u00e5else, til hvilken de har investeret sig selv s\u00e5 meget. Religi\u00f8se ledere vil k\u00e6mpe imod den, fordi den taler til en virkelighed, de endnu ikke har erkendt.<\/p>\n<p>Gud bev\u00e6ger menneskeheden i en ny retning. <a href=\"https:\/\/www.newmessage.org\/da\/budskabet\/bind-1\/den-nye-budbringer\/\">Budbringeren<\/a> er her for at overbringe \u00c5benbaringen. Det har taget ham \u00e5rtier at tage imod den. Det vil tage \u00e5rtier for den at blive anerkendt i verden.<\/p>\n<p>Men problemet er tid. Menneskeheden har ikke megen tid til at forberede sig p\u00e5 en ny verden og p\u00e5 kontakt med liv i universet \u2013 kontakt, der allerede nu sker, kontakt, med et farligt form\u00e5l og en farlig hensigt.<\/p>\n<p>Folk er besatte af deres behov, deres problemer, deres l\u00e6ngsel og de ting, de higer efter. De ser ikke verdens bev\u00e6gelse. For verden har forandret sig. Men folk har ikke forandret sig med den. Og nu st\u00e5r I overfor en ny r\u00e6kke af virkeligheder.<\/p>\n<p>Hvad skal Gud sige om dette, n\u00e5r folk f\u00f8ler sig overv\u00e6ldede, n\u00e5r deres profetier for fremtiden ikke realiserer sig, n\u00e5r deres frelsers tilbagekomst ikke sker, n\u00e5r de tror, at Gud skaber alle disse problemer for dem?<\/p>\n<p>\u00c5benbaringen taler om alle disse ting. Men du m\u00e5 v\u00e6re \u00e5ben for \u00c5benbaringen, og du m\u00e5 se muligheden for stor forandring i \u00f8jnene, for den er over dig og verden, og den vil skride fremad.<\/p>\n<p>I kan ikke g\u00e5 tusinder af \u00e5r tilbage og pr\u00f8ve at forst\u00e5, hvad der foreg\u00e5r i dag. For menneskeheden stilling har flyttet sig til en ny position, til en dominerende position i verden og en position af st\u00f8rre s\u00e5rbarhed i universet.<\/p>\n<p>Hvor vil denne uddannelse begynde at forberede jer p\u00e5 en ny verden og p\u00e5 Det St\u00f8rre F\u00e6llesskab af liv \u2013 to begivenheder, der vil \u00e6ndre forl\u00f8bet af menneskets historie og p\u00e5virke hvert eneste menneskes liv?<\/p>\n<p>Regeringerne ved det ikke. De religi\u00f8se ledere ved det ikke. Eksperterne ved det ikke. Universiteterne kan ikke forberede folk.<\/p>\n<p>\u00c5benbaringen m\u00e5 komme fra Skaberen af alt liv, og det er dette, der sker nu. For du lever i en \u00c5benbaringens tid, og Budbringeren er i verden. S\u00e5 l\u00e6nge han er i verden, har du en lejlighed til at modtage og til at forberede dig. N\u00e5r han er borte, vil det v\u00e6re anderledes. Det vil blive mere vanskeligt. I dette, er han Lyset i verden.<\/p>\n<p>Han er en ydmyg mand og h\u00e6vder ikke andet end at v\u00e6re Budbringeren, for det er den rolle, der er tilskrevet ham. Han m\u00e5 forberede menneskeheden p\u00e5 en ny verden gennem \u00c5benbaringen. Han m\u00e5 forberede menneskeheden p\u00e5 Det St\u00f8rre F\u00e6llesskab gennem \u00c5benbaringen. Han m\u00e5 tale om den store forandring, der kommer og som allerede er over folk overalt, gennem \u00c5benbaringen.<\/p>\n<p>Gud bev\u00e6ger menneskeheden i en ny retning. Kan menneskeheden flytte sig? Kan folk reagere? Kan du reagere? Kan du acceptere, at du lever i en \u00c5benbaringens tid og overveje, hvad dette betyder for dit liv og den udfordring, dette l\u00e6gger foran dig?<\/p>\n<p>Folk erkender ikke, hvor meget deres liv og omst\u00e6ndigheder afh\u00e6nger af verdens tilstand og verdens bev\u00e6gelser. Kun i de fattigere nationer er denne st\u00f8rre virkelighed allestedsn\u00e6rv\u00e6rende. I velst\u00e5ende nationer, isolerer velstanden jer i nogen grad fra livets st\u00f8rre virkeligheder, i en periode. Men denne velstand vil mindskes, og de st\u00f8rre virkeligheder er over jer.<\/p>\n<p>Hvordan menneskeheden reagerer og forbereder sig, vil g\u00f8re hele forskellen. Det, der informerer det enkelte menneskes beslutning, vil g\u00f8re hele forskellen. Hvilken stemme de lytter til, om det er Kundskabens magt og tilstedev\u00e6relse, som Gud har givet dem, til at lede dem og beskytte dem, eller om det er deres kulturs stemme, deres frygts stemme, eller vredens eller ambitionens stemme.<\/p>\n<p>Disse valg er grundl\u00e6ggene for den enkelte, og hvad enkeltpersoner beslutter, vil afg\u00f8re menneskehedens sk\u00e6bne og fremtid. S\u00e5dan vil ansvaret v\u00e6re alles, ikke kun lederes og institutioners.<\/p>\n<p>Det er grunden til, at Gud bringer Det Nye Budskab til folket og ikke til nationernes ledere. For lederne er ikke frie. De er bundet af deres embede og til de mennesker, der fik dem udpeget, til andres forventninger. Derfor kommer \u00c5benbaringen til dig og til folket. Det er disses beslutninger og afg\u00f8relser, der vil g\u00f8re hele forskellen.<\/p>\n<p>Folk \u00f8nsker mange ting. De har ikke lyst til at miste det, de har. De er fanget af \u00f8jeblikket. De har ikke perspektivet til at se, hvor deres liv tager dem.<\/p>\n<p>\u00c5benbaringen vil v\u00e6re et stort chok og en stor udfordring for hvert enkelt menneske. Men dette chok og denne udfordring er chokket over \u00c5benbaring. Udfordringen ligger i at v\u00e6re konfronteret med Skaberens Vilje. Udfordringen ligger i, om du kan reagere, samt i din reaktions natur.<\/p>\n<p>Du kan ikke st\u00e5, hvor du er, for verden har forandret sig, og den vil forandre sig yderligere. Den flytter sig. Du m\u00e5 flytte dig med den. Det er at v\u00e6re i harmoni med livet. Det er at komme ud af isolation. Det er at befri dig selv fra distraktioner og bes\u00e6ttelser. Det er at l\u00e6re at lytte, at se, at stilne din forstand, s\u00e5 du kan se. Dette er at opgive beklagelser, s\u00e5 du kan forst\u00e5, hvor du er. Dette er at tage <a href=\"https:\/\/www.newmessage.org\/da\/budskabet\/bind-3\/trin-til-kundskab\/\">Trin til Kundskab<\/a>, s\u00e5 Guds Tilstedev\u00e6relse og Magt kan tale gennem dig og til dig.<\/p>\n<p>Dette er \u00c5benbaringen, der tager menneskeheden i en ny retning. Er folk villige til at flytte sig eller vil de lades tilbage \u2013 st\u00e5 overfor De Store B\u00f8lger af forandring, mens de sover p\u00e5 stranden, idet De Store B\u00f8lger bygger sig op, leve i vandkanten og t\u00e6nke, at alt er godt, leve for \u00f8jeblikket, ude af stand til at reagere p\u00e5 verdens tegn, leve med antagelser, der ikke er i overensstemmelse med livets virkeligheder?<\/p>\n<p>Hvem kan reagere? Hvem vil se efter? Hvem vil lytte? Hvem vil s\u00e6tte deres id\u00e9er, deres overbevisninger og deres pr\u00e6ferencer tilside, l\u00e6nge nok til at se noget, h\u00f8re noget, vide noget?.<\/p>\n<p>Det er det, Budbringeren vil bede jer om at g\u00f8re. Det er det, \u00c5benbaringen forlanger. Det er det, at leve i en ny verden, forlanger. Det er det, at dukke op i Det St\u00f8rre F\u00e6llesskab, forlanger.<\/p>\n<p>Vil menneskeheden v\u00e6re t\u00e5belig og klodset, uvidende og ikke reagere og dens st\u00f8rre intelligens forblive uerkendt og uanvendt? Disse er sp\u00f8rgsm\u00e5lene. Svarene er ikke indlysende, for de er endnu ikke blevet til. De har ikke m\u00f8dt den virkelige pr\u00f8ve, der er over den menneskelige familie.<\/p>\n<p>Men Skaberen af alt liv elsker verden og elsker menneskeheden og har sendt forl\u00f8sningsmagten til verden \u2013 til at forl\u00f8se den enkelte og til at genoprette deres magt og integritet, for at im\u00f8dekomme livets store udfordringer, der nu dukker op over horisonten.<\/p>\n<p>Gud bev\u00e6ger menneskeheden i en ny retning. Det er tid til at forberede sig, tage imod og st\u00f8tte \u00c5benbaringen.<\/p>\n<p>Folk vil beklage sig. De vil protestere. De vil mods\u00e6tte sig. De vil beskylde Budbringeren. De vil tage afstand fra \u00c5benbaringen. Ude af stand til at reagere, uvillige til at genoverveje deres liv og deres id\u00e9er, vil de mods\u00e6tte sig den.<\/p>\n<p>Dette sker altid p\u00e5 et \u00c5benbaringstidspunkt. De mennesker, der har en st\u00f8rste investering i fortiden, vil mods\u00e6tte sig en ny verden og alting i den. De kan ikke se. De vil ikke vide. De har ikke modet til at genoverveje deres stilling. De har ikke ydmygheden til at st\u00e5 i \u00c5benbaringens lys.<\/p>\n<p>Hvad kan Gud g\u00f8re for dem? De bedte Skaberen om s\u00e5 meget, men de kan ikke reagere p\u00e5 Skaberens respons. Hvad kan Gud g\u00f8re for dem?<\/p>\n<p>V\u00e6r blandt de f\u00f8rste til at reagere, s\u00e5 dine st\u00f8rre gaver i livet kan blive etablerede og f\u00e5 en mulighed for at komme frem i dit livs dage og \u00e5r.<\/p>\n<p>Dette er \u00c5benbaringens magt \u2013 at frig\u00f8re visdom og Kundskab, som menneskeheden desperat har brug for nu, for at forberede sig p\u00e5 en fremtid, der ikke vil ligne fortiden.<\/p>\n<p>Velsignelserne er med dig. Forl\u00f8selsesmagten er i dig, i Kundskab i dig. Men hvad kan t\u00e6nde denne Kundskab og kalde den frem og g\u00f8re dig i stand til at n\u00e6rme dig den, forst\u00e5 den og f\u00f8lge den med succes?<\/p>\n<p>Den m\u00e5 t\u00e6ndes af Gud. \u00c5benbaringen er her for at s\u00e6tte gang i den st\u00f8rre forl\u00f8sning af enkeltpersoner, der er under forberedelse p\u00e5 en ny verden og p\u00e5 menneskehedens sk\u00e6bne i universet, som endnu mangler at blive anerkendt og opfyldt.<\/p>\n<p>Det er tid til at reagere. Det er tid til at blive virkeligt \u00e6rlig overfor dig selv, ikke basere dit liv p\u00e5 dine pr\u00e6ferencer eller p\u00e5 din frygt, men p\u00e5 sand erkendelse i dig selv.<\/p>\n<p>At se \u00c5benbaringen i \u00f8jnene, vil udfordre dig til at reagere med denne dybere \u00e6rlighed. At se \u00c5benbaringen i \u00f8jnene, vil udfordre dig med denne dybere \u00e6rlighed. Det er dit livs st\u00f8rste udfordring. Det er dit livs vigtigste udfordring. Det er dit livs vigtigste begivenhed.<\/p>\n<p>Gud bev\u00e6ger menneskeheden i en ny retning.<\/p>\n<p>&nbsp;<br \/>\n&nbsp;<\/p>\n<div class=\"background-color-bridesmaid padding-20\">\n<h3><strong>Gud Har Talt Igen &#8211; Indholdsfortegnelse<\/strong><\/h3>\n<p><a href=\"https:\/\/www.newmessage.org\/da\/budskabet\/bind-1\/gud-har-talt-igen\/introduktion\">Introduktion<\/a><\/p>\n<p>Kapitel 1: <a href=\"https:\/\/www.newmessage.org\/da\/budskabet\/bind-1\/gud-har-talt-igen\/proklamationen\">Proklamationen<\/a><\/p>\n<p>Kapitel 2: <a href=\"https:\/\/www.newmessage.org\/da\/budskabet\/bind-1\/gud-har-talt-igen\/recitationen\">Recitationen<\/a><\/p>\n<p>Kapitel 3: <a href=\"https:\/\/www.newmessage.org\/da\/budskabet\/bind-1\/gud-har-talt-igen\/engagementet\">Engagementet<\/a><\/p>\n<p>Kapitel 4: <a href=\"https:\/\/www.newmessage.org\/da\/budskabet\/bind-1\/gud-har-talt-igen\/gud-har-talt-igen\">Gud Har Talt Igen<\/a><\/p>\n<p>Kapitel 5: <a href=\"https:\/\/www.newmessage.org\/da\/budskabet\/bind-1\/gud-har-talt-igen\/profeternes-segl\">Profeternes Segl<\/a><\/p>\n<p>Kapitel 6: <a href=\"https:\/\/www.newmessage.org\/da\/budskabet\/bind-1\/gud-har-talt-igen\/budbringerens-mission\">Budbringerens Mission<\/a><\/p>\n<p>Kapitel 7: <a href=\"https:\/\/www.newmessage.org\/da\/budskabet\/bind-1\/gud-har-talt-igen\/indvielsen\">Initieringen<\/a><\/p>\n<p>Kapitel 8: <a href=\"https:\/\/www.newmessage.org\/da\/budskabet\/bind-1\/gud-har-talt-igen\/velsignelsen\">Velsignelsen<\/a><\/p>\n<p>Kapitel 9: <a href=\"https:\/\/www.newmessage.org\/da\/budskabet\/bind-1\/gud-har-talt-igen\/levende-i-tiden-for-abenbaringen\">At leve i en Tid for \u00c5benbaring<\/a><\/p>\n<p>Kapitel 10: <a href=\"https:\/\/www.newmessage.org\/da\/budskabet\/bind-1\/gud-har-talt-igen\/forsamlingen\">Forsamlingen<\/a><\/p>\n<p>Kapitel 11: <a href=\"https:\/\/www.newmessage.org\/da\/budskabet\/bind-1\/gud-har-talt-igen\/guds-nye-budskab-til-verden\">Guds Nye Budskab til Verden<\/a><\/p>\n<p>Kapitel 12: <a href=\"https:\/\/www.newmessage.org\/da\/budskabet\/bind-1\/gud-har-talt-igen\/gud-bevaeger-menneskeheden-i-en-ny-retning\">Gud Bev\u00e6ger Menneskeheden i en Ny Retning<\/a><\/p>\n<p>Kapitel 13: <a href=\"https:\/\/www.newmessage.org\/da\/budskabet\/bind-1\/gud-har-talt-igen\/verden-ma-modtage-guds-nye-budskab\">Verden M\u00e5 Tage Imod Guds Nye Budskab<\/a><\/p>\n<p>Kapitel 14: <a href=\"https:\/\/www.newmessage.org\/da\/budskabet\/bind-1\/gud-har-talt-igen\/kaldet\">Kaldet<\/a><\/p>\n<\/div>\n","protected":false},"excerpt":{"rendered":"<p>Gud bev\u00e6ger menneskeheden i en ny retning, en retning den ikke f\u00f8r har m\u00e5ttet bev\u00e6ge sig i. For verden har forandret sig, og menneskeheden ser et St\u00f8rre F\u00e6llesskab af liv i universet i \u00f8jnene \u2013 en stor forandring, en stor t\u00e6rskel i menneskehedens lange evolution, en tid med enorm omv\u00e6ltning og uvished, en farlig tid\u2026 <a class=\"read-more\" href=\"https:\/\/www.v6.newmessage.org\/da\/about-recording-shortcode\/\"><span>Read More<\/span><\/a><\/p>\n","protected":false},"author":1,"featured_media":0,"parent":16290,"menu_order":0,"comment_status":"closed","ping_status":"closed","template":"template-leftsidebar.php","meta":{"_monsterinsights_skip_tracking":false,"_monsterinsights_sitenote_active":false,"_monsterinsights_sitenote_note":"","_monsterinsights_sitenote_category":0,"footnotes":""},"categories":[76,461,460],"tags":[601,211,599],"_links":{"self":[{"href":"https:\/\/www.v6.newmessage.org\/da\/wp-json\/wp\/v2\/pages\/594"}],"collection":[{"href":"https:\/\/www.v6.newmessage.org\/da\/wp-json\/wp\/v2\/pages"}],"about":[{"href":"https:\/\/www.v6.newmessage.org\/da\/wp-json\/wp\/v2\/types\/page"}],"author":[{"embeddable":true,"href":"https:\/\/www.v6.newmessage.org\/da\/wp-json\/wp\/v2\/users\/1"}],"replies":[{"embeddable":true,"href":"https:\/\/www.v6.newmessage.org\/da\/wp-json\/wp\/v2\/comments?post=594"}],"version-history":[{"count":26,"href":"https:\/\/www.v6.newmessage.org\/da\/wp-json\/wp\/v2\/pages\/594\/revisions"}],"predecessor-version":[{"id":27327,"href":"https:\/\/www.v6.newmessage.org\/da\/wp-json\/wp\/v2\/pages\/594\/revisions\/27327"}],"up":[{"embeddable":true,"href":"https:\/\/www.v6.newmessage.org\/da\/wp-json\/wp\/v2\/pages\/16290"}],"wp:attachment":[{"href":"https:\/\/www.v6.newmessage.org\/da\/wp-json\/wp\/v2\/media?parent=594"}],"wp:term":[{"taxonomy":"category","embeddable":true,"href":"https:\/\/www.v6.newmessage.org\/da\/wp-json\/wp\/v2\/categories?post=594"},{"taxonomy":"post_tag","embeddable":true,"href":"https:\/\/www.v6.newmessage.org\/da\/wp-json\/wp\/v2\/tags?post=594"}],"curies":[{"name":"wp","href":"https:\/\/api.w.org\/{rel}","templated":true}]}}