{"id":3707,"date":"2012-03-01T10:00:25","date_gmt":"2012-03-01T10:00:25","guid":{"rendered":"http:\/\/wp.www.newmessage.org\/?p=3707"},"modified":"2023-08-24T01:51:24","modified_gmt":"2023-08-24T01:51:24","slug":"et-nyt-livs-gave","status":"publish","type":"page","link":"https:\/\/www.v6.newmessage.org\/da\/budskabet\/bind-1\/rejsen-til-et-nyt-liv\/et-nyt-livs-gave\/","title":{"rendered":"Et Nyt Livs Gave"},"content":{"rendered":"<div><!-- Version 3.4 Verse --><\/div>\n\n<div class=\"tabgroup \"><ul class=\"tabs\"><li><a href=\"#tabs-1\">\u00c5benbaring<\/a><\/li>\n<li><a href=\"#tabs-2\">Note<\/a><\/li><\/ul>\n <div id=\"tabs-1\"><\/p>\n<p>H\u00f8r den oprindelige version af \u00c5benbaringen p\u00e5 engelsk:<\/p>\n<div id=\"jquery_jplayer_1\" class=\"jp-jplayer\"><\/div>\n\t\t\t\t<div id=\"jp_container_1\" class=\"jp-audio\">\n\t\t\t\t<div class=\"jp-type-single\"><div class=\"jp-control\"><a href=\"javascript:;\" class=\"jp-play\" tabindex=\"1\">play<\/a><a href=\"javascript:;\" class=\"jp-pause\" tabindex=\"1\">pause<\/a><\/div> <div class=\"jp-gui jp-interface\"><div class=\"jp-volume\"><div class=\"jp-volume-bar\"><div class=\"jp-volume-bar-value\"><\/div><\/div><\/div><div class=\"jp-progress\"><div class=\"jp-seek-bar\"><div class=\"jp-play-bar\"><\/div><\/div><\/div><\/div>\t\t\t\t\t<div class=\"jp-no-solution\"><span>Update Required<\/span>To play the media you will need to either update your browser to a recent version or update your <a href=\"http:\/\/get.adobe.com\/flashplayer\/\" target=\"_blank\">Flash plugin<\/a>.<\/div><\/div><\/div>\n\t\t\t<script type='text\/javascript'>\n\t\t\t\tjQuery(document).ready(function() {\n\t\t\t\t\tif (typeof (sermonMedia) == 'function') {\n\t\t\t\t\t\tsermonMedia.addAudio('', \"jquery_jplayer_1\");\n\t\t\t\t\t}\n\t\t\t\t\tjQuery.jPlayer.timeFormat.showHour = true;\n\t\t\t\t\tjQuery(\"#jquery_jplayer_1\").jPlayer({\n\t\t\t\t\t\tready: function(event) {\n\t\t\t\t\t\t\tjQuery(this).jPlayer(\"setMedia\", {mp3: 'https:\/\/www.newmessage.org\/av\/the-gift-of-a-new-life.mp3'});\n\t\t\t\t\t\t},\n\t\t\t\t\t\tplay: function() {\n\t\t\t\t\t\t\tjQuery(this).jPlayer(\"pauseOthers\");\n\t\t\t\t\t\t},\n\t\t\t\t\t\tswfPath: ThemeData.directory_uri+\"\/swf\",\n\t\t\t\t\t\tsolution: \"html, flash\",\n\t\t\t\t\t\tpreload: \"metadata\",\n\t\t\t\t\t\twmode: \"window\",\n\t\t\t\t\t\tsupplied: \"mp3\",\n\t\t\t\t\t\tcssSelectorAncestor: '#jp_container_1'\n\t\t\t\t\t});\n\t\t\t\t});\n\t\t\t<\/script><\/p>\n<p><a title=\"The Gift of a New Life\" href=\"https:\/\/www.newmessage.org\/av\/the-gift-of-a-new-life.mp3\">Download<\/a> (h\u00f8jre-klik for at downloade)<\/p>\n<p><em>Som \u00e5benbaret for Guds Budbringer<br \/>\nMarshall Vian Summers<br \/>\nden 14. maj, 2011<br \/>\ni Boulder, Colorado<\/em><\/p>\n<div class=\"toggle toggle-white\"><h4 class=\"trigger \"><span class=\"t_ico\"><\/span><a href=\"#\">Om denne optagelse<\/a><\/h4><div class=\"toggle_container \"><br \/>\n<div id=\"yui_3_16_0_ym19_1_1467955126517_3327\" dir=\"ltr\"><span id=\"yui_3_16_0_ym19_1_1467955126517_3177\"><span id=\"yui_3_16_0_ym19_1_1467955126517_3178\">D\u00e9t, du h\u00f8rer i denne lydoptagelse er Den Englelige Forsamlings stemme, der taler gennem Budbringeren, Marshall Vian Summers<br \/>\n<\/span><\/span><\/div>\n<div dir=\"ltr\"><span id=\"yui_3_16_0_ym19_1_1467955126517_3177\"><span id=\"yui_3_16_0_ym19_1_1467955126517_3178\">\u00a0<\/span><\/span><\/div>\n<div id=\"yui_3_16_0_ym19_1_1467955126517_3359\" dir=\"ltr\"><span id=\"yui_3_16_0_ym19_1_1467955126517_3177\"><span id=\"yui_3_16_0_ym19_1_1467955126517_3178\"> Her er den oprindelige kommunikation fra Gud, der eksisterer hinsides ord, oversat til menneskeligt sprog og forst\u00e5else af Den Englelige Forsamling, der f\u00f8rer tilsyn med verden. Forsamlingen leverer derefter Guds Budskab gennem Budbringeren.<br \/>\n<\/span><\/span><\/div>\n<div id=\"yui_3_16_0_ym19_1_1467955126517_3369\" dir=\"ltr\"><span id=\"yui_3_16_0_ym19_1_1467955126517_3177\"><span id=\"yui_3_16_0_ym19_1_1467955126517_3178\">\u00a0<\/span><\/span><\/div>\n<div id=\"yui_3_16_0_ym19_1_1467955126517_3370\" dir=\"ltr\"><span id=\"yui_3_16_0_ym19_1_1467955126517_3177\"><span id=\"yui_3_16_0_ym19_1_1467955126517_3178\">I dette bem\u00e6rkelsesv\u00e6rdige forl\u00f8b, taler \u00c5benbaringens Stemme p\u00e5 ny. Ordet og Lyden er i verden. For f\u00f8rste gang i historien, er den oprindelige talte \u00e5benbaring tilg\u00e6ngelig for dig og for verden at opleve.<br \/>\n<\/span><\/span><\/div>\n<div id=\"yui_3_16_0_ym19_1_1467955126517_3436\" dir=\"ltr\"><span id=\"yui_3_16_0_ym19_1_1467955126517_3177\"><span id=\"yui_3_16_0_ym19_1_1467955126517_3178\">\u00a0<\/span><\/span><\/div>\n<div id=\"yui_3_16_0_ym19_1_1467955126517_3435\" dir=\"ltr\"><span id=\"yui_3_16_0_ym19_1_1467955126517_3177\"><span id=\"yui_3_16_0_ym19_1_1467955126517_3178\">M\u00e5 du v\u00e6re modtageren af denne \u00c5benbaringens gave og m\u00e5 du v\u00e6re \u00e5ben for at tage imod dens unikke Budskab for dig og for dit liv.<\/span><\/span><\/div>\n<br \/>\n<\/div><\/div>\n<p><\/div>\n<div id=\"tabs-2\"><br \/>\n<em>NOTE TIL L\u00c6SERNE:<br \/>\nDenne overs\u00e6ttelse blev givet til The Society af en studerende af Det Nye Budskab, der meldte sig frivilligt til at overs\u00e6tte den originale engelske tekst. Vi stiller denne overs\u00e6ttelse til r\u00e5dighed for verden i denne tidlige form, for at give mennesker en mulighed for at engagere sig med en del af Det Nye Budskab p\u00e5 deres eget sprog.<\/em><br \/>\n<\/div>\n\t\t\t\t<div align=\"right\">\n\t\t\t<div class=\"fb-like\" data-href=\"\" data-layout=\"button_count\" data-action=\"like\" data-show-faces=\"false\" data-share=\"false\"><\/div>\n\t\t\t<div class=\"fb-share-button\" data-layout=\"button_count\"> <\/div>\n\t\t\t<div class=\"fb_iframe_widget\"><a href=\"https:\/\/twitter.com\/godsnewmessage?ref_src=twsrc%5Etfw\" class=\"twitter-follow-button\" data-show-count=\"false\">Follow @godsnewmessage<\/a><script async src=\"https:\/\/platform.twitter.com\/widgets.js\" charset=\"utf-8\"><\/script><\/div>\n\t\t\t<\/div> <\/div> \n\n<p>Guds Nye \u00c5benbaring er her ikke blot for at l\u00e6gge v\u00e6rdi til jeres nuv\u00e6rende eksistens eller bekr\u00e6fte jeres nuv\u00e6rende ideer eller det, I tilstr\u00e6ber. Den Nye \u00c5benbaring er her ikke for at bekr\u00e6fte verdens religioner eller f\u00e5 den til at passe den ind i deres tro og deres forventninger, for Gud er ikke bundet af disse ting. Den er her ikke for at bekr\u00e6fte jeres forventninger, for Skaberen af alle universerne er bestemt ikke bundet af disse.<\/p>\n<p>Det Nye Budskab fra Gud er her virkeligt for at give et nyt liv til dem, der i sandhed kan reagere p\u00e5 det, og give dem et h\u00f8jere grundlag at bygge et meningsfuldt liv p\u00e5 &#8211; et inspireret liv, et liv, der er styret af Kundskab, et liv med \u00e6gte forhold og et meningsfuldt engagement med verden.<\/p>\n<p>Her tildeles roller ikke, men folk f\u00e5r grundlaget, s\u00e5ledes at Kundskab i dem, den st\u00f8rre magt, som Gud har givet for at vejlede dem, bliver \u00e5benbar for dem, s\u00e5ledes at de med tiden m\u00e5 l\u00e6re at have tillid til denne og f\u00f8lge denne og navigere i livets vanskeligheder, samt de st\u00f8rre vanskeligheder, de vil blive udsat for i en ny verden af svindende ressourcer og st\u00f8rre ustabilitet.<\/p>\n<p>Folk kommer til Det Nye Budskab for at se om det er i overensstemmelse med deres tro, deres ideer og deres forventninger. Selvf\u00f8lgeligt er det ikke det. Folk kommer til Det Nye Budskab fra Gud og vil gerne bruge det som en ressource til at f\u00e5 det, de \u00f8nsker for sig selv. Men Den Nye \u00c5benbaring har en st\u00f8rre plan og et st\u00f8rre l\u00f8fte for dem.<\/p>\n<p>Folk kommer til Det Nye Budskab og h\u00e5ber, at de vil finde den n\u00f8dvendige visdom til at korrigere deres fejl og g\u00f8re deres nuv\u00e6rende investeringer indbringende og meningsfulde. Men Det Nye Budskab er her for at give dem et nyt liv, ikke blot en ny id\u00e9 lagt ovenp\u00e5 et gammelt liv, ikke blot et s\u00f8demiddel til at g\u00f8re den bitre smag af deres nuv\u00e6rende oplevelser mere velsmagende og acceptabel. Folk forventer for lidt og \u00f8nsker for lidt, og deres forventninger er ikke i overensstemmelse med meningen med \u00c5benbaringen og dens magt.<\/p>\n<p>Folk kommer til Guds Nye \u00c5benbaring for at se, hvordan de kan bruge den med det samme, som om det ikke er andet end en r\u00e6kke v\u00e6rkt\u00f8jer, som folk kan bruge til at fors\u00f8ge at forbedre deres liv. Men de kan ikke forbedre deres liv, fordi de ikke ved, hvad de g\u00f8r. De ved ikke, hvor de skal hen, og deres antagelser og overbevisninger er, oftere end ikke, i uoverensstemmelse med deres st\u00f8rre form\u00e5l og sande retning i livet.<\/p>\n<p>Folk kan t\u00e6nke, at Gud er stor og uforklarlig, men de fors\u00f8ger at bruge Gud som en slags tjener, en bydreng for deres lyst, deres \u00f8nsker og deres vanskeligheder. De siger: &#8220;N\u00e5, hvad kan Gud g\u00f8re for mig? Hvad vil Guds Nye \u00c5benbaring g\u00f8re for mig?&#8221;<\/p>\n<p>Du kan se ved denne sp\u00f8rgen, at deres holdning og tilgang ikke er passende. Der er ingen \u00e6rb\u00f8dighed. Der er ingen respekt. Der er ingen forst\u00e5else for, at de har at g\u00f8re med noget langt st\u00f8rre end deres forst\u00e5else, og at dette langt overstiger deres forventninger, deres v\u00e6rdier og deres pr\u00e6ferencer. S\u00e5 hvad kan Gud g\u00f8re for dem andet end at opmuntre dem gennem livets forandringer og livets skuffelser til at komme til dette store engagement med en klarere intention og en mere \u00e6rlig tilgang?<\/p>\n<p>Det Nye Budskab er her for at redde menneskeheden fra ulykke og fra undertrykkelse i universet, idet I begynder at dukke op i et St\u00f8rre F\u00e6llesskab af liv, et St\u00f8rre F\u00e6llesskab, hvori I altid har levet, og med hvilket I nu m\u00e5 l\u00e6re at kappes.<\/p>\n<p>Det er her ogs\u00e5 for at give de enkelte en ny oplevelse, et nyt grundlag og en ny anledning til at genoprette deres liv, til at forl\u00f8se sig selv og udnytte deres evner og Kundskabens magt i dem selv, for at v\u00e6re til tjeneste for en verden, hvis behov og vanskeligheder eskalerer for hver dag, der g\u00e5r.<\/p>\n<p>Mange mennesker har opgivet at s\u00f8ge efter st\u00f8rre mening, eller har aldrig dyrket at s\u00f8ge det til at begynde med. For dem vil Den Nye \u00c5benbaring v\u00e6re en kuriositet eller en genstand for ford\u00f8mmelse, noget, de kan projicere deres frygt, deres domme og deres klager over p\u00e5, uden nogensinde virkeligt at forst\u00e5, hvad de ser p\u00e5.<\/p>\n<p>Der vil v\u00e6re alle mulige reaktioner p\u00e5 det, selvf\u00f8lgeligt, men det er vigtigt for dem, der kommer til det med en \u00e6rlig hensigt og med ydmyghed og oprigtighed, at erkende Guds \u00c5benbarings magt og styrke, og hvad den kan betyde for dem \u2013 at den kan genoprette dem, give dem et h\u00f8jere form\u00e5l og en retning, der allerede bor i dem.<\/p>\n<p>I opfinder ikke form\u00e5l og retning, for det er indbygget, ser du. Det er en del af jeres dybere naturs grundplan, hinsides intellektets dom\u00e6ne. Hinsides debat og spekulation er det. Du kan argumentere med det for evigt, men det betyder blot, at du ikke forst\u00e5r.<\/p>\n<p>Det er vigtigt, at folk kommer til \u00c5benbaringen oprigtigt, og at de fra begyndelsen har den forst\u00e5else, at de har at g\u00f8re med noget p\u00e5 et h\u00f8jere niveau. Det er ikke en simpel l\u00e6re blandt andre l\u00e6rer. Det er ikke blot noget lovende, der vil give dem, hvad de \u00f8nsker i livet. Det er noget p\u00e5 et fuldst\u00e6ndigt andet niveau. Det er derfor, at det er et Nyt Budskab fra Gud, det eneste Budskab fra Gud i verden i dag.<\/p>\n<p>Det betyder ikke, at Det Nye Budskab kommer for at udforme et nyt liv for dig og give dig en rolle at spille, for den m\u00e5 komme indefra dig &#8211; mellem dig og dig selv, mellem dig og dit engagement med livet.<\/p>\n<p>Mange mennesker har brug for Det Nye Budskab til at v\u00e6re centrum for deres praksis og deres fokus, og nogle mennesker vil blive kaldt til at tjene Det Nye Budskab direkte, fordi det er deres kald. Men, for mange andre, vil det give dem styrken til at skelne en h\u00f8jere retning og give dem en st\u00f8rre indre kraft og styrke til at tr\u00e6ffe de n\u00f8dvendige beslutninger og runde de hj\u00f8rner, der m\u00e5 rundes for at begynde at bev\u00e6ge sig i en positiv og meningsfuld retning.<\/p>\n<p>Der er mange mennesker i verden i dag, der ved, at de m\u00e5 forberede sig p\u00e5 noget, der f\u00f8ler sig kaldt til en st\u00f8rre deltagelse, der har en f\u00f8lelse af, at deres liv er vigtigere end dagens verdslige aktiviteter. Nogle vil ikke finde deres vej i verdens religi\u00f8se traditioner, fordi de er under forberedelse og kaldt til noget nyt i verden. De er mere forbundet med fremtiden end med fortiden, og fremtiden kalder dem og tr\u00e6kker dem fremad. Der er mennesker, der er bestemt til at modtage Guds \u00c5benbaring og studere den og anvende den. De vil ikke finde deres vej andre steder.<\/p>\n<p>Hvis du er bestemt til noget af denne st\u00f8rrelsesorden, vil du ikke finde tilfredshed og opfyldelse andre steder &#8211; pr\u00f8v, om du vil, tro s\u00e5 st\u00e6rkt, du kan. Pr\u00f8v at \u00e6ndre dit liv som en anden tyran, du kan stadigt ikke engagere dig i dette prim\u00e6re engagement, medmindre dit liv peger i den rigtige retning, og at arten af dette engagement, der er ment for dig, tydeligt kan skelnes og accepteres.<br \/>\nDet er disse mennesker, som \u00c5benbaringen vil give et nyt liv, ikke blot en forbedring af deres gamle liv, ikke blot en begrundelse for, hvad de har gjort eller ikke har gjort i fortiden. Den er ikke blot en tr\u00f8st for at fort\u00e6lle dem, &#8220;N\u00e5, du er okay. Hvad du har gjort, er i orden. Det er i orden.<\/p>\n<p>Nej. \u00c5benbaringen vil g\u00f8re dine fejl mere i\u00f8jnefaldende, dine skuffelser mere \u00e5benlyse, din mangel p\u00e5 retning mere dybtf\u00f8lt. Den kan endda i begyndelsen \u00f8ge din lidelse, indtil du kan skelne dens \u00e6gte gave og erkende, at du nu er begyndt p\u00e5 en st\u00f8rre rejse, m\u00e5ske en rejse, som du har v\u00e6ret p\u00e5 i nogen tid, der nu tager et stort skridt fremad.<\/p>\n<p>Her er der ikke plads til kompromis. Du kan ikke lave en aftale med Gud. Du kan ikke lave en aftale med dit eget form\u00e5l eller med din sk\u00e6bne, for du kan ikke \u00e6ndre disse ting. Du kan kun undg\u00e5 dem, forn\u00e6gte dem, eller g\u00e5 gennem processen med at acceptere dem og p\u00e5tage dig dem.<\/p>\n<p>Hvordan dit form\u00e5l vil blive udtrykt, afh\u00e6nger af verdens skiftende omst\u00e6ndigheder. S\u00e5 i dette, er ikke alle ting forudbestemte, absolut ikke. Din succes eller din fiasko er ikke kun baseret p\u00e5 din deltagelse, men p\u00e5 andres deltagelse og beredvillighed, andre, der er bestemt til at spille en vigtig rolle i dit liv. Hvis de svigter med hensyn til dette, vil det p\u00e5virke udfaldet for dig, for dine fremskridt er afh\u00e6ngige af bestemte andre menneskers udvikling.<\/p>\n<p>Dette er ikke en individuel forf\u00f8lgelse, hvor du fors\u00f8ger at oplyse dig selv personligt. Det er en slutten sig sammen og en forening med andre for et st\u00f8rre form\u00e5l. Hvis de svigter, vil det p\u00e5virke resultatet for dig. Hvis du svigter, vil det p\u00e5virke resultatet for dem. Det er grunden til, at svigt har s\u00e5 stor konsekvens her. Du t\u00e6nker stadigt, som om du lever i Adskillelse, s\u00e5 du kan ikke se, at din sk\u00e6bne er bundet til andres.<\/p>\n<p>Dette er andre mennesker, du bliver n\u00f8dt til at finde i livet. Det vil ikke v\u00e6re den slags charmerende personligheder og smukke ansigter og med den elskv\u00e6rdige sociale adf\u00e6rd, der tiltr\u00e6kker s\u00e5 mange mennesker. Det vil ikke engang v\u00e6re mennesker, man kunne elske, eller med hvem du har en eller anden tidligere tilknytning. De fleste af disse mennesker vil ikke dele din fremtid, selvom du har haft en fjern fortid sammen med dem. Du vil have brug for Kundskab nu, for i dig vil den alene vide. Den vil se. Den vil reagere.<\/p>\n<p>Hvis den anden person ikke er klar, vil det v\u00e6re en tragedie for dig. Det betyder ikke, at dit liv er ovre. Det betyder blot, at en anden plan m\u00e5 l\u00e6gges for dig. Din rejse vil v\u00e6re l\u00e6ngere og mere uvis som f\u00f8lge heraf.<\/p>\n<p>Der er s\u00e5 meget at afl\u00e6re. Der er s\u00e5 megen pr\u00e6gning, der ikke blot giver bagslag, men faktisk er \u00f8del\u00e6ggende for den enkelte. Der er s\u00e5 mange forventninger, der driver dig og f\u00f8rer dig til at forpligte dig selv, f\u00f8r du selv ved, hvad du foretager dig i livet, f\u00f8r du har skabt en forbindelse til Kundskab, der alene for dig holder dit st\u00f8rre form\u00e5l og st\u00f8rre sk\u00e6bne.<\/p>\n<p>Gud vil aldrig afsl\u00f8re disse ting for intellektet, en del af dit sind, der er pr\u00e6get af verden og er s\u00e5 up\u00e5lideligt og s\u00e5 svagt og s\u00e5 let overtalt af andre kr\u00e6fter. Nej, gaven er givet til en dybere del af dig, der ikke er p\u00e5virket af verden, der ikke er p\u00e5virket af dine skiftende f\u00f8lelser og holdninger, dine skiftende sindstilstande, dit h\u00e5b, din frygt, din henrykkelse eller din armod. Den er ikke p\u00e5virket af noget af dette. Den lever dybt i havet [af dit sind], ikke p\u00e5 den turbulente overflade.<\/p>\n<p>S\u00e5 at tage Trin til Kundskab bliver afg\u00f8rende, ellers vil dit liv forts\u00e6tte med at v\u00e6re en forg\u00e6ves str\u00e6ben \u2013 en jagen efter folk, en jagen efter l\u00f8fter, en jagen efter ambitioner, en jagen efter dr\u00f8mme, en jagen efter h\u00e5b, en l\u00f8ben v\u00e6k fra frygt i alle tilf\u00e6lde, r\u00e6dselsslagen for, at du kunne v\u00e6re fortabt og alene, r\u00e6dselsslagen for, at dit liv aldrig vil komme til at h\u00e6nge sammen.<\/p>\n<p>Kundskab eksisterer hinsides beg\u00e6rets og frygtens dom\u00e6ne, og det er derfor, at den er sund. Det er derfor, at den er st\u00e6rk. Det er derfor, at den er uforanderlig, og at du ikke kan \u00e6ndre den. Den repr\u00e6senterer imidlertid din forl\u00f8sning. Uanset, hvad du t\u00e6nker eller g\u00f8r eller har gjort eller ikke har gjort, lever forl\u00f8sningens magt i dig.<\/p>\n<p>Gud beh\u00f8ver ikke at l\u00f8se din situation. Universets Herre er ikke fokuseret p\u00e5 dit liv. Men Gud har lagt Kundskab i dig, og den indeholder dit form\u00e5l og din retning. Den vil finde de mennesker, du m\u00e5 finde. Den vil bringe korrektion, harmoni og balance til dit liv, hvis du kan skelne den, f\u00f8lge den og anvende den, hvorend det er n\u00f8dvendigt.<\/p>\n<p>Det er dette, der skaber et nyt liv &#8211; ikke et gammelt liv med et par forbedringer, ikke et gammelt liv med et nyt trossystem, ikke et gammelt liv med et nyt s\u00e6t t\u00f8j eller en smart religi\u00f8s forklaring p\u00e5 alt, ikke en tragisk person, kl\u00e6dt p\u00e5 til succes, ikke en ensom, isoleret person, der nu er blevet socialt acceptabel, fordi du siger og g\u00f8r alle de rigtige ting. Du er ikke blot en opslagstavle for en andens tro. Der er et st\u00f8rre l\u00f8fte for dig.<\/p>\n<p>Gud bekymrer sig for dig, for Gud giver dig et nyt liv. Ellers ville Gud lade alle vakle og mislykkes og ville ikke v\u00e6re bekymret. Det er dette folk rent faktisk tror, for hvis du tror, at Guds \u00c5benbaringer blev givet for \u00e5rhundreder siden og Gud ikke har andet at sige til menneskeheden, s\u00e5 m\u00e5 du konkludere, at Gud virkeligt ikke har mere at sige, mens menneskeheden nu st\u00e5r overfor t\u00e6rskler, kollektivt, som den aldrig har st\u00e5et overfor f\u00f8r.<\/p>\n<p>Hvordan vil I h\u00e5ndtere en verden i tilbagegang? Hvordan vil I h\u00e5ndtere intervention fra destruktive racer fra universet, der er her for at drage fordel af menneskelig svaghed og splittelse? Hvordan vil I h\u00e5ndtere politiske og \u00f8konomiske omv\u00e6ltninger p\u00e5 en skala aldrig f\u00f8r set i verden? Hvis du er \u00e6rlig overfor dig selv, bliver du med tiden n\u00f8dt til at indr\u00f8mme, at du ikke engang har nogen anelse. Men dette er verdens tilstand og det, som du vil v\u00e6re n\u00f8dt til at st\u00e5 overfor, og alle andre med dig.<\/p>\n<p>Gud sender en forberedelse p\u00e5 Den Nye Verden som en del af Det Nye Budskab. Gud sender dig planerne og forberedelsen til at begynde at etablere et nyt liv. Der er Budskabet til verden og alle i den. S\u00e5 er der Budskabet for den enkelte, der f\u00f8ler, at vedkommende har et st\u00f8rre form\u00e5l og en st\u00f8rre sk\u00e6bne i verden. Du bliver n\u00f8dt til at afg\u00f8re, om dette taler til dig.<\/p>\n<p>Gud opfandt ikke jeres ideer og overbevisninger. Gud skabte ikke jeres pr\u00e6ferencer og jeres frygt. Gud skabte ikke verden, der er et produkt af alles pr\u00e6ferencer og frygt. I kan ikke bebrejde Gud for menneskehedens sociale vilk\u00e5r. I kan ikke bebrejde Gud for krige og grusomhed, udnyttelse, slaveri og fattigdom. Det er alt sammen en menneskelig kreation baseret p\u00e5 gr\u00e5dighed og ignorance, baseret p\u00e5, at ikke tilstr\u00e6kkeligt mange mennesker bidrager nok til verden omkring sig.<\/p>\n<p>Men Gud skabte tilstedev\u00e6relsen af Kundskab i dig, og kun Guds Nye \u00c5benbaring g\u00f8r dette meget klart, uden et lag af historie og menneskelig fortolkning til at sl\u00f8re din forst\u00e5else. Str\u00f8mmen er klar. Budskabet er rent. Du tager imod det fra dets Kilde, i stedet for en fortolkning, der blev lavet \u00e5rhundreder senere til menneskelig indtagelse.<\/p>\n<p>For at f\u00e5 et nyt liv, m\u00e5 du g\u00f8re arbejdet. Det er ikke en trylleformular, der l\u00e6gges over dig. Det er ikke at indtage en trylledrik, for at f\u00e5 alt til at v\u00e6re anderledes. Det er ikke en form for afh\u00e6ngighed eller forgiftning.<\/p>\n<p>Du bliver n\u00f8dt til at g\u00f8re arbejdet. Du bliver n\u00f8dt til at tage risiciene. Du bliver n\u00f8dt til at tr\u00e6ffe beslutningerne. Du bliver n\u00f8dt til at skuffe andre mennesker. Du bliver n\u00f8dt til at skuffe dine egne m\u00e5l og ambitioner. Du bliver n\u00f8dt til at \u00e6ndre dine planer.<\/p>\n<p>Det er her, du bliver st\u00e6rk. Det er her, du bliver forenet i dig selv. Det er her, du f\u00f8lger \u00e9n stemme i stedet for mange stemmer i dit sind. Det er her din sande troskab former sig blandt dine andre engagementer og forpligtelser.<\/p>\n<p>Det er her, du genvinder din styrke og din selvtillid. Det er her, du holder op med at opf\u00f8re dig t\u00e5beligt og giver dit liv v\u00e6k til dumme og meningsl\u00f8se ting. Det er her, du ved, hvem du skal v\u00e6lge at v\u00e6re sammen med, og hvordan du modst\u00e5r de fristelser, der f\u00f8rer dig andre steder i livet.<\/p>\n<p>Du bliver st\u00e6rk, fordi Kundskaben er i dig. Du holder vanskeligheder ud, fordi Kundskab er i dig. Du kan st\u00e5 overfor smerte og tab, sygdom og endda afvisning fra andre, du holder af, fordi Kundskabens magt er i dig. N\u00e5r du m\u00f8der en anden, der har udviklet denne magt, vil jeres forhold v\u00e6re p\u00e5 et helt andet niveau &#8211; us\u00e6dvanligt i verden \u2013 i stand til at skabe langt st\u00f8rre ting, end du alene nogensinde kunne skabe.<\/p>\n<p>Gud giver dig kilden til din styrke, men du m\u00e5 \u00f8ve dens vejledning, og du m\u00e5 udvikle de personlige kompetencer, der giver dig mulighed for at blive et udtryksmiddel for Kundskab &#8211; en person med magt og integritet, en person, der kan inspirere andre og kan bringe tillid, tr\u00f8st og retning til andre.<\/p>\n<p>Dette er Guds Nye \u00c5benbaring. Det er meningen, at den skal producere dette. Der m\u00e5 v\u00e6re mange st\u00e6rke bidragydere i verden nu, ellers vil menneskeheden st\u00e5 overfor en m\u00e6gtig og brat tilbagegang.<\/p>\n<p>Lad dette v\u00e6re din forst\u00e5else.<\/p>\n","protected":false},"excerpt":{"rendered":"<p>Guds Nye \u00c5benbaring er her ikke blot for at l\u00e6gge v\u00e6rdi til jeres nuv\u00e6rende eksistens eller bekr\u00e6fte jeres nuv\u00e6rende ideer eller det, I tilstr\u00e6ber. Den Nye \u00c5benbaring er her ikke for at bekr\u00e6fte verdens religioner eller f\u00e5 den til at passe den ind i deres tro og deres forventninger, for Gud er ikke bundet af\u2026 <a class=\"read-more\" href=\"https:\/\/www.v6.newmessage.org\/da\/about-recording-shortcode\/\"><span>Read More<\/span><\/a><\/p>\n","protected":false},"author":1,"featured_media":0,"parent":27026,"menu_order":4,"comment_status":"closed","ping_status":"closed","template":"template-leftsidebar.php","meta":{"_monsterinsights_skip_tracking":false,"_monsterinsights_sitenote_active":false,"_monsterinsights_sitenote_note":"","_monsterinsights_sitenote_category":0,"footnotes":""},"categories":[76,117,30,462,460],"tags":[360],"_links":{"self":[{"href":"https:\/\/www.v6.newmessage.org\/da\/wp-json\/wp\/v2\/pages\/3707"}],"collection":[{"href":"https:\/\/www.v6.newmessage.org\/da\/wp-json\/wp\/v2\/pages"}],"about":[{"href":"https:\/\/www.v6.newmessage.org\/da\/wp-json\/wp\/v2\/types\/page"}],"author":[{"embeddable":true,"href":"https:\/\/www.v6.newmessage.org\/da\/wp-json\/wp\/v2\/users\/1"}],"replies":[{"embeddable":true,"href":"https:\/\/www.v6.newmessage.org\/da\/wp-json\/wp\/v2\/comments?post=3707"}],"version-history":[{"count":19,"href":"https:\/\/www.v6.newmessage.org\/da\/wp-json\/wp\/v2\/pages\/3707\/revisions"}],"predecessor-version":[{"id":27230,"href":"https:\/\/www.v6.newmessage.org\/da\/wp-json\/wp\/v2\/pages\/3707\/revisions\/27230"}],"up":[{"embeddable":true,"href":"https:\/\/www.v6.newmessage.org\/da\/wp-json\/wp\/v2\/pages\/27026"}],"wp:attachment":[{"href":"https:\/\/www.v6.newmessage.org\/da\/wp-json\/wp\/v2\/media?parent=3707"}],"wp:term":[{"taxonomy":"category","embeddable":true,"href":"https:\/\/www.v6.newmessage.org\/da\/wp-json\/wp\/v2\/categories?post=3707"},{"taxonomy":"post_tag","embeddable":true,"href":"https:\/\/www.v6.newmessage.org\/da\/wp-json\/wp\/v2\/tags?post=3707"}],"curies":[{"name":"wp","href":"https:\/\/api.w.org\/{rel}","templated":true}]}}