{"id":28192,"date":"2024-08-29T23:36:44","date_gmt":"2024-08-29T23:36:44","guid":{"rendered":"https:\/\/www.v6.newmessage.org\/da\/?page_id=28192"},"modified":"2024-08-29T23:36:44","modified_gmt":"2024-08-29T23:36:44","slug":"menneskehedens-fremtid","status":"publish","type":"page","link":"https:\/\/www.v6.newmessage.org\/da\/budskabet\/bind-1\/den-nye-verden\/menneskehedens-fremtid\/","title":{"rendered":"Menneskehedens Fremtid"},"content":{"rendered":"<div><!-- Version 3.3 Verse --><\/div>\n\n<div class=\"tabgroup \"><ul class=\"tabs\"><li><a href=\"#tabs-1\">\u00c5benbaring<\/a><\/li>\n<li><a href=\"#tabs-2\">Note<\/a><\/li><\/ul>\n <div id=\"tabs-1\"><\/p>\n<p>H\u00f8r den oprindelige version af \u00c5benbaringen p\u00e5 engelsk:<\/p>\n<p><\/p>\n<p><a title=\"The Future of Humanity\" href=\"https:\/\/www.newmessage.org\/av\/the-future-of-humanity.mp3\">Download<\/a> (h\u00f8jre-klik for at downloade)<\/p>\n<p class=\"revelation_details\"><em>Som \u00e5benbaret for Guds Budbringer,<br \/>\nMarshall Vian Summers,<br \/>\n<\/em><i>en 12. maj, 2010<\/i><i><br \/>\n<\/i><i>i Boulder, Colorado<\/i><\/p>\n<p class=\"revelation_details\"><em>\u00a0<\/em><\/p>\n<div class=\"toggle toggle-white\"><h4 class=\"trigger \"><span class=\"t_ico\"><\/span><a href=\"#\">Om denne optagelse<\/a><\/h4><div class=\"toggle_container \"><br \/>\n<div id=\"yui_3_16_0_ym19_1_1467955126517_3327\" dir=\"ltr\"><span id=\"yui_3_16_0_ym19_1_1467955126517_3177\"><span id=\"yui_3_16_0_ym19_1_1467955126517_3178\">D\u00e9t, du h\u00f8rer i denne lydoptagelse er Den Englelige Forsamlings stemme, der taler gennem Budbringeren, Marshall Vian Summers<br \/>\n<\/span><\/span><\/div>\n<div dir=\"ltr\"><span id=\"yui_3_16_0_ym19_1_1467955126517_3177\"><span id=\"yui_3_16_0_ym19_1_1467955126517_3178\">\u00a0<\/span><\/span><\/div>\n<div id=\"yui_3_16_0_ym19_1_1467955126517_3359\" dir=\"ltr\"><span id=\"yui_3_16_0_ym19_1_1467955126517_3177\"><span id=\"yui_3_16_0_ym19_1_1467955126517_3178\"> Her er den oprindelige kommunikation fra Gud, der eksisterer hinsides ord, oversat til menneskeligt sprog og forst\u00e5else af Den Englelige Forsamling, der f\u00f8rer tilsyn med verden. Forsamlingen leverer derefter Guds Budskab gennem Budbringeren.<br \/>\n<\/span><\/span><\/div>\n<div id=\"yui_3_16_0_ym19_1_1467955126517_3369\" dir=\"ltr\"><span id=\"yui_3_16_0_ym19_1_1467955126517_3177\"><span id=\"yui_3_16_0_ym19_1_1467955126517_3178\">\u00a0<\/span><\/span><\/div>\n<div id=\"yui_3_16_0_ym19_1_1467955126517_3370\" dir=\"ltr\"><span id=\"yui_3_16_0_ym19_1_1467955126517_3177\"><span id=\"yui_3_16_0_ym19_1_1467955126517_3178\">I dette bem\u00e6rkelsesv\u00e6rdige forl\u00f8b, taler \u00c5benbaringens Stemme p\u00e5 ny. Ordet og Lyden er i verden. For f\u00f8rste gang i historien, er den oprindelige talte \u00e5benbaring tilg\u00e6ngelig for dig og for verden at opleve.<br \/>\n<\/span><\/span><\/div>\n<div id=\"yui_3_16_0_ym19_1_1467955126517_3436\" dir=\"ltr\"><span id=\"yui_3_16_0_ym19_1_1467955126517_3177\"><span id=\"yui_3_16_0_ym19_1_1467955126517_3178\">\u00a0<\/span><\/span><\/div>\n<div id=\"yui_3_16_0_ym19_1_1467955126517_3435\" dir=\"ltr\"><span id=\"yui_3_16_0_ym19_1_1467955126517_3177\"><span id=\"yui_3_16_0_ym19_1_1467955126517_3178\">M\u00e5 du v\u00e6re modtageren af denne \u00c5benbaringens gave og m\u00e5 du v\u00e6re \u00e5ben for at tage imod dens unikke Budskab for dig og for dit liv.<\/span><\/span><\/div>\n<br \/>\n<\/div><\/div><br \/>\n<\/div>\n<div id=\"tabs-2\"><br \/>\n<em>NOTE TIL L\u00c6SERNE:<br \/>\nDenne overs\u00e6ttelse blev givet til Samfundet af en studerende af Det Nye Budskab, der meldte sig frivilligt til at overs\u00e6tte den originale engelske tekst. Vi stiller denne overs\u00e6ttelse til r\u00e5dighed for verden i denne tidlige form, for at give mennesker en mulighed for at engagere sig med en del af Det Nye Budskab p\u00e5 deres eget sprog.<\/em><br \/>\n<\/div>\n\t\t\t\t<div align=\"right\">\n\t\t\t<div class=\"fb-like\" data-href=\"\" data-layout=\"button_count\" data-action=\"like\" data-show-faces=\"false\" data-share=\"false\"><\/div>\n\t\t\t<div class=\"fb-share-button\" data-layout=\"button_count\"> <\/div>\n\t\t\t<div class=\"fb_iframe_widget\"><a href=\"https:\/\/twitter.com\/godsnewmessage?ref_src=twsrc%5Etfw\" class=\"twitter-follow-button\" data-show-count=\"false\">Follow @godsnewmessage<\/a><script async src=\"https:\/\/platform.twitter.com\/widgets.js\" charset=\"utf-8\"><\/script><\/div>\n\t\t\t<\/div> <\/div> \n\n<p>Menneskene har en stor fremtid for sig, men en uvis fremtid \u2013 en fremtid, der nu bliver udfordret af store forandringer, der kommer til verden; en fremtid, der bliver udfordret af de racer i universet, der blander sig i menneskelige anliggender og s\u00f8ger at drage fordel af en svag og splittet menneskehed.<\/p>\n<p>I er n\u00e5et dertil, at jeres fremtid og jeres sk\u00e6bne vil blive afgjort i de kommende \u00e5r, afgjort af, hvordan menneskene reagerer p\u00e5 den store forandring, der kommer til verden, og p\u00e5 konkurrencen fra universet omkring jer, over hvem der vil have den kommanderende indflydelse over fremtiden og den menneskelige families sk\u00e6bne.<\/p>\n<p>Folk er ikke klar over, at de lever ved et s\u00e5 monumentalt vendepunkt, s\u00e5 afg\u00f8rende en tid i menneskenes lange historie. Det er ikke i folks tanker; det er ikke i folks samtaler. Men p\u00e5 et dybere plan er det i folks oplevelse.<\/p>\n<p>Mange mennesker rundt om i verden kan m\u00e6rke den kommende store forandring, og de ser p\u00e5 fremtiden med bekymring og \u00e6ngstelse. De fornemmer den komme hen over horisonten, selvom de endnu ikke kan tale \u00e5bent om det eller formulere, hvad de specifikt m\u00e6rker.<\/p>\n<p>P\u00e5 grund af denne kommende store forandring og menneskenes m\u00f8de med livet i universet, er en Ny \u00c5benbaring sendt fra Skaberen af alt liv \u2013 en stor velsignelse, en stor styrke, et stort Budskab, en stor forberedelse. Den er kommet i ren form, i enkel form, givet gradvist over en lang periode, til \u00e9n mand, der blev sendt til verden, for at bringe et Nyt Budskab fra Gud til en k\u00e6mpende menneskehed.<\/p>\n<p>Det vil m\u00e5ske v\u00e6re forvirrende for dem, der vil v\u00e6re de f\u00f8rste til at m\u00f8de denne Nye \u00c5benbaring, fordi den i s\u00e5 h\u00f8j grad omhandler menneskenes fremtid og i mindre grad menneskenes nuv\u00e6rende forhold og vanskeligheder. Men dette har altid v\u00e6ret de store \u00c5benbaringers natur, \u00c5benbaringer bragt af Budbringerne op gennem menneskets historie.<\/p>\n<p>\u00c5benbaringerne har ikke blot v\u00e6ret et svar p\u00e5 umiddelbare problemer og vanskeligheder, men en forberedelse p\u00e5 menneskelig udviklings og evolutions n\u00e6ste store stadie. Ja, i dette tilf\u00e6lde taler Guds Nye \u00c5benbaring om en st\u00f8rre udfordring for menneskelig frihed og suver\u00e6nitet i denne verden, en udfordring som er kendt af s\u00e5 v\u00e6ldigt f\u00e5.<\/p>\n<p>Du er endnu ikke klar over, hvad det er, der truer dit velbefindende. Du erkender endnu ikke Kundskabens kraft og styrke, som Gud har givet dig. Og du erkender endnu ikke, at en Ny \u00c5benbaring er i verden, og at du lever i en \u00c5benbaringens tid.<\/p>\n<p>Hvis folk virkeligt var forbundede med deres indre oplevelse, ville de m\u00e5ske kunne skelne disse ting. Men det er ikke tilf\u00e6ldet. S\u00e5 \u00c5benbaringen kommer, men kun f\u00e5 kan h\u00f8re den. De f\u00e6rreste kan genkende den for det, den virkeligt er. Kun f\u00e5 kan p\u00e5tage sig ansvaret for, hvad det ville betyde for deres liv, at tage imod et Nyt Budskab fra Gud. Og kun f\u00e5 kan erkende, hvad der kommer over horisonten \u2013 de store storme, der bygger sig op derude i fremtiden, og menneskenes s\u00e5rbarhed overfor de kr\u00e6fter og racer i jeres lokale univers, som er her for at kaste deres indflydelse over en intetanende menneskehed.<\/p>\n<p>Folk er plagede af andre problemer \u2013 dagens problemer, \u00f8jeblikkets bekymringer. Disse er selvf\u00f8lgelig i mange tilf\u00e6lde meget reelle, og dog ubetydelige i forhold til det, der kommer.<\/p>\n<p>Gud ved, at menneskene ikke reagerer, ikke afl\u00e6ser verdens tegn og ikke reagerer p\u00e5 Kundskab, den store begavelse. S\u00e5 en Ny \u00c5benbaring er sendt hertil, en \u00c5benbaring, der ikke ligner noget, der nogensinde f\u00f8r er givet til menneskene \u2013 for at forberede jer alle sammen p\u00e5 en fremtid, som I ikke forventer og som I er uforberedte p\u00e5.<\/p>\n<p>Hvis menneskene rigtigt forstod deres position og deres s\u00e5rbarhed, ville de indse, at en Ny \u00c5benbaring m\u00e5tte gives. De ville se, at de tidligere \u00c5benbaringer, som alle er givet af Gud, ikke kan forberede dem p\u00e5 det, de nu st\u00e5r overfor. De ville se, at deres religioner og religi\u00f8se institutioner ikke kan forberede dem p\u00e5 de Store B\u00f8lger af forandring \u2013 milj\u00f8m\u00e6ssig tilbagegang; tabet af verdens f\u00f8devareproduktion; voldsomt vejr, og den stigende risiko for konkurrence, konflikter og krig, mellem grupper og nationer om, hvem der skal have adgang til verdens resterende ressourcer, ressourcer, der s\u00e5 hurtigt bliver opbrugt i denne tid.<\/p>\n<p>Ingen religion eller religi\u00f8s institution, som de ser ud i dag, kan forberede jer p\u00e5 livets kompleksitet i universet, eller p\u00e5 de ting, som I m\u00e5 vide, for at bevare menneskelig frihed og suver\u00e6nitet i denne verden. Verdens religioner er endda splittede indenfor egne r\u00e6kker, stridige mellem hinanden og forankrede i en fjern fortid.<\/p>\n<p>Selv forestillingerne og overbevisningerne om Gud og Skabelsen er g\u00e5et tabt i antikken, baserede p\u00e5 \u00e6ldgamle id\u00e9er, der ikke holder trit med \u00e5benbaringerne om universets vidder eller den store mangfoldighed af liv, der lever i og udenfor verden.<\/p>\n<p>Derfor m\u00e5 menneskene nu forberede sig p\u00e5 en ny virkelighed, en vanskelig virkelighed, men en forl\u00f8sende virkelighed. Det, at I m\u00e5 se de Store B\u00f8lger af forandring og det St\u00f8rre F\u00e6llesskab i \u00f8jnene, giver det st\u00f8rste l\u00f8fte for menneskeligt sammenhold og samarbejde. I lyset af disse ting, bliver det helt tydeligt, at nationer bliver n\u00f8dt til at slutte sig sammen, for at bevare verden, for at forhindre sammenbrud, for at bevare den menneskelige civilisation og for at l\u00e6re om det St\u00f8rre F\u00e6llesskab af liv, som I altid har levet i og hvor jeres verden altid har eksisteret.<\/p>\n<p>Det er en ny uddannelse, det er st\u00f8rre behov, og det har magten til at forene en splittet menneskehed. Det har magten og styrken til at overvinde langvarige konflikter og fjendskaber. S\u00e5 magtfuldt er det, s\u00e5 presserende er det og s\u00e5 st\u00e6rk er det, hvis det kan ses og forst\u00e5s tydeligt.<\/p>\n<p>Men i dette \u00f8jeblik er menneskene ikke s\u00e6rligt intelligente. De forudser ikke fremtiden. De forbereder sig ikke p\u00e5 fremtiden. De ofrer intet i \u00f8jeblikket, med det form\u00e5l at forberede sig p\u00e5 fremtidige eventualiteter. De kan ikke se fremtidige eventualiteter. Mens der er enkeltmennesker, der kan erkende disse ting og v\u00e6re forudseende, er menneskene som helhed tr\u00e6ge og ignorante, selvoptagede og reagerer ikke p\u00e5 en verden i forandring.<\/p>\n<p>Det er derfor, at Gud har sendt en Ny \u00c5benbaring. Den er her for at opbygge menneskelig intelligens, for at udvide menneskelig bevidsthed og for at undervise i religionens og \u00e5ndelighedens betydning p\u00e5 Kundskabens niveau, p\u00e5 niveauet for den dybere intelligens, der eksisterer i hvert enkelt menneske og i alt sansende liv i universet.<\/p>\n<p>Her l\u00e6rer du at reagere p\u00e5 Kundskab, i stedet for at have tro p\u00e5 Gud. Her begynder du at reagere og f\u00f8lge Kundskab, i stedet for at etablere fantastiske trossystemer og forsvare dem mod andre trossystemer. Her l\u00e6rer I at genkende Kundskab i hinanden, hvilket er den klogeste del af hvert menneske, i stedet for at idolisere og tilbede l\u00e6rere og budbringere.<\/p>\n<p>Gud styrer ikke verden. Gud tager sig ikke af klimaet. Gud beh\u00f8ver ikke at tage sig af hver eneste lille ting, for Gud har sat alt i gang og har givet jer Kundskab til at vejlede jer, beskytte jer og forberede jer p\u00e5 et st\u00f8rre liv i verdens tjeneste.<\/p>\n<p>Alle universernes Herre er ikke optaget af dine daglige anliggender, men har p\u00e5 samme tid givet dig en dybere forbindelse, s\u00e5 Guds Vilje og Kraft kan tale til dig og vejlede dig og give dig vished i lyset af ulykke eller omv\u00e6ltning.<\/p>\n<p>Gud er s\u00e5 t\u00e6t p\u00e5 dig og alligevel s\u00e5 m\u00e6gtig og storsl\u00e5et og ufattelig. Din forbindelse til Gud er i selve dit V\u00e6sens center, dog lever du dit liv p\u00e5 overfladen af sindet, holdt der af din fascination af og frygt for verden, holdt der af din egen frygt og dine bes\u00e6ttelser. Gud er s\u00e5 v\u00e6ldigt n\u00e6r, dog virker Gud s\u00e5 v\u00e6ldigt langt v\u00e6k.<\/p>\n<p>Der er blevet fortalt fantastiske historier om fortidens Budbringere, men hvem kender \u00c5benbaringens virkelighed? Fantastiske fort\u00e6llinger om mirakler og overmenneskelige egenskaber, utrolige fort\u00e6llinger om at boltre sig med den Englelige V\u00e6rt, men hvem i verden ved, hvordan \u00e6gte \u00c5benbaring ser ud, hvordan den opleves og udtrykkes?<\/p>\n<p>Det er meget l\u00e6nge siden, at menneskeheden har modtaget en Ny \u00c5benbaring fra Skaberen af alt liv, og ingen, der lever i verden i dag, kan g\u00f8re rede for det. I har kun historier fra fortiden. S\u00e5, n\u00e5r en rigtig \u00c5benbaring indtr\u00e6ffer, ser folk den ikke. De genkender den ikke. De reagerer ikke. Hvis de st\u00f8der direkte p\u00e5 den, tvivler de p\u00e5 den: &#8220;Hvordan kan det v\u00e6re?&#8221;<\/p>\n<p>[I begyndelsen] vil selv Budbringeren ikke engang forkynde. Selve Budskabet forkynder. Budskabet forkynder selv at v\u00e6re, hvad det er. Det repr\u00e6senterer dets Kilde og dets form\u00e5l. Det taler om at leve fuldt ud i nuet og forberede sig klogt p\u00e5 fremtiden. For Skaberen af alt liv vil, at menneskene forbereder sig p\u00e5 deres fremtid \u2013 en fremtid, der ikke ligner fortiden, en fremtid, som folk ikke vil eller ikke kan se, men som kan ses og m\u00e6rkes og kendes.<\/p>\n<p>Dette er en opfordring til dig om at reagere. Det er et Budskab til dig om dit liv og dine omst\u00e6ndigheder. Det er en \u00c5benbaring om din \u00e5ndeligheds \u00e6gte natur og dens Kilde. Dette er en ny forst\u00e5else af menneskelig intelligens og menneskeligt ansvar. Dette er en opfordring til menneskelig forening og samarbejde. Dette er en \u00c5benbaring om, hvad der kommer over horisonten, og om hvad menneskene m\u00e5 g\u00f8re for at forberede sig, b\u00e5de kollektivt og individuelt.<\/p>\n<p>Dette taler om magtens kilde og center i individet og om, hvor indre frihed kan etableres og hvad \u00e6gte frihed betyder, hvordan den kan bevares og hvad der truer den i dag og i morgen.<\/p>\n<p>Aldrig f\u00f8r er s\u00e5dan en L\u00e6re givet til menneskene, for de forrige \u00c5benbaringer blev givet til ikke l\u00e6sekyndige og u-sofistikerede. I mods\u00e6tning hertil er den Nye \u00c5benbaring i dag omfattende og detaljeret. Den er rig. Dens L\u00e6rer d\u00e6kker s\u00e5 mange emner. Det er den st\u00f8rste L\u00e6re nogensinde givet til menneskene, for den gives til en menneskehed, der nu er l\u00e6sekyndig og som har en verdensbevidsthed. Selv \u00c5benbaringens natur har \u00e6ndret sig dramatisk, for at im\u00f8dekomme menneskehedens voksende og skiftende behov.<\/p>\n<p>Men folks id\u00e9er er stadig fortabte i fortiden. De forst\u00e5r ikke, hvad \u00c5benbaring betyder. De genkender den ikke, n\u00e5r den indtr\u00e6ffer. De ser ikke velsignelserne og ansvaret ved at leve i en \u00c5benbaringens tid. De ser end ikke behovet for en Ny \u00c5benbaring.<\/p>\n<p>Ikke desto mindre er et Nyt Budskab fra Gud sendt. Nu er det n\u00f8dvendigt, for menneskene kan ikke se, hvad der kommer. De er uforberedte og erkender ikke behovet for at forberede sig. De lever med en misforst\u00e5else af deres omst\u00e6ndigheder, og de kan ikke se frugterne af deres handlinger eller de fremtidige konsekvenser af menneskenes indvirkning p\u00e5 den naturlige verden.<\/p>\n<p>Teknologi er blevet jeres nye religion, jeres nye gud, der vil redde jer gennem alt, eller s\u00e5dan t\u00e6nker I. Men jeres teknologi kan ikke forberede jer p\u00e5 de Store B\u00f8lger af forandring, og den kan ikke forberede jer p\u00e5 jeres m\u00f8de med vanskelige kr\u00e6fter fra universet. I kender ikke til jeres styrke og jeres svaghed. Af denne grund er I nu s\u00e5 s\u00e5rbare.<\/p>\n<p>Verden er blevet s\u00e5 udpint, og udpines selv i dette \u00f8jeblik, at jeres fremtidige underhold og stabilitet nu er i fare. Du m\u00e5 se dette og m\u00e6rke dette, for at erkende, hvorfor en Ny \u00c5benbaring ville blive givet. Du m\u00e5 have modet og objektiviteten til at se disse ting i \u00f8jnene, uden at give andre skylden og ford\u00f8mme dem. For alle har skabt dette, og alle st\u00e5r overfor konsekvenserne.<\/p>\n<p>Jeres fremtid og jeres sk\u00e6bne vil blive afgjort indenfor de n\u00e6ste \u00e5rtier. Den vil blive afgjort nu. Den vil blive afgjort, enten af menneskenes visdom, eller af deres ignorance. Det er valget. Det er beslutningen. Det er jeres tids store ansvar. Det er dit livs store kald.<\/p>\n<p>Derfor m\u00e5 den Nye \u00c5benbaring tale om menneskenes kernestyrke og Kundskabens styrke i individet. For I m\u00e5 vide, hvor jeres styrke kan findes, hvor jeres visdom holder til, og hvor I vil opn\u00e5 visheden og forpligtelsen til at g\u00f8re det, der er n\u00f8dvendigt, for at bevare den menneskelige civilisation og forhindre intervention udefra.<\/p>\n<p>Disse ting er ukendte for folk, men livet bev\u00e6ger sig, og verden \u00e6ndrer sig. Nu er menneskehedens isolation i universet forbi, og I vil aldrig have den igen. Verden har \u00e6ndret sig, men folk har ikke tilstr\u00e6kkeligt \u00e6ndret sig med den.<\/p>\n<p>Der er mange nye ting, der m\u00e5 l\u00e6res og forst\u00e5s. Der er mange ting, der ikke f\u00f8r har v\u00e6ret behov for, som nu er n\u00f8dvendige. Der er et stort behov for at opl\u00f8fte den menneskelige \u00e5nd og uddanne jer om livets virkelighed og \u00e5ndelighed i universet.<\/p>\n<p>Men hvem kan l\u00e6re jer disse ting? De kan ikke l\u00e6res p\u00e5 noget universitet eller i nogen kirke, moske eller tempel. Disse ting m\u00e5 komme fra Gud, for kun Gud kender fuldt ud det menneskelige hjerte og den menneskelige \u00e5nd. Kun Gud kender fuldt ud menneskenes historie og sk\u00e6bne.<\/p>\n<p>S\u00e5ledes er en \u00c5benbaring sendt, sendt gennem \u00e9n mand, Budbringeren. Sendt s\u00e5dan som Budskaber altid er blevet sendt, kommet til verden i en enkel, ydmyg form, uden pragt, uden stor dramatik, uden stor opvisning.<\/p>\n<p>Gud har givet et svar p\u00e5 de b\u00f8nner og de seri\u00f8se anmodninger fra mennesker fra alle samfundslag, alle nationer og kulturer. Jeres b\u00f8nner er nu blevet besvarede, for en Ny \u00c5benbaring er i verden. Nu er det din udfordring at finde den og at l\u00e6re af den og lade den bel\u00e6re dig om meningen med dit liv i verden, om hvad du nu forbereder dig p\u00e5 og det store l\u00f8fte og den store risiko, der ligger foran den menneskelige familie.<\/p>\n<p>I lyset af disse store pr\u00f8velser vil menneskene f\u00e5 mulighed for at opbygge et nyt grundlag i verden \u2013 at forene menneskeheden p\u00e5 en meningsfuld m\u00e5de, uden undertrykkelse, at handle sammen, i stedet for at k\u00e6mpe i Adskillelse, s\u00e6rskilt, at blive moden og viis, at opbygge jeres styrke og undslippe fortidens tragedie.<\/p>\n<p>Det er de store udfordringer, der vil g\u00f8re jer i stand til dette. Selve det, der ville kunne tilintetg\u00f8re den menneskelige civilisation, er netop det, der vil kunne styrke den og give den et nyt grundlag og en ny retning. I denne henseende alene er den modgang, I m\u00f8der, forl\u00f8sende. Men undervurd\u00e9r ikke den store risiko. Undervurd\u00e9r ikke den udfordring, som ikke alene ledere af nationer men alle borgere st\u00e5r overfor.<\/p>\n<p>S\u00e5 beslutningen ligger foran jer: Vil I forene jer og samarbejde for bevarelsen af verden, og for at m\u00f8de den store udfordring, det er at tr\u00e6de ind i et St\u00f8rre F\u00e6llesskab af liv, eller vil I sl\u00e5s og k\u00e6mpe om, hvem der har adgang til de resterende ressourcer, og ignorere den fare, der kommer udefra, en fare, der kun vil drage fordel af jeres konflikter og jeres skavanker?<br \/>\nDette er sp\u00f8rgsm\u00e5let, ser du. Det er det sp\u00f8rgsm\u00e5l, der er vigtigere og betyder mere end noget andet sp\u00f8rgsm\u00e5l, du kunne overveje p\u00e5 nuv\u00e6rende tidspunkt, et sp\u00f8rgsm\u00e5l, der overg\u00e5r alle jeres andre bekymringer. Alligevel er det et sp\u00f8rgsm\u00e5l, der kun er til stede i s\u00e5 f\u00e5 sind i dag.<\/p>\n<p>Menneskene er uvidende om deres store styrke, og I er uvidende om jeres store farer. Det er disse to ting, der, for menneskenes beskyttelse og avancement, har bragt et Nyt Budskab fra Gud til verden. Gud s\u00f8ger at beskytte den menneskelige civilisation og give den nyt liv, nyt form\u00e5l og ny retning, at advare jer om den store modgang, I nu st\u00e5r overfor, og som er st\u00f8rre end noget, jeres forf\u00e6dre nogensinde har m\u00e5ttet tage sig af.<\/p>\n<p>Derfor afh\u00e6nger s\u00e5 meget af menneskelig reaktion \u2013 menneskeligt ansvar, evnen til at reagere. S\u00e5 meget afh\u00e6nger af jeres bevidsthed og af jeres beslutninger og af jeres evne til at erkende, at I lever i en \u00c5benbaringens tid, i en skiftets tid, til en vanskeligere og farligere verden.<\/p>\n<p>S\u00e5 meget afh\u00e6nger af menneskelig intelligens, de enkeltmenneskers intelligens, der kan reagere p\u00e5 en Ny \u00c5benbaring og kan dele dens visdom og dens vejledning med andre. S\u00e5 meget afh\u00e6nger af Kundskabens styrke og n\u00e6rv\u00e6r i hvert enkelt menneske, en styrke og et n\u00e6rv\u00e6r, der er s\u00e5 lidt kendt og som de fleste ikke agter.<\/p>\n<p>Du m\u00e5 elske og have stor tro p\u00e5 menneskeheden, for at stole p\u00e5, at den vil tr\u00e6ffe de rigtige beslutninger og f\u00f8lge den retning, der vil give den en ny vej fremad. Du m\u00e5 elske og have tro p\u00e5 menneskehedens \u00e5nd og p\u00e5 dens l\u00f8fte og talenter, p\u00e5 trods af dens forl\u00e6ngede tragiske fejltagelser.<\/p>\n<p>Tro ikke, at en anden race i universet vil komme og redde jer, for de, der h\u00e6vder at g\u00f8re det, er her kun for at drage fordel af jeres svaghed og jeres naivitet. Tro ikke, at hvis den menneskelige civilisation svigter, vil noget bedre eller st\u00f8rre, som konsekvens, etableres. Undervurd\u00e9r ikke denne tids magt, og den store modgang, som I nu ser i \u00f8jnene, og som for s\u00e5 mange endnu er ukendt.<\/p>\n<p>Mist ikke troen p\u00e5 Kundskabens styrke og n\u00e6rv\u00e6r i dig og i andre, til at erkende og reagere p\u00e5 dette og se den store mulighed for at skabe en ny samh\u00f8righed i den menneskelige familie \u2013 en samh\u00f8righed bygget p\u00e5 n\u00f8dvendighed, en samh\u00f8righed smedet i n\u00f8dvendighedens ild, en samh\u00f8righed bygget p\u00e5 erkendelsen af, at sammen kan det lykkes jer, hvor det tidligere ikke kunne lykkes jer.<\/p>\n<p>Advarslen er over jer, men det er velsignelsen ogs\u00e5. For Gud elsker menneskeheden og \u00f8nsker ikke at se jer fejle eller miste jeres frihed, n\u00e5r I tr\u00e6der ind i et St\u00f8rre F\u00e6llesskab af liv i universet.<\/p>\n<p>Du m\u00e5 ogs\u00e5 have denne k\u00e6rlighed og denne tro p\u00e5 menneskeheden og denne forpligtelse overfor menneskeheden. For, har du det, vil du begynde at opleve Kundskabens styrke og n\u00e5de i dit indre. Du vil se, at du ogs\u00e5 er kommet til verden p\u00e5 dette specifikke tidspunkt, for at yde et unikt bidrag til bestemte mennesker, under bestemte forhold. Og selvom du m\u00e5ske endnu ikke er klar over, hvem disse mennesker er eller hvad disse forhold er, vil du m\u00e6rke Kundskabens kraft og n\u00e6rv\u00e6r, der bev\u00e6ger dig, frig\u00f8r dig, oml\u00e6gger dit liv, oml\u00e6gger dine forpligtelser, bev\u00e6ger dig i en ny retning.<\/p>\n<p>M\u00e5 denne velsignelse v\u00e6re din at opleve, for det er virkelig en velsignelse. M\u00e5 disse tider v\u00e6kke et nyere, dybere engagement og et indre mod. M\u00e5 du se, at jeres fremtid ligger foran jer, for at blive afgjort i denne tid, for dette store skift. M\u00e5 du erkende, at du som individ m\u00e5 tr\u00e6ffe disse beslutninger, og ikke blot f\u00e6ste din lid til, at andre tr\u00e6ffer dem for dig. M\u00e5 du erkende, at Kundskabens kraft og n\u00e5de lever i dig, under dit sinds overflade.<\/p>\n<p>I dit hjerte ved du ting, som sindet ikke kan forst\u00e5, at din sande identitet eksisterer udenfor intellektets rige og r\u00e6kkevidde, i Kundskabens kraft og n\u00e6rv\u00e6r.<\/p>\n<p>M\u00e5 du h\u00f8re disse ord med dit hjerte med et \u00e5bent sind, og se den store k\u00e6rlighed, som de demonstrerer, og den store respekt og tillid, som de byder dig, dig, der endnu ikke har selvrespekt og tillid.<\/p>\n<p>M\u00e5 Guds Nye \u00c5benbaring oplyse dit liv og give dig styrke og mod til at navigere i de vanskelige tider forude, og m\u00e5 I tale som \u00e9n stemme i denne verden, og smede grundlaget for en bedre fremtid for den menneskelige familie.<\/p>\n","protected":false},"excerpt":{"rendered":"<p>Menneskene har en stor fremtid for sig, men en uvis fremtid \u2013 en fremtid, der nu bliver udfordret af store forandringer, der kommer til verden; en fremtid, der bliver udfordret af de racer i universet, der blander sig i menneskelige anliggender og s\u00f8ger at drage fordel af en svag og splittet menneskehed. I er n\u00e5et\u2026 <a class=\"read-more\" href=\"https:\/\/www.v6.newmessage.org\/da\/about-recording-shortcode\/\"><span>Read More<\/span><\/a><\/p>\n","protected":false},"author":77,"featured_media":0,"parent":16482,"menu_order":0,"comment_status":"closed","ping_status":"closed","template":"template-leftsidebar.php","meta":{"_monsterinsights_skip_tracking":false,"_monsterinsights_sitenote_active":false,"_monsterinsights_sitenote_note":"","_monsterinsights_sitenote_category":0,"footnotes":""},"categories":[76,30,463,460],"tags":[732],"_links":{"self":[{"href":"https:\/\/www.v6.newmessage.org\/da\/wp-json\/wp\/v2\/pages\/28192"}],"collection":[{"href":"https:\/\/www.v6.newmessage.org\/da\/wp-json\/wp\/v2\/pages"}],"about":[{"href":"https:\/\/www.v6.newmessage.org\/da\/wp-json\/wp\/v2\/types\/page"}],"author":[{"embeddable":true,"href":"https:\/\/www.v6.newmessage.org\/da\/wp-json\/wp\/v2\/users\/77"}],"replies":[{"embeddable":true,"href":"https:\/\/www.v6.newmessage.org\/da\/wp-json\/wp\/v2\/comments?post=28192"}],"version-history":[{"count":2,"href":"https:\/\/www.v6.newmessage.org\/da\/wp-json\/wp\/v2\/pages\/28192\/revisions"}],"predecessor-version":[{"id":28194,"href":"https:\/\/www.v6.newmessage.org\/da\/wp-json\/wp\/v2\/pages\/28192\/revisions\/28194"}],"up":[{"embeddable":true,"href":"https:\/\/www.v6.newmessage.org\/da\/wp-json\/wp\/v2\/pages\/16482"}],"wp:attachment":[{"href":"https:\/\/www.v6.newmessage.org\/da\/wp-json\/wp\/v2\/media?parent=28192"}],"wp:term":[{"taxonomy":"category","embeddable":true,"href":"https:\/\/www.v6.newmessage.org\/da\/wp-json\/wp\/v2\/categories?post=28192"},{"taxonomy":"post_tag","embeddable":true,"href":"https:\/\/www.v6.newmessage.org\/da\/wp-json\/wp\/v2\/tags?post=28192"}],"curies":[{"name":"wp","href":"https:\/\/api.w.org\/{rel}","templated":true}]}}