{"id":28187,"date":"2024-08-29T23:30:22","date_gmt":"2024-08-29T23:30:22","guid":{"rendered":"https:\/\/www.v6.newmessage.org\/da\/?page_id=28187"},"modified":"2024-08-29T23:30:22","modified_gmt":"2024-08-29T23:30:22","slug":"modstandsdygtighed","status":"publish","type":"page","link":"https:\/\/www.v6.newmessage.org\/da\/budskabet\/bind-1\/den-nye-verden\/modstandsdygtighed\/","title":{"rendered":"Modstandsdygtighed"},"content":{"rendered":"<div><!-- Version 3.3 Verse --><\/div>\n\n<div class=\"tabgroup \"><ul class=\"tabs\"><li><a href=\"#tabs-1\">\u00c5benbaring<\/a><\/li>\n<li><a href=\"#tabs-2\">Note<\/a><\/li><\/ul>\n <div id=\"tabs-1\"><\/p>\n<p>H\u00f8r den oprindelige version af \u00c5benbaringen p\u00e5 engelsk:<\/p>\n<p><\/p>\n<p><a title=\"Resilience\" href=\"https:\/\/www.newmessage.org\/av\/resilience.mp3\">Download<\/a> (h\u00f8jre-klik for at downloade)<\/p>\n<p class=\"revelation_details\"><em>Som \u00e5benbaret for Guds Budbringer,<br \/>\nMarshall Vian Summers,<br \/>\n<\/em><i>den 10. december, 2014<\/i><i><br \/>\n<\/i><i>i Boulder, Colorado<\/i><\/p>\n<p class=\"revelation_details\"><em>\u00a0<\/em><\/p>\n<div class=\"toggle toggle-white\"><h4 class=\"trigger \"><span class=\"t_ico\"><\/span><a href=\"#\">Om denne optagelse<\/a><\/h4><div class=\"toggle_container \"><br \/>\n<div id=\"yui_3_16_0_ym19_1_1467955126517_3327\" dir=\"ltr\"><span id=\"yui_3_16_0_ym19_1_1467955126517_3177\"><span id=\"yui_3_16_0_ym19_1_1467955126517_3178\">D\u00e9t, du h\u00f8rer i denne lydoptagelse er Den Englelige Forsamlings stemme, der taler gennem Budbringeren, Marshall Vian Summers<br \/>\n<\/span><\/span><\/div>\n<div dir=\"ltr\"><span id=\"yui_3_16_0_ym19_1_1467955126517_3177\"><span id=\"yui_3_16_0_ym19_1_1467955126517_3178\">\u00a0<\/span><\/span><\/div>\n<div id=\"yui_3_16_0_ym19_1_1467955126517_3359\" dir=\"ltr\"><span id=\"yui_3_16_0_ym19_1_1467955126517_3177\"><span id=\"yui_3_16_0_ym19_1_1467955126517_3178\"> Her er den oprindelige kommunikation fra Gud, der eksisterer hinsides ord, oversat til menneskeligt sprog og forst\u00e5else af Den Englelige Forsamling, der f\u00f8rer tilsyn med verden. Forsamlingen leverer derefter Guds Budskab gennem Budbringeren.<br \/>\n<\/span><\/span><\/div>\n<div id=\"yui_3_16_0_ym19_1_1467955126517_3369\" dir=\"ltr\"><span id=\"yui_3_16_0_ym19_1_1467955126517_3177\"><span id=\"yui_3_16_0_ym19_1_1467955126517_3178\">\u00a0<\/span><\/span><\/div>\n<div id=\"yui_3_16_0_ym19_1_1467955126517_3370\" dir=\"ltr\"><span id=\"yui_3_16_0_ym19_1_1467955126517_3177\"><span id=\"yui_3_16_0_ym19_1_1467955126517_3178\">I dette bem\u00e6rkelsesv\u00e6rdige forl\u00f8b, taler \u00c5benbaringens Stemme p\u00e5 ny. Ordet og Lyden er i verden. For f\u00f8rste gang i historien, er den oprindelige talte \u00e5benbaring tilg\u00e6ngelig for dig og for verden at opleve.<br \/>\n<\/span><\/span><\/div>\n<div id=\"yui_3_16_0_ym19_1_1467955126517_3436\" dir=\"ltr\"><span id=\"yui_3_16_0_ym19_1_1467955126517_3177\"><span id=\"yui_3_16_0_ym19_1_1467955126517_3178\">\u00a0<\/span><\/span><\/div>\n<div id=\"yui_3_16_0_ym19_1_1467955126517_3435\" dir=\"ltr\"><span id=\"yui_3_16_0_ym19_1_1467955126517_3177\"><span id=\"yui_3_16_0_ym19_1_1467955126517_3178\">M\u00e5 du v\u00e6re modtageren af denne \u00c5benbaringens gave og m\u00e5 du v\u00e6re \u00e5ben for at tage imod dens unikke Budskab for dig og for dit liv.<\/span><\/span><\/div>\n<br \/>\n<\/div><\/div><br \/>\n<\/div>\n<div id=\"tabs-2\"><br \/>\n<em>NOTE TIL L\u00c6SERNE:<br \/>\nDenne overs\u00e6ttelse blev givet til Samfundet af en studerende af Det Nye Budskab, der meldte sig frivilligt til at overs\u00e6tte den originale engelske tekst. Vi stiller denne overs\u00e6ttelse til r\u00e5dighed for verden i denne tidlige form, for at give mennesker en mulighed for at engagere sig med en del af Det Nye Budskab p\u00e5 deres eget sprog.<\/em><br \/>\n<\/div>\n\t\t\t\t<div align=\"right\">\n\t\t\t<div class=\"fb-like\" data-href=\"\" data-layout=\"button_count\" data-action=\"like\" data-show-faces=\"false\" data-share=\"false\"><\/div>\n\t\t\t<div class=\"fb-share-button\" data-layout=\"button_count\"> <\/div>\n\t\t\t<div class=\"fb_iframe_widget\"><a href=\"https:\/\/twitter.com\/godsnewmessage?ref_src=twsrc%5Etfw\" class=\"twitter-follow-button\" data-show-count=\"false\">Follow @godsnewmessage<\/a><script async src=\"https:\/\/platform.twitter.com\/widgets.js\" charset=\"utf-8\"><\/script><\/div>\n\t\t\t<\/div> <\/div> \n\n<p>Menneskeheden st\u00e5r p\u00e5 t\u00e6rsklen til den st\u00f8rste verdens\u00e6ndring nogensinde oplevet, en verden, der st\u00e5r overfor et omskifteligt klima, store forstyrrelser, store \u00f8konomiske og sociale mislyde, idet menneskeheden, uforberedt som den er, ser en ny verdensoplevelse i \u00f8jnene \u2013 en vanskeligere verden, en verden med svindende ressourcer og voldsomt vejr, en verden hvor menneskeheden bliver n\u00f8dt til at tr\u00e6ffe meget grundl\u00e6ggende beslutninger om, hvordan den vil handle og forberede sig p\u00e5 en anden slags fremtid.<\/p>\n<p>Folk i verden sover endnu eller er undertrykte. De rige sover og dr\u00f8mmer stadig deres dr\u00f8mme om velstand og personlig opfyldelse, mens det meste af verden k\u00e6mper for at overleve, under v\u00e6gten af fattigdom og politisk og religi\u00f8s undertrykkelse.<\/p>\n<p>Ind i denne tilsyneladende h\u00e5bl\u00f8se situation har universernes Herre bragt et stort Budskab til menneskeheden, en Ny \u00c5benbaring for verden \u2013 en stor advarsel, en stor selvst\u00e6ndigg\u00f8relse og en stor forberedelse.<\/p>\n<p>Hvis du reelt erkendte verdens forfatning og herunder din egen forfatning, ville du se det store behov for, at Gud talte igen. Og nu har Gud talt igen og giver menneskeheden den st\u00f8rste \u00c5benbaring nogensinde bragt til denne verden, for at forberede menneskeheden p\u00e5 en ny verden og for at forberede menneskeheden p\u00e5 dens engagement med et univers fuld af intelligent liv \u2013 et St\u00f8rre F\u00e6llesskab af liv, et fremragende panorama af liv, et f\u00e6llesskab, som menneskeheden slet intet kender til, et ikke-menneskeligt univers, hvor frihed er sj\u00e6lden.<\/p>\n<p>Hvis du er \u00e6rlig og ydmyg nok til at begynde at se dit livs og din verdens egentlige tilstand, vil du erkende, at de tidligere store \u00c5benbaringer ikke kan forberede menneskeheden p\u00e5 det, den nu st\u00e5r overfor. Da de blev givet i antikken, var de passende for deres tid og deres sted, og rummer stadig stor visdom og store l\u00e6rer for menneskeheden, men forberede jer p\u00e5 det, I nu st\u00e5r overfor, kan de ikke.<\/p>\n<p>Selvf\u00f8lgelig ved Gud dette, men menneskene er stadig fortabte i deres bekymringer, deres formaninger, deres konflikter, deres religi\u00f8se strid og f\u00f8lelse af at have overherred\u00f8mmet.<\/p>\n<p>Nu er det tid for jer at l\u00e6re den menneskelige \u00e5ndeligheds sande natur, jeres forbindelse til jeres Kilde og hvordan Gud arbejder i verden, arbejder gennem mennesker, indefra og ud.<\/p>\n<p>Gud ved, at menneskene befinder sig i en prek\u00e6r situation, som I ikke selv kan redde jer ud af. I er for blinde. I er for optagede. I er for fulde af foragt og konflikter. I er ikke st\u00e6rke eller forenede nok til at forberede jer selv. Med \u00e6rlighed og ydmyghed vil du se disse ting, for de er ubestridelige.<\/p>\n<p>I st\u00e5r overfor en meget kompleks situation. I vil f\u00e5 brug for en \u00c5benbaring fra Gud, s\u00e5vel som jeres egen intelligens og ressourcer, for at kappes med den, for at forberede jer p\u00e5 den, for at overleve i den, og, hvis I kan g\u00f8re disse ting, for at opbygge en bedre fremtid for den menneskelige familie \u2013 en st\u00f8rre sikkerhed for verden, en st\u00f8rre forening af den menneskelige familie, en st\u00f8rre styrke og en st\u00f8rre varighed i denne verden og i det St\u00f8rre F\u00e6llesskab, som I altid har levet i.<\/p>\n<p>Fortidens store Budbringere, som alle er kommet fra den Englelige Forsamling \u2013 Jesus, Buddha og Muhammed \u2013 st\u00e5r sammen med Budbringeren, som nu sendes til verden, den eneste Budbringer sendt med en stor \u00c5benbaring fra Gud.<\/p>\n<p>Hvilken udfordring dette vil v\u00e6re for alle, der kan reagere. Hvilken udfordring oveni udfordringen ved den nye verden og udfordringen ved livet i universet.<\/p>\n<p>Gud har givet dig en st\u00f8rre styrke og et st\u00f8rre form\u00e5l med at v\u00e6re i verden p\u00e5 dette tidspunkt. Dybt under intellektet, dybt under dit personlige sind \u2013 som er s\u00e5 konditioneret, styret og manipuleret af verden omkring dig \u2013 har denne st\u00f8rre intelligens din styrke og kraften til at navigere i den store forandring, der er p\u00e5 vej. Den har klarheden og forbindelsen til Gud, til at genlyde med Guds Nye \u00c5benbaring for verden.<\/p>\n<p>Folks ideologier vil blive udfordrede, for Gud bringer stor korrektion til menneskenes forst\u00e5else af de store traditioner og af \u00e5ndelighedens betydning, menneskenes form\u00e5l og jeres ultimative sk\u00e6bne.<\/p>\n<p>Hvilken stor udfordring dette vil v\u00e6re for mennesker, der har bygget hele deres liv op omkring en r\u00e6kke overbevisninger og formaninger, mens de faktisk intet ved om Guds St\u00f8rre Plan og Form\u00e5l her.<\/p>\n<p>Nu har Gud givet dig styrken. Den lever i dig, langt under sindets overflade. Den er ukorrumperet. Den er ikke bange. Ser du, den repr\u00e6senterer den evige del af dig, som stadig er forbundet med Gud. Den trues ikke af verden. Den lever ikke i en tilstand af konstant \u00e6ngstelse, som dit personlige sind g\u00f8r. Den lever ikke i en verden af bes\u00e6ttelse og distraktion, \u00e6ngstelse og foragt \u2013 selve de ting, som styrer dit personlige sind og alle andres, der lever her.<\/p>\n<p>Gud forst\u00e5r disse ting. Der er ingen domf\u00e6ldelse mod menneskene. Der er ingen straf, der venter p\u00e5 jer. Men du m\u00e5 forberede dig p\u00e5 eventualiteter. Du m\u00e5 opn\u00e5 en position, hvorfra du med klare \u00f8jne kan se, hvad der kommer over horisonten, uden at alle dine tidligere overbevisninger og politiske overbevisninger kan farve dit syn og g\u00f8re dig blind.<\/p>\n<p>Det er ikke nok, at nogle f\u00e5 forudseende individer bliver opm\u00e6rksomme p\u00e5 den store forandring. Og selv denne forst\u00e5else vil v\u00e6re ufuldst\u00e6ndig, ser du. For de kan ikke se hele billedet, for det m\u00e5 gives i \u00c5benbaringen.<\/p>\n<p>Hvis du kan begynde at se disse ting, hvilket, forst\u00e5r Vi, er en stor udfordring, vil du f\u00f8le dig svag; du vil f\u00f8le dig hj\u00e6lpel\u00f8s. Du kan endda f\u00f8le dig uden h\u00e5b. Du vil undre dig over, hvordan menneskene nogensinde vil kunne klare at komme igennem dette, hvordan de nogensinde vil form\u00e5 at forene sig og samle deres visdom og intelligens, deres f\u00e6rdigheder og teknologier i en positiv retning, snarere end at lade dem g\u00e5 til spilde p\u00e5 krig og konflikter. For det er der ikke tid til nu. Der er ikke tid til den slags t\u00e5beligheder.<\/p>\n<p>Du vil spekulere p\u00e5, om der overhovedet er noget h\u00e5b. Du vil se dig omkring og se sovende sind overalt. Du vil se ud i verden, og du vil se korruption og konflikt, kamp og stridigheder og frygtelig fattigdom overalt. Og du vil undre dig, &#8220;Hvordan kan dette nogensinde komme til at fungere?&#8221;<\/p>\n<p>Her har dit personlige sind ikke noget svar. Her har det, du har l\u00e6rt og er blevet opdraget til at t\u00e6nke, ikke noget svar. Dine svar, selv hvis de var passende, er kun delvise, for nu f\u00e5r I brug for tusind svar, og I har ikke alle.<\/p>\n<p>Det er jeres Skaber, der vil intervenere i verden, hvilket m\u00e5ske kun sker \u00e9n gang p\u00e5 et \u00e5rtusinde, for at \u00e6ndre menneskenes retning, for at plante kimen til st\u00f8rre visdom, st\u00f8rre kraft, styrke og samarbejde her, p\u00e5 tidspunktet for de st\u00f8rste muligheder og den st\u00f8rste n\u00f8d.<\/p>\n<p>Du bliver n\u00f8dt til at vende dig i retning af denne styrke, som Gud har lagt i dig og i andre. Og du bliver n\u00f8dt til at tage trinnene til den st\u00f8rre Kundskab, for du kan ikke finde vejen p\u00e5 egen h\u00e5nd.<\/p>\n<p>Du bliver n\u00f8dt til at erkende, at du ikke kan styre dit liv som en tyran. Du kan ikke rigtigt styre dit liv, men du m\u00e5 tage dig af dit sind og af dine anliggender og kende kilden til den styrke, der lever i dig i dette \u00f8jeblik og venter p\u00e5 at blive opdaget.<\/p>\n<p>Nu bliver den kaldt frem, for himlen form\u00f8rkes, og den store forandring er p\u00e5 vej \u2013 rammer kysterne, br\u00e6nder \u00f8rkenerne af, udt\u00f8rrer afgr\u00f8ds-markerne. Det sker h\u00e9r, det sker d\u00e9r, tiltager i hyppighed og styrke og destruktivitet.<\/p>\n<p>Du kan ikke v\u00e6re ynkelig. Du kan ikke v\u00e6re svag. Du kan ikke blot bede om mirakler, for Gud har sendt dig hertil for at udf\u00f8re det reelle arbejde, der m\u00e5 udf\u00f8res \u2013 dit unikke form\u00e5l og din unikke aktivitet, som du endnu er ubevidst om. For det er meget anderledes end dine m\u00e5l og dine fantasier om dig selv.<\/p>\n<p>Hvis du kunne genkende dit eget behov \u2013 fremmed, som du er for dig selv, k\u00e6mper med livet, lever et hverdagsagtigt liv, et liv i fornedrelse og frustration \u2013 vil du se dit behov for \u00c5benbaring. Det er den samme \u00e6rlighed, uanset om du ser udad eller indad, der vil bringe dig til dette erkendelsespunkt.<\/p>\n<p>M\u00e5ske mener du, at du har opn\u00e5et store ting. M\u00e5ske er du stolt. M\u00e5ske ser du ned p\u00e5 andre, der intet har, eller fejler i deres fors\u00f8g p\u00e5 at f\u00e5 det, du har. Men ogs\u00e5 du st\u00e5r p\u00e5 t\u00e6rsklen til den store forandring og har ikke noget svar.<\/p>\n<p>Alt, hvad du har erhvervet dig kan g\u00e5 tabt. Alt hvad du tror p\u00e5 kan blive knust. Alt, hvad du antager er sandt kan u-g\u00f8res. For du kender endnu ikke den Kraft, der har bragt dig hertil, og hvad du virkeligt er her for at udrette.<\/p>\n<p>Nu taler Gud til en l\u00e6sekyndig verden, ikke til primitive stammer, der lever i krigeriske samfund og intet aner om social udvikling og personlig frihed. Nu taler Gud til en verden med global kommunikation og voksende global bevidsthed.<\/p>\n<p>Derfor bringes \u00c5benbaringen ikke i pastorale termer eller anekdoter, i beretninger, der m\u00e5 fortolkes af eksperter eller kommentatorer. Den bringes i det enkleste sprog, med megen gentagelse og tydeligg\u00f8relse. Den bringes p\u00e5 denne m\u00e5de, s\u00e5 den nemt kan overs\u00e6ttes til andre sprog og nemt udtrykkes og forst\u00e5s, fra enhver social rang, fra enhver social status. Det fattigste menneske i verden kan forst\u00e5 den. Og dog er den s\u00e5 dyb, at du ikke kan begribe den. I sin enkelthed udtrykker den sin store dybde.<\/p>\n<p>Den er din tids mirakel givet p\u00e5 et tidspunkt for det st\u00f8rste behov, et behov s\u00e5 stort, at f\u00e5 mennesker overhovedet er klar over det og kan se det \u00e6rligt i \u00f8jnene. Den er din tids mirakel. Den er dit livs mirakel. Som en prik p\u00e5 havet blev du fundet, drivende form\u00e5lsl\u00f8st rundt, uden h\u00e5b. Uanset om du lever i fattigdom eller pragt, er det det samme.<\/p>\n<p>Det er ikke nok, at nogle f\u00e5 mennesker i verden er i stand til at genvinde deres sande og naturlige tilstand. Nu m\u00e5 kaldet lyde for et st\u00f8rre antal mennesker at tr\u00e6de frem, for dette skib kr\u00e6nger. Det tager vand ind. Dog sover folk stadig p\u00e5 d\u00e6kket og hygger sig i sollyset, uvidende om, at selve det fart\u00f8j, de befinder sig p\u00e5, er i fare.<\/p>\n<p>Hvem vil vide disse ting? Hvem kan se uden ford\u00f8mmelse? Hvem kan se med medf\u00f8lelse, selv p\u00e5 folk, der tager s\u00e5 frygteligt fejl?<\/p>\n<p>Mennesker lever i en dr\u00f8m, en dr\u00f8m om Adskillelse. Og nu har de skabt en tilstand for verden, der vil \u00e6ndre dens landskab og alt p\u00e5 den.<\/p>\n<p>Nu er I n\u00e5et et punkt, hvor racer i universet vil fors\u00f8ge at f\u00e5 kontrol over jeres verden. S\u00e5 meget v\u00e6rd er den, s\u00e5 rig er den. Du kender ikke til dens rigdom i et univers af golde planeter og k\u00e6mpende samfund.<\/p>\n<p>Guds \u00c5benbaring vil afsl\u00f8re, hvordan livet er i universet, og hvad I m\u00e5 vide, for at overleve der og opbygge og bevare jeres frihed der, hvilket vil v\u00e6re en stor udfordring.<\/p>\n<p>Men f\u00f8rst m\u00e5 du kende din styrke og opbygge din modstandsdygtighed, for at leve i en foranderlig verden, for at leve i en ny verden. Du m\u00e5 have en st\u00f8rre styrke til at overvinde din tvivl, din frygt og din svaghed, dine optagetheder og tilb\u00f8jeligheder.<\/p>\n<p>Gud har givet dig denne styrke. Den har v\u00e6ret med dig hele tiden \u2013 ventet p\u00e5 at blive opdaget, ventet p\u00e5 det tidspunkt, hvor den m\u00e5tte kaldes frem, ventet p\u00e5 forhold omkring dig, som vil g\u00f8re den p\u00e5kr\u00e6vet og bydende n\u00f8dvendig, for dit velbefindende og for din opfyldelse i verden.<\/p>\n<p>Du er kommet her for at give og for at tjene. Du har unikke gaver, som m\u00e5 \u00e5bnes inden i dig, hvilket du ikke selv kan g\u00f8re.<\/p>\n<p>Den dybere Kundskab i dig kan omforme dit liv og forberede dig p\u00e5 dit nye liv i en ny verden. M\u00e5ske kan du endnu ikke se, at dette er den st\u00f8rst mulige gave, der kunne gives dig.<\/p>\n<p>Enhver b\u00f8n du beder til din Kilde er allerede besvaret, p\u00e5 grund af det, der er lagt i dig, for at vejlede dig, korrigere dig, give dig styrke og vished og medf\u00f8lelse, i en verden, hvor mennesker vil blive mere og mere uorganiserede og uordentlige, fyldt med angst og \u00e6ngstelse.<\/p>\n<p>Du m\u00e5 opbygge bevidstheden og derefter modstandsdygtigheden. P\u00e5 nuv\u00e6rende tidspunkt bliver du s\u00e5 let rystet, endda rystet over dine egne f\u00f8lelser, dine egne tvivl, dine egne mareridt.<\/p>\n<p>T\u00e6nk p\u00e5, hvor rystet du vil blive, n\u00e5r du ser verden g\u00e5 i opl\u00f8sning omkring dig, n\u00e5r du m\u00e5 se den nye verden i \u00f8jnene, n\u00e5r du m\u00e5 se den virkelighed i \u00f8jnene, at menneskelig frihed trues af Intervention udefra.<\/p>\n<p>Med denne forst\u00e5else vil du indse, at du m\u00e5 opbygge din styrke. Og Gud har s\u00f8rget for Trin til Kundskab, for at opbygge denne styrke og kapaciteten til at forst\u00e5 og vide og se; at l\u00e6re, hvordan du ser p\u00e5 dine egne fejl og svagheder med medf\u00f8lelse og l\u00e6re at h\u00e5ndtere dem, styre dem og rette dem, hvis det er muligt. Du har ikke denne styrke endnu, ikke nok.<\/p>\n<p>Du er styret af svaghed. Du m\u00e5 v\u00e6re styret af styrke. Det, i dit indre, der er svagt, m\u00e5 afgjort f\u00f8lge det, i dit indre, der er st\u00e6rkt. Det, i dit indre, der er t\u00e5beligt, m\u00e5 afgjort f\u00f8lge det, der er klogt.<\/p>\n<p>Det, der er st\u00e6rkt og klogt i dig, er den Kundskab, som Gud har lagt i dig, en Kundskab, der repr\u00e6senterer din evige tilstand og forbindelse til din Kilde.<\/p>\n<p>Uden denne kan du kun tro p\u00e5 Gud, falde p\u00e5 kn\u00e6 og tilbede, af frygt for, at Gud vil straffe dig, hvis du fejler. Men det er ikke den styrke, du f\u00e5r brug for, for at genvinde din forbindelse til din Kilde eller for at overleve og navigere i den nye verden omkring dig.<\/p>\n<p>Klogskab, opfindsomhed, filosofi, teknologi \u2013 vil, uden Kundskab, svigte dig. De er ikke nok. Og du ved ikke, hvordan du bruger dem effektivt, fordi du stadig er styret af dit personlige sind, som er frygtsomt, drevet og arrogant.<\/p>\n<p>Sindet m\u00e5 tjene Kundskab. Kundskab vil altid tjene Gud. Dette er det sande hierarki i dig. Det er magtens sande opstigning.<\/p>\n<p>Her er alt vigtigt. Din krop er vigtig som et kommunikationsmiddel i verden. Dit sind er vigtigt som et kommunikationsmiddel i verden. Kundskab i dig er verdenen at kommunikere. For du er sendt af dem fra hinsides, som holder \u00f8je med dig, selv nu.<\/p>\n<p>Det er denne opv\u00e5gning, der m\u00e5 finde sted. Det er den modstandsdygtighed, der m\u00e5 opbygges. Det er den styrke, den medf\u00f8lelse og den beslutsomhed, der m\u00e5 rejse sig i dig \u2013 ikke fra dine id\u00e9er, ikke alene fra din vilje, men fra den st\u00f8rre styrke, der lever i dig.<\/p>\n<p>Kun den har magten til at f\u00f8re jer ud i en ny verden og ind i et St\u00f8rre F\u00e6llesskab af liv, som er jeres sk\u00e6bne, og som I altid har levet i, og som du nu m\u00e5 forberede dig p\u00e5.<\/p>\n","protected":false},"excerpt":{"rendered":"<p>Menneskeheden st\u00e5r p\u00e5 t\u00e6rsklen til den st\u00f8rste verdens\u00e6ndring nogensinde oplevet, en verden, der st\u00e5r overfor et omskifteligt klima, store forstyrrelser, store \u00f8konomiske og sociale mislyde, idet menneskeheden, uforberedt som den er, ser en ny verdensoplevelse i \u00f8jnene \u2013 en vanskeligere verden, en verden med svindende ressourcer og voldsomt vejr, en verden hvor menneskeheden bliver n\u00f8dt\u2026 <a class=\"read-more\" href=\"https:\/\/www.v6.newmessage.org\/da\/about-recording-shortcode\/\"><span>Read More<\/span><\/a><\/p>\n","protected":false},"author":77,"featured_media":0,"parent":16482,"menu_order":0,"comment_status":"closed","ping_status":"closed","template":"template-leftsidebar.php","meta":{"_monsterinsights_skip_tracking":false,"_monsterinsights_sitenote_active":false,"_monsterinsights_sitenote_note":"","_monsterinsights_sitenote_category":0,"footnotes":""},"categories":[76,30,463,460],"tags":[731],"_links":{"self":[{"href":"https:\/\/www.v6.newmessage.org\/da\/wp-json\/wp\/v2\/pages\/28187"}],"collection":[{"href":"https:\/\/www.v6.newmessage.org\/da\/wp-json\/wp\/v2\/pages"}],"about":[{"href":"https:\/\/www.v6.newmessage.org\/da\/wp-json\/wp\/v2\/types\/page"}],"author":[{"embeddable":true,"href":"https:\/\/www.v6.newmessage.org\/da\/wp-json\/wp\/v2\/users\/77"}],"replies":[{"embeddable":true,"href":"https:\/\/www.v6.newmessage.org\/da\/wp-json\/wp\/v2\/comments?post=28187"}],"version-history":[{"count":2,"href":"https:\/\/www.v6.newmessage.org\/da\/wp-json\/wp\/v2\/pages\/28187\/revisions"}],"predecessor-version":[{"id":28189,"href":"https:\/\/www.v6.newmessage.org\/da\/wp-json\/wp\/v2\/pages\/28187\/revisions\/28189"}],"up":[{"embeddable":true,"href":"https:\/\/www.v6.newmessage.org\/da\/wp-json\/wp\/v2\/pages\/16482"}],"wp:attachment":[{"href":"https:\/\/www.v6.newmessage.org\/da\/wp-json\/wp\/v2\/media?parent=28187"}],"wp:term":[{"taxonomy":"category","embeddable":true,"href":"https:\/\/www.v6.newmessage.org\/da\/wp-json\/wp\/v2\/categories?post=28187"},{"taxonomy":"post_tag","embeddable":true,"href":"https:\/\/www.v6.newmessage.org\/da\/wp-json\/wp\/v2\/tags?post=28187"}],"curies":[{"name":"wp","href":"https:\/\/api.w.org\/{rel}","templated":true}]}}