{"id":28179,"date":"2024-08-29T23:19:06","date_gmt":"2024-08-29T23:19:06","guid":{"rendered":"https:\/\/www.v6.newmessage.org\/da\/?page_id=28179"},"modified":"2024-08-29T23:19:06","modified_gmt":"2024-08-29T23:19:06","slug":"chokket-over-fremtiden","status":"publish","type":"page","link":"https:\/\/www.v6.newmessage.org\/da\/budskabet\/bind-1\/den-nye-verden\/chokket-over-fremtiden\/","title":{"rendered":"Chokket over Fremtiden"},"content":{"rendered":"<div><!-- Version 3.3 Verse --><\/div>\n\n<div class=\"tabgroup \"><ul class=\"tabs\"><li><a href=\"#tabs-1\">\u00c5benbaring<\/a><\/li>\n<li><a href=\"#tabs-2\">Note<\/a><\/li><\/ul>\n <div id=\"tabs-1\"><\/p>\n<p>H\u00f8r den oprindelige version af \u00c5benbaringen p\u00e5 engelsk:<\/p>\n<p><\/p>\n<p><a title=\"The Shock of the Future\" href=\"https:\/\/www.newmessage.org\/av\/the-shock-of-the-future.mp3\">Download<\/a> (h\u00f8jre-klik for at downloade)<\/p>\n<p class=\"revelation_details\"><em>Som \u00e5benbaret for Guds Budbringer,<br \/>\nMarshall Vian Summers,<br \/>\n<\/em><i>den 30. april, 2011<\/i><br \/>\n<i>i Boulder, Colorado\u00a0<\/i><\/p>\n<p class=\"revelation_details\"><em>\u00a0<\/em><\/p>\n<div class=\"toggle toggle-white\"><h4 class=\"trigger \"><span class=\"t_ico\"><\/span><a href=\"#\">Om denne optagelse<\/a><\/h4><div class=\"toggle_container \"><br \/>\n<div id=\"yui_3_16_0_ym19_1_1467955126517_3327\" dir=\"ltr\"><span id=\"yui_3_16_0_ym19_1_1467955126517_3177\"><span id=\"yui_3_16_0_ym19_1_1467955126517_3178\">D\u00e9t, du h\u00f8rer i denne lydoptagelse er Den Englelige Forsamlings stemme, der taler gennem Budbringeren, Marshall Vian Summers<br \/>\n<\/span><\/span><\/div>\n<div dir=\"ltr\"><span id=\"yui_3_16_0_ym19_1_1467955126517_3177\"><span id=\"yui_3_16_0_ym19_1_1467955126517_3178\">\u00a0<\/span><\/span><\/div>\n<div id=\"yui_3_16_0_ym19_1_1467955126517_3359\" dir=\"ltr\"><span id=\"yui_3_16_0_ym19_1_1467955126517_3177\"><span id=\"yui_3_16_0_ym19_1_1467955126517_3178\"> Her er den oprindelige kommunikation fra Gud, der eksisterer hinsides ord, oversat til menneskeligt sprog og forst\u00e5else af Den Englelige Forsamling, der f\u00f8rer tilsyn med verden. Forsamlingen leverer derefter Guds Budskab gennem Budbringeren.<br \/>\n<\/span><\/span><\/div>\n<div id=\"yui_3_16_0_ym19_1_1467955126517_3369\" dir=\"ltr\"><span id=\"yui_3_16_0_ym19_1_1467955126517_3177\"><span id=\"yui_3_16_0_ym19_1_1467955126517_3178\">\u00a0<\/span><\/span><\/div>\n<div id=\"yui_3_16_0_ym19_1_1467955126517_3370\" dir=\"ltr\"><span id=\"yui_3_16_0_ym19_1_1467955126517_3177\"><span id=\"yui_3_16_0_ym19_1_1467955126517_3178\">I dette bem\u00e6rkelsesv\u00e6rdige forl\u00f8b, taler \u00c5benbaringens Stemme p\u00e5 ny. Ordet og Lyden er i verden. For f\u00f8rste gang i historien, er den oprindelige talte \u00e5benbaring tilg\u00e6ngelig for dig og for verden at opleve.<br \/>\n<\/span><\/span><\/div>\n<div id=\"yui_3_16_0_ym19_1_1467955126517_3436\" dir=\"ltr\"><span id=\"yui_3_16_0_ym19_1_1467955126517_3177\"><span id=\"yui_3_16_0_ym19_1_1467955126517_3178\">\u00a0<\/span><\/span><\/div>\n<div id=\"yui_3_16_0_ym19_1_1467955126517_3435\" dir=\"ltr\"><span id=\"yui_3_16_0_ym19_1_1467955126517_3177\"><span id=\"yui_3_16_0_ym19_1_1467955126517_3178\">M\u00e5 du v\u00e6re modtageren af denne \u00c5benbaringens gave og m\u00e5 du v\u00e6re \u00e5ben for at tage imod dens unikke Budskab for dig og for dit liv.<\/span><\/span><\/div>\n<br \/>\n<\/div><\/div><br \/>\n<\/div>\n<div id=\"tabs-2\"><br \/>\n<em>NOTE TIL L\u00c6SERNE:<br \/>\nDenne overs\u00e6ttelse blev givet til Samfundet af en studerende af Det Nye Budskab, der meldte sig frivilligt til at overs\u00e6tte den originale engelske tekst. Vi stiller denne overs\u00e6ttelse til r\u00e5dighed for verden i denne tidlige form, for at give mennesker en mulighed for at engagere sig med en del af Det Nye Budskab p\u00e5 deres eget sprog.<\/em><br \/>\n<\/div>\n\t\t\t\t<div align=\"right\">\n\t\t\t<div class=\"fb-like\" data-href=\"\" data-layout=\"button_count\" data-action=\"like\" data-show-faces=\"false\" data-share=\"false\"><\/div>\n\t\t\t<div class=\"fb-share-button\" data-layout=\"button_count\"> <\/div>\n\t\t\t<div class=\"fb_iframe_widget\"><a href=\"https:\/\/twitter.com\/godsnewmessage?ref_src=twsrc%5Etfw\" class=\"twitter-follow-button\" data-show-count=\"false\">Follow @godsnewmessage<\/a><script async src=\"https:\/\/platform.twitter.com\/widgets.js\" charset=\"utf-8\"><\/script><\/div>\n\t\t\t<\/div> <\/div> \n\n<p>Gud s\u00f8ger at forberede menneskene p\u00e5 en ny verden, en ny virkelighed og p\u00e5 dens m\u00f8de med livet i universet, et m\u00f8de som vil \u00e6ndre og afg\u00f8re menneskenes fremtid og sk\u00e6bne.<\/p>\n<p>I tr\u00e6der ind i en ny verden \u2013 en verden med milj\u00f8\u00e6ndringer, en verden med voldsomt vejr, en uforudsigelig verden, en uafbalanceret verden med store politiske og \u00f8konomiske vanskeligheder. Nationer vil v\u00e6re rystede af revolutioner, og nationale \u00f8konomier vil svigte.<\/p>\n<p>Det er resultatet af mange kr\u00e6fter p\u00e5 arbejde, kr\u00e6fter, der har v\u00e6ret p\u00e5 arbejde i nogen tid. De kloge kan forudse dette. Mens det for alle andre vil v\u00e6re et stort chok \u2013 chokket over fremtiden.<\/p>\n<p>Betragt ikke dette som en stor tragedie eller noget at undg\u00e5, at overse eller forn\u00e6gte, for dette har dit navn p\u00e5 sig. Du blev sendt hertil for at tjene verden under disse forhold.<\/p>\n<p>Selvom du m\u00e5ske ikke har v\u00e6ret opm\u00e6rksom p\u00e5 de Store B\u00f8lger af forandring, der er begyndt at feje hen over verden, bev\u00e6ger de sig ikke desto mindre. Det er ikke tiden til selvtilfredshed. Det er ikke tiden til at projicere sine id\u00e9er eller overbevisninger. Det er ikke tiden til at sk\u00e6ndes og debattere i det uendelige.<\/p>\n<p>Det er en tid til at se efter og se og blive ved med at se og iagttage, skelne horisonten, skelne livets skiftende omst\u00e6ndigheder omkring sig, skelne den forandring, der sker i menneskers liv \u2013 uventede forandringer, overv\u00e6ldende forandringer, forandringer, der overg\u00e5r livets normale parametre.<\/p>\n<p>M\u00e5ske har dit liv \u00e6ndret sig internt og eksternt, som var det ved at forberede sig p\u00e5 noget stort, som du skulle tjene og v\u00e6re en del af. Hvis dette er din oplevelse, kan du v\u00e6re sikker p\u00e5, at du, hvor end ubevidst, er ved at forberede dig p\u00e5 den nye verden.<\/p>\n<p>Gud har givet dig Kundskab til at vejlede dig og forberede dig. Men fungerer Kundskab under det sinds overflade, hvor mennesker lever. Den er en st\u00f8rre Intelligens. Den skelner verdens bev\u00e6gelse og reagerer p\u00e5 Skaberen.<\/p>\n<p>Guds Nye \u00c5benbaring vil tale til denne del af dig mere end til dit intellekt, for den er den del af dig, der aldrig har forladt Gud. S\u00e5dan er det den del af dig, der virkeligt kan reagere. Det er den del af dig, der er viis og uden konflikter. Den er ikke bange for verden, for den kan ikke tilintetg\u00f8res.<\/p>\n<p>P\u00e5 dit sinds overflade lider du over enhver lille ting, og du har store bekymringer for din fremtid og for dit velbefindende \u2013 altid frygten for fremtidigt tab, altid frygten for utallige ting, der kan ske, for dig og for dem, du holder af.<\/p>\n<p>Hvordan kan du nogensinde vide noget p\u00e5 dette niveau, s\u00e5 fyldt med frygt og ambition, s\u00e5 let distraheret, s\u00e5 let manipuleret, s\u00e5 let kontrolleret, s\u00e5 let domineret af andres meninger og beslutninger?<\/p>\n<p>Chokket over fremtiden vil v\u00e6re et chok, fordi man er uforberedt. Man har ikke v\u00e6ret opm\u00e6rksom. Man har v\u00e6ret besat af andre ting af ringe eller ingen betydning. Man har v\u00e6ret optaget af dagens anliggender og af sine egne f\u00f8lelser og minder og \u00e6rgrelser, uopm\u00e6rksom p\u00e5 verden omkring sig.<\/p>\n<p>Med forberedelse er der intet chok. Der er kun bekr\u00e6ftelse. Selv det, der er chokerende, vil ikke overv\u00e6lde \u00e9n. Det vil m\u00e5ske overraske og forf\u00e6rde \u00e9n i \u00f8jeblikket, men man vil ikke blive overmandet af det. Man vil ikke v\u00e6re lammet af det, paralyseret af frygt, uden nogen id\u00e9 om, hvad man skal g\u00f8re.<\/p>\n<p>N\u00e5r skibet begynder at kr\u00e6nge og tage vand ind, vil du v\u00e6re klar. Du vil ikke v\u00e6re paralyseret. Du vil ikke g\u00e5 ned med skibet.<\/p>\n<p>Gud har givet dig styrken til at redde dig selv, ikke kun fra katastrofer i verden, men fra enhver katastrofe og enhver fejlvurdering, du kan g\u00f8re og opleve undervejs. Du kan bede til Gud om mange ting \u2013 om beskyttelse, om fordele, om et lykkeligt udfald \u2013 men Gud har givet dig den st\u00f8rst mulige gave. Hvis den er ukendt eller modst\u00e5s eller overses, hvad kan Gud s\u00e5 g\u00f8re for dig?<\/p>\n<p>Gud styrer ikke dagens anliggender. Gud bev\u00e6ger ikke blodet i dine \u00e5rer. Gud pisker ikke vindene op eller indstiller temperaturen. Dette er en verden af overlappende h\u00e6ndelser, tilsyneladende uden orden.<\/p>\n<p>Verdens kr\u00e6fter \u2013 de geologiske og biologiske kr\u00e6fter \u2013 blev sat i bev\u00e6gelse i tidernes morgen. De bev\u00e6ger sig p\u00e5 egen h\u00e5nd. Den grad, hvormed menneskeheden har forstyrret jordens skr\u00f8belige balance, vil skabe store h\u00e6ndelser og skaber store h\u00e6ndelser selv i dette \u00f8jeblik.<\/p>\n<p>Men hvem er opm\u00e6rksom? Hvem erkender \u00e5rsag og virkning? Hvem lytter til den kraft og det n\u00e6rv\u00e6r, der lever i deres indre?<\/p>\n<p>Folk svinger mellem sp\u00e6nding og frygt. De s\u00f8ger k\u00e6rlighed som en slags flugt og beruselse, for at befri sig fra frygtens og \u00e6rgrelsens konstante byrde og overskygning, hvorimod \u00e6gte k\u00e6rlighed forbliver et mysterium for dem, \u00e6gte k\u00e6rlighed, der udg\u00e5r fra Kundskab.<\/p>\n<p>Verden kan i sin store forandring tjene dig, hvis du kan gribe den rigtigt an. Chokket over verden kan forberede dig. Det kan ryste dig ud af dine dr\u00f8mme om lykke og katastrofe. Det kan bringe dig til fornuft. Det kan kalde p\u00e5 dine styrker og din beslutsomhed og afgjort p\u00e5 din medf\u00f8lelse overfor andre.<\/p>\n<p>I tr\u00e6der ind i tidsalderen for det menneskelige ansvar og samarbejde. Du m\u00e5 v\u00e6re en del af dette, ellers vil dit liv v\u00e6re spildt. Dit liv vil altid v\u00e6re truet.<\/p>\n<p>Folk \u00f8nsker at tr\u00e6kke sig tilbage til en slags doven gl\u00e6de, uden bekymringer, men at se p\u00e5 det er ynkeligt. Det er s\u00f8rgeligt. Der er ingen intelligens. Der er ingen inspiration. Der er ingen \u00e6rlighed. Der er ingen sand forbindelse med andre. Der er ingen tjeneste og intet bidrag. De har kastet sig selv ud af meningen med livet, med deres konstante afslappethed.<\/p>\n<p>Det er ikke for dig. Du foretog ikke den lange rejse til denne verden og gik gennem v\u00e6kst- og udviklingsstadierne, som menneske, med alle dets vanskeligheder, blot for at blive sat ud at gr\u00e6sse et eller andet sted.<\/p>\n<p>De, der sendte dig til verden, regner med din udvikling og med din forberedelse. De ved, at det vil v\u00e6re kilden til mening, gl\u00e6de og tilfredshed i dit liv.<\/p>\n<p>Velstand vil falme i verden. Mange mennesker vil miste den. Den menneskelige n\u00f8d vil v\u00e6re s\u00e5 stor, at det vil kalde p\u00e5 mennesker overalt, til at tjene og deltage.<\/p>\n<p>Skibet tager allerede vand ind, ser du. Det begynder allerede at kr\u00e6nge. Folk, der ved dette, bliver kaldt til at reagere, til at forberede sig og se, hvor deres bidrag kan v\u00e6re til st\u00f8rst gavn.<\/p>\n<p>Chokket over fremtiden er lige nu for disse mennesker \u2013 erkendelseschokket, chokket over at m\u00e5tte vende sit liv i en anden retning, chokket over at indse, hvor lidt mening og form\u00e5l der tidligere har v\u00e6ret i \u00e9ns liv, og hvordan man har spildt sig selv, sin tid og sin v\u00e6rdifulde energi, p\u00e5 ting, der kun havde lille eller intet l\u00f8fte.<\/p>\n<p>Dette er chokket over fremtiden, fremtidschokket, der sker i dette \u00f8jeblik, idet du begynder at blive opm\u00e6rksom og reagere p\u00e5 verdens tegn.<\/p>\n<p>Gud kalder p\u00e5 dig gennem disse tegn. Gud kalder p\u00e5 dig, ikke for at du skal vende tilbage til din himmelske tilstand, men for at komme ind til verden for det form\u00e5l, du er kommet.<\/p>\n<p>Det vil \u00e6ndre dine v\u00e6rdier og dine prioriteter. Det vil \u00e6ndre, hvad du ser efter i andre. Det vil \u00e6ndre, hvad du v\u00e6rds\u00e6tter i dig selv. Det vil med tiden \u00e6ndre din relation. Det vil \u00e6ndre din oplevelse af relationer. Det vil \u00e6ndre din relation til dit sind og din krop. Det vil \u00e6ndre din relation til alt. Det er chokket.<\/p>\n<p>N\u00e5r \u00e9n gang du har rundet dette hj\u00f8rne, hvis du kan runde dette hj\u00f8rne, vil du kunne m\u00f8de n\u00e6sten hvad som helst. Sk\u00f8nt du kan opleve chok og forf\u00e6rdelse i \u00f8jeblikket, vil det ikke overv\u00e6lde dig. Kundskab bliver dit fundament, og den er ikke chokeret over verden. Den er ikke engang af verden. Den er her for at tjene verden.<\/p>\n<p>P\u00e5 dit sinds overflade vil du forts\u00e6tte med at lide over ting, men det vil v\u00e6re ting af st\u00f8rre vigtighed og betydning, st\u00f8rre mening og konsekvens, i mods\u00e6tning til sm\u00e5 ting, der ingen fremtid og sk\u00e6bne har.<\/p>\n<p>Din k\u00e6rlighed vil blive autentisk snarere end at v\u00e6re en vrangforestilling. Den vil v\u00e6re rettet mod mennesker, der virkeligt kan deltage sammen med dig, fremfor nogen, du ikke har nogen fremtid og sk\u00e6bne med.<\/p>\n<p>Gud kalder p\u00e5 dig til at reagere, b\u00e5de i dig selv og p\u00e5 verdens tegn. For at se tegnene m\u00e5 du se efter og v\u00e6re opm\u00e6rksom, ikke bare nu og da, men hele tiden. Ligesom fuglene i luften og dyrene p\u00e5 marken, holder du \u00f8je med dit milj\u00f8. Ligesom de, har du et stort behov for at g\u00f8re dette.<\/p>\n<p>Alt, hvad du v\u00e6rds\u00e6tter \u2013 din fremtid, de mennesker du bekymrer dig om, selv dit eget liv \u2013 vil afh\u00e6nge af dette. Det betyder ikke at se med frygt. Det betyder ikke at leve i en tilstand af \u00e6ngstelse. Det betyder at se med klare \u00f8jne, med Kundskabens styrke og n\u00e6rv\u00e6r. Det vil g\u00f8re hele forskellen p\u00e5, om du kan se eller ej, og om du vil se p\u00e5 verden med frygt og \u00e6ngstelse, eller med vished, medf\u00f8lelse og beslutsomhed.<\/p>\n<p>Din f\u00f8rste forpligtelse er overfor Kundskab og dit f\u00f8rste engagement er med Kundskab, for det er din forpligtelse til Gud og dit engagement med Gud. Hvis dit engagement er autentisk og ikke fyldt med dine egne ambitioner og id\u00e9er, vil du have et fundament, der g\u00f8r dig i stand til at v\u00e6re en kilde til styrke, form\u00e5l og beroligelse for andre. Behovet for beroligelse i dette \u00f8jeblik er enormt og vokser hver dag.<\/p>\n<p>Lad de t\u00e5belige v\u00e6re t\u00e5belige. Lad de ignorante v\u00e6re ignorante. Lad den selvbedragede v\u00e6re selvbedragede. Lad folk, der er fortabte i deres meninger, v\u00e6re fortabte i deres meninger. Led efter dem, der kan reagere. Led efter dem, der kan st\u00e5 af det [synkende] skib. Led efter dine sande allierede. For nu vil du f\u00e5 brug for st\u00e6rke ledsagere. Du kan ikke v\u00e6re indskr\u00e6nket af folk med svage sind og dem, der er for bange til at forts\u00e6tte.<\/p>\n<p>Dette vil \u00e6ndre alt for dig, som det m\u00e5 \u00e6ndres, som det bliver n\u00f8dt til at \u00e6ndres. Det er forandringens velsignelse. Det er forandringens vanskelighed. Det er den, der vil g\u00f8re dig st\u00e6rk og kraftfuld.<\/p>\n<p>Tro ikke, at det bliver nemt, for det vil ikke v\u00e6re nemt. Tro ikke, at det vil ske \u00f8jeblikkeligt, for det er et forl\u00f8b i mange stadier og trin. Tro ikke, at du allerede er der, for du ved ikke, hvad du vil v\u00e6re n\u00f8dt til at m\u00f8de.<\/p>\n<p>Nu er chokket over fremtiden med dig. De vise ser f\u00f8r begivenheder indtr\u00e6ffer og forbereder sig i overensstemmelse hermed. De venter ikke p\u00e5, at de i sidste \u00f8jeblik bliver overmandet. De ser verdens tegn. De skelner \u00e6ndringen i vejret, i atmosf\u00e6ren, i tingenes bev\u00e6gelse og i reaktionen, ikke kun i mennesker, men ogs\u00e5 i naturens skabninger. De har et v\u00e5gent \u00f8je.<\/p>\n<p>De er ikke fortabte i deres hobbyer eller i deres romancer eller i deres bes\u00e6ttelser, kun for i sidste \u00f8jeblik at blive overmandede. De f\u00f8lger ikke konsensus-troen. De f\u00f8lger ikke det, de bliver fortalt af regerings- eller religionsledere. De f\u00f8lger ikke de generelle meninger, for folk er blinde og ikke opm\u00e6rksomme. De er ikke bange for at se udfordringer og vanskeligheder i \u00f8jnene, og derfor pacificerer de ikke sig selv med falske antagelser. De tager ikke vink fra de svage eller de frygtsomme.<\/p>\n<p>Guds gave er for alle. Kundskabens styrke er for alle. Men hvem kan reagere? Himlens gaver er for alle, selv om de lever i en vanskelig og katastrofal verden. Men hvem kan tage imod dem? Hvem kan \u00e6ndre deres liv og perspektiv, s\u00e5 de kan opleve disse?<\/p>\n<p>Selv her er chokket over fremtiden en gave \u2013 en forl\u00f8sningens gave. At v\u00e5gne fra sin egen frygtsomme Adskillelse er en enorm begivenhed. Den p\u00e5kalder himlens kr\u00e6fter, til dig, der begynder at v\u00e5gne.<\/p>\n<p>Lad Kundskab v\u00e6re din guide, og lad verden fort\u00e6lle dig, hvor den g\u00e5r hen, og hvad der kommer over horisonten. V\u00e6r opm\u00e6rksom. G\u00f8r dit sind stille. Tilsides\u00e6t din higen og din konstante frygt, ved at tage Trin til Kundskab. Tag imod \u00c5benbaringen, det Nye Budskab for menneskeheden.<\/p>\n<p>Du er velsignet bare ved at kende til dette. Du er velsignet ved at h\u00f8re Vores Stemme. Du er velsignet ved at v\u00e6re chokeret. Du er velsignet, selv ved at v\u00e6re skuffet, for skuffelsen kan befri dig fra fortiden. Du er velsignet ved at blive befriet. Du er velsignet, n\u00e5r folk forlader dig. Du er velsignet, n\u00e5r noget falder fra. For det er indledningen p\u00e5 et nyt liv og et st\u00f8rre engagement og en st\u00f8rre relation til det Guddommelige og til dig selv og til andre.<\/p>\n<p>Det er denne verden, du er kommet for at tjene, og intet andet end denne tjeneste vil give dig virkelig mening og \u00e6gte relationer. Hvis du forst\u00e5r dette, vil du finde hemmeligheden og n\u00f8glen til st\u00f8rre gl\u00e6de, st\u00f8rre mening og st\u00f8rre form\u00e5l, som venter p\u00e5 at blive opdaget.<\/p>\n","protected":false},"excerpt":{"rendered":"<p>Gud s\u00f8ger at forberede menneskene p\u00e5 en ny verden, en ny virkelighed og p\u00e5 dens m\u00f8de med livet i universet, et m\u00f8de som vil \u00e6ndre og afg\u00f8re menneskenes fremtid og sk\u00e6bne. I tr\u00e6der ind i en ny verden \u2013 en verden med milj\u00f8\u00e6ndringer, en verden med voldsomt vejr, en uforudsigelig verden, en uafbalanceret verden med\u2026 <a class=\"read-more\" href=\"https:\/\/www.v6.newmessage.org\/da\/about-recording-shortcode\/\"><span>Read More<\/span><\/a><\/p>\n","protected":false},"author":77,"featured_media":0,"parent":16482,"menu_order":0,"comment_status":"closed","ping_status":"closed","template":"template-leftsidebar.php","meta":{"_monsterinsights_skip_tracking":false,"_monsterinsights_sitenote_active":false,"_monsterinsights_sitenote_note":"","_monsterinsights_sitenote_category":0,"footnotes":""},"categories":[76,30,463,460],"tags":[397],"_links":{"self":[{"href":"https:\/\/www.v6.newmessage.org\/da\/wp-json\/wp\/v2\/pages\/28179"}],"collection":[{"href":"https:\/\/www.v6.newmessage.org\/da\/wp-json\/wp\/v2\/pages"}],"about":[{"href":"https:\/\/www.v6.newmessage.org\/da\/wp-json\/wp\/v2\/types\/page"}],"author":[{"embeddable":true,"href":"https:\/\/www.v6.newmessage.org\/da\/wp-json\/wp\/v2\/users\/77"}],"replies":[{"embeddable":true,"href":"https:\/\/www.v6.newmessage.org\/da\/wp-json\/wp\/v2\/comments?post=28179"}],"version-history":[{"count":2,"href":"https:\/\/www.v6.newmessage.org\/da\/wp-json\/wp\/v2\/pages\/28179\/revisions"}],"predecessor-version":[{"id":28181,"href":"https:\/\/www.v6.newmessage.org\/da\/wp-json\/wp\/v2\/pages\/28179\/revisions\/28181"}],"up":[{"embeddable":true,"href":"https:\/\/www.v6.newmessage.org\/da\/wp-json\/wp\/v2\/pages\/16482"}],"wp:attachment":[{"href":"https:\/\/www.v6.newmessage.org\/da\/wp-json\/wp\/v2\/media?parent=28179"}],"wp:term":[{"taxonomy":"category","embeddable":true,"href":"https:\/\/www.v6.newmessage.org\/da\/wp-json\/wp\/v2\/categories?post=28179"},{"taxonomy":"post_tag","embeddable":true,"href":"https:\/\/www.v6.newmessage.org\/da\/wp-json\/wp\/v2\/tags?post=28179"}],"curies":[{"name":"wp","href":"https:\/\/api.w.org\/{rel}","templated":true}]}}