{"id":28157,"date":"2024-08-29T21:35:25","date_gmt":"2024-08-29T21:35:25","guid":{"rendered":"https:\/\/www.v6.newmessage.org\/da\/?page_id=28157"},"modified":"2024-08-29T21:37:01","modified_gmt":"2024-08-29T21:37:01","slug":"menneskenes-nod","status":"publish","type":"page","link":"https:\/\/www.v6.newmessage.org\/da\/budskabet\/bind-1\/den-nye-verden\/menneskenes-nod\/","title":{"rendered":"Menneskenes N\u00f8d"},"content":{"rendered":"<div><!-- Version 3.3 Verse --><\/div>\n\n<div class=\"tabgroup \"><ul class=\"tabs\"><li><a href=\"#tabs-1\">\u00c5benbaring<\/a><\/li>\n<li><a href=\"#tabs-2\">Note<\/a><\/li><\/ul>\n <div id=\"tabs-1\"><\/p>\n<p>H\u00f8r den oprindelige version af \u00c5benbaringen p\u00e5 engelsk:<\/p>\n<div id=\"jquery_jplayer_1\" class=\"jp-jplayer\"><\/div>\n\t\t\t\t<div id=\"jp_container_1\" class=\"jp-audio\">\n\t\t\t\t<div class=\"jp-type-single\"><div class=\"jp-control\"><a href=\"javascript:;\" class=\"jp-play\" tabindex=\"1\">play<\/a><a href=\"javascript:;\" class=\"jp-pause\" tabindex=\"1\">pause<\/a><\/div> <div class=\"jp-gui jp-interface\"><div class=\"jp-volume\"><div class=\"jp-volume-bar\"><div class=\"jp-volume-bar-value\"><\/div><\/div><\/div><div class=\"jp-progress\"><div class=\"jp-seek-bar\"><div class=\"jp-play-bar\"><\/div><\/div><\/div><\/div>\t\t\t\t\t<div class=\"jp-no-solution\"><span>Update Required<\/span>To play the media you will need to either update your browser to a recent version or update your <a href=\"http:\/\/get.adobe.com\/flashplayer\/\" target=\"_blank\">Flash plugin<\/a>.<\/div><\/div><\/div>\n\t\t\t<script type='text\/javascript'>\n\t\t\t\tjQuery(document).ready(function() {\n\t\t\t\t\tif (typeof (sermonMedia) == 'function') {\n\t\t\t\t\t\tsermonMedia.addAudio('', \"jquery_jplayer_1\");\n\t\t\t\t\t}\n\t\t\t\t\tjQuery.jPlayer.timeFormat.showHour = true;\n\t\t\t\t\tjQuery(\"#jquery_jplayer_1\").jPlayer({\n\t\t\t\t\t\tready: function(event) {\n\t\t\t\t\t\t\tjQuery(this).jPlayer(\"setMedia\", {mp3: 'https:\/\/www.newmessage.org\/av\/the-plight-of-humanity.mp3'});\n\t\t\t\t\t\t},\n\t\t\t\t\t\tplay: function() {\n\t\t\t\t\t\t\tjQuery(this).jPlayer(\"pauseOthers\");\n\t\t\t\t\t\t},\n\t\t\t\t\t\tswfPath: ThemeData.directory_uri+\"\/swf\",\n\t\t\t\t\t\tsolution: \"html, flash\",\n\t\t\t\t\t\tpreload: \"metadata\",\n\t\t\t\t\t\twmode: \"window\",\n\t\t\t\t\t\tsupplied: \"mp3\",\n\t\t\t\t\t\tcssSelectorAncestor: '#jp_container_1'\n\t\t\t\t\t});\n\t\t\t\t});\n\t\t\t<\/script><\/p>\n<p><a title=\"The Plight of Humanity\" href=\"https:\/\/www.newmessage.org\/av\/the-plight-of-humanity.mp3\">Download<\/a> (h\u00f8jre-klik for at downloade)<\/p>\n<p class=\"revelation_details\"><em>Som \u00e5benbaret for Guds Budbringer,<br \/>\nMarshall Vian Summers,<br \/>\n<i>den 26. juli, 2009<\/i><i><br \/>\n<\/i><i>i Beirut, Libanon<\/i><br \/>\n<\/em><\/p>\n<div class=\"toggle toggle-white\"><h4 class=\"trigger \"><span class=\"t_ico\"><\/span><a href=\"#\">Om denne optagelse<\/a><\/h4><div class=\"toggle_container \"><br \/>\n<div id=\"yui_3_16_0_ym19_1_1467955126517_3327\" dir=\"ltr\"><span id=\"yui_3_16_0_ym19_1_1467955126517_3177\"><span id=\"yui_3_16_0_ym19_1_1467955126517_3178\">D\u00e9t, du h\u00f8rer i denne lydoptagelse er Den Englelige Forsamlings stemme, der taler gennem Budbringeren, Marshall Vian Summers<br \/>\n<\/span><\/span><\/div>\n<div dir=\"ltr\"><span id=\"yui_3_16_0_ym19_1_1467955126517_3177\"><span id=\"yui_3_16_0_ym19_1_1467955126517_3178\">\u00a0<\/span><\/span><\/div>\n<div id=\"yui_3_16_0_ym19_1_1467955126517_3359\" dir=\"ltr\"><span id=\"yui_3_16_0_ym19_1_1467955126517_3177\"><span id=\"yui_3_16_0_ym19_1_1467955126517_3178\"> Her er den oprindelige kommunikation fra Gud, der eksisterer hinsides ord, oversat til menneskeligt sprog og forst\u00e5else af Den Englelige Forsamling, der f\u00f8rer tilsyn med verden. Forsamlingen leverer derefter Guds Budskab gennem Budbringeren.<br \/>\n<\/span><\/span><\/div>\n<div id=\"yui_3_16_0_ym19_1_1467955126517_3369\" dir=\"ltr\"><span id=\"yui_3_16_0_ym19_1_1467955126517_3177\"><span id=\"yui_3_16_0_ym19_1_1467955126517_3178\">\u00a0<\/span><\/span><\/div>\n<div id=\"yui_3_16_0_ym19_1_1467955126517_3370\" dir=\"ltr\"><span id=\"yui_3_16_0_ym19_1_1467955126517_3177\"><span id=\"yui_3_16_0_ym19_1_1467955126517_3178\">I dette bem\u00e6rkelsesv\u00e6rdige forl\u00f8b, taler \u00c5benbaringens Stemme p\u00e5 ny. Ordet og Lyden er i verden. For f\u00f8rste gang i historien, er den oprindelige talte \u00e5benbaring tilg\u00e6ngelig for dig og for verden at opleve.<br \/>\n<\/span><\/span><\/div>\n<div id=\"yui_3_16_0_ym19_1_1467955126517_3436\" dir=\"ltr\"><span id=\"yui_3_16_0_ym19_1_1467955126517_3177\"><span id=\"yui_3_16_0_ym19_1_1467955126517_3178\">\u00a0<\/span><\/span><\/div>\n<div id=\"yui_3_16_0_ym19_1_1467955126517_3435\" dir=\"ltr\"><span id=\"yui_3_16_0_ym19_1_1467955126517_3177\"><span id=\"yui_3_16_0_ym19_1_1467955126517_3178\">M\u00e5 du v\u00e6re modtageren af denne \u00c5benbaringens gave og m\u00e5 du v\u00e6re \u00e5ben for at tage imod dens unikke Budskab for dig og for dit liv.<\/span><\/span><\/div>\n<br \/>\n<\/div><\/div><br \/>\n<\/div>\n<div id=\"tabs-2\"><br \/>\n<em>NOTE TIL L\u00c6SERNE:<br \/>\nDenne overs\u00e6ttelse blev givet til Samfundet af en studerende af Det Nye Budskab, der meldte sig frivilligt til at overs\u00e6tte den originale engelske tekst. Vi stiller denne overs\u00e6ttelse til r\u00e5dighed for verden i denne tidlige form, for at give mennesker en mulighed for at engagere sig med en del af Det Nye Budskab p\u00e5 deres eget sprog.<\/em><br \/>\n<\/div>\n\t\t\t\t<div align=\"right\">\n\t\t\t<div class=\"fb-like\" data-href=\"\" data-layout=\"button_count\" data-action=\"like\" data-show-faces=\"false\" data-share=\"false\"><\/div>\n\t\t\t<div class=\"fb-share-button\" data-layout=\"button_count\"> <\/div>\n\t\t\t<div class=\"fb_iframe_widget\"><a href=\"https:\/\/twitter.com\/godsnewmessage?ref_src=twsrc%5Etfw\" class=\"twitter-follow-button\" data-show-count=\"false\">Follow @godsnewmessage<\/a><script async src=\"https:\/\/platform.twitter.com\/widgets.js\" charset=\"utf-8\"><\/script><\/div>\n\t\t\t<\/div> <\/div> \n\n<p>Verdens tiltagende storme, menneskenes tiltagende n\u00f8d, bliver nu drevet af Store B\u00f8lger af forandring \u2013 forandringer, der inkluderer nationer og folk overalt, en verden, hvor en stadig voksende befolkning vil drikke af en langsomt svindende br\u00f8nd.<\/p>\n<p>Verden overv\u00e6ldes. Folk tvinges sammen i stadigt st\u00f8rre antal, forskellige grupper indtager det samme milj\u00f8 \u2013 konkurrerer om magt, bev\u00e6bnede, stridbare overfor hinanden, med forskellige dagsordener, forskellige alliancer, sm\u00e5 nationer, der bruges af st\u00f8rre nationer til at fremprovokere konkurrence om jorde, om vand, om f\u00f8devarer, ikke kun om magt og indflydelse, men om helt basale ting, som alle kr\u00e6ver.<\/p>\n<p>Ind i disse tiltagende storme bev\u00e6ger menneskene sig nu \u2013 uforberedte, uvidende, uden at erkende de Store B\u00f8lger af forandring, der nu begynder at p\u00e5virke den menneskelige familie. Man ser nu mange steder virkningen af disse Store B\u00f8lger mere kraftfuldt, idet et stadigt st\u00f8rre antal mennesker f\u00e5r de myldrende storbyer til at svulme op, hvor bev\u00e6bnede, stridslystne grupper laver spinkle v\u00e5benhviler med hinanden.<\/p>\n<p>Det st\u00f8rre problem, der konfronterer alle, vil kr\u00e6ve et vist samarbejdsniveau og en afslutning p\u00e5 konflikter. Men, ikke tilstr\u00e6kkeligt mange mennesker ser og ved dette og er villige til at ofre deres position, ofre deres dagsordener. V\u00e6bnede konflikter opfattes stadigt som vejen fremad, at \u00e9n gruppe kan overmande en anden og jage dem v\u00e6k. Men nu er det for sent til det, ser du, for nu er der ingen steder at flygte til.<\/p>\n<p>Verden er fyldt. Den kan ikke b\u00e6re mere. Alligevel er der flere og flere. De velhavende forts\u00e6tter deres sm\u00e5 lege og deres fantasier og deres selvfork\u00e6lelser, mens andre kun f\u00e5 hundreder meter derfra k\u00e6mper for at overleve \u2013 en slags selvmordsaktivitet, ser du. S\u00e5 det er i disse milj\u00f8er, at menneskenes tragedie og n\u00f8d vil udspille sig, i de tidlige stadier af de Store B\u00f8lger af forandring.<\/p>\n<p>Verden forandrer sig. Klimaet er nu forstyrret. Menneskene vil miste meget af deres naturlige sikkerhed. Mad og vand vil blive dyrere og sv\u00e6rere at skaffe. Presset vil m\u00e6rkes, selv i de velhavende nationer, der virker s\u00e5 isolerede fra menneskenes n\u00f8d.<\/p>\n<p>Men hvem kan se, og hvem kan vide? Hvem har \u00f8jnene at se med og medf\u00f8lelse til at se uden ford\u00f8mmelse? Uden kynisme? Hvem kan bare se efter og se? Kan rigdom og fattigdom virkelig eksistere side om side i denne grad, uden at det f\u00f8rer til en form for sammenbrud?<\/p>\n<p>De mennesker, der har tiden og den luksus at kunne genoverveje deres liv og deres situation og er i stand til at \u00e6ndre og rette op p\u00e5 deres livs forl\u00f8b, m\u00e5 nu se efter og se og holde op med at lade som om, at teknologi eller politik eller en anden vej vil bevare deres isolation og deres velstand, p\u00e5 de m\u00e5der, som de har kendt. Dette er tiden til at v\u00e6re virkeligt \u00e6rlig. Det er en opg\u00f8relsens tid. Det er en tid til at forberede sig, for dem, der har den luksus at kunne g\u00f8re det.<\/p>\n<p>Det, du vil se i de kommende \u00e5r og \u00e5rti, vil v\u00e6re meget chokerende og nedsl\u00e5ende. Selvom menneskene vil g\u00f8re fremskridt p\u00e5 mange omr\u00e5der, er menneskehedens generelle forfatning for nedadg\u00e5ende.<\/p>\n<p>Derfor har Gud sendt et Nyt Budskab til verden, ser du, for nu er den menneskelige civilisation i fare. Menneskeheden vakler. Den er p\u00e5 vej ind i en tid med store tr\u00e6ngsler. Den er p\u00e5 vej ind i en tid, hvor dens ignorance og konkurrence og konflikter vil b\u00e6re frugter. Det er en tid, hvor folk bliver n\u00f8dt til at v\u00e6lge, om de vil forene sig og samarbejde for at redde deres samfund og deres nation, eller om de vil sl\u00e5s og k\u00e6mpe og fastholde deres gamle fjendskaber, ved at bruge politik og religion som p\u00e5skud, mens det i virkeligheden er en kamp om ressourcer.<\/p>\n<p>Nu er de, der lever i relativ frihed og velstand, n\u00f8dt til at v\u00e6re de store bidragydere, for de fattige vil v\u00e6re stadig mere truede, og sp\u00e6ndingerne vil stige, efterh\u00e5nden som kampen for at leve bliver mere akut.<\/p>\n<p>Det er ikke et sp\u00f8rgsm\u00e5l om at se med k\u00e6rlighed eller med frygt. Det er et sp\u00f8rgsm\u00e5l om at se, et sp\u00f8rgsm\u00e5l om ansvar.<\/p>\n<p>De rige vil forts\u00e6tte deres leg og fortsat komme med alle deres retf\u00e6rdigg\u00f8relser og undskyldninger. Men de vil falde, n\u00e5r deres nationers s\u00f8jler bryder sammen, idet vrede fattige, menneskenes store svulst, vender sig imod dem. De vil tr\u00e6kke sig tilbage og forlade de vaklende lande, men nu er n\u00f8den global. Selvom du skulle finde det rareste sted p\u00e5 Jorden, vil du se menneskenes n\u00f8d tiltage.<\/p>\n<p>Hvad vil penge og rigdom give i dettes lys? I nogen tid, afgjort sikkerhed og isolation, men selv rigdommens s\u00f8jler vil begynde at falde, for deres grundlag er falskt. Dette finder allerede sted, idet menneskeheden som helhed bliver fattigere og mere n\u00f8dlidende.<\/p>\n<p>Derfor har Skaberen af alt liv sendt et Nyt Budskab, da de gamle Budskaber er for tilrettede og er blevet feltet for politiske kr\u00e6fter og nationale interesser og kommercielle investeringer. De har en interesse i at bevare menneskenes n\u00f8d. P\u00e5 trods af deres tros renhed, er den blevet for dybt forankret i verden, for korrumperet af egoistiske interesser og politiske m\u00e5l.<\/p>\n<p>S\u00e5 et Nyt Budskab er sendt til menneskene \u2013 en advarsel, en velsignelse og en forberedelse. Hvis du ikke kan agte advarslen, vil du ikke forst\u00e5 velsignelsen, og du vil ikke tage imod forberedelsen. Hvis du ikke kan se, kan du ikke vide. Hvis du ikke kan vide, vil dine handlinger v\u00e6re t\u00e5belige og d\u00e5rligt r\u00e5dgivet.<\/p>\n<p>Men hvem kan i dag tage imod et Nyt Budskab fra Gud? S\u00e5 mange mennesker tror, at alle Budskaber er givet \u2013 at der ikke er mere for Gud at sige til verden; Gud har mistet interessen for verden; Gud g\u00f8r i \u00e5rhundreder noget andet; der er intet mere at sige.<\/p>\n<p>Men hvordan kunne det v\u00e6re, n\u00e5r menneskene har n\u00e5et en ny t\u00e6rskel, et stort vendepunkt, hvor hele den menneskelige civilisation er i fare, hvor jeres konkurrenters \u00f8jne i universet nu kigger p\u00e5 verden og ser muligheden for at intervenere, f\u00e5 indflydelse, for at underminere menneskehedens svaghed?<\/p>\n<p>De store traditioner i verden har intet at sige om dette. De kan kun indr\u00f8mme, at Gud ville v\u00e6re n\u00f8dt til at give en form for ny instruktion. Og i dette har de ret. Gud giver ny instruktion gennem det Englelige N\u00e6rv\u00e6r, som f\u00f8rer tilsyn med verden.<\/p>\n<p>I g\u00e5r ind i en ny fase, en farlig fase, en kataklysmisk fase, men ogs\u00e5 en fase med store l\u00f8fter. For under disse forv\u00e6rrede situationer og forhold, er der en chance for, at \u00e6gte menneskeligt sammenhold og samarbejde kan etableres, ikke blot af princip, men af ren og sk\u00e6r n\u00f8dvendighed. Hvis menneskene ikke kan forene sig i deres velstandstid, m\u00e5 de forene sig i tabet af deres velstand.<\/p>\n<p>Folk har gjort teknologi til deres gud. De tror, at teknologi vil l\u00f8se alle disse problemer, ogs\u00e5 alle de problemer, som teknologi vil skabe. Men teknologi er baseret p\u00e5 ressourcer, og verdens ressourcer svinder. Nu har I udpint verden s\u00e5 meget, at I ikke kan stole p\u00e5 teknologi til at redde jer, for et stadigt stigende antal mennesker i verden vil ikke kunne drage fordel af den.<\/p>\n<p>Verdens jorde er udpinte og \u00f8delagte af teknologi og ignorance. Verdens fiskeriomr\u00e5der er udt\u00f8mte. Og nu \u00e6ndrer verdens klima sig og bliver uforudsigeligt og destruktivt.<\/p>\n<p>Hvad vil menneskene g\u00f8re i dettes lys? Dens selvsikkerhed vil helt sikkert blive anset for at v\u00e6re utilstr\u00e6kkelig. Folk, der advarer, vil blive afvist for at v\u00e6re ekstreme. Folk vil gerne h\u00f8re gode nyheder. De vil gerne beroliges, for de er for svage og ustabile til at se virkeligheden i \u00f8jnene.<\/p>\n<p>Regeringer forbereder ikke deres folk p\u00e5 de Store B\u00f8lger af forandring. Religi\u00f8se ledere forbereder ikke folk p\u00e5 de Store B\u00f8lger af forandring. S\u00e5 folk er svage og uforberedte og s\u00f8ger kun forsikringer.<\/p>\n<p>Rundt om i verden beder folk til Gud om udfrielse, om sikkerhed, om bedre tilstande og bedre relationer mellem nationer. Og Gud har svaret med et Nyt Budskab til menneskeheden, men hvem kan acceptere det for at v\u00e6re sandt? Budskabet vil bestemt m\u00e5tte v\u00e6re anderledes end folks forventninger, for Skaberen af alt liv er ikke bundet af disse ting.<\/p>\n<p>Det, der vil blive givet jer, er det som I har brug for, ikke det I \u00f8nsker jer eller forventer. Alle \u00f8nsker mere rigdom, flere ejendele, mere sikkerhed, men det kan verden ikke levere. Folk vil gerne v\u00e6re rigere. De velhavende vil gerne v\u00e6re mere velhavende. De fattige \u00f8nsker sig stabilitet og sikkerhed, hvilket de har brug for. Men, for at g\u00f8re dette muligt, m\u00e5 der v\u00e6re en meget retf\u00e6rdig fordeling af verden.<\/p>\n<p>Som mennesker bliver I n\u00f8dt til at regulere jeres befolkning og jeres forbrug af ressourcer. Hvem har den visdom, den magt og den tilbageholdenhed, der skal til for at g\u00f8re dette?<\/p>\n<p>Hvis du ser klart, hvis du er \u00e6rlig, kan du se, hvad der kr\u00e6ves. &#8211; S\u00e5, hvad skal er til for at denne bevidsthed deles og bliver f\u00e6lles og har vished og tilsides\u00e6tter folks pr\u00e6ferencer, deres religi\u00f8se overbevisninger, deres nationale interessers overlegenhed? Hvor meget lidelse og \u00f8del\u00e6ggelse m\u00e5 ske, f\u00f8r der finder en \u00e6rlig opg\u00f8relse sted, over hvad der reelt er p\u00e5kr\u00e6vet?<\/p>\n<p>Hvis ikke du selv er villig til at im\u00f8dekomme de Store B\u00f8lger af forandring og tilpasse dig dem og forberede dig p\u00e5 dem, s\u00e5 ford\u00f8m ikke andre folk og nationer. Hvem er du til at frems\u00e6tte s\u00e5dan en kritik? Det er s\u00e5 let at give andre skylden og ikke se sine egne begr\u00e6nsninger.<\/p>\n<p>Hvor store skal de Store B\u00f8lger af forandring v\u00e6re, f\u00f8r der l\u00e6gges mere v\u00e6gt p\u00e5 dem, end p\u00e5 folks milit\u00e6re m\u00e5l, deres politiske dagsordener og deres racem\u00e6ssige og kulturelle isolation? Hvor store B\u00f8lger skal der til? Er det n\u00f8dvendigt, at nationer bryder sammen? Skal der enorme krige og folkedrab til? Hvad skal der til, f\u00f8r en anden slags bevidsthed tager over, f\u00f8r en \u00e6rlig opg\u00f8relse af situationen finder sted?<\/p>\n<p>Hvem i verden i dag ved, at menneskene bliver overv\u00e5get af andre i universet, af jeres naboer, der s\u00f8ger at drage fordel af en svag og splittet menneskehed? Hvis nationer forstod dette, ville krig oph\u00f8re. De ville forberede menneskene p\u00e5 at v\u00e6rne om verden.<\/p>\n<p>Det, som mennesker ser, og det, som mennesker m\u00e5 se, er ikke engang t\u00e6t p\u00e5 hinanden endnu. Det er derfor, at der er et Nyt Budskab fra Gud, for tid er essentiel. I har ikke \u00e5rtier eller et \u00e5rhundrede til at forberede jer, for de Store B\u00f8lger bev\u00e6ger sig, og en Intervention er allerede indledt i verden.<\/p>\n<p>De fattige er s\u00e5 overanstrengte og s\u00e5 overv\u00e6ldede, at de ikke kan se. Deres regeringer er for besatte af deres dagsordener. Ingen ser fremad. Ingen overvejer fremtiden. Af denne grund er der et Nyt Budskab fra Gud.<\/p>\n<p>Guds forrige store \u00c5benbaringer har givet stor klarhed omkring den etik og adf\u00e6rd, som enkeltmennesker m\u00e5 antage, for at leve godt og leve i harmoni med andre.<\/p>\n<p>Disse fremragende Budskaber, som er s\u00e5 essentielle og har spillet en rolle i opbygningen af den menneskelige civilisation og menneskenes fremgang, er ikke tilstr\u00e6kkelig til at opfylde de store behov, der nu dukker op. Derfor har Gud sendt en Ny \u00c5benbaring og en Budbringer til verden, for at levere denne \u00c5benbaring.<\/p>\n<p>Hvis du er \u00e6rlig, vil du se, at du ikke har et svar. Du har ikke et svar p\u00e5 de Store B\u00f8lger af forandring. Du har ikke et svar p\u00e5 Interventionen i verden, foretaget af racer, der s\u00f8ger at p\u00e5virke menneskers t\u00e6nkning og adf\u00e6rd. Du har ikke et svar p\u00e5 br\u00f8ndens svindende vand. Du kan kun g\u00f8re antagelser, og disse antagelser har oftest ingen gyldighed. For verden har \u00e6ndret sig, selvom folk ikke har \u00e6ndret sig med den.<\/p>\n<p>Du vil f\u00e5 en krise, n\u00e5r du indser uhyrligheden af de Store B\u00f8lger af forandring og din manglende evne til at give et svar. Dog har Gud s\u00f8rget for et svar, gennem dig og gennem alle andre, et svar som vil blive aktiveret af Guds Nye \u00c5benbaring. For der er en dybere Intelligens i dit indre, som m\u00e5 aktiveres, og reelt kan intet andet end Skaberens Kraft og alle de kr\u00e6fter, der er her for at tjene menneskenes velbefindende og fremgang, g\u00f8re det.<\/p>\n<p>Folks forestillinger om religion og den endelige dom er s\u00e5 falske, s\u00e5 latterlige \u2013 et ignorant folks projektioner. Gud vil, at menneskeheden overlever de Store B\u00f8lger af forandring og kommer fremad og forener sig og i processen holder fast i at opbygge menneskelig frihed og kreativitet.<\/p>\n<p>Men, dette m\u00e5l virker n\u00e6sten uopn\u00e5eligt, givet alt det I st\u00e5r overfor. Det skyldes, at du t\u00e6nker med dit intellekt, hvilket er et produkt af fortiden, og ikke med den dybere Intelligens, som Gud har lagt i dig, som kan lede dig gennem disse kommende vanskelige tider.<\/p>\n<p>Det er som havde den menneskelige familie brug for en opgradering, et virkelighedsskift, et andet s\u00e6t af antagelser, et andet mandat, en anden forst\u00e5else. Uden disse vil I forts\u00e6tte jeres ignorante forf\u00f8lgelse, jeres destruktive brug af verden, konkurrere nationer imellem, plante kimen til fremtidige krige og konflikter.<\/p>\n<p>Hvis nationer skal overleve og v\u00e6re stabile, m\u00e5 de samarbejde. Selv hvor der er gamle fjendskaber, m\u00e5 essentielle ressourcer \u2013 energi, mad og vand \u2013 fordeles og s\u00f8rges for. Menneskelige populationer m\u00e5 bringes under en vis human kontrol. Og der bliver n\u00f8dt til at v\u00e6re styr p\u00e5 ressourceanvendelsen og ressourceforbruget.<\/p>\n<p>Enhver fremskreden nation i universet har v\u00e6ret n\u00f8dt til at g\u00f8re dette for at overleve. Nu er det p\u00e5 tide, at menneskeheden bliver voksen, vokser fra sin ungdomsadf\u00e6rd, sin uansvarlige adf\u00e6rd, den adf\u00e6rd, der ikke redeg\u00f8res for, og begynder at forberede sig p\u00e5 fremtiden, s\u00e5 I vil have en fremtid.<\/p>\n<p>Skulle I opbruge verdens ressourcer, vil I ikke kunne tage ud i universet at finde dem, for de ejes af andre. Hvis I bliver s\u00e5 svage og s\u00e5rbare, vil overtalelseskunsten, der vil kastes over verden, v\u00e6re s\u00e5 st\u00e6rk, at I ikke vil kunne afsl\u00e5 den. I vil ikke kunne afvise den. Jeres position vil v\u00e6re for svag og for ustabil.<\/p>\n<p>Disse id\u00e9er virker s\u00e5 ekstreme. De virker s\u00e5 anderledes. Det er fordi I stadig t\u00e6nker som et primitivt folk. I t\u00e6nker stadig, at verden er uendelig, at ressourcerne er uendelige, og at I er alene i et m\u00f8rkt univers.<\/p>\n<p>Men, der er gr\u00e6nser for verden, og I n\u00e5r disse gr\u00e6nser, og universet er fuld af liv \u2013 et konkurrencepr\u00e6get milj\u00f8 p\u00e5 en skala, I ikke engang kan forestille jer. Kan du her se forskellen mellem disse ord og denne forst\u00e5else og den m\u00e5de, I t\u00e6nker p\u00e5, og hvordan I ser p\u00e5 verden, og hvordan I ser p\u00e5 menneskenes fremtid, og hvordan I ser p\u00e5 udsigten til liv i universet?<\/p>\n<p>Hvad er det, der kan skabe denne nye bevidsthed, udover et Nyt Budskab fra Skaberen af alt liv? I ved ikke, hvad I forbereder jer p\u00e5. I ved ikke, hvad der kommer over horisonten. End ikke jeres h\u00f8jest uddannede individer kan se og vide.<\/p>\n<p>Der m\u00e5 en Ny \u00c5benbaring til for menneskene. I lever i en tid for \u00c5benbaring. Gud ved dette. Gud ved, hvad I har brug for, hvad menneskene m\u00e5 se og m\u00e5 g\u00f8re. Men det, Gud ved, er s\u00e5 forskelligt fra det, folk tror.<\/p>\n<p>I lyset af menneskenes n\u00f8d og verdens tiltagende storme, bliver der sendt et Nyt Budskab her, et Budskab, der p\u00e5kalder den enkeltes styrke og jeres kollektive styrke. Det er ikke kun et h\u00e5bets Budskab. Det er et Budskab af n\u00f8dvendighed. Det er ikke kun et Budskab om et vidunderligt liv efter d\u00f8den. Det er et Budskab til at forberede jer p\u00e5 at overleve de Store B\u00f8lger af forandring og beskytte jeres frihed og suver\u00e6nitet i denne verden, n\u00e5r I indtr\u00e6der i et St\u00f8rre F\u00e6llesskab af intelligent liv i universet. Det er ikke et Budskab om mirakler og fantastiske skabelsesberetninger og dommedage og udsigten til Himlen og Helvede. Nu har I vigtigere ting at bekymre jer om. Og det er det, Guds Nye Budskab l\u00e6gger v\u00e6gt p\u00e5.<\/p>\n<p>Gud favoriserer ikke \u00e9n religion fremfor en anden, men Gud h\u00f8rer l\u00e6ngslen og de oprigtige anmodninger om hj\u00e6lp. Uanset om de kommer fra den religi\u00f8st orienterede eller den sekul\u00e6re befolkning, kender Gud menneskenes n\u00f8d. Alle racer i universet n\u00e5r et punkt som dette, hvis de udvikler sig teknologisk. Og I har n\u00e5et dette punkt, hvor I enten \u00f8del\u00e6gger jer selv, eller begynder at opbygge en ny platform for menneskelig eksistens.<\/p>\n<p>Her v\u00e6lger I enten dominans eller frihed. De fleste nationer i universet har valgt dominans. Derfor er frihed sj\u00e6lden. Men frihed er det valg, I m\u00e5 tr\u00e6ffe. Det er frihed, der vil sikre menneskene den st\u00f8rste magt og den st\u00f8rste sikkerhed i universet.<\/p>\n<p>Men det vil tage en lang, lang vej at n\u00e5 denne nye stabilitet og en enorm revurdering, en reevaluering, et enormt ansvar, ikke kun for nationernes ledere, men for borgere overalt.<\/p>\n<p>Folk vil have brug for hinanden for at overleve og frembringe dette st\u00e6rkere grundlag. Det er dette, Guds Nye Budskab til verden understreger.<\/p>\n<p>Du m\u00e5 lytte til en anden stemme i dig selv \u2013 ikke til din kulturelle v\u00e6rdiers stemme, ikke til din fordommes stemme, din intellektuelle stoltheds stemme, din sikkerhedsf\u00f8lelses stemme, dine antagelser om magt. Hvad er disse ting andet end nul og niks?<\/p>\n<p>Der er en dybere stemme, du m\u00e5 l\u00e6re at lytte til, ellers vil du ikke h\u00f8re Guds Nye Budskab. Du vil ikke h\u00f8re verdens lidelser, og du vil ikke se verdens tegn, der fort\u00e6ller dig, hvad der kommer over horisonten. Guds Nye Budskab vil l\u00e6re dig at finde denne dybere stemme, for den vil v\u00e6re essentiel og central for menneskenes forl\u00f8sning og for at sikre menneskenes fremtid, som en fri race i universet.<\/p>\n","protected":false},"excerpt":{"rendered":"<p>Verdens tiltagende storme, menneskenes tiltagende n\u00f8d, bliver nu drevet af Store B\u00f8lger af forandring \u2013 forandringer, der inkluderer nationer og folk overalt, en verden, hvor en stadig voksende befolkning vil drikke af en langsomt svindende br\u00f8nd. Verden overv\u00e6ldes. Folk tvinges sammen i stadigt st\u00f8rre antal, forskellige grupper indtager det samme milj\u00f8 \u2013 konkurrerer om magt,\u2026 <a class=\"read-more\" href=\"https:\/\/www.v6.newmessage.org\/da\/about-recording-shortcode\/\"><span>Read More<\/span><\/a><\/p>\n","protected":false},"author":77,"featured_media":0,"parent":16482,"menu_order":0,"comment_status":"closed","ping_status":"closed","template":"template-leftsidebar.php","meta":{"_monsterinsights_skip_tracking":false,"_monsterinsights_sitenote_active":false,"_monsterinsights_sitenote_note":"","_monsterinsights_sitenote_category":0,"footnotes":""},"categories":[76,30,463,460],"tags":[726],"_links":{"self":[{"href":"https:\/\/www.v6.newmessage.org\/da\/wp-json\/wp\/v2\/pages\/28157"}],"collection":[{"href":"https:\/\/www.v6.newmessage.org\/da\/wp-json\/wp\/v2\/pages"}],"about":[{"href":"https:\/\/www.v6.newmessage.org\/da\/wp-json\/wp\/v2\/types\/page"}],"author":[{"embeddable":true,"href":"https:\/\/www.v6.newmessage.org\/da\/wp-json\/wp\/v2\/users\/77"}],"replies":[{"embeddable":true,"href":"https:\/\/www.v6.newmessage.org\/da\/wp-json\/wp\/v2\/comments?post=28157"}],"version-history":[{"count":2,"href":"https:\/\/www.v6.newmessage.org\/da\/wp-json\/wp\/v2\/pages\/28157\/revisions"}],"predecessor-version":[{"id":28159,"href":"https:\/\/www.v6.newmessage.org\/da\/wp-json\/wp\/v2\/pages\/28157\/revisions\/28159"}],"up":[{"embeddable":true,"href":"https:\/\/www.v6.newmessage.org\/da\/wp-json\/wp\/v2\/pages\/16482"}],"wp:attachment":[{"href":"https:\/\/www.v6.newmessage.org\/da\/wp-json\/wp\/v2\/media?parent=28157"}],"wp:term":[{"taxonomy":"category","embeddable":true,"href":"https:\/\/www.v6.newmessage.org\/da\/wp-json\/wp\/v2\/categories?post=28157"},{"taxonomy":"post_tag","embeddable":true,"href":"https:\/\/www.v6.newmessage.org\/da\/wp-json\/wp\/v2\/tags?post=28157"}],"curies":[{"name":"wp","href":"https:\/\/api.w.org\/{rel}","templated":true}]}}