{"id":28080,"date":"2024-01-09T21:23:47","date_gmt":"2024-01-09T21:23:47","guid":{"rendered":"https:\/\/www.newmessage.org\/da\/?page_id=28080"},"modified":"2024-01-09T21:23:49","modified_gmt":"2024-01-09T21:23:49","slug":"anbefalinger-med-henblik-pa-at-leve-i-en-stor-bolge-verden","status":"publish","type":"page","link":"https:\/\/www.v6.newmessage.org\/da\/budskabet\/bind-5\/de-store-bolger-af-forandring\/anbefalinger-med-henblik-pa-at-leve-i-en-stor-bolge-verden\/","title":{"rendered":"Anbefalinger med Henblik p\u00e5 at Leve i en Stor B\u00f8lge-Verden"},"content":{"rendered":"<div><!-- backmatter --><\/div>\n<p>Her pr\u00e6senterer vi anbefalinger for at assistere dig, med henblik p\u00e5 at begynde at forberede dig p\u00e5 de Store B\u00f8lger af forandring. Da hver enkelt menneskes liv, omst\u00e6ndigheder og h\u00f8jere form\u00e5l er unikke, er der ingen r\u00e6kke af anbefalinger, der kan tale til alle omst\u00e6ndigheder og behov. Dog vil disse anbefalinger v\u00e6re vigtige, med hensyn til at hj\u00e6lpe dig med at fokusere dine aktiviteter og st\u00f8tte dig p\u00e5 din forberedelsesvej. Bem\u00e6rk venligst, at dette er anbefalinger, ikke regler. Brug dem og tilpas dem til dine forhold. De er givet her for at assistere dig i at bringe balance, styrke og retning til dit liv.<\/p>\n<h2 style=\"text-align: center;\"><strong>~<\/strong><\/h2>\n<p style=\"padding-left: 40px;\"><strong>Forberedelse af Dit Ydre Liv:<\/strong><\/p>\n<p style=\"padding-left: 40px;\">~ <em>Spar p\u00e5 energi<\/em> s\u00e5 meget som muligt. Reducer dit energiforbrug med 25-50 % eller mere, for at hj\u00e6lpe med at redde dit f\u00e6llesskab og verden fra udt\u00f8mning og \u00f8del\u00e6ggelse.<\/p>\n<p style=\"padding-left: 40px;\">~ <em>Opbevar en forsyning af mad, vand og medicin,<\/em> som forberedelse p\u00e5 de kommende vanskeligheder \u2013 mindst en forsyning til 90 dage. Er dit boligareal begr\u00e6nset, s\u00e5 opbevar den m\u00e6ngde forsyninger, du kan.<\/p>\n<p style=\"padding-left: 40px;\">~ <em>Opbyg en \u00f8konomisk n\u00f8dkasse<\/em>, hvis det er muligt, for at opretholde dig under \u00f8konomiske afbrydelser eller tab af job. Indtag en mere aktiv rolle med henblik p\u00e5 at administrere, dirigere og opbygge dine \u00f8konomiske ressourcer, i lyset af de Store B\u00f8lger.<\/p>\n<p style=\"padding-left: 40px;\">~ <em>Overvej tilg\u00e6ngeligheden af medicinske tjenester<\/em> i dit omr\u00e5de, og hvordan de kan fungere, eller m\u00e5ske ikke fungere, under en katastrofe eller under en l\u00e6ngerevarende n\u00f8dsituation. Hav en tilstr\u00e6kkelig stor forsyning af receptpligtig medicin ved h\u00e5nden, til folk, med kroniske medicinske lidelser.<\/p>\n<p style=\"padding-left: 40px;\">~ <em>Overvej at l\u00e6re at dyrke nogle af dine egne f\u00f8devarer.<\/em> Det kan du g\u00f8re p\u00e5 egen h\u00e5nd eller sammen med andre.<\/p>\n<p style=\"padding-left: 40px;\">~ <em>Ej f\u00e6rre ting.<\/em> S\u00f8rg for, at alt, hvad du ejer, virkeligt tjener dig. Rejs let og skab tid til vigtigere ting.<\/p>\n<p style=\"padding-left: 40px;\">~ <em>Overvej, hvor du bor<\/em> i lyset af de Store B\u00f8lger af forandring. Kan og er du villig til fra dit nuv\u00e6rende sted at rejse, uden at benytte dig af en bil? Vil du v\u00e6re i stand til at hj\u00e6lpe andre, givet din nuv\u00e6rende lokation og omst\u00e6ndigheder? Vil du v\u00e6re klar til at hj\u00e6lpe andre i n\u00f8dtider, eller vil du selv v\u00e6re i fare?<\/p>\n<p style=\"padding-left: 40px;\">~ <em>Overvej dit erhverv,<\/em> og stil dig selv disse vigtige sp\u00f8rgsm\u00e5l: Vil mit arbejde v\u00e6re b\u00e6redygtigt i de kommende \u00e5r givet begr\u00e6nsningerne p\u00e5 energi, mad og andre ressourcer? Er mit erhverv eller arbejdsomr\u00e5de involveret i at levere essentielle goder eller tjene reelle behov, eller involverer det produkter eller tjenester, der er ikke-essentielle, og som m\u00e5ske ikke kan opretholdes i de vanskelige tider forude?<\/p>\n<p style=\"padding-left: 40px;\">~ <em>Uddan andre,<\/em> inklusive dine venner, familie, naboer og kolleger, om de Store B\u00f8lger af forandring. Des flere mennesker omkring dig, der er opm\u00e6rksomme, desto bedre forberedt vil jeres f\u00e6llesskab v\u00e6re.<\/p>\n<p style=\"padding-left: 40px;\">~ <em>T\u00e6nk p\u00e5 de svage, de \u00e6ldre og de udsatte<\/em> i dit lokale f\u00e6llesskab eller nabolag. Overvej p\u00e5 forh\u00e5nd, hvordan du m\u00e5ske kan hj\u00e6lpe dem, hvis det bliver n\u00f8dvendigt.<\/p>\n<p style=\"padding-left: 40px;\">~ <em>St\u00f8t jeres lokale k\u00f8bm\u00e6nd, landm\u00e6nd og producenter,<\/em> for de vil v\u00e6re betydningsfulde ressourcer i fremtiden, n\u00e5r transportmuligheden for varer og tjenesteydelser vil v\u00e6re langt mere begr\u00e6nset end i dag.<\/p>\n<p style=\"padding-left: 40px;\">~ <em>Find ud af, hvor dine essentielle ressourcer kommer fra,<\/em> hvordan du muligvis kan erhverve dig dem, hvis der kom afbrydelser i leveringen, og hvad du ville g\u00f8re, hvis de af en eller anden grund skulle blive utilg\u00e6ngelige.<\/p>\n<p style=\"padding-left: 40px;\">~ <em>V\u00e6r f\u00f8lsom og opm\u00e6rksom p\u00e5 muligheden for naturkatastrofer, <\/em>som kunne udg\u00f8re en fare for din sikkerhed i dit omr\u00e5de. Hav en beredskabsplan for, hvad du ville g\u00f8re i s\u00e5dan en ekstrem situation.<\/p>\n<p style=\"padding-left: 40px;\">~ <em>Forh\u00f8r dig i din lokale by, storby eller regionale regering, om deres planer og forberedelser,<\/em> hvis de har nogen, med hensyn til Store B\u00f8lge-scenarier, der sandsynligvis vil dukke op i dit omr\u00e5de. S\u00f8rg for at give feedback til dine repr\u00e6sentanter og andre lokale embedsfolk.<\/p>\n<p style=\"padding-left: 40px;\">~ <em>Opbyg st\u00e6rke personlige relationer,<\/em> der kan hj\u00e6lpe dig i din forberedelse. Reagerer dine n\u00e6rmeste p\u00e5 de Store B\u00f8lger af forandring, eller oplever du, at du m\u00e5 overtale og overbevise dem, ofte uden held?<\/p>\n<p style=\"padding-left: 40px;\">~ <em>Forts\u00e6t med at uddanne dig selv om de Store B\u00f8ger af forandring,<\/em> idet de udfolder sig i verden. V\u00e6r forsigtig og brug skelneevne, n\u00e5r du overvejer andres meninger og eksperters kommentarer.<\/p>\n<h2 style=\"text-align: center;\"><strong>~<\/strong><\/h2>\n<p style=\"padding-left: 40px;\"><strong>Forberedelse af Dit Indre Liv:<\/strong><\/p>\n<p style=\"padding-left: 40px;\">~ <em>Tag stille tid hver dag,<\/em> til at overveje visdommen i dine tanker og handlinger, og for at v\u00e6re opm\u00e6rksom p\u00e5 hver enkelt indsigt, du har haft. F\u00f8r dagbog over disse indsigter og evalu\u00e9r dem ofte.<\/p>\n<p style=\"padding-left: 40px;\">~ <em>Optag en enkel meditationspraksis<\/em> for at lindre stress og for at forbinde dig med Kundskab, den dybere intelligens i dig. Trin til Kundskab-studiet leverer en adgangsvej til dette.<\/p>\n<p style=\"padding-left: 40px;\">~ <em>Hav f\u00e5 meninger.<\/em> Dan dig ingen meninger om et problem, medmindre du har brugt lang tid p\u00e5 at studere problemet og dets mange udt\u00e6nkte fortolkninger og l\u00f8sninger. Sp\u00f8rg dig selv, om du virkeligt er sikker p\u00e5 noget eller kun g\u00e6tter.<\/p>\n<p style=\"padding-left: 40px;\">~ <em>Hold op med at klage.<\/em> Spild ikke din dyrebare tid og energi p\u00e5 at klage over noget, hvis ikke du er parat til at handle p\u00e5 det. Brug i stedet din tid og energi, dine tanker og ressourcer p\u00e5 at forberede dig, p\u00e5 at forberede andre og p\u00e5 at styrke din forbindelse til Kundskab.<\/p>\n<p style=\"padding-left: 40px;\">~ <em>Revurd\u00e9r dine m\u00e5l og planer,<\/em> for at se, om de virkeligt vil v\u00e6re mulige i en radikalt foranderlig verden. Sp\u00f8rg dig selv: &#8220;Er mine planer og m\u00e5l praktiske og levedygtige i en verden med svindende ressourcer, milj\u00f8forringelse og \u00f8konomiske vanskeligheder?&#8221; Du vil begynde at m\u00e6rke sandheden om dette.<\/p>\n<p style=\"padding-left: 40px;\">~ <em>Tilgiv andre.<\/em> Tilgiv dem, der synes at fejle imod dig og verden. Sp\u00f8rg dig selv, hvilket \u00e6gte behov de fors\u00f8ger at udtrykke og opfylde gennem deres adf\u00e6rd. At praktisere tilgivelse vil spare din f\u00f8lelsesm\u00e6ssige energi og holde dit sind klart.<\/p>\n<p style=\"padding-left: 40px;\">~ <em>\u00c6r dine for\u00e6ldre,<\/em> og pr\u00f8v at forst\u00e5 de omst\u00e6ndigheder i deres liv, der afgjorde deres beslutninger og adf\u00e6rd.<\/p>\n<p style=\"padding-left: 40px;\">~ <em>Tilgiv dig selv.<\/em> L\u00e6r af dine egne fejl, og erkend og brug den visdom, de har givet dig. At kende sine tidligere fejltagelser og l\u00e6re af dem, vil hj\u00e6lpe \u00e9n med at m\u00f8de og navigere i de Store B\u00f8lger af forandring. Hvis du ikke tilgiver dig selv, mister du selvtillid, som du bliver n\u00f8dt til i stigende grad at f\u00e6ste din lid til i fremtiden. Du opbygger mest kraftfuldt selvtillid ved at f\u00f8lge Kundskab i dig.<\/p>\n<p style=\"padding-left: 40px;\">~ <em>Opbyg og vedligehold dit livs Fire S\u00f8jler.<\/em> T\u00e6nk p\u00e5, at du har Fire S\u00f8jler, der, ligesom de fire ben p\u00e5 et bord, holder dit liv oppe:<\/p>\n<p style=\"padding-left: 80px;\">~ <a href=\"\/the-message\/volume-3\/living-way-knowledge\/essential-relationships-others\">Relationernes S\u00f8jle<\/a><br \/>\n~ <a href=\"\/the-message\/volume-3\/living-way-knowledge\/sufficient-health\">Helbredets S\u00f8jle<\/a><br \/>\n~&nbsp; <a href=\"\/the-message\/volume-3\/living-way-knowledge\/greater-work-pillar\">Arbejdets og Fors\u00f8gerskabets S\u00f8jle<\/a><br \/>\n~&nbsp; <a href=\"\/the-message\/volume-3\/living-way-knowledge\/spiritual-development-practices\">Den \u00c5ndelige Udviklings S\u00f8jle<\/a><\/p>\n<p>For at v\u00e6re glad, stabil og succesfuld m\u00e5 du opbygge og vedligeholde hver enkelt af disse S\u00f8jler og ikke ofre nogen for de andre.<\/p>\n<p style=\"padding-left: 40px;\">~ <em>Buk ikke under for frygt,<\/em> eller tro, at du ingen magt har i lyset af disse store forandringer, for du har Kundskabens kraft i dig, til at vejlede og beskytte dig, hvis du kan f\u00f8lge den. Din oplevelse af Kundskab, eller indre viden, vil g\u00f8re dig i stand til at s\u00e6tte en ny retning, vurdere problemer klart og tr\u00e6ffe kloge beslutninger, selv hvis ingen andre omkring dig g\u00f8r det.<\/p>\n<p style=\"padding-left: 40px;\"><em>~ Opbyg selvtillid.<\/em> Du f\u00e5r selvtillid ved at se, hvad der er n\u00f8dvendigt, og handle p\u00e5 det. Du begynder med at g\u00f8re sm\u00e5 ting, alt hvad du kan se at g\u00f8re, trin for trin, for at forberede dig selv, forberede dit sind, forberede dine omst\u00e6ndigheder, forberede dit hjem og forberede dine relationer.<\/p>\n<p style=\"padding-left: 40px;\"><em>~ V\u00e6r en katalysator for forandring,<\/em> og f\u00e6st ikke din tillid til konsensus eller enighed fra andre. L\u00e6r at \u00e6re vigtigheden af dine beslutninger, og hvordan du tr\u00e6ffer disse beslutninger baseret p\u00e5 den dybere Kundskab i dig. Denne selvtillid og Kundskabens styrke kan meget vel redde dit liv.<\/p>\n<p style=\"padding-left: 40px;\"><em>~ Vurd\u00e9r dine relationer.<\/em> Hvem har en \u00e6gte sk\u00e6bne sammen med dig? Er det disse mennesker, du er sammen med nu?<\/p>\n<p style=\"padding-left: 40px;\"><em>~ L\u00e6r at f\u00f8lge Kundskab,<\/em> den dybere \u00e5ndelige intelligens i dig, og at erkende de Store B\u00f8lger af forandring, der kommer, s\u00e5 du rettidigt kan v\u00e6re informeret og forberedt. Oplevelsen af Kundskab kan tage form af et billede, en kraftfuld indsigt eller en vedvarende f\u00f8lelse, der ikke forsvinder.<\/p>\n<p style=\"padding-left: 40px;\"><em>~ Hav stor tro p\u00e5 Kundskab<\/em> i dig selv og i menneskeheden som helhed. Ellers vil de Store B\u00f8lger virke overv\u00e6ldende \u2013 for store til at overveje, for store til at forberede sig p\u00e5, for store til at navigere i. Og s\u00e5 vil du simpelthen give op og f\u00f8le dig besejret, inden de rigtige pr\u00f8velser begynder.<\/p>\n<p style=\"padding-left: 40px;\"><em>~ Erkend, at du g\u00e5r ind i en tid med store udfordring og forandring i verden,<\/em> og at denne udfordring og forandring vil g\u00f8re dig st\u00e6rk og vil kalde de st\u00f8rre gaver ud af dig, som du er blevet sendt til verden for at give. For du er kommet til verden p\u00e5 en mission, og virkeligheden af denne mission er indeholdt i Kundskab, den dybere intelligens i dig, der venter p\u00e5 at blive opdaget.<\/p>\n<p>Afslutningsvis, som det er sagt mange gange, er l\u00f8sningen p\u00e5 de udfoldede planetariske sp\u00f8rgsm\u00e5l i sin kerne \u00e5ndelig. Interesserede l\u00e6sere opfordres til at udforske de andre b\u00f8ger skrevet af MV Summers og udgivet af New Knowledge Library p\u00e5 <a href=\"http:\/\/www.newknowledgelibrary.org\/\">www.newknowledgelibrary.org.<\/a><\/p>\n","protected":false},"excerpt":{"rendered":"<p>Her pr\u00e6senterer vi anbefalinger for at assistere dig, med henblik p\u00e5 at begynde at forberede dig p\u00e5 de Store B\u00f8lger af forandring. Da hver enkelt menneskes liv, omst\u00e6ndigheder og h\u00f8jere form\u00e5l er unikke, er der ingen r\u00e6kke af anbefalinger, der kan tale til alle omst\u00e6ndigheder og behov. Dog vil disse anbefalinger v\u00e6re vigtige, med hensyn\u2026 <a class=\"read-more\" href=\"https:\/\/www.v6.newmessage.org\/da\/budskabet\/bind-5\/de-store-bolger-af-forandring\/anbefalinger-med-henblik-pa-at-leve-i-en-stor-bolge-verden\/\"><span>Read More<\/span><\/a><\/p>\n","protected":false},"author":77,"featured_media":0,"parent":13099,"menu_order":16,"comment_status":"closed","ping_status":"closed","template":"template-leftsidebar.php","meta":{"_monsterinsights_skip_tracking":false,"_monsterinsights_sitenote_active":false,"_monsterinsights_sitenote_note":"","_monsterinsights_sitenote_category":0,"footnotes":""},"categories":[76,473,498],"tags":[316],"_links":{"self":[{"href":"https:\/\/www.v6.newmessage.org\/da\/wp-json\/wp\/v2\/pages\/28080"}],"collection":[{"href":"https:\/\/www.v6.newmessage.org\/da\/wp-json\/wp\/v2\/pages"}],"about":[{"href":"https:\/\/www.v6.newmessage.org\/da\/wp-json\/wp\/v2\/types\/page"}],"author":[{"embeddable":true,"href":"https:\/\/www.v6.newmessage.org\/da\/wp-json\/wp\/v2\/users\/77"}],"replies":[{"embeddable":true,"href":"https:\/\/www.v6.newmessage.org\/da\/wp-json\/wp\/v2\/comments?post=28080"}],"version-history":[{"count":4,"href":"https:\/\/www.v6.newmessage.org\/da\/wp-json\/wp\/v2\/pages\/28080\/revisions"}],"predecessor-version":[{"id":28084,"href":"https:\/\/www.v6.newmessage.org\/da\/wp-json\/wp\/v2\/pages\/28080\/revisions\/28084"}],"up":[{"embeddable":true,"href":"https:\/\/www.v6.newmessage.org\/da\/wp-json\/wp\/v2\/pages\/13099"}],"wp:attachment":[{"href":"https:\/\/www.v6.newmessage.org\/da\/wp-json\/wp\/v2\/media?parent=28080"}],"wp:term":[{"taxonomy":"category","embeddable":true,"href":"https:\/\/www.v6.newmessage.org\/da\/wp-json\/wp\/v2\/categories?post=28080"},{"taxonomy":"post_tag","embeddable":true,"href":"https:\/\/www.v6.newmessage.org\/da\/wp-json\/wp\/v2\/tags?post=28080"}],"curies":[{"name":"wp","href":"https:\/\/api.w.org\/{rel}","templated":true}]}}