{"id":28042,"date":"2023-12-11T00:56:36","date_gmt":"2023-12-11T00:56:36","guid":{"rendered":"https:\/\/www.newmessage.org\/da\/?page_id=28042"},"modified":"2023-12-11T00:56:37","modified_gmt":"2023-12-11T00:56:37","slug":"at-leve-i-en-opdukkende-verden","status":"publish","type":"page","link":"https:\/\/www.v6.newmessage.org\/da\/budskabet\/bind-3\/at-leve-kundskabens-vej\/at-leve-i-en-opdukkende-verden\/","title":{"rendered":"At Leve i en Opdukkende Verden"},"content":{"rendered":"<div><!-- 4.1 Verse --><\/div>\n\n<div class=\"tabgroup \"><ul class=\"tabs\"><li><a href=\"#tabs-1\">\u00c5benbaring<\/a><\/li>\n<li><a href=\"#tabs-2\">Note<\/a><\/li><\/ul>\n <div id=\"tabs-1\"><br \/>\n<em>Som \u00e5benbaret for Guds Budbringer<br \/>\nMarshall Vian Summers<br \/>\nden 11. oktober, 1994<br \/>\ni Boulder, CO<br \/>\n<\/em><\/p>\n<div class=\"panel-10 text-align-center\"><a href=\"https:\/\/www.newmessage.org\/the-message\/volume-3\/living-way-knowledge\"><img decoding=\"async\" class=\"aligncenter size-full \" src=\"\/\/www.newmessage.org\/wp-content\/uploads\/2011\/10\/LTW-book-cover-250px.jpg\" alt=\"Living the Way of Knowledge\"><\/a><\/div>\n<div class=\"text-align-center\"><a class='simple_button_link ' style='background-color: #4f8fd6' href='http:\/\/newknowledgelibrary.org\/books\/living-the-way-of-knowledge-pre-pub-edition\/'   ><span>Order the book<\/span><\/a><\/div>\n<div class=\"text-align-center text font-size-12 margin-top-10\">Volume 3 &gt; Living the Way of Knowledge &gt; Chapter 1<\/div>\n<div class=\"toggle toggle-white\"><h4 class=\"trigger \"><span class=\"t_ico\"><\/span><a href=\"#\">Om denne optagelse<\/a><\/h4><div class=\"toggle_container \"><br \/>\n<div id=\"yui_3_16_0_ym19_1_1467955126517_3327\" dir=\"ltr\"><span id=\"yui_3_16_0_ym19_1_1467955126517_3177\"><span id=\"yui_3_16_0_ym19_1_1467955126517_3178\">D\u00e9t, du h\u00f8rer i denne lydoptagelse er Den Englelige Forsamlings stemme, der taler gennem Budbringeren, Marshall Vian Summers<br \/>\n<\/span><\/span><\/div>\n<div dir=\"ltr\"><span id=\"yui_3_16_0_ym19_1_1467955126517_3177\"><span id=\"yui_3_16_0_ym19_1_1467955126517_3178\">\u00a0<\/span><\/span><\/div>\n<div id=\"yui_3_16_0_ym19_1_1467955126517_3359\" dir=\"ltr\"><span id=\"yui_3_16_0_ym19_1_1467955126517_3177\"><span id=\"yui_3_16_0_ym19_1_1467955126517_3178\"> Her er den oprindelige kommunikation fra Gud, der eksisterer hinsides ord, oversat til menneskeligt sprog og forst\u00e5else af Den Englelige Forsamling, der f\u00f8rer tilsyn med verden. Forsamlingen leverer derefter Guds Budskab gennem Budbringeren.<br \/>\n<\/span><\/span><\/div>\n<div id=\"yui_3_16_0_ym19_1_1467955126517_3369\" dir=\"ltr\"><span id=\"yui_3_16_0_ym19_1_1467955126517_3177\"><span id=\"yui_3_16_0_ym19_1_1467955126517_3178\">\u00a0<\/span><\/span><\/div>\n<div id=\"yui_3_16_0_ym19_1_1467955126517_3370\" dir=\"ltr\"><span id=\"yui_3_16_0_ym19_1_1467955126517_3177\"><span id=\"yui_3_16_0_ym19_1_1467955126517_3178\">I dette bem\u00e6rkelsesv\u00e6rdige forl\u00f8b, taler \u00c5benbaringens Stemme p\u00e5 ny. Ordet og Lyden er i verden. For f\u00f8rste gang i historien, er den oprindelige talte \u00e5benbaring tilg\u00e6ngelig for dig og for verden at opleve.<br \/>\n<\/span><\/span><\/div>\n<div id=\"yui_3_16_0_ym19_1_1467955126517_3436\" dir=\"ltr\"><span id=\"yui_3_16_0_ym19_1_1467955126517_3177\"><span id=\"yui_3_16_0_ym19_1_1467955126517_3178\">\u00a0<\/span><\/span><\/div>\n<div id=\"yui_3_16_0_ym19_1_1467955126517_3435\" dir=\"ltr\"><span id=\"yui_3_16_0_ym19_1_1467955126517_3177\"><span id=\"yui_3_16_0_ym19_1_1467955126517_3178\">M\u00e5 du v\u00e6re modtageren af denne \u00c5benbaringens gave og m\u00e5 du v\u00e6re \u00e5ben for at tage imod dens unikke Budskab for dig og for dit liv.<\/span><\/span><\/div>\n<br \/>\n<\/div><\/div><br \/>\n<\/div>\n<div id=\"tabs-2\"><\/p>\n<p><em>NOTE TIL L\u00c6SERNE:<br \/>\nDenne overs\u00e6ttelse blev givet til The Society af en studerende af Det Nye Budskab, der meldte sig frivilligt til at overs\u00e6tte den originale engelske tekst. Vi stiller denne overs\u00e6ttelse til r\u00e5dighed for verden i denne tidlige form, for at give mennesker en mulighed for at engagere sig med en del af Det Nye Budskab p\u00e5 deres eget sprog.<\/em><\/p>\n<p><\/div>\n\t\t\t\t<div align=\"right\">\n\t\t\t<div class=\"fb-like\" data-href=\"\" data-layout=\"button_count\" data-action=\"like\" data-show-faces=\"false\" data-share=\"false\"><\/div>\n\t\t\t<div class=\"fb-share-button\" data-layout=\"button_count\"> <\/div>\n\t\t\t<div class=\"fb_iframe_widget\"><a href=\"https:\/\/twitter.com\/godsnewmessage?ref_src=twsrc%5Etfw\" class=\"twitter-follow-button\" data-show-count=\"false\">Follow @godsnewmessage<\/a><script async src=\"https:\/\/platform.twitter.com\/widgets.js\" charset=\"utf-8\"><\/script><\/div>\n\t\t\t<\/div> <\/div> \n\n<p>Vi m\u00e5 helt fra begyndelsen tale om den kontekst, du lever i, for du m\u00e5 have en kontekst, for at forst\u00e5 din aktivitet og deltagelse her i verden p\u00e5 dette tidspunkt. Folk overser ofte denne f\u00f8rste essentielle forst\u00e5else og fors\u00f8ger at definere deres form\u00e5l, mening og retning, baseret p\u00e5 deres egne \u00f8nsker, interesser og ambitioner. De fors\u00f8ger med andre ord at skabe deres egen kontekst og derefter forst\u00e5 sig selv indenfor denne. Du lever imidlertid ikke i et vakuum, og du er del af et st\u00f8rre liv i verden og i det St\u00f8rre F\u00e6llesskab af verdener, som din verden er en lille del af.<\/p>\n<p>Det er derfor n\u00f8dvendigt, n\u00e5r vi begynder at udforske dette \u2013 at leve Kundskabens Vej \u2013 at illustrere den verden, du lever i \u2013 dens forfatning og dens evolution \u2013 og etablere dette som den kontekst, at forst\u00e5 din deltagelse i her. For her er dit form\u00e5l ikke selvskabt. Det blev givet dig, f\u00f8r du kom. Det blev givet dig af din \u00c5ndelige Familie, hinsides denne verden. S\u00e5 din mission er allerede intakt. De essentielle mennesker, som den involverer, dens essentielle aktiviteter i verden og dens relevans for verden p\u00e5 dette tidspunkt er alt sammen etableret. Det betyder, at du har en sk\u00e6bne i verden. M\u00e5ske har du m\u00e6rket denne sk\u00e6bne \u2013 en fornemmelse af kald, en retningsf\u00f8lelse, m\u00e5ske d\u00e5rligt defineret og uforklarlig, men noget, der har trukket i dig. Du kan m\u00e6rke det. Og m\u00e5ske har du i et \u00f8jebliks sorg, et \u00f8jebliks introspektion eller et \u00f8jeblik med stor n\u00f8gternhed, stillet dig selv et \u00e6rligt sp\u00f8rgsm\u00e5l: &#8220;Hvorfor er jeg her egentlig?&#8221; Dette sp\u00f8rgsm\u00e5l var \u00e6rligt, fordi du i det p\u00e5g\u00e6ldende \u00f8jeblik inds\u00e5, at et hvilket som helst fors\u00f8g p\u00e5 yderligere at definere dit liv baseret p\u00e5 dine interesser eller dine \u00f8nsker, kun ville f\u00f8re dig ned i endnu en blindgyde, uden nogen steder at g\u00e5.<\/p>\n<p>Du er kommet for at tjene verden i dens evolution. Mens du er her er verden din kontekst. Den er ikke din ultimative kontekst, men den er din kontekst, mens du lever dit fysiske liv i verden, som menneske. Se derfor p\u00e5 verden og se p\u00e5, hvad du dybere set er tilb\u00f8jelig til. Se p\u00e5 disse ting sammen, for de har med hinanden at g\u00f8re. Verden kalder p\u00e5 dig, og du kalder p\u00e5 verden, for du har et forhold til verden, selv hvis dette forhold endnu ikke er erkendt. Du er ikke adskilt fra verden. Du er del af verden. Dette er den verden, du er kommet for at tjene, og det er denne verden, der er konteksten, hvori du m\u00e5 erkende dit st\u00f8rre form\u00e5l med livet, et form\u00e5l, som overskrider dine \u00f8nsker og din frygt, dine bekymringer og dine begr\u00e6nsninger.<\/p>\n<p>Din natur er designet til dette form\u00e5l. Du erkender endnu ikke helt dette design. N\u00e5r du erkender dit design, vil du erkende din Designer, og du vil komme til at v\u00e6rds\u00e6tte en st\u00f8rre harmoni, der eksisterer i livet, en harmoni, der endnu ikke er oplevet af dem, der bor her.<\/p>\n<p>Du forst\u00e5r endnu ikke det livets stof, som dit liv er v\u00e6vet ind i. Du er ikke adskilt eller for dig selv. Du er en del af en st\u00f8rre livets mosaik, en st\u00f8rre livets mosaik i denne tid, i denne verden, p\u00e5 dette sted og under disse omst\u00e6ndigheder. Dog er mosaikken under forandring. Lad os derfor ikke forveksle dit liv i verden med dit liv hinsides, for de er forskellige. Hvis du tror, de er ens, vil du undervurdere dit liv hinsides verden, og du vil lave nogle alvorlige fejlfortolkninger af dine evner og af din natur, mens du er her.<\/p>\n<p>Du arbejder i en meget begr\u00e6nset sammenh\u00e6ng. Du har fysiske og mentale begr\u00e6nsninger, mens du er her. Du har oplevet disse begr\u00e6nsninger, m\u00e5ske smertefuldt, men du m\u00e5 forst\u00e5 dem, og du m\u00e5 genkende dem, uden selvford\u00f8mmelse, for du har gr\u00e6nser. Du arbejder gennem din krops begr\u00e6nsede befordringsmiddel og dit sinds begr\u00e6nsede befordringsmiddel. \u00c5nden i dig, som vi kalder Kundskab, m\u00e5 ud\u00f8ve sin visdom, sin velg\u00f8renhed og sit form\u00e5l, gennem disse begr\u00e6nsede midler og gennem de omst\u00e6ndigheder, som du m\u00f8der i hverdagen.<\/p>\n<p>Du blev sendt hertil for at tjene verden. Verden er ikke her for din terapi. Verden er ikke et hospital, hvor man bare kommer sig. Den er imidlertid et sted, hvor du bliver bedre. Den er et sted, hvor du  rehabiliterer. Men herudover blev du sendt for at give noget til verden. Det, du har at give, b\u00e6rer du indeni, som en hemmelig last skjult i dig. Du kan ikke p\u00e5 egen h\u00e5nd f\u00e5 adgang til denne hemmelige last. Den vil afsl\u00f8re sig selv gradvist, idet du f\u00e5r kontakt med de personer, som du er bestemt til at m\u00f8de, og som du deler dit form\u00e5l med. Og den vil afsl\u00f8re sig selv, idet du kommer til at erkende dit forhold til verden, i dettes sande manifestation.<\/p>\n<p>S\u00e5 alle disse ting spiller ind, f\u00f8r dit st\u00f8rre form\u00e5l virkelig kan opleves og fuldtud erkendes. Men hvert trin du tager henad vejen, bringer st\u00f8rre bekr\u00e6ftelse til dig, en st\u00f8rre f\u00f8lelse af, at dit liv har v\u00e6rdi og en st\u00f8rre p\u00e5sk\u00f8nnelse af de mange vidunderlige ting, der finder sted i dette \u00f8jeblik, og som tidligere har fundet sted, som har gjort det muligt for dig at v\u00e6re her. Med denne taknemmelighed begynder du at v\u00e6rds\u00e6tte dit liv fra et andet udsigtspunkt og et andet perspektiv. I stedet for at v\u00e6re en person, der er fortabt i verden, der fors\u00f8ger at se hinsides det begr\u00e6nsede perspektiv, du har, f\u00e5r du et st\u00f8rre udsigtspunkt, hvorfra du ser dit liv flette sig selv i verden, idet du f\u00e5r verdslig erfaring, og idet du f\u00e5r st\u00f8rre erfaring med Kundskab.<\/p>\n<p>Tilsammen giver disse ting Visdom. Kundskab er allerede med dig, men du m\u00e5 udvikle Visdom gennem din oplevelse af at v\u00e6re i verden. Uden Visdom kan din Kundskab ikke udtrykke sig. Du vil ikke have lysten eller evnen til at opleve den og udtrykke den effektivt. Derfor er det, at opn\u00e5 Visdom gennem oplevelse, den anden halvdel af din tr\u00e6ning og forberedelse, med henblik p\u00e5 at l\u00e6re at leve Kundskabens Vej. Dette vil v\u00e6re hovedfokusset i vores arbejde sammen i denne bog.<\/p>\n<p>Du er kommet for at tjene verden. Den verden, som du er kommet for at tjene, er i f\u00e6rd med at dukke op i det St\u00f8rre F\u00e6llesskab af Verdener, det lokale universet omkring jer, der indeholder en stor mangfoldighed af intelligent liv, der interagerer med hinanden. Verdens fremkomst i det St\u00f8rre F\u00e6llesskab repr\u00e6senterer det st\u00f8rste vendepunkt, menneskeheden endnu har m\u00e5ttet se i \u00f8jnene.<br \/>\nFaktisk er det et af de st\u00f8rste vendepunkter, som nogen race kan se i \u00f8jnene. Det er dette store vendepunkt, vi nu forbereder dig p\u00e5. Det er med denne hensigt, at vi har leveret denne bog og alle b\u00f8gerne i New Knowledge Library.<\/p>\n<p>Hvis du ser dit liv i denne st\u00f8rre sammenh\u00e6ng, vil du se dig selv klart. Hvis du udvikler dette perspektiv og denne forst\u00e5else, vil du begynde at kunne skelne din natur \u2013 hvorfor du t\u00e6nker som du t\u00e6nker, hvorfor du f\u00f8ler som du f\u00f8ler, hvorfor du er tilb\u00f8jelig til bestemte ting og hvorfor andre tilb\u00f8jeligheder mangler, hvorfor du har bestemte interesser og f\u00f8lsomheder, og hvorfor du mangler andre, som forekommer at v\u00e6re \u00e5benlyse i andre mennesker. Hvert aspekt af din natur har en st\u00f8rre anvendelse, men du m\u00e5 forst\u00e5 den kontekst, hvori denne anvendelse giver mening, ellers vil du ikke forst\u00e5 din natur eller dit form\u00e5l med at v\u00e6re i verden p\u00e5 dette tidspunkt.<\/p>\n<p>Beviset p\u00e5 denne mangel p\u00e5 forst\u00e5else er overalt omkring dig. Den er indlysende i verden i dag.<br \/>\nDet, at pr\u00f8ve at leve uden form\u00e5l, mening og retning, har givet anledning til alle de flugter og meningsl\u00f8se forf\u00f8lgelser, der optager, bringer i fare og skader mennesker overalt omkring dig. Det har du selv oplevet i dit liv.<\/p>\n<p>Verdens fremkomst i det St\u00f8rre F\u00e6llesskab vil \u00e6ndre og udfordre alle menneskehedens grundl\u00e6ggende id\u00e9er. Den vil give menneskeheden dens st\u00f8rste mulighed for at g\u00f8re fremskridt og v\u00e6re dens st\u00f8rste udfordring for dens overlevelse. Den vil true jeres selvbestemmelse som race, og den vil s\u00e6tte sp\u00f8rgsm\u00e5lstegn ved jeres k\u00e6reste idealer og overbevisninger. Alligevel vil den give jer grundlaget for at forene den menneskelige race, et grundlag, der ville mangle, uden denne st\u00f8rre sammenh\u00e6ng. Den vil give jer opmuntringen og, faktisk, det n\u00f8dvendige i, at I slutter jer sammen, med en dybere forst\u00e5else, fordi I alle er deltagere i verden, og I alle er sendt hertil, for at st\u00f8tte verdens fremkomst i det St\u00f8rre F\u00e6llesskab. Uanset hvilken vej og uanset, hvilken vej du er bestemt til at deltage i, tjener du din races st\u00f8rre evolution. Alt det, du bringer til menneskeheden, bringer du med dette form\u00e5l.<\/p>\n<p>Du m\u00e5 komme til livet. Livet venter p\u00e5 dig. Du m\u00e5 komme til verden, fordi verden har brug for dig. Verden har brug for de gaver, du har bragt med dig, og du er n\u00f8dt til at give disse gaver, for at erkende din v\u00e6rdi og dit form\u00e5l her. Der er ingen anden m\u00e5de at komme overens med dit livs mods\u00e6tninger, med din personlighed og dine relationer. Planterne og dyrene omkring dig demonstrerer et integreret liv, men menneskeheden har endnu ikke opn\u00e5et denne evne. Det, vi taler om, er noget helt naturligt og integreret i dig og i din natur og i dit design.<\/p>\n<p>Der er det, der er essentielt, og det, der er ikke-essentielt. Hvis du vil m\u00e6rke, at dit liv er essentielt, m\u00e5 du fokusere p\u00e5 de ting, der er essentielle for dig og for verden omkring dig. Du har en plads her i verden, men du m\u00e5 forst\u00e5 stedet for at forst\u00e5 rollen. Og du m\u00e5 forst\u00e5 rollen for at forst\u00e5 stedet.<br \/>\nHer bringer vi dig ind i livets st\u00f8rre panorama i verden og i livet i det St\u00f8rre F\u00e6llesskab.<br \/>\nMenneskeheden st\u00e5r nu ved en stor t\u00e6rskel, med hensyn til at indse, at den ikke l\u00e6ngere er alene i universet eller faktisk i sin egen verden, for St\u00f8rre F\u00e6llesskabs kr\u00e6fter er i verden i dag.<\/p>\n<p>N\u00e5r vi taler om verdens fremkomst i det St\u00f8rre F\u00e6llesskab, taler vi ikke om en fremtidig begivenhed eller mulighed. Vi taler om verdens tilstand i dag. Der er divergerende kr\u00e6fter fra det St\u00f8rre F\u00e6llesskab i verden i dag. De fleste af dem s\u00f8ger herred\u00f8mme eller kontrol her. De er ikke onde. De ud\u00f8ver simpelthen deres egne interesser. Nogle af dem er modstandere, og andre er potentielle modstandere. Mens andre kan blive venner. Udfaldet er i jeres h\u00e6nder og i deres h\u00e6nder, men uden din rolle p\u00e5 det niveau, du end er bestemt til at deltage i, vil du ikke kunne afg\u00f8re resultatet.<\/p>\n<p>Selv uden det St\u00f8rre F\u00e6llesskabs tilstedev\u00e6relse i verden, ville de voksende problemer i verden, som er af global karakter, kr\u00e6ve en forening og et samarbejde, som menneskeheden aldrig har etableret f\u00f8r. Hvad vil v\u00e6re grundlaget for dette, udover et f\u00e6lles behov, en f\u00e6lles bevidsthed og en vilje til at give afkald p\u00e5 \u00e6ldgamle fjendskaber og splittelser, en vilje til at forenes, for at im\u00f8dekomme et st\u00f8rre behov. N\u00f8dvendighed driver forandring i menneskets liv, s\u00e5vel som i naturen, overalt omkring dig. Alt det, der sker i naturen, er n\u00f8dvendigt.<\/p>\n<p>N\u00e5r du m\u00e6rker denne n\u00f8dvendighed, hvilket er noget, som de fleste mennesker undg\u00e5r, vil dine beslutninger blive meget klarere, og du vil kunne undslippe ambivalensens frygtelige forbandelse, der driver folk p\u00e5 flugt og neutraliserer deres st\u00f8rre motivationer og tilb\u00f8jeligheder.<\/p>\n<p>Der er brug for dig i verden, s\u00e5 hvordan kan du finde den v\u00e6rdi, du har, eller det, du skal g\u00f8re? Du m\u00e5 s\u00f8ge efter det, men ikke kun i dig selv. Kundskabens Vej forbereder dig ikke p\u00e5 at forlade verden. Den forbereder dig p\u00e5 at v\u00e6re i verden, for det er hertil, du er sendt. Det er her, du har valgt at komme. Og der er gjort en stor indsats p\u00e5 dine vegne, for at g\u00f8re dig i stand til at v\u00e6re her og udvikle dig her. Du aner ikke, hvor meget der er gjort, for at g\u00f8re dig i stand til at have denne mulighed for at give.<\/p>\n<p>For at f\u00e5 en st\u00f8rre oplevelse, for at f\u00f8le st\u00f8rre mening og for at finde et st\u00f8rre form\u00e5l, m\u00e5 du tr\u00e6de ud af dit sind, ud af dit eget perspektivs gr\u00e6nser og gen-engagere dig i livet. Det er dette, det vil sige, at leve Kundskabens Vej. Kundskabens Vej bringer dig til det, der er kendt og essentielt. Den g\u00f8r alt andet un\u00f8dvendigt for din lykke. S\u00e5ledes bringer den enkelhed, fokus og kraft til dig, der har brug for disse ting nu, for at finde vej i en verden, der er mere og mere kompliceret, forvirret og invalideret, b\u00e5de som resultat af dens tidligere oplevelser og som resultat af dens Mentale Milj\u00f8s ambivalens og forvirring.<\/p>\n<p>Som elev af Trin til Kundskab l\u00e6rer du at udnytte alting for det gode, uden at skulle give alting et godt motiv eller en god hensigt. Du accepterer med andre ord fejl som fejl. Du accepterer forvirring som forvirring. Du accepterer fiasko som fiasko. Du accepterer succes som succes. Du fors\u00f8ger at bruge alt for det gode, for alt kan bruges til at udvikle Visdom, vished og evner, hvis det ses og bruges korrekt. Du har ikke brug for, og du b\u00f8r faktisk ikke tildele en Guddommelig motivation og hensigt til alt, hvad der sker med dig, for verden er ikke styret af Skaberen.<\/p>\n<p>Verden er sat i bev\u00e6gelse. Det er et stort netv\u00e6rk af interaktioner, b\u00e5de i det fysiske og i det Mentale Milj\u00f8, du lever i. Skaberen har givet dig, hvad du har brug for, for at bidrage til den tilstand og til den virkelighed, du lever i. Dette er begavelsen. Alt kan ske for dig, mens du er her. Dog vil Kundskab beskytte dig, hvis du kan reagere p\u00e5 den. Kundskab vil lede dig til de rigtige mennesker og vil langsomt og omhyggeligt udvikle den rigtige forst\u00e5else, hvis du er t\u00e5lmodig, vedholdende og har en \u00e6rlig tilgang.<\/p>\n<p>For at begynde at forst\u00e5 din natur, dit form\u00e5l og din mission i livet, m\u00e5 du begynde med en kontekst, som er verden og verdens fremkomst i det St\u00f8rre F\u00e6llesskab. Du lever i en opdukkende verden. Lad din forst\u00e5else af dette v\u00e6re ufuldst\u00e6ndig, men hold \u00f8jne og \u00f8rer \u00e5bne. Hold dit sind friskt. Stil dig ikke tilfreds med gamle id\u00e9er eller komfortable konklusioner.<\/p>\n<p>Kom til selve livets rand. Se p\u00e5 verden. Den er ved at dukke op i det St\u00f8rre F\u00e6llesskab. Dette kan du endnu ikke se. Men indeni dig er det kendt. Kundskab anerkender verdens gang og den retning, livets udvikling har, for den reagerer p\u00e5 livet p\u00e5 et meget grundl\u00e6ggende niveau. Den ved, hvad der er essentielt, og den lader sig ikke narre eller manipulere af noget andet.<\/p>\n<p>Dit form\u00e5l, mening og retning har brug for en kontekst. Konteksten er overalt omkring dig. Des st\u00f8rre dit udsigtspunkt er med hensyn til at se dette, desto mere vil du se, og desto mere vil du se, hvordan alt er relateret til alt andet. Dette kr\u00e6ver ingen kompliceret filosofi, ej heller en hel del spekulationer fra din side, for dette er en oplevelse.<\/p>\n<p>Du er kommet til en opdukkende verden. Dit liv vil v\u00e6re anderledes end dine forf\u00e6dres og endda anderledes end dine for\u00e6ldres. De spillede deres rolle, med hensyn til at bringe verden til denne store t\u00e6rskel. Du og dine b\u00f8rn vil ogs\u00e5 v\u00e6re en del af denne t\u00e6rskel. For du lever dit liv, ikke kun for at opfylde dit form\u00e5l, hvis det kan findes, men ogs\u00e5 for at give andre denne mulighed i fremtiden. S\u00e5dan bygger menneskeheden p\u00e5 sig selv. S\u00e5dan genskabes muligheder. S\u00e5dan holdes Kundskab i live i verden.<\/p>\n<p>Kundskabens Vej vil f\u00f8re dig hinsides tro til ren oplevelse. Den vil tage dig hinsides antagelser til direkte erkendelse. Den vil tage dig hinsides for tidlige relationer baseret p\u00e5 fantasi eller lyst, til relationer baseret p\u00e5 genkendelse, Kundskab og form\u00e5l. Den vil skabe en vitalitet i dig, som er grundlaget for dit helbred. Og den vil forberede dig og g\u00f8re dig i stand til at udvikle dit livs Fire S\u00f8jler.<\/p>\n","protected":false},"excerpt":{"rendered":"<p>Vi m\u00e5 helt fra begyndelsen tale om den kontekst, du lever i, for du m\u00e5 have en kontekst, for at forst\u00e5 din aktivitet og deltagelse her i verden p\u00e5 dette tidspunkt. Folk overser ofte denne f\u00f8rste essentielle forst\u00e5else og fors\u00f8ger at definere deres form\u00e5l, mening og retning, baseret p\u00e5 deres egne \u00f8nsker, interesser og ambitioner. De fors\u00f8ger med andre ord at skabe deres egen kontekst og derefter forst\u00e5 sig selv indenfor denne. Du lever imidlertid ikke i et vakuum, og du er del af et st\u00f8rre liv i verden og i det St\u00f8rre F\u00e6llesskab af verdener, som din verden er en lille del af.<\/p>\n<p>Det er derfor n\u00f8dvendigt, n\u00e5r vi begynder at udforske dette \u2013 at leve Kundskabens Vej \u2013 at illustrere den verden, du lever i \u2013 dens forfatning og dens evolution \u2013 og etablere dette som den kontekst, at forst\u00e5 din deltagelse i her. For her er dit form\u00e5l ikke selvskabt. Det blev givet dig, f\u00f8r du kom. Det blev givet dig af din \u00c5ndelige Familie, hinsides denne verden. S\u00e5 din mission er allerede intakt. De essentielle mennesker, som den involverer, dens essentielle aktiviteter i verden og dens relevans for verden p\u00e5 dette tidspunkt er alt sammen etableret. Det betyder, at du har en sk\u00e6bne i verden. M\u00e5ske har du m\u00e6rket denne sk\u00e6bne \u2013 en fornemmelse af kald, en retningsf\u00f8lelse, m\u00e5ske d\u00e5rligt defineret og uforklarlig, men noget, der har trukket i dig. Du kan m\u00e6rke det. Og m\u00e5ske har du i et \u00f8jebliks sorg, et \u00f8jebliks introspektion eller et \u00f8jeblik med stor n\u00f8gternhed, stillet dig selv et \u00e6rligt sp\u00f8rgsm\u00e5l: &#8220;Hvorfor er jeg her egentlig?&#8221; Dette sp\u00f8rgsm\u00e5l var \u00e6rligt, fordi du i det p\u00e5g\u00e6ldende \u00f8jeblik inds\u00e5, at et hvilket som helst fors\u00f8g p\u00e5 yderligere at definere dit liv baseret p\u00e5 dine interesser eller dine \u00f8nsker, kun ville f\u00f8re dig ned i endnu en blindgyde, uden nogen steder at g\u00e5.<\/p>\n<p>Du er kommet for at tjene verden i dens evolution. Mens du er her er verden din kontekst. Den er ikke din ultimative kontekst, men den er din kontekst, mens du lever dit fysiske liv i verden, som menneske. Se derfor p\u00e5 verden og se p\u00e5, hvad du dybere set er tilb\u00f8jelig til. Se p\u00e5 disse ting sammen, for de har med hinanden at g\u00f8re. Verden kalder p\u00e5 dig, og du kalder p\u00e5 verden, for du har et forhold til verden, selv hvis dette forhold endnu ikke er erkendt. Du er ikke adskilt fra verden. Du er del af verden. Dette er den verden, du er kommet for at tjene, og det er denne verden, der er konteksten, hvori du m\u00e5 erkende dit st\u00f8rre form\u00e5l med livet, et form\u00e5l, som overskrider dine \u00f8nsker og din frygt, dine bekymringer og dine begr\u00e6nsninger.<\/p>\n","protected":false},"author":77,"featured_media":0,"parent":28017,"menu_order":1,"comment_status":"closed","ping_status":"closed","template":"template-leftsidebar.php","meta":{"_monsterinsights_skip_tracking":false,"_monsterinsights_sitenote_active":false,"_monsterinsights_sitenote_note":"","_monsterinsights_sitenote_category":0,"footnotes":""},"categories":[76,289,470],"tags":[710],"_links":{"self":[{"href":"https:\/\/www.v6.newmessage.org\/da\/wp-json\/wp\/v2\/pages\/28042"}],"collection":[{"href":"https:\/\/www.v6.newmessage.org\/da\/wp-json\/wp\/v2\/pages"}],"about":[{"href":"https:\/\/www.v6.newmessage.org\/da\/wp-json\/wp\/v2\/types\/page"}],"author":[{"embeddable":true,"href":"https:\/\/www.v6.newmessage.org\/da\/wp-json\/wp\/v2\/users\/77"}],"replies":[{"embeddable":true,"href":"https:\/\/www.v6.newmessage.org\/da\/wp-json\/wp\/v2\/comments?post=28042"}],"version-history":[{"count":3,"href":"https:\/\/www.v6.newmessage.org\/da\/wp-json\/wp\/v2\/pages\/28042\/revisions"}],"predecessor-version":[{"id":28045,"href":"https:\/\/www.v6.newmessage.org\/da\/wp-json\/wp\/v2\/pages\/28042\/revisions\/28045"}],"up":[{"embeddable":true,"href":"https:\/\/www.v6.newmessage.org\/da\/wp-json\/wp\/v2\/pages\/28017"}],"wp:attachment":[{"href":"https:\/\/www.v6.newmessage.org\/da\/wp-json\/wp\/v2\/media?parent=28042"}],"wp:term":[{"taxonomy":"category","embeddable":true,"href":"https:\/\/www.v6.newmessage.org\/da\/wp-json\/wp\/v2\/categories?post=28042"},{"taxonomy":"post_tag","embeddable":true,"href":"https:\/\/www.v6.newmessage.org\/da\/wp-json\/wp\/v2\/tags?post=28042"}],"curies":[{"name":"wp","href":"https:\/\/api.w.org\/{rel}","templated":true}]}}