{"id":28032,"date":"2023-12-05T02:05:17","date_gmt":"2023-12-05T02:05:17","guid":{"rendered":"https:\/\/www.newmessage.org\/da\/?page_id=28032"},"modified":"2023-12-05T02:05:36","modified_gmt":"2023-12-05T02:05:36","slug":"du-er-her-for-et-storre-formal","status":"publish","type":"page","link":"https:\/\/www.v6.newmessage.org\/da\/budskabet\/bind-1\/rejsen-til-et-nyt-liv\/du-er-her-for-et-storre-formal\/","title":{"rendered":"Du Er Her for et St\u00f8rre Form\u00e5l"},"content":{"rendered":"<div><!-- Version 3.2 Verse --><\/div>\n\n<div class=\"tabgroup \"><ul class=\"tabs\"><li><a href=\"#tabs-1\">\u00c5benbaring<\/a><\/li><\/ul>\n <div id=\"tabs-1\"><\/p>\n<p>H\u00f8r den oprindelige version af \u00c5benbaringen p\u00e5 engelsk:<\/p>\n<div id=\"jquery_jplayer_1\" class=\"jp-jplayer\"><\/div>\n\t\t\t\t<div id=\"jp_container_1\" class=\"jp-audio\">\n\t\t\t\t<div class=\"jp-type-single\"><div class=\"jp-control\"><a href=\"javascript:;\" class=\"jp-play\" tabindex=\"1\">play<\/a><a href=\"javascript:;\" class=\"jp-pause\" tabindex=\"1\">pause<\/a><\/div> <div class=\"jp-gui jp-interface\"><div class=\"jp-volume\"><div class=\"jp-volume-bar\"><div class=\"jp-volume-bar-value\"><\/div><\/div><\/div><div class=\"jp-progress\"><div class=\"jp-seek-bar\"><div class=\"jp-play-bar\"><\/div><\/div><\/div><\/div>\t\t\t\t\t<div class=\"jp-no-solution\"><span>Update Required<\/span>To play the media you will need to either update your browser to a recent version or update your <a href=\"http:\/\/get.adobe.com\/flashplayer\/\" target=\"_blank\">Flash plugin<\/a>.<\/div><\/div><\/div>\n\t\t\t<script type='text\/javascript'>\n\t\t\t\tjQuery(document).ready(function() {\n\t\t\t\t\tif (typeof (sermonMedia) == 'function') {\n\t\t\t\t\t\tsermonMedia.addAudio('', \"jquery_jplayer_1\");\n\t\t\t\t\t}\n\t\t\t\t\tjQuery.jPlayer.timeFormat.showHour = true;\n\t\t\t\t\tjQuery(\"#jquery_jplayer_1\").jPlayer({\n\t\t\t\t\t\tready: function(event) {\n\t\t\t\t\t\t\tjQuery(this).jPlayer(\"setMedia\", {mp3: 'https:\/\/newmessage.org\/av\/you-are-here-for-a-greater-purpose.mp3'});\n\t\t\t\t\t\t},\n\t\t\t\t\t\tplay: function() {\n\t\t\t\t\t\t\tjQuery(this).jPlayer(\"pauseOthers\");\n\t\t\t\t\t\t},\n\t\t\t\t\t\tswfPath: ThemeData.directory_uri+\"\/swf\",\n\t\t\t\t\t\tsolution: \"html, flash\",\n\t\t\t\t\t\tpreload: \"metadata\",\n\t\t\t\t\t\twmode: \"window\",\n\t\t\t\t\t\tsupplied: \"mp3\",\n\t\t\t\t\t\tcssSelectorAncestor: '#jp_container_1'\n\t\t\t\t\t});\n\t\t\t\t});\n\t\t\t<\/script><\/p>\n<p class=\"revelation-details\"><a title=\"You Are Here for a Greater Purpose\" href=\"https:\/\/www.newmessage.org\/wp-content\/uploads\/2019\/04\/JNL-14-You-are-Here-for-a-Greater-Purpose.jpeg\"><img loading=\"lazy\" decoding=\"async\" class=\"imgborder aligncenter wp-image-39167 size-medium\" src=\"https:\/\/www.newmessage.org\/wp-content\/uploads\/2019\/04\/JNL-14-You-are-Here-for-a-Greater-Purpose-300x157.jpeg\" alt=\"You Are Here To Make a Unique Contribution\" width=\"300\" height=\"157\"><\/a><\/p>\n<p class=\"revelation_details\"><em>Som \u00e5benbaret for Guds Budbringer<br \/>\nMarshall Vian Summers<br \/>\nden 18. august, 2008<br \/>\ni Boulder, CO <\/em><\/p>\n<div class=\"toggle toggle-white\"><h4 class=\"trigger \"><span class=\"t_ico\"><\/span><a href=\"#\">Om denne optagelse<\/a><\/h4><div class=\"toggle_container \"><br \/>\n<div id=\"yui_3_16_0_ym19_1_1467955126517_3327\" dir=\"ltr\"><span id=\"yui_3_16_0_ym19_1_1467955126517_3177\"><span id=\"yui_3_16_0_ym19_1_1467955126517_3178\">D\u00e9t, du h\u00f8rer i denne lydoptagelse er Den Englelige Forsamlings stemme, der taler gennem Budbringeren, Marshall Vian Summers<br \/>\n<\/span><\/span><\/div>\n<div dir=\"ltr\"><span id=\"yui_3_16_0_ym19_1_1467955126517_3177\"><span id=\"yui_3_16_0_ym19_1_1467955126517_3178\">\u00a0<\/span><\/span><\/div>\n<div id=\"yui_3_16_0_ym19_1_1467955126517_3359\" dir=\"ltr\"><span id=\"yui_3_16_0_ym19_1_1467955126517_3177\"><span id=\"yui_3_16_0_ym19_1_1467955126517_3178\"> Her er den oprindelige kommunikation fra Gud, der eksisterer hinsides ord, oversat til menneskeligt sprog og forst\u00e5else af Den Englelige Forsamling, der f\u00f8rer tilsyn med verden. Forsamlingen leverer derefter Guds Budskab gennem Budbringeren.<br \/>\n<\/span><\/span><\/div>\n<div id=\"yui_3_16_0_ym19_1_1467955126517_3369\" dir=\"ltr\"><span id=\"yui_3_16_0_ym19_1_1467955126517_3177\"><span id=\"yui_3_16_0_ym19_1_1467955126517_3178\">\u00a0<\/span><\/span><\/div>\n<div id=\"yui_3_16_0_ym19_1_1467955126517_3370\" dir=\"ltr\"><span id=\"yui_3_16_0_ym19_1_1467955126517_3177\"><span id=\"yui_3_16_0_ym19_1_1467955126517_3178\">I dette bem\u00e6rkelsesv\u00e6rdige forl\u00f8b, taler \u00c5benbaringens Stemme p\u00e5 ny. Ordet og Lyden er i verden. For f\u00f8rste gang i historien, er den oprindelige talte \u00e5benbaring tilg\u00e6ngelig for dig og for verden at opleve.<br \/>\n<\/span><\/span><\/div>\n<div id=\"yui_3_16_0_ym19_1_1467955126517_3436\" dir=\"ltr\"><span id=\"yui_3_16_0_ym19_1_1467955126517_3177\"><span id=\"yui_3_16_0_ym19_1_1467955126517_3178\">\u00a0<\/span><\/span><\/div>\n<div id=\"yui_3_16_0_ym19_1_1467955126517_3435\" dir=\"ltr\"><span id=\"yui_3_16_0_ym19_1_1467955126517_3177\"><span id=\"yui_3_16_0_ym19_1_1467955126517_3178\">M\u00e5 du v\u00e6re modtageren af denne \u00c5benbaringens gave og m\u00e5 du v\u00e6re \u00e5ben for at tage imod dens unikke Budskab for dig og for dit liv.<\/span><\/span><\/div>\n<br \/>\n<\/div><\/div><br \/>\n<\/div>\n\t\t\t\t<div align=\"right\">\n\t\t\t<div class=\"fb-like\" data-href=\"\" data-layout=\"button_count\" data-action=\"like\" data-show-faces=\"false\" data-share=\"false\"><\/div>\n\t\t\t<div class=\"fb-share-button\" data-layout=\"button_count\"> <\/div>\n\t\t\t<div class=\"fb_iframe_widget\"><a href=\"https:\/\/twitter.com\/godsnewmessage?ref_src=twsrc%5Etfw\" class=\"twitter-follow-button\" data-show-count=\"false\">Follow @godsnewmessage<\/a><script async src=\"https:\/\/platform.twitter.com\/widgets.js\" charset=\"utf-8\"><\/script><\/div>\n\t\t\t<\/div> <\/div> \n\n<p>Du blev sendt til verden for at yde et unikt bidrag til en verden i n\u00f8d. Du er kommet p\u00e5 et tidspunkt med store forandringer og vanskeligheder for den menneskelige familie, en tid hvor menneskeheden bliver n\u00f8dt til at konfronteres med Store B\u00f8lger af forandring, der kommer til verden, som alle konvergerer p\u00e5 dette tidspunkt.<\/p>\n<p>Du er kommet p\u00e5 en tid, hvor menneskeheden m\u00f8der racer fra hinsides verden, som er her for at drage fordel af en svag og splittet menneskehed. Du er her for at m\u00f8de og tage dig af en r\u00e6kke omst\u00e6ndigheder, som dine forf\u00e6dre aldrig har m\u00e5ttet overveje.<\/p>\n<p>Du er kommet med en st\u00f8rre Kundskab og en st\u00f8rre kraft, som Gud har lagt i dig, for at blive opdaget p\u00e5 dette tidspunkt, for at komme frem p\u00e5 dette tidspunkt \u2013 i denne store tid, med usikkerhed og omv\u00e6ltning.<\/p>\n<p>Mens du har et personligt sind, der er betinget af verden, som er fuld af h\u00e5b og frygt, domme og overvejelser, har du en dybere Intelligens i dig, som Gud har lagt der. Denne Intelligens kaldes Kundskab.<\/p>\n<p>Den t\u00e6nker ikke som dit personlige sind. Den d\u00f8mmer ikke. Den dr\u00f8fter ikke. Den sammenligner og kontrasterer ikke. Den bruger ikke fornuft og logik, for den er langt st\u00e6rkere end det. Folk oplever den i glimt af intuition, men i sig selv er den st\u00f8rre end intuition.<\/p>\n<p>Gud vidste, at du ville f\u00e5 brug for Kundskabens kraft til at v\u00e6re i verden, is\u00e6r p\u00e5 dette tidspunkt. Og alle, der er i verden, har denne Kundskab i sig, som venter p\u00e5 at blive opdaget. Men det er en opdagelse, som kun meget f\u00e5 har gjort. Og det er vigtigt i disse sv\u00e6re tider, at mange mennesker g\u00f8r denne opdagelse, at du g\u00f8r denne opdagelse.<\/p>\n<p>Du b\u00e6rer ubevidst en stor styrke. Uanset hvad du er optaget af, eller de problemer og bekymringer du har at g\u00f8re med i dette \u00f8jeblik, blev du sendt til verden for at yde et unikt bidrag. Du ved endnu ikke, hvad dette bidrag er, men du har fingerpeg. For i dit liv har der v\u00e6ret indikatorer og tegn og m\u00e5ske en voksende fornemmelse af, at du er her for noget vigtigt, som du endnu ikke har set, hvad er.<\/p>\n<p>Erkendelsen af, hvad det er, vil komme, n\u00e5r du tager trin i retning af Kundskab, n\u00e5r du gen-forbinder dig med denne dybere Intelligens i dig, som repr\u00e6senterer din spiritualitets kerne og den permanente og sande natur i dig, som Gud har skabt.<\/p>\n<p>Den er der, uanset om du er religi\u00f8s eller ej, uanset om du holder fast ved en trostradition eller ej &#8211; uanset hvilket land du kommer fra, uanset hvilken kultur eller familie eller landsby du kommer fra, uanset din \u00f8konomiske status, b\u00e6rer du Kundskabens kraft i dig, der venter p\u00e5 at blive opdaget.<\/p>\n<p>Nu er denne Kundskab n\u00f8dvendig i verden, for menneskeheden vil have brug for st\u00f8rre styrke og st\u00f8rre engagement, til at navigere i de vanskelige tider forude. Menneskeheden vil have brug for en dybere inspiration, til at overvinde den alvorlige angst og frygt og fjendtlighed, der vil komme frem i disse urolige tider.<\/p>\n<p>Gud har givet dig denne styrke til at se og kende sandheden, hinsides enhver fremtr\u00e6den. Men for at se og kende denne, m\u00e5 du se hinsides dine domme og din ford\u00f8mmelse. Du m\u00e5 opgive din undg\u00e5else og forn\u00e6gtelse og m\u00f8de en foranderlig verden, med s\u00e5 meget mod og objektivitet, som du kan m\u00f8nstre.<\/p>\n<p>Dit liv er vigtigere end du erkender. Og den tid, du lever i, er mere afg\u00f8rende end du m\u00e5ske indser. Hvis du viger tilbage fra dette, viger du tilbage fra din sande natur og dit sande form\u00e5l med at v\u00e6re her.<\/p>\n<p>Det er ikke et uheld, at du er kommet p\u00e5 dette tidspunkt \u2013 en tid med tiltagende turbulens og uvished; en tid, hvor menneskeheden bliver n\u00f8dt til at st\u00e5 overfor store vanskeligheder med jeres milj\u00f8, jeres politik og religion; store vanskeligheder med at sikre de grundl\u00e6ggende ressourcer, der er n\u00f8dvendige for at folk kan leve et stabilt og sikkert liv.<\/p>\n<p>Hinsides dine politiske synspunkter og dine holdninger, er der for dig evnen til at se klart. Men du m\u00e5 g\u00f8re dit syn klart. Du m\u00e5 tilsides\u00e6tte dine id\u00e9er og antagelser, for at have denne klarhed og se med denne styrke.<\/p>\n<p>Kundskab i dig vil afsl\u00f8re, hvad du m\u00e5 se, vide og g\u00f8re. Den vil afholde dig fra at beg\u00e5 fejl, og fra at give dit liv v\u00e6k, til mennesker eller ting eller steder, der ikke har noget reelt form\u00e5l eller nogen reel mening for dit liv. Og den vil opmuntre dig til at finde de personer, der kan genkende din dybere natur, og som vil v\u00e6re en del af dit st\u00f8rre form\u00e5l i verden.<\/p>\n<p>Din opgave er nu at opdage kraften og n\u00e6rv\u00e6ret af Kundskab i dit liv og begynde at m\u00f8de verden med klarhed og n\u00f8gternhed, styrke og mod. Du ved ikke, hvad du specifikt er her for at g\u00f8re, men du ved, at du er her for at g\u00f8re noget vigtigt. Og det er nok til at tage dig til n\u00e6ste trin, der vil give st\u00f8rre klarhed og frihed til dit liv.<\/p>\n<p>Dette er en mystisk rejse. Du kan ikke regne den ud. Vejen gives dig, trin for trin, idet du forts\u00e6tter, idet du viser st\u00f8rre styrke og mod og selvtillid.<\/p>\n<p>Du kan tvivle p\u00e5 dig selv, men n\u00e5r f\u00f8rst du oplever Kundskab i dig, vil du se, at den er din tillid og hengivenhed v\u00e6rdig. Den er hinsides din personlighed. Den er en kraft, som du deler med alle andre, der er kommet her p\u00e5 dette tidspunkt. Og Kundskab er her for at bidrage til en verden i n\u00f8d og til at opfylde dig p\u00e5 det dybeste plan.<\/p>\n<p>Dette er den kraft og det n\u00e6rv\u00e6r, som du b\u00e6rer i dig. Og Budskabet er sendt fra Gud til verden, for at afsl\u00f8re denne kraft og dette n\u00e6rv\u00e6r og for at give Trin til Kundskab, s\u00e5 du kan finde og opdage din sande styrke og dit sande form\u00e5l og retning, med s\u00e5 lidt tab af tid som muligt.<\/p>\n<p>Dette er Guds store velsignelse og begavelse. Den afventer dig i dig selv og hinsides dig selv. Du vil resonere med den, n\u00e5r f\u00f8rst du ser den og kender den og oplever den, for den repr\u00e6senterer den dybeste sandhed om dit liv.<\/p>\n<p>&nbsp;<\/p>\n","protected":false},"excerpt":{"rendered":"<p>Du blev sendt til verden for at yde et unikt bidrag til en verden i n\u00f8d. Du er kommet p\u00e5 et tidspunkt med store forandringer og vanskeligheder for den menneskelige familie, en tid hvor menneskeheden bliver n\u00f8dt til at konfronteres med Store B\u00f8lger af forandring, der kommer til verden, som alle konvergerer p\u00e5 dette tidspunkt.\u2026 <a class=\"read-more\" href=\"https:\/\/www.v6.newmessage.org\/da\/about-recording-shortcode\/\"><span>Read More<\/span><\/a><\/p>\n","protected":false},"author":77,"featured_media":0,"parent":27026,"menu_order":14,"comment_status":"closed","ping_status":"closed","template":"template-leftsidebar.php","meta":{"_monsterinsights_skip_tracking":false,"_monsterinsights_sitenote_active":false,"_monsterinsights_sitenote_note":"","_monsterinsights_sitenote_category":0,"footnotes":""},"categories":[76,462,460],"tags":[709],"_links":{"self":[{"href":"https:\/\/www.v6.newmessage.org\/da\/wp-json\/wp\/v2\/pages\/28032"}],"collection":[{"href":"https:\/\/www.v6.newmessage.org\/da\/wp-json\/wp\/v2\/pages"}],"about":[{"href":"https:\/\/www.v6.newmessage.org\/da\/wp-json\/wp\/v2\/types\/page"}],"author":[{"embeddable":true,"href":"https:\/\/www.v6.newmessage.org\/da\/wp-json\/wp\/v2\/users\/77"}],"replies":[{"embeddable":true,"href":"https:\/\/www.v6.newmessage.org\/da\/wp-json\/wp\/v2\/comments?post=28032"}],"version-history":[{"count":2,"href":"https:\/\/www.v6.newmessage.org\/da\/wp-json\/wp\/v2\/pages\/28032\/revisions"}],"predecessor-version":[{"id":28034,"href":"https:\/\/www.v6.newmessage.org\/da\/wp-json\/wp\/v2\/pages\/28032\/revisions\/28034"}],"up":[{"embeddable":true,"href":"https:\/\/www.v6.newmessage.org\/da\/wp-json\/wp\/v2\/pages\/27026"}],"wp:attachment":[{"href":"https:\/\/www.v6.newmessage.org\/da\/wp-json\/wp\/v2\/media?parent=28032"}],"wp:term":[{"taxonomy":"category","embeddable":true,"href":"https:\/\/www.v6.newmessage.org\/da\/wp-json\/wp\/v2\/categories?post=28032"},{"taxonomy":"post_tag","embeddable":true,"href":"https:\/\/www.v6.newmessage.org\/da\/wp-json\/wp\/v2\/tags?post=28032"}],"curies":[{"name":"wp","href":"https:\/\/api.w.org\/{rel}","templated":true}]}}