{"id":28017,"date":"2023-12-05T01:44:40","date_gmt":"2023-12-05T01:44:40","guid":{"rendered":"https:\/\/www.newmessage.org\/da\/?page_id=28017"},"modified":"2024-01-22T23:43:17","modified_gmt":"2024-01-22T23:43:17","slug":"at-leve-kundskabens-vej","status":"publish","type":"page","link":"https:\/\/www.v6.newmessage.org\/da\/budskabet\/bind-3\/at-leve-kundskabens-vej\/","title":{"rendered":"At Leve Kundskabens Vej"},"content":{"rendered":"<p><em><img loading=\"lazy\" decoding=\"async\" class=\"imgborder alignright wp-image-17779\" src=\"\/da\/wp-content\/uploads\/sites\/43\/2023\/12\/LTW-book-cover.jpg\" alt=\"Living the Way of Knowledge\" width=\"200\" height=\"308\">At Leve Kundskabens Vej<\/em> er det Nye Budskabs L\u00e6re, om hvordan man bringer Kundskabens n\u00e5de, vejledning og kraft ind i sit livs Fire S\u00f8jler: Relationens S\u00f8jle, Arbejdets S\u00f8jle, Helbredets S\u00f8jle og den \u00c5ndelige Udviklings S\u00f8jle. Ligesom de fire ben p\u00e5 et bord, giver disse Fire S\u00f8jler det stabile grundlag for at opbygge et st\u00f8rre liv i en ustabil og usikker verden.<\/p>\n<p><em>At Leve Kundskabens Vej<\/em> pr\u00e6senterer en af de store \u00f8velser, med henblik p\u00e5 at l\u00e6re at leve det Nye Budskab fra Gud. Ved at bygge sit livs Fire S\u00f8jler, udvikler man et sandt fundament og en st\u00f8rre vished, stabilitet og retning i sin oplevelse.<\/p>\n<p>Det er den store visdom i At Leve Kundskabens Vej, der vil s\u00f8rge for den daglige indsigt, der er n\u00f8dvendig, n\u00e5r man passerer de store t\u00e6rskler p\u00e5 rejsen med at opdage og f\u00f8lge Kundskab.<\/p>\n<p><em>At Leve Kundskabens Vej<\/em> er den tredje bog i Bind 3 i Det Nye Budskab fra Gud.<\/p>\n<div class=\"background-color-bridesmaid\">\n<h2 style=\"text-align: left;\"><span style=\"color: #525252;\">Indholdsfortegnelse<\/span><\/h2>\n<p><a href=\"\/da\/budskabet\/bind-3\/at-leve-kundskabens-vej\/at-leve-i-en-opdukkende-verden\/\" target=\"_blank\" rel=\"noopener noreferrer\">Kapitel 1: At Leve i en Opdukkende Verden<\/a><\/p>\n<p><a href=\"\/da\/budskabet\/bind-3\/at-leve-kundskabens-vej\/livets-fire-sojler\/\" target=\"_blank\" rel=\"noopener noreferrer\">Kapitel 2: Livets Fire S\u00f8jler<\/a><\/p>\n<p><a href=\"\/da\/budskabet\/bind-3\/at-leve-kundskabens-vej\/dit-forhold-til-din-andelige-familie\/\" target=\"_blank\" rel=\"noopener noreferrer\">Kapitel 7: Dit Forhold til Din \u00c5ndelige Familie<br \/>\n<\/a><\/p>\n<\/div>\n","protected":false},"excerpt":{"rendered":"<p>At Leve Kundskabens Vej er det Nye Budskabs L\u00e6re, om hvordan man bringer Kundskabens n\u00e5de, vejledning og kraft ind i sit livs Fire S\u00f8jler: Relationens S\u00f8jle, Arbejdets S\u00f8jle, Helbredets S\u00f8jle og den \u00c5ndelige Udviklings S\u00f8jle. Ligesom de fire ben p\u00e5 et bord, giver disse Fire S\u00f8jler det stabile grundlag for at opbygge et st\u00f8rre liv\u2026 <a class=\"read-more\" href=\"https:\/\/www.v6.newmessage.org\/da\/budskabet\/bind-3\/at-leve-kundskabens-vej\/\"><span>Read More<\/span><\/a><\/p>\n","protected":false},"author":77,"featured_media":0,"parent":16314,"menu_order":1,"comment_status":"closed","ping_status":"closed","template":"template-leftsidebar.php","meta":{"_monsterinsights_skip_tracking":false,"_monsterinsights_sitenote_active":false,"_monsterinsights_sitenote_note":"","_monsterinsights_sitenote_category":0,"footnotes":""},"categories":[289,470],"tags":[569],"_links":{"self":[{"href":"https:\/\/www.v6.newmessage.org\/da\/wp-json\/wp\/v2\/pages\/28017"}],"collection":[{"href":"https:\/\/www.v6.newmessage.org\/da\/wp-json\/wp\/v2\/pages"}],"about":[{"href":"https:\/\/www.v6.newmessage.org\/da\/wp-json\/wp\/v2\/types\/page"}],"author":[{"embeddable":true,"href":"https:\/\/www.v6.newmessage.org\/da\/wp-json\/wp\/v2\/users\/77"}],"replies":[{"embeddable":true,"href":"https:\/\/www.v6.newmessage.org\/da\/wp-json\/wp\/v2\/comments?post=28017"}],"version-history":[{"count":14,"href":"https:\/\/www.v6.newmessage.org\/da\/wp-json\/wp\/v2\/pages\/28017\/revisions"}],"predecessor-version":[{"id":28102,"href":"https:\/\/www.v6.newmessage.org\/da\/wp-json\/wp\/v2\/pages\/28017\/revisions\/28102"}],"up":[{"embeddable":true,"href":"https:\/\/www.v6.newmessage.org\/da\/wp-json\/wp\/v2\/pages\/16314"}],"wp:attachment":[{"href":"https:\/\/www.v6.newmessage.org\/da\/wp-json\/wp\/v2\/media?parent=28017"}],"wp:term":[{"taxonomy":"category","embeddable":true,"href":"https:\/\/www.v6.newmessage.org\/da\/wp-json\/wp\/v2\/categories?post=28017"},{"taxonomy":"post_tag","embeddable":true,"href":"https:\/\/www.v6.newmessage.org\/da\/wp-json\/wp\/v2\/tags?post=28017"}],"curies":[{"name":"wp","href":"https:\/\/api.w.org\/{rel}","templated":true}]}}