{"id":27965,"date":"2023-10-10T21:37:07","date_gmt":"2023-10-10T21:37:07","guid":{"rendered":"https:\/\/www.newmessage.org\/da\/?page_id=27965"},"modified":"2023-10-10T21:37:08","modified_gmt":"2023-10-10T21:37:08","slug":"revolutionen","status":"publish","type":"page","link":"https:\/\/www.v6.newmessage.org\/da\/budskabet\/bind-1\/rejsen-til-et-nyt-liv\/revolutionen\/","title":{"rendered":"Revolutionen"},"content":{"rendered":"<div><!-- Version 3.2 Verse --><\/div>\n\n<div class=\"tabgroup \"><ul class=\"tabs\"><li><a href=\"#tabs-1\">\u00c5benbaring<\/a><\/li><\/ul>\n <div id=\"tabs-1\"><\/p>\n<p>H\u00f8r den oprindelige version af \u00c5benbaringen p\u00e5 engelsk:<\/p>\n<div id=\"jquery_jplayer_1\" class=\"jp-jplayer\"><\/div>\n\t\t\t\t<div id=\"jp_container_1\" class=\"jp-audio\">\n\t\t\t\t<div class=\"jp-type-single\"><div class=\"jp-control\"><a href=\"javascript:;\" class=\"jp-play\" tabindex=\"1\">play<\/a><a href=\"javascript:;\" class=\"jp-pause\" tabindex=\"1\">pause<\/a><\/div> <div class=\"jp-gui jp-interface\"><div class=\"jp-volume\"><div class=\"jp-volume-bar\"><div class=\"jp-volume-bar-value\"><\/div><\/div><\/div><div class=\"jp-progress\"><div class=\"jp-seek-bar\"><div class=\"jp-play-bar\"><\/div><\/div><\/div><\/div>\t\t\t\t\t<div class=\"jp-no-solution\"><span>Update Required<\/span>To play the media you will need to either update your browser to a recent version or update your <a href=\"http:\/\/get.adobe.com\/flashplayer\/\" target=\"_blank\">Flash plugin<\/a>.<\/div><\/div><\/div>\n\t\t\t<script type='text\/javascript'>\n\t\t\t\tjQuery(document).ready(function() {\n\t\t\t\t\tif (typeof (sermonMedia) == 'function') {\n\t\t\t\t\t\tsermonMedia.addAudio('', \"jquery_jplayer_1\");\n\t\t\t\t\t}\n\t\t\t\t\tjQuery.jPlayer.timeFormat.showHour = true;\n\t\t\t\t\tjQuery(\"#jquery_jplayer_1\").jPlayer({\n\t\t\t\t\t\tready: function(event) {\n\t\t\t\t\t\t\tjQuery(this).jPlayer(\"setMedia\", {mp3: 'https:\/\/newmessage.org\/av\/the-revolution.mp3'});\n\t\t\t\t\t\t},\n\t\t\t\t\t\tplay: function() {\n\t\t\t\t\t\t\tjQuery(this).jPlayer(\"pauseOthers\");\n\t\t\t\t\t\t},\n\t\t\t\t\t\tswfPath: ThemeData.directory_uri+\"\/swf\",\n\t\t\t\t\t\tsolution: \"html, flash\",\n\t\t\t\t\t\tpreload: \"metadata\",\n\t\t\t\t\t\twmode: \"window\",\n\t\t\t\t\t\tsupplied: \"mp3\",\n\t\t\t\t\t\tcssSelectorAncestor: '#jp_container_1'\n\t\t\t\t\t});\n\t\t\t\t});\n\t\t\t<\/script><br \/>\n<a title=\"The Revolution\" href=\"https:\/\/newmessage.org\/av\/the-revolution.mp3\">Download<\/a> (h\u00f8jre-klik for at downloade)<\/p>\n<p><a title=\"The Revolution\" href=\"https:\/\/www.newmessage.org\/wp-content\/uploads\/2019\/04\/JNL-4-the-Revolution.jpeg\"><img loading=\"lazy\" decoding=\"async\" class=\"imgborder aligncenter wp-image-39157 size-medium\" src=\"https:\/\/www.newmessage.org\/wp-content\/uploads\/2019\/04\/JNL-4-the-Revolution-300x157.jpeg\" alt=\"A Spiritual Revolution Within\" width=\"300\" height=\"157\"><\/a><\/p>\n<p class=\"revelation_details\"><em>Som \u00e5benbaret for Guds Budbringer<br \/>\nMarshall Vian Summers<br \/>\n<i>den 24. maj, 2011<\/i><br \/>\ni Boulder, Colorado<\/em><\/p>\n<div class=\"toggle toggle-white\"><h4 class=\"trigger \"><span class=\"t_ico\"><\/span><a href=\"#\">Om denne optagelse<\/a><\/h4><div class=\"toggle_container \"><br \/>\n<div id=\"yui_3_16_0_ym19_1_1467955126517_3327\" dir=\"ltr\"><span id=\"yui_3_16_0_ym19_1_1467955126517_3177\"><span id=\"yui_3_16_0_ym19_1_1467955126517_3178\">D\u00e9t, du h\u00f8rer i denne lydoptagelse er Den Englelige Forsamlings stemme, der taler gennem Budbringeren, Marshall Vian Summers<br \/>\n<\/span><\/span><\/div>\n<div dir=\"ltr\"><span id=\"yui_3_16_0_ym19_1_1467955126517_3177\"><span id=\"yui_3_16_0_ym19_1_1467955126517_3178\">\u00a0<\/span><\/span><\/div>\n<div id=\"yui_3_16_0_ym19_1_1467955126517_3359\" dir=\"ltr\"><span id=\"yui_3_16_0_ym19_1_1467955126517_3177\"><span id=\"yui_3_16_0_ym19_1_1467955126517_3178\"> Her er den oprindelige kommunikation fra Gud, der eksisterer hinsides ord, oversat til menneskeligt sprog og forst\u00e5else af Den Englelige Forsamling, der f\u00f8rer tilsyn med verden. Forsamlingen leverer derefter Guds Budskab gennem Budbringeren.<br \/>\n<\/span><\/span><\/div>\n<div id=\"yui_3_16_0_ym19_1_1467955126517_3369\" dir=\"ltr\"><span id=\"yui_3_16_0_ym19_1_1467955126517_3177\"><span id=\"yui_3_16_0_ym19_1_1467955126517_3178\">\u00a0<\/span><\/span><\/div>\n<div id=\"yui_3_16_0_ym19_1_1467955126517_3370\" dir=\"ltr\"><span id=\"yui_3_16_0_ym19_1_1467955126517_3177\"><span id=\"yui_3_16_0_ym19_1_1467955126517_3178\">I dette bem\u00e6rkelsesv\u00e6rdige forl\u00f8b, taler \u00c5benbaringens Stemme p\u00e5 ny. Ordet og Lyden er i verden. For f\u00f8rste gang i historien, er den oprindelige talte \u00e5benbaring tilg\u00e6ngelig for dig og for verden at opleve.<br \/>\n<\/span><\/span><\/div>\n<div id=\"yui_3_16_0_ym19_1_1467955126517_3436\" dir=\"ltr\"><span id=\"yui_3_16_0_ym19_1_1467955126517_3177\"><span id=\"yui_3_16_0_ym19_1_1467955126517_3178\">\u00a0<\/span><\/span><\/div>\n<div id=\"yui_3_16_0_ym19_1_1467955126517_3435\" dir=\"ltr\"><span id=\"yui_3_16_0_ym19_1_1467955126517_3177\"><span id=\"yui_3_16_0_ym19_1_1467955126517_3178\">M\u00e5 du v\u00e6re modtageren af denne \u00c5benbaringens gave og m\u00e5 du v\u00e6re \u00e5ben for at tage imod dens unikke Budskab for dig og for dit liv.<\/span><\/span><\/div>\n<br \/>\n<\/div><\/div><br \/>\n<\/div>\n\t\t\t\t<div align=\"right\">\n\t\t\t<div class=\"fb-like\" data-href=\"\" data-layout=\"button_count\" data-action=\"like\" data-show-faces=\"false\" data-share=\"false\"><\/div>\n\t\t\t<div class=\"fb-share-button\" data-layout=\"button_count\"> <\/div>\n\t\t\t<div class=\"fb_iframe_widget\"><a href=\"https:\/\/twitter.com\/godsnewmessage?ref_src=twsrc%5Etfw\" class=\"twitter-follow-button\" data-show-count=\"false\">Follow @godsnewmessage<\/a><script async src=\"https:\/\/platform.twitter.com\/widgets.js\" charset=\"utf-8\"><\/script><\/div>\n\t\t\t<\/div> <\/div> \n\n<p>Du blev f\u00f8dt med to sind, det Sind, som Gud skabte, og det sind, der er formet og konditioneret af verden, dit verdslige sind. I dette \u00f8jeblik har du disse to sind.<\/p>\n<p>Du er sikkert meget fortrolig med det verdslige sind, da det n\u00e6sten hundrede procent af tiden  dominerer dig. Det betyder ikke, at du er helt klar over det eller klar over alle dets tanker og tilskyndelser, da folk er meget bange for at opleve visse dele af deres verdslige sind \u2013 de m\u00f8rke og frygtsomme dele, de farlige dele, de mystiske dele.<\/p>\n<p>Folk bliver ved med at str\u00e6be ind i fremtiden, til dels for at l\u00f8be v\u00e6k fra deres nuv\u00e6rende oplevelse, og derfor kan de fleste mennesker ikke sidde stille i fem minutter. De er bange for deres eget sind, det verdslige sind.<\/p>\n<p>Dog er der et dybere Sind i dig, det sind, Vi kalder Kundskab. Det repr\u00e6senterer den del af dig, der aldrig har forladt Gud. Det er ikke religi\u00f8st, for n\u00e5r man er forbundet med Gud, er der ikke behov for religion. Religion giver ingen mening. Der er bare virkelighed. Men dette er en dybere og st\u00f8rre virkelighed end den virkelighed, du oplever i dit verdslige sind.<\/p>\n<p>S\u00e5 du har disse to sind. De er s\u00e5 forskellige. Det ene er langt mere kraftfuldt end det andet. Form\u00e5let med al \u00e5ndelig praksis er at bringe dig til det dybere Sind. Det er ikke blot at have tro p\u00e5 Gud eller tro p\u00e5 profeterne eller tro p\u00e5 ens tro og religi\u00f8se principper.<\/p>\n<p>Det virkelige form\u00e5l med \u00e5ndelig praksis er at bringe dig til dette dybere Sind, at forbinde dit verdslige sind med dette dybere Sind. For det dybere Sind kan ikke tjene dit verdslige sind, og dit verdslige sind m\u00e5 tjene det dybere Sind.<\/p>\n<p>Det er kun her, du finder \u00e6gte integritet. Det er kun her, du er helt dig selv. Det er kun her, du finder din st\u00f8rre styrke, dit st\u00f8rre form\u00e5l og st\u00f8rre sk\u00e6bne. Det er kun p\u00e5 dette niveau, at du virkelig kan skelne relationer og vide, hvem du skal v\u00e6re sammen med, og hvordan du skal v\u00e6re sammen med dem, uanset andre attraktioner eller tilskyndelser. Der er ingen st\u00f8rre v\u00e6rdi eller bel\u00f8nning i verden, eller i nogen verden i universet, end at genoprette forbindelsen med dette dybere Sind.<br \/>\nDette dybere Sind p\u00e5kalder dig. Det har det Guddommeliges tiltr\u00e6kning. Det er her, du forbinder dig med det Guddommelige. Det er her, Guds Vilje kommunikerer til dig, ikke i ord, men i tilskyndelser, p\u00e5 et dybere niveau \u2013 hinsides de fem sanser, hinsides intellektets omr\u00e5de, hinsides id\u00e9ernes og ideologiens omr\u00e5de.<\/p>\n<p>Dette er den Store Attraktion. Men folk er bange, og derfor forbliver de travle og optagede. De forbliver besatte af ting i det ydre, forf\u00f8lger en lang r\u00e6kke ting, hvoraf de fleste aldrig vil v\u00e6re tilfredsstillende \u2013 fulde af frygt, fulde af ambitioner, fulde af klager, fulde af fantasi. Det er det, der dominerer dit verdslige sind.<\/p>\n<p>Her bliver arbejdet ikke blot nyttigt og vigtigt, men faktisk tvangspr\u00e6get og distraherende. For hvis du ikke kan v\u00e6re med dig selv i fem minutter, hvordan kan du s\u00e5 virkeligt v\u00e6re med nogen? Hvordan kan du v\u00e6re med noget? Hvordan kan du v\u00e6re kreativ? Hvordan kan du v\u00e6re indsigtsfuld? Hvordan kan du v\u00e6re reflekterende og opm\u00e6rksom p\u00e5 dine fejl?<\/p>\n<p>Folk ved, at de er svage og fejlbarlige, men de fors\u00f8ger at forst\u00e6rke deres overbevisning som en demonstration p\u00e5 styrke, en stor styrkedemonstration. Den faste overbevisning, den engagerede troende, som en betonblok &#8211; u-responsiv, d\u00f8d, ubev\u00e6gelig, modstandsdygtig, uforbundet, defensiv, d\u00f8mmende. Det er det personlige sind i en tilstand af tilbagetr\u00e6kning og st\u00f8rkning. Det er et f\u00e6ngsel uden mure, men s\u00e5 fast, at intet kan bev\u00e6ge det.<\/p>\n<p>Du er bundet til ting, du ikke engang kan se, bundet af frygt \u2013 frygten for at tage fejl, frygten for at v\u00e6re fortabt, frygten for at have beg\u00e5et en fejl i dit liv og se den i \u00f8jnene, frygten for at spilde dit liv og m\u00e5tte se det i \u00f8jnene.<\/p>\n<p>Hvad er stolthed, andet end frygt, der forkl\u00e6der sig som noget andet? Hvad er selvsikkerhed, andet end usikkerhed, der paraderer som noget andet?<\/p>\n<p>At begynde at reagere p\u00e5 sin dybere natur, p\u00e5 det st\u00f8rre Sind i \u00e9n, s\u00e6tter en revolution i gang \u2013 en revolution, hvor eksisterende og tidligere magter v\u00e6ltes, gradvist, endog til tider med kamp, [af] noget, der er langt mere potent og virkeligt og meningsfuldt.<\/p>\n<p>Ideologier v\u00e6ltes. Tidligere tilknytninger v\u00e6ltes. Selvforst\u00f8delse v\u00e6ltes. Dit tidligere livs guder viser sig at v\u00e6re falske og svage, og med tiden v\u00e6ltes de. Dine religi\u00f8se principper viser sig at v\u00e6re for begr\u00e6nsede og kan ikke tale til dit livs mysterium, og selv de kan v\u00e6ltes. Selv noget, der var nyttigt for dig og bragte dig til revolutionen, selv det viser sig nu at v\u00e6re un\u00f8dvendigt. Du kan ikke f\u00e6ste din lid til det.<\/p>\n<p>Folk kommer til Guds Nye \u00c5benbaring, eller endda til Guds tidligere \u00c5benbaringer, for at s\u00f8ge fred og tr\u00f8st, men hvis de virkeligt er seri\u00f8se omkring deres engagement, s\u00e5 s\u00e6tter det en slags revolution i gang, som ikke er s\u00e6rlig fredelig, ikke s\u00e6rlig tr\u00f8stende. Hele Helvede bryder l\u00f8s p\u00e5 vejen til Himlen.<\/p>\n<p>Sandheden er inden i dig, men du m\u00e5 passere gennem sindet for at n\u00e5 dertil. Og sindet er fyldt med mange ting \u2013 ting du endnu ikke er klar over, dine selvskabte d\u00e6moner, andres selvskabte d\u00e6moner \u2013 alle nattens fantomer. De fremst\u00e5r s\u00e5 frygtindgydende, at du er bange for at n\u00e6rme dig dem. Men de er bare fantomer.<\/p>\n<p>I processen med at tage Trin til Kundskab har du vidunderlige lindrende og erkendelses\u00f8jeblikke, og andre tidspunkter, hvor du virkeligt k\u00e6mper, k\u00e6mper, fordi du m\u00e5 v\u00e6lge noget andet end det, du tidligere troede p\u00e5.<br \/>\nDu ser resultatet af et forhold, inden du indleder det, og det er du n\u00f8dt til at godtage. Du begynder at se sandheden i tingene, hvilket er i konflikt med, hvad du gerne vil have fra dem. Du begynder at se, at dine tidligere m\u00e5l egentligt ikke er i overensstemmelse med din st\u00f8rre sk\u00e6bne, og s\u00e5ledes m\u00e5 du have styrken til at l\u00e6gge dem til side. Du f\u00f8ler dig kaldet til at tage bestemte steder hen, og du m\u00e5 have styrken og friheden til at tage hen til disse steder. Du m\u00e5 bryde de forpligtelses-k\u00e6der til visse mennesker og situationer, som ikke er del af dit st\u00f8rre liv. Du m\u00e5 have styrken til at g\u00f8re dette.<\/p>\n<p>Denne styrke, denne frihed, denne beslutsomhed, denne selv\u00e6rlighed kommer alt sammen fra Kundskab, for Kundskab er fri. Kundskab er \u00e6rlig. Kundskab er bestemt. Kundskab er kraftfuld.<\/p>\n<p>Den er s\u00e5 modsat dit verdslige sind, som i sandhed ikke har nogen af disse kvaliteter. Det er slapt. Det er f\u00f8rt bag lyset. Det er ynkeligt. Det kryber. Det er selvford\u00f8mmende og ford\u00f8mmer andre. Det er svagt. Det er h\u00e6vngerrigt. Det er obsessivt.<\/p>\n<p>I virkeligheden er dit verdslige sind beregnet til at tjene Kundskab. Her bliver dets st\u00f8rre styrker og intelligens og evner virkelig udnyttet, og det bliver forl\u00f8st og givet et st\u00f8rre form\u00e5l og st\u00f8rre integration i dit liv.<\/p>\n<p>Men f\u00f8r dette kan ske, m\u00e5 en revolution finde sted \u2013 en \u00e5ndelig revolution, en revolution mod id\u00e9er og forpligtelser, mod frygt, mod skyld, mod bes\u00e6ttelse, mod klager \u2013 en revolution til at g\u00f8re dig fri til at finde det, der kalder p\u00e5 dig og som har ventet p\u00e5 dig s\u00e5 l\u00e6nge.<\/p>\n<p>Her oplever du, at det, at v\u00e6re med Kundskab, er helt anderledes end at v\u00e6re fortabt i sine tanker, og du indser, at folk ikke er til stede for sig selv eller for hinanden, fordi de er fortabte i deres tanker. Her finder du ud af, at sandheden er som solen, og tankerne som de skyer, der skjuler den. Her finder du ud af, at Kundskab er st\u00e6rk og varig \u2013 den \u00e6ndrer sig ikke fra dag til dag \u2013 og det st\u00e5r i kontrast til dit verdslige sind, som altid befinder sig i en tilstand af fluks og forvirring, p\u00e5 trods af dets proklamationer om vished og selvsikkerhed.<\/p>\n<p>Det, der er svagt i dig, m\u00e5 tjene det, der er st\u00e6rkt. Kundskab hverken kan eller vil tjene dit verdslige sind. Den er langt st\u00e6rkere end dit verdslige sind. Den er ikke bange for verden. Den er ikke bange for d\u00f8den. Den er ikke bange for tab. Kan du h\u00e6vde selv at have denne frygtl\u00f8shed? Det kan du helt \u00e6rligt ikke.<\/p>\n<p>Det, der er svagt, bliver forl\u00f8st, ved at tjene det, der er st\u00e6rkt. Den del af dit sind, der er svagt, bliver forl\u00f8st, ved at tjene den del af dig, der er st\u00e6rk. Kroppen er svag, men den bliver fornyet og styrket, ved at tjene noget st\u00f8rre.<\/p>\n<p>Gud ford\u00f8mmer dig ikke. Gud er ikke interesseret i din patologi, dine tvangstanker eller dine distraktioner. Gud p\u00e5kalder dig bare, gennem Kundskabens n\u00e6rv\u00e6r i dig selv og Kundskabens n\u00e6rv\u00e6r i dem, du kan st\u00f8de p\u00e5, hvilket er st\u00e6rkt nok til at tr\u00e6nge gennem dine distraktioner og bekymringer, og faktisk f\u00e5 din opm\u00e6rksomhed. Det er her, folk har inspirerede \u00f8jeblikke, \u00f8jeblikke med forudseenhed, \u00f8jeblikke af genkendelse, \u00f8jeblikke af indsigt, \u00f8jeblikke af vished.<\/p>\n<p>Guds Nye \u00c5benbaring har givet Trin til Kundskab, og der er mange af dem. En del af deres form\u00e5l er at rette dit verdslige sind ind, til at t\u00e6nke i harmoni med dit dybere Sind, s\u00e5 revolutionen kan v\u00e6re lettere og overgangen mere j\u00e6vn og mere flydende og mere form\u00e5lstjenlig.<\/p>\n<p>Den [Trin til Kundskab] s\u00f8rger for en kontrast mellem Kundskabens tilstand og din verdslige sindstilstand, s\u00e5 du mere objektivt, mere medf\u00f8lende, med st\u00f8rre venlighed og accept, kan se p\u00e5 din verdslige tilstand. For Kundskab ford\u00f8mmer dig ikke. Den kalder kun p\u00e5 dig. Og det Guddommeliges tiltr\u00e6kning er s\u00e5 kraftfuldt, n\u00e5r f\u00f8rst du begynder at m\u00e6rke det, acceptere det og tillade det at v\u00e6re i din oplevelse.<\/p>\n<p>Men i tider, hvor du k\u00e6mper, vil det virke som om du er i krig med dig selv. En stor kamp, der  raser om, hvem der vil f\u00e5 forrang \u2013 dit personlige sind, der g\u00f8r modstand, der igen fors\u00f8ger at fortabe sig i sine romancer, sine bestr\u00e6belser, sine erhvervelser, sin obsessive arbejdsmoral, sin religi\u00f8se ideologi, sine politiske kampagner, alle disse ting, der tr\u00e6kker dig v\u00e6k, v\u00e6k, v\u00e6k \u2013 v\u00e6k fra Kundskabens tiltr\u00e6kning og n\u00e6rv\u00e6r i dig.<\/p>\n<p>Idet du forts\u00e6tter og bliver klogere, vil du kunne genkende kampen og indse, at den er en del af l\u00e6ringsprocessen, for al l\u00e6ring kr\u00e6ver afl\u00e6ring. Al l\u00e6ring kr\u00e6ver at overvinde tidligere forestillinger, overbevisninger, antagelser og id\u00e9er. Al virkelig l\u00e6ring er at gent\u00e6nke, revurdere og genanvende det, man ved i sit liv. Her er det, at l\u00e6re, ikke blot at best\u00e5 pr\u00f8ver eller at recitere noget i \u00f8jeblikket, idet det p\u00e5kaldes. Dette drejer sig om en \u00e6gte opl\u00e6ring \u2013 ren, kraftfuld, forl\u00f8sende, konstruktiv og potent.<\/p>\n<p>Enhver reel l\u00e6ringssituation er som en revolution. Den forlanger, at du er mere n\u00e6rv\u00e6rende, at du er opm\u00e6rksom, at du v\u00e5gner op fra din dr\u00f8mmetilstand, at du overvinder det, der tidligere har styret dit liv \u2013 troens, ideologiens, bes\u00e6ttelsens, frygtens og fantasiens falske herskere.<\/p>\n<p>I verden omkring dig ser du revolutioner mod undertrykkende magthavere, idet folk ikke l\u00e6ngere kan udholde de restriktioner, den korruption og den brutalitet, der f\u00f8rer tilsyn med deres liv og vilk\u00e5r, og de er villige til at risikere alt, for at g\u00f8re en forandring mulig.<\/p>\n<p>Du, der allerede har levet med ting, du ved, du skal g\u00f8re, som du ikke g\u00f8r, m\u00e5 n\u00e5 dette punkt i dig selv, hvor der ingen vej er tilbage, hvor du ikke l\u00e6ngere kan udholde dit sinds undertrykkende natur. Du kan ikke l\u00e6ngere holde den m\u00e5de ud, du er med mennesker, eller den m\u00e5de, du er med dig selv, og s\u00e5 begynder revolutionen.<\/p>\n<p>Men revolutionen m\u00e5 have et reelt m\u00e5l. Det m\u00e5 dreje sig om frihed til noget og ikke blot frihed fra noget. Og det er her, \u00c5benbaringen giver dig en meget klar m\u00e5ls\u00e6tning. Af denne grund forl\u00f8ser Kundskab dig, idet den er dit m\u00e5l.<\/p>\n<p>Sindet arbejder harmonisk, n\u00e5r det tjener noget st\u00f8rre. Men det, det tjener, m\u00e5 v\u00e6re \u00e6gte, gavnligt, autentisk. Det m\u00e5 v\u00e6re st\u00f8rre. Det m\u00e5 v\u00e6re sandt. Din revolution kan ikke kun dreje sig om at v\u00e6lte en tidligere magt. Den m\u00e5 dreje sig om at etablere en ny tilstand.<\/p>\n<p>Du kan i det uendelige \u00e6ndre dit ydre liv, rejse rundt, hele tiden have nye oplevelser. Men Vi taler om revolutionen indeni \u2013 det, som folk ikke vil se i \u00f8jnene, det, som folk ikke vil tage sig af, det, som folk vil undg\u00e5, og i det uendelige s\u00f8ger det, der har svigtet dem s\u00e5 mange gange f\u00f8r.<\/p>\n<p>Den \u00e6gte revolution vil ikke blive udl\u00f8st af klagen og vrede, men virkeligt af et dybere kald, der ingen vrede har, ingen klagen har. Det er den, der udl\u00f8ser revolutionen indeni. For det, der er n\u00e5digt og kraftfuldt, st\u00e5r i markant kontrast til det, der ikke er. Og du kan ikke have begge dele. \u00c9n af dem m\u00e5 lede. Den anden m\u00e5 f\u00f8lge. Kundskab vil ikke f\u00f8lge. Den vil kun tr\u00e6kke sig tilbage, hvis ikke den \u00e6res og anerkendes.<\/p>\n<p>Derfor er dit valg meget indskr\u00e6nket, og det er godt, for det giver dig en klar vej, uden tvetydighed, hvilket minimerer risikoen for misforst\u00e5elser og misopfattelser.<\/p>\n<p>Dette er noget, der undervises i i alle religioner, men religionerne er blevet \u00e6ndret, overlagt af ritualer og ceremonier, ideologier og fortolkninger. Det vil kr\u00e6ve en vis l\u00e6rer i hvilken som helst af dem at bringe dig til denne rene vej.<\/p>\n<p>Guds Nye \u00c5benbaring er ikke belastet med alle disse ting. Den pr\u00e6senterer Trin til Kundskab meget tydeligt. Den er et nyt h\u00e5b for en k\u00e6mpende og tilbageg\u00e5ende menneskehed.<\/p>\n<p>Accept\u00e9r revolutionen. V\u00e6r kun revolution\u00e6r p\u00e5 denne m\u00e5de. Lad revolutionen v\u00e6re stimuleret af noget stort, kraftfuldt og elskv\u00e6rdigt. Se dig selv g\u00e5 igennem den. Lad den finde sted. Accept\u00e9r den. Forts\u00e6t fremad. Indse, at forandring ikke er fredelig. Den er udfordrende og uvis. Til tider kan den v\u00e6re meget ubehagelig. Accept\u00e9r det og kom videre.<\/p>\n<p>Du m\u00e5 op p\u00e5 dette bjerg, s\u00e5 du kan se. Hvis du ikke stopper op l\u00e6nge for nogen eller noget, vil kampen v\u00e6re forbi. Din vej vil blive glattere. Der vil v\u00e6re problemer. Der vil v\u00e6re ting. Der vil v\u00e6re fristelser fra verden. Der kan v\u00e6re gamle vaner, der dukker op igen, men n\u00e5r du \u00e9n gang bliver st\u00e6rk med Kundskab, kan ingen af disse ting l\u00e6ngere virkeligt holde dig tilbage.<\/p>\n<p>Du har et st\u00f8rre kald i verden. Du m\u00e5 forberede dig, f\u00f8r du kan vide, hvad dette er. Du m\u00e5 igennem en revolution, f\u00f8r du vil v\u00e6re i stand til at acceptere et st\u00f8rre ansvar og bevidsthed i livet. Du m\u00e5 v\u00e6re forankret i Kundskab, s\u00e5 du f\u00e5r modet, klarheden og selv\u00e6rligheden til at p\u00e5tage dig en st\u00f8rre rolle og en st\u00f8rre tjeneste i verden.<\/p>\n<p>Dette var ikke muligt under de gamle magthavere. Og s\u00e5ledes m\u00e5 der en revolution til, en indre revolution, en revolution i din t\u00e6nkning og i den m\u00e5de, hvorp\u00e5 du forholder dig til andre og til hele verden.<\/p>\n","protected":false},"excerpt":{"rendered":"<p>Du blev f\u00f8dt med to sind, det Sind, som Gud skabte, og det sind, der er formet og konditioneret af verden, dit verdslige sind. I dette \u00f8jeblik har du disse to sind. Du er sikkert meget fortrolig med det verdslige sind, da det n\u00e6sten hundrede procent af tiden dominerer dig. Det betyder ikke, at du\u2026 <a class=\"read-more\" href=\"https:\/\/www.v6.newmessage.org\/da\/about-recording-shortcode\/\"><span>Read More<\/span><\/a><\/p>\n","protected":false},"author":77,"featured_media":0,"parent":27026,"menu_order":4,"comment_status":"closed","ping_status":"closed","template":"template-leftsidebar.php","meta":{"_monsterinsights_skip_tracking":false,"_monsterinsights_sitenote_active":false,"_monsterinsights_sitenote_note":"","_monsterinsights_sitenote_category":0,"footnotes":""},"categories":[76,462,460],"tags":[701],"_links":{"self":[{"href":"https:\/\/www.v6.newmessage.org\/da\/wp-json\/wp\/v2\/pages\/27965"}],"collection":[{"href":"https:\/\/www.v6.newmessage.org\/da\/wp-json\/wp\/v2\/pages"}],"about":[{"href":"https:\/\/www.v6.newmessage.org\/da\/wp-json\/wp\/v2\/types\/page"}],"author":[{"embeddable":true,"href":"https:\/\/www.v6.newmessage.org\/da\/wp-json\/wp\/v2\/users\/77"}],"replies":[{"embeddable":true,"href":"https:\/\/www.v6.newmessage.org\/da\/wp-json\/wp\/v2\/comments?post=27965"}],"version-history":[{"count":2,"href":"https:\/\/www.v6.newmessage.org\/da\/wp-json\/wp\/v2\/pages\/27965\/revisions"}],"predecessor-version":[{"id":27967,"href":"https:\/\/www.v6.newmessage.org\/da\/wp-json\/wp\/v2\/pages\/27965\/revisions\/27967"}],"up":[{"embeddable":true,"href":"https:\/\/www.v6.newmessage.org\/da\/wp-json\/wp\/v2\/pages\/27026"}],"wp:attachment":[{"href":"https:\/\/www.v6.newmessage.org\/da\/wp-json\/wp\/v2\/media?parent=27965"}],"wp:term":[{"taxonomy":"category","embeddable":true,"href":"https:\/\/www.v6.newmessage.org\/da\/wp-json\/wp\/v2\/categories?post=27965"},{"taxonomy":"post_tag","embeddable":true,"href":"https:\/\/www.v6.newmessage.org\/da\/wp-json\/wp\/v2\/tags?post=27965"}],"curies":[{"name":"wp","href":"https:\/\/api.w.org\/{rel}","templated":true}]}}