{"id":27955,"date":"2023-09-26T21:08:44","date_gmt":"2023-09-26T21:08:44","guid":{"rendered":"https:\/\/www.newmessage.org\/da\/?page_id=27955"},"modified":"2023-09-26T21:09:45","modified_gmt":"2023-09-26T21:09:45","slug":"marshall-vian-summers-historie","status":"publish","type":"page","link":"https:\/\/www.v6.newmessage.org\/da\/hvem-er-marshall-vian-summers\/marshall-vian-summers-historie\/","title":{"rendered":"Marshall Vian Summers\u2019 Historie"},"content":{"rendered":"<p>[vc_row][vc_column][vc_column_text]<\/p>\n<div style=\"width: 310px\" class=\"wp-caption alignright\"><a href=\"\/wp-content\/uploads\/2014\/07\/Messenger-Angor-Cambodia-2-300x285.jpg\"><img loading=\"lazy\" decoding=\"async\" class=\"wpimagehover imgborder\" src=\"\/wp-content\/uploads\/2014\/07\/Messenger-Angor-Cambodia-2-300x285.jpg\" alt=\"The Story of Marshall Vian Summers\" width=\"300\" height=\"285\" data-fburl=\"CURRENT\" data-tweeturl=\"CURRENT\" data-pinurl=\"CURRENT\" data-plusurl=\"CURRENT\" data-sstyle=\"circle\" data-animation=\"fade\" \/><\/a><p class=\"wp-caption-text\">Marshall Vian Summers<\/p><\/div>\n<p>Marshall Vian Summers har givet de sidste 41 \u00e5r af sit liv til at tage imod og i stilhed undervise i det Nye Budskab fra Gud.<\/p>\n<p>Det meste af \u00e5ret arbejder han fra Rocky Mountains i USA, hvor han lever i afsondrethed, omgivet af sin familie og n\u00e6re ledsagere.<\/p>\n<p>Ved sj\u00e6ldne lejligheder rejser Marshall andre steder hen i USA og i udlandet, for at give den advarsel, velsignelse og forberedelse, der er i det Nye Budskab.<\/p>\n<h4 class=\"text-color-gray-9 text-align-center\">TIDLIGE \u00c5R<\/h4>\n<p>Marshall blev \u00e5ndeligt ansporet i en tidlig alder, specielt gennem sine oplevelser i naturen. Som ung mand bidrog hans rejser gennem det Nordamerikanske vildnis til hans mystiske uddannelse.<\/p>\n<p>Efter sin eksamen fra universitetet blev han l\u00e6rer for blinde b\u00f8rn. I l\u00f8bet af denne tid begyndte han at opleve og f\u00e6ste sin lid til en indre stemme til at vejlede sig i sit arbejde.<\/p>\n<p>Anerkendt for sine talenter p\u00e5 dette felt, blev han tilbudt muligheden for at g\u00f8re dette til sit livsv\u00e6rk. Dog n\u00f8dede den indre stemme ham til at betakke sig og atter vandre ud i vildnisset i mange m\u00e5neder. Efter denne opg\u00f8relses og opgivelses tid, vendte han tilbage til verden af mennesker og kultur og begyndte at undervise i Selv-Kundskabens principper, hvilket han gjorde i syv \u00e5r.<\/p>\n<p>I 1981, i en alder af 32, havde han et direkte m\u00f8de med De Usete, det Englelige N\u00e6rv\u00e6r, som havde vejledt og forberedt ham hele tiden. Dette m\u00f8de \u00e6ndrede for altid kursen p\u00e5 hans liv og initierede ham ind i en dybere relation til dem, hvilket forlangte, at han overgav sit liv til Gud.<\/p>\n<p>Kort efter dette m\u00f8de vidste Marshall, at han m\u00e5tte forlade sine elever og sin undervisning, sine relationer og sit hjem i storbyen, for igen at vandre. Dette var en vanskelig, uforklarlig og ensom periode for ham. Hans vandring f\u00f8rte ham til at tr\u00e6kke sig tilbage til \u00f8rkenen i det amerikanske sydvest, hvor det Englelige N\u00e6rv\u00e6r igen kom til ham. Og s\u00e5ledes begyndte den lange, mystiske proces, med at tage imod Guds Nye Budskab til menneskeheden.<\/p>\n<h4 class=\"text-color-gray-9 text-align-center\">EN LANG VEJ <\/h4>\n<p>I \u00e5rene, der fulgte, m\u00e5tte Marshalls rolle som l\u00e6rer udvikle sig, s\u00e5 han, som den, der var bestemt til at v\u00e6re modtageren af det Nye Budskab og dets Budbringer, ville v\u00e6re klar. Han m\u00e5tte have nok verdslig visdom og nok f\u00e6rdighed og integritet, som formidler, som l\u00e6rer og som \u00e9n, der er vision\u00e6r og har indsigt, for at kunne tage imod et Budskab af denne st\u00f8rrelsesorden, givet over en meget lang periode. Han m\u00e5tte l\u00e6re om virkeligheden og spiritualiteten af intelligent liv i Universet, som i det Nye Budskab kaldes det St\u00f8rre F\u00e6llesskab. Derudover m\u00e5tte han v\u00e6re i stand til at udholde tusindvis af timers direkte kontakt med det Englelige N\u00e6rv\u00e6r, tage imod og optage det Nye Budskab fra Gud. Dette var en stor belastning for ham, b\u00e5de mentalt og fysisk. Det er en proces, som kun f\u00e5 i verden i dag forst\u00e5r.<\/p>\n<table style=\"height: 222px;\" width=\"356\" align=\"right\">\n<tbody>\n<tr>\n<td><iframe loading=\"lazy\" title=\"Who is Marshall Vian Summers?\" width=\"340\" height=\"191\" src=\"https:\/\/www.youtube.com\/embed\/vYtCvtf43Cw?feature=oembed\" frameborder=\"0\" allow=\"accelerometer; autoplay; clipboard-write; encrypted-media; gyroscope; picture-in-picture; web-share\" allowfullscreen><\/iframe><\/td>\n<\/tr>\n<\/tbody>\n<\/table>\n<p>Selvom Marshall Vian Summers blev sendt til verden, bestemt til at v\u00e6re Budbringeren, ville han ikke vide dette i mange \u00e5r. Det ville f\u00f8rst blive r\u00f8bet for ham meget senere, i de sidste stadier af selve modtagelsen af det Nye Budskab. For der er altid en risiko for, at Budbringeren svigter \u2013 ved at manipulere med Budskabet, forn\u00e6gte Budskabet eller v\u00e6re ude af stand til l\u00f8bende at ofre det, der kr\u00e6ves, for at modtage og pr\u00e6sentere Budskabet. Derfor var det n\u00f8dvendigt, at Marshall n\u00e5ede et niveau af personlig modenhed og visdom, for at kunne tage imod den st\u00f8rre mission og det st\u00f8rre kald, som var hans at g\u00f8re krav p\u00e5.<\/p>\n<h4 class=\"text-color-gray-9 text-align-center\">NU OG REJSEN FREMAD<\/h4>\n<p>Selvom han har b\u00e5ret v\u00e6gten og ansvaret for denne Nye \u00c5benbaring i mange \u00e5r, har Marshall Vian Summers bevaret sin ydmyghed og menneskelighed gennem hele sin lange og uforklarlige rejse, med at bringe et Nyt Budskab fra Gud til verden. Ingen Budbringer har nogensinde v\u00e6ret i stand til at g\u00f8re dette alene. S\u00e5ledes f\u00f8rte et mystisk begivenhedsforl\u00f8b folk til ham. Den f\u00f8rste til at finde og slutte sig til ham var hans kone, som har st\u00f8ttet ham siden 1983 og gjort sine egne ofre, for at sikre, at det Nye Budskab kunne blive leveret. I \u00e5renes l\u00f8b fulgte en lille gruppe individer, \u00e9n efter \u00e9n, et kald, som ultimativt fik dem til at indtage deres stilling, med henblik p\u00e5 at st\u00f8tte dette store arbejde. Han blev ogs\u00e5 velsignet med en s\u00f8n, som nu har valgt at slutte sig til ham i hans mission.<\/p>\n<p>Nu, efter mange \u00e5rs rolige arbejde, uden verdslig anerkendelse, er tiden kommet for ham og for de p\u00e5kaldte, til at hj\u00e6lpe ham med at bringe gaven af det Nye Budskab ud til menneskeheden, i denne tid med store forandringer og stor uvished.<\/p>\n<p><a href=\"\/da\/budskabet\/bind-1\/den-nye-budbringer\/budbringerens-historie\/\"><strong>L\u00e6s den s\u00e6rlige \u00c5benbaring: <em>Budbringerens Historie<\/em><\/em><\/strong><\/a>[\/vc_column_text][\/vc_column][\/vc_row]<\/p>\n","protected":false},"excerpt":{"rendered":"<p>[vc_row][vc_column][vc_column_text] Marshall Vian Summers har givet de sidste 41 \u00e5r af sit liv til at tage imod og i stilhed undervise i det Nye Budskab fra Gud. Det meste af \u00e5ret arbejder han fra Rocky Mountains i USA, hvor han lever i afsondrethed, omgivet af sin familie og n\u00e6re ledsagere. Ved sj\u00e6ldne lejligheder rejser Marshall\u2026 <a class=\"read-more\" href=\"https:\/\/www.v6.newmessage.org\/da\/hvem-er-marshall-vian-summers\/marshall-vian-summers-historie\/\"><span>Read More<\/span><\/a><\/p>\n","protected":false},"author":77,"featured_media":0,"parent":12766,"menu_order":1,"comment_status":"closed","ping_status":"closed","template":"template-leftsidebar.php","meta":{"_monsterinsights_skip_tracking":false,"_monsterinsights_sitenote_active":false,"_monsterinsights_sitenote_note":"","_monsterinsights_sitenote_category":0,"footnotes":""},"categories":[81,685],"tags":[687],"_links":{"self":[{"href":"https:\/\/www.v6.newmessage.org\/da\/wp-json\/wp\/v2\/pages\/27955"}],"collection":[{"href":"https:\/\/www.v6.newmessage.org\/da\/wp-json\/wp\/v2\/pages"}],"about":[{"href":"https:\/\/www.v6.newmessage.org\/da\/wp-json\/wp\/v2\/types\/page"}],"author":[{"embeddable":true,"href":"https:\/\/www.v6.newmessage.org\/da\/wp-json\/wp\/v2\/users\/77"}],"replies":[{"embeddable":true,"href":"https:\/\/www.v6.newmessage.org\/da\/wp-json\/wp\/v2\/comments?post=27955"}],"version-history":[{"count":2,"href":"https:\/\/www.v6.newmessage.org\/da\/wp-json\/wp\/v2\/pages\/27955\/revisions"}],"predecessor-version":[{"id":27958,"href":"https:\/\/www.v6.newmessage.org\/da\/wp-json\/wp\/v2\/pages\/27955\/revisions\/27958"}],"up":[{"embeddable":true,"href":"https:\/\/www.v6.newmessage.org\/da\/wp-json\/wp\/v2\/pages\/12766"}],"wp:attachment":[{"href":"https:\/\/www.v6.newmessage.org\/da\/wp-json\/wp\/v2\/media?parent=27955"}],"wp:term":[{"taxonomy":"category","embeddable":true,"href":"https:\/\/www.v6.newmessage.org\/da\/wp-json\/wp\/v2\/categories?post=27955"},{"taxonomy":"post_tag","embeddable":true,"href":"https:\/\/www.v6.newmessage.org\/da\/wp-json\/wp\/v2\/tags?post=27955"}],"curies":[{"name":"wp","href":"https:\/\/api.w.org\/{rel}","templated":true}]}}