{"id":27946,"date":"2023-09-26T20:34:33","date_gmt":"2023-09-26T20:34:33","guid":{"rendered":"https:\/\/www.newmessage.org\/da\/?page_id=27946"},"modified":"2023-09-26T20:34:35","modified_gmt":"2023-09-26T20:34:35","slug":"budbringerens-pakaldelse","status":"publish","type":"page","link":"https:\/\/www.v6.newmessage.org\/da\/budskabet\/bind-1\/den-nye-budbringer\/budbringerens-pakaldelse\/","title":{"rendered":"Budbringerens P\u00e5kaldelse"},"content":{"rendered":"<div><!-- Version 3.2 Verse --><\/div>\n\n<div class=\"tabgroup \"><ul class=\"tabs\"><li><a href=\"#tabs-1\">\u00c5benbaring<\/a><\/li>\n<li><a href=\"#tabs-2\">Watch<\/a><\/li>\n<li><a href=\"#tabs-3\">Bog<\/a><\/li><\/ul>\n <div id=\"tabs-1\"><br \/>\nH\u00f8r den oprindelige version af \u00c5benbaringen p\u00e5 engelsk:<\/p>\n<div id=\"jquery_jplayer_1\" class=\"jp-jplayer\"><\/div>\n\t\t\t\t<div id=\"jp_container_1\" class=\"jp-audio\">\n\t\t\t\t<div class=\"jp-type-single\"><div class=\"jp-control\"><a href=\"javascript:;\" class=\"jp-play\" tabindex=\"1\">play<\/a><a href=\"javascript:;\" class=\"jp-pause\" tabindex=\"1\">pause<\/a><\/div> <div class=\"jp-gui jp-interface\"><div class=\"jp-volume\"><div class=\"jp-volume-bar\"><div class=\"jp-volume-bar-value\"><\/div><\/div><\/div><div class=\"jp-progress\"><div class=\"jp-seek-bar\"><div class=\"jp-play-bar\"><\/div><\/div><\/div><\/div>\t\t\t\t\t<div class=\"jp-no-solution\"><span>Update Required<\/span>To play the media you will need to either update your browser to a recent version or update your <a href=\"http:\/\/get.adobe.com\/flashplayer\/\" target=\"_blank\">Flash plugin<\/a>.<\/div><\/div><\/div>\n\t\t\t<script type='text\/javascript'>\n\t\t\t\tjQuery(document).ready(function() {\n\t\t\t\t\tif (typeof (sermonMedia) == 'function') {\n\t\t\t\t\t\tsermonMedia.addAudio('', \"jquery_jplayer_1\");\n\t\t\t\t\t}\n\t\t\t\t\tjQuery.jPlayer.timeFormat.showHour = true;\n\t\t\t\t\tjQuery(\"#jquery_jplayer_1\").jPlayer({\n\t\t\t\t\t\tready: function(event) {\n\t\t\t\t\t\t\tjQuery(this).jPlayer(\"setMedia\", {mp3: 'https:\/\/newmessage.org\/av\/the-messengers-calling.mp3'});\n\t\t\t\t\t\t},\n\t\t\t\t\t\tplay: function() {\n\t\t\t\t\t\t\tjQuery(this).jPlayer(\"pauseOthers\");\n\t\t\t\t\t\t},\n\t\t\t\t\t\tswfPath: ThemeData.directory_uri+\"\/swf\",\n\t\t\t\t\t\tsolution: \"html, flash\",\n\t\t\t\t\t\tpreload: \"metadata\",\n\t\t\t\t\t\twmode: \"window\",\n\t\t\t\t\t\tsupplied: \"mp3\",\n\t\t\t\t\t\tcssSelectorAncestor: '#jp_container_1'\n\t\t\t\t\t});\n\t\t\t\t});\n\t\t\t<\/script><\/p>\n<p><a title=\"The Messenger's Calling\" href=\"https:\/\/newmessage.org\/av\/the-messengers-calling.mp3\">Download<\/a> (h\u00f8jre-klik for at downloade)<\/p>\n<p><em>Som \u00e5benbaret for Guds Budbringer<br \/>\nMarshall Vian Summers<br \/>\nden 3. september, 2014<br \/>\ni Boulder, CO <\/em><\/p>\n<div class=\"toggle toggle-white\"><h4 class=\"trigger \"><span class=\"t_ico\"><\/span><a href=\"#\">Om denne optagelse<\/a><\/h4><div class=\"toggle_container \"><br \/>\n<div id=\"yui_3_16_0_ym19_1_1467955126517_3327\" dir=\"ltr\"><span id=\"yui_3_16_0_ym19_1_1467955126517_3177\"><span id=\"yui_3_16_0_ym19_1_1467955126517_3178\">D\u00e9t, du h\u00f8rer i denne lydoptagelse er Den Englelige Forsamlings stemme, der taler gennem Budbringeren, Marshall Vian Summers<br \/>\n<\/span><\/span><\/div>\n<div dir=\"ltr\"><span id=\"yui_3_16_0_ym19_1_1467955126517_3177\"><span id=\"yui_3_16_0_ym19_1_1467955126517_3178\">\u00a0<\/span><\/span><\/div>\n<div id=\"yui_3_16_0_ym19_1_1467955126517_3359\" dir=\"ltr\"><span id=\"yui_3_16_0_ym19_1_1467955126517_3177\"><span id=\"yui_3_16_0_ym19_1_1467955126517_3178\"> Her er den oprindelige kommunikation fra Gud, der eksisterer hinsides ord, oversat til menneskeligt sprog og forst\u00e5else af Den Englelige Forsamling, der f\u00f8rer tilsyn med verden. Forsamlingen leverer derefter Guds Budskab gennem Budbringeren.<br \/>\n<\/span><\/span><\/div>\n<div id=\"yui_3_16_0_ym19_1_1467955126517_3369\" dir=\"ltr\"><span id=\"yui_3_16_0_ym19_1_1467955126517_3177\"><span id=\"yui_3_16_0_ym19_1_1467955126517_3178\">\u00a0<\/span><\/span><\/div>\n<div id=\"yui_3_16_0_ym19_1_1467955126517_3370\" dir=\"ltr\"><span id=\"yui_3_16_0_ym19_1_1467955126517_3177\"><span id=\"yui_3_16_0_ym19_1_1467955126517_3178\">I dette bem\u00e6rkelsesv\u00e6rdige forl\u00f8b, taler \u00c5benbaringens Stemme p\u00e5 ny. Ordet og Lyden er i verden. For f\u00f8rste gang i historien, er den oprindelige talte \u00e5benbaring tilg\u00e6ngelig for dig og for verden at opleve.<br \/>\n<\/span><\/span><\/div>\n<div id=\"yui_3_16_0_ym19_1_1467955126517_3436\" dir=\"ltr\"><span id=\"yui_3_16_0_ym19_1_1467955126517_3177\"><span id=\"yui_3_16_0_ym19_1_1467955126517_3178\">\u00a0<\/span><\/span><\/div>\n<div id=\"yui_3_16_0_ym19_1_1467955126517_3435\" dir=\"ltr\"><span id=\"yui_3_16_0_ym19_1_1467955126517_3177\"><span id=\"yui_3_16_0_ym19_1_1467955126517_3178\">M\u00e5 du v\u00e6re modtageren af denne \u00c5benbaringens gave og m\u00e5 du v\u00e6re \u00e5ben for at tage imod dens unikke Budskab for dig og for dit liv.<\/span><\/span><\/div>\n<br \/>\n<\/div><\/div>\n<p><\/div>\n<div id=\"tabs-2\"><\/p>\n<p><iframe loading=\"lazy\" title=\"The Messenger&#039;s Calling\" width=\"275\" height=\"155\" src=\"https:\/\/www.youtube.com\/embed\/hDibcrtq_Bw?feature=oembed\" frameborder=\"0\" allow=\"accelerometer; autoplay; clipboard-write; encrypted-media; gyroscope; picture-in-picture; web-share\" allowfullscreen><\/iframe><\/p>\n<p><\/div>\n<div id=\"tabs-3\"><\/p>\n<div class=\"text-align-center text font-size-12 margin-top-10\"><\/div>\n<div class=\"text-align-center text font-size-12 margin-top-10\">\n<p style=\"text-align: center;\">Read Patricia Summers&#8217; Afterglow account of\u00a0<a href=\"\/receiving-messengers-calling\">Receiving &#8220;The Messenger&#8217;s Calling&#8221;<\/a><\/p>\n<\/div>\n<div class=\"panel-10 text-align-center\"><a href=\"\/the-message\/volume-1\/new-messenger\/\"><img loading=\"lazy\" decoding=\"async\" class=\"imgborder wp-image-29650 size-medium aligncenter\" src=\"\/wp-content\/uploads\/2016\/09\/The-New-Messenger-ebook-cover.jpg\" alt=\"The Journey of the Messenger from the New Messenger book\" width=\"200\" height=\"300\" \/><\/a><\/div>\n<div class=\"text-align-center\"><a class='simple_button_link ' style='background-color: #4f8fd6' href='http:\/\/newknowledgelibrary.org\/books\/the-new-messenger-english-print-book\/'   ><span>Order the book<\/span><\/a><\/div>\n<div class=\"text-align-center\"><a class='simple_button_link ' style='background-color: #4f8fd6' href='http:\/\/newknowledgelibrary.org\/products.php?product=The-New-Messenger-%28English-ebook%29' target=\"_blank\"  ><span>Order the ebook<\/span><\/a><\/div>\n<div class=\"text-align-center text font-size-12 margin-top-10\">Bind 1 &gt; Den Nye Budbringer &gt; Kapitel\u00a012<\/div>\n<p><\/div>\n\t\t\t\t<div align=\"right\">\n\t\t\t<div class=\"fb-like\" data-href=\"\" data-layout=\"button_count\" data-action=\"like\" data-show-faces=\"false\" data-share=\"false\"><\/div>\n\t\t\t<div class=\"fb-share-button\" data-layout=\"button_count\"> <\/div>\n\t\t\t<div class=\"fb_iframe_widget\"><a href=\"https:\/\/twitter.com\/godsnewmessage?ref_src=twsrc%5Etfw\" class=\"twitter-follow-button\" data-show-count=\"false\">Follow @godsnewmessage<\/a><script async src=\"https:\/\/platform.twitter.com\/widgets.js\" charset=\"utf-8\"><\/script><\/div>\n\t\t\t<\/div> <\/div> \n\n<p>Gud har sendt en Budbringer til verden, sendt fra den Englelige Forsamling er han. Han er den f\u00f8rste Budbringer til at komme, siden Muhammeds dage. Og der vil ingen anden blive sendt meget l\u00e6nge.<\/p>\n<p>Hans rolle er s\u00e5 vigtig. Han bringer noget til verden, som aldrig er blevet bragt her f\u00f8r, og forts\u00e6tter hermed den fremragende r\u00e6kke af \u00c5benbaringer, der er bragt til menneskeheden, p\u00e5 kritiske vendepunkter i dens historie og evolution.<\/p>\n<p>Han kommer p\u00e5 et tidspunkt med et stort og voksende behov, da menneskeheden st\u00e5r overfor en verden med enorme milj\u00f8m\u00e6ssige forandringer og alle de politiske og \u00f8konomiske omv\u00e6ltninger, der vil f\u00f8lge. Han kommer p\u00e5 et tidspunkt, hvor menneskeheden st\u00e5r p\u00e5 t\u00e6rsklen til et univers fuld af intelligent liv. Han kommer p\u00e5 et tidspunkt, hvor menneskeheden m\u00e5 forberede sig.<\/p>\n<p>Det han opfordrer til i verden er, at verden tager imod dette. Folk fra alle nationer, kulturer og religi\u00f8se tilh\u00f8rsforhold, han p\u00e5kalder jer \u2013 jer, der kan h\u00f8re, jer, der kan tage imod, jer, der indser, at en Ny \u00c5benbaring m\u00e5 komme.<\/p>\n<p>For religion er sunket ned i rod og er i konflikt med sig selv og mellem dens prim\u00e6re udtryk. Den er blevet et redskab for staten og et redskab for dem, der s\u00f8ger magt og dominans over andre.<\/p>\n<p>Og dog er det ikke alene dette, der har bragt den Nye \u00c5benbaring til verden. Det er i virkeligt den store t\u00e6rskel, som menneskeheden st\u00e5r overfor, og som kun det Nye Budskab fra Gud fuldt ud kan afd\u00e6kke for jer. Det er en t\u00e6rskel til enorme forandringer i verden, som vil kr\u00e6ve, at I forbereder jer og tilpasser jer, i et omfang, der aldrig f\u00f8r er set. Det vil kr\u00e6ve, at menneskeheden g\u00f8r sig klar til at engagere sig med livet i universet, et engagement, der allerede er begyndt, men p\u00e5 en m\u00e5de, der er yderst farlig for den menneskelige familie.<\/p>\n<p>Folk fra alle nationer, kulturer og religi\u00f8se traditioner, Budbringeren opfordrer jer til at have modet og \u00e6rligheden til at m\u00e6rke det store behov for, at Gud taler til jer igen. For Gud taler kun til menneskeheden p\u00e5 store vendepunkter, p\u00e5 tidspunkter med store behov og store muligheder.<\/p>\n<p>Nu bliver de oprigtige b\u00f8nner, anmodninger og \u00e6gte behov hos mennesker over hele verden opfyldt gennem \u00c5benbaringen. Men Gud giver ikke folk det, de forventer. Gud giver folk det, de har brug for, i denne tid og i de kommende tider. Og \u00c5benbaringerne er s\u00e5 omfattende og dybe, at de taler til behov hos mennesker, der endnu ikke er f\u00f8dt, mennesker, der vil blive f\u00f8dt om 50 \u00e5r eller 200 \u00e5r \u2013 s\u00e5 fremragende er \u00c5benbaringen. Af denne grund er Guds tidligere \u00c5benbaringer med tiden vokset og har l\u00f8bende kunnet s\u00f8rge for folk i forskellige tidsaldre og forskellige nationer og under alle mulige omst\u00e6ndigheder.<\/p>\n<p>Hvis den kan modtages og accepteres, studeres og anvendes, vil det v\u00e6re tilf\u00e6ldet med Guds Nye \u00c5benbaring. Den er her ikke for at erstatte verdens religioner, men for at give dem en st\u00f8rre sp\u00e6ndvidde og en st\u00f8rre dimension, og for at forene dem. For de blev alle initieret af Gud, og de er alle \u00e6ndret af mennesket, gennem indf\u00f8relse, gennem forvirring og gennem korruption.<\/p>\n<p>Folk fra alle nationer, kulturer og religi\u00f8se traditioner, Budbringeren opfordrer jer til, at I erkender jeres dybere behov, jeres sj\u00e6ls behov. Dette er ikke blot dagens behov, blot verdens begivenheder eller blot dette \u00f8jebliks krise. Det er et behov, der er mere gennemtr\u00e6ngende og dybt \u2013 behovet for at genforenes med sin Kilde, behovet for at f\u00e5 den styrke, som kun Himlen kan give, behovet for at kende sit sande form\u00e5l og sin sande retning, udover den, som \u00e9ns kultur og selv \u00e9ns religion har foreskrevet. Kun Gud kan give dette.<\/p>\n<p>Behovet for at tilgive, behovet for integritet, behovet for sandt form\u00e5l og retning, hinsides det, din kultur og andre har foreskrevet \u2013 dette m\u00e5 komme fra Gud, hvis det skal v\u00e6re sandt og effektivt, hvis det skal tjene dig til alle tider, i alle mulige situationer \u2013 hinsides alle menneskehedens opdelinger, alle menneskehedens konflikter, alle menneskehedens fejl.<\/p>\n<p>Gud ved, hvad der kommer over horisonten og s\u00f8ger at advare dig, velsigne dig og forberede dig.<\/p>\n<p>Budbringeren opfordrer jer nu til at h\u00f8re, til at reagere, til at finde dette, til at tage imod dette, til at tilsides\u00e6tte jeres domme og jeres pr\u00e6ferencer og jeres formaninger, s\u00e5 I kan tage imod Skaberens velsignelser, som nu gives p\u00e5 ny, under meget anderledes omst\u00e6ndigheder, nu, hvor menneskeheden st\u00e5r overfor sine st\u00f8rste pr\u00f8velser.<\/p>\n<p>I begyndelsen vil ikke alle kunne reagere, men der er mange i verden i dag, der er rede til at h\u00f8re dette. Der er mange i alle nationer, i alle kulturer og i alle trostraditioner, der er rede til at h\u00f8re dette kald.<\/p>\n<p>Nu er Budbringeren en \u00e6ldre mand. S\u00e5 tid er afg\u00f8rende for at du kan h\u00f8re ham, tage imod ham og anerkende ham, indenfor hans resterende \u00e5r p\u00e5 Jorden.<\/p>\n<p>Han opfordrer dig til at tage imod, til at l\u00e6re og til at tage Trin til Kundskab, den dybere Kundskab, som Gud har lagt i dig, og som blev lagt i dig, inden du overhovedet kom til verden \u2013 til at vejlede dig, beskytte dig og f\u00f8re dig til et st\u00f8rre liv af form\u00e5l og opfyldelse i verden. Disse ting kan du ikke give dig selv.<\/p>\n<p>Uden denne Kundskab vil folk f\u00f8lge stammen. De vil f\u00f8lge kulturen. De vil f\u00f8lge andres formaninger. De vil fortabe sig i en verden af beg\u00e6r, fantasi og klager. De vil leve et liv i fortvivlelse og ofte i vold. De vil v\u00e6re uforberedte p\u00e5 de st\u00f8rre kr\u00e6fter, der forandrer verden, selv i dette \u00f8jeblik.<\/p>\n<p>Uden Kundskab vil mennesker blive sat op imod hinanden, som de altid er blevet \u2013 de vil k\u00e6mpe, konkurrere, sl\u00e5s og \u00f8del\u00e6gge hinanden, som de altid har gjort.<\/p>\n<p>Det er kun p\u00e5 grund af de store Budbringere og Budskaber, at menneskeheden er n\u00e5et s\u00e5 vidt, med s\u00e5 megen succes, p\u00e5 trods af sine mange nederlag og fejl.<\/p>\n<p>Men nu m\u00e5 en Ny \u00c5benbaring gives. Budbringeren har i isolation brugt 40 \u00e5r p\u00e5 at tage imod den. Nu m\u00e5 han i sine resterende leve\u00e5r forkynde den for verden. S\u00e5 hans opfordring er ikke kun rettet mod \u00e9n gruppe, \u00e9n nation eller \u00e9n region. Den er til hele verden, og derfor udsender han til hele verden og giver hele verden \u00c5benbaringen, samt \u00c5benbaringens Stemme, som gives for f\u00f8rste gang i hele menneskehedens historie.<\/p>\n<p>En Stemme, som den, der talte til Jesus, til Buddha og til Muhammed, kan I nu h\u00f8re for f\u00f8rste gang \u2013 Vores Stemme, denne Stemme, den Englelige Forsamlings Stemme, der taler samlet som \u00e9n, en virkelighed og et f\u00e6nomen, som jeres intellekt ikke kan begribe, men som jeres hjerte kraftfuldt kan tage imod.<\/p>\n<p>For Herren er Herren over hele universet, med utallige racer af v\u00e6sener, der er s\u00e5 forskellige fra jer, og andre dimensioner i det fysiske univers og i Skabelsen, fuldst\u00e6ndigt udenfor det fysiske rige.<\/p>\n<p>Gud har lagt Kundskab i dig. Skulle du v\u00e5gne op til den og blive lydh\u00f8r for den, kan Guds vilje bev\u00e6ge dig og beskytte dig og vejlede dig, for nu har du mere end nogensinde brug for det.<\/p>\n<p>Folk fra alle nationer, kulturer og religi\u00f8se traditioner, h\u00f8r Budbringerens kald [p\u00e5] dig. Bestrid det ikke. Forn\u00e6gt det ikke, ellers vil du forn\u00e6gte Guds N\u00e5de og Magt. Og du forn\u00e6gter Guds gave til dig, som du nu, mere end noget andet, har brug for.<\/p>\n<p>De tidligere store traditioner kan ikke forberede menneskeheden p\u00e5 den store forandring, der er p\u00e5 vej til verden, eller p\u00e5 menneskehedens m\u00f8de med intelligent liv i universet \u2013 de to st\u00f8rste begivenheder i hele menneskets historie, de to begivenheder, der mere end noget andet kan p\u00e5virke fremtiden for alle mennesker p\u00e5 jorden og fremtiden for dem, der endnu ikke er kommet. Behovet er s\u00e5 stort, at man knapt kan se det. Det overg\u00e5r de behov, du t\u00e6nker p\u00e5.<\/p>\n<p>Men verden er begyndt at blive nedbrudt. Den menneskelige civilisation er begyndt at blive nedbrudt. Det vil p\u00e5virke dig og alle mennesker, rig som fattig, i alle lande, i alle verdenshj\u00f8rner.<\/p>\n<p>Du m\u00e5 h\u00f8re Budbringerens opfordring til dig. Gud har sendt ham hertil for at v\u00e6re modtageren og den prim\u00e6re repr\u00e6sentant for Guds Nye \u00c5benbaring til verden.<\/p>\n<p>Bestrid ikke dette p\u00e5 et religi\u00f8st grundlag. For du kan ikke afg\u00f8re, hvad Gud vil g\u00f8re, eller hvorn\u00e5r Gud vil tale. Du kan ikke afg\u00f8re, om der kan sendes endnu en Budbringer til verden. Det er kun arrogance og t\u00e5belighed, der vil komme med s\u00e5danne erkl\u00e6ringer.<\/p>\n<p>I tr\u00e6der ind i en ny verden, med svindende ressourcer, voldsomt vejr, svigtende afgr\u00f8der og enorme biologiske og fysiske forandringer, skabt af menneskehedens t\u00e5belighed, gr\u00e5dighed og misbrug af verden. Det er en tid med behov, der vokser og tiltager med hver dag, der g\u00e5r. Kun f\u00e5 mennesker er klare over, hvad dette virkeligt vil betyde, og hvor meget det vil \u00e6ndre deres situation. Men Gud ved, og \u00c5benbaringen afd\u00e6kker det meget tydeligt.<\/p>\n<p>Hvem i verden ved, hvordan livet i universet er, eller hvad m\u00f8det med dette liv vil forlange, eller hvad dette liv vil betyde for menneskeheden, eller hvordan man i dette m\u00f8de skelner ven fra fjende? Kun Gud ved, og Gud har sendt \u00c5benbaringen, for at afd\u00e6kke det for jer og g\u00f8re jer parate til det, for der er intet i verden, der kan g\u00f8re jer parate til det.<\/p>\n<p>Folk fra alle nationer, kulturer og religi\u00f8se traditioner, h\u00f8r Budbringerens kald. Han er den eneste person, der kan g\u00f8re dette. For han er blevet sendt fra den Englelige Forsamling. Han er ikke en almindelig person. Han er ikke en Gud, for ingen person er nogen Gud. Men han er medlem af Forsamlingen, og han befinder sig i verden. Alle de store Budbringere er kommet fra Forsamlingen. Det er det, der har givet dem den kraft og den forening, der skal til, for at bringe de store \u00c5benbaringer til verden, som de er bragt.<\/p>\n<p>Nu lever du i en \u00c5benbaringens tid. Det er en tid, der vil udfordre din tro, dit mod, din tillid og din tiltro til dig selv og til andre, p\u00e5 m\u00e5der, som aldrig f\u00f8r er oplevet. Selv de store krige i det forrige \u00e5rhundrede vil betyde meget lidt, sammenlignet med det, I vil st\u00e5 overfor nu \u2013 produktet af menneskehedens misbrug af verden.<\/p>\n<p>Kun Gud kan vise dig vejen. For indtil nu har menneskeheden ikke p\u00e5 egen h\u00e5nd v\u00e6ret i stand til at korrigere sin opf\u00f8rsel. Kun Gud kan vise jer en vej til en bedre fremtid for den menneskelige familie, for den kan mennesker ikke selv opfinde.<\/p>\n<p>Derfor m\u00e5 du se, at Gud er meget st\u00f8rre, end I hidtil har t\u00e6nkt \u2013 en Gud af utallige racer i universet, en Gud af et rige af liv s\u00e5 vidtstrakt, at dit intellekt n\u00e6ppe kan fatte det, eller [selv nogen] del af det.<\/p>\n<p>Det er denne Gud, der har sendt dig til verden, gennem din \u00c5ndelige Familie. Det er denne Gud, der har lagt Kundskab i dig, til at vejlede dig og give dig Visdom fra hinsides verden. Det er denne Gud, der vil returnere til dig din sande integritet, din dybere natur og det virkelige form\u00e5l, der har bragt dig til verden, under de omst\u00e6ndigheder, som du s\u00f8ger at forn\u00e6gte eller undg\u00e5.<\/p>\n<p>Folk fra alle nationer, kulturer og trostraditioner, h\u00f8r Budbringerens kald, for det er Guds Kald. Han er Budbringeren. Men han er her ikke blot for at overbringe Budskabet, ogs\u00e5 for at repr\u00e6sentere det og tale for det. Dette er muligt, p\u00e5 grund af den, han er, og hvor han kommer fra.<\/p>\n<p>Der er ingen andre [i verden], der kan gribe Guds \u00c5benbaring og bruge den for sig selv, for det har de hverken magten eller forbindelsen til. Og Himlen vil ikke \u00e6re dem, uanset hvad de forkynder om sig selv.<\/p>\n<p>Der er kun \u00e9n, der er sendt. For s\u00e5dan foreg\u00e5r det. Kun \u00e9n er sendt, og han befinder sig i verden, og han p\u00e5kalder dig. Han p\u00e5kalder dig med sin stemme, og han p\u00e5kalder dig gennem selve \u00c5benbaringen, som bliver gjort tilg\u00e6ngelig for verden s\u00e5 hurtigt, som det er muligt.<\/p>\n<p>Budbringeren er en ydmyg mand. Han har ingen position i verden. Han har gennemg\u00e5et en forberedelse, som ikke ligner noget du kan forestille dig, p\u00e5 et st\u00f8rre kald og en st\u00f8rre mission her p\u00e5 Jorden. Men han m\u00e5 tale til Jordens folk og n\u00e5 s\u00e5 mange som muligt, i de resterende \u00e5r af sin levetid.<\/p>\n<p>Dette er hans opfordring til jer. Dette er din udfordring. Kan du st\u00e5 ansigt til ansigt med \u00c5benbaringens Lys? Kan du v\u00e6re modtagelig for Guds Nye \u00c5benbaring til verden? Kan du tage den til dig og anvende den i dit liv? Den vil s\u00f8rge for s\u00e5 meget for dig lige nu, i alt, hvad du foretager dig, og i alt, hvad du har brug for.<\/p>\n<p>Gud har givet \u00c5benbaringen til verden, og alligevel s\u00f8rger den for at genoprette hver enkelt person, der kan tage imod den og anvende den i sit liv. Kun Skaberens genialitet kan g\u00f8re dette. Kun Skaberens genialitet kan tale til mennesker fra alle nationer, alle kulturer og alle trostraditioner, gennem den Nye \u00c5benbaring.<\/p>\n<p>Velsignelsen er over dig. Budbringeren opfordrer dig til at tage imod den. Budbringeren opfordrer dig til at v\u00e6re virkelig \u00e6rlig og modtagelig. Budbringeren opfordrer dig til at tilsides\u00e6tte din tro og dine formaninger, s\u00e5 du kan v\u00e6re modtagelig for \u00c5benbaringen. Hvis ikke du kan v\u00e6re det, kan Gud ikke hj\u00e6lpe dig. Gud kan ikke assistere dig.<\/p>\n<p>Gud er stadig n\u00e6rv\u00e6rende i verden, og Guds \u00c5benbaring til menneskeheden er nu kommet igen.<\/p>\n","protected":false},"excerpt":{"rendered":"<p>Gud har sendt en Budbringer til verden, sendt fra den Englelige Forsamling er han. Han er den f\u00f8rste Budbringer til at komme, siden Muhammeds dage. Og der vil ingen anden blive sendt meget l\u00e6nge. Hans rolle er s\u00e5 vigtig. Han bringer noget til verden, som aldrig er blevet bragt her f\u00f8r, og forts\u00e6tter hermed den\u2026 <a class=\"read-more\" href=\"https:\/\/www.v6.newmessage.org\/da\/about-recording-shortcode\/\"><span>Read More<\/span><\/a><\/p>\n","protected":false},"author":77,"featured_media":0,"parent":16489,"menu_order":12,"comment_status":"closed","ping_status":"open","template":"template-leftsidebar.php","meta":{"_monsterinsights_skip_tracking":false,"_monsterinsights_sitenote_active":false,"_monsterinsights_sitenote_note":"","_monsterinsights_sitenote_category":0,"footnotes":""},"categories":[76,532,119,30,465,460],"tags":[698],"_links":{"self":[{"href":"https:\/\/www.v6.newmessage.org\/da\/wp-json\/wp\/v2\/pages\/27946"}],"collection":[{"href":"https:\/\/www.v6.newmessage.org\/da\/wp-json\/wp\/v2\/pages"}],"about":[{"href":"https:\/\/www.v6.newmessage.org\/da\/wp-json\/wp\/v2\/types\/page"}],"author":[{"embeddable":true,"href":"https:\/\/www.v6.newmessage.org\/da\/wp-json\/wp\/v2\/users\/77"}],"replies":[{"embeddable":true,"href":"https:\/\/www.v6.newmessage.org\/da\/wp-json\/wp\/v2\/comments?post=27946"}],"version-history":[{"count":3,"href":"https:\/\/www.v6.newmessage.org\/da\/wp-json\/wp\/v2\/pages\/27946\/revisions"}],"predecessor-version":[{"id":27950,"href":"https:\/\/www.v6.newmessage.org\/da\/wp-json\/wp\/v2\/pages\/27946\/revisions\/27950"}],"up":[{"embeddable":true,"href":"https:\/\/www.v6.newmessage.org\/da\/wp-json\/wp\/v2\/pages\/16489"}],"wp:attachment":[{"href":"https:\/\/www.v6.newmessage.org\/da\/wp-json\/wp\/v2\/media?parent=27946"}],"wp:term":[{"taxonomy":"category","embeddable":true,"href":"https:\/\/www.v6.newmessage.org\/da\/wp-json\/wp\/v2\/categories?post=27946"},{"taxonomy":"post_tag","embeddable":true,"href":"https:\/\/www.v6.newmessage.org\/da\/wp-json\/wp\/v2\/tags?post=27946"}],"curies":[{"name":"wp","href":"https:\/\/api.w.org\/{rel}","templated":true}]}}