{"id":27908,"date":"2023-08-24T01:45:13","date_gmt":"2023-08-24T01:45:13","guid":{"rendered":"https:\/\/www.newmessage.org\/da\/?page_id=27908"},"modified":"2023-08-24T01:45:27","modified_gmt":"2023-08-24T01:45:27","slug":"broen-til-storre-intelligens","status":"publish","type":"page","link":"https:\/\/www.v6.newmessage.org\/da\/hvem-er-marshall-vian-summers\/budbringeren-taler\/broen-til-storre-intelligens\/","title":{"rendered":"Broen til St\u00f8rre Intelligens"},"content":{"rendered":"<div class=\"background-color-gray-gallery padding-10\" style=\"text-align: center;\">\n<iframe loading=\"lazy\" src=\"https:\/\/www.youtube.com\/embed\/6DaxQhKQtGU?rel=0\" allowfullscreen=\"\" width=\"588\" height=\"330\" frameborder=\"0\"><\/iframe><\/div>\n<div class=\"background-color-gray-gallery text-align-center\">\n<div class=\"fb-like\" data-href=\"\" data-layout=\"button_count\" data-action=\"like\" data-show-faces=\"false\" data-share=\"false\"><\/div><div class=\"fb-share-button\" data-layout=\"button_count\" data-size=\"small\" data-mobile-iframe=\"true\"><a target=\"_blank\" href=\"https:\/\/www.facebook.com\/sharer\/sharer.php?u&amp;src=sdkpreparse\" class=\"fb-xfbml-parse-ignore\">Share<\/a><\/div>\n<div class=\"background-color-gray-gallery padding-20\" style=\"text-align: left;\"><em>Broen til St\u00f8rre Intelligens<\/em><br \/>\n<em>8. februar, 2016<\/em><\/div>\n<div class=\"background-color-gray-gallery padding-20\" style=\"text-align: left;\">\n<p>Der er en st\u00f8rre Intelligens, der bor i dig, en Intelligens, der ikke er et produkt af din formelle uddannelse, eller af dine religi\u00f8se studier eller af indflydelsen fra din familie og venner. Det er en st\u00f8rre intelligens, der bor i hver enkelt person, der venter p\u00e5 at blive opdaget. Gud har lagt den der, for at vejlede dig, beskytte dig og lede dig til dit st\u00f8rre arbejde og tjeneste i verden. Du kan ikke bruge denne st\u00f8rre Intelligens til personlig fortjeneste. Du kan ikke bruge den til egoistiske form\u00e5l. Du kan ikke bruge den til at skade andre eller til at opn\u00e5 ting, som du \u00f8nsker, for denne Intelligens har sit eget form\u00e5l og design for dig, skabt f\u00f8r du kom til verden, givet til dig som den eneste forsikring om, at det kan lykkes dig i dette liv.<\/p>\n<p>For du er kommet med et st\u00f8rre form\u00e5l, sendt til verden med et st\u00f8rre form\u00e5l, hvilket betyder, at du har en \u00e6gte sk\u00e6bne i forbindelse med at v\u00e6re her. Og denne st\u00f8rre Intelligens er inden i dig, for ub\u00f8nh\u00f8rligt at orientere dit liv i denne retning, p\u00e5 trods af hvad du m\u00e5tte fors\u00f8ge at g\u00f8re med dit liv, eller hvordan du kan v\u00e6re indskr\u00e6nket af usunde situationer eller vanskelige omst\u00e6ndigheder.<\/p>\n<p>Dette betyder, at du har to sind. Du har det sind, verden har dannet og skabt, som du lever i hver dag. S\u00e5 har du et dybere sind, som er det sind, du havde, f\u00f8r du kom til verden, og det sind, du vil have, n\u00e5r du afg\u00e5r. Dette repr\u00e6senterer den permanente og ud\u00f8delige del af dig.<\/p>\n<p>At forst\u00e5 dette er at begynde en stor rejse, for at bringe dit verdslige sind i forbindelse og i forhold til den dybere Kundskab, som Gud har lagt der, for dit velv\u00e6re og din succes i livet.<\/p>\n<p>Den st\u00f8rre Intelligens er blevet fremh\u00e6vet i alle de store religi\u00f8se traditioner, men for det meste har den v\u00e6ret skjult for folket, s\u00e5 religi\u00f8se ledere og institutioner kunne g\u00f8re krav p\u00e5 fuld magt og autoritet over menneskers liv, n\u00e5r i sandhed Skaberen af alt liv har givet fr\u00f8et til denne [kraft] i dig.<\/p>\n<p>Kundskab er langt visere og mere intelligent, denne dybere Kundskab, som jeg taler om, end dit personlige sind, men den orienterer dig i den rigtige retning, n\u00e5r du kan reagere p\u00e5 den. Den fungerer uden at tale, fungerer mere som en kraft eller et n\u00e6rv\u00e6r, som holder dig tilbage fra at give dit liv v\u00e6k til h\u00e5bl\u00f8se og meningsl\u00f8se ting og skubber dig fremad p\u00e5 visse tidspunkter, i retning af et engagement i livet, der virkelig vil v\u00e6re gavnligt for dig.<\/p>\n<p>Gud har nu talt igen og bragt en stor \u00c5benbaring til verden, til en verden, der st\u00e5r overfor stor krise og n\u00f8d, og dette Budskab, er den prim\u00e6re l\u00e6re om den st\u00f8rre Intelligens. For mere end alt, bliver mennesker n\u00f8dt til at bruge denne st\u00f8rre Intelligens, til at forst\u00e5 en foranderlig verden og til at m\u00f8de de vanskelige udfordringer, der kommer, og have visdom og vejledning til at navigere i en stadig mere usikker verden.<\/p>\n<p>Den st\u00f8rre Intelligens v\u00e5ger over dig og venter p\u00e5 det tidspunkt i dit liv, hvor du vil s\u00f8ge den, efter at v\u00e6re blevet skuffet over verden, frustreret over verden, m\u00e5ske sl\u00e5et fejl med hensyn til verdens forventninger. I et \u00f8jebliks stor n\u00f8gternhed og selv\u00e6rlighed, vil du komme til den, for at s\u00f8ge retning, visdom og klarhed.<\/p>\n<p>Dette er det \u00f8jeblik, som Himlen har ventet p\u00e5, at du i dit liv vil s\u00f8ge denne st\u00f8rre Intelligens, ved at erkende verdens begr\u00e6nsninger og den h\u00e5bl\u00f8se jagt p\u00e5 selvopfyldelse, som fort\u00e6rer s\u00e5 manges liv her, sj\u00e6ldent med et godt resultat.<\/p>\n<p>Guds Nye \u00c5benbaring til verden giver den \u00e6ldgamle l\u00e6re med Trin til Kundskab, for at engagere dig med denne st\u00f8rre kraft, p\u00e5 en s\u00e5dan m\u00e5de, at du vil begynde at forst\u00e5, hvordan den virker gennem dig, og hvordan den har virket gennem dig tidligere, og hvorfor den repr\u00e6senterer din sande integritet, din sande opfyldelse og din sande styrke, noget, der ikke kan findes p\u00e5 nogen anden m\u00e5de.<\/p>\n<p>Lad derfor denne st\u00f8rre Intelligens guide dig. Begynd at stilne dit sind, ved at opgive ford\u00f8mmelse af andre samt selvforn\u00e6gtelse, ved at opgive domf\u00e6ldelse af dig selv og andre, for at begynde at lytte. For der er et st\u00f8rre n\u00e6rv\u00e6r og en st\u00f8rre kraft i dig, og det holder for dig den sande retning i dit liv, din fremtids sande relationer og dit st\u00f8rre form\u00e5l med at komme til verden p\u00e5 dette tidspunkt.<\/p>\n<\/div>\n<div class=\"background-color-gray-gallery text-align-center\">\n<div class=\"background-color-gray-gallery text-align-center\">\n<div class=\"background-color-gray-gallery padding-20\" style=\"text-align: left;\">\n<p style=\"text-align: center;\"><a href=\"\/da\/hvem-er-marshall-vian-summers\/\">H\u00f8r mere fra Budbringeren.<\/a><\/p>\n<\/div>\n<\/div>\n<\/div>\n<\/div>\n","protected":false},"excerpt":{"rendered":"<p>Broen til St\u00f8rre Intelligens 8. februar, 2016 Der er en st\u00f8rre Intelligens, der bor i dig, en Intelligens, der ikke er et produkt af din formelle uddannelse, eller af dine religi\u00f8se studier eller af indflydelsen fra din familie og venner. Det er en st\u00f8rre intelligens, der bor i hver enkelt person, der venter p\u00e5 at\u2026 <a class=\"read-more\" href=\"https:\/\/www.v6.newmessage.org\/da\/hvem-er-marshall-vian-summers\/budbringeren-taler\/broen-til-storre-intelligens\/\"><span>Read More<\/span><\/a><\/p>\n","protected":false},"author":77,"featured_media":0,"parent":27849,"menu_order":8,"comment_status":"closed","ping_status":"closed","template":"template-leftsidebar.php","meta":{"_monsterinsights_skip_tracking":false,"_monsterinsights_sitenote_active":false,"_monsterinsights_sitenote_note":"","_monsterinsights_sitenote_category":0,"footnotes":""},"categories":[81,685],"tags":[695],"_links":{"self":[{"href":"https:\/\/www.v6.newmessage.org\/da\/wp-json\/wp\/v2\/pages\/27908"}],"collection":[{"href":"https:\/\/www.v6.newmessage.org\/da\/wp-json\/wp\/v2\/pages"}],"about":[{"href":"https:\/\/www.v6.newmessage.org\/da\/wp-json\/wp\/v2\/types\/page"}],"author":[{"embeddable":true,"href":"https:\/\/www.v6.newmessage.org\/da\/wp-json\/wp\/v2\/users\/77"}],"replies":[{"embeddable":true,"href":"https:\/\/www.v6.newmessage.org\/da\/wp-json\/wp\/v2\/comments?post=27908"}],"version-history":[{"count":2,"href":"https:\/\/www.v6.newmessage.org\/da\/wp-json\/wp\/v2\/pages\/27908\/revisions"}],"predecessor-version":[{"id":27910,"href":"https:\/\/www.v6.newmessage.org\/da\/wp-json\/wp\/v2\/pages\/27908\/revisions\/27910"}],"up":[{"embeddable":true,"href":"https:\/\/www.v6.newmessage.org\/da\/wp-json\/wp\/v2\/pages\/27849"}],"wp:attachment":[{"href":"https:\/\/www.v6.newmessage.org\/da\/wp-json\/wp\/v2\/media?parent=27908"}],"wp:term":[{"taxonomy":"category","embeddable":true,"href":"https:\/\/www.v6.newmessage.org\/da\/wp-json\/wp\/v2\/categories?post=27908"},{"taxonomy":"post_tag","embeddable":true,"href":"https:\/\/www.v6.newmessage.org\/da\/wp-json\/wp\/v2\/tags?post=27908"}],"curies":[{"name":"wp","href":"https:\/\/api.w.org\/{rel}","templated":true}]}}