{"id":27904,"date":"2023-08-24T01:41:06","date_gmt":"2023-08-24T01:41:06","guid":{"rendered":"https:\/\/www.newmessage.org\/da\/?page_id=27904"},"modified":"2023-08-24T01:41:23","modified_gmt":"2023-08-24T01:41:23","slug":"stigerne-fra-himlen","status":"publish","type":"page","link":"https:\/\/www.v6.newmessage.org\/da\/hvem-er-marshall-vian-summers\/budbringeren-taler\/stigerne-fra-himlen\/","title":{"rendered":"Stigerne fra Himlen"},"content":{"rendered":"<div class=\"background-color-gray-gallery padding-10\" style=\"text-align: center;\"><iframe loading=\"lazy\" src=\"https:\/\/www.youtube.com\/embed\/-hQkhvvSnJ4?rel=0\" width=\"588\" height=\"330\" frameborder=\"0\"><\/iframe><\/div>\n<div class=\"background-color-gray-gallery text-align-center\">\n<div class=\"fb-like\" data-href=\"\" data-layout=\"button_count\" data-action=\"like\" data-show-faces=\"false\" data-share=\"false\"><\/div><div class=\"fb-share-button\" data-layout=\"button_count\" data-size=\"small\" data-mobile-iframe=\"true\"><a target=\"_blank\" href=\"https:\/\/www.facebook.com\/sharer\/sharer.php?u&amp;src=sdkpreparse\" class=\"fb-xfbml-parse-ignore\">Share<\/a><\/div>\n<div class=\"background-color-gray-gallery padding-20\" style=\"text-align: left;\"><em>Stigerne fra Himlen<\/em><br \/>\n<em>11. februar, 2015<\/em><\/div>\n<div class=\"background-color-gray-gallery padding-20\" style=\"text-align: left;\">\n<p>Guds Nye Budskab til verden beskriver vores tilstand, idet vi lever i Adskillelse \u2013 adskilt fra vores Kilde; adskilt fra vores \u00c6ldgamle Hjem, hvorfra vi er kommet, og som vi alle til sidst vil vende tilbage til; adskilt fra vores dybere natur, der stadigt er forbundet med vores Kilde og med alt det, der er sandt og evigt i os og hinsides os.<\/p>\n<p>Vi lever i Adskillelse. Det Nye Budskab beskriver dette p\u00e5 mange m\u00e5der. En af m\u00e5derne, det beskriver dette p\u00e5 er, som om vi er g\u00e5et ned i en dyb slugt, havde bev\u00e6get os ned i en dyb kl\u00f8ft, som vi ikke kan undslippe \u2013 holdt fast i denne virkelighed, denne fysiske virkelighed \u2013 p\u00e5 fortvivlet jagt efter lykke, fors\u00f8ger desperat at undg\u00e5 smerte, lidelse og alle farerne og ulykken ved Adskillelse. Selvom vi lever i en smuk verden, k\u00e6mper vi for at finde lykke og tilfredshed.<\/p>\n<p>Dette er alt sammen resterne af Adskillelse. Og ind i denne tilsyneladende h\u00e5bl\u00f8se situation har Gud \u2013 universets Herre og vores Kilde \u2013 sendt stiger ned. Ikke bare \u00e9n stige, men mange stiger, sendt ned p\u00e5 forskellige tidspunkter i menneskehedens historie og udvikling, sendt ned i tider med store tr\u00e6ngsler, store forandringer og store muligheder.<\/p>\n<p>For Gud ved, at ikke alle kan f\u00f8lge \u00e9n l\u00e6rer eller \u00e9n l\u00e6re. Selvom folk stadig er forvirrede over dette, har det afgjort vist sig at v\u00e6re tilf\u00e6ldet, og vil sandsynligvis altid v\u00e6re tilf\u00e6ldet i denne verden, for menneskeheden, der lever i en Adskillelsestilstand.<\/p>\n<p>S\u00e5 Gud har sendt disse stiger ned fra Himlen. Hver enkelt er unik og anderledes. Hver enkelt tilbyder en vej ud for et stort udsnit af menneskeheden. Hver enkelt tilbyder visdom og perspektiv, som de andre m\u00e5ske mangler.<\/p>\n<p>Der er en stige for alle i verden. Og for dem, der ikke kan klatre opad nogen af de stiger, der er blevet givet [f\u00f8r], har Gud nu nedsendt en ny stige \u2013 nedsendt i en tid med store tr\u00e6ngsler, ved den store forandring der kommer til verden og menneskehedens m\u00f8de med livet i universet, de to st\u00f8rste begivenheder i hele menneskehedens historie, de to store t\u00e6rskler, der vil \u00e6ndre udfaldet for hver enkelt person i verden, deres b\u00f8rn og de kommende generationer. Gud har sendt en ny stige ned for at im\u00f8dekomme denne store t\u00e6rskel.<\/p>\n<p>Det, der er vigtigt for dig at forst\u00e5, er, at en af disse stiger, enten antikkens stiger, s\u00e5 fremragende de er, eller Guds Nye \u00c5benbaring for verden \u2013 en af disse stiger er din stige. At pr\u00f8ve at skabe din egen stige, at pr\u00f8ve at orkestrere din egen tilbagevenden til Gud vil ikke lykkes. For kun Gud kender vejen til Gud, og kun Gud ved, hvordan man vender tilbage. Og Gud har nedsendt de mange stiger, for at give hvert enkelt menneske i verden mulighed for at vende tilbage \u2013 ikke blot for at forlade verden, men for at v\u00e6re i verden p\u00e5 en helt ny m\u00e5de, med Himlens Magt og med en forpligtelse til at tjene en k\u00e6mpende menneskehed. Dette er det st\u00f8rre form\u00e5l, der ligger i hver enkelt person, som venter p\u00e5 at blive opdaget.<\/p>\n<p>Forst\u00e5 derfor, at det at l\u00e5ne fra den ene tradition og den anden tradition og fors\u00f8ge at skabe din patchwork-\u00e5ndelighed ikke f\u00f8rer dig nogen vegne. Du kan ikke orkestrere din egen tilbagevenden baseret p\u00e5 dine pr\u00e6ferencer og dine fordomme, for det uddyber kun din Adskillelse og vil ikke f\u00f8re dig nogen vegne.<\/p>\n<p>Du m\u00e5 v\u00e6lge en af stigerne. Og hvis antikkens stiger, en hvilken som helst af dem, ikke kan tale direkte til dig og n\u00e5 ind i dit hjerte og din sj\u00e6l, s\u00e5 m\u00e5 du vende dig i Guds Nye \u00c5benbarings retning. For det er s\u00e5dan, Gud vil forl\u00f8se dig og genoprette dig og give dig st\u00f8rre form\u00e5l og mening med at v\u00e6re i verden p\u00e5 dette tidspunkt.<\/p>\n<p>Her m\u00e5 du forst\u00e5, at alle de store Budbringere, som har initieret de store traditioner, alle er kommet fra den Englelige Forsamling. De er alle forenede, for Gud har initieret alle verdens religioner, og de er alle blevet \u00e6ndret af mennesket.<\/p>\n<p>Nu har Gud givet en [Ny] \u00c5benbaring. Den er her nu i renhed. Den er ikke blevet \u00e6ndret eller forurenet eller forbundet med politik eller kultur. Den er i sin rene form, fordi den er ny. Det er den nye stige nedsendt i slugten, nedsendt for at give en vej ud af Adskillelse og ud af al den elendighed, der f\u00f8lger med Adskillelse.<\/p>\n<p>Her m\u00e5 du forst\u00e5, at der ikke b\u00f8r v\u00e6re nogen strid mellem verdens religioner, for de har en f\u00e6lles Kilde. Og deres grundl\u00e6ggere kommer fra en f\u00e6lles Kilde. Og deres forskelligheder er beregnet til at appellere til bestemte udsnit af den menneskelige familie i bestemte regioner, mennesker med et bestemt temperament.<\/p>\n<p>For de store traditioner er den menneskelige civilisations byggesten. De er alle stiger fra himlen sendt ned for at give jer en vej ud af Adskillelse, ud af lidelse og fare.<\/p>\n<p>H\u00f8r disse ord. Jeg beder til, at I vil h\u00f8re disse ord. For denne l\u00e6re er en del af Guds Nye Budskab til verden. Jeg udtrykker det p\u00e5 min egen enkle og ydmyge m\u00e5de. Men det pr\u00e6senteres med stor dybde og klarhed i Guds Nye \u00c5benbaring for verden.<\/p>\n<p>For verdens religioner m\u00e5 forene sig for at tjene menneskeheden, idet den st\u00e5r overfor den store forandring, der er p\u00e5 vej til verden. Det er meningen, at de alle skal g\u00f8re dette, og det er Himlens Vilje, at de vil g\u00f8re dette. For det er deres underliggende form\u00e5l og mening \u2013 ikke at k\u00e6mpe og sl\u00e5s med hinanden, ikke at k\u00e6mpe for dominans over hinanden, ikke at ford\u00f8mme og grusomt undertrykke hinanden, men at forene sig for menneskehedens velf\u00e6rd og beskyttelse, idet den st\u00e5r overfor de st\u00f8rste t\u00e6rskler, den nogensinde har st\u00e5et overfor.<\/p>\n<\/div>\n<div class=\"background-color-gray-gallery text-align-center\">\n<div class=\"background-color-gray-gallery text-align-center\">\n<div class=\"background-color-gray-gallery padding-20\" style=\"text-align: left;\">\n<p style=\"text-align: center;\"><a href=\"\/da\/hvem-er-marshall-vian-summers\/\">H\u00f8r mere fra Budbringeren.<\/a><\/p>\n<\/div>\n<\/div>\n<\/div>\n<\/div>\n","protected":false},"excerpt":{"rendered":"<p>Stigerne fra Himlen 11. februar, 2015 Guds Nye Budskab til verden beskriver vores tilstand, idet vi lever i Adskillelse \u2013 adskilt fra vores Kilde; adskilt fra vores \u00c6ldgamle Hjem, hvorfra vi er kommet, og som vi alle til sidst vil vende tilbage til; adskilt fra vores dybere natur, der stadigt er forbundet med vores Kilde\u2026 <a class=\"read-more\" href=\"https:\/\/www.v6.newmessage.org\/da\/hvem-er-marshall-vian-summers\/budbringeren-taler\/stigerne-fra-himlen\/\"><span>Read More<\/span><\/a><\/p>\n","protected":false},"author":77,"featured_media":0,"parent":27849,"menu_order":7,"comment_status":"closed","ping_status":"closed","template":"template-leftsidebar.php","meta":{"_monsterinsights_skip_tracking":false,"_monsterinsights_sitenote_active":false,"_monsterinsights_sitenote_note":"","_monsterinsights_sitenote_category":0,"footnotes":""},"categories":[81,685],"tags":[694],"_links":{"self":[{"href":"https:\/\/www.v6.newmessage.org\/da\/wp-json\/wp\/v2\/pages\/27904"}],"collection":[{"href":"https:\/\/www.v6.newmessage.org\/da\/wp-json\/wp\/v2\/pages"}],"about":[{"href":"https:\/\/www.v6.newmessage.org\/da\/wp-json\/wp\/v2\/types\/page"}],"author":[{"embeddable":true,"href":"https:\/\/www.v6.newmessage.org\/da\/wp-json\/wp\/v2\/users\/77"}],"replies":[{"embeddable":true,"href":"https:\/\/www.v6.newmessage.org\/da\/wp-json\/wp\/v2\/comments?post=27904"}],"version-history":[{"count":2,"href":"https:\/\/www.v6.newmessage.org\/da\/wp-json\/wp\/v2\/pages\/27904\/revisions"}],"predecessor-version":[{"id":27906,"href":"https:\/\/www.v6.newmessage.org\/da\/wp-json\/wp\/v2\/pages\/27904\/revisions\/27906"}],"up":[{"embeddable":true,"href":"https:\/\/www.v6.newmessage.org\/da\/wp-json\/wp\/v2\/pages\/27849"}],"wp:attachment":[{"href":"https:\/\/www.v6.newmessage.org\/da\/wp-json\/wp\/v2\/media?parent=27904"}],"wp:term":[{"taxonomy":"category","embeddable":true,"href":"https:\/\/www.v6.newmessage.org\/da\/wp-json\/wp\/v2\/categories?post=27904"},{"taxonomy":"post_tag","embeddable":true,"href":"https:\/\/www.v6.newmessage.org\/da\/wp-json\/wp\/v2\/tags?post=27904"}],"curies":[{"name":"wp","href":"https:\/\/api.w.org\/{rel}","templated":true}]}}