{"id":27900,"date":"2023-08-24T01:36:59","date_gmt":"2023-08-24T01:36:59","guid":{"rendered":"https:\/\/www.newmessage.org\/da\/?page_id=27900"},"modified":"2023-08-24T01:37:17","modified_gmt":"2023-08-24T01:37:17","slug":"essensen-af-religion","status":"publish","type":"page","link":"https:\/\/www.v6.newmessage.org\/da\/hvem-er-marshall-vian-summers\/budbringeren-taler\/essensen-af-religion\/","title":{"rendered":"Essensen af Religion"},"content":{"rendered":"<div class=\"background-color-gray-gallery padding-10\" style=\"text-align: center;\"><iframe loading=\"lazy\" src=\"https:\/\/www.youtube.com\/embed\/C-vf2ysazWM?rel=0\" width=\"588\" height=\"330\" frameborder=\"0\"><\/iframe><\/div>\n<div class=\"background-color-gray-gallery text-align-center\">\n<div class=\"fb-like\" data-href=\"\" data-layout=\"button_count\" data-action=\"like\" data-show-faces=\"false\" data-share=\"false\"><\/div><div class=\"fb-share-button\" data-layout=\"button_count\" data-size=\"small\" data-mobile-iframe=\"true\"><a target=\"_blank\" href=\"https:\/\/www.facebook.com\/sharer\/sharer.php?u&amp;src=sdkpreparse\" class=\"fb-xfbml-parse-ignore\">Share<\/a><\/div>\n<div class=\"background-color-gray-gallery padding-20\" style=\"text-align: left;\"><em>The Essence of Religion<\/em><br \/>\n<em>27. marts, 2014<\/em><\/div>\n<div class=\"background-color-gray-gallery padding-20\" style=\"text-align: left;\">\n<p>For at forst\u00e5 Guds Nye \u00c5benbaring til verden er det vigtigt at se p\u00e5, hvad religion virkeligt er, og hvad det er meningen, den fra vores Kilde skulle v\u00e6re. Religion er virkelig ikke de ting, der normalt forbindes med den. Den er ikke en kirke. Den er ikke et tempel. Den er ikke en mosk\u00e9. Religion er ikke de ceremonier og erkl\u00e6ringer og de overbevisninger og formaninger, der normalt er forbundet med den.<\/p>\n<p>Tilmed er religion ikke en ideologi. Den er ikke et tros-hierarki. I sin kerne er religion noget helt andet. Hvis religion ikke er nogen af disse ting, der normalt forbindes med den, hvad er religion s\u00e5? Det Nye Budskab fra Gud fort\u00e6ller os, at religion i bund og grund er Guds bev\u00e6gelse inden i \u00e9n og mellem \u00e9n selv og andre, der fungerer i verden. Det er Guds bev\u00e6gelse, Guds hensigt \u2013 bev\u00e6gelse, hvilket betyder, at den er noget, der f\u00e5r dig til at g\u00f8re noget, eller holder dig tilbage fra at g\u00f8re noget, eller tilskynder dig til at sige noget, eller vender dig v\u00e6k fra det, der er farligt og usundt. Dette er Guds mystiske bev\u00e6gelse.<\/p>\n<p>I Guds Nye \u00c5benbaring til verden kaldes denne for Kundskab. Og den kaldes Kundskab, fordi den er forbundet med den dybe erkendelsesoplevelse, oplevelsen af at vide, en iboende genkendelse, der kan finde sted hinsides nogen reference, historie eller tid. Den er noget medf\u00f8dt i os.<\/p>\n<p>Den er en del af Guds bev\u00e6gelse, som Gud har lagt i hver enkelt person, og i dig. I sin essens er det den rene religion, som lever og bev\u00e6ger sig i dig og i alle andre \u2013 venter p\u00e5 at blive opdaget, venter p\u00e5 at blive fulgt og venter p\u00e5 at blive efterlevet.<\/p>\n<p>Dette transcenderer p\u00e5 alle m\u00e5der tro, for hvad er tro, andet end sindets indstilling, det verdslige sinds? Men hjertet og sj\u00e6len reagerer p\u00e5 Guds N\u00e6rv\u00e6r og bev\u00e6gelse og demonstrationen herp\u00e5, mellem mennesker overalt, p\u00e5 m\u00e5der, der g\u00e5r hinsides tro og hinsides ideologi \u2013 i religion, som vi ser den, og hinsides religion, som vi ser den.<\/p>\n<p>Problemet med tro er, at ikke alle folk nogensinde kommer til at tro p\u00e5 den samme l\u00e6re, den samme l\u00e6rer eller den samme forst\u00e5else, og de skel, dette skaber mellem mennesker, har v\u00e6ret en kilde til konstant strid, krig, grusomhed og tab. Og for disse ting er religion blevet talt ondt om. Men Guds bev\u00e6gelse, som kan forekomme i mennesker fra alle trostraditioner, eller mennesker, der ingen trostradition har, er forsikringen om, at Guds Kraft og N\u00e6rv\u00e6r er med alle.<\/p>\n<p>Derfor er det Nye Budskab fra Gud i verden for alle, fordi det handler om alle. Det handler om dig \u2013 hvem du er, hvorfor du er her, hvem du er bestemt til at m\u00f8de, og hvad det vil sige at v\u00e6re i verden p\u00e5 dette tidspunkt, hvordan dit st\u00f8rre form\u00e5l med at v\u00e6re her er forbundet med verden, som den er i dag, og til den store forandring, der kommer til verden i de kommende tider.<\/p>\n<p>Tro vil f\u00f8lge religion, fordi folk har brug for at forst\u00e5 og organisere deres tanker, men religionens mysterium b\u00f8r altid v\u00e6re st\u00f8rre end troen. Her b\u00f8jer du dig i \u00e6rb\u00f8dighed for Skaberens N\u00e6rv\u00e6r, hvis Vilje og Hensigt med menneskeheden overg\u00e5r al forst\u00e5else. Og religion, i alle dens ideologi- og trosmanifestationer, er kun menneskehedens svage og uperfekte fors\u00f8g p\u00e5 at forst\u00e5 og legemligg\u00f8re noget helligt, i en verden af verdslige begivenheder, stor tragedie og uforudsigelighed.<\/p>\n<p>Det Nye Budskab fra Gud er her for at genoplive den rene religion og bringe den til s\u00e5 mange mennesker som muligt, i de klarest mulige vendinger, for det er det, verden vil have brug for nu, hvis den skal undslippe fortsatte konflikter, nedbrydning og forfald. Gud har talt igen, for at genoplive den rene religion. Gud har givet dig den rene religion, fordi Kundskabens kraft bor i dig \u2013 et dybere sind, et sind under og hinsides intellektet, et sind, der kun reagerer p\u00e5 Gud, et sind, der ikke er korrumperet af verden.<\/p>\n<p>S\u00e5dan vil Gud bev\u00e6ge sig gennem dig og gennem andre, for at skabe en stor genopretning i verden: genoprettelse af individer, genoprettelse af nationer og genoprettelse af det naturlige milj\u00f8, som er blevet farligt plyndret og forringet.<\/p>\n<p>Jeg beder til, at du m\u00e5 opleve denne renhed, og jeg er sikker p\u00e5, at du har oplevet den p\u00e5 bestemte tidspunkter i dit liv. Jeg beder til, at dette vil v\u00e6re s\u00e5dan religion vil blive forst\u00e5et, hinsides alle dens manifestationer og fortolkninger. Jeg beder til, at Guds gave til dig kan blive anerkendt og modtaget i ydmyghed og i den sande \u00e5nds tjeneste. Dette er den store velsignelse, der er over verden nu, for Gud har talt igen, ved at bringe den rene religion tilbage til verden.<\/p>\n<\/div>\n<div class=\"background-color-gray-gallery text-align-center\">\n<div class=\"background-color-gray-gallery text-align-center\">\n<div class=\"background-color-gray-gallery padding-20\" style=\"text-align: left;\">\n<p style=\"text-align: center;\"><a href=\"\/da\/hvem-er-marshall-vian-summers\/\">H\u00f8r mere fra Budbringeren.<\/a><\/p>\n<\/div>\n<\/div>\n<\/div>\n<\/div>\n","protected":false},"excerpt":{"rendered":"<p>The Essence of Religion 27. marts, 2014 For at forst\u00e5 Guds Nye \u00c5benbaring til verden er det vigtigt at se p\u00e5, hvad religion virkeligt er, og hvad det er meningen, den fra vores Kilde skulle v\u00e6re. Religion er virkelig ikke de ting, der normalt forbindes med den. Den er ikke en kirke. Den er ikke\u2026 <a class=\"read-more\" href=\"https:\/\/www.v6.newmessage.org\/da\/hvem-er-marshall-vian-summers\/budbringeren-taler\/essensen-af-religion\/\"><span>Read More<\/span><\/a><\/p>\n","protected":false},"author":77,"featured_media":0,"parent":27849,"menu_order":7,"comment_status":"closed","ping_status":"closed","template":"template-leftsidebar.php","meta":{"_monsterinsights_skip_tracking":false,"_monsterinsights_sitenote_active":false,"_monsterinsights_sitenote_note":"","_monsterinsights_sitenote_category":0,"footnotes":""},"categories":[81,685],"tags":[693],"_links":{"self":[{"href":"https:\/\/www.v6.newmessage.org\/da\/wp-json\/wp\/v2\/pages\/27900"}],"collection":[{"href":"https:\/\/www.v6.newmessage.org\/da\/wp-json\/wp\/v2\/pages"}],"about":[{"href":"https:\/\/www.v6.newmessage.org\/da\/wp-json\/wp\/v2\/types\/page"}],"author":[{"embeddable":true,"href":"https:\/\/www.v6.newmessage.org\/da\/wp-json\/wp\/v2\/users\/77"}],"replies":[{"embeddable":true,"href":"https:\/\/www.v6.newmessage.org\/da\/wp-json\/wp\/v2\/comments?post=27900"}],"version-history":[{"count":2,"href":"https:\/\/www.v6.newmessage.org\/da\/wp-json\/wp\/v2\/pages\/27900\/revisions"}],"predecessor-version":[{"id":27902,"href":"https:\/\/www.v6.newmessage.org\/da\/wp-json\/wp\/v2\/pages\/27900\/revisions\/27902"}],"up":[{"embeddable":true,"href":"https:\/\/www.v6.newmessage.org\/da\/wp-json\/wp\/v2\/pages\/27849"}],"wp:attachment":[{"href":"https:\/\/www.v6.newmessage.org\/da\/wp-json\/wp\/v2\/media?parent=27900"}],"wp:term":[{"taxonomy":"category","embeddable":true,"href":"https:\/\/www.v6.newmessage.org\/da\/wp-json\/wp\/v2\/categories?post=27900"},{"taxonomy":"post_tag","embeddable":true,"href":"https:\/\/www.v6.newmessage.org\/da\/wp-json\/wp\/v2\/tags?post=27900"}],"curies":[{"name":"wp","href":"https:\/\/api.w.org\/{rel}","templated":true}]}}