{"id":27891,"date":"2023-08-24T01:27:59","date_gmt":"2023-08-24T01:27:59","guid":{"rendered":"https:\/\/www.newmessage.org\/da\/?page_id=27891"},"modified":"2023-08-24T01:33:05","modified_gmt":"2023-08-24T01:33:05","slug":"religion-uden-samvittighed","status":"publish","type":"page","link":"https:\/\/www.v6.newmessage.org\/da\/hvem-er-marshall-vian-summers\/budbringeren-taler\/religion-uden-samvittighed\/","title":{"rendered":"Religion Uden Samvittighed"},"content":{"rendered":"<div class=\"background-color-gray-gallery padding-10\" style=\"text-align: center;\"><iframe loading=\"lazy\" src=\"https:\/\/www.youtube.com\/embed\/Nw6gTTQS5es?rel=0\" width=\"588\" height=\"330\" frameborder=\"0\"><\/iframe><\/div>\n<div class=\"background-color-gray-gallery text-align-center\">\n<div class=\"fb-like\" data-href=\"\" data-layout=\"button_count\" data-action=\"like\" data-show-faces=\"false\" data-share=\"false\"><\/div><div class=\"fb-share-button\" data-layout=\"button_count\" data-size=\"small\" data-mobile-iframe=\"true\"><a target=\"_blank\" href=\"https:\/\/www.facebook.com\/sharer\/sharer.php?u&amp;src=sdkpreparse\" class=\"fb-xfbml-parse-ignore\">Share<\/a><\/div>\n<div class=\"background-color-gray-gallery padding-20\" style=\"text-align: left;\"><em>Religion Uden Samvittighed<\/em><br \/>\n<em>19. december, 2016<\/em><\/div>\n<div class=\"background-color-gray-gallery padding-20\" style=\"text-align: left;\">\n<p>Der finder en stor tragedie sted i dag i religionens navn \u2013 grusomhed, straf, krig, folkedrab. Selvf\u00f8lgelig er dette sket f\u00f8r, men det er chokerende at se det i sin egen tid, i religionens navn, hvis mening er at fremme fred, tilgivelse, medf\u00f8lelse og forst\u00e5else.<\/p>\n<p>Det, vi her har, er religion uden sj\u00e6l, religion uden \u00e6gte samvittighed. Ikke social samvittighed, ikke den, din kultur har l\u00e6rt dig er rigtig eller forkert, men den, som Gud har lagt i dig, til at vide hvad der er rigtigt og forkert.<\/p>\n<p>I det Nye Budskab til verden kaldes denne dybere samvittighed for Kundskab, fordi den er relateret til oplevelsen af direkte viden. Din dybere samvittighed frembringer denne oplevelse for dig, p\u00e5 trods af dine religi\u00f8se synspunkter eller din fuldst\u00e6ndige afvisning af religion, p\u00e5 trods af din domf\u00e6ldelse af andre folk fra andre trosretninger. Uanset om du er med religion eller uden religion, s\u00e5 bor Kundskab i dig, for den er det, Gud har lagt i dig, til at vejlede dig, beskytte dig og, hvis du er i stand til at genkende den og f\u00f8lge den, lede dig til et liv med st\u00f8rre tjeneste i verden.<\/p>\n<p>Religion uden sj\u00e6l &#8230; mange mennesker er forbitrede over religion, p\u00e5 grund af alt det, der er gjort for at korrumpere religion, for at misbruge religion, for at bruge den som et krigs- eller straffev\u00e5ben, disse ting er alle en vederstyggelighed for Gud. For Guds Nye \u00c5benbaring til verden beror ikke p\u00e5, at straf eller henrettelse i religionens navn er retf\u00e6rdig eller passende. Faktisk kalder Det Nye Budskab det for en vederstyggelighed, en vederstyggelighed overfor Gud. Dette betyder, at der ingen hellige krige eller hellige krigere er. Dette betyder, at du ikke angriber, straffer eller dr\u00e6ber mennesker i Guds eller i religionens navn. For det er en vederstyggelighed. Det er religion uden sj\u00e6l.<\/p>\n<p>Religion baseret kun p\u00e5 tro, p\u00e5 tradition, p\u00e5 ideologi, er religion uden sj\u00e6l, eller hvad jeg ville sige: religion uden Kundskab. Det er derfor, at Kundskab er omdrejningspunktet i Guds Nye Budskab til verden, i dets l\u00e6re, og sk\u00f8nt det taler om n\u00e6sten alle emner af betydning for menneskeheden, er Kundskab hjulets nav, for Kundskab er det, der giver dig \u00f8jnene at se med og \u00f8rerne at h\u00f8re med. Kundskab er det, der for dig holder dit st\u00f8rre form\u00e5l og sk\u00e6bne i verden og genkendelsen af de mennesker, der vil spille den vigtigste rolle i dit liv, idet du g\u00e5r fremad.<\/p>\n<p>Kundskab er den vigtigste ingrediens, ikke kun for religion, men ogs\u00e5 for livet, for uden den er du drevet af social konditionering, af religi\u00f8se betingelser, af andres kontrol og manipulation og af din egen frygt og fordomme \u2013 alle de ting, der kan dominere en persons sind og adf\u00e6rd.<\/p>\n<p>Et liv uden Kundskab er virkelig tragisk, uanset om du er rig eller fattig, fordi det er domineret af frygt og gr\u00e5dighed og domf\u00e6ldelse. Men religion uden Kundskab er s\u00e6rlig smertefuld, fordi den modsiger selve essensen og form\u00e5let med religion, som er at bringe dig i st\u00f8rre overensstemmelse med Guds N\u00e6rv\u00e6r og Vilje, idet Gud arbejder gennem dig, gennem denne dybere Kundskab, som jeg taler om.<\/p>\n<p>Religion med Kundskab betyder, at din samvittighed er vigtigere end din overbevisning. Det betyder, at du er n\u00f8dt til at f\u00f8lge, hvad Gud har lagt i dig, for at vide, hvad der er sandt, eller hvad der er falsk, selvom det er i strid med din overbevisning eller din families overbevisning eller din kulturs eller din tradition, hvis du har en. Det betyder, at du bliver vejledt indefra snarere end udefra.<\/p>\n<p>Men at finde denne Kundskab i dig og l\u00e6re at skelne den fra de andre kr\u00e6fter i dit sind, kr\u00e6ver en meget vigtig form for forberedelse, en forberedelse, som ultimativt m\u00e5 gives af Gud. I Guds Nye Budskab til verden er denne forberedelse blevet leveret med Trin til Kundskab-tr\u00e6ningen \u2013 en forberedelse, der er gratis og tilg\u00e6ngelig for alle mennesker i verden i dag. Givet i de enkleste vendinger, men med en enorm dybde og kraft, kan denne forberedelse let overs\u00e6ttes til andre sprog, og med sig b\u00e6rer den, ikke kun en enorm dybde og visdom, men ogs\u00e5 Skaberens Kraft og Vilje.<\/p>\n<p>Jeg beder dig om ikke at tro p\u00e5 dette, men selv at opleve dette. For n\u00e5r du engagerer dig med denne forberedelse, vil du vide, at den ikke kunne v\u00e6re kommet fra en person, og at dens hensigt er fuldst\u00e6ndig gavnlig, f\u00f8dt af N\u00e5de og Visdom.<\/p>\n<p>Den er for at genoprette sj\u00e6l til religion og sj\u00e6l til alle, uanset om de er religi\u00f8se eller ej. For i sidste ende er Gud ligeglad med, hvad din religi\u00f8se tro er. Gud bekymrer sig kun om, at du genforenes med den kraft og den samvittighed, som Gud har lagt i dig \u2013 denne dybere samvittighed, som jeg kalder Kundskab.<\/p>\n<p>Hvis du kan forst\u00e5 dette, vil du have hjerte til at tilgive dem, der tager fejl i religionens navn. Du vil have evnen til at forst\u00e5, hvad der f\u00e5r folk til at bruge religion som et krigs- eller h\u00e6vnv\u00e5ben eller som redskab til at vinde magt. Du vil se klart, uden ford\u00f8mmelse. Du vil forst\u00e5, hvad der er sandt og hvad der ikke er sandt, hvad der er virkeligt, hvad der ikke er virkeligt, hvad der er velsignet og hvad der ikke er velsignet.<\/p>\n<p>Jeg opfordrer jer til at f\u00e5 denne styrke og anerkendelse i jer selv og komme for at returnere sj\u00e6l, eller Kundskab, til jeres liv og til jeres forst\u00e5else af religion, og hvis I praktiserer jeres religi\u00f8se tro og jeres religi\u00f8se tradition, at bringe sj\u00e6l ind i den. For det, som Gud har lagt i dig at f\u00f8lge, er vigtigere end det, verden fort\u00e6ller dig, du skal f\u00f8lge, eller det, din mosk\u00e9 eller tempel eller kirke l\u00e6gger v\u00e6gt p\u00e5, at du f\u00f8lger.<\/p>\n<p>Dette er revolution i t\u00e6nkning. Det er det, det betyder at f\u00f8lge Hellig\u00e5nden. Det er det, det betyder at have N\u00e5de i sit liv, n\u00e5r man tager de mange trin, det vil tage, at l\u00e6re at genkende og f\u00f8lge den stemme, som Gud har lagt i \u00e9n at genkende og f\u00f8lge.<\/p>\n<p>M\u00e5 velsignelsen v\u00e6re med dig. Og m\u00e5 sj\u00e6lens kraft, sj\u00e6lens n\u00e5de og sj\u00e6lens betydning blive genoprettet til den menneskelige familie, idet den g\u00e5r ind i sin sv\u00e6reste tid, de store tider, der kommer. For velsignelsen er nu over verden, gennem Guds Nye \u00c5benbaring, som bringer klarhed og form\u00e5l og mening til alt religi\u00f8st, som \u00e6rer alle verdens religioner og l\u00e6gger v\u00e6gten p\u00e5 det rene og konsekvente i dem. For de er alle f\u00f8dt af Gud, og de er alle blevet \u00e6ndret af mennesker.<\/p>\n<p>M\u00e5 Kundskab vejlede og velsigne jer og m\u00e5 sj\u00e6len vende tilbage til religion, for n\u00e5r dette sker, vil religi\u00f8s vold ikke mere v\u00e6re.<\/p>\n<\/div>\n<div class=\"background-color-gray-gallery text-align-center\">\n<div class=\"background-color-gray-gallery text-align-center\">\n<div class=\"background-color-gray-gallery padding-20\" style=\"text-align: left;\">\n<p style=\"text-align: center;\"><a href=\"\/da\/hvem-er-marshall-vian-summers\/\">H\u00f8r mere fra Budbringeren.<\/a><\/p>\n<\/div>\n<\/div>\n<\/div>\n<\/div>\n","protected":false},"excerpt":{"rendered":"<p>Religion Uden Samvittighed 19. december, 2016 Der finder en stor tragedie sted i dag i religionens navn \u2013 grusomhed, straf, krig, folkedrab. Selvf\u00f8lgelig er dette sket f\u00f8r, men det er chokerende at se det i sin egen tid, i religionens navn, hvis mening er at fremme fred, tilgivelse, medf\u00f8lelse og forst\u00e5else. Det, vi her har,\u2026 <a class=\"read-more\" href=\"https:\/\/www.v6.newmessage.org\/da\/hvem-er-marshall-vian-summers\/budbringeren-taler\/religion-uden-samvittighed\/\"><span>Read More<\/span><\/a><\/p>\n","protected":false},"author":77,"featured_media":0,"parent":27849,"menu_order":6,"comment_status":"closed","ping_status":"closed","template":"template-leftsidebar.php","meta":{"_monsterinsights_skip_tracking":false,"_monsterinsights_sitenote_active":false,"_monsterinsights_sitenote_note":"","_monsterinsights_sitenote_category":0,"footnotes":""},"categories":[81,685],"tags":[692],"_links":{"self":[{"href":"https:\/\/www.v6.newmessage.org\/da\/wp-json\/wp\/v2\/pages\/27891"}],"collection":[{"href":"https:\/\/www.v6.newmessage.org\/da\/wp-json\/wp\/v2\/pages"}],"about":[{"href":"https:\/\/www.v6.newmessage.org\/da\/wp-json\/wp\/v2\/types\/page"}],"author":[{"embeddable":true,"href":"https:\/\/www.v6.newmessage.org\/da\/wp-json\/wp\/v2\/users\/77"}],"replies":[{"embeddable":true,"href":"https:\/\/www.v6.newmessage.org\/da\/wp-json\/wp\/v2\/comments?post=27891"}],"version-history":[{"count":5,"href":"https:\/\/www.v6.newmessage.org\/da\/wp-json\/wp\/v2\/pages\/27891\/revisions"}],"predecessor-version":[{"id":27898,"href":"https:\/\/www.v6.newmessage.org\/da\/wp-json\/wp\/v2\/pages\/27891\/revisions\/27898"}],"up":[{"embeddable":true,"href":"https:\/\/www.v6.newmessage.org\/da\/wp-json\/wp\/v2\/pages\/27849"}],"wp:attachment":[{"href":"https:\/\/www.v6.newmessage.org\/da\/wp-json\/wp\/v2\/media?parent=27891"}],"wp:term":[{"taxonomy":"category","embeddable":true,"href":"https:\/\/www.v6.newmessage.org\/da\/wp-json\/wp\/v2\/categories?post=27891"},{"taxonomy":"post_tag","embeddable":true,"href":"https:\/\/www.v6.newmessage.org\/da\/wp-json\/wp\/v2\/tags?post=27891"}],"curies":[{"name":"wp","href":"https:\/\/api.w.org\/{rel}","templated":true}]}}