{"id":27878,"date":"2023-08-24T01:09:24","date_gmt":"2023-08-24T01:09:24","guid":{"rendered":"https:\/\/www.newmessage.org\/da\/?page_id=27878"},"modified":"2023-08-24T01:09:46","modified_gmt":"2023-08-24T01:09:46","slug":"vigtigheden-af-at-finde-dine-mennesker-dit-sted-og-dit-formal","status":"publish","type":"page","link":"https:\/\/www.v6.newmessage.org\/da\/hvem-er-marshall-vian-summers\/budbringeren-taler\/vigtigheden-af-at-finde-dine-mennesker-dit-sted-og-dit-formal\/","title":{"rendered":"Vigtigheden af at Finde Dine Mennesker, Dit Sted og Dit Form\u00e5l"},"content":{"rendered":"<div><!-- Version 3.0 --><\/div>\n<div class=\"background-color-gray-gallery padding-10\" style=\"text-align: center;\"><iframe loading=\"lazy\" src=\"https:\/\/www.youtube.com\/embed\/fTBVWm2VMC4?rel=0\" width=\"588\" height=\"330\" frameborder=\"0\"><\/iframe><\/div>\n<div class=\"background-color-gray-gallery text-align-center\">\n<div class=\"background-color-gray-gallery padding-20\" style=\"text-align: left;\"><em>Vigtigheden af at Finde Dine Mennesker, Dit Sted og Dit Form\u00e5l<\/em><\/div>\n<div class=\"background-color-gray-gallery padding-20\" style=\"text-align: left;\">\n<p>Hvor du skal hen i livet og din retningssans er reelt kriterierne for, hvor du fysisk har behov for at befinde dig. Det handler ikke om et steds sk\u00f8nhed, eller hvor t\u00e6t det ligger p\u00e5 naturen, eller om det har det natteliv eller det dagliv, du \u00f8nsker. Det handler om, om det er det sted, du har brug for at v\u00e6re nu, og hvor du har brug for at opbygge det n\u00e6ste stadie i dit liv.<\/p>\n<p>Dette er et grundl\u00e6ggende dybtg\u00e5ende sp\u00f8rgsm\u00e5l, der g\u00e5r hinsides dine \u00f8nsker, dine pr\u00e6ferencer, endda din romantik omkring et bestemt sted. For du kunne v\u00e6lge det smukkeste sted, du kan forestille dig, og hvis det ikke er der, dit liv har brug for at v\u00e6re, ville det v\u00e6re en d\u00f8d-zone for dig. Det vil v\u00e6re tomt. Du kan pr\u00f8ve at g\u00f8re det vidunderligt og alt det, du gerne vil g\u00f8re det til, men det ville ikke v\u00e6re \u00e6gte.<\/p>\n<p>S\u00e5. det hele kommer ned til at finde sin retning i livet, og det l\u00e6gger v\u00e6gten p\u00e5 navigation. Det er ikke s\u00e5dan, at du ved, hvor du i sidste ende vil befinde dig, for det er meget usandsynligt. Men (sp\u00f8rgsm\u00e5let er), befinder du dig p\u00e5 rette sted p\u00e5 rette tidspunkt, og vil du vide, om noget bliver n\u00f8dt til at blive \u00e6ndret? Vil du vide, om du kommer til en blindgyde, givet det sted, du befinder dig, og at du bliver n\u00f8dt til at \u00e6ndre noget?<\/p>\n<p>For, hvor du lander fysisk, og hvem du er forbundet med, er to ting af afg\u00f8rende betydning, som vil afg\u00f8re din evne til at opleve det, du ved, og f\u00f8lge det, du ved. For eksempel kommer du ikke til at m\u00f8de de afg\u00f8rende mennesker, du skal m\u00f8de, hvis du er p\u00e5 det forkerte sted. De vil ikke v\u00e6re der. S\u00e5 selve stedets egenskaber bliver meget sekund\u00e6re, n\u00e6sten uvigtige her, undtagen for s\u00e5 vidt, de tjener din f\u00f8lelse af form\u00e5l og retning.<\/p>\n<p>Mennesker romantik steder s\u00e5vel som mennesker, og disse ting indstiller dit liv efter kriterier, der virkeligt er meget meningsl\u00f8se. Du blev f\u00f8dt med et h\u00f8jere form\u00e5l, hvilket betyder, at du har en sk\u00e6bne i livet. En sk\u00e6bne betyder, at du har en retning, som du m\u00e5 finde og f\u00f8lge, trin for trin, stadie for stadie.<\/p>\n<p>Det er meget vigtigt at fornemme, om du er p\u00e5 det rette sted p\u00e5 det rette tidspunkt i dette \u00f8jeblik, og ogs\u00e5 at indse, om dette sted er midlertidigt eller permanent for dig. Det er derfor, det er s\u00e5 vigtigt ikke at sl\u00e5 sig ned, ikke at plante r\u00f8dder, ikke at etablere sig et sted, f\u00f8r man har en virkelig fornemmelse af, hvor man er p\u00e5 vej hen i livet og en virkelig fornemmelse af, om det sted, man v\u00e6lger, virkeligt er passende og n\u00f8dvendigt, givet disse st\u00f8rre kriterier i \u00e9ns liv.<\/p>\n<p>Gud har lagt Kundskab i dig, til at guide dig og lede dig i din sande retning, for at kunne b\u00e6re dig fremad i denne retning, givet alle verdens overtalelser, alle verdens attraktioner. S\u00e5 det er din Kundskab, der vil v\u00e6re din navigat\u00f8r, der vil hj\u00e6lpe dig med at v\u00e6lge, hvor du vil v\u00e6re n\u00f8dt til at tage hen, hvorn\u00e5r du m\u00e5 afsted, og hvem du har brug for at m\u00f8de.<\/p>\n<p>Hvis du vil f\u00f8lge den, vil du have den st\u00f8rste mulighed for at opdage den virkelige mening og det virkelige form\u00e5l med dit liv og det bidrag, du er kommet her for at yde.<\/p>\n<\/div>\n<div class=\"background-color-gray-gallery text-align-center\">\n<div class=\"background-color-gray-gallery text-align-center\">\n<div class=\"background-color-gray-gallery padding-20\" style=\"text-align: left;\">\n<p style=\"text-align: center;\"><a href=\"\/da\/hvem-er-marshall-vian-summers\/\">H\u00f8r mere fra Budbringeren.<\/a><\/p>\n<\/div>\n<\/div>\n<\/div>\n<\/div>\n","protected":false},"excerpt":{"rendered":"<p>Vigtigheden af at Finde Dine Mennesker, Dit Sted og Dit Form\u00e5l Hvor du skal hen i livet og din retningssans er reelt kriterierne for, hvor du fysisk har behov for at befinde dig. Det handler ikke om et steds sk\u00f8nhed, eller hvor t\u00e6t det ligger p\u00e5 naturen, eller om det har det natteliv eller det\u2026 <a class=\"read-more\" href=\"https:\/\/www.v6.newmessage.org\/da\/hvem-er-marshall-vian-summers\/budbringeren-taler\/vigtigheden-af-at-finde-dine-mennesker-dit-sted-og-dit-formal\/\"><span>Read More<\/span><\/a><\/p>\n","protected":false},"author":77,"featured_media":0,"parent":27849,"menu_order":2,"comment_status":"closed","ping_status":"closed","template":"template-leftsidebar.php","meta":{"_monsterinsights_skip_tracking":false,"_monsterinsights_sitenote_active":false,"_monsterinsights_sitenote_note":"","_monsterinsights_sitenote_category":0,"footnotes":""},"categories":[81,685],"tags":[688],"_links":{"self":[{"href":"https:\/\/www.v6.newmessage.org\/da\/wp-json\/wp\/v2\/pages\/27878"}],"collection":[{"href":"https:\/\/www.v6.newmessage.org\/da\/wp-json\/wp\/v2\/pages"}],"about":[{"href":"https:\/\/www.v6.newmessage.org\/da\/wp-json\/wp\/v2\/types\/page"}],"author":[{"embeddable":true,"href":"https:\/\/www.v6.newmessage.org\/da\/wp-json\/wp\/v2\/users\/77"}],"replies":[{"embeddable":true,"href":"https:\/\/www.v6.newmessage.org\/da\/wp-json\/wp\/v2\/comments?post=27878"}],"version-history":[{"count":2,"href":"https:\/\/www.v6.newmessage.org\/da\/wp-json\/wp\/v2\/pages\/27878\/revisions"}],"predecessor-version":[{"id":27880,"href":"https:\/\/www.v6.newmessage.org\/da\/wp-json\/wp\/v2\/pages\/27878\/revisions\/27880"}],"up":[{"embeddable":true,"href":"https:\/\/www.v6.newmessage.org\/da\/wp-json\/wp\/v2\/pages\/27849"}],"wp:attachment":[{"href":"https:\/\/www.v6.newmessage.org\/da\/wp-json\/wp\/v2\/media?parent=27878"}],"wp:term":[{"taxonomy":"category","embeddable":true,"href":"https:\/\/www.v6.newmessage.org\/da\/wp-json\/wp\/v2\/categories?post=27878"},{"taxonomy":"post_tag","embeddable":true,"href":"https:\/\/www.v6.newmessage.org\/da\/wp-json\/wp\/v2\/tags?post=27878"}],"curies":[{"name":"wp","href":"https:\/\/api.w.org\/{rel}","templated":true}]}}