{"id":27853,"date":"2023-08-13T18:39:02","date_gmt":"2023-08-13T18:39:02","guid":{"rendered":"https:\/\/www.newmessage.org\/da\/?page_id=27853"},"modified":"2023-08-13T18:40:35","modified_gmt":"2023-08-13T18:40:35","slug":"hvad-forener-os","status":"publish","type":"page","link":"https:\/\/www.v6.newmessage.org\/da\/hvem-er-marshall-vian-summers\/budbringeren-taler\/hvad-forener-os\/","title":{"rendered":"Hvad Forener Os"},"content":{"rendered":"<div><!-- Version 3.0 --><\/div>\n<div class=\"background-color-gray-gallery padding-10\" style=\"text-align: center;\"><iframe loading=\"lazy\" width=\"588\" height=\"330\" frameborder=\"0\" src=\"https:\/\/www.youtube.com\/embed\/t-BrjlhTNEU?rel=0\"><\/iframe><br \/>\n<div class=\"fb-like\" data-href=\"\" data-layout=\"button_count\" data-action=\"like\" data-show-faces=\"false\" data-share=\"false\"><\/div><div class=\"fb-share-button\" data-layout=\"button_count\" data-size=\"small\" data-mobile-iframe=\"true\"><a target=\"_blank\" href=\"https:\/\/www.facebook.com\/sharer\/sharer.php?u&amp;src=sdkpreparse\" class=\"fb-xfbml-parse-ignore\">Share<\/a><\/div>\n<div class=\"background-color-gray-gallery padding-20\" style=\"text-align: left;\"><em>Hvad Forener Os<\/em><\/div>\n<div class=\"background-color-gray-gallery padding-20\" style=\"text-align: left;\">\n<p>Selvom vi alle hver is\u00e6r v\u00e6rds\u00e6tter vores individualitet og understreger den meget, p\u00e5 m\u00e5der, vi er bevidste og endda ubevidste om, er det det, vi har til f\u00e6lles, der er det vigtigste &#8230; vores dybere natur. Hvem vi var, f\u00f8r vi kom til verden, hvem vi vil v\u00e6re, n\u00e5r vi forlader denne verden, repr\u00e6senterer vores dybere natur, den evige del af os, ikke den del, der er et produkt af kulturen og alt det, der sker med os, her nede p\u00e5 Jordens overflade.<\/p>\n<p>Derfor, des mere du virkeligt udvikler dig \u00e5ndeligt, desto t\u00e6ttere kommer du p\u00e5 denne dybere natur, hvis du g\u00f8r et godt stykke arbejde. Hvis du g\u00f8r det reelle arbejde for at komme ned til den, du er, og hvorfor du er her, ned til det, vi kalder Kundskab \u2013 det dybere sind, din dybere natur \u2013 s\u00e5 finder du ud af, at det er det, der er ens mellem dig og en anden, og mellem dig og alle mennesker, som virkeligt bliver det, der l\u00e6gges v\u00e6gt p\u00e5.<\/p>\n<p>Det er ikke det, der g\u00f8r dig speciel eller unik eller fremtr\u00e6dende. Den slags ting begynder at falde bort p\u00e5 den sande vej, fordi du undslipper usikkerhed \u2013 personlig usikkerhed, behovet for at v\u00e6re speciel, behovet for anerkendelse, behovet for at v\u00e6re nogen, behovet for at opn\u00e5 godkendelse fra folk, hvis godkendelse du s\u00f8ger. Alle disse ting begynder gradvist at falde bort, naturligt, fordi du l\u00e6gger v\u00e6gten p\u00e5 det, der er v\u00e6sentligt, det, der virkelig betyder noget, som er forbundet med din virkelige natur: hvem du er, hvorfor du er her, og hvem der har sendt dig.<\/p>\n<p>S\u00e5, ved at tage rejsen til Kundskab, Trin til Kundskab, denne dybere intelligens i os, vender vi tilbage til det, der forener os med andre mennesker, ikke det, der adskiller os. Hinsides kultur, hinsides religion, hinsides ideologi, hinsides race, hinsides \u00f8konomisk eller social position. Hvor sker den egentlige forbindelse? Det bliver s\u00e5, hvor v\u00e6gten l\u00e6gges. Det er det, du leder efter nu, mere end det, der f\u00e5r folk til at skille sig ud, mere end det, der f\u00e5r dig til at skille dig ud, de ting, kulturen fejrer i individet: deres unikke karakter, deres talent, deres s\u00e6rlige gaver, deres gode udseende.<\/p>\n<p>S\u00e5, des mere vi g\u00e5r fremad her p\u00e5 Kundskabens Vej, desto mere ens bliver vi. Ikke helt ens, ikke identiske, for vi har stadig vores unikke egenskaber og tankegang. Men ens nok til, at vi kan forene os med mennesker, der er meget forskellige fra os, fordi det, der er ens i os, bliver stadig st\u00f8rre og mere betydningsfuldt. Det, der forener os, er den m\u00e5de vi er ens, ikke den m\u00e5de vi er forskellige. Hvis forskelle mellem os er det, der l\u00e6gges v\u00e6gt p\u00e5, s\u00e5 bliver \u00e6gte samarbejde, \u00e6gte forening i forhold, \u00e6gte fred mellem nationer og religioner det, du s\u00f8ger, men aldrig kan finde \u2013 altid undvigende, altid udenfor din r\u00e6kkevidde. Det er det, der forener os: det, der virkeligt betyder noget i livet, hvem vi virkeligt er, hvorfor vi blev sendt. Vi blev alle sendt af den samme Kilde. Vi er alle i verden med et h\u00f8jere form\u00e5l, der venter p\u00e5 at blive opdaget, hvis vi kan undslippe vores sinds overflade, vores socialt betingede sind og g\u00e5 ind i vores indre rigers dybere oplevelse. Det er i disse dybere riger, at det, der er ens mellem os, bliver det, der l\u00e6gges v\u00e6gt p\u00e5 og bliver virkeligheden.<\/p>\n<p>Du accepterer det anderledes i mennesker og i deres opf\u00f8rsel og m\u00e5de at v\u00e6re p\u00e5, men nu er noget vigtigere ved at komme frem, der g\u00f8r os mere ens end forskellige fra hinanden. Og det er her, \u00e6gte forbindelse, \u00e6gte relation og \u00e6gte samh\u00f8righed med andre mennesker reelt bliver mulig.<\/p>\n<p>Det, der betyder noget, med hensyn til at leve i verden, er stabilitet og tjeneste og inspiration, probleml\u00f8sning, sk\u00e6bne \u2013 ting af denne art, alt sammen af en h\u00f8jere orden, ikke produkter af personlighed eller \u00f8nsket om at v\u00e6re unik og speciel og adskilt. Disse er alle et produkt af det, der forener mennesker, giver dem mulighed for at forholde sig til hinanden p\u00e5 et dybere niveau, hvor virkelig mening og v\u00e6rdi bliver tydelige.<\/p>\n<p>Therefore, seek in others what is the same: the same needs, the same deep yearning of the soul, the same aspirations that are fundamental to life, the same desire to give, the same need to make a difference in the world, to contribute something of value to others, the same need to discover your deeper nature and your higher purpose for being in the world. And in so doing begin to remember your Ancient Home and those who sent you here, for they are watching over you, even now.<\/p>\n<p>S\u00f8g derfor det, der er ens i andre, det, der er det samme: de samme behov, sj\u00e6lens samme dybe l\u00e6ngsel, de samme forh\u00e5bninger, der er fundamentale for livet, det samme \u00f8nske om at give, det samme behov for at g\u00f8re en forskel i verden, at bidrage noget af v\u00e6rdi for andre, det samme behov for at finde din dybere natur og dit h\u00f8jere form\u00e5l med at v\u00e6re i verden. Og ved at g\u00f8re det, begynde at huske dit \u00c6ldgamle Hjem og dem, der sendte dig hertil, for de v\u00e5ger over dig, selv nu.<\/p>\n<div class=\"background-color-gray-gallery padding-20\" style=\"text-align: left;\">\n<p style=\"text-align: center;\"><a href=\"\/da\/hvem-er-marshall-vian-summers\/\">H\u00f8r mere fra Budbringeren.<\/a><\/p>\n<\/div>\n<\/div>\n<\/div>\n","protected":false},"excerpt":{"rendered":"<p>Hvad Forener Os Selvom vi alle hver is\u00e6r v\u00e6rds\u00e6tter vores individualitet og understreger den meget, p\u00e5 m\u00e5der, vi er bevidste og endda ubevidste om, er det det, vi har til f\u00e6lles, der er det vigtigste &#8230; vores dybere natur. Hvem vi var, f\u00f8r vi kom til verden, hvem vi vil v\u00e6re, n\u00e5r vi forlader denne\u2026 <a class=\"read-more\" href=\"https:\/\/www.v6.newmessage.org\/da\/hvem-er-marshall-vian-summers\/budbringeren-taler\/hvad-forener-os\/\"><span>Read More<\/span><\/a><\/p>\n","protected":false},"author":77,"featured_media":0,"parent":27849,"menu_order":1,"comment_status":"closed","ping_status":"closed","template":"template-leftsidebar.php","meta":{"_monsterinsights_skip_tracking":false,"_monsterinsights_sitenote_active":false,"_monsterinsights_sitenote_note":"","_monsterinsights_sitenote_category":0,"footnotes":""},"categories":[81,685],"tags":[686],"_links":{"self":[{"href":"https:\/\/www.v6.newmessage.org\/da\/wp-json\/wp\/v2\/pages\/27853"}],"collection":[{"href":"https:\/\/www.v6.newmessage.org\/da\/wp-json\/wp\/v2\/pages"}],"about":[{"href":"https:\/\/www.v6.newmessage.org\/da\/wp-json\/wp\/v2\/types\/page"}],"author":[{"embeddable":true,"href":"https:\/\/www.v6.newmessage.org\/da\/wp-json\/wp\/v2\/users\/77"}],"replies":[{"embeddable":true,"href":"https:\/\/www.v6.newmessage.org\/da\/wp-json\/wp\/v2\/comments?post=27853"}],"version-history":[{"count":4,"href":"https:\/\/www.v6.newmessage.org\/da\/wp-json\/wp\/v2\/pages\/27853\/revisions"}],"predecessor-version":[{"id":27857,"href":"https:\/\/www.v6.newmessage.org\/da\/wp-json\/wp\/v2\/pages\/27853\/revisions\/27857"}],"up":[{"embeddable":true,"href":"https:\/\/www.v6.newmessage.org\/da\/wp-json\/wp\/v2\/pages\/27849"}],"wp:attachment":[{"href":"https:\/\/www.v6.newmessage.org\/da\/wp-json\/wp\/v2\/media?parent=27853"}],"wp:term":[{"taxonomy":"category","embeddable":true,"href":"https:\/\/www.v6.newmessage.org\/da\/wp-json\/wp\/v2\/categories?post=27853"},{"taxonomy":"post_tag","embeddable":true,"href":"https:\/\/www.v6.newmessage.org\/da\/wp-json\/wp\/v2\/tags?post=27853"}],"curies":[{"name":"wp","href":"https:\/\/api.w.org\/{rel}","templated":true}]}}