{"id":27849,"date":"2023-08-13T18:31:21","date_gmt":"2023-08-13T18:31:21","guid":{"rendered":"https:\/\/www.newmessage.org\/da\/?page_id=27849"},"modified":"2023-08-24T01:46:45","modified_gmt":"2023-08-24T01:46:45","slug":"budbringeren-taler","status":"publish","type":"page","link":"https:\/\/www.v6.newmessage.org\/da\/hvem-er-marshall-vian-summers\/budbringeren-taler\/","title":{"rendered":"Budbringeren Taler"},"content":{"rendered":"<p><img decoding=\"async\" class=\"size-medium wp-image-31200 imgborder alignright\" src=\"http:\/\/www.dev.newmessage.org\/wp-content\/uploads\/2016\/12\/MVS-Kuala-Lumpur-small-300x222.jpg\" alt=\"\"><i><\/i><\/p>\n<p>Guds Budbringer, Marshall Vian Summers, er i live i verden og taler til dig.<\/p>\n<p>Han tilbyder l\u00e6rer, b\u00f8nner og globale budskaber til hele menneskeheden.<\/p>\n<p>Nedenfor finder du Budbringerens video, lyd og skriftlige budskaber til dig og til alle mennesker i alle trostraditioner, nationer og kulturer rundt om i verden.<\/p>\n<p><b><a href=\"\/da\/hvem-er-marshall-vian-summers\/budbringeren-taler\/hvad-forener-os\/\">Hvad Forener Os<\/a><\/b><\/p>\n<p><b><a href=\"\/da\/hvem-er-marshall-vian-summers\/budbringeren-taler\/vigtigheden-af-at-finde-dine-mennesker-dit-sted-og-dit-formal\/\">Vigtigheden af at Finde Dine Mennesker, Dit Sted og Dit Form\u00e5l<\/a><\/b><\/p>\n<p><b><a href=\"\/da\/hvem-er-marshall-vian-summers\/budbringeren-taler\/at-finde-gud-hinsides-religion\/\">At Finde Gud Hinsides Religion<\/a><\/b><\/p>\n<p><b><a href=\"\/da\/hvem-er-marshall-vian-summers\/budbringeren-taler\/junglen\/\">Junglen<\/a><\/b><\/p>\n<p><b><a href=\"\/da\/hvem-er-marshall-vian-summers\/budbringeren-taler\/at-vaere-en-person-af-det-storre-faellesskab\/\">At V\u00e6re en Person af det St\u00f8rre F\u00e6llesskab<\/a><\/b><\/p>\n<p><b><a href=\"\/da\/hvem-er-marshall-vian-summers\/budbringeren-taler\/religion-uden-samvittighed\/\">Religion Uden Samvittighed<\/a><\/b><\/p>\n<p><b><a href=\"\/da\/hvem-er-marshall-vian-summers\/budbringeren-taler\/essensen-af-religion\/\">Essensen af Religion<\/a><\/b><\/p>\n<p><b><a href=\"\/da\/hvem-er-marshall-vian-summers\/budbringeren-taler\/stigerne-fra-himlen\/\">Stigerne fra Himlen<\/a><\/b><\/p>\n<p><b><a href=\"\/da\/hvem-er-marshall-vian-summers\/budbringeren-taler\/broen-til-storre-intelligens\/\">Broen til St\u00f8rre Intelligens<\/a><\/b><\/p>\n","protected":false},"excerpt":{"rendered":"<p>Guds Budbringer, Marshall Vian Summers, er i live i verden og taler til dig. Han tilbyder l\u00e6rer, b\u00f8nner og globale budskaber til hele menneskeheden. Nedenfor finder du Budbringerens video, lyd og skriftlige budskaber til dig og til alle mennesker i alle trostraditioner, nationer og kulturer rundt om i verden. Hvad Forener Os Vigtigheden af at\u2026 <a class=\"read-more\" href=\"https:\/\/www.v6.newmessage.org\/da\/hvem-er-marshall-vian-summers\/budbringeren-taler\/\"><span>Read More<\/span><\/a><\/p>\n","protected":false},"author":77,"featured_media":0,"parent":12766,"menu_order":1,"comment_status":"closed","ping_status":"closed","template":"template-leftsidebar.php","meta":{"_monsterinsights_skip_tracking":false,"_monsterinsights_sitenote_active":false,"_monsterinsights_sitenote_note":"","_monsterinsights_sitenote_category":0,"footnotes":""},"categories":[81,685],"tags":[687],"_links":{"self":[{"href":"https:\/\/www.v6.newmessage.org\/da\/wp-json\/wp\/v2\/pages\/27849"}],"collection":[{"href":"https:\/\/www.v6.newmessage.org\/da\/wp-json\/wp\/v2\/pages"}],"about":[{"href":"https:\/\/www.v6.newmessage.org\/da\/wp-json\/wp\/v2\/types\/page"}],"author":[{"embeddable":true,"href":"https:\/\/www.v6.newmessage.org\/da\/wp-json\/wp\/v2\/users\/77"}],"replies":[{"embeddable":true,"href":"https:\/\/www.v6.newmessage.org\/da\/wp-json\/wp\/v2\/comments?post=27849"}],"version-history":[{"count":17,"href":"https:\/\/www.v6.newmessage.org\/da\/wp-json\/wp\/v2\/pages\/27849\/revisions"}],"predecessor-version":[{"id":27911,"href":"https:\/\/www.v6.newmessage.org\/da\/wp-json\/wp\/v2\/pages\/27849\/revisions\/27911"}],"up":[{"embeddable":true,"href":"https:\/\/www.v6.newmessage.org\/da\/wp-json\/wp\/v2\/pages\/12766"}],"wp:attachment":[{"href":"https:\/\/www.v6.newmessage.org\/da\/wp-json\/wp\/v2\/media?parent=27849"}],"wp:term":[{"taxonomy":"category","embeddable":true,"href":"https:\/\/www.v6.newmessage.org\/da\/wp-json\/wp\/v2\/categories?post=27849"},{"taxonomy":"post_tag","embeddable":true,"href":"https:\/\/www.v6.newmessage.org\/da\/wp-json\/wp\/v2\/tags?post=27849"}],"curies":[{"name":"wp","href":"https:\/\/api.w.org\/{rel}","templated":true}]}}