{"id":27841,"date":"2023-08-09T22:41:31","date_gmt":"2023-08-09T22:41:31","guid":{"rendered":"https:\/\/www.newmessage.org\/da\/?page_id=27841"},"modified":"2023-08-09T22:41:32","modified_gmt":"2023-08-09T22:41:32","slug":"budbringerens-byrde","status":"publish","type":"page","link":"https:\/\/www.v6.newmessage.org\/da\/budskabet\/bind-1\/abenbaringens-tid\/budbringerens-byrde\/","title":{"rendered":"Budbringerens Byrde"},"content":{"rendered":"<div><!-- Version 3.5 Verse --><\/div>\n\n<div class=\"tabgroup \"><ul class=\"tabs\"><li><a href=\"#tabs-1\">\u00c5benbaring<\/a><\/li>\n<li><a href=\"#tabs-2\">Note<\/a><\/li><\/ul>\n <div id=\"tabs-1\"><\/p>\n<p>H\u00f8r den oprindelige version af \u00c5benbaringen p\u00e5 engelsk:<\/p>\n<div id=\"jquery_jplayer_1\" class=\"jp-jplayer\"><\/div>\n\t\t\t\t<div id=\"jp_container_1\" class=\"jp-audio\">\n\t\t\t\t<div class=\"jp-type-single\"><div class=\"jp-control\"><a href=\"javascript:;\" class=\"jp-play\" tabindex=\"1\">play<\/a><a href=\"javascript:;\" class=\"jp-pause\" tabindex=\"1\">pause<\/a><\/div> <div class=\"jp-gui jp-interface\"><div class=\"jp-volume\"><div class=\"jp-volume-bar\"><div class=\"jp-volume-bar-value\"><\/div><\/div><\/div><div class=\"jp-progress\"><div class=\"jp-seek-bar\"><div class=\"jp-play-bar\"><\/div><\/div><\/div><\/div>\t\t\t\t\t<div class=\"jp-no-solution\"><span>Update Required<\/span>To play the media you will need to either update your browser to a recent version or update your <a href=\"http:\/\/get.adobe.com\/flashplayer\/\" target=\"_blank\">Flash plugin<\/a>.<\/div><\/div><\/div>\n\t\t\t<script type='text\/javascript'>\n\t\t\t\tjQuery(document).ready(function() {\n\t\t\t\t\tif (typeof (sermonMedia) == 'function') {\n\t\t\t\t\t\tsermonMedia.addAudio('', \"jquery_jplayer_1\");\n\t\t\t\t\t}\n\t\t\t\t\tjQuery.jPlayer.timeFormat.showHour = true;\n\t\t\t\t\tjQuery(\"#jquery_jplayer_1\").jPlayer({\n\t\t\t\t\t\tready: function(event) {\n\t\t\t\t\t\t\tjQuery(this).jPlayer(\"setMedia\", {mp3: 'https:\/\/www.newmessage.org\/av\/the-burden-of-the-messenger.mp3'});\n\t\t\t\t\t\t},\n\t\t\t\t\t\tplay: function() {\n\t\t\t\t\t\t\tjQuery(this).jPlayer(\"pauseOthers\");\n\t\t\t\t\t\t},\n\t\t\t\t\t\tswfPath: ThemeData.directory_uri+\"\/swf\",\n\t\t\t\t\t\tsolution: \"html, flash\",\n\t\t\t\t\t\tpreload: \"metadata\",\n\t\t\t\t\t\twmode: \"window\",\n\t\t\t\t\t\tsupplied: \"mp3\",\n\t\t\t\t\t\tcssSelectorAncestor: '#jp_container_1'\n\t\t\t\t\t});\n\t\t\t\t});\n\t\t\t<\/script><\/p>\n<p><a title=\"The Burden of the Messenger\" href=\"https:\/\/www.newmessage.org\/av\/the-burden-of-the-messenger.mp3\">Download<\/a> (h\u00f8jre-klik for at downloade)<\/p>\n<p class=\"revelation_details\"><em>Som \u00e5benbaret for<br \/>\nMarshall Vian Summers<br \/>\nden 5. april, 2011<br \/>\ni Boulder, CO<br \/>\n<\/em><\/p>\n<div class=\"toggle toggle-white\"><h4 class=\"trigger \"><span class=\"t_ico\"><\/span><a href=\"#\">Om denne optagelse<\/a><\/h4><div class=\"toggle_container \"><br \/>\n<div id=\"yui_3_16_0_ym19_1_1467955126517_3327\" dir=\"ltr\"><span id=\"yui_3_16_0_ym19_1_1467955126517_3177\"><span id=\"yui_3_16_0_ym19_1_1467955126517_3178\">D\u00e9t, du h\u00f8rer i denne lydoptagelse er Den Englelige Forsamlings stemme, der taler gennem Budbringeren, Marshall Vian Summers<br \/>\n<\/span><\/span><\/div>\n<div dir=\"ltr\"><span id=\"yui_3_16_0_ym19_1_1467955126517_3177\"><span id=\"yui_3_16_0_ym19_1_1467955126517_3178\">\u00a0<\/span><\/span><\/div>\n<div id=\"yui_3_16_0_ym19_1_1467955126517_3359\" dir=\"ltr\"><span id=\"yui_3_16_0_ym19_1_1467955126517_3177\"><span id=\"yui_3_16_0_ym19_1_1467955126517_3178\"> Her er den oprindelige kommunikation fra Gud, der eksisterer hinsides ord, oversat til menneskeligt sprog og forst\u00e5else af Den Englelige Forsamling, der f\u00f8rer tilsyn med verden. Forsamlingen leverer derefter Guds Budskab gennem Budbringeren.<br \/>\n<\/span><\/span><\/div>\n<div id=\"yui_3_16_0_ym19_1_1467955126517_3369\" dir=\"ltr\"><span id=\"yui_3_16_0_ym19_1_1467955126517_3177\"><span id=\"yui_3_16_0_ym19_1_1467955126517_3178\">\u00a0<\/span><\/span><\/div>\n<div id=\"yui_3_16_0_ym19_1_1467955126517_3370\" dir=\"ltr\"><span id=\"yui_3_16_0_ym19_1_1467955126517_3177\"><span id=\"yui_3_16_0_ym19_1_1467955126517_3178\">I dette bem\u00e6rkelsesv\u00e6rdige forl\u00f8b, taler \u00c5benbaringens Stemme p\u00e5 ny. Ordet og Lyden er i verden. For f\u00f8rste gang i historien, er den oprindelige talte \u00e5benbaring tilg\u00e6ngelig for dig og for verden at opleve.<br \/>\n<\/span><\/span><\/div>\n<div id=\"yui_3_16_0_ym19_1_1467955126517_3436\" dir=\"ltr\"><span id=\"yui_3_16_0_ym19_1_1467955126517_3177\"><span id=\"yui_3_16_0_ym19_1_1467955126517_3178\">\u00a0<\/span><\/span><\/div>\n<div id=\"yui_3_16_0_ym19_1_1467955126517_3435\" dir=\"ltr\"><span id=\"yui_3_16_0_ym19_1_1467955126517_3177\"><span id=\"yui_3_16_0_ym19_1_1467955126517_3178\">M\u00e5 du v\u00e6re modtageren af denne \u00c5benbaringens gave og m\u00e5 du v\u00e6re \u00e5ben for at tage imod dens unikke Budskab for dig og for dit liv.<\/span><\/span><\/div>\n<br \/>\n<\/div><\/div>\n<p><\/div>\n<div id=\"tabs-2\"><br \/>\n<em>NOTE TIL L\u00c6SERNE:<br \/>\nDenne overs\u00e6ttelse blev givet til The Society af en studerende af Det Nye Budskab, der meldte sig frivilligt til at overs\u00e6tte den originale engelske tekst. Vi stiller denne overs\u00e6ttelse til r\u00e5dighed for verden i denne tidlige form, for at give mennesker en mulighed for at engagere sig med en del af Det Nye Budskab p\u00e5 deres eget sprog.<\/em><br \/>\n<\/div>\n\t\t\t\t<div align=\"right\">\n\t\t\t<div class=\"fb-like\" data-href=\"\" data-layout=\"button_count\" data-action=\"like\" data-show-faces=\"false\" data-share=\"false\"><\/div>\n\t\t\t<div class=\"fb-share-button\" data-layout=\"button_count\"> <\/div>\n\t\t\t<div class=\"fb_iframe_widget\"><a href=\"https:\/\/twitter.com\/godsnewmessage?ref_src=twsrc%5Etfw\" class=\"twitter-follow-button\" data-show-count=\"false\">Follow @godsnewmessage<\/a><script async src=\"https:\/\/platform.twitter.com\/widgets.js\" charset=\"utf-8\"><\/script><\/div>\n\t\t\t<\/div> <\/div> \n\n<p>Gud har sendt et Nyt Budskab til verden. For menneskeheden g\u00e5r ind i en ny \u00e6ra, en vanskelig \u00e6ra, en \u00e6ra med store milj\u00f8forandringer og politisk og \u00f8konomisk ustabilitet. Menneskeheden st\u00e5r overfor konkurrence fra racer i universet, som befinder sig i verden, for at drage fordel af menneskelige konflikter, med deres egne form\u00e5l for \u00f8je.<\/p>\n<p>Det er en t\u00e6rskel, der vil afg\u00f8re den menneskelige civilisations sk\u00e6bne og fremtid. Udfordringen vil v\u00e6re enorm, men det samme vil opfordringen til folk om at samarbejde for menneskelig opfindsomhed, kreativitet og forening. Det er en tid uden fortilf\u00e6lde. Det er en \u00c5benbaringens tid.<\/p>\n<p>Guds forrige \u00c5benbaringer kan ikke forberede menneskeheden p\u00e5, hvad den nu vil st\u00e5 overfor. S\u00e5 Gud har igen talt til den menneskelige familie og sendt en Ny \u00c5benbaring til verden. Dette er \u00c5benbaringen.<\/p>\n<p>En Budbringer er sendt hertil, for at tage imod den Nye \u00c5benbaring, for at bringe den ud i verden og for at opbygge dens altafg\u00f8rende f\u00e6llesskab, s\u00e5 dens renhed og dens effektivitet kan sikres.<\/p>\n<p>\u00c5benbaringen er st\u00f8rre end noget, der nogensinde f\u00f8r er givet til menneskeheden. Den indeholder sin egen ledsagetekst. Den giver dig ikke kun den st\u00f8rre sandhed. Den fort\u00e6ller dig, hvad den betyder, og hvordan den kan udtrykkes og anvendes.<\/p>\n<p>\u00c5benbaringen vil ikke blive overladt til enkeltpersoner, uanset hvor velmenende de m\u00e5tte v\u00e6re, til at afg\u00f8re dens betydning og v\u00e6rdi her p\u00e5 Jorden. Naturligvis har dette f\u00f8rt til b\u00e5de visdom og fejl tidligere.<\/p>\n<p>Nu er \u00c5benbaringen for vigtig til at v\u00e6re overladt til menneskelig forst\u00e5else og opfindelse. Derfor er Budbringeren her. Derfor indeholder det Nye Budskab sine egne ledsagetekster og l\u00e6rer \u2013 tusinde l\u00e6rer til en verden under forandring.<\/p>\n<p>Budbringeren b\u00e6rer en stor byrde. Han har brugt \u00e5rtier p\u00e5 at tage imod noget af enorm st\u00f8rrelse, en ny bevidstheds- og forst\u00e5elsest\u00e6rskel for den menneskelige familie.<\/p>\n<p>Han har bragt Visdom og Kundskab fra universet hertil, s\u00e5 menneskeheden kan v\u00e6re forberedt p\u00e5 sit m\u00f8de med livet udenfor sine gr\u00e6nser.<\/p>\n<p>Han har bragt en Ny \u00c5benbaring om Gud og Skabelse. Han har bragt en ny forst\u00e5else af menneskelige relationer og menneskelig \u00e5ndeligheds natur og form\u00e5l.<\/p>\n<p>Han bringer en \u00c5benbaring frem, der ikke er spoleret af verden, der ikke er blevet \u00e6ndret af verden. Han tillader folk at h\u00f8re den Stemme, der har talt til ham, s\u00e5 selve Budskabet kan v\u00e6re meget tydeligt.<\/p>\n<p>Det er en \u00c5benbaring, der ikke ligner noget, der f\u00f8r er givet til menneskeheden. Den er ikke blot en fortsat ledsagetekst om menneskelig \u00e5ndelighed. Den er ikke blot en videreudvikling af det, der er givet f\u00f8r. Den er ikke en reaktion p\u00e5 religioner eller religi\u00f8se institutioner.<\/p>\n<p>Den er en ny t\u00e6rskel for menneskeheden. For nu dukker I op i et St\u00f8rre F\u00e6llesskab af liv, og I m\u00e5 l\u00e6re om dette St\u00f8rre F\u00e6llesskab, som vil redefinere jeres forst\u00e5else af Guddommelighed, form\u00e5l og mening med livet.<\/p>\n<p>Menneskeheden er p\u00e5 vej ind i en vanskeligere verden, en ny verden af milj\u00f8m\u00e6ssig ustabilitet, med stor risiko for menneskelige konflikter og krig. Nu fungerer I p\u00e5 global skala, hvor alle er involverede. Det er ikke kun \u00e9n nations, \u00e9n stammes eller \u00e9n gruppes problem.<\/p>\n<p>S\u00e5 Vi taler med Skaberens autoritet, og Budbringeren m\u00e5 tale med Skaberens autoritet. Han vil blive fejlbed\u00f8mt. Han vil blive tilsmudset. Han vil blive forn\u00e6gtet. For det sker altid i en tid for \u00c5benbaring.<\/p>\n<p>Men han er en ydmyg mand. Han er uden ambitioner og bedrag. P\u00e5 en m\u00e5de er han for god til verden, men hans godhed er n\u00f8dvendig for at repr\u00e6sentere \u00c5benbaringen.<\/p>\n<p>Det er en stor byrde for ham. At kommunikere noget af denne st\u00f8rrelsesorden kr\u00e6ver f\u00e6rdighed, klarhed og beslutsomhed fra hans side og fra de mange menneskers side, som vil afl\u00e6gge vidnesbyrd om ham i begyndelsen af hans st\u00f8rre pr\u00e6steembede.<\/p>\n<p>\u00c5benbaringen lever ikke op til folks forventninger. Den er ingen opfyldelse af fortiden. Den er ikke bundet til menneskelig forst\u00e5else, menneskelige konventioner og end ikke til menneskelig teologisk forst\u00e5else.<\/p>\n<p>Alt dette m\u00e5 Budbringeren kommunikere. Han vil blive stillet t\u00e5belige sp\u00f8rgsm\u00e5l. Han vil blive stillet ondsindede sp\u00f8rgsm\u00e5l. Tvivl og skyld og frygtelige associationer vil blive kastet over ham af de t\u00e5belige og uvidende.<\/p>\n<p>Folk vil f\u00f8le sig truet af hans erkl\u00e6ringer, ikke fordi erkl\u00e6ringerne er forkerte, men fordi de er uvillige eller ude af stand til at revurdere deres egne id\u00e9er. De kan ikke reagere p\u00e5 den Nye \u00c5benbaring. De kan ikke acceptere, at Gud har talt igen. De har for meget frygt og har investeret sig selv for meget i fortiden til at kunne genoverveje deres overbevisninger, deres id\u00e9er og deres associationer.<\/p>\n<p>Dog er der mange sind i verden, der er \u00e5bne. Der er mange mennesker, der leder efter den Nye \u00c5benbaring. Det ville v\u00e6re af st\u00f8rste fordel, hvis de kunne kende til Budbringeren i hans levetid. Nu er han en \u00e6ldre mand. Han har ikke mange \u00e5r tilbage. Og derfor er det en stor velsignelse at m\u00f8de ham, at kende til ham og h\u00f8re ham tale, selv hvis du ikke kan v\u00e6re sammen med ham personligt.<\/p>\n<p>For f\u00f8rste gang bliver \u00c5benbaringen optaget n\u00f8jagtigt og fuldst\u00e6ndigt i Budbringerens levetid. Dette er ikke noget, der vil blive formuleret, efter at Budbringeren er v\u00e6k, og kastet ind i en religi\u00f8s forst\u00e5else, af mennesker, som virkeligt ikke har den religi\u00f8se forst\u00e5else.<\/p>\n<p>Det er derfor, at \u00c5benbaringen har taget s\u00e5 lang tid. Den bliver leveret med stor omhu. Den giver sine egne ledsagetekster, for at begr\u00e6nse den store risiko for misforst\u00e5else og fejlanvendelse.<\/p>\n<p>Budbringeren har f\u00e5et Visdom og Kundskab fra universet om, at menneskeheden vil v\u00e6re n\u00f8dt til at m\u00f8de sine vanskeligheder her p\u00e5 Jorden og m\u00f8de den enorme udfordring det er, at h\u00e5ndtere et ikke-menneskeligt univers, et konkurrencepr\u00e6get univers, et univers som menneskeheden intet ved om.<\/p>\n<p>Budbringeren m\u00e5 tale om virkeligheden og \u00e5ndeligheden i dette St\u00f8rre F\u00e6llesskab af liv, i det mindste i generelle vendinger, s\u00e5 folk kan forst\u00e5, hvad de har med at g\u00f8re \u2013 de fordele, som menneskeheden har, og ogs\u00e5 dens ulemper.<\/p>\n<p>Budbringeren vil tale om ting for nutiden og for fremtiden. Han vil give svar p\u00e5 sp\u00f8rgsm\u00e5l, der end ikke er stillet. Han vil tale til menneskers behov i fremtiden s\u00e5vel som mennesker i dag, for \u00c5benbaringen er ikke kun for denne tid, men for kommende tider.<\/p>\n<p>Budbringeren har en hengiven hustru og s\u00f8n og en lille gruppe af enkeltpersoner, som er engagerede og dedikerede til at hj\u00e6lpe sig med at bringe Guds Nye \u00c5benbaring til verden.<\/p>\n<p>De, der bliver kaldt til at v\u00e6re de f\u00f8rste respondenter i mange nationer og fra mange kulturer, bliver n\u00f8dt til at bevidne Budbringeren, fordi de lever i \u00c5benbaringens tid og i Budbringerens tid.<\/p>\n<p>Mange mennesker vil have mange ting fra Budbringeren. De vil have ham til at skabe mirakler og v\u00e6re en healer og have svar p\u00e5 alle de politiske og sociale problemer i verden i dag. De vil muligvis have ham til at v\u00e6re ren og pletfri. De vil have ham til at v\u00e6re til stede for deres behov. De vil t\u00e6nke, at han burde v\u00e6re mange forskellige ting. Dette konfronterer altid en Budbringer, der bringer en \u00c5benbaring, ikke kun for de tider, hvor den introduceres, men ogs\u00e5 for fremtiden.<\/p>\n<p>Budbringeren vil v\u00e6re n\u00f8dt til at skuffe mange af disse forventninger, for han kan ikke v\u00e6re alt for alle mennesker. Han kan ikke leve op til de moralske forventninger, som mange mennesker vil have. For de forst\u00e5r ikke Budbringeren. De forst\u00e5r ikke \u00c5benbaringens metoder.<\/p>\n<p>Mange mennesker vil mods\u00e6tte sig Budbringeren, fordi de ikke \u00f8nsker at se i \u00f8jnene, at en s\u00e5dan person er i deres n\u00e6rv\u00e6r, hvad det kan betyde for dem, og hvilket slags ansvar det kan fremprovokere. De vil sige: &#8220;\u00c5h, der er mange budbringere og mange profeter og mange l\u00e6rer. Det kan ikke kun v\u00e6re \u00e9n person.\u201d Folk kan blive indignerede over dette.<\/p>\n<p>S\u00e5 er der selvf\u00f8lgelig mange mennesker, der tror, at en ny profet ikke kan komme til verden, at Gud for \u00e5rhundreder siden sagde alt, hvad Gud nogensinde vil sige til menneskeheden. Gud har intet mere at sige til menneskeheden. Gud bekymrer sig ikke l\u00e6ngere. Gud gav forskrifterne for \u00e5rhundreder siden, og det er tilstr\u00e6kkeligt for evigt og altid.<\/p>\n<p>Men ingen, end ikke Guds Budbringere, kan sige, hvad det n\u00e6ste er, Gud vil g\u00f8re. Ingen kan \u00e6rligt sige, at en Ny \u00c5benbaring ikke kan gives til verden, for det er en uvidenhedens og arrogancens holdning. End ikke Guds tidligere Budbringere kan frems\u00e6tte s\u00e5danne p\u00e5stande.<\/p>\n<p>S\u00e5 folk bliver n\u00f8dt til at se virkeligheden og betydningen af den Nye \u00c5benbaring i \u00f8jnene. De bliver n\u00f8dt til at se deres respons til Budbringeren i \u00f8jnene. De bliver n\u00f8dt til at se konsekvenserne af, at dette m\u00f8de enten var en succes eller en fiasko, i \u00f8jnene. Det vil v\u00e6re en stor pr\u00f8ve \u2013 en integritets-, \u00e6rligheds-, klarheds- og visdomspr\u00f8ve.<\/p>\n<p>Hvis du er virkeligt \u00e6rlig overfor dig selv, vil du indse, at du ikke kan sige, hvad Gud vil g\u00f8re og ikke g\u00f8re. Du kan ikke h\u00e6vde, at din religion er den eneste religion, eller den store religion, eller den sidste religion eller den endelige religion. For det er at p\u00e5st\u00e5, at du kender Guds Plan og Form\u00e5l for nu og for fremtiden, men ingen p\u00e5 Jorden, ingen i det fysiske univers, kan frems\u00e6tte en s\u00e5dan p\u00e5stand.<\/p>\n<p>Her begynder du at se Budbringerens byrde. Han vil pege p\u00e5 \u00c5benbaringen \u2013 dens bemyndigelse af individet; dens retningsgiven til nationers ledere; dens budskab om form\u00e5l, forening og uops\u00e6ttelighed. Han vil tale om store problemer, som folk ikke \u00f8nsker at se i \u00f8jnene. Hans ord vil g\u00e5 stik imod menneskelig forn\u00e6gtelse og formodning.<\/p>\n<p>Men Budbringeren er her ikke for at ford\u00f8mme nationer og regeringer og institutioner, men for at give en afklaring af meningen og form\u00e5let med menneskelig \u00e5ndelighed, og hvad der m\u00e5 g\u00f8res for at forberede sig p\u00e5 de Store B\u00f8lger af forandring, der kommer til verden, og p\u00e5 menneskehedens fremtid og sk\u00e6bne i et St\u00f8rre F\u00e6llesskab af liv i universet.<\/p>\n<p>De ting, han vil sige, kan kun siges af Budbringeren. For ingen p\u00e5 Jorden kunne kende til de ting, han siger. Ingen p\u00e5 Jorden har levet i det St\u00f8rre F\u00e6llesskab i nyere tid.<\/p>\n<p>Mange mennesker ser stor fare med hensyn til verdens milj\u00f8 og civilisationens fremtid, men ingen har hele billedet, ser du, for kun Gud kan give dette.<\/p>\n<p>Og Gud m\u00e5 kommunikere gennem \u00e9n Budbringer. Ellers vil Budskabet blive splittet og konfliktfyldt og konkurrerende, hvilket ville f\u00f8re til stor forvirring og desillusion.<\/p>\n<p>Budbringeren giver et helt nyt forst\u00e5elsesparadigme, en St\u00f8rre F\u00e6llesskabsbevidsthed, en ny erkendelse af Gud og af naturen af det Guddommelige N\u00e6rv\u00e6r, den Guddommelige Vilje og indflydelse i verden.<\/p>\n<p>Dette er ikke en Gud for \u00e9t folk eller \u00e9n verden. Dette er en Gud for alle universer.<\/p>\n<p>Dette er ikke en faderlig Gudsskikkelse, der er optaget af menneskelige anliggender og alle detaljer i hver enkelts liv.<\/p>\n<p>Dette er en Gud, der har sat evolutionens, de geologiske og biologiske forandringskr\u00e6fter i gang i tidernes morgen.<\/p>\n<p>Dette er en Gud, som ikke vil sidde og f\u00e6lde domme og kaste mennesker ned i Helvedes ild, for Gud har givet hver enkelt person Kundskabens magt. De vil med tiden reagere p\u00e5 den, for det er den del af dem, der aldrig har forladt Gud, den del af dem, der aldrig har v\u00e6ret adskilt. Det er Forl\u00f8sningsplanen, som meget f\u00e5 mennesker i verden i dag virkeligt forst\u00e5r.<\/p>\n<p>Budbringeren bliver n\u00f8dt til at tale om disse ting, hvoraf nogle er s\u00e5 langt ude over konventionel t\u00e6nkning og forst\u00e5else, ting der m\u00e5 reageres p\u00e5 p\u00e5 et dybere niveau \u2013 et dybere erkendelsesniveau, et dybere \u00e6rlighedsniveau. Han pr\u00e6senterer ikke blot teorier eller perspektiver eller id\u00e9er, der skal overvejes og diskuteres. Han leverer \u00c5benbaringen.<\/p>\n<p>Det har taget ham \u00e5rtier at tage imod den. Den er s\u00e5 stor. En del af den vil v\u00e6re forvirrende for folk, s\u00e5 langt ude over deres nuv\u00e6rende bekymringer og forst\u00e5else. Og dog er essensen af den iboende og naturlig for hver enkelt, for den taler til den dybere intelligens i hver enkelt, en intelligens f\u00f8dt af deres forhold til det Guddommelige.<\/p>\n<p>Dette er hinsides filosofisk debat og teologisk argumentation. Det er hinsides nationalt perspektiv eller religi\u00f8s stolthed. Det er hinsides alt, hvad der adskiller mennesker fra hinanden og s\u00e6tter dem i kontrast til og i konflikt med hinanden her i verden.<\/p>\n<p>Budbringeren vil pr\u00e6sentere \u00e5ndelighed, som den er blevet praktiseret af viderekommende racer i universet. Dette skyldes ikke hans forst\u00e5else, men selve \u00c5benbaringen.<\/p>\n<p>Budbringeren vil tale om den Intervention, der finder sted i verden i dag, af sm\u00e5 grupper af fremmede opdagelsesrejsende og opportunister, som er her for at drage fordel af menneskelig svaghed og menneskelig forventning.<\/p>\n<p>Budbringeren vil tale om St\u00f8rre F\u00e6llesskabsanliggender, ikke fordi han selv har v\u00e6ret der og rejst rundt og bes\u00f8gt utallige steder, men fordi dette er \u00c5benbaringen.<\/p>\n<p>Budbringeren vil tale om relationer af h\u00f8jere form\u00e5l. Dette har han oplevet og demonstreret i sit liv. Det, han vil sige, vil v\u00e6re en del af \u00c5benbaringen, for \u00c5benbaringen taler om mange ting.<\/p>\n<p>Dette er Budbringerens byrde. Dette er inden i ham. Dette er blevet afsl\u00f8ret for ham.<\/p>\n<p>\u00c5benbaringsprocessen er ikke forst\u00e5et i verden. Folk tror, at Budbringerne er guder, eller ogs\u00e5 afviser de dem helt for blot at v\u00e6re l\u00e6rere, der tilbyder anderledes perspektiver.<\/p>\n<p>Folk vil gerne komme til Gud p\u00e5 deres egne vilk\u00e5r, men Gud s\u00e6tter vilk\u00e5rene for engagement. Gud fastl\u00e6gger vilk\u00e5rene for tiln\u00e6rmelsen. Du kender ikke din vej til Gud, men Gud kender vejen til dig. Du kan ikke bestemme, under hvilke omst\u00e6ndigheder du vil acceptere og tro p\u00e5 og tage imod \u00c5benbaring, for det er at v\u00e6re blind og arrogant.<\/p>\n<p>Du ved ikke, hvad \u00c5benbaringen vil afsl\u00f8re. Den er her ikke for at g\u00f8re dig rig, doven og glad. Den er her for at kalde dig til st\u00f8rre tjeneste og for at forberede dig p\u00e5 en mere vanskelig og udfordrende verden, en verden, der nu vil involvere faktorer og p\u00e5virkninger, der aldrig er set f\u00f8r i verden, p\u00e5virkninger fra universet omkring jer.<\/p>\n<p>Alle blev sendt til verden for at v\u00e6re i verden p\u00e5 dette tidspunkt, for at m\u00e5tte se disse store og nye omst\u00e6ndigheder i \u00f8jnene. S\u00e5 at p\u00e5st\u00e5, at det er for meget for dig, er simpelthen at indr\u00f8mme din svaghed og ikke anerkende dit ansvar for at forberede dig.<\/p>\n<p>Enhver er selvf\u00f8lgeligt svag til at begynde med. Man bliver ikke st\u00e6rk af at gerne ville v\u00e6re st\u00e6rk. Man bliver st\u00e6rk af at reagere p\u00e5 livets krav og omst\u00e6ndigheder.<\/p>\n<p>Det er meningen med \u00c5benbaringen. Det er \u00c5benbaringens kraft. Tiden tikker og marcherer videre. Menneskeheden har ikke ret meget tid til at tilpasse sig en ny verden og forberede sig p\u00e5 det St\u00f8rre F\u00e6llesskab.<\/p>\n<p>Det er en del af Budbringerens byrde. Menneskeheden har ikke \u00e5rtier og \u00e5rhundreder til at overveje betydningen og v\u00e6rdien af \u00c5benbaringen. For menneskehedens sk\u00e6bne og fremtid st\u00e5r ved et stort vendepunkt. De beslutninger, der tr\u00e6ffes i dag, vil afg\u00f8re resultatet af s\u00e5 mange ting.<\/p>\n<p>Menneskelig fors\u00f8mmelse, menneskelig uansvarlighed, menneskelig forn\u00e6gtelse \u2013 alle disse ting vil garantere en langt vanskeligere fremtid for dig og for dine b\u00f8rn og for fremtidige generationer.<\/p>\n<p>I denne verden bliver menneskelig frihed og suver\u00e6nitet udfordret. I kan ikke g\u00e5 ud fra, at I vil have disse ting i fremtiden, uden stor forberedelse og beslutsom handling.<\/p>\n<p>Frihed er sj\u00e6lden i universet. Nationer, der er frie, m\u00e5 forberede sig og m\u00e5 udvise stor diskretion og skelneevne. Det er alt sammen ting at l\u00e6re og v\u00e6rds\u00e6tte og prioritere for menneskeheden.<\/p>\n<p>Dette er Budbringerens byrde. Han vil v\u00e6re begr\u00e6nset af folks begr\u00e6nsede reaktion. Han vil blive holdt tilbage af andres ignorance. Han vil v\u00e6re n\u00f8dt til at k\u00e6mpe mod projektioner af skyld og ford\u00f8mmelse. Han bliver n\u00f8dt til at tr\u00e6de sin kurs meget varsomt, med stor omhu. Alt hvad han siger kan huskes. Alt hvad han g\u00f8r er en demonstration.<\/p>\n<p>De mennesker, der er sendt for at v\u00e6re t\u00e6t p\u00e5 ham, m\u00e5 blive udviklede og uddannede og st\u00e6rke, st\u00e6rke med Kundskabens kraft, ellers kunne de forr\u00e5de ham til de kr\u00e6fter, der vil s\u00f8ge at underminere og hindre hans tilstedev\u00e6relse i verden.<\/p>\n<p>Stort ansvar f\u00f8lger alle, der vil v\u00e6re t\u00e6t p\u00e5 Budbringeren, og alle, der vil tage imod \u00c5benbaringen. For du tager ikke kun imod det for din egen skyld, men ogs\u00e5 for at lade \u00c5benbaringen bev\u00e6ge sig gennem dig til andre.<\/p>\n<p>Den m\u00e5 deles fra person til person. Det er det mest effektive. Men hvis denne m\u00e5de skal bevare det Nye Budskabs klarhed og integritet, m\u00e5 Budskabets renhed gives og lydoptages. Ellers vil dets betydning og v\u00e6rdi g\u00e5 tabt i overs\u00e6ttelsen.<\/p>\n<p>Dette er en del af Budbringerens byrde.<\/p>\n<p>T\u00e6nk p\u00e5 disse ting. Overvej disse ting. Og overvej dit ansvar med hensyn til at reagere p\u00e5 \u00c5benbaringen og med hensyn til at overveje det faktum, at du lever p\u00e5 Budbringerens tid.<\/p>\n<p>T\u00e6nk nu alvorligt over disse ting. Det er af stor betydning for dit liv og for den menneskelige families fremtid og velbefindende.<\/p>\n<p>&nbsp;<\/p>\n","protected":false},"excerpt":{"rendered":"<p>Gud har sendt et Nyt Budskab til verden. For menneskeheden g\u00e5r ind i en ny \u00e6ra, en vanskelig \u00e6ra, en \u00e6ra med store milj\u00f8forandringer og politisk og \u00f8konomisk ustabilitet. Menneskeheden st\u00e5r overfor konkurrence fra racer i universet, som befinder sig i verden, for at drage fordel af menneskelige konflikter, med deres egne form\u00e5l for \u00f8je.\u2026 <a class=\"read-more\" href=\"https:\/\/www.v6.newmessage.org\/da\/about-recording-shortcode\/\"><span>Read More<\/span><\/a><\/p>\n","protected":false},"author":77,"featured_media":0,"parent":27834,"menu_order":9,"comment_status":"closed","ping_status":"closed","template":"template-leftsidebar.php","meta":{"_monsterinsights_skip_tracking":false,"_monsterinsights_sitenote_active":false,"_monsterinsights_sitenote_note":"","_monsterinsights_sitenote_category":0,"footnotes":""},"categories":[76,684,460],"tags":[351],"_links":{"self":[{"href":"https:\/\/www.v6.newmessage.org\/da\/wp-json\/wp\/v2\/pages\/27841"}],"collection":[{"href":"https:\/\/www.v6.newmessage.org\/da\/wp-json\/wp\/v2\/pages"}],"about":[{"href":"https:\/\/www.v6.newmessage.org\/da\/wp-json\/wp\/v2\/types\/page"}],"author":[{"embeddable":true,"href":"https:\/\/www.v6.newmessage.org\/da\/wp-json\/wp\/v2\/users\/77"}],"replies":[{"embeddable":true,"href":"https:\/\/www.v6.newmessage.org\/da\/wp-json\/wp\/v2\/comments?post=27841"}],"version-history":[{"count":4,"href":"https:\/\/www.v6.newmessage.org\/da\/wp-json\/wp\/v2\/pages\/27841\/revisions"}],"predecessor-version":[{"id":27845,"href":"https:\/\/www.v6.newmessage.org\/da\/wp-json\/wp\/v2\/pages\/27841\/revisions\/27845"}],"up":[{"embeddable":true,"href":"https:\/\/www.v6.newmessage.org\/da\/wp-json\/wp\/v2\/pages\/27834"}],"wp:attachment":[{"href":"https:\/\/www.v6.newmessage.org\/da\/wp-json\/wp\/v2\/media?parent=27841"}],"wp:term":[{"taxonomy":"category","embeddable":true,"href":"https:\/\/www.v6.newmessage.org\/da\/wp-json\/wp\/v2\/categories?post=27841"},{"taxonomy":"post_tag","embeddable":true,"href":"https:\/\/www.v6.newmessage.org\/da\/wp-json\/wp\/v2\/tags?post=27841"}],"curies":[{"name":"wp","href":"https:\/\/api.w.org\/{rel}","templated":true}]}}