{"id":27834,"date":"2023-08-09T22:32:17","date_gmt":"2023-08-09T22:32:17","guid":{"rendered":"https:\/\/www.newmessage.org\/da\/?page_id=27834"},"modified":"2024-02-17T22:43:14","modified_gmt":"2024-02-17T22:43:14","slug":"abenbaringens-tid","status":"publish","type":"page","link":"https:\/\/www.v6.newmessage.org\/da\/budskabet\/bind-1\/abenbaringens-tid\/","title":{"rendered":"\u00c5benbaringens Tid"},"content":{"rendered":"<p><img decoding=\"async\" class=\"alignright size-large wp-image-49919 imgborder\" src=\"https:\/\/www.newmessage.org\/wp-content\/uploads\/2020\/08\/TOR-Gray-Cover-401x600.png\" alt=\"The Time of Revelation - Grey book cover\"><em>\u00c5benbaringens Tid<\/em> er en forest\u00e5ende ny bog udgivet af The Society for Det Nye Budskab. Resten af bogen vil v\u00e6re tilg\u00e6ngelig snart. Vi vil sende en tilkendegivelse til dig via e-mail, s\u00e5 snart bogen er udgivet, og vi vil opdatere denne bogs webside til at omfatte alle kapitler.<\/p>\n<p>Hvis du ikke allerede har tilmeldt dig Det Nye Budskabs Mailing Liste og gerne vil modtage nyheder og opdateringer om nye udgivelser, venligst g\u00f8r det ved at scrolle ned til <strong>Signup to Mailing List<\/strong> i venstre sidebar og indtast din e-mail adresse.<\/p>\n<p><em>\u00c5benbaringens Tid<\/em> er en bog i <a href=\"https:\/\/www.detnyebudskabfragud.org\/budskabet\/bind-1\/\">Bind 1<\/a> af Det Nye Budskab fra Gud.<\/p>\n<div class=\"background-color-bridesmaid padding-20\">\n<h2>Indholdsfortegnelse<\/h2>\n<p><a href=\"\/da\/budskabet\/bind-1\/abenbaringens-tid\/budbringerens-byrde\/\">Budbringerens Byrde<\/a><br \/>\n<a href=\"\/da\/budskabet\/bind-1\/abenbaringens-tid\/jesus-og-det-nye-budskab-fra-gud\/\">Jesus og det Nye Budskab fra Gud<\/a><br \/>\n<a href=\"\/da\/budskabet\/bind-1\/abenbaringens-tid\/buddha-og-det-nye-budskab-fra-gud\/\">Buddha og det Nye Budskab fra Gud<\/a><br \/>\n<a href=\"\/da\/budskabet\/bind-1\/abenbaringens-tid\/muhammed-og-det-nye-budskab-fra-gud\/\">Muhammed og det Nye Budskab fra Gud<\/a><\/p>\n<p><!--\n\n<a href=\"\/the-message\/volume-1\/the-time-of-revelation\/the-time-of-revelation\">The Time of Revelation<\/a>\n<a href=\"\/the-message\/volume-1\/the-time-of-revelation\/gods-plan-for-the-world\">God's Plan for the World<\/a>\n<a href=\"\/the-message\/volume-1\/the-time-of-revelation\/the-great-threshold\">The Great Threshold<\/a>\n<a href=\"\/the-message\/volume-1\/the-time-of-revelation\/the-voice-of-the-revelation\">The Voice of Revelation<\/a>\n<a href=\"\/the-message\/volume-1\/the-time-of-revelation\/the-message-and-the-messenger\">The Message and the Messenger<\/a>\n\n<a href=\"\/the-message\/volume-1\/the-time-of-revelation\/destiny\">Destiny<\/a>\n\n--><\/p>\n<\/div>\n","protected":false},"excerpt":{"rendered":"<p>\u00c5benbaringens Tid er en forest\u00e5ende ny bog udgivet af The Society for Det Nye Budskab. Resten af bogen vil v\u00e6re tilg\u00e6ngelig snart. Vi vil sende en tilkendegivelse til dig via e-mail, s\u00e5 snart bogen er udgivet, og vi vil opdatere denne bogs webside til at omfatte alle kapitler. Hvis du ikke allerede har tilmeldt dig\u2026 <a class=\"read-more\" href=\"https:\/\/www.v6.newmessage.org\/da\/budskabet\/bind-1\/abenbaringens-tid\/\"><span>Read More<\/span><\/a><\/p>\n","protected":false},"author":77,"featured_media":0,"parent":16287,"menu_order":9,"comment_status":"closed","ping_status":"closed","template":"template-leftsidebar.php","meta":{"_monsterinsights_skip_tracking":false,"_monsterinsights_sitenote_active":false,"_monsterinsights_sitenote_note":"","_monsterinsights_sitenote_category":0,"footnotes":""},"categories":[460],"tags":[650,683],"_links":{"self":[{"href":"https:\/\/www.v6.newmessage.org\/da\/wp-json\/wp\/v2\/pages\/27834"}],"collection":[{"href":"https:\/\/www.v6.newmessage.org\/da\/wp-json\/wp\/v2\/pages"}],"about":[{"href":"https:\/\/www.v6.newmessage.org\/da\/wp-json\/wp\/v2\/types\/page"}],"author":[{"embeddable":true,"href":"https:\/\/www.v6.newmessage.org\/da\/wp-json\/wp\/v2\/users\/77"}],"replies":[{"embeddable":true,"href":"https:\/\/www.v6.newmessage.org\/da\/wp-json\/wp\/v2\/comments?post=27834"}],"version-history":[{"count":13,"href":"https:\/\/www.v6.newmessage.org\/da\/wp-json\/wp\/v2\/pages\/27834\/revisions"}],"predecessor-version":[{"id":28133,"href":"https:\/\/www.v6.newmessage.org\/da\/wp-json\/wp\/v2\/pages\/27834\/revisions\/28133"}],"up":[{"embeddable":true,"href":"https:\/\/www.v6.newmessage.org\/da\/wp-json\/wp\/v2\/pages\/16287"}],"wp:attachment":[{"href":"https:\/\/www.v6.newmessage.org\/da\/wp-json\/wp\/v2\/media?parent=27834"}],"wp:term":[{"taxonomy":"category","embeddable":true,"href":"https:\/\/www.v6.newmessage.org\/da\/wp-json\/wp\/v2\/categories?post=27834"},{"taxonomy":"post_tag","embeddable":true,"href":"https:\/\/www.v6.newmessage.org\/da\/wp-json\/wp\/v2\/tags?post=27834"}],"curies":[{"name":"wp","href":"https:\/\/api.w.org\/{rel}","templated":true}]}}