{"id":27801,"date":"2023-08-06T22:08:42","date_gmt":"2023-08-06T22:08:42","guid":{"rendered":"https:\/\/www.newmessage.org\/da\/?page_id=27801"},"modified":"2024-11-03T17:03:54","modified_gmt":"2024-11-03T17:03:54","slug":"den-nye-gud-oplevelse","status":"publish","type":"page","link":"https:\/\/www.v6.newmessage.org\/da\/budskabet\/bind-4\/den-nye-gud-oplevelse\/","title":{"rendered":"Den Nye Gud Oplevelse"},"content":{"rendered":"<p><img loading=\"lazy\" decoding=\"async\" class=\"imgborder wp-image-53484 size-large alignright\" src=\"https:\/\/www.newmessage.org\/wp-content\/uploads\/2022\/05\/Vol-4-NGE-Gray-Scale.png\" alt=\"\" width=\"398\" height=\"600\"><em>Den Nye Gud Oplevelse<\/em> er en kommende ny bog, udgivet af The Society for det Nye Budskab. Resten af bogen vil snart v\u00e6re tilg\u00e6ngelig. Vi vil sende dig en meddelelse via e-mail, s\u00e5 snart denne bog er udgivet og opdatere denne bogs webside til at omfatte alle kapitler.<\/p>\n<p>Hvis du ikke allerede har tilmeldt dig det Nye Budskabs Mailing Liste og gerne vil modtage nyheder og opdateringer om nye udgivelser, bedes du g\u00f8re det ved at skrolle ned til <strong>Tilmeld dig Mailing Liste<\/strong> i venstre sidebj\u00e6lke og indtaste din e-mailadresse. P\u00e5 udgivelsestidspunktet kan indholdet af denne bog have \u00e6ndret sig.<\/p>\n<p><em>Den Nye Gud Oplevelse<\/em> er en bog i Bind 4 af det Nye Budskab fra Gud.<\/p>\n<p>De aktuelle \u00e5benbaringer, der er valgt til denne bog, er ikke endelige og kan have \u00e6ndret sig ved bogens udgivelse.<\/p>\n<div class=\"background-color-bridesmaid padding-20\">\n<h2 style=\"text-align: left;\"><span style=\"color: #525252;\">Indholdsfortegnelse<\/span><\/h2>\n<div style=\"line-height: 1.5;\">\n<p><a href=\"\/da\/budskabet\/bind-4\/den-nye-gud-oplevelse\/den-store-kaerlighed\/\">Den Store K\u00e6rlighed<\/a><\/p>\n<p><a href=\"\/da\/budskabet\/bind-4\/den-nye-gud-oplevelse\/hvad-sker-der-efter-doden\/\">Hvad Sker Der Efter D\u00f8den?<\/a><\/p>\n<p><!--\n<a href=\"https:\/\/www.newmessage.org\/the-message\/volume-4\/the-new-god-experience\/experiencing-god\/\">Experiencing God<\/a>\n\n<a href=\"\/the-message\/volume-4\/the-new-god-experience\/gods-power-in-you\">God's Power and Presence<\/a>\n\n<a href=\"\/the-message\/volume-4\/the-new-god-experience\/deep-union-god\">The Deep Union with God<\/a>\n\n<a href=\"\/the-message\/volume-4\/the-new-god-experience\/the-great-love\">The Great Love<\/a>\n\n<a href=\"\/the-message\/volume-4\/the-new-god-experience\/the-holy-days\">The Holy Days<\/a>\n\n<a href=\"\/the-message\/volume-4\/the-new-god-experience\/the-meaning-of-christmas\">The Meaning of Christmas<\/a>\n\n<a href=\"\/the-message\/volume-4\/the-new-god-experience\/the-new-god-experience\">The New God Experience<\/a>\n\n<a href=\"\/the-message\/volume-4\/the-new-god-experience\/spiritual-family\">The Reality of Your Spiritual Family<\/a>\n\n<a href=\"\/the-message\/volume-4\/the-new-god-experience\/what-happens-after-death\">What Happens After Death?<\/a>\n--><\/p>\n<\/div>\n<\/div>\n","protected":false},"excerpt":{"rendered":"<p>Den Nye Gud Oplevelse er en kommende ny bog, udgivet af The Society for det Nye Budskab. Resten af bogen vil snart v\u00e6re tilg\u00e6ngelig. Vi vil sende dig en meddelelse via e-mail, s\u00e5 snart denne bog er udgivet og opdatere denne bogs webside til at omfatte alle kapitler. Hvis du ikke allerede har tilmeldt dig\u2026 <a class=\"read-more\" href=\"https:\/\/www.v6.newmessage.org\/da\/budskabet\/bind-4\/den-nye-gud-oplevelse\/\"><span>Read More<\/span><\/a><\/p>\n","protected":false},"author":77,"featured_media":0,"parent":27560,"menu_order":0,"comment_status":"closed","ping_status":"closed","template":"template-leftsidebar.php","meta":{"_monsterinsights_skip_tracking":false,"_monsterinsights_sitenote_active":false,"_monsterinsights_sitenote_note":"","_monsterinsights_sitenote_category":0,"footnotes":""},"categories":[681,471],"tags":[650,679],"_links":{"self":[{"href":"https:\/\/www.v6.newmessage.org\/da\/wp-json\/wp\/v2\/pages\/27801"}],"collection":[{"href":"https:\/\/www.v6.newmessage.org\/da\/wp-json\/wp\/v2\/pages"}],"about":[{"href":"https:\/\/www.v6.newmessage.org\/da\/wp-json\/wp\/v2\/types\/page"}],"author":[{"embeddable":true,"href":"https:\/\/www.v6.newmessage.org\/da\/wp-json\/wp\/v2\/users\/77"}],"replies":[{"embeddable":true,"href":"https:\/\/www.v6.newmessage.org\/da\/wp-json\/wp\/v2\/comments?post=27801"}],"version-history":[{"count":7,"href":"https:\/\/www.v6.newmessage.org\/da\/wp-json\/wp\/v2\/pages\/27801\/revisions"}],"predecessor-version":[{"id":28201,"href":"https:\/\/www.v6.newmessage.org\/da\/wp-json\/wp\/v2\/pages\/27801\/revisions\/28201"}],"up":[{"embeddable":true,"href":"https:\/\/www.v6.newmessage.org\/da\/wp-json\/wp\/v2\/pages\/27560"}],"wp:attachment":[{"href":"https:\/\/www.v6.newmessage.org\/da\/wp-json\/wp\/v2\/media?parent=27801"}],"wp:term":[{"taxonomy":"category","embeddable":true,"href":"https:\/\/www.v6.newmessage.org\/da\/wp-json\/wp\/v2\/categories?post=27801"},{"taxonomy":"post_tag","embeddable":true,"href":"https:\/\/www.v6.newmessage.org\/da\/wp-json\/wp\/v2\/tags?post=27801"}],"curies":[{"name":"wp","href":"https:\/\/api.w.org\/{rel}","templated":true}]}}