{"id":27797,"date":"2023-08-06T22:04:27","date_gmt":"2023-08-06T22:04:27","guid":{"rendered":"https:\/\/www.newmessage.org\/da\/?page_id=27797"},"modified":"2023-08-07T18:19:02","modified_gmt":"2023-08-07T18:19:02","slug":"guds-nye-budskabs-globale-faellesskab","status":"publish","type":"page","link":"https:\/\/www.v6.newmessage.org\/da\/budskabet\/bind-2\/guds-nye-budskabs-globale-faellesskab\/","title":{"rendered":"Guds Nye Budskabs Globale F\u00e6llesskab"},"content":{"rendered":"<p><img decoding=\"async\" class=\"alignright size-large wp-image-50476 imgborder\" src=\"https:\/\/www.newmessage.org\/wp-content\/uploads\/2020\/09\/WWC_cover_v.7.05-400x600.jpg\" alt=\"\"><em>Guds Nye Budskabs Globale F\u00e6llesskab<\/em> er en \u00c5benbaringens bog fra Skaberen af alt liv, givet til de mennesker, der er p\u00e5kaldt, til at tage imod dette Budskab, til at l\u00e6re og efterleve dets l\u00e6re, til at f\u00f8lge dets forberedelsesvej og deltage i denne historisk store begivenhed: fremkomsten af en Ny \u00c5benbaring fra Gud i verden.<\/p>\n<div>\n<p>Vi lever i en tid med hidtil usete forandringer \u2013 en tid, hvor&nbsp;<a href=\"http:\/\/greatwavesofchange.org\/\" target=\"_blank\" rel=\"noopener noreferrer\">Store B\u00f8lger<\/a>&nbsp;af milj\u00f8m\u00e6ssige, \u00f8konomiske og politiske forandringer rammer verden, og en tid hvor&nbsp;<a href=\"https:\/\/www.newmessage.org\/da\/budskabet\/bind-1\/det-storre-faellesskab\/\" target=\"_blank\" rel=\"noopener noreferrer\">Kontakt<\/a>&nbsp;med intelligent liv i universet i hemmelighed finder sted, med alvorlige implikationer for den menneskelige race. Disse evolution\u00e6re udfordringer kr\u00e6ver ny visdom og ny \u00e5benbaring fra en Guddommelig kilde, og det er derfor, det Nye Budskab fra Gud er her.<\/p>\n<\/div>\n<div>\n<p>Gennem det Nye Budskab, p\u00e5kalder Gud samvittighedsfulde m\u00e6nd og kvinder, til at rejse sig til situationen, til at blive elever af&nbsp;<a href=\"https:\/\/www.newmessage.org\/da\/budskabet\/bind-4\/storre-faellesskab-spiritualitet\/hvad-er-kundskab\/\" target=\"_blank\" rel=\"noopener noreferrer\">Kundskab<\/a>, det \u00e5ndelige sind i hver enkelt person, og til at samles, som et <a href=\"https:\/\/www.newmessage.org\/da\/om-det-globale-faellesskab\/\" target=\"_blank\" rel=\"noopener noreferrer\">Globalt F\u00e6llesskab<\/a>&nbsp;af mennesker, der arbejder for at bringe en h\u00f8jere \u00e5nd, en st\u00f8rre inspiration og et st\u00f8rre bidrag til menneskeheden. Det er essentielt, at dette Globale F\u00e6llesskab af mennesker nu samles og bliver st\u00e6rkt og fokuseret, s\u00e5 Skaberens mission kan fremmes: for at beskytte vores verden, for at holde Kundskabens \u00e5nd i live, og for at forberede menneskeheden p\u00e5 et nyt liv i et&nbsp;<a href=\"https:\/\/https:\/\/www.newmessage.org\/da\/budskabet\/bind-4\/storre-faellesskab-spiritualitet\/hvad-er-det-storre-faellesskab\/\" target=\"_blank\" rel=\"noopener noreferrer\">St\u00f8rre F\u00e6llesskab<\/a> af verdener i universet. Af denne grund gives denne bog nu til dig.<\/p>\n<\/div>\n<div class=\"background-color-bridesmaid padding-20\">\n<h2 style=\"text-align: left;\"><span style=\"color: #525252;\">Indholdsfortegnelse<\/span><\/h2>\n<p>Kapitel 3: <a href=\"\/da\/budskabet\/bind-2\/guds-nye-budskabs-globale-faellesskab\/at-vaere-en-person-af-det-nye-budskab\/\">At V\u00e6re en Person af Det Nye Budskab<\/a><\/p>\n<p>Kapitel 6: <a href=\"\/da\/budskabet\/bind-2\/guds-nye-budskabs-globale-faellesskab\/guds-nye-budskabs-globale-faellesskab\/\">Guds Nye Budskabs Globale F\u00e6llesskab<\/a><\/p>\n<p><!--\n<a href=\"\/the-message\/volume-2\/the-worldwide-community-of-gods-new-message\/the-worldwide-community-of-gods-new-message-introduction\/\">Introduction<\/a>\n\nChapter 1: <a href=\"\/the-message\/volume-2\/the-worldwide-community-of-gods-new-message\/approaching-the-new-message\">Approaching the New Message<\/a>\n\nChapter 2: <a href=\"\/the-message\/volume-2\/the-worldwide-community-of-gods-new-message\/your-relationship-with-the-messenger\">Recognizing the Message and the Messenger<\/a>\n\nChapter 4: <a href=\"\/the-message\/volume-2\/the-worldwide-community-of-gods-new-message\/being-a-student-of-the-new-message\">Being a Student of the New Message<\/a>\n\nChapter 5: <a href=\"\/the-message\/volume-2\/the-worldwide-community-of-gods-new-message\/how-to-regard-the-messenger\">How to Regard the Messenger<\/a>\n\nChapter 7: <a href=\"\/the-message\/volume-2\/the-worldwide-community-of-gods-new-message\/bringing-the-new-message-to-the-world\">Bringing the New Message to the World<\/a>\n\nKapitel 8: <a href=\"\/the-message\/volume-2\/the-worldwide-community-of-gods-new-message\/supporting-gods-new-revelation\">Supporting God's New Revelation<\/a>\n\nChapter 9: <a href=\"\/the-message\/volume-2\/the-worldwide-community-of-gods-new-message\/witnessing-the-revelation\">Witnessing the Revelation<\/a>\n\nChapter 10: <a href=\"\/dealing-with-resistance-and-hostility-to-the-new-message\">Dealing with Resistance and Hostility<\/a>\n\nChapter 11: <a href=\"\/the-message\/volume-2\/the-worldwide-community-of-gods-new-message\/the-pilgrimage\">The Pilgrimage<\/a>\n\nChapter 12: <a href=\"\/the-message\/volume-2\/the-worldwide-community-of-gods-new-message\/protecting-the-message-and-the-messenger\">Protecting the Message and the Messenger<\/a>\n\nChapter 13: <a href=\"\/the-message\/volume-2\/the-worldwide-community-of-gods-new-message\/the-guardians\">The Guardians<\/a>\n--><\/p>\n<\/div>\n","protected":false},"excerpt":{"rendered":"<p>Guds Nye Budskabs Globale F\u00e6llesskab er en \u00c5benbaringens bog fra Skaberen af alt liv, givet til de mennesker, der er p\u00e5kaldt, til at tage imod dette Budskab, til at l\u00e6re og efterleve dets l\u00e6re, til at f\u00f8lge dets forberedelsesvej og deltage i denne historisk store begivenhed: fremkomsten af en Ny \u00c5benbaring fra Gud i verden.\u2026 <a class=\"read-more\" href=\"https:\/\/www.v6.newmessage.org\/da\/budskabet\/bind-2\/guds-nye-budskabs-globale-faellesskab\/\"><span>Read More<\/span><\/a><\/p>\n","protected":false},"author":77,"featured_media":0,"parent":16312,"menu_order":2,"comment_status":"closed","ping_status":"closed","template":"template-leftsidebar.php","meta":{"_monsterinsights_skip_tracking":false,"_monsterinsights_sitenote_active":false,"_monsterinsights_sitenote_note":"","_monsterinsights_sitenote_category":0,"footnotes":""},"categories":[680,467],"tags":[678],"_links":{"self":[{"href":"https:\/\/www.v6.newmessage.org\/da\/wp-json\/wp\/v2\/pages\/27797"}],"collection":[{"href":"https:\/\/www.v6.newmessage.org\/da\/wp-json\/wp\/v2\/pages"}],"about":[{"href":"https:\/\/www.v6.newmessage.org\/da\/wp-json\/wp\/v2\/types\/page"}],"author":[{"embeddable":true,"href":"https:\/\/www.v6.newmessage.org\/da\/wp-json\/wp\/v2\/users\/77"}],"replies":[{"embeddable":true,"href":"https:\/\/www.v6.newmessage.org\/da\/wp-json\/wp\/v2\/comments?post=27797"}],"version-history":[{"count":11,"href":"https:\/\/www.v6.newmessage.org\/da\/wp-json\/wp\/v2\/pages\/27797\/revisions"}],"predecessor-version":[{"id":27829,"href":"https:\/\/www.v6.newmessage.org\/da\/wp-json\/wp\/v2\/pages\/27797\/revisions\/27829"}],"up":[{"embeddable":true,"href":"https:\/\/www.v6.newmessage.org\/da\/wp-json\/wp\/v2\/pages\/16312"}],"wp:attachment":[{"href":"https:\/\/www.v6.newmessage.org\/da\/wp-json\/wp\/v2\/media?parent=27797"}],"wp:term":[{"taxonomy":"category","embeddable":true,"href":"https:\/\/www.v6.newmessage.org\/da\/wp-json\/wp\/v2\/categories?post=27797"},{"taxonomy":"post_tag","embeddable":true,"href":"https:\/\/www.v6.newmessage.org\/da\/wp-json\/wp\/v2\/tags?post=27797"}],"curies":[{"name":"wp","href":"https:\/\/api.w.org\/{rel}","templated":true}]}}