{"id":27794,"date":"2023-08-01T17:00:39","date_gmt":"2023-08-01T17:00:39","guid":{"rendered":"https:\/\/www.newmessage.org\/da\/?page_id=27794"},"modified":"2023-08-01T17:00:41","modified_gmt":"2023-08-01T17:00:41","slug":"initieringens-staerke-straler","status":"publish","type":"page","link":"https:\/\/www.v6.newmessage.org\/da\/budskabet\/andre-abenbaringer\/initieringens-staerke-straler\/","title":{"rendered":"Initieringens St\u00e6rke Str\u00e5ler"},"content":{"rendered":"<div><!-- Version 3.5 Verse --><\/div>\n\n<div class=\"tabgroup \"><ul class=\"tabs\"><li><a href=\"#tabs-1\">\u00c5benbaring<\/a><\/li>\n<li><a href=\"#tabs-2\">Note<\/a><\/li><\/ul>\n <div id=\"tabs-1\"><\/p>\n<p>H\u00f8r den oprindelige version af \u00c5benbaringen p\u00e5 engelsk:<\/p>\n<div id=\"jquery_jplayer_1\" class=\"jp-jplayer\"><\/div>\n\t\t\t\t<div id=\"jp_container_1\" class=\"jp-audio\">\n\t\t\t\t<div class=\"jp-type-single\"><div class=\"jp-control\"><a href=\"javascript:;\" class=\"jp-play\" tabindex=\"1\">play<\/a><a href=\"javascript:;\" class=\"jp-pause\" tabindex=\"1\">pause<\/a><\/div> <div class=\"jp-gui jp-interface\"><div class=\"jp-volume\"><div class=\"jp-volume-bar\"><div class=\"jp-volume-bar-value\"><\/div><\/div><\/div><div class=\"jp-progress\"><div class=\"jp-seek-bar\"><div class=\"jp-play-bar\"><\/div><\/div><\/div><\/div>\t\t\t\t\t<div class=\"jp-no-solution\"><span>Update Required<\/span>To play the media you will need to either update your browser to a recent version or update your <a href=\"http:\/\/get.adobe.com\/flashplayer\/\" target=\"_blank\">Flash plugin<\/a>.<\/div><\/div><\/div>\n\t\t\t<script type='text\/javascript'>\n\t\t\t\tjQuery(document).ready(function() {\n\t\t\t\t\tif (typeof (sermonMedia) == 'function') {\n\t\t\t\t\t\tsermonMedia.addAudio('', \"jquery_jplayer_1\");\n\t\t\t\t\t}\n\t\t\t\t\tjQuery.jPlayer.timeFormat.showHour = true;\n\t\t\t\t\tjQuery(\"#jquery_jplayer_1\").jPlayer({\n\t\t\t\t\t\tready: function(event) {\n\t\t\t\t\t\t\tjQuery(this).jPlayer(\"setMedia\", {mp3: 'https:\/\/www.newmessage.org\/av\/the-great-rays-of-initiation.mp3'});\n\t\t\t\t\t\t},\n\t\t\t\t\t\tplay: function() {\n\t\t\t\t\t\t\tjQuery(this).jPlayer(\"pauseOthers\");\n\t\t\t\t\t\t},\n\t\t\t\t\t\tswfPath: ThemeData.directory_uri+\"\/swf\",\n\t\t\t\t\t\tsolution: \"html, flash\",\n\t\t\t\t\t\tpreload: \"metadata\",\n\t\t\t\t\t\twmode: \"window\",\n\t\t\t\t\t\tsupplied: \"mp3\",\n\t\t\t\t\t\tcssSelectorAncestor: '#jp_container_1'\n\t\t\t\t\t});\n\t\t\t\t});\n\t\t\t<\/script><\/p>\n<p><a title=\"The Great Rays of Initiation\" href=\"https:\/\/www.newmessage.org\/av\/the-great-rays-of-initiation.mp3\">Download<\/a> (h\u00f8jre-klik for at downloade)<\/p>\n<p class=\"revelation_details\"><em>Som \u00e5benbaret for<br \/>\nMarshall Vian Summers<br \/>\nden 24. juli, 2012<br \/>\ni Boulder, CO<br \/>\n<\/em><\/p>\n<div class=\"toggle toggle-white\"><h4 class=\"trigger \"><span class=\"t_ico\"><\/span><a href=\"#\">Om denne optagelse<\/a><\/h4><div class=\"toggle_container \"><br \/>\n<div id=\"yui_3_16_0_ym19_1_1467955126517_3327\" dir=\"ltr\"><span id=\"yui_3_16_0_ym19_1_1467955126517_3177\"><span id=\"yui_3_16_0_ym19_1_1467955126517_3178\">D\u00e9t, du h\u00f8rer i denne lydoptagelse er Den Englelige Forsamlings stemme, der taler gennem Budbringeren, Marshall Vian Summers<br \/>\n<\/span><\/span><\/div>\n<div dir=\"ltr\"><span id=\"yui_3_16_0_ym19_1_1467955126517_3177\"><span id=\"yui_3_16_0_ym19_1_1467955126517_3178\">\u00a0<\/span><\/span><\/div>\n<div id=\"yui_3_16_0_ym19_1_1467955126517_3359\" dir=\"ltr\"><span id=\"yui_3_16_0_ym19_1_1467955126517_3177\"><span id=\"yui_3_16_0_ym19_1_1467955126517_3178\"> Her er den oprindelige kommunikation fra Gud, der eksisterer hinsides ord, oversat til menneskeligt sprog og forst\u00e5else af Den Englelige Forsamling, der f\u00f8rer tilsyn med verden. Forsamlingen leverer derefter Guds Budskab gennem Budbringeren.<br \/>\n<\/span><\/span><\/div>\n<div id=\"yui_3_16_0_ym19_1_1467955126517_3369\" dir=\"ltr\"><span id=\"yui_3_16_0_ym19_1_1467955126517_3177\"><span id=\"yui_3_16_0_ym19_1_1467955126517_3178\">\u00a0<\/span><\/span><\/div>\n<div id=\"yui_3_16_0_ym19_1_1467955126517_3370\" dir=\"ltr\"><span id=\"yui_3_16_0_ym19_1_1467955126517_3177\"><span id=\"yui_3_16_0_ym19_1_1467955126517_3178\">I dette bem\u00e6rkelsesv\u00e6rdige forl\u00f8b, taler \u00c5benbaringens Stemme p\u00e5 ny. Ordet og Lyden er i verden. For f\u00f8rste gang i historien, er den oprindelige talte \u00e5benbaring tilg\u00e6ngelig for dig og for verden at opleve.<br \/>\n<\/span><\/span><\/div>\n<div id=\"yui_3_16_0_ym19_1_1467955126517_3436\" dir=\"ltr\"><span id=\"yui_3_16_0_ym19_1_1467955126517_3177\"><span id=\"yui_3_16_0_ym19_1_1467955126517_3178\">\u00a0<\/span><\/span><\/div>\n<div id=\"yui_3_16_0_ym19_1_1467955126517_3435\" dir=\"ltr\"><span id=\"yui_3_16_0_ym19_1_1467955126517_3177\"><span id=\"yui_3_16_0_ym19_1_1467955126517_3178\">M\u00e5 du v\u00e6re modtageren af denne \u00c5benbaringens gave og m\u00e5 du v\u00e6re \u00e5ben for at tage imod dens unikke Budskab for dig og for dit liv.<\/span><\/span><\/div>\n<br \/>\n<\/div><\/div>\n<p><\/div>\n<div id=\"tabs-2\"><br \/>\n<em>NOTE TIL L\u00c6SERNE:<br \/>\nDenne overs\u00e6ttelse blev givet til The Society af en studerende af Det Nye Budskab, der meldte sig frivilligt til at overs\u00e6tte den originale engelske tekst. Vi stiller denne overs\u00e6ttelse til r\u00e5dighed for verden i denne tidlige form, for at give mennesker en mulighed for at engagere sig med en del af Det Nye Budskab p\u00e5 deres eget sprog.<\/em><br \/>\n<\/div>\n\t\t\t\t<div align=\"right\">\n\t\t\t<div class=\"fb-like\" data-href=\"\" data-layout=\"button_count\" data-action=\"like\" data-show-faces=\"false\" data-share=\"false\"><\/div>\n\t\t\t<div class=\"fb-share-button\" data-layout=\"button_count\"> <\/div>\n\t\t\t<div class=\"fb_iframe_widget\"><a href=\"https:\/\/twitter.com\/godsnewmessage?ref_src=twsrc%5Etfw\" class=\"twitter-follow-button\" data-show-count=\"false\">Follow @godsnewmessage<\/a><script async src=\"https:\/\/platform.twitter.com\/widgets.js\" charset=\"utf-8\"><\/script><\/div>\n\t\t\t<\/div> <\/div> \n\n<p>Magten og N\u00e6rv\u00e6ret v\u00e5ger over dig og alle mennesker i verden, venter p\u00e5 dem, der er rede, venter p\u00e5 dem, der er rede til at v\u00e5gne fra deres dybe s\u00f8vn om lyst og skuffelse, v\u00e5ger over verden, venter p\u00e5 de sind, der s\u00f8ger frihed \u2013 ikke blot en ydre frihed, men en indre frihed \u2013 venter p\u00e5 det \u00f8jeblik, hvor den enkelte er rede.<\/p>\n<p>Folk t\u00e6nker, at det Englelige N\u00e6rv\u00e6r altid er der, til at v\u00e6re hos dem, men det er ikke n\u00f8jagtigt. I sandhed venter N\u00e6rv\u00e6ret p\u00e5 dem, der er rede til at reagere p\u00e5 et h\u00f8jere kald og et h\u00f8jere form\u00e5l med livet. Det er disse individer, der vil samle den Englelige Forsamlings opm\u00e6rksomhed.<\/p>\n<p>Folk beder om mange ting, men den Englelige Forsamling venter p\u00e5 det virkelige kald fra den enkelte \u2013 et kald, der almindeligvis skyldes fortvivlelse og frustration eller skuffelse i verden, der nu s\u00f8ger noget, der er mere virkeligt, mere autentisk, mere permanent og mere essentielt for deres sande natur og form\u00e5l med at v\u00e6re i denne verden, p\u00e5 dette tidspunkt.<\/p>\n<p>St\u00e6rke Str\u00e5ler skinnes p\u00e5 dem, der kan reagere, og som er klar til at tage imod noget vidunderligt og betydningsfuldt. St\u00e6rke Str\u00e5ler af lys og kraft rettes mod dem, der begynder at tage imod forberedelsen p\u00e5 deres h\u00f8jere form\u00e5l og kald i livet.<\/p>\n<p>Dette kan man ikke selv bevidst p\u00e5kalde sig. Det m\u00e5 v\u00e6re f\u00f8dt af noget i dit indre, der er meget dybt og meget grundl\u00e6ggende for dit liv og dit form\u00e5l her. Du kan ikke i dit sind bede om, at de St\u00e6rke Str\u00e5ler skinner p\u00e5 dig for at initiere dig, for de kan ikke p\u00e5kaldes af dit sind. Det m\u00e5 komme fra et dybere sted i dig. Men dit sind kan g\u00f8re dig klar, ved at erkende dit livs st\u00f8rre behov, og det faktum, at du ikke lever det liv, som det var meningen du skulle leve, og at du er begr\u00e6nset af mange ting, der n\u00e6sten ingen v\u00e6rdi eller fremtidsmuligheder har.<\/p>\n<p>I et \u00f8jebliks klarhed og n\u00f8gternhed, forbereder du dig, ved at erkende sandheden om dit liv. Du g\u00f8r status over, hvor du er. Du erkender, at du er fortabt i verden og f\u00f8lger din kulturs og de menneskers forskrifter, der har s\u00e5 st\u00e6rk en indflydelse p\u00e5 dig.<\/p>\n<p>Her beder du ikke blot om lettelse fra lidelse, du beder for, at sandheden bliver afsl\u00f8ret for dig, ikke blot sandheden om dine omst\u00e6ndigheder, men sandheden om dit liv. Du beder for, at dit liv, dit virkelige liv, bliver givet til dig.<\/p>\n<p>Det er dette kald, der kommer dybt indefra dig, ikke blot noget, som dit sind \u00f8nsker i \u00f8jeblikket, ikke blot for at blive lettet fra lidelse, ikke blot for at f\u00e5 et rarere liv eller smukkere omgivelser eller f\u00e5 opfyldt dine ambitioner og \u00f8nsker. Det kommer fra et dybere sted i dig, fra Kundskab i dig. Det er dette, der taler til den Englelige Forsamling. Det er resultatet af en dybere oplevelse i dig selv, af at tage et dybere bestik i dig selv, en dybere \u00e6rlighed.<\/p>\n<p>Hvis du i sandhed er klar til at reagere, klar til at evaluere og \u00e6ndre p\u00e5 dit livs omst\u00e6ndigheder, hvis det er n\u00f8dvendigt, s\u00e5 vil de St\u00e6rke Str\u00e5ler skinne p\u00e5 dig, som var et signallys eller et spotlys rettet mod dig specifikt \u2013 ikke rettet mod folk omkring dig, ikke en gang rettet mod den person, der sidder ved siden af dig, ikke mod din mand eller din kone eller dine b\u00f8rn, men mod dig.<\/p>\n<p>Dette s\u00e6tter s\u00e5 en proces i gang, hvor du tager dybere bestik og g\u00e5r dybere i din evaluering, en proces best\u00e5ende af mange initieringsstadier, en proces, der indleder et stort vendepunkt i dit liv.<\/p>\n<p>For i sandhed ved du ikke, hvem du er, eller hvorfor du er her, eller hvad du er sendt for at udrette, eller hvem du er her for at m\u00f8de, hvad du er her for at undg\u00e5, hvad du er her for at udrette, hvilke store farer, der er i dit liv, hinsides din forst\u00e5else, hvilke store muligheder, der er i dit liv, hinsides din forst\u00e5else.<\/p>\n<p>Du har et forhold til den Englelige Forsamling, der v\u00e5ger over denne verden og alle, der befinder sig her. Dette er iboende for hvem, du er, hvorfor du er her, hvad du er sendt for at udrette, hvem du m\u00e5 m\u00f8de, hvor du m\u00e5 hen. Det er dit livs st\u00f8rre rejse, der venter p\u00e5 at blive opdaget og p\u00e5tages.<\/p>\n<p>Jeres tro, jeres ideologi, jeres religi\u00f8se synspunkter og jeres \u00e5ndelige aspirationer st\u00e5r oftere, end ikke, i vejen for denne dybere erkendelse, som ikke er noget af denne verden eller noget i denne verden, men som repr\u00e6senterer dit liv hinsides verden, hvorfra du er kommet, og hvortil du vil vende tilbage, og de forhold, der er prim\u00e6re for din eksistens og for din deltagelse i verden p\u00e5 dette tidspunkt.<\/p>\n<p>De St\u00e6rke Str\u00e5ler er kraftfulde. De n\u00e5r dybt i dit indre, forbig\u00e5r dit intellekt og alle dine overbevisninger og id\u00e9er og forventninger og klager og s\u00e5 videre, som skinnede de p\u00e5 en del af dig, du knapt nok har oplevet i livet og knapt nok er bekendt med \u2013 noget \u00e6ldgammelt, noget du kan have oplevet momentvist her og der, noget uforanderligt, den uforanderlige del af dig selv.<\/p>\n<p>Dette er kommunikation uden ord. Det er Initieringskraften, der genereres af den Englelige V\u00e6rt og Forsamling, der nu rettes mod en person, der har n\u00e5et tidspunktet, hvor vedkommende er parat, ikke kun i sit indre, men parat til at g\u00f8re noget, der m\u00e5 g\u00f8res i det ydre. For skulle de g\u00e5 glip af dette tidspunkt i deres udvikling og liv, kunne de g\u00e5 fuldst\u00e6ndigt glip af deres kald.<\/p>\n<p>Her er valget af tidspunkt afg\u00f8rende, for du har kun s\u00e5 meget tid til udskydelse. Du har kun s\u00e5 meget tid til at v\u00e6re fortabt i verden, f\u00f8r din lejlighed er g\u00e5et dig forbi og det er for sent for dig at reagere. Du ved ikke, hvorn\u00e5r dette er, men det Englelige N\u00e6rv\u00e6r g\u00f8r. Kundskab i dig g\u00f8r.<\/p>\n<p>Idet du n\u00e6rmer dig denne afg\u00f8rende tid i dit liv, vil du f\u00f8le dig stadigt mere \u00e6ngstelig over dine ydre omst\u00e6ndigheder, stadig mere tiltrukket af noget mere mystisk, noget, der i endnu h\u00f8jere grad betvivler dine v\u00e6rdier og engagementer med andre, du vil f\u00f8le dig mere utilpas og utilfreds med dine omst\u00e6ndigheder, selv hvis de er behagelige, selv hvis de tilsyneladende er gavnlige. Du bliver mere rastl\u00f8s. Du kan pr\u00f8ve at opfylde denne rastl\u00f8shed med flere ejendele, flere aktiviteter, mere rekreation, endnu mere spiritualitet, men du er ved at n\u00e5 et tidspunkt, hvor du er parat. Det sker p\u00e5 et dybere niveau, udenfor intellektets omr\u00e5de og r\u00e6kkevidde.<\/p>\n<p>N\u00e6rv\u00e6ret v\u00e5ger omhyggeligt over dig nu, for at se hvordan du vil reagere. Vil du forn\u00e6gte din oplevelse? Vil du mods\u00e6tte dig din oplevelse? Vil du igen pr\u00f8ve at fortabe dig i romance eller i en anden form for forf\u00f8lgelse i verden, selv en slags opbyggende forf\u00f8lgelse, som en stor social sag eller politisk kampagne? Men dette drejer sig om noget helt andet.<\/p>\n<p>P\u00e5 dette tidspunkt er det s\u00e5 vigtigt, at du er lydh\u00f8r overfor dig selv \u2013 at \u00f8ve indre lytning, at lytte efter noget dybere, uden at komme til konklusioner, at orientere dig selv p\u00e5 denne m\u00e5de. For, hvis de St\u00e6rke Str\u00e5ler er rettet mod dig, vil det i den grad forstyrre dit liv og forandre dig. Det er som at blive ramt af lynet.<\/p>\n<p>Dette kan v\u00e6re en dyb indre oplevelse men kan ogs\u00e5 fremkaldes af ankomsten af bestemte mennesker, der er her for at kalde dig ud af din fortid og v\u00e6re del af din forberedelse p\u00e5 et fremtidigt st\u00f8rre liv. I begge tilf\u00e6lde vil det s\u00e6tte en proces i gang, hvor der sker omfattende indre forandring og selv-evaluering, nu s\u00e5 st\u00e6rk, at du ikke blot kan forn\u00e6gte den eller t\u00e6nke, at den er noget andet, for den vil synes at overtage dig, og du vil v\u00e6re n\u00f8dt til at give efter for den.<\/p>\n<p>Det Englelige N\u00e6rv\u00e6r v\u00e5ger over dig, for at se om du kan g\u00f8re dette, om du kan tage imod initiering og g\u00e5 igennem den lange og ubeskrivelige proces, som den vil forlange. Du kan ikke kontrollere denne proces. Du kan kun holde dig fokuseret p\u00e5 den, og det vil kr\u00e6ve al den selv-disciplin og medf\u00f8lelse for dig selv, som du kan opbyde.<\/p>\n<p>Folk kan fejle p\u00e5 dette afg\u00f8rende tidspunkt, med store konsekvenser til f\u00f8lge. Det har at g\u00f8re med tilstedev\u00e6relsen af bestemte andre mennesker i dit liv, der vil spille en betydningsfuld rolle i dit st\u00f8rre arbejde og h\u00f8jere form\u00e5l her. M\u00e5ske er det tid for dig at m\u00f8de dem. M\u00e5ske kalder de p\u00e5 dig. Tiden for jeres rendezvous n\u00e6rmer sig, og du m\u00e5 v\u00e6re i stand til at reagere.<\/p>\n<p>Du har ikke disse muligheder p\u00e5 ethvert tidspunkt. Fort\u00e6l ikke dig selv, at initiering kan ske p\u00e5 et hvilket som helst tidspunkt, n\u00e5r du har lyst, for det er virkelig ikke sandt overhovedet. Du har visse lejligheder i livet, givet n\u00e6rheden af de mennesker, der vil v\u00e6re v\u00e6sentlige for din succes, og givet din egen udvikling og grad af selv-\u00e6rlighed.<\/p>\n<p>For at blive kaldt p\u00e5 denne m\u00e5de, m\u00e5 du v\u00e6re forberedt p\u00e5 at acceptere denne oplevelse og gennemg\u00e5 forberedelsesprocessen, som er meget dyb og intern. Du m\u00e5 kunne reagere p\u00e5 de mennesker, der kommer ind i dit liv, som vil initiere dig og v\u00e6re del af dette store vendepunkt.<\/p>\n<p>Dette g\u00e5r langt ud over dine personlige planer og evaluering af dit liv. Du kan t\u00e6nke og f\u00f8le, at du er ment for noget st\u00f8rre, og m\u00e5ske har denne f\u00f8lelse v\u00e6ret med dig i meget lang tid. Men Vi taler om noget langt st\u00e6rkere og st\u00f8rre.<\/p>\n<p>Hvis de St\u00e6rke Str\u00e5ler er rettet mod dig, hvis det er en tid med stor forandring, hvis din tid er kommet \u2013 den tid, som du, uden at vide det, har forberedt dig p\u00e5 \u2013 hvis den tid er kommet, m\u00e5 du v\u00e6re parat til at tage imod, og du m\u00e5 v\u00e6re parat til at g\u00e5 igennem en periode med stor forvirring og uvished.<\/p>\n<p>Guds nye Budbringer er her i verden i dag, og bringer et Nyt Budskab fra Gud til verden. Hvis du skal m\u00f8de ham og hvis dette m\u00f8de virkeligt skal v\u00e6re effektivt, m\u00e5 du v\u00e6re parat p\u00e5 denne m\u00e5de, for ellers vil du t\u00e6nke, at han bare er en anden person, der kommer med store p\u00e5stande. Du vil evaluere ham p\u00e5 et personligt plan, p\u00e5 samme m\u00e5de, som du, p\u00e5 nuv\u00e6rende tidspunkt, evaluerer andre.<\/p>\n<p>Du vil ikke se. Du vil ikke vide. Du vil ikke erkende, at dette sandsynligvis er det st\u00f8rste m\u00f8de, du vil opleve i hele dit liv. Hvis du g\u00e5r glip af det, er det g\u00e5et tabt.<\/p>\n<p>Guds vilje for dig er, at du v\u00e5gner op til dit h\u00f8jere form\u00e5l og tager imod den store velsignelse fra den Englelige Forsamling, de St\u00e6rke Str\u00e5ler. Men det betyder ikke, at denne rendezvous vil finde sted. Det betyder ikke, at du kan h\u00f8re og se og vide i det afg\u00f8rende \u00f8jeblik, hvor genkendelse m\u00e5 finde sted. Det betyder ikke, at din succes er sikret. Det betyder ikke, at du er parat, villig og i stand til det.<\/p>\n<p>Hvis du har en sk\u00e6bne med Budbringeren, m\u00e5 du g\u00f8re dig klar til det \u2013 s\u00e6tte det til side, som ikke kan g\u00e5 fremad, favne det, der er altafg\u00f8rende for din succes, opbygge din fornemmelse af integritet og selv-\u00e6rlighed, evaluere dit liv, for at se, hvad der virkeligt er \u00e6gte og har sk\u00e6bne, og hvad der ikke har, se tab i \u00f8jnene, opgive noget, hvis det er p\u00e5kr\u00e6vet, tr\u00e6kke dig tilbage fra nogen, n\u00e5r det er p\u00e5kr\u00e6vet, tr\u00e6de tilbage fra det, som du tidligere har investeret dig i folk, steder og ting, hvis det er p\u00e5kr\u00e6vet.<\/p>\n<p>N\u00e5r dette liv er ovre og du vender tilbage til din \u00c5ndelige Familie, har de kun \u00e9t sp\u00f8rgsm\u00e5l til dig, og det er, om du havde dit hellige rendezvous i livet og gav dine gaver til verden. I det \u00f8jeblik, vil du med absolut klarhed vide, om du gjorde eller ej. Der er ingen straf her, men v\u00e6gten af fiasko er stor. Det betyder, at du vil v\u00e6re n\u00f8dt til at pr\u00f8ve igen, og g\u00e5 gennem hele forl\u00f8bet forfra igen. Det skulle v\u00e6re tilskyndelse nok til at opmuntre de fleste mennesker til at forts\u00e6tte.<\/p>\n<p>N\u00e5r du beder til Gud, bed da ikke om sm\u00e5 ting, sm\u00e5 fordele og dispensationer. Bed for, at Kundskab vil blive st\u00e6rk i dig. Bed for, at du vil have overb\u00e6renheden og selvdisciplinen til at holde dine skr\u00e6mte og reaktive tendenser tilbage. Bed for, at de mennesker, med hvem det var meningen, at du skulle engagere dig, kan finde dig i verden. Bed for, at du vil v\u00e6re klar til dem, n\u00e5r de ankommer, at du vil indse, at du nu indg\u00e5r i et engagement af st\u00f8rre vigtighed, uden at pr\u00f8ve p\u00e5 helt at forst\u00e5, hvad dette betyder eller hvad det vil kr\u00e6ve.<\/p>\n<p>Mennesker, der er p\u00e5kaldt, kaldes ud af deres tidligere omst\u00e6ndigheder og forberedes p\u00e5 et andet slags liv. Alle har et h\u00f8jere form\u00e5l med at v\u00e6re i verden p\u00e5 dette tidspunkt, men ikke mange er parate til at tage imod deres kald. De er ikke rede til at tage imod de St\u00e6rke Str\u00e5ler.<\/p>\n<p>Verdens fremtid afh\u00e6nger af, at tilstr\u00e6kkeligt mange mennesker tager imod deres kald og yder deres bidrag til en verden, der st\u00e5r overfor stor og farlig forandring \u2013 en verden, der st\u00e5r overfor et St\u00f8rre F\u00e6llesskab af liv i universet; en verden, der ser \u00f8konomisk nedgang, milj\u00f8m\u00e6ssig \u00f8del\u00e6ggelse, et omskifteligt klima, i \u00f8jnene; en verden der er i risiko for at kollapse indefra, og som ser Intervention i \u00f8jnene udefra. Det er denne verden du er kommet for at tjene. Det er ikke et uheld, at du er her p\u00e5 dette tidspunkt.<\/p>\n<p>Velsignelsen er med dig, men du er ikke med velsignelsen. Kaldet venter p\u00e5 dig, men du har travlt med andre ting, optaget hvert \u00f8jeblik. Den Englelige Forsamling v\u00e5ger over dig, men dine \u00f8jne er rettet nedad mod jorden. Du beder for fred og lykke og gunstige omst\u00e6ndigheder, uden at erkende, at du i virkeligheden er her for noget andet. Du beder til himlene om, at din Adskillelsestilstand vil v\u00e6re tilfredsstillende og opfyldende, hvilket aldrig kan v\u00e6re tilf\u00e6ldet.<\/p>\n<p>Den Englelige Forsamling venter p\u00e5, at du erkender, at uden dit h\u00f8jere form\u00e5l og kald, er dit liv ikke andet end en urolig dr\u00f8m. Du kan ikke finde opfyldelse her, ligegyldigt hvad du g\u00f8r, for du er her for et h\u00f8jere form\u00e5l, og sj\u00e6lens behov er at f\u00e5 dette form\u00e5l erkendt og udtrykt i verden.<\/p>\n<p>Havde du ikke v\u00e6ret et st\u00f8rre V\u00e6sen med en st\u00f8rre oprindelse og en st\u00f8rre sk\u00e6bne, ville dette ikke v\u00e6re tilf\u00e6ldet. Du ville blot v\u00e6re en intelligent skabning, der levede p\u00e5 verdens overflade, pr\u00f8vede p\u00e5 at v\u00e6re tryg og sikker, pr\u00f8vede p\u00e5 at v\u00e6re glad for, hvad du havde og ville altid \u00f8nske dig mere.<\/p>\n<p>Men du er et st\u00f8rre V\u00e6sen med en st\u00f8rre oprindelse og en st\u00f8rre sk\u00e6bne, og kaldet venter p\u00e5, at du kommer til dette erkendelses- og parathedstidspunkt. Dette sender et signal til den Englelige Forsamling om, at du i sandhed er rede og at processen m\u00e5 indledes.<\/p>\n<p>Hvis ikke du kan generere denne erkendelse i dig selv, vil den blive genereret for dig, for dit liv er n\u00e5et til det afg\u00f8rende punkt, hvor kaldet m\u00e5 finde sted, hvis det overhovedet skal finde sted i dette liv. Det kan v\u00e6re yderst forstyrrende, og risikoen for fiasko vil v\u00e6re st\u00f8rre her. For der er ingen garanti for, at du vil forst\u00e5 meningen med det, der sker. Der er ingen garanti for, at du vil f\u00f8lge det, du m\u00e5 f\u00f8lge, og tr\u00e6de v\u00e6k fra det, du m\u00e5 tr\u00e6de v\u00e6k fra.<\/p>\n<p>I et univers af intelligent liv, af tall\u00f8se racer af v\u00e6sner, bliver de St\u00e6rke Str\u00e5ler kastet p\u00e5 dem, der kan reagere og som m\u00e5 reagere. Det er en fremragende Plan for et univers, der g\u00e5r s\u00e5 langt ud over det, du kan forestille dig. Du kan ikke forestille dig det. Det vil f\u00e5 dig til at indse, at dine tidligere id\u00e9er enten var h\u00e5bl\u00f8st falske eller yderst utilstr\u00e6kkelige, for at adressere dit livs virkelige situation.<\/p>\n<p>Derfor m\u00e5 du have ydmyghed og tage imod korrektion, uden at misbruge dig selv. Du m\u00e5 lade dit liv blive genformet af Kundskab, uden selv at pr\u00f8ve at omforme det. Det er en s\u00e5 anderledes m\u00e5de at v\u00e6re p\u00e5. Det er et s\u00e5 anderledes forhold du har til dig selv og andre. Det er begyndelsen p\u00e5 et st\u00f8rre liv for dig.<\/p>\n<p>M\u00e5 Gud skinne p\u00e5 dig og kalde dig ud af dine problemfyldte dr\u00f8mme, ud af fortidens skygger, ud af nutidens elendighed. Bed for dette. Men i mellemtiden m\u00e5 du forberede dig, ved at v\u00e6re virkelig \u00e6rlig omkring din situation, dine engagementer, dine involveringer og dine forpligtelser.<\/p>\n<p>Du kan ikke v\u00e6re passiv med hensyn til dette store Kald. Du m\u00e5 bygge fundamentet, du m\u00e5 g\u00f8re indsatsen, du m\u00e5 have modet, du m\u00e5 tage risiciene. For dette vil g\u00f8re dig st\u00e6rk og kraftfuld i verden og vise dig, hvori styrken af din integritet og dit mod ligger.<\/p>\n<p>H\u00f8r denne dag disse ord. For de kommer fra Kilden til alt liv. G\u00f8r dig klar til Budbringeren i verden. For det er meget sandsynligt, at du har en sk\u00e6bne sammen med ham. Forst\u00e5, at du lever i en tid for \u00c5benbaring, og at dette har en hel del at g\u00f8re med det, der sker i dit liv og med dine fremtidige dybere tilb\u00f8jeligheder.<\/p>\n","protected":false},"excerpt":{"rendered":"<p>Magten og N\u00e6rv\u00e6ret v\u00e5ger over dig og alle mennesker i verden, venter p\u00e5 dem, der er rede, venter p\u00e5 dem, der er rede til at v\u00e5gne fra deres dybe s\u00f8vn om lyst og skuffelse, v\u00e5ger over verden, venter p\u00e5 de sind, der s\u00f8ger frihed \u2013 ikke blot en ydre frihed, men en indre frihed \u2013\u2026 <a class=\"read-more\" href=\"https:\/\/www.v6.newmessage.org\/da\/about-recording-shortcode\/\"><span>Read More<\/span><\/a><\/p>\n","protected":false},"author":77,"featured_media":0,"parent":16358,"menu_order":0,"comment_status":"closed","ping_status":"closed","template":"template-leftsidebar.php","meta":{"_monsterinsights_skip_tracking":false,"_monsterinsights_sitenote_active":false,"_monsterinsights_sitenote_note":"","_monsterinsights_sitenote_category":0,"footnotes":""},"categories":[76,501,30],"tags":[],"_links":{"self":[{"href":"https:\/\/www.v6.newmessage.org\/da\/wp-json\/wp\/v2\/pages\/27794"}],"collection":[{"href":"https:\/\/www.v6.newmessage.org\/da\/wp-json\/wp\/v2\/pages"}],"about":[{"href":"https:\/\/www.v6.newmessage.org\/da\/wp-json\/wp\/v2\/types\/page"}],"author":[{"embeddable":true,"href":"https:\/\/www.v6.newmessage.org\/da\/wp-json\/wp\/v2\/users\/77"}],"replies":[{"embeddable":true,"href":"https:\/\/www.v6.newmessage.org\/da\/wp-json\/wp\/v2\/comments?post=27794"}],"version-history":[{"count":2,"href":"https:\/\/www.v6.newmessage.org\/da\/wp-json\/wp\/v2\/pages\/27794\/revisions"}],"predecessor-version":[{"id":27796,"href":"https:\/\/www.v6.newmessage.org\/da\/wp-json\/wp\/v2\/pages\/27794\/revisions\/27796"}],"up":[{"embeddable":true,"href":"https:\/\/www.v6.newmessage.org\/da\/wp-json\/wp\/v2\/pages\/16358"}],"wp:attachment":[{"href":"https:\/\/www.v6.newmessage.org\/da\/wp-json\/wp\/v2\/media?parent=27794"}],"wp:term":[{"taxonomy":"category","embeddable":true,"href":"https:\/\/www.v6.newmessage.org\/da\/wp-json\/wp\/v2\/categories?post=27794"},{"taxonomy":"post_tag","embeddable":true,"href":"https:\/\/www.v6.newmessage.org\/da\/wp-json\/wp\/v2\/tags?post=27794"}],"curies":[{"name":"wp","href":"https:\/\/api.w.org\/{rel}","templated":true}]}}