{"id":27791,"date":"2023-08-01T16:52:44","date_gmt":"2023-08-01T16:52:44","guid":{"rendered":"https:\/\/www.newmessage.org\/da\/?page_id=27791"},"modified":"2023-08-01T16:56:01","modified_gmt":"2023-08-01T16:56:01","slug":"natte-meditationen","status":"publish","type":"page","link":"https:\/\/www.v6.newmessage.org\/da\/budskabet\/andre-abenbaringer\/natte-meditationen\/","title":{"rendered":"Natte-Meditationen"},"content":{"rendered":"<div><!-- Version 3.5 Verse --><\/div>\n\n<div class=\"tabgroup \"><ul class=\"tabs\"><li><a href=\"#tabs-1\">\u00c5benbaring<\/a><\/li>\n<li><a href=\"#tabs-2\">Note<\/a><\/li><\/ul>\n <div id=\"tabs-1\"><\/p>\n<p>H\u00f8r den oprindelige version af \u00c5benbaringen p\u00e5 engelsk:<\/p>\n<div id=\"jquery_jplayer_1\" class=\"jp-jplayer\"><\/div>\n\t\t\t\t<div id=\"jp_container_1\" class=\"jp-audio\">\n\t\t\t\t<div class=\"jp-type-single\"><div class=\"jp-control\"><a href=\"javascript:;\" class=\"jp-play\" tabindex=\"1\">play<\/a><a href=\"javascript:;\" class=\"jp-pause\" tabindex=\"1\">pause<\/a><\/div> <div class=\"jp-gui jp-interface\"><div class=\"jp-volume\"><div class=\"jp-volume-bar\"><div class=\"jp-volume-bar-value\"><\/div><\/div><\/div><div class=\"jp-progress\"><div class=\"jp-seek-bar\"><div class=\"jp-play-bar\"><\/div><\/div><\/div><\/div>\t\t\t\t\t<div class=\"jp-no-solution\"><span>Update Required<\/span>To play the media you will need to either update your browser to a recent version or update your <a href=\"http:\/\/get.adobe.com\/flashplayer\/\" target=\"_blank\">Flash plugin<\/a>.<\/div><\/div><\/div>\n\t\t\t<script type='text\/javascript'>\n\t\t\t\tjQuery(document).ready(function() {\n\t\t\t\t\tif (typeof (sermonMedia) == 'function') {\n\t\t\t\t\t\tsermonMedia.addAudio('', \"jquery_jplayer_1\");\n\t\t\t\t\t}\n\t\t\t\t\tjQuery.jPlayer.timeFormat.showHour = true;\n\t\t\t\t\tjQuery(\"#jquery_jplayer_1\").jPlayer({\n\t\t\t\t\t\tready: function(event) {\n\t\t\t\t\t\t\tjQuery(this).jPlayer(\"setMedia\", {mp3: 'https:\/\/newmessage.org\/av\/the-night-meditation.mp3'});\n\t\t\t\t\t\t},\n\t\t\t\t\t\tplay: function() {\n\t\t\t\t\t\t\tjQuery(this).jPlayer(\"pauseOthers\");\n\t\t\t\t\t\t},\n\t\t\t\t\t\tswfPath: ThemeData.directory_uri+\"\/swf\",\n\t\t\t\t\t\tsolution: \"html, flash\",\n\t\t\t\t\t\tpreload: \"metadata\",\n\t\t\t\t\t\twmode: \"window\",\n\t\t\t\t\t\tsupplied: \"mp3\",\n\t\t\t\t\t\tcssSelectorAncestor: '#jp_container_1'\n\t\t\t\t\t});\n\t\t\t\t});\n\t\t\t<\/script><\/p>\n<p><a title=\"The Night Meditation\" href=\"https:\/\/www.newmessage.org\/av\/the-night-meditation.mp3\">Download<\/a> (h\u00f8jre-klik for at downloade)<br \/>\n<a href=\"https:\/\/www.community.newmessage.org\/the-night-meditation\/\"><img loading=\"lazy\" decoding=\"async\" class=\"aligncenter size-medium wp-image-37683 imgborder\" src=\"https:\/\/www.newmessage.org\/wp-content\/uploads\/2019\/02\/nightmed-300x156.png\" alt=\"\" width=\"300\" height=\"156\" \/><\/a><\/p>\n<p class=\"revelation_details\"><em>Som \u00e5benbaret for<br \/>\nMarshall Vian Summers<br \/>\nden 14. april, 2011<br \/>\ni Boulder, Colorado<\/em><\/p>\n<div class=\"toggle toggle-white\"><h4 class=\"trigger \"><span class=\"t_ico\"><\/span><a href=\"#\">Om denne optagelse<\/a><\/h4><div class=\"toggle_container \"><br \/>\n<div id=\"yui_3_16_0_ym19_1_1467955126517_3327\" dir=\"ltr\"><span id=\"yui_3_16_0_ym19_1_1467955126517_3177\"><span id=\"yui_3_16_0_ym19_1_1467955126517_3178\">D\u00e9t, du h\u00f8rer i denne lydoptagelse er Den Englelige Forsamlings stemme, der taler gennem Budbringeren, Marshall Vian Summers<br \/>\n<\/span><\/span><\/div>\n<div dir=\"ltr\"><span id=\"yui_3_16_0_ym19_1_1467955126517_3177\"><span id=\"yui_3_16_0_ym19_1_1467955126517_3178\">\u00a0<\/span><\/span><\/div>\n<div id=\"yui_3_16_0_ym19_1_1467955126517_3359\" dir=\"ltr\"><span id=\"yui_3_16_0_ym19_1_1467955126517_3177\"><span id=\"yui_3_16_0_ym19_1_1467955126517_3178\"> Her er den oprindelige kommunikation fra Gud, der eksisterer hinsides ord, oversat til menneskeligt sprog og forst\u00e5else af Den Englelige Forsamling, der f\u00f8rer tilsyn med verden. Forsamlingen leverer derefter Guds Budskab gennem Budbringeren.<br \/>\n<\/span><\/span><\/div>\n<div id=\"yui_3_16_0_ym19_1_1467955126517_3369\" dir=\"ltr\"><span id=\"yui_3_16_0_ym19_1_1467955126517_3177\"><span id=\"yui_3_16_0_ym19_1_1467955126517_3178\">\u00a0<\/span><\/span><\/div>\n<div id=\"yui_3_16_0_ym19_1_1467955126517_3370\" dir=\"ltr\"><span id=\"yui_3_16_0_ym19_1_1467955126517_3177\"><span id=\"yui_3_16_0_ym19_1_1467955126517_3178\">I dette bem\u00e6rkelsesv\u00e6rdige forl\u00f8b, taler \u00c5benbaringens Stemme p\u00e5 ny. Ordet og Lyden er i verden. For f\u00f8rste gang i historien, er den oprindelige talte \u00e5benbaring tilg\u00e6ngelig for dig og for verden at opleve.<br \/>\n<\/span><\/span><\/div>\n<div id=\"yui_3_16_0_ym19_1_1467955126517_3436\" dir=\"ltr\"><span id=\"yui_3_16_0_ym19_1_1467955126517_3177\"><span id=\"yui_3_16_0_ym19_1_1467955126517_3178\">\u00a0<\/span><\/span><\/div>\n<div id=\"yui_3_16_0_ym19_1_1467955126517_3435\" dir=\"ltr\"><span id=\"yui_3_16_0_ym19_1_1467955126517_3177\"><span id=\"yui_3_16_0_ym19_1_1467955126517_3178\">M\u00e5 du v\u00e6re modtageren af denne \u00c5benbaringens gave og m\u00e5 du v\u00e6re \u00e5ben for at tage imod dens unikke Budskab for dig og for dit liv.<\/span><\/span><\/div>\n<br \/>\n<\/div><\/div>\n<p><\/div>\n<div id=\"tabs-2\"><br \/>\n<em>NOTE TIL L\u00c6SERNE:<br \/>\nDenne overs\u00e6ttelse blev givet til The Society af en studerende af Det Nye Budskab, der meldte sig frivilligt til at overs\u00e6tte den originale engelske tekst. Vi stiller denne overs\u00e6ttelse til r\u00e5dighed for verden i denne tidlige form, for at give mennesker en mulighed for at engagere sig med en del af Det Nye Budskab p\u00e5 deres eget sprog.<\/em><br \/>\n<\/div>\n\t\t\t\t<div align=\"right\">\n\t\t\t<div class=\"fb-like\" data-href=\"\" data-layout=\"button_count\" data-action=\"like\" data-show-faces=\"false\" data-share=\"false\"><\/div>\n\t\t\t<div class=\"fb-share-button\" data-layout=\"button_count\"> <\/div>\n\t\t\t<div class=\"fb_iframe_widget\"><a href=\"https:\/\/twitter.com\/godsnewmessage?ref_src=twsrc%5Etfw\" class=\"twitter-follow-button\" data-show-count=\"false\">Follow @godsnewmessage<\/a><script async src=\"https:\/\/platform.twitter.com\/widgets.js\" charset=\"utf-8\"><\/script><\/div>\n\t\t\t<\/div> <\/div> \n\n<p>Kom n\u00e6r Kraften og N\u00e6rv\u00e6ret i dig. Det er s\u00e5 n\u00e6rt, hvis du blot vil lade dit sind v\u00e6re stille.<\/p>\n<p>N\u00e6rv\u00e6ret er her. Det er med dig. Det er altid med dig, for du kan ikke flygte fra din Kilde og livets realitet.<\/p>\n<p>Skaberen er med dig, med N\u00e6rv\u00e6ret. Kom ind i dette N\u00e6rv\u00e6r. Kom ind i denne Kraft. F\u00e5 lindring her. F\u00e5 tr\u00f8st her. Find fred og styrke her, for dette N\u00e6rv\u00e6r bliver ikke truet af verden og kan ikke \u00f8del\u00e6gges.<\/p>\n<p>Det er us\u00e5rligt, og idet du kommer n\u00e6rmere det i din oplevelse, vil dets us\u00e5rlighed begynde at styrke dig, bestyrke dig og ruste dig.<\/p>\n<p>Kom til det, der er us\u00e5rligt, mens verden er stille. Det er ikke dit intellekt. Det er ikke din fysiske krop. Det er dit V\u00e6sens kilde og kerne. Det er den del af dig, der aldrig forlod Gud.<\/p>\n<p>Kom ind i dette N\u00e6rv\u00e6r og denne Kraft. Lad det genopfriske dit sind. Lad det give dig frihed og lindring fra konstante overvejelser og bekymringer. For n\u00e5r du er med N\u00e6rv\u00e6ret, beh\u00f8ver du ikke at have nogen bekymring.<\/p>\n<p>Gud kalder dig til at tjene verden, og det er af denne grund, du er kommet. Gud har ogs\u00e5 givet dig N\u00e6rv\u00e6ret.<\/p>\n<p>Kom ind i dette N\u00e6rv\u00e6r, mens verden er stille, s\u00e5 du kan v\u00e6re st\u00e6rk og klar, n\u00e5r verden ikke er stille. I lyset af omv\u00e6ltning, vanskelighed, konflikt og handling, vil du m\u00e5ske huske N\u00e6rv\u00e6ret.<\/p>\n<p>Lad dit sind v\u00e6re stille og v\u00e6re med N\u00e6rv\u00e6ret i nattens tavse timer. Det vil give dig mere hvile end s\u00f8vn vil g\u00f8re. Skulle du v\u00e5gne op om natten, s\u00e5 kom til det, der er us\u00e5rligt.<\/p>\n<p>Tag disse \u00f8jeblikke til at v\u00e6re med N\u00e6rv\u00e6ret, n\u00e5r du lige er v\u00e5gnet om morgenen, inden du bliver engageret med verden. T\u00e6nk p\u00e5 det. M\u00e6rk det i v\u00e6relsets atmosf\u00e6re. Lyt efter det. Lad din sind v\u00e6re stille. Lad dit sind v\u00e6re engageret i at lytte.<\/p>\n<p>N\u00e5r du er n\u00e5et det tidspunkt, hvor du opdager, eller begynder at opdage, dit st\u00f8rre arbejde i verden, har du brug for dette N\u00e6rv\u00e6rs kraft til at give dig styrke og tiltro. Du vil have brug for dets lindring, dets fred, dets dybde og styrken af dets forhold til dig, til at give dig mod og st\u00f8rre beslutsomhed.<i>\u00a0<\/i><\/p>\n<p>M\u00e6rk N\u00e6rv\u00e6ret. T\u00e6nk p\u00e5 N\u00e6rv\u00e6ret. Fornem N\u00e6rv\u00e6ret. Brug det vidunderlige instrument, som dit sind og din krop udg\u00f8r, til at v\u00e6re modtagelig for N\u00e6rv\u00e6ret.<\/p>\n<p>Du har en relation til det us\u00e5rlige, hvilket betyder, at du har en st\u00f8rre bestandighed, hinsides omr\u00e5det for intellektet, som prim\u00e6rt er optaget af verden, og hinsides den fysiske krop, som er dit befordringsmiddel, mens du er her.<\/p>\n<p>Du er kommet fra en anden realitet til denne verden. Og du vil vende tilbage til denne anden realitet, for at afvente din n\u00e6ste arbejdsopgave.<\/p>\n<p>Dette er helt igennem mystisk og hinsides din forestillingsevne, fordi det er en anden realitet, og din forestillingsevne kan kun fungere indenfor det, dine sanser rapporterer her p\u00e5 Jorden. Kun de aller\u00e6ldste af dine erindringer kan give dig en fornemmelse, en tendens, i retning af N\u00e6rv\u00e6ret.<\/p>\n<p>I N\u00e6rv\u00e6ret er der stemmer. Der er relationer. Der er din Spirituelle Familie. Der er de \u00e6ldgamle erindringer. Der er en st\u00f8rre realitet. Der er en bestandighed. Der er det us\u00e5rlige.<\/p>\n<p>Du vil ikke opleve dette til hver en tid, for tiltr\u00e6kningen er for stor. Det kunne g\u00f8re dig ude af stand til at v\u00e6re i verden, skulle du blive givet for meget af denne oplevelse, kun nok til at give dig modet og styrken til at f\u00f8lge den vej, du m\u00e5 f\u00f8lge, her i en vanskelig verden.<\/p>\n<p>Du vil kun meget sporadisk have kontakt med din \u00c5ndelige Familie, s\u00e5 du kan forblive fokuseret p\u00e5 dit form\u00e5l her og p\u00e5 dine relationer her.<\/p>\n<p>Du vil kun meget sj\u00e6ldent opleve dine L\u00e6rere. Og i de fleste tilf\u00e6lde, vil de ikke r\u00f8be sig selv for dig, for det er dine relationer i verden, der m\u00e5 v\u00e6re dit fokus \u2013 at opbygge dine alliancer her, finde dine allierede her, finde de mennesker, der vil v\u00e6re vigtige og som er sk\u00e6bnebestemte til at tage del i dit st\u00f8rre arbejde og din st\u00f8rre mission her.<\/p>\n<p>Her tjener N\u00e6rv\u00e6ret som en p\u00e5mindelse om, hvorfor du er kommet, og om Kundskabens kraft, som du har bragt med dig.<\/p>\n<p>Kom ind i N\u00e6rv\u00e6ret. Lyt til Vor Stemme. Det er ikke \u00e9t individs Stemme, men en st\u00f8rre associations Stemme. H\u00f8r Vore ord. Vi g\u00f8r dem tilg\u00e6ngelige for dig.<\/p>\n<p>S\u00e5 lad Magten genopfriske dit sind \u2013 idet du l\u00e6gger dine sp\u00f8rgsm\u00e5l til side, l\u00e6gger dine behov til side, l\u00e6gger din frygt og dine bekymringer til side, for dette \u00f8jebliks dyrebare kontakt.<\/p>\n<p>Lad alting v\u00e6re som det er. Lad verden v\u00e6re som den er. Lad dit liv v\u00e6re som det er, i disse lindrings\u00f8jeblikke.<\/p>\n<p>Der er ingen problemer at l\u00f8se, ingen planer at l\u00e6gge, ingen erindringer at overveje, ingen mennesker at behage.<\/p>\n<p>Du har kun brug for at v\u00e6re med N\u00e6rv\u00e6ret. Du beh\u00f8ver ikke at stille det sp\u00f8rgsm\u00e5l. Du beh\u00f8ver ikke at fort\u00e6lle det noget, medmindre du f\u00f8ler, at du bliver n\u00f8dt til det. Og, i det tilf\u00e6lde, er det fint. Du kan dele dine tanker, dine frustrationer, alt, med N\u00e6rv\u00e6ret, og det vil blot v\u00e6re N\u00e6rv\u00e6ret, indtil dit sind igen er blevet stille.<\/p>\n<p>Du kan endda beklage dig til N\u00e6rv\u00e6ret. Det vil ikke d\u00f8mme dig.<\/p>\n<p>Bliv blot ved med at \u00e5bne dig selv. Tillad dit sind at sige, hvad det vil sige. Men s\u00e5 bliver det stille igen, for N\u00e6rv\u00e6ret engagerer sig ikke i samtale. Det us\u00e5rlige er ikke bekymret. Det er her kun for dig i dette dyrebare \u00f8jeblik, dette \u00f8jeblik af dyrebart helligt engagement.<\/p>\n<p>Lad alting v\u00e6re som det er. Gud lader alting v\u00e6re som det er.<\/p>\n<p>Det er Guds Vilje, der bev\u00e6ger noget til at forandre sig og forbedres, blive genoprettet og forl\u00f8st. Det er allerede i gang. Du beh\u00f8ver ikke at skabe det. Det er skabt.<\/p>\n<p>Det er gennemtr\u00e6ngende. Det er her i denne verden. Det er i andre verdener. Skulle du befinde dig ude i rummet, et eller andet sted p\u00e5 et fart\u00f8j, ville det ogs\u00e5 v\u00e6re der. Det ville v\u00e6re i dig og omkring dig.<\/p>\n<p>Selv hvis du var langt fra nogen verden p\u00e5 jeres rejser, ville N\u00e6rv\u00e6ret v\u00e6re tilg\u00e6ngeligt. Selv hvis du var langt hjemmefra, selv hvis du befandt dig i en fremmed verden, et meget fremmed sted, ville N\u00e6rv\u00e6ret v\u00e6re der.<\/p>\n<p>Du bliver givet disse glimt og disse hellige \u00f8jeblikke til at forny dig selv og gen-engagere dig med din Kilde.<\/p>\n<p>Du beh\u00f8ver ikke at tro. Du beh\u00f8ver ikke at f\u00f8lge din religions forskrifter i disse \u00f8jeblikke. Du beh\u00f8ver ikke at opf\u00f8re dig p\u00e5 en bestemt m\u00e5de, for i de hellige \u00f8jeblikke har du kun brug for at v\u00e6re n\u00e6rv\u00e6rende, \u00e5ben for at tage imod, \u00e5ben for forhold.<\/p>\n<p>F\u00f8rst vil du v\u00e6re bange, \u00e6ngstelig, nerv\u00f8s og kun i stand til at opleve dette N\u00e6rv\u00e6r i \u00f8jeblikke. Men, idet du g\u00e5r fremad, n\u00e5r du vender tilbage, vil du kunne v\u00e6re med N\u00e6rv\u00e6ret en lille smule l\u00e6ngere. Du vil kunne blive med N\u00e6rv\u00e6ret, n\u00e5r du kan falde til ro og befri dig fra din \u00e6ngstelige og usikre sindstilstand.<\/p>\n<p>N\u00e6rv\u00e6ret vil give sig selv til dig, smelte sig sammen med dig. Det er et helligt m\u00f8de, der ikke skal diskuteres med andre, der ikke skal analyseres og spekuleres over bagefter, men holdes i \u00e6rb\u00f8dighed, uden dom og bed\u00f8mmelse.<\/p>\n<p>Det er en usammenlignelig gave, selv om det kun skulle vare et \u00f8jeblik.<\/p>\n<p>Det kan v\u00e6re lettere, n\u00e5r verden er stille. Det kan v\u00e6re lettere, n\u00e5r storbyen sover, og de andre ikke er v\u00e5gne.<\/p>\n<p>Dette er dit hellige m\u00f8de. V\u00e6r med Os. V\u00e6r med Det. Her er vi alle forbundede.<\/p>\n<p>Her vil du m\u00e6rke en anden del af din natur og af din virkelighed, som du ikke kan finde i verden, undtagen i \u00f8jeblikke af uselvisk handling, hvor du m\u00e6rker N\u00e5de, i taknemmelighed og anerkendelse af andre, hvor du m\u00e6rker N\u00e5de.<\/p>\n<p>Dette er N\u00e5de \u2013 en oplevelse, ikke en id\u00e9, ikke et begreb, ikke en tro. Det er dette. Kom for at v\u00e6re med Os. Sk\u00f8nt Vi lever i N\u00e6rv\u00e6ret, lever du udenfor N\u00e6rv\u00e6ret, men N\u00e6rv\u00e6ret er der for dig.<\/p>\n<p>Kom. Kom og lad dit sind v\u00e6re \u00e5bent og frit. Lad dit hjerte blive n\u00e6ret. Lad dit liv blive fornyet og genoprettet, s\u00e5 du kan vende tilbage til dit arbejde og dine engagementer i den ydre verden.<\/p>\n<p>V\u00e6r her nu. Bring dig selv hertil. Genkald dig selv hertil.<\/p>\n<p>Tag imod dette, for du er v\u00e6rdig til at tage imod dette. Uanset hvad du m\u00e5 have lavet eller ikke lavet i dit liv, er du v\u00e6rdig til at tage imod N\u00e5den.<\/p>\n<p>Det er ikke op til dig at afg\u00f8re, hvad du er v\u00e6rdig til eller hvad din v\u00e6rdi er. Du kender endnu ikke din \u00e6gte v\u00e6rdi, dit h\u00f8jere form\u00e5l i verden.<\/p>\n<p>Dette er gaven til dig. Det er p\u00e5 denne m\u00e5de, Gud genopretter dig, uden at overv\u00e6lde dig.<\/p>\n<p>Det er p\u00e5 denne m\u00e5de, Gud forbinder sig med dig, uden at skabe stor forvirring.<\/p>\n<p>Det er p\u00e5 denne m\u00e5de, Gud n\u00e6rer dig.<\/p>\n<p>Du har brug for denne n\u00e6ring nu.<\/p>\n<p>Det ved du er sandt.<\/p>\n<p>Kom og v\u00e6r med N\u00e5de.<\/p>\n<p>Mavran, Mavran, Couria Sy.<\/p>\n<p>Ontaya Lok No.<\/p>\n<p>Lad den indre verdens \u00e6ldgamle sprog f\u00e5 dig til at genlyde og r\u00f8dme.<\/p>\n<p>Lad det ramme dig, som var du en klokke og det ringede dig blidt. Lad det passere gennem dig, som vinden gennem kornet.<\/p>\n<p>Lad dig selv v\u00e6re s\u00e5 \u00e5ben for N\u00e5de, at denne N\u00e5de kan passere gennem dig til andre, der kalder p\u00e5 den, s\u00f8ger den og tr\u00e6nger til den, n\u00e5r du vender tilbage til den ydre verden.<\/p>\n<p>Kom for at v\u00e6re med N\u00e6rv\u00e6ret, mens verden er tavs i nattens stille timer.<\/p>\n<p>Dette er din natlige meditation \u2013 intet at s\u00f8ge, intet at opn\u00e5, intet at kontrollere, ingen problemer at l\u00f8se. Det er nok at v\u00e6re med N\u00e6rv\u00e6ret.<\/p>\n<p>N\u00e5r du er f\u00e6rdig, vend da tilbage, find hvile, g\u00f8r hvad der end er n\u00f8dvendigt. Men spekul\u00e9r ikke, bed\u00f8m ikke og tal ikke med nogen om denne hellige oplevelse.<\/p>\n<p>Lad den vokse indeni dig, som et fr\u00f8 dybt i jorden. Lad den leve sit eget liv indeni dig. Lad den blive n\u00e6ret af din \u00e6rb\u00f8dighed og diskretion. Del den kun med dine n\u00e6rmeste allierede, og det kun sj\u00e6ldent.<\/p>\n<p>Verden vil ikke anerkende dette. Andre vil v\u00e6re blinde og t\u00e5belige. Erkend dette.<\/p>\n<p>I verden m\u00e5 du se klart. Du m\u00e5 v\u00e6re skarpsindig og diskret. Men du kan \u00e5bne dig selv fuldst\u00e6ndigt i den hellige oplevelse med N\u00e6rv\u00e6ret.<\/p>\n<p>Det, der er helligt, har ingen form. Det er ikke en bog. Det er ikke et sted. Det er ikke et idol. Det er ikke en ting. Det er ikke en fort\u00e6lling.<\/p>\n<p>Disse ting kan kalde dig til en st\u00f8rre oplevelse, men det hellige er hinsides dem. Det er hinsides forst\u00e5else. Det er hinsides sanserne. Det er hinsides tro.<\/p>\n<p>Det er det, der eksisterer f\u00f8r og efter dit liv i verden og hvert \u00f8jeblik, mens du er her.<\/p>\n<p>Hold den hellige oplevelse hellig. F\u00e5 den til at flamme i dit hjerte. F\u00e5 den til bev\u00e6ge dig p\u00e5 bestemte tidspunkter, til at sige bestemte ting eller g\u00f8re bestemte ting.<\/p>\n<p>V\u00e6r modtagelig for dens vejledning, og genkald dig, idet du g\u00f8r det, den hellige oplevelse, der har initieret dig ind i et st\u00f8rre liv.<\/p>\n","protected":false},"excerpt":{"rendered":"<p>Kom n\u00e6r Kraften og N\u00e6rv\u00e6ret i dig. Det er s\u00e5 n\u00e6rt, hvis du blot vil lade dit sind v\u00e6re stille. N\u00e6rv\u00e6ret er her. Det er med dig. Det er altid med dig, for du kan ikke flygte fra din Kilde og livets realitet. Skaberen er med dig, med N\u00e6rv\u00e6ret. Kom ind i dette N\u00e6rv\u00e6r. Kom\u2026 <a class=\"read-more\" href=\"https:\/\/www.v6.newmessage.org\/da\/about-recording-shortcode\/\"><span>Read More<\/span><\/a><\/p>\n","protected":false},"author":77,"featured_media":0,"parent":16358,"menu_order":0,"comment_status":"closed","ping_status":"closed","template":"template-leftsidebar.php","meta":{"_monsterinsights_skip_tracking":false,"_monsterinsights_sitenote_active":false,"_monsterinsights_sitenote_note":"","_monsterinsights_sitenote_category":0,"footnotes":""},"categories":[76,501,30],"tags":[677],"_links":{"self":[{"href":"https:\/\/www.v6.newmessage.org\/da\/wp-json\/wp\/v2\/pages\/27791"}],"collection":[{"href":"https:\/\/www.v6.newmessage.org\/da\/wp-json\/wp\/v2\/pages"}],"about":[{"href":"https:\/\/www.v6.newmessage.org\/da\/wp-json\/wp\/v2\/types\/page"}],"author":[{"embeddable":true,"href":"https:\/\/www.v6.newmessage.org\/da\/wp-json\/wp\/v2\/users\/77"}],"replies":[{"embeddable":true,"href":"https:\/\/www.v6.newmessage.org\/da\/wp-json\/wp\/v2\/comments?post=27791"}],"version-history":[{"count":2,"href":"https:\/\/www.v6.newmessage.org\/da\/wp-json\/wp\/v2\/pages\/27791\/revisions"}],"predecessor-version":[{"id":27793,"href":"https:\/\/www.v6.newmessage.org\/da\/wp-json\/wp\/v2\/pages\/27791\/revisions\/27793"}],"up":[{"embeddable":true,"href":"https:\/\/www.v6.newmessage.org\/da\/wp-json\/wp\/v2\/pages\/16358"}],"wp:attachment":[{"href":"https:\/\/www.v6.newmessage.org\/da\/wp-json\/wp\/v2\/media?parent=27791"}],"wp:term":[{"taxonomy":"category","embeddable":true,"href":"https:\/\/www.v6.newmessage.org\/da\/wp-json\/wp\/v2\/categories?post=27791"},{"taxonomy":"post_tag","embeddable":true,"href":"https:\/\/www.v6.newmessage.org\/da\/wp-json\/wp\/v2\/tags?post=27791"}],"curies":[{"name":"wp","href":"https:\/\/api.w.org\/{rel}","templated":true}]}}