{"id":27703,"date":"2023-03-18T17:40:18","date_gmt":"2023-03-18T17:40:18","guid":{"rendered":"https:\/\/www.newmessage.org\/da\/?page_id=27703"},"modified":"2023-07-18T15:47:17","modified_gmt":"2023-07-18T15:47:17","slug":"den-andelige-ild","status":"publish","type":"page","link":"https:\/\/www.v6.newmessage.org\/da\/budskabet\/bind-1\/kundskabens-magt\/den-andelige-ild\/","title":{"rendered":"Den \u00c5ndelige Ild"},"content":{"rendered":"<div><!-- Version 3.2 Verse --><\/div>\n\n<div class=\"tabgroup \"><ul class=\"tabs\"><li><a href=\"#tabs-1\">\u00c5benbaring<\/a><\/li><\/ul>\n <div id=\"tabs-1\"><\/p>\n<p>H\u00f8r den oprindelige version af \u00c5benbaringen p\u00e5 engelsk:<\/p>\n<div id=\"jquery_jplayer_1\" class=\"jp-jplayer\"><\/div>\n\t\t\t\t<div id=\"jp_container_1\" class=\"jp-audio\">\n\t\t\t\t<div class=\"jp-type-single\"><div class=\"jp-control\"><a href=\"javascript:;\" class=\"jp-play\" tabindex=\"1\">play<\/a><a href=\"javascript:;\" class=\"jp-pause\" tabindex=\"1\">pause<\/a><\/div> <div class=\"jp-gui jp-interface\"><div class=\"jp-volume\"><div class=\"jp-volume-bar\"><div class=\"jp-volume-bar-value\"><\/div><\/div><\/div><div class=\"jp-progress\"><div class=\"jp-seek-bar\"><div class=\"jp-play-bar\"><\/div><\/div><\/div><\/div>\t\t\t\t\t<div class=\"jp-no-solution\"><span>Update Required<\/span>To play the media you will need to either update your browser to a recent version or update your <a href=\"http:\/\/get.adobe.com\/flashplayer\/\" target=\"_blank\">Flash plugin<\/a>.<\/div><\/div><\/div>\n\t\t\t<script type='text\/javascript'>\n\t\t\t\tjQuery(document).ready(function() {\n\t\t\t\t\tif (typeof (sermonMedia) == 'function') {\n\t\t\t\t\t\tsermonMedia.addAudio('', \"jquery_jplayer_1\");\n\t\t\t\t\t}\n\t\t\t\t\tjQuery.jPlayer.timeFormat.showHour = true;\n\t\t\t\t\tjQuery(\"#jquery_jplayer_1\").jPlayer({\n\t\t\t\t\t\tready: function(event) {\n\t\t\t\t\t\t\tjQuery(this).jPlayer(\"setMedia\", {mp3: 'https:\/\/www.newmessage.org\/av\/the-spiritual-fire.mp3'});\n\t\t\t\t\t\t},\n\t\t\t\t\t\tplay: function() {\n\t\t\t\t\t\t\tjQuery(this).jPlayer(\"pauseOthers\");\n\t\t\t\t\t\t},\n\t\t\t\t\t\tswfPath: ThemeData.directory_uri+\"\/swf\",\n\t\t\t\t\t\tsolution: \"html, flash\",\n\t\t\t\t\t\tpreload: \"metadata\",\n\t\t\t\t\t\twmode: \"window\",\n\t\t\t\t\t\tsupplied: \"mp3\",\n\t\t\t\t\t\tcssSelectorAncestor: '#jp_container_1'\n\t\t\t\t\t});\n\t\t\t\t});\n\t\t\t<\/script><\/p>\n<p><a href=\"https:\/\/www.newmessage.org\/av\/the-spiritual-fire.mp3\">Download<\/a> (h\u00f8jre-klik for at downloade)<\/p>\n<p class=\"revelation_details\"><em>Som \u00e5benbaret for Guds Budbringer<br \/>\nMarshall Vian Summers<br \/>\n<i>den 23. februar, 2013<\/i><br \/>\ni Boulder, Colorado<\/em><\/p>\n<div class=\"toggle toggle-white\"><h4 class=\"trigger \"><span class=\"t_ico\"><\/span><a href=\"#\">Om denne optagelse<\/a><\/h4><div class=\"toggle_container \"><br \/>\n<div id=\"yui_3_16_0_ym19_1_1467955126517_3327\" dir=\"ltr\"><span id=\"yui_3_16_0_ym19_1_1467955126517_3177\"><span id=\"yui_3_16_0_ym19_1_1467955126517_3178\">D\u00e9t, du h\u00f8rer i denne lydoptagelse er Den Englelige Forsamlings stemme, der taler gennem Budbringeren, Marshall Vian Summers<br \/>\n<\/span><\/span><\/div>\n<div dir=\"ltr\"><span id=\"yui_3_16_0_ym19_1_1467955126517_3177\"><span id=\"yui_3_16_0_ym19_1_1467955126517_3178\">\u00a0<\/span><\/span><\/div>\n<div id=\"yui_3_16_0_ym19_1_1467955126517_3359\" dir=\"ltr\"><span id=\"yui_3_16_0_ym19_1_1467955126517_3177\"><span id=\"yui_3_16_0_ym19_1_1467955126517_3178\"> Her er den oprindelige kommunikation fra Gud, der eksisterer hinsides ord, oversat til menneskeligt sprog og forst\u00e5else af Den Englelige Forsamling, der f\u00f8rer tilsyn med verden. Forsamlingen leverer derefter Guds Budskab gennem Budbringeren.<br \/>\n<\/span><\/span><\/div>\n<div id=\"yui_3_16_0_ym19_1_1467955126517_3369\" dir=\"ltr\"><span id=\"yui_3_16_0_ym19_1_1467955126517_3177\"><span id=\"yui_3_16_0_ym19_1_1467955126517_3178\">\u00a0<\/span><\/span><\/div>\n<div id=\"yui_3_16_0_ym19_1_1467955126517_3370\" dir=\"ltr\"><span id=\"yui_3_16_0_ym19_1_1467955126517_3177\"><span id=\"yui_3_16_0_ym19_1_1467955126517_3178\">I dette bem\u00e6rkelsesv\u00e6rdige forl\u00f8b, taler \u00c5benbaringens Stemme p\u00e5 ny. Ordet og Lyden er i verden. For f\u00f8rste gang i historien, er den oprindelige talte \u00e5benbaring tilg\u00e6ngelig for dig og for verden at opleve.<br \/>\n<\/span><\/span><\/div>\n<div id=\"yui_3_16_0_ym19_1_1467955126517_3436\" dir=\"ltr\"><span id=\"yui_3_16_0_ym19_1_1467955126517_3177\"><span id=\"yui_3_16_0_ym19_1_1467955126517_3178\">\u00a0<\/span><\/span><\/div>\n<div id=\"yui_3_16_0_ym19_1_1467955126517_3435\" dir=\"ltr\"><span id=\"yui_3_16_0_ym19_1_1467955126517_3177\"><span id=\"yui_3_16_0_ym19_1_1467955126517_3178\">M\u00e5 du v\u00e6re modtageren af denne \u00c5benbaringens gave og m\u00e5 du v\u00e6re \u00e5ben for at tage imod dens unikke Budskab for dig og for dit liv.<\/span><\/span><\/div>\n<br \/>\n<\/div><\/div><br \/>\n<\/div>\n\t\t\t\t<div align=\"right\">\n\t\t\t<div class=\"fb-like\" data-href=\"\" data-layout=\"button_count\" data-action=\"like\" data-show-faces=\"false\" data-share=\"false\"><\/div>\n\t\t\t<div class=\"fb-share-button\" data-layout=\"button_count\"> <\/div>\n\t\t\t<div class=\"fb_iframe_widget\"><a href=\"https:\/\/twitter.com\/godsnewmessage?ref_src=twsrc%5Etfw\" class=\"twitter-follow-button\" data-show-count=\"false\">Follow @godsnewmessage<\/a><script async src=\"https:\/\/platform.twitter.com\/widgets.js\" charset=\"utf-8\"><\/script><\/div>\n\t\t\t<\/div> <\/div> \n\n<p>Indeni dig, dybt indeni, under sindets overflade, et sted du knap nok kender, er der en Ild, en \u00e5ndelig Ild. Den er kilden til din inspiration. Den er Kundskabens Ild, det dybere Sind i dig, der br\u00e6nder som en arne, fort\u00e6rer dine fejl og din smerte, renser dig, velsigner dig, vejleder dig.<\/p>\n<p>Men du er langt v\u00e6k fra denne arne \u2013 idet du lever p\u00e5 overfladen, dit sinds opr\u00f8rte overflade; lever p\u00e5 verdens overflade, med alle dens tragedier, fristelser og ulykker; travl, grebet af ting, stimuleret, men oprevet, drevet videre af dit liv og af dine behov og af dine ejendele og af andres krav. Du m\u00e6rker ikke denne Ild, selvom den br\u00e6nder indeni dig.<\/p>\n<p>Som en skabning p\u00e5 Jorden, vil dit hjerte forts\u00e6tte med at sl\u00e5, din krop vil fungere. Men disse ting kan ikke frembringe lysten til at skabe, trangen til at etablere sande relationer, trangen til mening og s\u00f8gen efter mening. Disse m\u00e5 komme fra en dybere ansporing, der lever i dig, dybt indeni dig.<\/p>\n<p>Dette kommer fra Ilden, for Ilden er dit st\u00f8rre livs motor. Den genererer en h\u00f8jere ansporing, udover blot at overleve og henfalde til ting i denne verden. Den femkalder en s\u00f8gen efter mening, udover komfort og tryghed. Den tager dig l\u00e6ngere, end du ellers ville g\u00e5. Den udfordrer dig. Den fors\u00f8ger at f\u00e5 dig videre, udover dette sted, endda udover den succes, du f\u00f8ler, du selv m\u00e5 have. For at sikre din lykke og tryghed i verden, er der denne st\u00f8rre Ild, der driver dig mod et h\u00f8jere form\u00e5l og et h\u00f8jere kald i livet.<\/p>\n<p>Hvordan vil du vide, at denne Ild er der? Det vil du, idet du kan m\u00e6rke den, n\u00e5r du er stille, n\u00e5r du sidder stille. Den holder ikke kun til i \u00e9n del af din krop, men du kan m\u00e6rke den i dit hjerte og i din mave. Du kan m\u00e6rke presset til at s\u00f8ge det, der kalder p\u00e5 dig i verden.<\/p>\n<p>Du kan ikke v\u00e6re veltilpas med komfort alene. Du kan ikke v\u00e6re selvsikker med alt det, der giver sikkerhed. Du kan ikke v\u00e6re tilfreds med sm\u00e5 ting, fordi Ilden er der. Den er mystisk. Den kan ikke begrebsligg\u00f8res. Du kan ikke bruge den med dine egne hensigter for \u00f8je. Du kan ikke bruge den til at f\u00e5 rigdom eller privilegier eller til at f\u00e5 andre over p\u00e5 din side. Ilden har sit eget form\u00e5l. Den har st\u00f8rre planer for dit liv.<\/p>\n<p>Her er Kundskab ikke blot et begreb eller en indbildt ting. Den er en indre virkelighed. Du kan m\u00e6rke den i din krop. Her er den kilden til din livskraft. Den er magtfuld. Den er subtil. Skulle du komme i n\u00e6rheden af den, vil du se, hvor st\u00e6rk den virkeligt er, og hvordan den lyser dit indre landskab op.<\/p>\n<p>Men langt v\u00e6k fra er den et enkelt lyspunkt, et flimrende lys p\u00e5 dit indres horisont. Du kan endnu ikke m\u00e6rke dens varme, dens magt, dens opmuntring og dens retning. For du er fortabt i verden \u2013 revet med af verden, revet med af dit sind, som er revet med af verden; fascineret og skr\u00e6mt af tingene omkring dig, overstimuleret og overinddraget. Dit sind dominerer din opm\u00e6rksomhed. Dine aktiviteter opbruger al din tid. S\u00e5 Ilden m\u00e6rkes knapt nok, undtagen i\u00a0 \u00f8jeblikke med n\u00f8gternhed og i \u00f8jeblikke med ro. Du kan m\u00e6rke, der er noget i dig \u2013 kilden til din energi, din st\u00f8rre energi.<\/p>\n<p>Du vil f\u00e5 brug for denne Ild. Du vil f\u00e5 brug for denne Ild, til at se en verden i \u00f8jnene af tiltagende milj\u00f8m\u00e6ssig, social og \u00f8konomisk ustabilitet. Du f\u00e5r brug for denne Ild, til at m\u00f8de den tiltagende uvished i mennesker omkring dig. Du vil f\u00e5 brug for denne Ild, til at opbygge dit livs Fire S\u00f8jler \u2013 Relationernes S\u00f8jle, Helbredets S\u00f8jle, Arbejdets og Fors\u00f8rgerskabets S\u00f8jle og den \u00c5ndelige Udviklings S\u00f8jle. Det er disse S\u00f8jler, der holder dit liv oppe og vil give dig styrke til at leve gennem modgang og den store forandring, der kommer til verden.<\/p>\n<p>Du har brug for denne ild, til at forhindre dig selv i at henfalde til fortvivlelse eller blive sl\u00f8v og kynisk. Du vil f\u00e5 brug for denne Ild, til at holde dine \u00f8jne \u00e5bne, til at blive ved med at lytte, se og observere dit livs horisont. Du vil f\u00e5 brug for denne Ild, til at finde de mennesker, der har en n\u00f8gle til dit st\u00f8rre arbejde og dybere relationer i livet.<\/p>\n<p>For, lever du kun p\u00e5 dit sinds overflade, vil du g\u00e5 til d\u00e9r. Du vil miste din retning. Du vil miste dit incitament. Du vil miste din lidenskab for livet. Du vil miste din inspiration. Og du vil blive fortvivlet. Selv om du lever i velstand og luksus, vil du v\u00e6re fortvivlet.<\/p>\n<p>Gud har givet dig Kundskab, til at vejlede dig, velsigne dig, beskytte dig og forberede dig p\u00e5 et st\u00f8rre liv med tilfredsstillelse og bidrag i verden. Denne Kundskab har en ild, en magt og en styrke i sig. Den er st\u00e6rk nok til at overvinde dine h\u00e6mninger, til at bev\u00e6ge dig til at g\u00f8re bestemte ting, eller til at holde dig tilbage fra noget, der ville g\u00f8re dig fortr\u00e6d, distrahere dig, eller f\u00f8re dit liv i en farlig retning.<\/p>\n<p>Mere magtfuldt end dine id\u00e9er, er den. Mere magtfuld end dine faste overbevisninger, mere magtfuld end alle faste overbevisninger i verden tilsammen, er Kundskabens magt i dig. Og denne Ild er dens magt. For det er k\u00e6rlighedens Ild. Det er modets Ild. Det er beslutsomhedens Ild. Det er medf\u00f8lelsens og tilgivelsens Ild. Den er den Ild, der lutrer alt det, der er urent og skadeligt i dig.<\/p>\n<p>N\u00e5r du begynder at tage Trin til Kundskab og l\u00e6rer at m\u00e6rke dit liv under overfladen af dit sind, vil du begynde at m\u00e6rke denne Ilds varme og styrke og potens. Det vil give dig mod. Det vil genoprette dig. Og det vil tage dig v\u00e6k fra din frygt og \u00e6ngstelse. Det vil vise dig, at alle med hvem du har \u00e6rgrelser, faktisk l\u00e6rer dig at v\u00e6rds\u00e6tte denne Kundskab og r\u00e6kke ud efter denne Ild.<\/p>\n<p>Dette er din frihed, ser du, for intet i verden kan slukke den. Og den forbliver ren i dig. Selv om dit liv er blevet besudlet, selv om dit liv er blevet spildt, selv om dit nuv\u00e6rende liv lider under at v\u00e6re undertvunget eller undertrykt af andre, er Ilden ren i dig. Den vil give dig \u00f8jnene at se med og \u00f8rerne at h\u00f8re med og styrken til at se objektivt p\u00e5 livet. Den vil genoprette dig fra dine bes\u00e6ttelser og afh\u00e6ngigheder, for den er mere magtfuld end disse.<\/p>\n<p>Gud har ikke blot givet dig visdommen. Gud har givet dig Ilden, til at erkende og leve denne visdom. Sidder du stille, kan du, n\u00e5r \u00e9n gang dit sind falder til ro, begynde at m\u00e6rke den. Den er s\u00e5 t\u00e6t p\u00e5, men du ser i en anden retning. Dit sind er et andet sted \u2013 fanget af ting, fanget af fremtiden, fanget af fortiden.<\/p>\n<p>Med denne Ild, vil du m\u00e6rke N\u00e6rv\u00e6ret, der holder til i dig, N\u00e6rv\u00e6ret af dem, der v\u00e5ger over dig, det N\u00e6rv\u00e6r, som denne hellige Ild vedligeholder i dig \u2013 den Ild, der ikke kan slukkes, for den br\u00e6ndte f\u00f8r du kom til denne verden, og den vil br\u00e6nde, n\u00e5r du \u00e9n gang forlader dette sted.<\/p>\n<p>Rig som fattig, uanset dit livs omst\u00e6ndigheder eller de dilemmaer eller vanskeligheder, du i dette \u00f8jeblik ser i \u00f8jnene, kan du vende tilbage til Ilden. Din forl\u00f8sning er s\u00e5 n\u00e6r, men det vil tage dig tid at bringe denne bevidsthed ind i det liv, etablere de \u00f8velser, der er n\u00f8dvendige for dig, for at engagere dig med din dybere natur og f\u00e5 gavn af den st\u00f8rre styrke, som Gud har givet dig.<\/p>\n<p>For Gud leder ikke dit liv og styrer ikke dine anliggender. Gud har givet dig Kundskabens magt, til at give dig en \u00e6gte retning og et \u00e6gte form\u00e5l i en kaotisk verden. Du blev f\u00f8dt med den. Den er med dig nu. Og den vil v\u00e6re med dig, n\u00e5r du forlader dette sted. Hvilken st\u00f8rre gave kan Gud give dig?<\/p>\n<p>Verden er kaotisk. Tro ikke, at alt tjener et h\u00f8jere form\u00e5l. Tro ikke, at alt er guddommeligt vejledt, for Gud satte de biologiske, geologiske og evolution\u00e6re kr\u00e6fter i gang ved tidens begyndelse, og de arbejder p\u00e5 egen h\u00e5nd. Derfor er forandring uforudsigelig. Alt kan forandre sig p\u00e5 et \u00f8jeblik. Dine fejltagelser eller andres fejltagelser kan \u00e6ndre dit livs kurs. Der kan ske en tragedie. Intet er sikret, undtagen Kundskabens magt i dig.<\/p>\n<p>N\u00e5r du indser dette, vil du rette dit blik mod Himlen og mod den styrke, Himlen har givet dig. Det vil v\u00e6re det store vendepunkt \u2013 n\u00e5r du ser, at den eneste rigtige sikkerhed, du har i denne verden, er Kundskabens magt i dig, og styrken i dine relationer, samt hvor vidt du har opbygget dit livs Fire S\u00f8jler.<\/p>\n<p>Herudover er alt id\u00e9er og spekulation, fantasi og overbevisning. Men overbevisning har ringe magt overfor forandringskr\u00e6fterne i verden. Og Gud har givet dig en st\u00f8rre styrke at p\u00e5kalde dig i alle dit livs henseender.<\/p>\n<p>N\u00e5r du indser, at erstatningerne for denne magt ikke kan sikre din tryghed eller din succes, vil du vende dig i retning af den styrke, Himlen har sk\u00e6nket dig \u2013 en Visdom, et N\u00e6rv\u00e6r og en Ild. Du kan ikke forestille dig, hvor vigtigt dette er for dig, og hvordan det kan lede dine beslutninger og befri dig fra den ambivalens og forvirring, der er s\u00e5 gennemtr\u00e6ngende.<\/p>\n<p>Derfor har folk s\u00e5 st\u00e6rke og faste overbevisninger, for nedenunder dem er de bange og forvirrede. Og des mere bange og forvirrede de er, desto mere knytter de sig til deres id\u00e9er eller til deres tilknytninger i livet, med st\u00e6dig og dum vedholdenhed. De kan ikke se hinsides det f\u00e6ngsel, de har opbygget for sig selv. De har l\u00e5st sig selv inde. De kan ikke se solopgangen. De kan ikke se deres livs mysterium. Dette er ikke din sk\u00e6bne.<\/p>\n<p>Led ikke efter intellektuel bekr\u00e6ftelse, for en s\u00e5dan er svag og letforanderlig, med kun et lille grundlag i verden. Gud har givet dig den st\u00f8rre styrke. Nu er det din opgave at tage Trin til Kundskab, for den er essensen af al \u00e5ndelig praksis, givet nu i ren form, i Guds Nye \u00c5benbaring, der ikke er blevet \u00e6ndret eller tilpasset af mennesker med tiden.<\/p>\n<p>Din opgave er at engagere dig med Kundskabens magt og tilstedev\u00e6relse og bringe l\u00f8sning til dit ydre liv, for det dr\u00e6ner dig for tid og energi og ressourcer. Nu er din opgave at tage Trin til Kundskab, for at finde den st\u00f8rre magt og m\u00e6rke denne magt, som er Kundskabens Ild i dig.<\/p>\n<p>Dette er ikke den lidenskabelige tros ild. Dette er ikke formaningens ild. Dette er ikke en vred Guds ild, der sl\u00e5r ned p\u00e5 nationer. Slip disse id\u00e9er, for de skyldes menneskelig uvidenhed og ford\u00f8mmelse. En vred Gud er vrede menneskers projektion og kreation.<\/p>\n<p>Den magt, Gud har givet dig, er n\u00e5dig men potent. Den er beslutsom. Du kan ikke forhandle med den. Du kan kun tage imod den og reagere p\u00e5 dens gaver og dens retning, idet du navigerer i en tiltagende vanskelig og konfliktfyldt verden.<\/p>\n<p>\u00c5benbaringens Lys, som du har glemt p\u00e5 din rejse i verden, lever et sted i dig, et sted, hvor du er tryg og din fremtid er sikret. For dette er den del af dig, der ikke kan tilintetg\u00f8res og ikke kan korrumperes. Det er Lysets h\u00e5b for de mennesker, der er undertrykte. Det er opl\u00f8ftningens Lys for de mennesker, der er deprimerede. Det er de menneskers styrke, der \u00f8jensynligt ingen magt har i verden. Det er livets gave for de mennesker, der har erhvervet sig for meget, hvis liv er g\u00e5et i st\u00e5 mellem deres besiddelser. Det er l\u00f8sningen, ser du, for Gud lagde svaret i dig, endnu f\u00f8r sp\u00f8rgsm\u00e5let opstod.<\/p>\n<p>Uanset den knibe, som du befinder dig i, har Gud lagt magten, der kan tage dig ud af forvirringens jungle, i dig. Og Ilden br\u00e6nder. N\u00e5r den \u00e9n gang m\u00e6rkes, n\u00e5r den \u00e9n gang erkendes, kan den ikke glemmes. N\u00e5r \u00e9n gang dens gaver er modtaget, vil det s\u00e6tte en gen-evalueringsproces i gang i dit liv, idet de falske guder begynder at svigte. Det vil genoprette dig og forl\u00f8se dig, idet du l\u00e6rer at f\u00f8lge dens vejledning og blive dens udtryksmiddel i verden.<\/p>\n<p>Det er denne Ild, der g\u00e5r ud over religi\u00f8s overbevisning og ideologi. Den er der for alle \u2013 den kristne, buddhisten, muslimen, j\u00f8den og alle andre former for religi\u00f8s praksis og forst\u00e5else. Den er anerkendt i visse traditioner. Den kaldes en \u201dgud\u201d i bestemte fortidige traditioner \u2013 ildguden, ildens gud \u2013 fordi ild er magt, ild er genoprettelse, ild er overlevelse, ild er varme. Men dette er en anden slags Ild. Denne Ild tilintetg\u00f8r ikke. Denne Ild br\u00e6nder ikke dit hus ned. Denne Ild svider og skader ikke din krop. Den er den \u00e5ndelige Ild, ser du. Den fort\u00e6rer det, der er urent.<\/p>\n<p>S\u00e5 giv da din frygt til denne Ild. Giv din ambivalens til denne Ild. Giv din f\u00f8lelse af undertrykkelse til denne Ild. Giv din vrede, dit had og din ford\u00f8mmelse til denne Ild. Se dig selv sidde n\u00e6r den og giv disse ting til den, for den vil lutre alt det, der er usandt.<\/p>\n<p>Guds Nye \u00c5benbaring for verden bringer tydeligt forl\u00f8sningskraften frem for den enkelte og det st\u00f8rre h\u00e5b for verden. For der er intet h\u00e5b for verden, hvis denne Kundskabens magt ikke kan anspores i individet. Menneskene vil f\u00f8lge deres desperate og destruktive kurs, med uundg\u00e5eligt udfald, og verden vil blive \u00f8delagt i s\u00e5dan grad, at den knapt kan opretholde en menneskelig befolkning. S\u00e5dan er produktet af menneskelig gr\u00e5dighed, korruption og uvidenhed.<\/p>\n<p>Nu er Ilden vigtigere end nogensinde. Den er ikke blot til din personlige forl\u00f8sning. Den er til genoprettelsen af verden, til at forberede menneskeheden p\u00e5 at leve i en ny verden og se et univers, et St\u00f8rre F\u00e6llesskab af liv, i \u00f8jnene, hvilket vil \u00e6ndre menneskets sk\u00e6bnes kurs og en hvilken som helst persons fremtid.<\/p>\n<p>Du kan f\u00f8le dig uden h\u00e5b, men h\u00e5b lever i dig. Du kan f\u00f8le dig hj\u00e6lpel\u00f8s, men styrke lever i dig. Du kan f\u00f8le dig undertrykt af dine omst\u00e6ndigheder, men et st\u00f8rre liv lever i dig, der venter p\u00e5 at blive modtaget, udtrykt og opdaget.<\/p>\n<p>S\u00e5 kom til Ilden. S\u00e5 kom til d\u00e9t, der varmer dig, der giver dig styrke, mod og genopretter din anst\u00e6ndighed og dit form\u00e5l med at v\u00e6re i verden til dig. Dette er velsignelsen. Dette er tilbuddet. Dette er den m\u00e5de, hvorp\u00e5 Gud bringer dig tilbage og giver dig et st\u00f8rre liv i denne verden.<\/p>\n","protected":false},"excerpt":{"rendered":"<p>Indeni dig, dybt indeni, under sindets overflade, et sted du knap nok kender, er der en Ild, en \u00e5ndelig Ild. Den er kilden til din inspiration. Den er Kundskabens Ild, det dybere Sind i dig, der br\u00e6nder som en arne, fort\u00e6rer dine fejl og din smerte, renser dig, velsigner dig, vejleder dig. Men du er\u2026 <a class=\"read-more\" href=\"https:\/\/www.v6.newmessage.org\/da\/about-recording-shortcode\/\"><span>Read More<\/span><\/a><\/p>\n","protected":false},"author":77,"featured_media":0,"parent":27700,"menu_order":0,"comment_status":"closed","ping_status":"closed","template":"template-leftsidebar.php","meta":{"_monsterinsights_skip_tracking":false,"_monsterinsights_sitenote_active":false,"_monsterinsights_sitenote_note":"","_monsterinsights_sitenote_category":0,"footnotes":""},"categories":[76,117,636,460],"tags":[],"_links":{"self":[{"href":"https:\/\/www.v6.newmessage.org\/da\/wp-json\/wp\/v2\/pages\/27703"}],"collection":[{"href":"https:\/\/www.v6.newmessage.org\/da\/wp-json\/wp\/v2\/pages"}],"about":[{"href":"https:\/\/www.v6.newmessage.org\/da\/wp-json\/wp\/v2\/types\/page"}],"author":[{"embeddable":true,"href":"https:\/\/www.v6.newmessage.org\/da\/wp-json\/wp\/v2\/users\/77"}],"replies":[{"embeddable":true,"href":"https:\/\/www.v6.newmessage.org\/da\/wp-json\/wp\/v2\/comments?post=27703"}],"version-history":[{"count":4,"href":"https:\/\/www.v6.newmessage.org\/da\/wp-json\/wp\/v2\/pages\/27703\/revisions"}],"predecessor-version":[{"id":27768,"href":"https:\/\/www.v6.newmessage.org\/da\/wp-json\/wp\/v2\/pages\/27703\/revisions\/27768"}],"up":[{"embeddable":true,"href":"https:\/\/www.v6.newmessage.org\/da\/wp-json\/wp\/v2\/pages\/27700"}],"wp:attachment":[{"href":"https:\/\/www.v6.newmessage.org\/da\/wp-json\/wp\/v2\/media?parent=27703"}],"wp:term":[{"taxonomy":"category","embeddable":true,"href":"https:\/\/www.v6.newmessage.org\/da\/wp-json\/wp\/v2\/categories?post=27703"},{"taxonomy":"post_tag","embeddable":true,"href":"https:\/\/www.v6.newmessage.org\/da\/wp-json\/wp\/v2\/tags?post=27703"}],"curies":[{"name":"wp","href":"https:\/\/api.w.org\/{rel}","templated":true}]}}