{"id":27700,"date":"2023-03-18T17:30:37","date_gmt":"2023-03-18T17:30:37","guid":{"rendered":"https:\/\/www.newmessage.org\/da\/?page_id=27700"},"modified":"2024-01-22T03:55:11","modified_gmt":"2024-01-22T03:55:11","slug":"kundskabens-magt","status":"publish","type":"page","link":"https:\/\/www.v6.newmessage.org\/da\/budskabet\/bind-1\/kundskabens-magt\/","title":{"rendered":"Kundskabens Magt"},"content":{"rendered":"<p><img loading=\"lazy\" decoding=\"async\" class=\"imgborder alignright wp-image-39719\" src=\"https:\/\/www.newmessage.org\/wp-content\/uploads\/2019\/04\/POK-_cropped_cover_4.30.19-200x300.jpg\" alt=\"The Power of Knowledge - The Greater Intelligence within You\" width=\"400\" height=\"600\" \/><\/p>\n<p><i>Kundskabens Magt<\/i> afsl\u00f8rer \u201dKundskabens\u201d realitet, det dybere \u00e5ndelige sind i en, der holder n\u00f8glerne til at finde sit h\u00f8jere form\u00e5l og retning i livet.<\/p>\n<p>Bog 5 i det Nye Budskab fra Gud indeholder 14 \u00e5benbaringer, givet for at pr\u00e6sentere ens \u00e5ndelige naturs virkelighed, krisen ved at leve adskilt fra sin dybere natur, og hvordan man kan undslippe denne krise og begynde den rejse, der vil helbrede splittelsen mellem ens t\u00e6nkende sind og Kundskabens sind i en selv. Med dette f\u00f8lger muligheden for at f\u00f8lge Kundskab i nuet og i fremtiden, hvilket vil f\u00f8re en til et nyt liv, nye relationer og opfyldelsen af ens form\u00e5l med at v\u00e6re i verden.<\/p>\n<p>Gennem denne bog har du mulighed for at forst\u00e5, hvor Kundskab bor i din oplevelse, og opbygge en varig forbindelse til denne dybere oplevelse, som altid har v\u00e6ret med dig. Bogen, <i>Trin til Kundskab<\/i>,\u00a0tager dette videre, i form af en daglig praksis, du kan begynde at anvende i dit liv.<\/p>\n<p>Rejsen med at finde og f\u00f8lge Kundskab, vil bringe dig tilbage til dit oprindelige form\u00e5l med at v\u00e6re i verden, erindringen om dem, der sendte dig, og det st\u00f8rre bidrag, du m\u00e5 yde, til en verden, der st\u00e5r overfor store og vanskelige forandringer i fremtiden. Her begynder et helligt forl\u00f8b, der har magten til at befri dig fra fortiden og forberede dig p\u00e5 et nyt og st\u00f8rre liv i fremtiden.<\/p>\n<p>Hvert kapitel i <i>Kundskabens Magt<\/i> er en \u00e5benbaring givet af Kilden, samlet i denne tekst af Budbringeren, Marshall Vian Summers.<\/p>\n<p>De \u00c5benbaringer, der er pr\u00e6senteret her, er samlet i denne bog af Budbringeren, Marshall Vian Summers.<\/p>\n<p>Et Nyt Budskab fra Gud er kommet til verden. Det er et udtryk for den rene tidl\u00f8se forbindelse til Gud, som den har eksisteret gennem menneskehedens historie og siden begyndelsen af det manifeste univers. Menneskeheden har nu direkte adgang til denne rene oplevelse, uhindret af menneskelig misforst\u00e5else, autoritet og korruption. Den er nu kommet til verden p\u00e5 ny.<\/p>\n<p><i>Kundskabens Magt<\/i> er den femte bog i Bind 1 i Det Nye Budskab fra Gud.<\/p>\n<div class=\"background-color-bridesmaid padding-20\">\n<h2 style=\"text-align: left;\"><span style=\"color: #525252;\">Indholdsfortegnelse<\/span><\/h2>\n<p>Kapitel 2: <a href=\"\/da\/budskabet\/bind-1\/kundskabens-magt\/kundskabens-kraft\/\">Kundskabens Kraft<\/a><br \/>\nKapitel 5: <a href=\"\/da\/budskabet\/bind-1\/kundskabens-magt\/krisen\/\">Krisen<\/a><br \/>\nKapitel 13: <a href=\"\/da\/budskabet\/bind-1\/kundskabens-magt\/den-andelige-ild\/\">Den \u00c5ndelige Ild<\/a><\/p>\n<\/div>\n","protected":false},"excerpt":{"rendered":"<p>Kundskabens Magt afsl\u00f8rer \u201dKundskabens\u201d realitet, det dybere \u00e5ndelige sind i en, der holder n\u00f8glerne til at finde sit h\u00f8jere form\u00e5l og retning i livet. Bog 5 i det Nye Budskab fra Gud indeholder 14 \u00e5benbaringer, givet for at pr\u00e6sentere ens \u00e5ndelige naturs virkelighed, krisen ved at leve adskilt fra sin dybere natur, og hvordan man\u2026 <a class=\"read-more\" href=\"https:\/\/www.v6.newmessage.org\/da\/budskabet\/bind-1\/kundskabens-magt\/\"><span>Read More<\/span><\/a><\/p>\n","protected":false},"author":77,"featured_media":0,"parent":16287,"menu_order":0,"comment_status":"closed","ping_status":"closed","template":"template-leftsidebar.php","meta":{"_monsterinsights_skip_tracking":false,"_monsterinsights_sitenote_active":false,"_monsterinsights_sitenote_note":"","_monsterinsights_sitenote_category":0,"footnotes":""},"categories":[636,460],"tags":[650,670],"_links":{"self":[{"href":"https:\/\/www.v6.newmessage.org\/da\/wp-json\/wp\/v2\/pages\/27700"}],"collection":[{"href":"https:\/\/www.v6.newmessage.org\/da\/wp-json\/wp\/v2\/pages"}],"about":[{"href":"https:\/\/www.v6.newmessage.org\/da\/wp-json\/wp\/v2\/types\/page"}],"author":[{"embeddable":true,"href":"https:\/\/www.v6.newmessage.org\/da\/wp-json\/wp\/v2\/users\/77"}],"replies":[{"embeddable":true,"href":"https:\/\/www.v6.newmessage.org\/da\/wp-json\/wp\/v2\/comments?post=27700"}],"version-history":[{"count":10,"href":"https:\/\/www.v6.newmessage.org\/da\/wp-json\/wp\/v2\/pages\/27700\/revisions"}],"predecessor-version":[{"id":28098,"href":"https:\/\/www.v6.newmessage.org\/da\/wp-json\/wp\/v2\/pages\/27700\/revisions\/28098"}],"up":[{"embeddable":true,"href":"https:\/\/www.v6.newmessage.org\/da\/wp-json\/wp\/v2\/pages\/16287"}],"wp:attachment":[{"href":"https:\/\/www.v6.newmessage.org\/da\/wp-json\/wp\/v2\/media?parent=27700"}],"wp:term":[{"taxonomy":"category","embeddable":true,"href":"https:\/\/www.v6.newmessage.org\/da\/wp-json\/wp\/v2\/categories?post=27700"},{"taxonomy":"post_tag","embeddable":true,"href":"https:\/\/www.v6.newmessage.org\/da\/wp-json\/wp\/v2\/tags?post=27700"}],"curies":[{"name":"wp","href":"https:\/\/api.w.org\/{rel}","templated":true}]}}