{"id":27604,"date":"2022-01-07T14:44:18","date_gmt":"2022-01-07T14:44:18","guid":{"rendered":"https:\/\/www.newmessage.org\/da\/?page_id=27604"},"modified":"2022-01-07T14:44:26","modified_gmt":"2022-01-07T14:44:26","slug":"hvordan-gud-taler-til-verden","status":"publish","type":"page","link":"https:\/\/www.v6.newmessage.org\/da\/budskabet\/bind-1\/den-ene-gud\/hvordan-gud-taler-til-verden\/","title":{"rendered":"Hvordan Gud Taler til Verden"},"content":{"rendered":"<div><!-- Version 8.03 --><\/div>\n\n<div class=\"tabgroup \"><ul class=\"tabs\"><li><a href=\"#tabs-1\">\u00c5penbaring<\/a><\/li>\n<li><a href=\"#tabs-2\">Video<\/a><\/li>\n<li><a href=\"#tabs-3\">Note<\/a><\/li><\/ul>\n <div id=\"tabs-1\"><\/p>\n<p>H\u00f8r den oprindelige version af \u00c5benbaringen p\u00e5 engelsk:<\/p>\n<div id=\"jquery_jplayer_1\" class=\"jp-jplayer\"><\/div>\n\t\t\t\t<div id=\"jp_container_1\" class=\"jp-audio\">\n\t\t\t\t<div class=\"jp-type-single\"><div class=\"jp-control\"><a href=\"javascript:;\" class=\"jp-play\" tabindex=\"1\">play<\/a><a href=\"javascript:;\" class=\"jp-pause\" tabindex=\"1\">pause<\/a><\/div> <div class=\"jp-gui jp-interface\"><div class=\"jp-volume\"><div class=\"jp-volume-bar\"><div class=\"jp-volume-bar-value\"><\/div><\/div><\/div><div class=\"jp-progress\"><div class=\"jp-seek-bar\"><div class=\"jp-play-bar\"><\/div><\/div><\/div><\/div>\t\t\t\t\t<div class=\"jp-no-solution\"><span>Update Required<\/span>To play the media you will need to either update your browser to a recent version or update your <a href=\"http:\/\/get.adobe.com\/flashplayer\/\" target=\"_blank\">Flash plugin<\/a>.<\/div><\/div><\/div>\n\t\t\t<script type='text\/javascript'>\n\t\t\t\tjQuery(document).ready(function() {\n\t\t\t\t\tif (typeof (sermonMedia) == 'function') {\n\t\t\t\t\t\tsermonMedia.addAudio('', \"jquery_jplayer_1\");\n\t\t\t\t\t}\n\t\t\t\t\tjQuery.jPlayer.timeFormat.showHour = true;\n\t\t\t\t\tjQuery(\"#jquery_jplayer_1\").jPlayer({\n\t\t\t\t\t\tready: function(event) {\n\t\t\t\t\t\t\tjQuery(this).jPlayer(\"setMedia\", {mp3: 'https:\/\/newmessage.org\/av\/how-god-speaks-to-the-world.mp3'});\n\t\t\t\t\t\t},\n\t\t\t\t\t\tplay: function() {\n\t\t\t\t\t\t\tjQuery(this).jPlayer(\"pauseOthers\");\n\t\t\t\t\t\t},\n\t\t\t\t\t\tswfPath: ThemeData.directory_uri+\"\/swf\",\n\t\t\t\t\t\tsolution: \"html, flash\",\n\t\t\t\t\t\tpreload: \"metadata\",\n\t\t\t\t\t\twmode: \"window\",\n\t\t\t\t\t\tsupplied: \"mp3\",\n\t\t\t\t\t\tcssSelectorAncestor: '#jp_container_1'\n\t\t\t\t\t});\n\t\t\t\t});\n\t\t\t<\/script><\/p>\n<p><a title=\"How God Speaks to the World\" href=\"https:\/\/newmessage.org\/av\/how-god-speaks-to-the-world.mp3\">Download<\/a> (h\u00f8jre-klik for at downloade)<\/p>\n<p class=\"revelation_details\"><em>Som \u00e5benbaret for Guds Budbringer<br \/>\nMarshall Vian Summers<br \/>\nden 6. april, 2008<br \/>\ni Tehran, Iran<\/em><\/p>\n<div class=\"toggle toggle-white\"><h4 class=\"trigger \"><span class=\"t_ico\"><\/span><a href=\"#\">Om denne optagelse<\/a><\/h4><div class=\"toggle_container \"><br \/>\n<div id=\"yui_3_16_0_ym19_1_1467955126517_3327\" dir=\"ltr\"><span id=\"yui_3_16_0_ym19_1_1467955126517_3177\"><span id=\"yui_3_16_0_ym19_1_1467955126517_3178\">D\u00e9t, du h\u00f8rer i denne lydoptagelse er Den Englelige Forsamlings stemme, der taler gennem Budbringeren, Marshall Vian Summers<br \/>\n<\/span><\/span><\/div>\n<div dir=\"ltr\"><span id=\"yui_3_16_0_ym19_1_1467955126517_3177\"><span id=\"yui_3_16_0_ym19_1_1467955126517_3178\">\u00a0<\/span><\/span><\/div>\n<div id=\"yui_3_16_0_ym19_1_1467955126517_3359\" dir=\"ltr\"><span id=\"yui_3_16_0_ym19_1_1467955126517_3177\"><span id=\"yui_3_16_0_ym19_1_1467955126517_3178\"> Her er den oprindelige kommunikation fra Gud, der eksisterer hinsides ord, oversat til menneskeligt sprog og forst\u00e5else af Den Englelige Forsamling, der f\u00f8rer tilsyn med verden. Forsamlingen leverer derefter Guds Budskab gennem Budbringeren.<br \/>\n<\/span><\/span><\/div>\n<div id=\"yui_3_16_0_ym19_1_1467955126517_3369\" dir=\"ltr\"><span id=\"yui_3_16_0_ym19_1_1467955126517_3177\"><span id=\"yui_3_16_0_ym19_1_1467955126517_3178\">\u00a0<\/span><\/span><\/div>\n<div id=\"yui_3_16_0_ym19_1_1467955126517_3370\" dir=\"ltr\"><span id=\"yui_3_16_0_ym19_1_1467955126517_3177\"><span id=\"yui_3_16_0_ym19_1_1467955126517_3178\">I dette bem\u00e6rkelsesv\u00e6rdige forl\u00f8b, taler \u00c5benbaringens Stemme p\u00e5 ny. Ordet og Lyden er i verden. For f\u00f8rste gang i historien, er den oprindelige talte \u00e5benbaring tilg\u00e6ngelig for dig og for verden at opleve.<br \/>\n<\/span><\/span><\/div>\n<div id=\"yui_3_16_0_ym19_1_1467955126517_3436\" dir=\"ltr\"><span id=\"yui_3_16_0_ym19_1_1467955126517_3177\"><span id=\"yui_3_16_0_ym19_1_1467955126517_3178\">\u00a0<\/span><\/span><\/div>\n<div id=\"yui_3_16_0_ym19_1_1467955126517_3435\" dir=\"ltr\"><span id=\"yui_3_16_0_ym19_1_1467955126517_3177\"><span id=\"yui_3_16_0_ym19_1_1467955126517_3178\">M\u00e5 du v\u00e6re modtageren af denne \u00c5benbaringens gave og m\u00e5 du v\u00e6re \u00e5ben for at tage imod dens unikke Budskab for dig og for dit liv.<\/span><\/span><\/div>\n<br \/>\n<\/div><\/div>\n<p><\/div>\n<div id=\"tabs-2\"><\/p>\n<p><iframe loading=\"lazy\" title=\"How God Speaks to the World - FULL REVELATION\" width=\"275\" height=\"155\" src=\"https:\/\/www.youtube.com\/embed\/puxcXEhT2C0?feature=oembed&#038;enablejsapi=1&#038;origin=https:\/\/www.newmessage.org\" frameborder=\"0\" allow=\"accelerometer; autoplay; clipboard-write; encrypted-media; gyroscope; picture-in-picture\" allowfullscreen><\/iframe><\/p>\n<div class=\"panel-10 text-align-center\"><a href=\"\/the-message\/volume-1\/one-god\"><img decoding=\"async\" class=\"aligncenter size-medium wp-image-28781 imgborder\" src=\"https:\/\/www.newmessage.org\/wp-content\/uploads\/2016\/07\/TOG_v.7.0_ebook-cover-200x300.jpg\" alt=\"How God Speaks to the World\"><br \/>\n<\/a><\/div>\n<div class=\"text-align-center\"><a class='simple_button_link ' style='background-color: #4f8fd6' href='http:\/\/newknowledgelibrary.org\/books\/the-one-god-print-book\/'   ><span>Order the book<\/span><\/a><br \/>\n<a class='simple_button_link ' style='background-color: #4f8fd6' href='http:\/\/newknowledgelibrary.org\/products.php?product=The-One-God-%28ebook%29'   ><span>Order the ebook<\/span><\/a><\/div>\n<div class=\"text-align-center text font-size-12 margin-top-10\">Bind 1 &gt; The One God &gt; Kapital 10<\/div>\n<p><\/div>\n<div id=\"tabs-3\"><\/p>\n<p><em>NOTE TIL L\u00c6SERNE:<br \/>\nDenne overs\u00e6ttelse blev givet til The Society af en studerende af Det Nye Budskab, der meldte sig frivilligt til at overs\u00e6tte den originale engelske tekst. Vi stiller denne overs\u00e6ttelse til r\u00e5dighed for verden i denne tidlige form, for at give mennesker en mulighed for at engagere sig med en del af Det Nye Budskab p\u00e5 deres eget sprog.<\/em><\/p>\n<p><\/div>\n\t\t\t\t<div align=\"right\">\n\t\t\t<div class=\"fb-like\" data-href=\"\" data-layout=\"button_count\" data-action=\"like\" data-show-faces=\"false\" data-share=\"false\"><\/div>\n\t\t\t<div class=\"fb-share-button\" data-layout=\"button_count\"> <\/div>\n\t\t\t<div class=\"fb_iframe_widget\"><a href=\"https:\/\/twitter.com\/godsnewmessage?ref_src=twsrc%5Etfw\" class=\"twitter-follow-button\" data-show-count=\"false\">Follow @godsnewmessage<\/a><script async src=\"https:\/\/platform.twitter.com\/widgets.js\" charset=\"utf-8\"><\/script><\/div>\n\t\t\t<\/div> <\/div> \n\n<p>&nbsp;<\/p>\n<p>Gud v\u00e5ger over verden, for verden er et kriseramt sted. S\u00e5dan har det altid v\u00e6ret.<\/p>\n<p>Af den grund er du kommet til verden. Den er et sted, hvor Gud er glemt og din sande natur er glemt. Den er et konkurrencens og konfliktens sted, hvor livet er vanskeligt, hvor man konstant m\u00e5 l\u00f8se sine daglige eksistensproblemer. Den er et sted, hvor folk forekommer at v\u00e6re fremmede for hinanden og fremmede for sig selv, som Gud har skabt dem. Den er et sted for optr\u00e6den. Den er et sted for fornemmelser.<\/p>\n<p>Den er vidunderlig og farlig, smuk, men forvirrende. Den er d\u00e9r, hvor de adskilte er kommet for at leve, for igen at l\u00e6re, hvordan man giver og bygge bro over kl\u00f8ften, s\u00e5 Adskillelsen med tiden kan afsluttes.<\/p>\n<p>Ingen er kommet her ved et uheld. Alle er sendt med et form\u00e5l. Dette form\u00e5l forbliver uopdaget i dig, men du m\u00e5 finde det, for det er den store forf\u00f8lgelse i livet. Udover at im\u00f8dekomme dine basiske behov for at eksistere i denne virkelighed, m\u00e5 du finde dette form\u00e5l, for det er s\u00e5dan Gud vil tale til dig, og det er s\u00e5dan du vil finde vej.<\/p>\n<p>Guds Plan er s\u00e5 enkel, at den undslipper folks forstand, men alligevel er den mystisk, fordi den ikke passer ind i menneskets forventninger. Den passer ikke ind i menneskets overbevisninger og traditioner. Den er hinsides forst\u00e5else, og dog er den meget enkel.<\/p>\n<p>For Gud taler til verden gennem en dybere Kundskab i den enkelte og gennem de forenede relationer, hvor denne dybere magt kan udtrykkes og opleves gennem to eller flere mennesker.<\/p>\n<p>Periodisk taler Gud til verden, for at aflevere et Budskab til verden. Dette sker meget uregelm\u00e6ssigt, og sker m\u00e5ske kun efter nogle \u00e5rhundreder. Guds Budskab til verden er beregnet til at sl\u00e5 til meget l\u00e6nge, og er beregnet til at ber\u00f8re og p\u00e5virke folks sind og hjerter meget l\u00e6nge. Disse Budskaber gives p\u00e5 afg\u00f8rende tidspunkter i menneskets evolution og i tider med store forandringer og i tider med stor n\u00f8d.<\/p>\n<p>Betydningen af dette g\u00e5r ud over de referencer, du har for nuv\u00e6rende, for du ser endnu ikke menneskers store n\u00f8d og hvorfor et Nyt Budskab fra Gud skulle sendes til verden, for verdens egen skyld. For, mens Gud taler til dig gennem en dybere Kundskab i dig selv og gennem de forenede relationers magt, er Guds Budskab til verden for at forberede menneskene p\u00e5, hvad de ikke selv kan se og ikke kan vide. Det er for at advare menneskene. Det er for at give magt til menneskene. Det er for at forberede menneskene.<\/p>\n<p>Du kan kun v\u00e6re vidne til dette. Det vil overg\u00e5 de id\u00e9er, du har nu. Det vil transcendere din forst\u00e5else. Men Gud pr\u00f8ver ikke p\u00e5 at n\u00e5 dit intellekt, s\u00e5 meget som at genlyde i dig p\u00e5 et dybere plan. Intellektet blev skabt til at navigere og begribe fysiske ting, s\u00e6rlige ting. Men den dybere resonans er sj\u00e6lens, og det er p\u00e5 denne m\u00e5de, du vil besvare Guds store, men uregelm\u00e6ssige, Budskaber for menneskeheden.<\/p>\n<p>Folk har mange sp\u00f8rgsm\u00e5l, men de m\u00e5 l\u00e6re at lytte p\u00e5 et dybere plan, stilne deres sind og lytte, v\u00e6re n\u00e6rv\u00e6rende, v\u00e6re observerende, v\u00e6re \u00e6rb\u00f8dige.<\/p>\n<p>For intellektet kan ikke vide med sikkerhed, om et Nyt Budskab fra Gud er autentisk. De [folk] kan ikke vide med sikkerhed, om det, de h\u00f8rer, er den absolutte sandhed, den st\u00f8rre sandhed fra alt livs Skaber. De kan ikke vide med deres intellekt, om Budbringeren er den virkelige Budbringer. Men de vil vide det i deres hjerter. Der m\u00e5 v\u00e6re en dybere resonans. Genkendelsen vil komme fra en dybere bevidsthed i dig og i andre.<\/p>\n<p>Det er den, der har holdt religion i live. Denne dybere resonans. Det er ikke magten af at tro, for tro er svag og ufuldkommen og bliver nemt manipuleret med af andre, af andre magter og kr\u00e6fter og s\u00e5 videre. Men den resonans, der f\u00e5r folk til at blive ved med at respondere p\u00e5 Guds Store Budskaber foreg\u00e5r p\u00e5 et dybere plan i den enkelte \u2013 hinsides intellektet, hinsides deres id\u00e9er og forst\u00e5else \u2013 og det er dette, der giver den magt og storhed.<\/p>\n<p>Men i fald du ikke kan svare p\u00e5 dette dybere plan, bliver det et sp\u00f8rgsm\u00e5l om ideologi, overbevisning og social og politisk loyalitet. Det bliver et sp\u00f8rgsm\u00e5l om konformitet og andres forventninger. Du forventes at tro, s\u00e5 du tror. Du forventes at bede, s\u00e5 du beder. Du forventes at f\u00f8lge de krav, der er fastlagt f\u00f8r, mest af mennesker, selvf\u00f8lgeligt. Men Gud taler til dig p\u00e5 et dybere plan.<\/p>\n<p>Gud taler til verden gennem disse store Budskaber. De g\u00e5r ud over den enkeltes \u00f8jeblikkelige behov. De omfatter menneskehedens behov, som helhed, og er for menneskehedens velf\u00e6rd og evolution, som helhed.<\/p>\n<p>Fra dette f\u00e5r du en fornemmelse af din plads og dit form\u00e5l i livet p\u00e5 dette tidspunkt \u2013 hvorfor du er her p\u00e5 dette tidspunkt, p\u00e5 dette sted, i dine s\u00e6rlige omst\u00e6ndigheder, i din nation.<\/p>\n<p>Du bliver n\u00f8dt til at have dette st\u00f8rre perspektiv. Ellers vil du ikke forst\u00e5 den st\u00f8rre kontekst, hvori dit liv eksisterer, og vil ikke forst\u00e5 verdens bev\u00e6gelser eller verdens tegn. Du vil tro, at det hele er en reference til fortiden \u2013 at nutiden og fremtiden p\u00e5 \u00e9n eller anden m\u00e5de er en opfyldelse af fortiden. Id\u00e9er associeres med fortiden, men den dybere Kundskab, som Gud har lagt i dig, er for nutiden, \u00f8jeblikket og for fremtiden. S\u00e5 anderledes dette er som forst\u00e5else.<\/p>\n<p>Gud bekymrer sig ikke om du har en religion eller ej. Men Gud kalder p\u00e5 dig p\u00e5 dette dybere plan, gennem de store Budskaber til verden, der nu gives til verden og gennem Kundskabens magt og indflydelse i dig selv. Og det sker hver dag, hvert \u00f8jeblik, hvert \u00e5r, p\u00e5 ethvert tidspunkt og p\u00e5 ethvert sted.<\/p>\n<p>Selv hvis du l\u00e6ser skrifterne og de bev\u00e6ger dig dybt, er det p\u00e5 grund af resonansen, ikke p\u00e5 grund af id\u00e9er. Guds Magt er ikke begr\u00e6nset af menneskelig forst\u00e5else eller menneskelige id\u00e9er eller id\u00e9er fra nogen race i universet, af hvilke der er s\u00e5 mange.<\/p>\n<p>Nu taler Gud til verden gennem Det Nye Budskab fra Gud og gennem Budbringeren, der er blevet sendt til verden, for at forberede menneskene p\u00e5 at se en verden i forfald i \u00f8jnene \u2013 en verden, hvis ressourcer svinder; en verden, hvor mennesker vil v\u00e6re n\u00f8dt til at samarbejde med hinanden og indstille deres uoph\u00f8rlige konflikter; en verden, der st\u00e5r overfor kontakt med livet i universet; en verden, der ser intervention i \u00f8jnene, fra racer fra universet, der er her for at drage fordel af en svag og splittet menneskehed.<\/p>\n<p>Som helhed har den menneskelige familie aldrig m\u00e5ttet se disse to store udfordringer i \u00f8jnene \u2013 at leve i en verden, der er i forfald, og se konkurrence i \u00f8jnene fra hinsides verden om, hvem der skal styre verden og hvem, der vil v\u00e6re overlegen her. De store Budskaber, som Gud har sendt til verden [f\u00f8r] kan ikke forberede jer p\u00e5 dette. Derfor er der et Nyt Budskab fra Gud.<\/p>\n<p>T\u00e6nk aldrig, at Gud er holdt op med at kommunikere til verden. T\u00e6nk aldrig, at det endelige Budskab for altid er givet. Dette er menneskelig indbildskhed. Dette er etableret for at beskytte en tro og en ideologi.<\/p>\n<p>Men Gud iagttager verden. Og menneskeheden, som helhed, ser nu de st\u00f8rste udfordringer i \u00f8jnene. Hvordan vil den reagere? Hvordan vil den forberede sig? Vil den kunne fatte den store forandring, der kommer? Vil den sl\u00e5s og k\u00e6mpe med sig selv over de resterende ressourcer? Vil den forenes for at forsvare verden overfor fremmed intervention? Dette er tiden for f\u00f8lgende store beslutning: om menneskeheden vil fejle, eller om menneskeheden vil forenes for sin bevarelse og for bevarelsen af sin suver\u00e6nitet i denne verden.<\/p>\n<p>Du ser med det samme, hvor langt ud over det, der personligt optager dig, dette er \u2013 ud over dine daglige bekymringer, ud over dine id\u00e9er, ud over dine overbevisninger, ud over din religi\u00f8se forst\u00e5else, ud over dine politiske synspunkter, ud over dagens behov. Hvis du kun er optaget af dagens behov, hvordan vil du s\u00e5 kunne se De Store B\u00f8lger af forandring, der kommer, som vil \u00e6ndre landskabet? Hvordan vil du l\u00e6se verdens tegn, der taler om st\u00f8rre ting, ud over dine egne personlige bekymringer? Hvordan vil du vide, n\u00e5r noget er ved at \u00e6ndre dit liv? Vil du st\u00e5 p\u00e5 stranden, n\u00e5r De Store B\u00f8lger kommer, med ryggen til havet &#8211; uden at iagttage, uden at se efter, uden at lytte?<\/p>\n<p>Derfor transcenderer Guds Store Budskaber folks forst\u00e5else og bevidsthed p\u00e5 det tidspunkt, de store Budskaber gives. Du vil v\u00e6re n\u00f8dt til at have et meget st\u00f8rre perspektiv og v\u00e6re meget h\u00f8jere oppe p\u00e5 bjerget, for at se dettes relevans og vigtighed.<\/p>\n<p>Folk vil t\u00e6nke, at Guds Nye Budskab er irrelevant. Det er umuligt. Det vil synes ikke at im\u00f8deg\u00e5 deres daglige bekymringer. De vil ikke se, at det er her for at redde selve menneskeheden. De vil ikke se, hvad det virkeligt er. S\u00e5 det vil blive overset og undg\u00e5et, kritiseret og latterliggjort.<\/p>\n<p>Folk vil gerne have br\u00f8d til dagen. De ser ikke, at n\u00e5r Gud taler til hele verden, er det for hele verdens bevarelse. Det er for menneskehedens bevarelse. Uden dette, vil der ikke v\u00e6re br\u00f8d til nogen i fremtiden. Af den grund er Det Nye Budskab givet.<\/p>\n<p>Her m\u00e5 du v\u00e6re stille og lytte med dit hjerte. Dine id\u00e9er vil k\u00e6mpe. De vil k\u00e6mpe for at f\u00f8lge med. De vil pr\u00f8ve p\u00e5 at regne det ud og fatte det. Men det kan de ikke, ser du, for dette er ikke et Budskab for intellektet.<\/p>\n<p>Dette taler til en dybere intelligens i dig, en intelligens, der ikke er skabt af verden, men skabt af Gud, til at vejlede dig, beskytte dig og g\u00f8re dig i stand til at reagere.<\/p>\n<p>Nu glem dine id\u00e9er om religion, for du ser et Nyt Budskab fra Gud i \u00f8jnene. Glem fortidens forskrifter, for dette er for nutiden og for fremtiden.<\/p>\n<p>Dette er for at afg\u00f8re, om menneskeheden vil have en fremtid, en fremtid, som I overhovedet kunne \u00f8nske jer og favne. Dette er for beskyttelsen af menneskeheden, alle, der lever i en tilbageg\u00e5ende verden her, lever i en verden, der st\u00e5r overfor intervention fra hinsides og konkurrence fra hinsides.<\/p>\n<p>Du m\u00e5 se forbindelsen. Hvis du ikke tror, at dette er vigtigt for dig, har du mistet kontakten med livet. Du ser ikke, hvad det er, der s\u00f8rger for menneskeheden.<\/p>\n<p>Gud har s\u00f8rget for denne overd\u00e5dige verden for den menneskelige familie. Hvis den bliver udplyndret, hvis den ruineres, hvis den udt\u00f8mmes, vil Gud ikke skabe en anden verden til jer. I bliver n\u00f8dt til at leve med konsekvenserne.<\/p>\n<p>Hvis jeres ressourcer ikke styres og deles og bevares, n\u00e5r det er n\u00f8dvendigt, tror I, at Gud vil komme og bringe jer en ny verden \u2013 at I bare pakker sammen og flytter til en anden planet et eller andet sted? Hvad t\u00e6nker du her? Tror I, at I er alene i universet, og at ingen er opm\u00e6rksomme p\u00e5 jer, at ingen andre tragter efter dette sted for dem selv?<\/p>\n<p>Dette g\u00e5r hinsides folks nuv\u00e6rende bekymringer \u2013 deres daglige fokus, deres arbejde, deres ideologi, deres overbevisninger, deres religion og deres politiske id\u00e9er. Regeringer m\u00f8des ikke for at debattere, hvordan menneskeheden skal overleve i Det St\u00f8rre F\u00e6llesskab af liv. Det er ikke del af den offentlige debat eller samtale. Folk taler ikke om dette p\u00e5 caf\u00e9erne.<\/p>\n<p>Derfor er der et Nyt Budskab fra Gud, og derfor m\u00e5 du nu lytte, for dette har alt at g\u00f8re med din verden, din fremtid, hvem du er, som enkeltperson, og hvorfor du overhovedet blev sendt til verden.<\/p>\n<p>Det er denne Kundskab, som Gud har lagt i dig, der vil g\u00f8re dig i stand til at h\u00f8re og at reagere. Hvis du ikke er forbundet med denne Kundskab, vil alt dette forekomme at v\u00e6re fremmede id\u00e9er for dig. Men hvis du kan lytte med hjertet, vil du se og vide, at dette er det store Budskab for din tid og for kommende tider.<\/p>\n<p>Gud vil ikke give et andet Budskab til menneskeheden i lang tid fremover. Dette er alt. Hvis du ikke kan h\u00f8re, er det en stor ulykke for dig. Dette er alt. Der er ikke noget Budskab rundt om hj\u00f8rnet. Der er ingen anden version. Der er ikke noget kommende Budskab, der vil v\u00e6re, som du gerne vil have det.<\/p>\n<p>Dette er alt. Dette er Det Nye Budskabs Stemme. Det er en Stemme, som denne, der har leveret Budskaberne op gennem menneskets historie.<\/p>\n<p>Du undrer dig over mit sprog. Jeg repr\u00e6senterer alle sprog i \u00e9t sprog. Men jeg taler gennem dette sprog [engelsk] til jer, fordi dette er det mest universelle sprog i verden i dag. Det n\u00e5r l\u00e6ngst ud, den st\u00f8rste mulighed. Min accent er alle accenter.<\/p>\n<p>Det er ikke vigtigt, at du pr\u00f8ver at begribe disse ting, men det er vigtigt, at du lytter, at du tager imod Guds Nye Budskab \u2013 ikke sl\u00e5s med det, ikke k\u00e6mpe med det, ikke sk\u00e6ndes med det, ikke t\u00e6nke, at du skal tro p\u00e5 det, men lytte, indstille dine uoph\u00f8rlige tanker for at begribe det og lytte. Du vil kun vide, om dette er sandt, ved en dybere resonans i dit indre. Udfordringen er din, ser du.<\/p>\n<p>Alle de store Budbringere er blevet forn\u00e6gtet og latterliggjort, forfulgt og endda myrdet, fordi folk ikke kunne h\u00f8re. De kunne ikke m\u00e6rke.<\/p>\n<p>Det er det samme problem i dag. I har et moderne samfund, en moderne teknologi, men det samme problem eksisterer. Det er problemet ved at leve i Adskillelse. Det er problemet ved at v\u00e6re domineret af sin forstand, sine tanker og sine overbevisninger. Det er et problem ved manglen p\u00e5 menneskelig frihed i jeres samfund. Folk befinder sig under v\u00e6gten af overlevelse og regeringer. Selv religioner bliver undertrykkende. Men problemet er det samme. Det har altid v\u00e6ret det samme problem. S\u00e5 Budbringeren forn\u00e6gtes, betvivles, mist\u00e6nkes, kritiseres, ford\u00f8mmes, ignoreres eller undg\u00e5s. Det er det samme problem.<\/p>\n<p>Hvad vil det kr\u00e6ve for dig at indse, at du lever i en \u00c5benbaringstid? Det er p\u00e5 dette tidspunkt, at et Nyt Budskab fra Gud er kommet til verden. Vil du st\u00e5 og ryste p\u00e5 hovedet? Vil du l\u00f8be din vej? Ser du, det er det samme problem.<\/p>\n<p>Hvordan vil du vide det? Du vil vide det, fordi Gud har lagt Kundskabens magt i dig, langt under og hinsides dine id\u00e9er, dine begreber, dine formaninger og dine traditioner.<\/p>\n<p>Gud taler til verden nu. Du m\u00e5 lytte efter, hvad Gud har at sige til verden. Hold op med at snakke. Hold op med at t\u00e6nke. Hold op med at debattere. Hold op med at stritte imod. Og lyt. Lytter du ikke, vil du ikke en gang vide, hvad du reagerer p\u00e5.<\/p>\n<p>Menneskehedens to store udfordringer vil afg\u00f8re alles sk\u00e6bne og fremtid i verden, alle nationers sk\u00e6bne og fremtid, alle folks, selve verdens tilstand, og om menneskeheden vil kunne bevare sin suver\u00e6nitet i denne verden.<\/p>\n<p>I har levet isoleret s\u00e5 l\u00e6nge, at I tror, at I er alene i rummets m\u00e6gtighed. Men universet er fyldt med liv. I lever p\u00e5 en smuk planet. Der er racer, der er klar over den, som selv s\u00f8ger den. Hvordan vil I forsvare den? Hvordan vil I bevare den? Hvordan vil I beskytte den? Hvordan vil I bevare menneskehedens evne til at overleve her?<\/p>\n<p>For at g\u00f8re dette, m\u00e5 I blive en forenet menneskehed. Jeres nationer m\u00e5 samarbejde. I m\u00e5 indstille jeres uoph\u00f8rlige konflikter. I m\u00e5 se, at dette nu er f\u00f8dt af n\u00f8dvendighed. Det er ikke blot en id\u00e9 eller et \u00f8nske. Det er en n\u00f8dvendighed.<\/p>\n<p>Gud taler til verden. Det er s\u00e5dan, Gud taler til verden. S\u00e5 enkelt er det, s\u00e5 rent er det. Det er ikke sensationelt. Det passer ikke til folks forventninger. Det er her ikke for at bekr\u00e6fte folks id\u00e9er eller forventninger. Det er s\u00e5dan Gud taler til verden.<\/p>\n<p>Det Nye Budskab er meget stort. Det har taget lang tid at pr\u00e6sentere det her. Budbringeren er i verden. Du m\u00e5 h\u00f8re Budskabet. Du m\u00e5 lytte med dit hjerte. Du m\u00e5 lade Gud afsl\u00f8re verdens tilstand, menneskehedens fremtid og de store beslutninger, der ligger foran regeringer, folk, enkeltpersoner og dig, med hensyn til, hvordan I vil leve, hvad I vil v\u00e6lge, jeres forst\u00e5else af, hvor menneskeheden skal hen, og de store udfordringer, der ligger foran jer nu. Gud giver det, menneskeheden ikke kan se og ikke kan vide, til det n\u00e6ste store trin i jeres lange historie her.<\/p>\n","protected":false},"excerpt":{"rendered":"<p>Der er en Ny \u00c5benbaring om Gud, en \u00c5benbaring, der tager Gud ud af menneskehedens \u00e6ldgamle historie, ud af menneskehedens konflikter og fantasier og misforst\u00e5else. Denne \u00c5benbaring tager Gud ind i livets st\u00f8rre panorama i universet, der kaldes Det St\u00f8rre F\u00e6llesskab.<\/p>\n<p>Nu har I brug for denne nye forst\u00e5else af Gud, fordi antikkens Gud var en lille Gud, en Gud af jeres verden og af jeres tid, en Gud af jeres kulturer, en Gud af jeres folk i antikken.<\/p>\n<p>Men menneskeheden er vokset fra denne Gud, denne menneskelige Gud, denne vrede Gud, denne h\u00e6vngerrige Gud, denne Gud, der forekom at v\u00e6re en projektion af jeres personlighed og af jeres tendenser.<\/p>\n<p>Det er ikke fordi antikkens folk tog fejl; det er bare fordi deres opfattelse var begr\u00e6nset. Det er ikke fordi de skabte en Gud, der lignede dem selv; det er fordi de ikke kunne begribe en Gud, der ikke lignede dem selv.<\/p>\n","protected":false},"author":77,"featured_media":0,"parent":16297,"menu_order":1,"comment_status":"closed","ping_status":"closed","template":"template-leftsidebar.php","meta":{"_monsterinsights_skip_tracking":false,"_monsterinsights_sitenote_active":false,"_monsterinsights_sitenote_note":"","_monsterinsights_sitenote_category":0,"footnotes":""},"categories":[76,379,460],"tags":[248,573,599],"_links":{"self":[{"href":"https:\/\/www.v6.newmessage.org\/da\/wp-json\/wp\/v2\/pages\/27604"}],"collection":[{"href":"https:\/\/www.v6.newmessage.org\/da\/wp-json\/wp\/v2\/pages"}],"about":[{"href":"https:\/\/www.v6.newmessage.org\/da\/wp-json\/wp\/v2\/types\/page"}],"author":[{"embeddable":true,"href":"https:\/\/www.v6.newmessage.org\/da\/wp-json\/wp\/v2\/users\/77"}],"replies":[{"embeddable":true,"href":"https:\/\/www.v6.newmessage.org\/da\/wp-json\/wp\/v2\/comments?post=27604"}],"version-history":[{"count":2,"href":"https:\/\/www.v6.newmessage.org\/da\/wp-json\/wp\/v2\/pages\/27604\/revisions"}],"predecessor-version":[{"id":27607,"href":"https:\/\/www.v6.newmessage.org\/da\/wp-json\/wp\/v2\/pages\/27604\/revisions\/27607"}],"up":[{"embeddable":true,"href":"https:\/\/www.v6.newmessage.org\/da\/wp-json\/wp\/v2\/pages\/16297"}],"wp:attachment":[{"href":"https:\/\/www.v6.newmessage.org\/da\/wp-json\/wp\/v2\/media?parent=27604"}],"wp:term":[{"taxonomy":"category","embeddable":true,"href":"https:\/\/www.v6.newmessage.org\/da\/wp-json\/wp\/v2\/categories?post=27604"},{"taxonomy":"post_tag","embeddable":true,"href":"https:\/\/www.v6.newmessage.org\/da\/wp-json\/wp\/v2\/tags?post=27604"}],"curies":[{"name":"wp","href":"https:\/\/api.w.org\/{rel}","templated":true}]}}