{"id":27571,"date":"2021-12-17T23:35:57","date_gmt":"2021-12-17T23:35:57","guid":{"rendered":"https:\/\/www.newmessage.org\/da\/?page_id=27571"},"modified":"2021-12-17T23:36:15","modified_gmt":"2021-12-17T23:36:15","slug":"hvad-er-gud","status":"publish","type":"page","link":"https:\/\/www.v6.newmessage.org\/da\/budskabet\/bind-4\/storre-faellesskab-spiritualitet\/hvad-er-gud\/","title":{"rendered":"Hvad er Gud?"},"content":{"rendered":"<div><!-- Version 7.06 --><\/div>\n\n<div class=\"tabgroup \"><ul class=\"tabs\"><li><a href=\"#tabs-1\">\u00c5penbaring<\/a><\/li>\n<li><a href=\"#tabs-2\">More<\/a><\/li><\/ul>\n <div id=\"tabs-1\"><\/p>\n<p class=\"revelation_details\">\n<em>Som \u00e5benbaret for Guds Budbringer<br \/>\nMarshall Vian Summers<br \/>\nden 17. august, 1993<br \/>\ni USA<\/em><br \/>\n<div class=\"toggle toggle-white\"><h4 class=\"trigger \"><span class=\"t_ico\"><\/span><a href=\"#\">Om denne optagelse<\/a><\/h4><div class=\"toggle_container \"><br \/>\n<div id=\"yui_3_16_0_ym19_1_1467955126517_3327\" dir=\"ltr\"><span id=\"yui_3_16_0_ym19_1_1467955126517_3177\"><span id=\"yui_3_16_0_ym19_1_1467955126517_3178\">D\u00e9t, du h\u00f8rer i denne lydoptagelse er Den Englelige Forsamlings stemme, der taler gennem Budbringeren, Marshall Vian Summers<br \/>\n<\/span><\/span><\/div>\n<div dir=\"ltr\"><span id=\"yui_3_16_0_ym19_1_1467955126517_3177\"><span id=\"yui_3_16_0_ym19_1_1467955126517_3178\">\u00a0<\/span><\/span><\/div>\n<div id=\"yui_3_16_0_ym19_1_1467955126517_3359\" dir=\"ltr\"><span id=\"yui_3_16_0_ym19_1_1467955126517_3177\"><span id=\"yui_3_16_0_ym19_1_1467955126517_3178\"> Her er den oprindelige kommunikation fra Gud, der eksisterer hinsides ord, oversat til menneskeligt sprog og forst\u00e5else af Den Englelige Forsamling, der f\u00f8rer tilsyn med verden. Forsamlingen leverer derefter Guds Budskab gennem Budbringeren.<br \/>\n<\/span><\/span><\/div>\n<div id=\"yui_3_16_0_ym19_1_1467955126517_3369\" dir=\"ltr\"><span id=\"yui_3_16_0_ym19_1_1467955126517_3177\"><span id=\"yui_3_16_0_ym19_1_1467955126517_3178\">\u00a0<\/span><\/span><\/div>\n<div id=\"yui_3_16_0_ym19_1_1467955126517_3370\" dir=\"ltr\"><span id=\"yui_3_16_0_ym19_1_1467955126517_3177\"><span id=\"yui_3_16_0_ym19_1_1467955126517_3178\">I dette bem\u00e6rkelsesv\u00e6rdige forl\u00f8b, taler \u00c5benbaringens Stemme p\u00e5 ny. Ordet og Lyden er i verden. For f\u00f8rste gang i historien, er den oprindelige talte \u00e5benbaring tilg\u00e6ngelig for dig og for verden at opleve.<br \/>\n<\/span><\/span><\/div>\n<div id=\"yui_3_16_0_ym19_1_1467955126517_3436\" dir=\"ltr\"><span id=\"yui_3_16_0_ym19_1_1467955126517_3177\"><span id=\"yui_3_16_0_ym19_1_1467955126517_3178\">\u00a0<\/span><\/span><\/div>\n<div id=\"yui_3_16_0_ym19_1_1467955126517_3435\" dir=\"ltr\"><span id=\"yui_3_16_0_ym19_1_1467955126517_3177\"><span id=\"yui_3_16_0_ym19_1_1467955126517_3178\">M\u00e5 du v\u00e6re modtageren af denne \u00c5benbaringens gave og m\u00e5 du v\u00e6re \u00e5ben for at tage imod dens unikke Budskab for dig og for dit liv.<\/span><\/span><\/div>\n<br \/>\n<\/div><\/div><br \/>\n<\/div>\n<div id=\"tabs-2\"><\/p>\n<div class=\"panel-10 text-align-center\"><a href=\"https:\/\/www.newmessage.org\/the-message\/volume-4\/greater-community-spirituality\"><img decoding=\"async\" class=\"aligncenter size-full \" src=\"\/\/www.newmessage.org\/wp-content\/uploads\/2014\/09\/GCS-english-250px.jpg\" alt=\"Greater Community Spirituality\"><\/a><\/div>\n<div class=\"text-align-center\"><a class='simple_button_link ' style='background-color: #4f8fd6' href='http:\/\/newknowledgelibrary.org\/books\/greater-community-spirituality\/'   ><span>Order the book<\/span><\/a><\/div>\n<div class=\"text-align-center text font-size-12 margin-top-10\">Volume 2 &gt; Greater Community Spirituality &gt; Chapter 1<\/div>\n<p><\/div>\n\t\t\t\t<div align=\"right\">\n\t\t\t<div class=\"fb-like\" data-href=\"\" data-layout=\"button_count\" data-action=\"like\" data-show-faces=\"false\" data-share=\"false\"><\/div>\n\t\t\t<div class=\"fb-share-button\" data-layout=\"button_count\"> <\/div>\n\t\t\t<div class=\"fb_iframe_widget\"><a href=\"https:\/\/twitter.com\/godsnewmessage?ref_src=twsrc%5Etfw\" class=\"twitter-follow-button\" data-show-count=\"false\">Follow @godsnewmessage<\/a><script async src=\"https:\/\/platform.twitter.com\/widgets.js\" charset=\"utf-8\"><\/script><\/div>\n\t\t\t<\/div> <\/div> \n\n<p>I Det St\u00f8rre F\u00e6llesskab er Gud Kundskab. I Det St\u00f8rre F\u00e6llesskab er Gud oplevelse. I Det St\u00f8rre F\u00e6llesskab er Gud kommunikationen af dyb indsigt og erkendelse fra et menneske til et andet, som gennemtr\u00e6nger alt manifest liv. Dette bliver til i din oplevelsessf\u00e6re.<\/p>\n<p>Gud forekommer at v\u00e6re forskellige ting for forskellige mennesker og for forskellige racer af v\u00e6sner i Det St\u00f8rre F\u00e6llesskab, men den essentielle oplevelse, der t\u00e6nder trangen til Gud, t\u00e6nder bevidstheden om Gud og forholdet til Gud, er den samme overalt. Denne religi\u00f8se impuls, impulsen til forening med Gud, er universel. Sk\u00f8nt den forekommer at v\u00e6re bem\u00e6rkelsesv\u00e6rdigt frav\u00e6rende i nogle kulturer og afvigende udtrykt i andre, er impulsen den samme. Hvad Gud er, m\u00e5 udtrykkes i forhold til ens oplevelsesspektrum og ens oplevelseskapacitet. I Det St\u00f8rre F\u00e6llesskab er Gud s\u00e5 fuldkommen og komplet, at enhver definition altid vil v\u00e6re kejtet og mislykkes.<\/p>\n<p>Lad os derfor sige, at Gud er oplevelsen af fuldkomment forhold. Man kan opleve dette et \u00f8jeblik her og der og i l\u00e6ngere perioder skulle man forberede sig p\u00e5 Kundskabens Vej. Dette er en oplevelse, der b\u00e5de kan overs\u00e6ttes fra en verden til en anden, og deles og demonstreres fra et v\u00e6sen til et andet, hvor den omg\u00e5r og transcenderer alle forskelle i race, kultur, temperament og milj\u00f8. Dette er Gud. Gud er for dig Gud i handling. For dig er Gud en oplevelse, der er anderledes, end nogen anden oplevelse i livet, og dog giver denne oplevelse mening til alle dine andre oplevelser.<\/p>\n<p>I Det St\u00f8rre F\u00e6llesskab er Gud fuldkommen. I jeres verden er Gud en Gud for jeres verden, en Gud for jeres race, en Gud for jeres historie, en Gud for jeres temperament, en Gud for jeres frygt og forh\u00e5bninger, en Gud for jeres store helte, en Gud for jeres store tragedier, en Gud, der er relateret til jeres stamme og til jeres tid. Men i Det St\u00f8rre F\u00e6llesskab er Gud s\u00e5 meget st\u00f8rre, s\u00e5 fuldkommen \u2013 hinsides nogen races definitioner, hinsides nogen races historie, hinsides nogen races temperament, frygt og forh\u00e5bninger, hinsides enhver individuel eller kollektiv filosofis r\u00e6kkevidde. Og dog finder man Gud i en ren impuls, i et tidl\u00f8st \u00f8jeblik af erkendelse, i trangen til at handle hinsides sine personlige interessers og motivers sf\u00e6re, i genkendelsen af en anden, i motivet til at give, i den uforklarlige oplevelse af lighed. Disse ting er overs\u00e6ttelige. Dette er Gud i aktion. For dig er dette Gud.<\/p>\n<p>Du m\u00e5 nu t\u00e6nke p\u00e5 Gud i Det St\u00f8rre F\u00e6llesskab \u2013 ikke en menneskelig Gud, ikke en Gud for jeres nedskrevne historie, ikke en Gud for jeres pr\u00f8velser og tr\u00e6ngsler, men en Gud for alle tider, for alle racer, for alle dimensioner, for dem, der er primitive og dem, der er fremskredne, for dem, der t\u00e6nker som jer og for dem, der t\u00e6nker s\u00e5 v\u00e6ldigt anderledes, for dem, der tror og for dem, for hvem tro er uforklarlig. Dette er Gud i Det St\u00f8rre F\u00e6llesskab. Og det er her du m\u00e5 begynde.<\/p>\n<p>At tro p\u00e5 Det St\u00f8rre F\u00e6llesskabs Gud er for stort et fors\u00f8g, for du vil erkende, at din race er lille og universet er m\u00e6gtigt. Her vil du fokusere p\u00e5 en Gud, der ikke er af din verden eller af din tid, men en Gud for alle verdener og for alle tider. Hvilken slags teologi eller filosofi kan omfatte en Gud af denne st\u00f8rrelsesorden? Hvilken form for menneskelig spekulation og menneskelig etik kan favne en Gud s\u00e5 fuldkommen som dette?<\/p>\n<p>Dog m\u00e5 jeres teologi om Gud v\u00e6re en teologi om Guds arbejde i verden. Og hvis den er \u00e6gte, n\u00f8jagtig og gavnlig, m\u00e5 den fokusere p\u00e5 oplevelsen af Kundskab. Kundskab er religionens begyndelse. Kundskab er religionens fuldkommeng\u00f8relse. Kundskab er beviset p\u00e5 Gud og beviset p\u00e5, at du er en del af et st\u00f8rre liv, ud over din tids gr\u00e6nser, ud over din races gr\u00e6nser og ud over gr\u00e6nserne for din nuv\u00e6rende intellektuelle form\u00e5en. Her er der ingen skabelsesberetning. Der er ingen helte. Der er ingen tidens ende. Der er kun den fuldkomne oplevelse af forhold, hvilket er oplevelsen af Kundskab og oplevelsen af Gud.<\/p>\n<p>Hvad er menneskelig religion, uden en skabelsesberetning, uden en helt at tilbede og uden kulminationen p\u00e5 den menneskelige oplevelse? Hvilken menneskelig religion kan fokusere p\u00e5 en Gud af denne st\u00f8rrelsesorden, hvis eneste interesse ikke er din verden alene, hvis eneste bekymring ikke er din daglige oplevelse, hvis opm\u00e6rksomhed er s\u00e5 fuldst\u00e6ndig, og hvis godg\u00f8renhed velsigner dem, der er s\u00e5 forskellige fra dig? Hvilken model vil der s\u00e5 v\u00e6re for menneskelig opf\u00f8rsel? Hvad er grundlaget for etik eller moral i en St\u00f8rre F\u00e6llesskabs Gud? Her m\u00e5 du vove dig udover en barndomsreligion eller et barns behov. Du m\u00e5 vove dig udover kun at have behov for regler og forskrifter og fantastiske historier, der n\u00e6ppe er til at tro p\u00e5. Du m\u00e5 tr\u00e6de ind i oplevelsen og ind i livets Mysterium, som er d\u00f8ren til Gud, som er i selve dit livs hjerte og indeholder selve form\u00e5let med, at du er kommet hertil, som er enest\u00e5ende for dig, men som du deler med alt liv.<\/p>\n<p>I St\u00f8rre F\u00e6llesskabs Spiritualitet er der ingen helte. Der er ingen skabelsesberetning. Og der er ingen kulminerende oplevelse, der vil bringe en ende p\u00e5 det kropslige livs vanskeligheder. S\u00e5, hvad er religion uden disse ting? Disse ting er af natur stammerelaterede. Og i Det St\u00f8rre F\u00e6llesskab er I ikke alene om at \u00f8nske dem, om at etablere dem og holde fast i dem. Overalt hvor religion har sl\u00e5et rod og har fundet udtryk, har racer baseret deres praksis og deres forst\u00e5else p\u00e5 deres egen tid, deres egen historie og deres eget temperament. Men udover disse er der oplevelsen af Gud. Uover disse er der den rene spiritualitet. Det er denne du nu m\u00e5 s\u00f8ge, for menneskelig religion vil aldrig kunne omfatte en St\u00f8rre F\u00e6llesskabs Gud. S\u00e5 uforklarligt dette er, fordi det transcenderer dine krav om Det Guddommelige. Derfor m\u00e5 I finde en anden vej, en mere moden vej, en mere fuldkommen tilgang, en \u00e6gte forberedelse.<\/p>\n<p>I Det St\u00f8rre F\u00e6llesskab har de v\u00e6sner, der har avanceret, erkendt Guds natur og form\u00e5l i deres respektive verdener, men deres forst\u00e5else er kommet udover at begribe Guds Vilje i specifikke sager, endda udover bekymringer om deres races velbefindende og overlevelse. De er kommet udover disse bekymringer til en h\u00f8jere spiritualitet, en St\u00f8rre F\u00e6llesskabs Spiritualitet \u2013 en spiritualitet for alle tider og alle verdener, en spiritualitet, der er mystisk, der ikke er defineret og legemliggjort i ritualer, idealer, overbevisninger, historiske redeg\u00f8relser eller fantastiske billeder, en spiritualitet, der fuldst\u00e6ndigt kan overs\u00e6ttes fra et v\u00e6sen til et andet, med ord og gestikuleren, eller uden ord og gestikuleren.<\/p>\n<p>St\u00f8rre F\u00e6llesskabs Spiritualitet er en spiritualitet af st\u00f8rre oplevelse, st\u00f8rre opfattelse og st\u00f8rre form\u00e5en. I Det St\u00f8rre F\u00e6llesskab frelses du ikke. Du udvikler dig kun. I Det St\u00f8rre F\u00e6llesskab ford\u00f8mmes du ikke. Du udvikler dig kun. I Det St\u00f8rre F\u00e6llesskab er der ingen himmel. Der er kun yderligere involvering og en st\u00f8rre kapacitet for forhold. I Det St\u00f8rre F\u00e6llesskab er der ingen lokale guder eller d\u00e6moner, der f\u00f8rer spirituel krigsf\u00f8relse. I Det St\u00f8rre F\u00e6llesskab er der dem, der ved, og dem, der ikke ved. Fra disses oplevelse kommer de store vanskeligheder, livet udg\u00f8r overalt.<\/p>\n<p>Du, der lever i en menneskelig verden med menneskelige id\u00e9er, menneskelige overbevisninger og menneskeligt perspektiv, har nu en stor mulighed for at opleve Det Guddommelige og Det Guddommelige form\u00e5l og vilje med dit liv og din tid, gennem en St\u00f8rre F\u00e6llesskabsbevidsthed og via en anden vej og retning. Du har nu brug for dette, for din verden dukker op i Det St\u00f8rre F\u00e6llesskab af Verdener. Og du har nu brug for dette, for det er religionen for alle tider, ikke blot for din tid. Tr\u00e6ng over denne m\u00e6gtige t\u00e6rskel, og du vil forst\u00e5 fortiden, nutiden og fremtiden p\u00e5 en m\u00e5de, som vil forene dem.<\/p>\n<p>Dette vil give dig styrke og evne til at skelne og begribe de v\u00e6sener fra Det St\u00f8rre F\u00e6llesskab, der bes\u00f8ger din verden. Sk\u00f8nt de har st\u00f8rre teknologiske evner og har st\u00f8rre socialt sammenhold, end I har, er de ligeledes kaldt til at l\u00e6re St\u00f8rre F\u00e6llesskabs Spiritualitet. Jeres gave til dem er meget sj\u00e6lden og dyrebar. I har noget, de har brug for. I har noget, alt liv har brug for. Derfor introduceres St\u00f8rre F\u00e6llesskabs Spiritualitet til denne verden, inden den dukker op i Det St\u00f8rre F\u00e6llesskab. Den gives ikke kun for jeres egen tilpasning til Det St\u00f8rre F\u00e6llesskab, til at skabe et grundlag for kommunikation, anerkendelse og forst\u00e5else. Den gives ogs\u00e5 for at etablere, at I som mennesker, liges\u00e5 begr\u00e6nsede I er med hensyn til jeres fysiske evner, ikke desto mindre har en \u00e5ndelig gave at give \u2013 en gave for alle tider, en \u00e6gte gavnlig gave. Men for at finde denne gave og give denne gave, m\u00e5 I have en st\u00f8rre forst\u00e5else, en h\u00f8jere bevidsthed, en h\u00f8jere teologi og et nyt livsgrundlag. Dette er et grundlag, der vil frig\u00f8re dig i dit daglige liv, og g\u00f8re dine menneskelige bekymringer, der synes s\u00e5 komplekse og vanskelige, langt enklere end de i dag synes at v\u00e6re.<\/p>\n<p>Hvad Gud g\u00f8r i din verden er relateret til, hvad Gud g\u00f8r i Det St\u00f8rre F\u00e6llesskab. Hvis du ikke ved, hvad Gud g\u00f8r i Det St\u00f8rre F\u00e6llesskab, hvordan vil du vide, hvad Gud g\u00f8r i din verden? Og hvordan vil du forst\u00e5 Den Guddommelige tilstedev\u00e6relse og oplevelse her? Du m\u00e5 se dig selv udefra og se indad, for at se, hvordan du er, hvor du er og hvem du er p\u00e5 dette tidspunkt. Du vil have brug for dette perspektiv for at se, hvad der omgiver dig, hvad der opmuntrer dig og hvad der holder dig tilbage.<\/p>\n<p>At vide, hvad Gud g\u00f8r i universet, kan kun overs\u00e6ttes gennem ren oplevelse, for universet overstiger s\u00e5 langt din intellektuelle eller begrebsm\u00e6ssige kapacitet, at intet sprog eller teknologi overhovedet kunne beskrive det. Og selv hvis det kunne beskrives, ville du have nogen m\u00e5de at forst\u00e5 det.<\/p>\n<p>Men s\u00e5dan transmitteres og erkendes h\u00f8jere bevidsthed ikke. Hvis du er villig til at g\u00e5 udover dine egne gr\u00e6nser, hvis du er villig til at g\u00e5 udover dine egne begreber, dine id\u00e9er og dine overbevisninger, vil du \u00e5bne en d\u00f8r for St\u00f8rre F\u00e6llesskabs Spiritualitet og for en st\u00f8rre Kundskab og Visdom, der er s\u00e5 n\u00f8dvendige i jeres verden p\u00e5 dette tidspunkt. Dette vil byde dig alle fortrin og et grundlag, hvorp\u00e5 du kan give til andre i fremtiden, men for at g\u00f8re dette, m\u00e5 du v\u00e6re meget modig. Du m\u00e5 vove dig ind p\u00e5 territorier, hvor folk ikke f\u00f8r er g\u00e5et, ind til en anden form for hellig oplevelse og ind til et univers, der er langt st\u00f8rre og mere komplekst, end noget I har m\u00e5ttet kappes med i fortiden. Du bliver n\u00f8dt til at l\u00e6re at v\u00e6re komfortabel uden definitioner. Du bliver n\u00f8dt til at v\u00e6re sikker p\u00e5 et st\u00f8rre fundament i dig selv. Og du vil v\u00e6re n\u00f8dt til at have fremragende kammerater.<\/p>\n<p>Dette er ikke et eventyr. Dette er en rejse \u2013 en rejse af den st\u00f8rste st\u00f8rrelsesorden, en rejse, der ikke kan p\u00e5tages alene, en rejse med vanskeligheder og farer, men en rejse, der er n\u00f8dvendig og som kalder p\u00e5 dig. Den kalder p\u00e5 dig hinsides dine id\u00e9er, dine m\u00e5l og dine bekymringer. Den kalder p\u00e5 dig nu.<\/p>\n<p>Dette kald er en oplevelse, som virker s\u00e5 uforklarlig, og alligevel er den s\u00e5 virkelig, s\u00e5 gennemtr\u00e6ngende og s\u00e5 fuldkommen, selv for dig her nu. Den er et vindue, gennem hvilket at se et st\u00f8rre univers og en st\u00f8rre Gud p\u00e5 arbejde.<\/p>\n<p>Dette er en teologi af ren oplevelse \u2013 en teologi af ren Visdom og ren Kundskab, en teologi, som du kun kan demonstrere og en teologi, som du kun kan opleve. Det er en teologi, der er st\u00f8rre end noget, der kan l\u00e6res p\u00e5 jeres seminarer og religionsskoler. Hvem kan reagere p\u00e5 en s\u00e5 stor gave og stort Mysterium som dette? Hvem kan tr\u00e6de ind i den rene oplevelsessf\u00e6re, en st\u00f8rre forening med Gud?<\/p>\n<p>Lad dette v\u00e6re et kald for dig, der l\u00e6ser disse ord. Lad dette kalde p\u00e5 dig hinsides din forst\u00e5else og din evne til at forst\u00e5, for du vil ikke forst\u00e5 disse ord, f\u00f8r du har denne store oplevelse, og du vil ikke vide, om disse ord er sande, f\u00f8r du oplever deres sandhed. Du vil ikke kende deres fuldkomne relevans, f\u00f8r du selv kan favne dem.<\/p>\n<p>I Det St\u00f8rre F\u00e6llesskab er Gud for stor og for m\u00e6gtig til kun at anspore til tro. Tro kan kun f\u00f8re dig til t\u00e6rsklen for oplevelse. Herudover er tro for svag og for fejlbarlig til at f\u00f8re dig videre. Her tjener tro sit eneste og vigtigste form\u00e5l \u2013 at f\u00f8re dig til porten for oplevelse. Dette er form\u00e5let med tro og form\u00e5let med forberedelse. Dette er form\u00e5let med religi\u00f8s tr\u00e6ning i din verden og i alle verdener. Hinsides denne port er Det St\u00f8rre F\u00e6llesskabs Gud. Det, der f\u00f8rer til denne port, er St\u00f8rre F\u00e6llesskabs Spiritualitet, og hinsides denne port er St\u00f8rre F\u00e6llesskabs Spiritualitet.<\/p>\n<p>For at erkende teologien om Gud i Det St\u00f8rre F\u00e6llesskab, m\u00e5 du have en st\u00f8rre forstand, et st\u00f8rre ordforr\u00e5d og et st\u00f8rre oplevelsesspektrum. Denne teologi kan overs\u00e6ttes til dig, og du kan overs\u00e6tte den til andre, men dine ord kan ikke fange den. Den kan kun transmitteres fra en person til en anden, gennem en mystisk Guddommelig transmissionsproces. Ingen kan forst\u00e5 den intellektuelt, fordi dens milj\u00f8 er for m\u00e6gtig og for altfavnende.<\/p>\n<p>Dem, der alene vil have id\u00e9er, vil v\u00e6re n\u00f8dt til at blive ved deres lokale religioner, for denne er for stor. Dem, der udelukkende vil have retningslinjer til at leve konstruktivt, vil finde, at dette er for stort og forvirrende, for uforklarligt og for mystisk. De mennesker, der oplever Gud i Det St\u00f8rre F\u00e6llesskab, repr\u00e6senterer enkeltpersoner, der har transcenderet gr\u00e6nserne for deres egen raciale arv og intellektuelle kapacitet. De er blevet universelle i deres tankegang. De ser det, som andre ikke kan se, og de ved det, andre ikke kan vide. Dette er deres byrde og deres gave. For dem er tro ikke et problem, for de er kommet udover behovet for tro og udover troens begr\u00e6nsninger. Deres oplevelse er for bem\u00e6rkelsesv\u00e6rdig til at blive oversat til et bredt spektrum eller til et stort publikum. Den m\u00e5 gives fra en til en anden. Deres kirke og deres tempel er det milj\u00f8, hvori de modtager Guddommelig transmission og kommunikerer den til andre. Deres elever er f\u00e5. Deres rejse er lang. Deres krav er store. Deres anvendelse er total og fuldkommen.<\/p>\n<p>Er s\u00e5dan en gave mulig for menneskeheden? Den er ikke kun mulig men n\u00f8dvendig. Uden denne gave vil oplevelsen af Det St\u00f8rre F\u00e6llesskab have en knusende virkning p\u00e5 menneskeheden. Uden denne gave vil menneskehedens trang til magt og dominans f\u00f8re til katastrofe. Uden denne gave vil du ikke kunne forst\u00e5 de v\u00e6sener, I vil m\u00f8de fra Det St\u00f8rre F\u00e6llesskab, og du vil ikke kunne forst\u00e5 den store forandring og de store begivenheder, der foreg\u00e5r i din verden.<\/p>\n<p>St\u00f8rre F\u00e6llesskabs Kundskabs Vej pr\u00e6senteres for verden, som en m\u00e5de at forberede jer p\u00e5 Det St\u00f8rre F\u00e6llesskab og som en m\u00e5de at forberede jer p\u00e5 Det St\u00f8rre F\u00e6llesskabs Gud. Det er en m\u00e5de at forberede dig p\u00e5 et st\u00f8rre form\u00e5l i livet, der relaterer til livet overalt. Det St\u00f8rre F\u00e6llesskab er det st\u00f8rre milj\u00f8, hvori du lever, og overfor hvilket du nu m\u00e5 blive ansvarlig. St\u00f8rre F\u00e6llesskabs Kundskabs Vej er en anden slags spiritualitet, men du vil finde, at den oplevelse, der er i selve hjertet af den, er mere bekendt og bekr\u00e6ftende, end noget du nogensinde har oplevet f\u00f8r. Denne oplevelse vil minde dig om dit \u00c6ldgamle Hjem og om dem, der sendte dig til verden. Den vil minde dig om det st\u00f8rre b\u00e5nd af forhold, der eksisterer selv i dette \u00f8jeblik, der g\u00e5r udover gr\u00e6nserne for din tid og dit sted i livet. Den er d\u00f8ren ind til et st\u00f8rre univers. Den er en m\u00e5de til en st\u00f8rre evne og Visdom i livet. Den er svaret p\u00e5 et stort behov for menneskeheden og for livet overalt.<\/p>\n","protected":false},"excerpt":{"rendered":"<p>I Det St\u00f8rre F\u00e6llesskab er Gud Kundskab. I Det St\u00f8rre F\u00e6llesskab er Gud oplevelse. I Det St\u00f8rre F\u00e6llesskab er Gud kommunikationen af dyb indsigt og erkendelse fra et menneske til et andet, som gennemtr\u00e6nger alt manifest liv. Dette bliver til i din oplevelsessf\u00e6re. Gud forekommer at v\u00e6re forskellige ting for forskellige mennesker og for forskellige\u2026 <a class=\"read-more\" href=\"https:\/\/www.v6.newmessage.org\/da\/about-recording-shortcode\/\"><span>Read More<\/span><\/a><\/p>\n","protected":false},"author":77,"featured_media":0,"parent":13081,"menu_order":0,"comment_status":"closed","ping_status":"closed","template":"template-leftsidebar.php","meta":{"_monsterinsights_skip_tracking":false,"_monsterinsights_sitenote_active":false,"_monsterinsights_sitenote_note":"","_monsterinsights_sitenote_category":0,"footnotes":""},"categories":[76,468,471],"tags":[176],"_links":{"self":[{"href":"https:\/\/www.v6.newmessage.org\/da\/wp-json\/wp\/v2\/pages\/27571"}],"collection":[{"href":"https:\/\/www.v6.newmessage.org\/da\/wp-json\/wp\/v2\/pages"}],"about":[{"href":"https:\/\/www.v6.newmessage.org\/da\/wp-json\/wp\/v2\/types\/page"}],"author":[{"embeddable":true,"href":"https:\/\/www.v6.newmessage.org\/da\/wp-json\/wp\/v2\/users\/77"}],"replies":[{"embeddable":true,"href":"https:\/\/www.v6.newmessage.org\/da\/wp-json\/wp\/v2\/comments?post=27571"}],"version-history":[{"count":2,"href":"https:\/\/www.v6.newmessage.org\/da\/wp-json\/wp\/v2\/pages\/27571\/revisions"}],"predecessor-version":[{"id":27573,"href":"https:\/\/www.v6.newmessage.org\/da\/wp-json\/wp\/v2\/pages\/27571\/revisions\/27573"}],"up":[{"embeddable":true,"href":"https:\/\/www.v6.newmessage.org\/da\/wp-json\/wp\/v2\/pages\/13081"}],"wp:attachment":[{"href":"https:\/\/www.v6.newmessage.org\/da\/wp-json\/wp\/v2\/media?parent=27571"}],"wp:term":[{"taxonomy":"category","embeddable":true,"href":"https:\/\/www.v6.newmessage.org\/da\/wp-json\/wp\/v2\/categories?post=27571"},{"taxonomy":"post_tag","embeddable":true,"href":"https:\/\/www.v6.newmessage.org\/da\/wp-json\/wp\/v2\/tags?post=27571"}],"curies":[{"name":"wp","href":"https:\/\/api.w.org\/{rel}","templated":true}]}}