{"id":27539,"date":"2021-12-05T03:01:40","date_gmt":"2021-12-05T03:01:40","guid":{"rendered":"https:\/\/www.newmessage.org\/da\/?page_id=27539"},"modified":"2023-09-07T01:54:59","modified_gmt":"2023-09-07T01:54:59","slug":"budbringerens-historie","status":"publish","type":"page","link":"https:\/\/www.v6.newmessage.org\/da\/budskabet\/bind-1\/den-nye-budbringer\/budbringerens-historie\/","title":{"rendered":"Budbringerens Historie"},"content":{"rendered":"<div><!-- Version 3.2 Verse --><\/div>\n\n<div class=\"tabgroup \"><ul class=\"tabs\"><li><a href=\"#tabs-1\">\u00c5benbaring<\/a><\/li>\n<li><a href=\"#tabs-2\">Bog<\/a><\/li><\/ul>\n <div id=\"tabs-1\"><br \/>\nH\u00f8r den oprindelige version af \u00c5benbaringen p\u00e5 engelsk:<\/p>\n<div id=\"jquery_jplayer_1\" class=\"jp-jplayer\"><\/div>\n\t\t\t\t<div id=\"jp_container_1\" class=\"jp-audio\">\n\t\t\t\t<div class=\"jp-type-single\"><div class=\"jp-control\"><a href=\"javascript:;\" class=\"jp-play\" tabindex=\"1\">play<\/a><a href=\"javascript:;\" class=\"jp-pause\" tabindex=\"1\">pause<\/a><\/div> <div class=\"jp-gui jp-interface\"><div class=\"jp-volume\"><div class=\"jp-volume-bar\"><div class=\"jp-volume-bar-value\"><\/div><\/div><\/div><div class=\"jp-progress\"><div class=\"jp-seek-bar\"><div class=\"jp-play-bar\"><\/div><\/div><\/div><\/div>\t\t\t\t\t<div class=\"jp-no-solution\"><span>Update Required<\/span>To play the media you will need to either update your browser to a recent version or update your <a href=\"http:\/\/get.adobe.com\/flashplayer\/\" target=\"_blank\">Flash plugin<\/a>.<\/div><\/div><\/div>\n\t\t\t<script type='text\/javascript'>\n\t\t\t\tjQuery(document).ready(function() {\n\t\t\t\t\tif (typeof (sermonMedia) == 'function') {\n\t\t\t\t\t\tsermonMedia.addAudio('', \"jquery_jplayer_1\");\n\t\t\t\t\t}\n\t\t\t\t\tjQuery.jPlayer.timeFormat.showHour = true;\n\t\t\t\t\tjQuery(\"#jquery_jplayer_1\").jPlayer({\n\t\t\t\t\t\tready: function(event) {\n\t\t\t\t\t\t\tjQuery(this).jPlayer(\"setMedia\", {mp3: 'https:\/\/newmessage.org\/av\/the-story-of-the-messenger.mp3'});\n\t\t\t\t\t\t},\n\t\t\t\t\t\tplay: function() {\n\t\t\t\t\t\t\tjQuery(this).jPlayer(\"pauseOthers\");\n\t\t\t\t\t\t},\n\t\t\t\t\t\tswfPath: ThemeData.directory_uri+\"\/swf\",\n\t\t\t\t\t\tsolution: \"html, flash\",\n\t\t\t\t\t\tpreload: \"metadata\",\n\t\t\t\t\t\twmode: \"window\",\n\t\t\t\t\t\tsupplied: \"mp3\",\n\t\t\t\t\t\tcssSelectorAncestor: '#jp_container_1'\n\t\t\t\t\t});\n\t\t\t\t});\n\t\t\t<\/script><\/p>\n<p><a title=\"Historien om Budbringeren\" href=\"https:\/\/newmessage.org\/av\/the-story-of-the-messenger.mp3\">Download<\/a> (h\u00f8jre-klik for at downloade)<\/p>\n<p><em>Som \u00e5benbaret for Guds Budbringer<br \/>\nMarshall Vian Summers<br \/>\nden 23. maj 2011<br \/>\ni Boulder, Colorado <\/em><\/p>\n<div class=\"toggle toggle-white\"><h4 class=\"trigger \"><span class=\"t_ico\"><\/span><a href=\"#\">Om denne optagelse<\/a><\/h4><div class=\"toggle_container \"><br \/>\n<div id=\"yui_3_16_0_ym19_1_1467955126517_3327\" dir=\"ltr\"><span id=\"yui_3_16_0_ym19_1_1467955126517_3177\"><span id=\"yui_3_16_0_ym19_1_1467955126517_3178\">D\u00e9t, du h\u00f8rer i denne lydoptagelse er Den Englelige Forsamlings stemme, der taler gennem Budbringeren, Marshall Vian Summers<br \/>\n<\/span><\/span><\/div>\n<div dir=\"ltr\"><span id=\"yui_3_16_0_ym19_1_1467955126517_3177\"><span id=\"yui_3_16_0_ym19_1_1467955126517_3178\">\u00a0<\/span><\/span><\/div>\n<div id=\"yui_3_16_0_ym19_1_1467955126517_3359\" dir=\"ltr\"><span id=\"yui_3_16_0_ym19_1_1467955126517_3177\"><span id=\"yui_3_16_0_ym19_1_1467955126517_3178\"> Her er den oprindelige kommunikation fra Gud, der eksisterer hinsides ord, oversat til menneskeligt sprog og forst\u00e5else af Den Englelige Forsamling, der f\u00f8rer tilsyn med verden. Forsamlingen leverer derefter Guds Budskab gennem Budbringeren.<br \/>\n<\/span><\/span><\/div>\n<div id=\"yui_3_16_0_ym19_1_1467955126517_3369\" dir=\"ltr\"><span id=\"yui_3_16_0_ym19_1_1467955126517_3177\"><span id=\"yui_3_16_0_ym19_1_1467955126517_3178\">\u00a0<\/span><\/span><\/div>\n<div id=\"yui_3_16_0_ym19_1_1467955126517_3370\" dir=\"ltr\"><span id=\"yui_3_16_0_ym19_1_1467955126517_3177\"><span id=\"yui_3_16_0_ym19_1_1467955126517_3178\">I dette bem\u00e6rkelsesv\u00e6rdige forl\u00f8b, taler \u00c5benbaringens Stemme p\u00e5 ny. Ordet og Lyden er i verden. For f\u00f8rste gang i historien, er den oprindelige talte \u00e5benbaring tilg\u00e6ngelig for dig og for verden at opleve.<br \/>\n<\/span><\/span><\/div>\n<div id=\"yui_3_16_0_ym19_1_1467955126517_3436\" dir=\"ltr\"><span id=\"yui_3_16_0_ym19_1_1467955126517_3177\"><span id=\"yui_3_16_0_ym19_1_1467955126517_3178\">\u00a0<\/span><\/span><\/div>\n<div id=\"yui_3_16_0_ym19_1_1467955126517_3435\" dir=\"ltr\"><span id=\"yui_3_16_0_ym19_1_1467955126517_3177\"><span id=\"yui_3_16_0_ym19_1_1467955126517_3178\">M\u00e5 du v\u00e6re modtageren af denne \u00c5benbaringens gave og m\u00e5 du v\u00e6re \u00e5ben for at tage imod dens unikke Budskab for dig og for dit liv.<\/span><\/span><\/div>\n<br \/>\n<\/div><\/div>\n<p><\/div>\n<div id=\"tabs-2\"><\/p>\n<div class=\"text-align-center text font-size-12 margin-top-10\">Bind 1 &gt; Den Nye Budbringer &gt; Kapitel\u00a04<\/div>\n<p><\/div>\n\t\t\t\t<div align=\"right\">\n\t\t\t<div class=\"fb-like\" data-href=\"\" data-layout=\"button_count\" data-action=\"like\" data-show-faces=\"false\" data-share=\"false\"><\/div>\n\t\t\t<div class=\"fb-share-button\" data-layout=\"button_count\"> <\/div>\n\t\t\t<div class=\"fb_iframe_widget\"><a href=\"https:\/\/twitter.com\/godsnewmessage?ref_src=twsrc%5Etfw\" class=\"twitter-follow-button\" data-show-count=\"false\">Follow @godsnewmessage<\/a><script async src=\"https:\/\/platform.twitter.com\/widgets.js\" charset=\"utf-8\"><\/script><\/div>\n\t\t\t<\/div> <\/div> \n\n<p>I dag skal Vi fort\u00e6lle Budbringerens Historie. Det er en historie, der rummer stor magt og mening, hvis den kan begribes.<\/p>\n<p>For Budbringeren er ikke nogen almindelig person, selvom han udadtil ser almindelig ud. Og fordi han er en ydmyg mand, oph\u00f8jer han ikke sig selv p\u00e5 nogen m\u00e5de. Han s\u00f8ger ikke anerkendelse, men en dybere forbindelse med dem, der er bestemt til at m\u00f8de ham og tage imod Guds Nye \u00c5benbaring.<\/p>\n<p>Han er i denne forstand nedtonet og vil forblive tavs overfor andre. Hans proklamation er ikke hans egen, men \u00c5benbaringens, for den er grunden til, at han er kommet. Den er hans grund til at v\u00e6re i verden.<\/p>\n<p>Men i det meste af sit liv hidtil, har han ikke v\u00e6ret klar over dette. For hans kald kom senere i livet, p\u00e5 et tidspunkt, hvor han var klar til at tage imod det og til at begynde den lange forberedelse, der ville v\u00e6re p\u00e5kr\u00e6vet, for at g\u00f8re sig klar til at tage modtage \u00c5benbaringen og derefter til selv at tage imod \u00c5benbaringen.<\/p>\n<p>Det skulle tage fyrre \u00e5r at g\u00f8re alt dette. Fyrre \u00e5r med at v\u00e6re tilg\u00e6ngelig, med at betr\u00e6de vildnisset, uden et givet resultat, uden at kende meningen med sine bestr\u00e6belser. Fyrre \u00e5r uden andre alvorlige forpligtelser, udover sin familie. Fyrre \u00e5r med at udvikle den tillid og den tiltro og den troskab og den integritet, der ville v\u00e6re n\u00f8dvendig, for at v\u00e6re Budbringeren.<\/p>\n<p>Inden han blev sendt til verden, klargorde den Englelige V\u00e6rt ham og lagde bevidstheden og forst\u00e5elsen, som han senere skulle bringe til verden, dybt i hans sind \u2013 Kundskab og Visdom fra universet, fra de mest fremskredne racer i universet; en forst\u00e5else for verdens fremtid, og hvor menneskeheden er p\u00e5 vej hen i sin evolution, og alle de store farer og risici, der er forbundet med dette; en st\u00f8rre forst\u00e5else af menneskelige relationer, der ville give ham en st\u00f8rre modenhed, idet han voksede op i verden.<\/p>\n<p>Alt dette er lagt dybt i ham, under sindets overflade \u2013 for senere at blive opdaget, for senere at dukke op og for senere at genlyde med selve \u00c5benbaringen. For \u00c5benbaringen ville ikke v\u00e6re fremmed for ham, p\u00e5 grund af det, der er givet ham, f\u00f8r han kom til verden.<\/p>\n<p>Han blev sendt til en familie, en konservativ familie, der boede i Amerika, en familie, der ikke ville have nogen id\u00e9 om hans st\u00f8rre sk\u00e6bne og st\u00f8rre forst\u00e5else. Der skulle han vokse op, med et minimum af p\u00e5virkninger fra verden, isoleret og beskyttet mod tragedierne og korruptionen i verden omkring ham. Han skulle vokse op i en familie med to \u00e6ldre br\u00f8dre og med en syg far, en far som ellers ville have haft un\u00f8dig indflydelse p\u00e5 ham. Det satte scenen for, at noget i en fjern fremtid skulle kunne komme frem.<\/p>\n<p>Han skulle g\u00e5 i skole, dimittere fra universitetet, og den eneste bevidsthed, han ville have, var, at han havde en st\u00f8rre og meget us\u00e6dvanlig sk\u00e6bne og form\u00e5l i verden. Han blev afholdt fra at give sig selv til nogen karriere eller til nogen relation, afholdt fra at forpligte sit liv, f\u00f8r \u00c5benbaringen kunne finde sted.<\/p>\n<p>I denne periode skulle han l\u00e6re en hel del om verdens tilstand og om menneskelige relationer. Han skulle m\u00f8de mange mennesker og til en vis grad smage p\u00e5 denne verdens sorger og gl\u00e6der, men altid blive holdt tilbage for noget st\u00f8rre.<\/p>\n<p>Med dette for \u00f8je, m\u00e5tte han v\u00e6re n\u00f8dt til at udvikle tillid til, at hans liv ikke gik tabt eller blev spildt. Og N\u00e6rv\u00e6ret var kun med ham i det omfang, det kunne fastholde hans sande retning og sigte hans liv mod det hellige m\u00f8de, der skulle finde sted meget senere.<\/p>\n<p>Da han var [32] \u00e5r, pr\u00e6senterede Vi Os selv for ham, og initieringen begyndte \u2013 en initiering, der skulle \u00e6ndre alt i hans liv. Og dog, p\u00e5 grund af hvem han var, og hvad der var ham givet, ville resonansen v\u00e6re der. Vores n\u00e6rv\u00e6r og Vores form\u00e5l ville ikke v\u00e6re fremmed for ham \u2013 kun chokerende og nyt og uvist.<\/p>\n<p>Han ville senere m\u00f8de sin fremragende partner, sin kone, som skulle rejse med ham gennem alle de sv\u00e6re og formative \u00e5r, der ville v\u00e6re p\u00e5kr\u00e6vet, s\u00e5 han kunne forberede sig p\u00e5 sin st\u00f8rre rolle i livet. Hans s\u00f8n skulle dukke op hurtigt derefter, og ogs\u00e5 han ville f\u00e5 en st\u00f8rre sk\u00e6bne med sin far.<\/p>\n<p>Andre ville komme for at slutte sig til ham, idet han begyndte sin lange forberedelse. Imidlertid ville ikke hver eneste af dem kunne blive hos ham. Nogle ville vakle og fejle ved vejkanten eller kunne kun yde st\u00f8tte i meget kort tid. Dog ville hans sande ledsagere begynde at ankomme, efterh\u00e5nden som han gjorde fremskridt i sin forberedelse.<\/p>\n<p>Som 40-\u00e5rig blev han givet Trin til Kundskab, \u00c5benbaringens store L\u00e6re, Praksisbogen. Og han ville v\u00e6re parat til at tage imod den i l\u00f8bet af meget kort tid, under ekstraordin\u00e6re omst\u00e6ndigheder. Dette skulle indlede endnu et stadie i hans forberedelse p\u00e5 at v\u00e6re Budbringeren.<\/p>\n<p>Men selv i denne alder ville han endnu ikke kende til sin sk\u00e6bne og sin fremtidige rolle. For disse ting m\u00e5 ikke afsl\u00f8res for tidligt, ellers kan p\u00e5g\u00e6ldende blive r\u00e6dselsslagen eller overv\u00e6ldet og tr\u00e6kke sig tilbage eller s\u00f8ge flugt. S\u00e5 erkendelsen af hans sk\u00e6bne og hans betydningsfulde rolle i verden ville kun blive givet gradvist, efterh\u00e5nden som han gjorde fremskridt.<\/p>\n<p>I l\u00f8bet af denne tid fors\u00f8gte han at f\u00e5 andre til at v\u00e6re med sig p\u00e5 sin uforklarlige rejse, men kun f\u00e5 kunne slutte sig til ham, udover hans kone og s\u00f8n og nogle f\u00e5 andre enkeltpersoner. For, hvem kan rejse Mysteriets vej og bevare sin sundhed og sit velv\u00e6re og sin stabilitet i verden, under den proces?<\/p>\n<p>For at Marshall kunne blive Budbringeren, m\u00e5tte han have en fod i begge verdener \u2013 en fod i den virkelige verden af menneskelige interaktioner, menneskelige relationer og vanskelighederne og kompleksiteten af relationer mellem nationer. Han m\u00e5tte se ting, der var meget bekymrende. Han kunne ikke gemme sig i en foretrukket verden, hvor han kun troede p\u00e5 glade ting eller smukke ting eller \u00e5ndelige ting.<\/p>\n<p>Han m\u00e5tte have en fod i Mysteriet, dybt forankret d\u00e9r, s\u00e5 fremtidens udfordringer og fristelser ikke ville tage ham ud af hans rolle og form\u00e5l.<\/p>\n<p>Hvem i verden kan forst\u00e5 disse ting? Hvem i verden har nogensinde m\u00f8dt Budbringeren eller kan begribe hans tilstedev\u00e6relses mysterie og kraft i verden?<\/p>\n<p>Mange mennesker vil blot \u00f8nske noget fra Budbringeren \u2013 mirakler, dispensationer, tjenester. De vil gerne helbredes. De vil gerne velsignes. De vil gerne blive rigere. De vil gerne reddes. De vil gerne frelses. De er ligeglade med, hvem han er, s\u00e5 l\u00e6nge han kan give disse ting, og s\u00e5 vil de tro, men kun for at tage imod, ser du.<\/p>\n<p>Hans rejse skulle derfor v\u00e6re ensom, isoleret, udenfor selv de menneskers r\u00e6kkevidde, der blev sendt for at ledsage ham og assistere ham.<\/p>\n<p>Han ville v\u00e6re n\u00f8dt til at leve i to verdener, bygge bro mellem to virkeligheder \u2013 s\u00e5 meget ulig hinanden, de er. Hvem kan g\u00f8re dette, uden at miste besindelsen, eller falde fra hinanden, eller blive forf\u00f8rt af m\u00f8rkere kr\u00e6fter i verden, eller blive overmandet af tragedie og tab og afsavn? Det har v\u00e6ret en meget lang vej at rejse, en meget udfordrende vej, med mange farer, men Budbringeren er ankommet til sin destination.<\/p>\n<p>Det har taget ham [over] 25 \u00e5r at tage imod \u00c5benbaringen, s\u00e5 stor er den. Det er den st\u00f8rste \u00c5benbaring, der nogensinde er givet til denne verden, for [nu] er verden en boglig verden, en verden af menneskelige f\u00e6llesskaber og et verdensf\u00e6llesskab, en verden med global transport, global infrastruktur og kommunikation.<\/p>\n<p>Her forbereder du dig ikke p\u00e5 at leve et s\u00f8dt pr\u00e6steliv et eller andet sted. Du forbereder dig p\u00e5 en verden i tilbagegang, en verden med svindende ressourcer og tiltagende \u00f8konomiske og politiske omv\u00e6ltninger. Og du st\u00e5r overfor virkeligheden af livet i universet \u2013 en virkelighed, der udg\u00f8r risici, farer og muligheder, som menneskeheden endnu ikke har erkendt.<\/p>\n<p>Dette er ting, som Budbringeren er blevet forberedt p\u00e5 at tale om, for de er del af \u00c5benbaringen, ligesom de del af menneskehedens sk\u00e6bne \u2013 en sk\u00e6bne, som f\u00e5 i verden endnu kan se klart, uden forvr\u00e6ngning eller personlig pr\u00e6ference.<\/p>\n<p>Budbringeren fremst\u00e5r almindelig. Han er en ydmyg mand. Han vil ikke h\u00e6vde sig personligt. Men i ham er Mysteriet og Skabelsens Kraft og broen mellem denne verden og det Guddommelige N\u00e6rv\u00e6r, der v\u00e5ger over denne verden.<\/p>\n<p>Han er delvist \u00e9n af os og delvist \u00e9n af jer. Han bliver n\u00f8dt til at opretholde begge realiteter og v\u00e6re den hyrde, der f\u00f8rer folk op p\u00e5 det bjerg, der er deres at bestige.<\/p>\n<p>Er han lige s\u00e5 stor som fortidens store Udsendinge? Det vil kun tid og omst\u00e6ndigheder vise. Han vil ikke selv forkynde det, ser du, for de ambiti\u00f8se bliver aldrig valgt. De, der s\u00f8ger selvforherligelse, f\u00e5r aldrig st\u00f8rre roller at spille eller st\u00f8rre Budskaber for menneskeheden. Kun de, der er modvillige og \u00e6rlige og selvreflekterende, ville nogensinde blive valgt til en s\u00e5 h\u00f8j og betydningsfuld rolle.<\/p>\n<p>Andre vil give vigtige gaver, hvor der er brug for dem, og i sidste ende er det meningen, at alle skal g\u00f8re dette, for det er en del af hver enkelt persons form\u00e5l. Alle vil v\u00e6re en kanal for et st\u00f8rre N\u00e6rv\u00e6r og en st\u00f8rre Kraft. Men der er kun \u00e9n Budbringer, hvis Budskab vil \u00e6ndre kursen for menneskelig forst\u00e5else og tale om den store forandring, der vil \u00e6ndre kursen p\u00e5 menneskelig sk\u00e6bne og evolution.<\/p>\n<p>Uden det Nye Budskab fra Gud ville menneskeheden komme i alvorlige konflikter og f\u00e5 en brat nedgang, hvilket g\u00f8r jer s\u00e5rbare for fremmede magter, som allerede er i denne verden, for at f\u00e5 indflydelse og autoritet her. Folk er ikke klar over, at de st\u00e5r ved randen, ikke kun til stor forandring, men ogs\u00e5 til undertvingelse.<\/p>\n<p>Dette er det St\u00f8rre M\u00f8rke i verden, et St\u00f8rre M\u00f8rke, som de fleste mennesker er for bange, til overhovedet at t\u00e6nke p\u00e5. Men det er noget, menneskeheden m\u00e5 forberede sig p\u00e5, og derfor har Gud givet en Ny \u00c5benbaring.<\/p>\n<p>En ny Profet er kommet til verden. D\u00f8m ham som du vil. Oph\u00f8j ham eller forn\u00e6gt ham. Kald ham fremragende eller kald ham andre ting. Folks vurdering har intet med virkeligheden at g\u00f8re. For hvad folk \u00f8nsker, og hvad Gud ved, er ikke det samme. Hvad folk t\u00e6nker, og hvor verden er p\u00e5 vej hen, er ikke det samme.<\/p>\n<p>Budbringeren vil blive forn\u00e6gtet. Han vil blive latterliggjort. Andre vil angribe ham. Andre vil f\u00f8le sig truede af hans tilstedev\u00e6relse og hans proklamationer \u2013 ikke fordi han tager fejl, men fordi de ikke kan se i \u00f8jnene, at Gud atter har talt. De har ikke det mod eller den ydmyghed, der skal til, for at genoverveje deres stilling, deres id\u00e9er eller det, de tidligere har investeret i sig selv.<\/p>\n<p>Det er den udfordring, der er ved at m\u00f8de Budbringeren. Han bringer en helt ny virkelighed med sig, i sig, omkring sig og gennem sig \u2013 en virkelighed, som menneskeheden endnu ikke er moden nok til at m\u00f8de kollektivt. Kun enkeltpersoner vil v\u00e6re klar til ham, for de er gjort parate gennem deres livserfaringer, gennem desillusioner og skuffelser og andre ting.<\/p>\n<p>Mange mennesker venter p\u00e5 den Nye \u00c5benbaring. De m\u00e5 kende til Budbringeren, for han er demonstrationen p\u00e5, at Magten og N\u00e6rv\u00e6ret er kommet tilbage til verden.<\/p>\n<p>For at se dette, m\u00e5 du se med klare \u00f8jne. Du m\u00e5 lytte. Du m\u00e5 lytte med en dybere h\u00f8relse. Du m\u00e5 tillade Kundskabens kraft, den dybere intelligens i dig, at reagere.<\/p>\n<p>For, d\u00f8mmer du Budbringeren baseret p\u00e5 id\u00e9er eller dine egne projektioner af frygt og skyld, vil du ikke se, og du vil ikke vide.<\/p>\n<p>Hvis ikke du kan tage imod Guds Nye \u00c5benbaring, hvad kan Gud s\u00e5 virkelig g\u00f8re for dig? Hvis ikke du kan f\u00f8lge det, Gud har lagt i dig at f\u00f8lge, Kundskabens kraft og n\u00e6rv\u00e6r, hvad kan Gud s\u00e5 ellers g\u00f8re for dig eller for verden?<\/p>\n<p>Der er utallige verdener, beboede verdener i universet. Dette er kun \u00e9n. Denne verdens Herre er alle verdeners Herre. Det er ikke et menneskeligt univers, I st\u00e5r overfor, og det er grunden til, at jeres forestillinger om Himlen og Helvede er s\u00e5 ukorrekte, s\u00e5 begr\u00e6nsede og s\u00e5 virkeligt patetiske. Det er det, at tage jer ind i det St\u00f8rre F\u00e6llesskab, der repr\u00e6senterer en del af form\u00e5let med Budbringeren og den Nye \u00c5benbaring.<\/p>\n<p>Budbringeren st\u00e5r overfor en monumental opgave. Han alene kan ikke bringe \u00c5benbaringen ud i verden. Det vil kr\u00e6ve mange andres deltagelse, mange andres bidrag og kommunikation, der kan hj\u00e6lpe ham p\u00e5 denne m\u00e5de.<\/p>\n<p>\u00c5benbaringen er givet med sin egen ledsagetekst og meget detaljeret og med gentagelser, s\u00e5 den ikke i liges\u00e5 h\u00f8j grad beror p\u00e5 menneskelig fortolkning, som de forrige Budskaber givet til menneskeheden. Den bringer forst\u00e5elsen af \u00e5ndelighed med sig p\u00e5 Kundskabens niveau; Kundskab og Visdom fra det St\u00f8rre F\u00e6llesskab; en klarg\u00f8relse til en ny og nedadg\u00e5ende verden; en stor l\u00e6re om menneskelige relationer og menneskeligt ansvar og hvad nationer m\u00e5 vide, for at samarbejde med hinanden, i lyset af den store forandring, der er p\u00e5 vej.<\/p>\n<p>Dette er ikke \u00e9n mands filosofi. Dette er hinsides filosofi. Dette er ikke forbundet med nogen religion i verden. Dette er begyndelsen p\u00e5 en helt ny forst\u00e5else. Dette er ikke en afvisning eller reaktion p\u00e5 verdens religioner. Dette er et Nyt Budskab fra Gud.<\/p>\n<p>Budbringeren er i verden. Han vil ikke v\u00e6re i verden i lang, lang tid fremover, og derfor m\u00e5 han anerkendes af dem, der har denne store anledning.<\/p>\n<p>Hans liv har v\u00e6ret uforklarligt. Hans tilstedev\u00e6relse er uforklarlig. Du m\u00e5 se med klare \u00f8jne og lytte med en dybere h\u00f8relse, for at erkende disse ting. S\u00e5 byrden er lytterens, modtagerens.<\/p>\n<p>Budbringeren har modtaget n\u00e6sten hele kommunikationen. Den er tilstr\u00e6kkelig til at vare i generationer og \u00e5rhundreder. For ingen kan fort\u00e6lle jer, hvordan I forbereder jer p\u00e5 den nye verden. Ingen kan fort\u00e6lle jer, hvordan I forbereder jer p\u00e5 et St\u00f8rre F\u00e6llesskab af intelligent liv \u2013 et konkurrencepr\u00e6get milj\u00f8 p\u00e5 en skala, I end ikke kan forestille jer. Ingen kan fort\u00e6lle jer om det dybere sind. Ingen kan give den Nye \u00c5benbaring.<\/p>\n<p>\u00c5benbaringerne gives altid til \u00e9n person, s\u00e5 der ingen forvirring kan v\u00e6re. Der er ingen forskellige versioner. Der er ingen konkurrence mellem forskellige individer, der frems\u00e6tter samme postulat og proklamation. Det er altid \u00e9n person med visse modige menneskers assistance, der kan bringe en ny bevidsthed og virkelighed ud i verden.<\/p>\n<p>Hver tidsalder har sine profeter, men Budbringerne kommer kun sj\u00e6ldent, for at \u00e6ndre menneskelig forst\u00e5elses, bevidstheds og sk\u00e6bnes kurs.<\/p>\n<p>Du vil se, at Budbringeren vil blive d\u00f8mt. Han vil blive ford\u00f8mt. Andre vil g\u00f8re det til deres form\u00e5l at tilintetg\u00f8re ham. L\u00e6r fortidens lektier i denne henseende. Han er her ikke bare for at ofre sig selv, s\u00e5 andre mennesker kan skabe en historie om ham. Han har sin egen historie \u2013 Budbringerens historie, en historie han er for ydmyg til at tale om, en historie, der m\u00e5 afsl\u00f8res for alle, der kan h\u00f8re og forst\u00e5.<\/p>\n<p>Folk \u00f8nsker, at Budbringeren skal v\u00e6re mange ting, for at opfylde deres \u00f8nsker, deres overbevisninger og deres pr\u00e6ferencer. Men Budbringeren er blevet gjort klar af St\u00f8rre Magter og sendt fra det Guddommelige, for at v\u00e6re i verden, i henhold til en St\u00f8rre Plan og sk\u00e6bne.<\/p>\n<p>V\u00e6r derfor omhyggelig med, hvordan du n\u00e6rmer dig dette sj\u00e6ldne og betydningsfulde individ. V\u00e6r forsigtig med dine forventninger, dine overbevisninger, dine forudfattede id\u00e9er, dine domme og dine klager. For disse kan alle g\u00f8re dig blind for, hvem han er, og for, hvad han kan tilbyde dig og hele verden.<\/p>\n<p>M\u00e5 Velsignelsen v\u00e6re med ham. Magten og N\u00e6rv\u00e6ret er med ham.<\/p>\n<p>Han er fejlbarlig. Han er ikke perfekt. Han vil m\u00f8de mange vanskeligheder. Det er det, der er i ham og med ham og gennem ham, der er perfekt. Hans liv er dettes befordringsmiddel, ligesom ogs\u00e5 dit liv er et befordringsmiddel for noget vigtigt. Men han er kimen til en bedre fremtid for menneskeheden, en ny forst\u00e5else af jeres eksistens i et St\u00f8rre F\u00e6llesskab af liv og af det store vendepunkt, som menneskeheden nu begynder at runde.<\/p>\n<p>Lad dette v\u00e6re din forst\u00e5else. Men kom ikke til konklusioner, for bevidstheden om Budbringeren er kun lige begyndt.<\/p>\n","protected":false},"excerpt":{"rendered":"<p>I dag skal Vi fort\u00e6lle Budbringerens Historie. Det er en historie, der rummer stor magt og mening, hvis den kan begribes. For Budbringeren er ikke nogen almindelig person, selvom han udadtil ser almindelig ud. Og fordi han er en ydmyg mand, oph\u00f8jer han ikke sig selv p\u00e5 nogen m\u00e5de. Han s\u00f8ger ikke anerkendelse, men en\u2026 <a class=\"read-more\" href=\"https:\/\/www.v6.newmessage.org\/da\/about-recording-shortcode\/\"><span>Read More<\/span><\/a><\/p>\n","protected":false},"author":77,"featured_media":0,"parent":16489,"menu_order":3,"comment_status":"closed","ping_status":"open","template":"template-leftsidebar.php","meta":{"_monsterinsights_skip_tracking":false,"_monsterinsights_sitenote_active":false,"_monsterinsights_sitenote_note":"","_monsterinsights_sitenote_category":0,"footnotes":""},"categories":[76,119,30,465,460],"tags":[398],"_links":{"self":[{"href":"https:\/\/www.v6.newmessage.org\/da\/wp-json\/wp\/v2\/pages\/27539"}],"collection":[{"href":"https:\/\/www.v6.newmessage.org\/da\/wp-json\/wp\/v2\/pages"}],"about":[{"href":"https:\/\/www.v6.newmessage.org\/da\/wp-json\/wp\/v2\/types\/page"}],"author":[{"embeddable":true,"href":"https:\/\/www.v6.newmessage.org\/da\/wp-json\/wp\/v2\/users\/77"}],"replies":[{"embeddable":true,"href":"https:\/\/www.v6.newmessage.org\/da\/wp-json\/wp\/v2\/comments?post=27539"}],"version-history":[{"count":3,"href":"https:\/\/www.v6.newmessage.org\/da\/wp-json\/wp\/v2\/pages\/27539\/revisions"}],"predecessor-version":[{"id":27930,"href":"https:\/\/www.v6.newmessage.org\/da\/wp-json\/wp\/v2\/pages\/27539\/revisions\/27930"}],"up":[{"embeddable":true,"href":"https:\/\/www.v6.newmessage.org\/da\/wp-json\/wp\/v2\/pages\/16489"}],"wp:attachment":[{"href":"https:\/\/www.v6.newmessage.org\/da\/wp-json\/wp\/v2\/media?parent=27539"}],"wp:term":[{"taxonomy":"category","embeddable":true,"href":"https:\/\/www.v6.newmessage.org\/da\/wp-json\/wp\/v2\/categories?post=27539"},{"taxonomy":"post_tag","embeddable":true,"href":"https:\/\/www.v6.newmessage.org\/da\/wp-json\/wp\/v2\/tags?post=27539"}],"curies":[{"name":"wp","href":"https:\/\/api.w.org\/{rel}","templated":true}]}}