{"id":27502,"date":"2021-11-08T15:29:10","date_gmt":"2021-11-08T15:29:10","guid":{"rendered":"https:\/\/www.newmessage.org\/da\/?page_id=27502"},"modified":"2021-11-08T15:29:11","modified_gmt":"2021-11-08T15:29:11","slug":"hvad-er-skabelsen","status":"publish","type":"page","link":"https:\/\/www.v6.newmessage.org\/da\/budskabet\/bind-1\/den-ene-gud\/hvad-er-skabelsen\/","title":{"rendered":"Hvad er Skabelsen?"},"content":{"rendered":"<div><!-- Version 8.03 --><\/div>\n\n<div class=\"tabgroup \"><ul class=\"tabs\"><li><a href=\"#tabs-1\">\u00c5penbaring<\/a><\/li>\n<li><a href=\"#tabs-2\">Note<\/a><\/li><\/ul>\n <div id=\"tabs-1\"><\/p>\n<p>H\u00f8r den oprindelige version af \u00c5benbaringen p\u00e5 engelsk:<\/p>\n<div id=\"jquery_jplayer_1\" class=\"jp-jplayer\"><\/div>\n\t\t\t\t<div id=\"jp_container_1\" class=\"jp-audio\">\n\t\t\t\t<div class=\"jp-type-single\"><div class=\"jp-control\"><a href=\"javascript:;\" class=\"jp-play\" tabindex=\"1\">play<\/a><a href=\"javascript:;\" class=\"jp-pause\" tabindex=\"1\">pause<\/a><\/div> <div class=\"jp-gui jp-interface\"><div class=\"jp-volume\"><div class=\"jp-volume-bar\"><div class=\"jp-volume-bar-value\"><\/div><\/div><\/div><div class=\"jp-progress\"><div class=\"jp-seek-bar\"><div class=\"jp-play-bar\"><\/div><\/div><\/div><\/div>\t\t\t\t\t<div class=\"jp-no-solution\"><span>Update Required<\/span>To play the media you will need to either update your browser to a recent version or update your <a href=\"http:\/\/get.adobe.com\/flashplayer\/\" target=\"_blank\">Flash plugin<\/a>.<\/div><\/div><\/div>\n\t\t\t<script type='text\/javascript'>\n\t\t\t\tjQuery(document).ready(function() {\n\t\t\t\t\tif (typeof (sermonMedia) == 'function') {\n\t\t\t\t\t\tsermonMedia.addAudio('', \"jquery_jplayer_1\");\n\t\t\t\t\t}\n\t\t\t\t\tjQuery.jPlayer.timeFormat.showHour = true;\n\t\t\t\t\tjQuery(\"#jquery_jplayer_1\").jPlayer({\n\t\t\t\t\t\tready: function(event) {\n\t\t\t\t\t\t\tjQuery(this).jPlayer(\"setMedia\", {mp3: 'https:\/\/newmessage.org\/av\/what-is-creation.mp3'});\n\t\t\t\t\t\t},\n\t\t\t\t\t\tplay: function() {\n\t\t\t\t\t\t\tjQuery(this).jPlayer(\"pauseOthers\");\n\t\t\t\t\t\t},\n\t\t\t\t\t\tswfPath: ThemeData.directory_uri+\"\/swf\",\n\t\t\t\t\t\tsolution: \"html, flash\",\n\t\t\t\t\t\tpreload: \"metadata\",\n\t\t\t\t\t\twmode: \"window\",\n\t\t\t\t\t\tsupplied: \"mp3\",\n\t\t\t\t\t\tcssSelectorAncestor: '#jp_container_1'\n\t\t\t\t\t});\n\t\t\t\t});\n\t\t\t<\/script><\/p>\n<p><a title=\"Hvad er Skabelsen?\" href=\"https:\/\/newmessage.org\/av\/what-is-creation.mp3\">Download<\/a> (h\u00f8jre-klik for at downloade)<\/p>\n<p class=\"revelation_details\"><em>Som \u00e5benbaret for Guds Budbringer<br \/>\nMarshall Vian Summers<br \/>\nden 4. februar, 2008<br \/>\ni Boulder, Colorado<\/em><\/p>\n<div class=\"toggle toggle-white\"><h4 class=\"trigger \"><span class=\"t_ico\"><\/span><a href=\"#\">Om denne optagelse<\/a><\/h4><div class=\"toggle_container \"><br \/>\n<div id=\"yui_3_16_0_ym19_1_1467955126517_3327\" dir=\"ltr\"><span id=\"yui_3_16_0_ym19_1_1467955126517_3177\"><span id=\"yui_3_16_0_ym19_1_1467955126517_3178\">D\u00e9t, du h\u00f8rer i denne lydoptagelse er Den Englelige Forsamlings stemme, der taler gennem Budbringeren, Marshall Vian Summers<br \/>\n<\/span><\/span><\/div>\n<div dir=\"ltr\"><span id=\"yui_3_16_0_ym19_1_1467955126517_3177\"><span id=\"yui_3_16_0_ym19_1_1467955126517_3178\">\u00a0<\/span><\/span><\/div>\n<div id=\"yui_3_16_0_ym19_1_1467955126517_3359\" dir=\"ltr\"><span id=\"yui_3_16_0_ym19_1_1467955126517_3177\"><span id=\"yui_3_16_0_ym19_1_1467955126517_3178\"> Her er den oprindelige kommunikation fra Gud, der eksisterer hinsides ord, oversat til menneskeligt sprog og forst\u00e5else af Den Englelige Forsamling, der f\u00f8rer tilsyn med verden. Forsamlingen leverer derefter Guds Budskab gennem Budbringeren.<br \/>\n<\/span><\/span><\/div>\n<div id=\"yui_3_16_0_ym19_1_1467955126517_3369\" dir=\"ltr\"><span id=\"yui_3_16_0_ym19_1_1467955126517_3177\"><span id=\"yui_3_16_0_ym19_1_1467955126517_3178\">\u00a0<\/span><\/span><\/div>\n<div id=\"yui_3_16_0_ym19_1_1467955126517_3370\" dir=\"ltr\"><span id=\"yui_3_16_0_ym19_1_1467955126517_3177\"><span id=\"yui_3_16_0_ym19_1_1467955126517_3178\">I dette bem\u00e6rkelsesv\u00e6rdige forl\u00f8b, taler \u00c5benbaringens Stemme p\u00e5 ny. Ordet og Lyden er i verden. For f\u00f8rste gang i historien, er den oprindelige talte \u00e5benbaring tilg\u00e6ngelig for dig og for verden at opleve.<br \/>\n<\/span><\/span><\/div>\n<div id=\"yui_3_16_0_ym19_1_1467955126517_3436\" dir=\"ltr\"><span id=\"yui_3_16_0_ym19_1_1467955126517_3177\"><span id=\"yui_3_16_0_ym19_1_1467955126517_3178\">\u00a0<\/span><\/span><\/div>\n<div id=\"yui_3_16_0_ym19_1_1467955126517_3435\" dir=\"ltr\"><span id=\"yui_3_16_0_ym19_1_1467955126517_3177\"><span id=\"yui_3_16_0_ym19_1_1467955126517_3178\">M\u00e5 du v\u00e6re modtageren af denne \u00c5benbaringens gave og m\u00e5 du v\u00e6re \u00e5ben for at tage imod dens unikke Budskab for dig og for dit liv.<\/span><\/span><\/div>\n<br \/>\n<\/div><\/div><br \/>\n<\/div>\n<div id=\"tabs-2\"><\/p>\n<p><em>NOTE TIL L\u00c6SERNE:<br \/>\nDenne overs\u00e6ttelse blev givet til The Society af en studerende af Det Nye Budskab, der meldte sig frivilligt til at overs\u00e6tte den originale engelske tekst. Vi stiller denne overs\u00e6ttelse til r\u00e5dighed for verden i denne tidlige form, for at give mennesker en mulighed for at engagere sig med en del af Det Nye Budskab p\u00e5 deres eget sprog.<\/em><\/p>\n<p><\/div>\n\t\t\t\t<div align=\"right\">\n\t\t\t<div class=\"fb-like\" data-href=\"\" data-layout=\"button_count\" data-action=\"like\" data-show-faces=\"false\" data-share=\"false\"><\/div>\n\t\t\t<div class=\"fb-share-button\" data-layout=\"button_count\"> <\/div>\n\t\t\t<div class=\"fb_iframe_widget\"><a href=\"https:\/\/twitter.com\/godsnewmessage?ref_src=twsrc%5Etfw\" class=\"twitter-follow-button\" data-show-count=\"false\">Follow @godsnewmessage<\/a><script async src=\"https:\/\/platform.twitter.com\/widgets.js\" charset=\"utf-8\"><\/script><\/div>\n\t\t\t<\/div> <\/div> \n\n<p>&nbsp;<\/p>\n<p>Nu er det tid for menneskeheden at l\u00e6re om spiritualitet i Det St\u00f8rre F\u00e6llesskab af liv, hvori jeres verden altid har ligget. Nu er det tid til at vokse fra et stammefokus og en stammeidentifikation, for at l\u00e6re et nyt paradigme, for at erkende den religi\u00f8se forst\u00e5elses evolution i universet, hvor den er udtrykt mest fuldkomment, og hvor den er opn\u00e5et mest fuldkomment.<\/p>\n<p>Nu m\u00e5 menneskeheden f\u00e5 et st\u00f8rre perspektiv, for at etablere menneskeligt sammenhold og menneskelig forst\u00e5else, for at im\u00f8dekomme og se de kommende Store B\u00f8lger af forandring i \u00f8jnene, samt for at erkende og neutralisere Det St\u00f8rre M\u00f8rke, der er i verden.<\/p>\n<p>I kan ikke g\u00e5 en ny virkelighed i m\u00f8de med en gammel forst\u00e5else, og derfor har Gud sendt et Nyt Budskab til verden, et Budskab for menneskenes beskyttelse og avancement.<\/p>\n<p>Det f\u00f8rste sp\u00f8rgsm\u00e5l er: Hvad er Skabelsen? Skabelsen er alt, hvad Gud har skabt, i tid og hinsides tid. Du lever i tid, s\u00e5 du lever i en del af Skabelsen, der bev\u00e6ger sig, der er i forandring, der er ustabil og evolverer og ekspanderer. Denne del af Skabelsen blev etableret for at s\u00f8rge for et hjem til de adskilte, hvor de kunne opleve Adskillelse og have muligheden for at v\u00e6lge en vej, ad hvilken de vil vende tilbage til den del af Skabelsen, der ikke forandrer sig, der er fuldkommen og evig.<\/p>\n<p>Skabelsen, som du m\u00e5 besk\u00e6ftige dig med, er den midlertidige Skabelse \u2013 en tidens og rummets sted, en fysisk virkelighed, en virkelighed af konstant forandring, evolverende systemer, en virkelighed af mods\u00e6tninger og konflikter, en virkelighed af liv og d\u00f8d.<\/p>\n<p>Adskillelse skabte denne virkelighed, for Gud vidste, at de adskilte m\u00e5tte have et grundlag, hvorp\u00e5 de kunne eksistere. Dette satte gang i det fysiske univers, som I kun lige er begyndt at begribe, og som du m\u00e5 l\u00e6re at tjene og at erkende, hvis du skal vokse fra dets fascinationer og tilgive dets tragedier.<\/p>\n<p>Skabelsen herudover g\u00e5r udover din nuv\u00e6rende bevidsthed, sk\u00f8nt du faktisk lever i den. For den midlertidige Skabelse foreg\u00e5r p\u00e5 et andet plan. Du er allerede omgivet af den permanente Skabelse, men dine \u00f8jne kan ikke se den, dine \u00f8rer kan ikke h\u00f8re den og dine fingre kan ikke r\u00f8re den, for dine sanser blev kun etableret for at genkende fysiske ting og noget, der bev\u00e6ger sig, ting, der bev\u00e6ger sig og lyde, der forandrer sig.<\/p>\n<p>Den st\u00f8rre realitet, du lever i, er overalt omkring dig. Du har aldrig forladt den, men givet din afh\u00e6ngighed af dine sanser, kan du ikke opleve den direkte, uden en bestemt form for forberedelse.<\/p>\n<p>Dette er fuldst\u00e6ndigt forvirrende for din menneskelige forst\u00e5else og er fuldst\u00e6ndigt forvirrende for utallige racer af v\u00e6seners forst\u00e5else, der lever i Det St\u00f8rre F\u00e6llesskab af intelligent liv, hvilket omfatter det fysiske univers, hvori I lever. De lever alle i Adskillelse. De oplever alle evolution. De repr\u00e6senterer bevidsthedens, teknologiens og de sociale institutioners evolution p\u00e5 ethvert t\u00e6nkeligt plan.<\/p>\n<p>Dette finder altsammen sted indenfor selve den permanente Skabelse. For mens der forekommer at v\u00e6re Adskillelse, og du lever i denne adskilte tilstand \u2013 hvor alt synes at v\u00e6re distinkt og unikt; hvor alt forandrer og bev\u00e6ger sig, f\u00f8des og d\u00f8r \u2013 har du ikke forladt den permanente Skabelse. Den er her stadig.<\/p>\n<p>Adskillelsen er i bund og grund et problem i opfattelse, kommunikation og bevidsthed. Meget f\u00e5 i menneskenes historie har kunnet bryde dette sl\u00f8r, der forekommer at adskille denne fysiske, midlertidige, omskiftelige virkelighed fra din permanente virkelighed, der repr\u00e6senterer dit \u00c6ldgamle Hjem \u2013 hvor Gud er kendt, hvor du er kendt, hvor der ingen sp\u00f8rgsm\u00e5l er, fordi der ingen konflikter er, hvor forandring ikke eksisterer, fordi der ikke er behov for den.<\/p>\n<p>Dette er ubegribeligt for dig i din nuv\u00e6rende tilstand, og givet dine prioriteter og m\u00e5l, er det ikke en gang \u00f8nskv\u00e6rdigt. Men det er vigtigt for dig at vide, at Adskillelsen ikke virkeligt lykkedes, og at bruddet med Gud ikke blev helt fuldbyrdet. Adskillelsen er reel i din nuv\u00e6rende oplevelse af virkeligheden, i denne delvise Skabelse, hvor du eksisterer. Men den er adskilt. Derfor forandrer den sig, og derfor evolverer den.<\/p>\n<p>Hvis livet i det fysiske ikke forandrede og udviklede sig, ville det v\u00e6re Helvede for dig. Forestil dig at befinde dig i en realitet, du ikke br\u00f8d dig om, en realitet, der aldrig forandrede sig. Du ville intet h\u00e5b have. Du ville ingen fremgang g\u00f8re. Og selv, hvis denne fysiske realitet, denne uforanderlige fysiske realitet, var perfekt, med hensyn til at im\u00f8dekomme alle dine f\u00f8lte behov, ville du efter nogen tid se, at det, at leve i en krop, iboende er ubehageligt, problematisk og vanskeligt, og du ville \u00f8nske at v\u00e6re fri. Men i det tilf\u00e6lde, ville du ikke kunne v\u00e6re fri, for du ville have etableret en form for [ud\u00f8delighed] i din forestillede fysiske realitet, og du ville v\u00e6re fanget, ser du.<\/p>\n<p>Helvede er et smukt sted, hvor du aldrig kan v\u00e6re lykkelig. Det er Helvede. Hvis du befandt dig et sted med \u00e6gte pinsel, ville du \u00f8nske at tage hjem til Gud lige med det samme. Men her, i dette smukke Helvede, er du ambivalent; du er tilknyttet. Det fascinerer dig; det forf\u00f8rer dig; det tryllebinder dig. Og sk\u00f8nt du frygter dets farer, dets terror og dets uforudsigelighed i den nuv\u00e6rende fysiske realitet, er du stadigt fokuseret p\u00e5 det.<\/p>\n<p>S\u00e5, for dig er Skabelsen det fysiske univers. Det forekommer at vare evigt men er reelt midlertidigt. Det har en begyndelse, en midte og en ende. I er endnu ikke n\u00e5et til midten af dette ekspanderende univers, s\u00e5 det er noget, der er forvirrende for din forst\u00e5else.<\/p>\n<p>Skulle du nogensinde t\u00e6nke, at ud\u00f8delighed i det fysiske rige er \u00f8nskv\u00e6rdigt, er det vigtigt for dig at vide, at en s\u00e5dan tilstand ville v\u00e6re selve Helvede. At befinde sig et smukt sted, hvor man aldrig kunne v\u00e6re lykkelig, ville v\u00e6re yderst helvedesagtigt, og du ville v\u00e6re holdt der i lang tid, fordi du ville blive ved med at \u00f8nske det, tro p\u00e5 det, h\u00e5be p\u00e5 det og fors\u00f8ge at f\u00e5 det til at fungere.<\/p>\n<p>Det faktum, at din fysiske realitet konstant \u00e6ndrer sig, ekspanderer og evolverer og g\u00e5r gennem v\u00e6kst og forfald, giver dig h\u00e5bet og l\u00f8ftet om, at dit h\u00f8jere form\u00e5l og sj\u00e6lens behov kan blive opfyldt her.<\/p>\n<p>Det kr\u00e6ver et helt andet teologisk og filosofisk grundlag. Hvis du tror du befinder dig i verden, fordi du har syndet eller fordi du er blevet ford\u00f8mt, vil du ikke erkende den store mulighed for din forl\u00f8sning, der eksisterer i din virkelighed. Givet mange af verdens religioners filosofiske grundlag i dag, bliver dette billede utroligt komplekst, uklart og vanskeligt at skelne.<\/p>\n<p>Men Gud har lagt Kundskab i dig, en dybere forstand, en dybere forst\u00e5else. Og denne Kundskab holder dit form\u00e5l og din retning og l\u00f8ftet om dine st\u00f8rre pr\u00e6stationer i verden.<\/p>\n<p>Da du er tr\u00e5dt ind i Adskillelse, m\u00e5 du nu tjene Adskillelse. Du m\u00e5 tjene folk og livet, der eksisterer i denne adskilte tilstand. Det er p\u00e5 denne m\u00e5de, du genopdager og genoplever dit \u00c6ldgamle Hjems permanens.<\/p>\n<p>Forl\u00f8sning er ikke blot at behage Gud og komme i Himlen, eller ikke behage Gud og komme i Helvede. Dette er latterligt. Det repr\u00e6senterer en ren menneskelig adskilt sindstilstand og opfattelse. Du mener, at de retskafne skulle bel\u00f8nnes og de onde straffes, og at Gud vil give bel\u00f8nningerne og foretage straffen. For at bevare din fornemmelse af retf\u00e6rdighed og for at im\u00f8dekomme dine kriterier og forventninger, forestiller du dig, at Gud er som dig selv \u2013 har dit temperament og dine v\u00e6rdier. Det er selvf\u00f8lgeligt t\u00e5beligt og arrogant, men det er mange menneskers holdning.<\/p>\n<p>Men lad v\u00e6re med at bekymre dig, for alle i det fysiske univers, alle tall\u00f8se racer af v\u00e6sner p\u00e5 alle evolutionsstadier, har disse slags antagelser. Det m\u00e5 forventes. Det narrer ikke Gud. Gud bliver ikke oprevet over det. Det er simpelthen resultatet af at leve i en adskilt tilstand.<\/p>\n<p>Endda jeres tanker om religion og spiritualitet har grundlag i denne adskilte tilstand. Folk forestiller sig Himlen, som en perfekt version af deres fysiske realitet, uden at erkende, at skulle en s\u00e5dan realitet nogensinde blive skabt, ville det v\u00e6re Helvede selv. At befinde sig et smukt sted, hvor man aldrig kunne v\u00e6re lykkelig, ville v\u00e6re et slags vedvarende Helvede.<\/p>\n<p>Gud kan ikke g\u00f8re nogen lykkelig ved at vifte med en tryllestav eller med en eller anden besv\u00e6rgelse. Du m\u00e5 vende tilbage til din permanente tilstand, som Gud skabte dig, ikke som et konfliktfyldt individ. Du ville ikke en gang kunne opleve din permanente virkelighed, som et konfliktfyldt, ulykkeligt individ. Du ville se din egen forstands projektioner. Du ville \u00f8nske at v\u00e6re i et milj\u00f8, der repr\u00e6senterede din egen konfliktfyldte tilstand, og det er det, der holder dig her.<\/p>\n<p>Du kunne befinde dig i en v\u00e6rre tilstand. Du kunne opleve Helvede mere dybtg\u00e5ende. Du kunne afgjort v\u00e6re mere elendig. Der synes ingen ende at v\u00e6re med hensyn til den elendighed, som folk er villige til at rumme og tilpasse sig.<\/p>\n<p>Ikke desto mindre er Skabelsen fuldkommen, og din midlertidige oplevelse i denne midlertidige realitet, som I kalder det fysiske univers, er kun en ganske lille del af Guds permanente Skabelse \u2013 en Skabelse, du endnu ikke selv tydeligt kan opleve, sk\u00f8nt du kan f\u00e5 et glimt af den nu og da.<\/p>\n<p>Folks overbevisninger og antagelser, deres metafysiske id\u00e9er, deres religi\u00f8se v\u00e6rdier og deres spekulationer, lider alle af en slags niveauforvirring. De pr\u00f8ver at forestille sig en varig velsignet tilstand, der kaldes Himlen, men de kan ikke se den, som den reelt er. De kan endnu ikke genlyde med den, som den reelt er, for det er de ikke parate til. De er endnu ikke blevet forberedt p\u00e5 Himlen, p\u00e5 at vende tilbage. De er ikke fuldkomne i deres tjeneste her i den fysiske virkelighed. De har ikke opfyldt deres mission her.<\/p>\n<p>Da Adskillelsen begyndte, inden I agtede tid eller historie, blev l\u00f8sningen \u00f8jeblikkeligt skabt. For, mens Adskillelse kan narre jer, gribe jer, tryllebinde jer, fange jer og alle andre entiteter og v\u00e6sner, der befinder sig i den fysiske realitet p\u00e5 dette tidspunkt, narrede den ikke Gud. Den kan v\u00e6re idiotsikret, men den er ikke Gudsikret. S\u00e5 l\u00f8sningen blev skabt \u00f8jeblikkeligt. Men i tid forekommer l\u00f8sningen at kr\u00e6ve en hel del erfaring, for at blive accepteret, oplevet og udtrykt.<\/p>\n<p>Du sm\u00e6gter i tid. Tid er intervallet mellem det tidspunkt du forlod din permanente Skabelse, til den tid, hvor du endeligt vender helt tilbage til den. Dette interval kaldes tid. Tid er ubegribelig og un\u00f8dvendig i din permanente realitet, for tid er relateret til forandring. Den er relateret til begivenheder, der forandrer sig. Den er noget, der markerer begivenhedernes gang.<\/p>\n<p>Hele id\u00e9en om tid er del af tilpasningen til at leve i en fysisk realitet. Det er en udm\u00e5lingsform etableret af n\u00f8dvendighed, for at kunne organisere sine tanker og handlinger, kommunikere med en omskiftelig fysisk virkelighed, markere sin fremgang og sine pr\u00e6stationer, og forst\u00e5 sin historie og sin fortid og andres historie og fortid, andre, der har opholdt sig her. Tid er un\u00f8dvendig i din permanente virkelighed. Den er irrelevant.<\/p>\n<p>Ud fra Vore ord kan du her se, hvor langt du endnu er fra at kunne opleve dette eller genlyde med dette. M\u00e5ske fascinerer det dig. M\u00e5ske bringer det en \u00e6ldgammel erindring i dig i bev\u00e6gelse. M\u00e5ske er der aspekter af det, du l\u00e6nges efter. M\u00e5ske ser det kedeligt og usp\u00e6ndende og utiltalende ud for dig at leve i en uforanderlig virkelighed.<\/p>\n<p>Du er s\u00e5 afh\u00e6ngig af forandring. Du elsker forandring og du hader forandring. Du elsker din fysiske eksistens og du hader din fysiske eksistens. Den fascinerer dig. Den stimulerer dig. Og dog s\u00e5rer den dig, skr\u00e6mmer dig og skuffer dig.<\/p>\n<p>Det er dette tilsyneladende uforenelige problem, denne tilsyneladende uforenelige forvirring og dikotomi, som Guds svar adresserer direkte. For i dig har Gud lagt en dybere intelligens, der ikke forvirres af det, der forvirrer din t\u00e6nkende, verdslige forstand. Den sl\u00f8res ikke af verden. Den bedrages ikke af, hvordan noget ser ud. Den tiltr\u00e6kkes ikke af alle de ting, der synes at bev\u00e6ge dig, forf\u00f8re dig og lokke dig. Den skr\u00e6mmes ikke af det, der skr\u00e6mmer dig. Den er ikke bange for forandring, tab og d\u00f8d. For den er den permanente del af dig. Den er den del af dig, der aldrig kunne adskille sig fra Gud.<\/p>\n<p>Denne Kundskab er i dig nu. Den er her p\u00e5 en mission for at yde et bidrag, under bestemte omst\u00e6ndigheder, med bestemte enkeltpersoner, for at opn\u00e5 bestemte ting. Dens ultimative form\u00e5l g\u00e5r udover din opfattelsesevne, men de trin, den giver dig er omg\u00e5ende tilg\u00e6ngelige og de kan skelnes, hvis du er villig, \u00e5ben og dygtig. Den l\u00f8ser dilemmaet, fordi den udtrykker dit \u00c6ldgamle Hjems realitet gennem dig, mens du opholder dig her i denne midlertidige fysiske realitet. Den demonstrerer en st\u00f8rre magt, en st\u00f8rre genklang og et st\u00f8rre forhold. Og den s\u00f8rger for \u00e6gte, h\u00e5ndgribelig tjeneste her i verden, hvor folk lider. De sm\u00e6gter i tid. De oplever desperation og h\u00e5bl\u00f8shed. Og verden st\u00e5r i den n\u00e6re fremtid overfor stor m\u00f8je og besv\u00e6r.<\/p>\n<p>Gud er ikke ubekymret i denne sag. Gud sender det til verden, der er behov for, for at holde alle her i bev\u00e6gelse i en positiv retning. Det er folk i denne virkelighed, der har beslutningen og magten til at g\u00f8re verden til en bedre afspejling af deres \u00c6ldgamle Hjem, eller til et mere helvedesagtigt sted.<\/p>\n","protected":false},"excerpt":{"rendered":"<p>Der er en Ny \u00c5benbaring om Gud, en \u00c5benbaring, der tager Gud ud af menneskehedens \u00e6ldgamle historie, ud af menneskehedens konflikter og fantasier og misforst\u00e5else. Denne \u00c5benbaring tager Gud ind i livets st\u00f8rre panorama i universet, der kaldes Det St\u00f8rre F\u00e6llesskab.<\/p>\n<p>Nu har I brug for denne nye forst\u00e5else af Gud, fordi antikkens Gud var en lille Gud, en Gud af jeres verden og af jeres tid, en Gud af jeres kulturer, en Gud af jeres folk i antikken.<\/p>\n<p>Men menneskeheden er vokset fra denne Gud, denne menneskelige Gud, denne vrede Gud, denne h\u00e6vngerrige Gud, denne Gud, der forekom at v\u00e6re en projektion af jeres personlighed og af jeres tendenser.<\/p>\n<p>Det er ikke fordi antikkens folk tog fejl; det er bare fordi deres opfattelse var begr\u00e6nset. Det er ikke fordi de skabte en Gud, der lignede dem selv; det er fordi de ikke kunne begribe en Gud, der ikke lignede dem selv.<\/p>\n","protected":false},"author":77,"featured_media":0,"parent":16297,"menu_order":1,"comment_status":"closed","ping_status":"closed","template":"template-leftsidebar.php","meta":{"_monsterinsights_skip_tracking":false,"_monsterinsights_sitenote_active":false,"_monsterinsights_sitenote_note":"","_monsterinsights_sitenote_category":0,"footnotes":""},"categories":[76,379,460],"tags":[656],"_links":{"self":[{"href":"https:\/\/www.v6.newmessage.org\/da\/wp-json\/wp\/v2\/pages\/27502"}],"collection":[{"href":"https:\/\/www.v6.newmessage.org\/da\/wp-json\/wp\/v2\/pages"}],"about":[{"href":"https:\/\/www.v6.newmessage.org\/da\/wp-json\/wp\/v2\/types\/page"}],"author":[{"embeddable":true,"href":"https:\/\/www.v6.newmessage.org\/da\/wp-json\/wp\/v2\/users\/77"}],"replies":[{"embeddable":true,"href":"https:\/\/www.v6.newmessage.org\/da\/wp-json\/wp\/v2\/comments?post=27502"}],"version-history":[{"count":1,"href":"https:\/\/www.v6.newmessage.org\/da\/wp-json\/wp\/v2\/pages\/27502\/revisions"}],"predecessor-version":[{"id":27503,"href":"https:\/\/www.v6.newmessage.org\/da\/wp-json\/wp\/v2\/pages\/27502\/revisions\/27503"}],"up":[{"embeddable":true,"href":"https:\/\/www.v6.newmessage.org\/da\/wp-json\/wp\/v2\/pages\/16297"}],"wp:attachment":[{"href":"https:\/\/www.v6.newmessage.org\/da\/wp-json\/wp\/v2\/media?parent=27502"}],"wp:term":[{"taxonomy":"category","embeddable":true,"href":"https:\/\/www.v6.newmessage.org\/da\/wp-json\/wp\/v2\/categories?post=27502"},{"taxonomy":"post_tag","embeddable":true,"href":"https:\/\/www.v6.newmessage.org\/da\/wp-json\/wp\/v2\/tags?post=27502"}],"curies":[{"name":"wp","href":"https:\/\/api.w.org\/{rel}","templated":true}]}}