{"id":27491,"date":"2021-11-06T03:43:02","date_gmt":"2021-11-06T03:43:02","guid":{"rendered":"https:\/\/www.newmessage.org\/da\/?page_id=27491"},"modified":"2021-11-06T03:46:25","modified_gmt":"2021-11-06T03:46:25","slug":"introduktion","status":"publish","type":"page","link":"https:\/\/www.v6.newmessage.org\/da\/budskabet\/bind-1\/den-nye-budbringer\/introduktion\/","title":{"rendered":"Den Nye Budbringer Introduktion"},"content":{"rendered":"<div><!-- from Version 8.2 --><\/div>\n\n<div class=\"tabgroup \"><ul class=\"tabs\"><li><a href=\"#tabs-1\">Bog<\/a><\/li><\/ul>\n <div id=\"tabs-1\"><\/p>\n<div class=\"panel-10 text-align-center\"><img loading=\"lazy\" decoding=\"async\" class=\"imgborder wp-image-29650 size-medium aligncenter\" src=\"\/wp-content\/uploads\/2016\/09\/The-New-Messenger-ebook-cover.jpg\" alt=\"Introduction to the New Messenger book\" width=\"200\" height=\"300\"><\/div>\n<div class=\"text-align-center\"><a class='simple_button_link ' style='background-color: #4f8fd6' href='http:\/\/newknowledgelibrary.org\/books\/the-new-messenger-english-print-book\/'   ><span>Order the Print Book<\/span><\/a><br \/>\n<a class='simple_button_link ' style='background-color: #4f8fd6' href='http:\/\/newknowledgelibrary.org\/products.php?product=The-New-Messenger-%28English-ebook%29'   ><span>Order the eBookt<\/span><\/a><\/div>\n<div class=\"text-align-center text font-size-12 margin-top-10\">Bind 1 &gt; Den Nye Budbringer &gt; Introduktion<\/div>\n<p><\/div>\n\t\t\t\t<div align=\"right\">\n\t\t\t<div class=\"fb-like\" data-href=\"\" data-layout=\"button_count\" data-action=\"like\" data-show-faces=\"false\" data-share=\"false\"><\/div>\n\t\t\t<div class=\"fb-share-button\" data-layout=\"button_count\"> <\/div>\n\t\t\t<div class=\"fb_iframe_widget\"><a href=\"https:\/\/twitter.com\/godsnewmessage?ref_src=twsrc%5Etfw\" class=\"twitter-follow-button\" data-show-count=\"false\">Follow @godsnewmessage<\/a><script async src=\"https:\/\/platform.twitter.com\/widgets.js\" charset=\"utf-8\"><\/script><\/div>\n\t\t\t<\/div> <\/div> \n\n<p><em>Den Nye Budbringer<\/em> er en \u00e5benbaring bog om oprindelsen, sl\u00e6gten og missionen af Guds Budbringere, som p\u00e5 forskellige tidspunkter i menneskehedens historie er kommet til verden for at modtage og pr\u00e6sentere Nye \u00c5benbaringer for menneskeheden.<\/p>\n<p>Det Nye Budskab underviser i, at alle Guds tidligere Budbringere var medlemmer af den Englelige Forsamling, som v\u00e5ger over verden. Gennem historien har denne Forsamling som svar p\u00e5 Guds Vilje sendt en af deres egne ud i verden p\u00e5 bestemte tidspunkter og steder for at tjene menneskehedens voksende behov.<\/p>\n<p>En Ny Budbringers komme repr\u00e6senterer det n\u00e6ste kapitel i den gradvise \u00e5benbaring af Guds Vilje og Plan for menneskeheden. Nu har Gud igen talt og \u00e5benbaret det, der aldrig er blevet \u00e5benbaret f\u00f8r, ved at tale gennem en Ny Budbringer, en mand ved navn Marshall Vian Summers.<\/p>\n<p><em>Den Nye Budbringer<\/em> indeholder de \u00e5benbaringer fra Kilden, der vedr\u00f8rer Budbringeren selv. Hvem er han? Hvorfor blev han udvalgt? Hvordan kan du vide, at han er \u00e6gte og autentisk? Og hvordan er han forbundet med de tidligere budbringere?<\/p>\n<p>Det er sp\u00f8rgsm\u00e5l, som alle mennesker med god tro kan stille sig selv. Nu har Gud igen talt med en r\u00e6kke \u00e5benbaringer for at h\u00f8jne vores forst\u00e5else af Guds Budbringere, deres udv\u00e6lgelse, deres st\u00f8rre identitet, deres forhold til hinanden og konsekvensen af deres fremtr\u00e6den og fremkomst i verden.<\/p>\n<p>Hvert kapitel i <em>Den Nye Budbringer<\/em> er en individuel \u00e5benbaring givet fra Gud til menneskeheden. Her har du mulighed for virkelig at forst\u00e5 manden, Marshall Vian Summers, som har modtaget over 9000 sider med \u00e5benbaringer om det Nye Budskab fra Gud. \u00c5benbaringens R\u00f8st forts\u00e6tter med at tale gennem Budbringeren og Ordet, og Lyden af Guds kommunikation h\u00f8res nu over hele verden. \u00c5benbaringen forts\u00e6tter den dag i dag.<\/p>\n<p><em>Den Nye Budbringer<\/em> er den tredje bog i bind 1 af Det Nye Budskab fra Gud.<\/p>\n","protected":false},"excerpt":{"rendered":"<p>Den Nye Budbringer er en \u00e5benbaring bog om oprindelsen, sl\u00e6gten og missionen af Guds Budbringere, som p\u00e5 forskellige tidspunkter i menneskehedens historie er kommet til verden for at modtage og pr\u00e6sentere Nye \u00c5benbaringer for menneskeheden. Det Nye Budskab underviser i, at alle Guds tidligere Budbringere var medlemmer af den Englelige Forsamling, som v\u00e5ger over verden.\u2026 <a class=\"read-more\" href=\"https:\/\/www.v6.newmessage.org\/da\/budskabet\/bind-1\/den-nye-budbringer\/introduktion\/\"><span>Read More<\/span><\/a><\/p>\n","protected":false},"author":77,"featured_media":0,"parent":16489,"menu_order":3,"comment_status":"closed","ping_status":"open","template":"template-leftsidebar.php","meta":{"_monsterinsights_skip_tracking":false,"_monsterinsights_sitenote_active":false,"_monsterinsights_sitenote_note":"","_monsterinsights_sitenote_category":0,"footnotes":""},"categories":[465,460],"tags":[655],"_links":{"self":[{"href":"https:\/\/www.v6.newmessage.org\/da\/wp-json\/wp\/v2\/pages\/27491"}],"collection":[{"href":"https:\/\/www.v6.newmessage.org\/da\/wp-json\/wp\/v2\/pages"}],"about":[{"href":"https:\/\/www.v6.newmessage.org\/da\/wp-json\/wp\/v2\/types\/page"}],"author":[{"embeddable":true,"href":"https:\/\/www.v6.newmessage.org\/da\/wp-json\/wp\/v2\/users\/77"}],"replies":[{"embeddable":true,"href":"https:\/\/www.v6.newmessage.org\/da\/wp-json\/wp\/v2\/comments?post=27491"}],"version-history":[{"count":4,"href":"https:\/\/www.v6.newmessage.org\/da\/wp-json\/wp\/v2\/pages\/27491\/revisions"}],"predecessor-version":[{"id":27495,"href":"https:\/\/www.v6.newmessage.org\/da\/wp-json\/wp\/v2\/pages\/27491\/revisions\/27495"}],"up":[{"embeddable":true,"href":"https:\/\/www.v6.newmessage.org\/da\/wp-json\/wp\/v2\/pages\/16489"}],"wp:attachment":[{"href":"https:\/\/www.v6.newmessage.org\/da\/wp-json\/wp\/v2\/media?parent=27491"}],"wp:term":[{"taxonomy":"category","embeddable":true,"href":"https:\/\/www.v6.newmessage.org\/da\/wp-json\/wp\/v2\/categories?post=27491"},{"taxonomy":"post_tag","embeddable":true,"href":"https:\/\/www.v6.newmessage.org\/da\/wp-json\/wp\/v2\/tags?post=27491"}],"curies":[{"name":"wp","href":"https:\/\/api.w.org\/{rel}","templated":true}]}}