{"id":27426,"date":"2021-10-26T22:14:16","date_gmt":"2021-10-26T22:14:16","guid":{"rendered":"https:\/\/www.newmessage.org\/da\/?page_id=27426"},"modified":"2021-11-22T02:36:30","modified_gmt":"2021-11-22T02:36:30","slug":"preparing-for-the-greater-community","status":"publish","type":"page","link":"https:\/\/www.v6.newmessage.org\/da\/budskabet\/bind-2\/preparing-for-the-greater-community\/","title":{"rendered":"Forberedelse p\u00e5 Det St\u00f8rre F\u00e6llesskab"},"content":{"rendered":"<p><img loading=\"lazy\" decoding=\"async\" class=\"imgborder alignright wp-image-36635\" src=\"https:\/\/www.newmessage.org\/wp-content\/uploads\/2020\/04\/preparing-for-the-greater-community-390x600.jpg\" alt=\"\" width=\"400\" height=\"587\"><\/p>\n<p><em>Preparing for the Greater Community<\/em> is a book of Revelation from the Creator of all life given to prepare us for the reality of Contact with extraterrestrial life and for humanity\u2019s emergence into a \u201cGreater Community\u201d of worlds in the universe.<\/p>\n<p><em>Preparing for the Greater Community<\/em> was given because humanity has reached this critical threshold in its evolution, a time of convergence when the reality of a changing world and the reality of Intervention from the universe collide. This book is here because the Greater Community is here\u2014forces from the Greater Community are in our world now. With this comes the urgent need to prepare mentally, emotionally and spiritually for the realities of engaging with life on a larger scale. It is to present this preparation that this book is now being made available to the world.<\/p>\n<p>Revealed in 1997, <em>Preparing for the Greater Community<\/em> was the first text of the New Message to reveal the larger reality of the Greater Community in which we live and to present a comprehensive preparation for life in this new and challenging environment. Here the Creator of all life is revealing what awaits humanity in the universe at large, the challenge and complexity of interaction between worlds, and the essential tools humanity will need to navigate its engagement with forces from beyond our world. Here the human family eclipses its millennia-old isolation in the universe and learns to interact wisely with other forms of intelligent life. This interaction will greatly expand how we view ourselves, God and our place in the universe.<\/p>\n<p><em>Preparing for the Greater Community<\/em> is a book in <a href=\"\/the-message\/volume-2\">Volume 2<\/a> of The New Message from God.<\/p>\n<p>The book contain the original spoken Revelations received by the Messenger <a href=\"\/gods-messenger\/who-is-marshall-vian-summers\">Marshall Vian Summers<\/a>. The Messenger has been directed by the Source of the New Message to gather the revelations of the New Message into the sacred books and Volumes of God\u2019s New Message.<\/p>\n<p style=\"text-align: left;\">\n<div class=\"background-color-bridesmaid padding-20\">\n<h2 style=\"text-align: left;\"><span style=\"color: #525252;\">Indholdsfortegnelse<\/span><\/h2>\n<p>Kapitel 3: <a href=\"\/budskabet\/bind-2\/preparing-for-the-greater-community\/essential-truths-about-the-greater-community\">Essentielle Sandheder om Det St\u00f8rre F\u00e6llesskab<\/a><br \/>\nKapitel 7: <a href=\"\/budskabet\/bind-2\/preparing-for-the-greater-community\/the-great-challenge-awaiting-humanity\/\">Den Store Udfordring der Venter Menneskeheden<\/a><br \/>\nKapitel 9: <a href=\"\/budskabet\/bind-2\/preparing-for-the-greater-community\/finding-knowledge\/\">At Finde Kundskab<\/a><br \/>\n<!--\n<a href=\"\/the-message\/volume-2\/preparing-for-the-greater-community\/preparing-for-the-greater-community-intro\">Introduction<\/a>\n\nKapitel 1: <a href=\"\/the-message\/volume-2\/preparing-for-the-greater-community\/life-beyond-solar-system\">What is the Greater Community?<\/a>\n\nKapitel 2: <a href=\"\/the-message\/volume-2\/preparing-for-the-greater-community\/human-isolation-over\">The Greater Community Presence in the World<\/a>\n\nKapitel 4: <a href=\"\/the-message\/volume-2\/preparing-for-the-greater-community\/group-mind\">Greater Community Intelligence and the Mental Environment<\/a>\n\nKapitel 5: <a href=\"\/the-message\/volume-2\/preparing-for-the-greater-community\/trade-commerce-competition\">Resources, Trade and Competition in the Greater Community<\/a>\n\nKapitel 6: <a href=\"\/the-message\/volume-2\/preparing-for-the-greater-community\/meaning-spiritual-development\">The Meaning of Spiritual Development in the Greater Community<\/a>\n\nKapitel 8: <a href=\"\/the-message\/volume-2\/preparing-for-the-greater-community\/higher-vantage-point\">Developing a Greater Community Perspective and Understanding<\/a>\n\nKapitel 10: <a href=\"\/the-message\/volume-2\/preparing-for-the-greater-community\/gaining-strength-inner-authority\">Gaining Strength and Influence in the Mental Environment<\/a>\n\nKapitel 11: <a href=\"\/the-message\/volume-2\/preparing-for-the-greater-community\/discernment-how-to-see\">Developing Clarity and Discernment<\/a>\n\nKapitel 12: <a href=\"\/the-message\/volume-2\/preparing-for-the-greater-community\/beyond-human-religion\">Going Beyond the Limits of Human Religion and Belief<\/a>\n\nKapitel 13: <a href=\"\/the-message\/volume-2\/preparing-for-the-greater-community\/responses-definition-intelligence\">Human Responses to the Greater Community<\/a>\n\nKapitel 14: <a href=\"\/the-message\/volume-2\/preparing-for-the-greater-community\/developing-strength-wisdom\">Developing Certainty, Strength and Wisdom<\/a>\n\nKapitel 15: <a href=\"\/the-message\/volume-2\/preparing-for-the-greater-community\/greater-honesty-mind\">Developing Greater Honesty<\/a>\n\nKapitel 16: <a href=\"\/the-message\/volume-2\/preparing-for-the-greater-community\/great-relationships-destiny\">Relationships, Destiny and Calling<\/a>\n\nKapitel 17: <a href=\"\/the-message\/volume-2\/preparing-for-the-greater-community\/beginning-preparation-respond-calling\">Beginning the Preparation<\/a>\n\n<a href=\"\/the-message\/volume-2\/preparing-for-the-greater-community\/guidelines-for-preparing-for-the-greater-community\">Guidelines for Preparing for the Greater Community<\/a>\n--><\/p>\n<\/div>\n","protected":false},"excerpt":{"rendered":"<p>Preparing for the Greater Community is a book of Revelation from the Creator of all life given to prepare us for the reality of Contact with extraterrestrial life and for humanity\u2019s emergence into a \u201cGreater Community\u201d of worlds in the universe. Preparing for the Greater Community was given because humanity has reached this critical threshold\u2026 <a class=\"read-more\" href=\"https:\/\/www.v6.newmessage.org\/da\/budskabet\/bind-2\/preparing-for-the-greater-community\/\"><span>Read More<\/span><\/a><\/p>\n","protected":false},"author":77,"featured_media":0,"parent":16312,"menu_order":2,"comment_status":"closed","ping_status":"closed","template":"template-leftsidebar.php","meta":{"_monsterinsights_skip_tracking":false,"_monsterinsights_sitenote_active":false,"_monsterinsights_sitenote_note":"","_monsterinsights_sitenote_category":0,"footnotes":""},"categories":[637,467],"tags":[652],"_links":{"self":[{"href":"https:\/\/www.v6.newmessage.org\/da\/wp-json\/wp\/v2\/pages\/27426"}],"collection":[{"href":"https:\/\/www.v6.newmessage.org\/da\/wp-json\/wp\/v2\/pages"}],"about":[{"href":"https:\/\/www.v6.newmessage.org\/da\/wp-json\/wp\/v2\/types\/page"}],"author":[{"embeddable":true,"href":"https:\/\/www.v6.newmessage.org\/da\/wp-json\/wp\/v2\/users\/77"}],"replies":[{"embeddable":true,"href":"https:\/\/www.v6.newmessage.org\/da\/wp-json\/wp\/v2\/comments?post=27426"}],"version-history":[{"count":10,"href":"https:\/\/www.v6.newmessage.org\/da\/wp-json\/wp\/v2\/pages\/27426\/revisions"}],"predecessor-version":[{"id":27518,"href":"https:\/\/www.v6.newmessage.org\/da\/wp-json\/wp\/v2\/pages\/27426\/revisions\/27518"}],"up":[{"embeddable":true,"href":"https:\/\/www.v6.newmessage.org\/da\/wp-json\/wp\/v2\/pages\/16312"}],"wp:attachment":[{"href":"https:\/\/www.v6.newmessage.org\/da\/wp-json\/wp\/v2\/media?parent=27426"}],"wp:term":[{"taxonomy":"category","embeddable":true,"href":"https:\/\/www.v6.newmessage.org\/da\/wp-json\/wp\/v2\/categories?post=27426"},{"taxonomy":"post_tag","embeddable":true,"href":"https:\/\/www.v6.newmessage.org\/da\/wp-json\/wp\/v2\/tags?post=27426"}],"curies":[{"name":"wp","href":"https:\/\/api.w.org\/{rel}","templated":true}]}}