{"id":27383,"date":"2021-09-18T14:20:21","date_gmt":"2021-09-18T14:20:21","guid":{"rendered":"https:\/\/www.newmessage.org\/da\/?page_id=27383"},"modified":"2021-09-18T14:55:10","modified_gmt":"2021-09-18T14:55:10","slug":"at-begribe-gud","status":"publish","type":"page","link":"https:\/\/www.v6.newmessage.org\/da\/budskabet\/bind-1\/den-ene-gud\/at-begribe-gud\/","title":{"rendered":"At Begribe Gud"},"content":{"rendered":"<div><!-- Version 8.03 Verse Adskillelsen --><\/div>\n\n<div class=\"tabgroup \"><ul class=\"tabs\"><li><a href=\"#tabs-1\">At Begribe Gud<\/a><\/li>\n<li><a href=\"#tabs-2\">Note<\/a><\/li><\/ul>\n <div id=\"tabs-1\"><br \/>\nH\u00f8r den oprindelige version af At Begribe Gud p\u00e5 engelsk:<\/p>\n<div id=\"jquery_jplayer_1\" class=\"jp-jplayer\"><\/div>\n\t\t\t\t<div id=\"jp_container_1\" class=\"jp-audio\">\n\t\t\t\t<div class=\"jp-type-single\"><div class=\"jp-control\"><a href=\"javascript:;\" class=\"jp-play\" tabindex=\"1\">play<\/a><a href=\"javascript:;\" class=\"jp-pause\" tabindex=\"1\">pause<\/a><\/div> <div class=\"jp-gui jp-interface\"><div class=\"jp-volume\"><div class=\"jp-volume-bar\"><div class=\"jp-volume-bar-value\"><\/div><\/div><\/div><div class=\"jp-progress\"><div class=\"jp-seek-bar\"><div class=\"jp-play-bar\"><\/div><\/div><\/div><\/div>\t\t\t\t\t<div class=\"jp-no-solution\"><span>Update Required<\/span>To play the media you will need to either update your browser to a recent version or update your <a href=\"http:\/\/get.adobe.com\/flashplayer\/\" target=\"_blank\">Flash plugin<\/a>.<\/div><\/div><\/div>\n\t\t\t<script type='text\/javascript'>\n\t\t\t\tjQuery(document).ready(function() {\n\t\t\t\t\tif (typeof (sermonMedia) == 'function') {\n\t\t\t\t\t\tsermonMedia.addAudio('', \"jquery_jplayer_1\");\n\t\t\t\t\t}\n\t\t\t\t\tjQuery.jPlayer.timeFormat.showHour = true;\n\t\t\t\t\tjQuery(\"#jquery_jplayer_1\").jPlayer({\n\t\t\t\t\t\tready: function(event) {\n\t\t\t\t\t\t\tjQuery(this).jPlayer(\"setMedia\", {mp3: 'https:\/\/www.newmessage.org\/av\/comprehending-god.mp3'});\n\t\t\t\t\t\t},\n\t\t\t\t\t\tplay: function() {\n\t\t\t\t\t\t\tjQuery(this).jPlayer(\"pauseOthers\");\n\t\t\t\t\t\t},\n\t\t\t\t\t\tswfPath: ThemeData.directory_uri+\"\/swf\",\n\t\t\t\t\t\tsolution: \"html, flash\",\n\t\t\t\t\t\tpreload: \"metadata\",\n\t\t\t\t\t\twmode: \"window\",\n\t\t\t\t\t\tsupplied: \"mp3\",\n\t\t\t\t\t\tcssSelectorAncestor: '#jp_container_1'\n\t\t\t\t\t});\n\t\t\t\t});\n\t\t\t<\/script><\/p>\n<p><a href=\"https:\/\/www.newmessage.org\/av\/comprehending-god.mp3\">Download<\/a> (h\u00f8jre-klik for at downloade)<br \/>\n<em>Som \u00e5benbaret for Guds Budbringer,<br \/>\nMarshall Vian Summers<br \/>\nden 31. januar, 2007<br \/>\ni Boulder, Colorado<\/em><\/p>\n<div class=\"toggle toggle-white\"><h4 class=\"trigger \"><span class=\"t_ico\"><\/span><a href=\"#\">Om denne optagelse<\/a><\/h4><div class=\"toggle_container \"><br \/>\n<div id=\"yui_3_16_0_ym19_1_1467955126517_3327\" dir=\"ltr\"><span id=\"yui_3_16_0_ym19_1_1467955126517_3177\"><span id=\"yui_3_16_0_ym19_1_1467955126517_3178\">D\u00e9t, du h\u00f8rer i denne lydoptagelse er Den Englelige Forsamlings stemme, der taler gennem Budbringeren, Marshall Vian Summers<br \/>\n<\/span><\/span><\/div>\n<div dir=\"ltr\"><span id=\"yui_3_16_0_ym19_1_1467955126517_3177\"><span id=\"yui_3_16_0_ym19_1_1467955126517_3178\">\u00a0<\/span><\/span><\/div>\n<div id=\"yui_3_16_0_ym19_1_1467955126517_3359\" dir=\"ltr\"><span id=\"yui_3_16_0_ym19_1_1467955126517_3177\"><span id=\"yui_3_16_0_ym19_1_1467955126517_3178\"> Her er den oprindelige kommunikation fra Gud, der eksisterer hinsides ord, oversat til menneskeligt sprog og forst\u00e5else af Den Englelige Forsamling, der f\u00f8rer tilsyn med verden. Forsamlingen leverer derefter Guds Budskab gennem Budbringeren.<br \/>\n<\/span><\/span><\/div>\n<div id=\"yui_3_16_0_ym19_1_1467955126517_3369\" dir=\"ltr\"><span id=\"yui_3_16_0_ym19_1_1467955126517_3177\"><span id=\"yui_3_16_0_ym19_1_1467955126517_3178\">\u00a0<\/span><\/span><\/div>\n<div id=\"yui_3_16_0_ym19_1_1467955126517_3370\" dir=\"ltr\"><span id=\"yui_3_16_0_ym19_1_1467955126517_3177\"><span id=\"yui_3_16_0_ym19_1_1467955126517_3178\">I dette bem\u00e6rkelsesv\u00e6rdige forl\u00f8b, taler \u00c5benbaringens Stemme p\u00e5 ny. Ordet og Lyden er i verden. For f\u00f8rste gang i historien, er den oprindelige talte \u00e5benbaring tilg\u00e6ngelig for dig og for verden at opleve.<br \/>\n<\/span><\/span><\/div>\n<div id=\"yui_3_16_0_ym19_1_1467955126517_3436\" dir=\"ltr\"><span id=\"yui_3_16_0_ym19_1_1467955126517_3177\"><span id=\"yui_3_16_0_ym19_1_1467955126517_3178\">\u00a0<\/span><\/span><\/div>\n<div id=\"yui_3_16_0_ym19_1_1467955126517_3435\" dir=\"ltr\"><span id=\"yui_3_16_0_ym19_1_1467955126517_3177\"><span id=\"yui_3_16_0_ym19_1_1467955126517_3178\">M\u00e5 du v\u00e6re modtageren af denne \u00c5benbaringens gave og m\u00e5 du v\u00e6re \u00e5ben for at tage imod dens unikke Budskab for dig og for dit liv.<\/span><\/span><\/div>\n<br \/>\n<\/div><\/div>\n<p><\/div>\n<div id=\"tabs-2\"><\/p>\n<p><em>NOTE TIL L\u00c6SERNE:<br \/>\nDenne overs\u00e6ttelse blev givet til The Society af en studerende af Det Nye Budskab, der meldte sig frivilligt til at overs\u00e6tte den originale engelske tekst. Vi stiller denne overs\u00e6ttelse til r\u00e5dighed for verden i denne tidlige form, for at give mennesker en mulighed for at engagere sig med en del af Det Nye Budskab p\u00e5 deres eget sprog.<\/em><\/p>\n<p><\/div>\n\t\t\t\t<div align=\"right\">\n\t\t\t<div class=\"fb-like\" data-href=\"\" data-layout=\"button_count\" data-action=\"like\" data-show-faces=\"false\" data-share=\"false\"><\/div>\n\t\t\t<div class=\"fb-share-button\" data-layout=\"button_count\"> <\/div>\n\t\t\t<div class=\"fb_iframe_widget\"><a href=\"https:\/\/twitter.com\/godsnewmessage?ref_src=twsrc%5Etfw\" class=\"twitter-follow-button\" data-show-count=\"false\">Follow @godsnewmessage<\/a><script async src=\"https:\/\/platform.twitter.com\/widgets.js\" charset=\"utf-8\"><\/script><\/div>\n\t\t\t<\/div> <\/div> \n\n<p>Det er nu tid til at begribe mere af Gud og til en udvidet forst\u00e5else af Gud, der er Kilden og Forfatteren til dit liv og til alt liv i denne verden og i hele Det St\u00f8rre F\u00e6llesskab af verdener, hvori du lever.<\/p>\n<p>Denne nye forst\u00e5else er ikke for at rette tidligere forst\u00e5else, s\u00e5 meget som for at udvide den, g\u00f8re den mere fuldendt, lade d\u00f8ren st\u00e5 \u00e5ben til en st\u00f8rre oplevelse af Den Guddommelige Vilje og Tilstedev\u00e6relse i dit liv.<\/p>\n<p>I og med pr\u00e6sentationen af et Nyt Budskab fra Gud, er det n\u00f8dvendigt at forny denne oplevelse, at friske den op, at adskille den fra alle de ting, der er tilf\u00f8jet af menneskelige institutioner og menneskelige opfindelser, for at bringe den i st\u00f8rre fokus og st\u00f8rre klarhed for dig.<\/p>\n<p>Her er det vigtigt ikke at forveksle Gud med religion, for mange forf\u00e6rdelige ting er gjort i religionens navn og i Guds navn. Men Gud eksisterer langt udover disse ting \u2013 langt udover menneskelig fejlen, langt udover menneskelig forestilling, langt udover menneskelig opfindelse og langt udover menneskelig korruption.<\/p>\n<p>Det er nu n\u00f8dvendigt for dig at t\u00e6nke p\u00e5 Gud indenfor en st\u00f8rre arena af intelligent liv, hvori du lever, hvilket inkluderer alt liv i denne verden, men derudover str\u00e6kker sig ud i Det St\u00f8rre F\u00e6llesskab [universet].<\/p>\n<p>Ellers vil du t\u00e6nke p\u00e5 Gud som en projektion af din egen personlighed, som en projektion af dine egne emotioner, tanker og f\u00f8lelser. Du vil projicere din vrede over p\u00e5 Gud, projicere dine pr\u00e6ferencer, dine domme, den f\u00f8lelse af h\u00e6vn, du end m\u00e5tte have, dine forestillinger om retf\u00e6rdighed og straf og s\u00e5 videre, over p\u00e5 Gud.<\/p>\n<p>Men Gud eksisterer hinsides alt dette \u2013 den virkelige Gud, den rene Gud, der har skinnet som solen p\u00e5 dig. Uanset skyerne i himlen, uanset forureningen i atmosf\u00e6ren og turbulensen p\u00e5 jorden, er Gud ligesom solen, der skinner p\u00e5 dig.<\/p>\n<p>Men Gud er hinsides solen, hinsides nogen definition, du kan ytre. Hinsides jeres historier, hinsides de store l\u00e6rere og store Budbringere fra Gud, hinsides de fremragende spirituelle b\u00f8ger og vidnesbyrd, er der Gud, Skaberen og Forfatteren af dit liv og din eksistens.<\/p>\n<p>Det, som Gud har skabt i dig, lever i dig nu. Det lever hinsides dit intellekt, hinsides dine tanker og din forst\u00e5else, hinsides dine begreber, hinsides dine id\u00e9er og overbevisninger, i et dybere sted i dig \u2013 i et dybere sind, et sind, der i Det Nye Budskab kaldes Kundskab. Det er det sind, der ved. Det er det sind, der venter. Det er det sind, der ser klart uden forvr\u00e6ngning, uden frygt, uden pr\u00e6ference, uden forvirring, uden spekulation \u2013 et dybere sind i dig.<\/p>\n<p>Det er dette Gud har skabt i dig, der er permanent, der vil vare evigt. Hinsides din midlertidige identitet i denne verden, hinsides alle denne verdens og alle andre verdeners begivenheder, hinsides dine oplevelsers str\u00f8m i dette liv, er der Kundskab i dig, og det er Gud, der er Forfatteren til denne Kundskab.<\/p>\n<p>Hvis du t\u00e6nker p\u00e5 Gud i denne st\u00f8rre sammenh\u00e6ng, kan du begynde at v\u00e6rds\u00e6tte Guds Skabelses magt og storsl\u00e5ethed i verden og med tiden i dig selv.<\/p>\n<p>Din krop, din forstand, din personlighed \u2013 er alle midlertidige udtryksmidler, hvis h\u00f8jere form\u00e5l er at udtrykke dit forhold til Gud og den Visdom, som Gud har givet dig at kommunikere og yde som bidrag til en verden i n\u00f8d.<\/p>\n<p>S\u00e5 vil du begynde at se, at Gud gennemtr\u00e6nger alt, lever i alt og dog er hinsides alt \u2013 det hele p\u00e5 \u00e9n gang.<\/p>\n<p>Du kan m\u00e6rke denne Tilstedev\u00e6relse, hvor du end befinder dig, og du kan m\u00e6rke og f\u00f8lge Kundskab, hvor du end befinder dig.<\/p>\n<p>Derfor, for helt at forst\u00e5 og opleve Gud i dit liv, m\u00e5 du komme til Kundskab i dig selv, som er den St\u00f8rre Intelligens, evigheden, som Gud har skabt i dig og for dig. Den er den, du virkeligt er, hinsides alle begreber, id\u00e9er og vildfarelser. Den er din sande natur.<\/p>\n<p>Det er ved at f\u00e5 forbindelse til Kundskab, ved at l\u00e6re at skelne Kundskab og f\u00f8lge Kundskab, at du l\u00e6rer at opleve Tilstedev\u00e6relsen, Guds Magt og Vilje i dit liv.<\/p>\n<p>Herudover forbliver Gud for altid hinsides intellektets begreber, hinsides alle menneskelige opfindelser, hinsides alle individuelle og kollektive filosofier. For hvilken r\u00e6kke af id\u00e9er eller begreber kan indeholde en Gud af Det St\u00f8rre F\u00e6llesskab, Forfatteren til tall\u00f8se racer af v\u00e6sner, der alle er unikke og forskellige fra hinanden p\u00e5 s\u00e5 mange m\u00e5der?<\/p>\n<p>S\u00e5, at komme til Gud, er at komme til Kundskab i dig selv, for det er denne, der kalder dig til Gud. M\u00e5ske vil du blive kaldt til et bestemt sted eller til en bestemt person, men det er med denne hensigt \u2013 at opleve N\u00e6rv\u00e6ret i dig selv. For du vil have brug for mere end overbevisning for at v\u00e6rds\u00e6tte, begribe og f\u00f8lge det, Gud har givet dig at se, at vide og at g\u00f8re.<\/p>\n<p>Lad derfor dette v\u00e6re dit udgangspunkt, hvor du tager Trin til Kundskab, hvor du tager trinnene til Gud. Og du g\u00f8r dette, uanset om du er kristen, buddhist eller muslim. Ligegyldigt hvilken trostradition du er tilknyttet, eller endda, hvis du ikke har nogen trostradition, er der stadigt Trinnene til Kundskab.<\/p>\n<p>Det er Kundskab, der skabte alle verdens religioner, og Kundskab, der fortsat forener dem alle, til trods for al den adskillelse og de konflikter, der eksisterer imellem dem. For disse er en menneskelig opfindelse og ikke en Guddommelig opfindelse.<\/p>\n<p>Kaldet genlyder i alle disse traditioner \u2013 i dem og hinsides dem. Det er et Kald, der lyder tv\u00e6rs over hele universet, om at vende tilbage til Kundskabens magt og tilstedev\u00e6relse, for at opdage det, Kundskab har for dig at g\u00f8re, at se og at vide. Dette indleder tilbagerejsen \u2013 Kaldet, lytningen, responsen og tilbagerejsen.<br \/>\nLad dette v\u00e6re din forst\u00e5else.<\/p>\n<p>&nbsp;<\/p>\n","protected":false},"excerpt":{"rendered":"<p>Det er nu tid til at begribe mere af Gud og til en udvidet forst\u00e5else af Gud, der er Kilden og Forfatteren til dit liv og til alt liv i denne verden og i hele Det St\u00f8rre F\u00e6llesskab af verdener, hvori du lever. Denne nye forst\u00e5else er ikke for at rette tidligere forst\u00e5else, s\u00e5 meget\u2026 <a class=\"read-more\" href=\"https:\/\/www.v6.newmessage.org\/da\/about-recording-shortcode\/\"><span>Read More<\/span><\/a><\/p>\n","protected":false},"author":77,"featured_media":0,"parent":16297,"menu_order":0,"comment_status":"closed","ping_status":"closed","template":"template-leftsidebar.php","meta":{"_monsterinsights_skip_tracking":false,"_monsterinsights_sitenote_active":false,"_monsterinsights_sitenote_note":"","_monsterinsights_sitenote_category":0,"footnotes":""},"categories":[76,379,460],"tags":[147,573,599],"_links":{"self":[{"href":"https:\/\/www.v6.newmessage.org\/da\/wp-json\/wp\/v2\/pages\/27383"}],"collection":[{"href":"https:\/\/www.v6.newmessage.org\/da\/wp-json\/wp\/v2\/pages"}],"about":[{"href":"https:\/\/www.v6.newmessage.org\/da\/wp-json\/wp\/v2\/types\/page"}],"author":[{"embeddable":true,"href":"https:\/\/www.v6.newmessage.org\/da\/wp-json\/wp\/v2\/users\/77"}],"replies":[{"embeddable":true,"href":"https:\/\/www.v6.newmessage.org\/da\/wp-json\/wp\/v2\/comments?post=27383"}],"version-history":[{"count":1,"href":"https:\/\/www.v6.newmessage.org\/da\/wp-json\/wp\/v2\/pages\/27383\/revisions"}],"predecessor-version":[{"id":27384,"href":"https:\/\/www.v6.newmessage.org\/da\/wp-json\/wp\/v2\/pages\/27383\/revisions\/27384"}],"up":[{"embeddable":true,"href":"https:\/\/www.v6.newmessage.org\/da\/wp-json\/wp\/v2\/pages\/16297"}],"wp:attachment":[{"href":"https:\/\/www.v6.newmessage.org\/da\/wp-json\/wp\/v2\/media?parent=27383"}],"wp:term":[{"taxonomy":"category","embeddable":true,"href":"https:\/\/www.v6.newmessage.org\/da\/wp-json\/wp\/v2\/categories?post=27383"},{"taxonomy":"post_tag","embeddable":true,"href":"https:\/\/www.v6.newmessage.org\/da\/wp-json\/wp\/v2\/tags?post=27383"}],"curies":[{"name":"wp","href":"https:\/\/api.w.org\/{rel}","templated":true}]}}