{"id":27220,"date":"2018-07-21T18:01:08","date_gmt":"2018-07-21T18:01:08","guid":{"rendered":"http:\/\/www.newmessage.org\/da\/?page_id=27220"},"modified":"2018-07-21T18:24:19","modified_gmt":"2018-07-21T18:24:19","slug":"stotte-det-nye-budskab","status":"publish","type":"page","link":"https:\/\/www.v6.newmessage.org\/da\/om-det-globale-faellesskab\/stotte-det-nye-budskab\/","title":{"rendered":"At st\u00f8tte det Nye Budskab"},"content":{"rendered":"<p>[vc_row][vc_column][vc_column_text]<div class=\"one_half \" ><\/p>\n<h2>\u00c9n-gangs Donationer<\/h2>\n<p><img loading=\"lazy\" decoding=\"async\" class=\"aligncenter\" src=\"\/\/cdn2.bigcommerce.com\/server2100\/932c8\/products\/106\/images\/170\/productimage-frienddonation.001__48553.1405379429.1280.1280.jpg?c=2\" alt=\"AT ST\u00d8TTE DET NYE BUDSKAB\" width=\"240\" height=\"240\" \/><\/p>\n<p>Donationer kan gives online gennem New Knowledge Biblioteks boghandel, eller med Paypal:<\/p>\n<p><a class='simple_button_link ' style='background-color: #4f8fd6' href='http:\/\/www.newknowledgelibrary.org\/products\/Donation-to-the-New-Message-%2410.html'   ><span>Giv $10<\/span><\/a> <a class='simple_button_link ' style='background-color: #4f8fd6' href='http:\/\/www.newknowledgelibrary.org\/products\/Donation-to-the-New-Message-%2425.html'   ><span>Giv $25<\/span><\/a> <a class='simple_button_link ' style='background-color: #4f8fd6' href='http:\/\/www.newknowledgelibrary.org\/products\/Donation-to-the-New-Message-%2450.html'   ><span>Giv $50<\/span><\/a> <a class='simple_button_link ' style='background-color: #4f8fd6' href='http:\/\/www.newknowledgelibrary.org\/products\/Donation-to-the-New-Message-%24100.html'   ><span>Giv $100<\/span><\/a> <a class='simple_button_link ' style='background-color: #4f8fd6' href='http:\/\/www.newknowledgelibrary.org\/products\/Donation-to-the-New-Message-%24500.html'   ><span>Giv $500<\/span><\/a> <a class='simple_button_link ' style='background-color: #4f8fd6' href='http:\/\/www.newknowledgelibrary.org\/products\/Donation-to-the-New-Message-%241000.html'   ><span>Giv $1,000<\/span><\/a> <a class='simple_button_link ' style='background-color: #4f8fd6' href='http:\/\/www.newknowledgelibrary.org\/products\/Donation-to-the-New-Message-%2410%2C000.html'   ><span>Giv $10,000<\/span><\/a><\/p>\n<p><em>Alle donationer er i U.S. Dollars og er skattefradragsberettigede, hvor dette if\u00f8lge loven er g\u00e6ldende.<\/em><\/p>\n<h2>Don\u00e9r M\u00e5nedligt<\/h2>\n<p><strong>Det Nye Budskabs Venner<\/strong> bidrager m\u00e5nedligt til The Societys kernearbejde. Venner har i \u00e5revis s\u00f8rget for et solidt fundament for The Societys voksende bestr\u00e6belser. Det Nye Budskabs Venner er enkeltmennesker, der binder sig til at give p\u00e5 det niveau, det er dem muligt <a href=\"\/\/newknowledgelibrary.org\/friends\/\">Bliv en Ven<\/a>.<\/p>\n<p style=\"text-align: center\"><a class='simple_button_link ' style='background-color: #4f8fd6' href='http:\/\/newknowledgelibrary.org\/donate\/friends-of-the-new-message-give-monthly-10\/'   ><span>Bliv en Ven af Det Nye Budskab ved at Give $10\/m\u00e5nedligt<\/span><\/a><\/p>\n<p style=\"text-align: center\"><a class='simple_button_link ' style='background-color: #4f8fd6' href='http:\/\/newknowledgelibrary.org\/donate\/friends-of-the-new-message-give-monthly-25\/'   ><span>Bliv en Ven af Det Nye Budskab ved at Give $25\/m\u00e5nedligt<\/span><\/a><\/p>\n<p style=\"text-align: center\"><a class='simple_button_link ' style='background-color: #4f8fd6' href='http:\/\/newknowledgelibrary.org\/donate\/friends-of-the-new-message-give-monthly-50\/'   ><span>Bliv en Ven af Det Nye Budskab ved at Give $50\/m\u00e5nedligt<\/span><\/a><\/p>\n<p style=\"text-align: center\"><a class='simple_button_link ' style='background-color: #4f8fd6' href='http:\/\/newknowledgelibrary.org\/donate\/friends-of-the-new-message-give-monthly-75\/'   ><span>Bliv en Ven af Det Nye Budskab ved at Give $75\/m\u00e5nedligt<\/span><\/a><\/p>\n<p><strong>Det Nye Budskabs S\u00f8jler<\/strong> er en uundv\u00e6rlig del af fundamentet for The Societys undervisnings- og udbredningsmission. En S\u00f8jle af Det Nye Budskab forpligter sig til at give $100 eller mere hver m\u00e5ned. Der er brug for 300 S\u00f8jler for at im\u00f8dekomme \u00e5rlige udgifter.<\/p>\n<p>At v\u00e6re en S\u00f8jle er et udtryk for dit forhold til Det Nye Budskab, dets Budbringer og dets uops\u00e6ttelige gave til verden. Bliv en forl\u00f8ber i verden og en vejviser for andre, der s\u00f8ger at leve et inspireret liv og leve deres form\u00e5l i en opdukkende verden.<br \/>\n<a href=\"\/\/newknowledgelibrary.org\/pillars\/\">Bliv en S\u00f8jle<\/a>.<\/p>\n<p style=\"text-align: center\"><a class='simple_button_link ' style='background-color: #4f8fd6' href='http:\/\/newknowledgelibrary.org\/donate\/a-pillar-of-the-new-message-give-monthly-100\/'   ><span>Bliv en S\u00f8jle af Det Nye Budskab ved at Give $100\/m\u00e5nedligt<\/span><\/a><\/p>\n<p style=\"text-align: center\"><a class='simple_button_link ' style='background-color: #4f8fd6' href='http:\/\/newknowledgelibrary.org\/donate\/a-pillar-of-the-new-message-give-monthly-150\/'   ><span>Bliv en S\u00f8jle af Det Nye Budskab ved at Give $150\/m\u00e5nedligt<\/span><\/a><\/p>\n<p style=\"text-align: center\"><a class='simple_button_link ' style='background-color: #4f8fd6' href='http:\/\/newknowledgelibrary.org\/donate\/a-pillar-of-the-new-message-give-monthly-200\/'   ><span>Bliv en S\u00f8jle af Det Nye Budskab ved at Give $200\/m\u00e5nedligt<\/span><\/a><\/p>\n<p style=\"text-align: center\"><a class='simple_button_link ' style='background-color: #4f8fd6' href='http:\/\/newknowledgelibrary.org\/donate\/a-pillar-of-the-new-message-give-monthly-300\/'   ><span>Bliv en S\u00f8jle af Det Nye Budskab ved at Give $300\/m\u00e5nedligt<\/span><\/a><\/p>\n<p>Slut dig til et globalt f\u00e6llesskab, best\u00e5ende af mennesker, der finansielt st\u00f8tter <a title=\"The Society\" href=\"https:\/\/www.newmessage.org\/da\/om-the-society\/\">The Society<\/a> i sin mission om at bringe Det Nye Budskab fra Gud til menneskeheden.<\/p>\n<h3>Don\u00e9r Bitcoins&#8230;<a href=\"https:\/\/www.newmessage.org\/wp-content\/uploads\/2017\/07\/btc.png\"><img loading=\"lazy\" decoding=\"async\" class=\"alignright wp-image-33227\" src=\"https:\/\/www.newmessage.org\/wp-content\/uploads\/2017\/07\/btc-150x150.png\" alt=\"\" width=\"100\" height=\"95\" \/><\/a><\/h3>\n<p>Send bitcoins donationer til The Society for Det Nye Budskab her:<\/p>\n<p><span style=\"color: #000000\">12HE4k8erJBvd7zjCqzrFHQpmhUD4YKQ9h<\/span><\/p>\n<p>For at f\u00e5 en kvittering og en bekr\u00e6ftelse p\u00e5 at dine donationer er modtaget, bedes du venligst kontakte <strong><a href=\"mailto:society@greatercommunity.org\">The Society<\/a><\/strong> efter, at du har sendt bitcoins.<\/p>\n<p style=\"text-align: center\"><a href=\"https:\/\/www.newmessage.org\/wp-content\/uploads\/2017\/08\/btc-donations-icon.jpg\"><img loading=\"lazy\" decoding=\"async\" class=\"imgborder aligncenter wp-image-33218\" src=\"https:\/\/www.newmessage.org\/wp-content\/uploads\/2017\/08\/btc-donations-icon-298x300.jpg\" alt=\"\" width=\"200\" height=\"202\" \/><\/a><\/p>\n<h3><\/h3>\n<p>&nbsp;<\/p>\n<h3>Don\u00e9r Ethereum&#8230;<a href=\"https:\/\/www.newmessage.org\/wp-content\/uploads\/2017\/07\/ethereum-logo.png\"><img loading=\"lazy\" decoding=\"async\" class=\"alignright wp-image-33630\" src=\"https:\/\/www.newmessage.org\/wp-content\/uploads\/2017\/07\/ethereum-logo-150x150.png\" alt=\"\" width=\"100\" height=\"100\" \/><\/a><\/h3>\n<p>Send Ethereum donationer til The Society for Det Nye Budskab her:<\/p>\n<p><span style=\"color: #000000\">0x2aBe894Dc922E9Bb5537f4bc31d5C01BA7f380c2<\/span><\/p>\n<p>For at f\u00e5 en kvittering og en bekr\u00e6ftelse p\u00e5 at dine donationer er modtaget, bedes du venligst kontakte <strong><a href=\"mailto:society@greatercommunity.org\">The Society<\/a><\/strong> efter, at du har sendt ethereum.<\/p>\n<p style=\"text-align: center\"><a href=\"https:\/\/www.newmessage.org\/wp-content\/uploads\/2017\/07\/eth-donations-icon.png\"><img loading=\"lazy\" decoding=\"async\" class=\"aligncenter wp-image-33631\" title=\"imgborder\" src=\"https:\/\/www.newmessage.org\/wp-content\/uploads\/2017\/07\/eth-donations-icon-150x150.png\" alt=\"\" width=\"200\" height=\"199\" \/><\/a><\/p>\n<p>&nbsp;<\/p>\n<h2>At Give Testamentarisk<\/h2>\n<p>Hvis livet har givet dig finansielle midler til at v\u00e6re en Velg\u00f8rer, kan du f\u00e5 en historisk rolle i at sikre Det Nye Budskabs succes og bevarelse for fremtiden. At Give Testamentarisk kan g\u00f8res fremadrettet i enkeltst\u00e5ende donationer, eller gennem f\u00f8lgende medier:<\/p>\n<ul class=\"list-vertical diamond\">\n<li>Etablering af et Legat<\/li>\n<li>Lagergave eller fast ejendom<\/li>\n<li>Velg\u00f8renhedsarv i dit testamente<\/li>\n<li>Udpege The Society som arving af en forsikringspolice eller en pensionsplan<\/li>\n<\/ul>\n<p><strong>For at tale om disse og andre muligheder for begunstigelse, kontakt venligst Will Burrows p\u00e5 (800) 938-3891.<\/strong><\/p>\n<p class=\"font-size-12\">The Society for the New Message from God er en religi\u00f8s nonprofit 501(c)(3) organisation, der er registreret i United States og dedikeret til at pr\u00e6sentere og bevare Det Nye Budskabs hellige tekster og optagelser.<\/p>\n<h2>Tilbyd din tid<\/h2>\n<p>Det Nye Budskabs Mission udf\u00f8res af The Societys medlemmer, sidel\u00f8bende med et dedikeret team af frivillige, der er spredt over hele kloden. Hvis du gerne vil tilbyde dine f\u00e6rdigheder og slutte dig til denne store bestr\u00e6belse, udfyld da venligt f\u00f8lgende Frivilligheds Formular: <a href=\"\/\/www.newmessage.org\/volunteer\">Volunteer form<\/a>.<\/p>\n<h2>F\u00e6llesskabs Fundraising<\/h2>\n<p>Handler du online og er interesseret i at rejse pengemidler til The Society for Det Nye Budskab? Benyt dig da af linkene herunder, hvorefter The Society vil modtage mellem 2 % &#8211; 12 % af v\u00e6rdien af dit indk\u00f8b i f\u00f8lgende forretninger og detailhandlere. P\u00e5 denne m\u00e5de kan Det Nye Budskabs studerende gavne The Society gennem deres almindelige indk\u00f8bsaktiviteter.<\/p>\n<h4><strong>Bes\u00f8g <\/strong><a href=\"\/\/www.newmessage.org\/shop\"><strong>www.newmessage.org\/shop<\/strong><\/a><\/h4>\n<h2>Andre m\u00e5der at rejse midler til The Society<\/h2>\n<p>Bare gennem din regelm\u00e6ssige online browsing og indk\u00f8bsvaner kan du give The Society penge, uden ekstra udgifter for dig selv! Her ser du hvordan:<\/p>\n<table class=\" aligncenter\" style=\"height: 100%\" width=\"100%;\">\n<tbody>\n<tr>\n<td width=\"40%\"><\/td>\n<td width=\"60%\"><strong>AMAZONS S\u00d8STER PROGRAM<\/strong><br \/>\nKlik p\u00e5 Amazon-ikonet i venstre side for at komme til Amazon.com og ethvert k\u00f8b, du foretager over de n\u00e6ste 24 timer vil g\u00f8re det muligt for The Society at tjene 4 \u2013 7% i kommission.<\/td>\n<\/tr>\n<\/tbody>\n<\/table>\n<ul>\n<li style=\"list-style-type: none\">\n<ul>\n<li><a href=\"\/\/www.goodsearch.com\/nonprofit\/society-for-the-greater-community-way-of-knowledge.aspx\"><img loading=\"lazy\" decoding=\"async\" class=\"imgborder alignleft size-full\" src=\"\/\/www.newmessage.org\/wp-content\/uploads\/2014\/08\/goodsearch.png\" alt=\"GoodSearch\" width=\"207\" height=\"31\" \/><\/a>Anvend <a href=\"\/\/www.goodsearch.com\/nonprofit\/society-for-the-greater-community-way-of-knowledge.aspx\">GoodSearch S\u00f8ge Maskine<\/a>. Hver eneste s\u00f8gning, du foretager, giver $0.01 til The Society. Se en <a href=\"\/\/www.goodsearch.com\/causes\/society-for-the-greater-community-way-of-knowledge\/supporters\">liste over alle dem, der st\u00f8tter The Society ved at bruge GoodSearch.<\/a>.<\/li>\n<\/ul>\n<\/li>\n<\/ul>\n<p>&nbsp;<\/p>\n<ul>\n<li style=\"list-style-type: none\">\n<ul>\n<li><a href=\"\/\/www.goodsearch.com\/goodshop.aspx\"><img loading=\"lazy\" decoding=\"async\" class=\"imgborder alignleft size-full\" src=\"\/\/www.newmessage.org\/wp-content\/uploads\/2014\/08\/goodshop.png\" alt=\"GoodShop\" width=\"207\" height=\"36\" \/><\/a><a href=\"\/\/www.goodsearch.com\/goodshop.aspx\">Shop online fra goodshop siden<\/a> der giver en procentdel p\u00e5 mange online anskaffelser til The Society.<\/li>\n<\/ul>\n<\/li>\n<\/ul>\n<p>&nbsp;<\/p>\n<ul>\n<li><a href=\"\/\/smile.amazon.com\"><img loading=\"lazy\" decoding=\"async\" class=\"alignleft size-full imgborder\" src=\"\/\/www.newmessage.org\/wp-content\/uploads\/2014\/08\/amazon-smile.jpg\" alt=\"amazon smile\" width=\"207\" height=\"51\" \/><\/a>Bes\u00f8g Amazon.com, tilmeld dig SMILE programmet og v\u00e6lg \u201cSOCIETY FOR THE GREATER COMMUNITY WAY OF KNOWLEDGE\u201d som din velg\u00f8renhedsorganisation. For mere information, se <a href=\"\/\/smile.amazon.com\/about\">Amazon Smile<\/a><\/li>\n<\/ul>\n<p>&nbsp;<\/p>\n<h2>Don\u00e9r via telefon, mail eller fax<\/h2>\n<p>For at bidrage med kreditkort via telefonen, ring venligst p\u00e5 1-800-938-3891<\/p>\n<p>For at donere med check, send venligst din check i en forseglet konvolut til:<\/p>\n<p style=\"text-align: center\"><strong>THE SOCIETY FOR THE NEW MESSAGE FROM GOD<\/strong><br \/>\n<strong> P.O. Box 1724<\/strong><br \/>\n<strong> Boulder, CO 80306-1724, USA<\/strong><\/p>\n<p>Checks kan ogs\u00e5 udskrives til \u201cSociety for the GCWK.\u201d<\/p>\n<p>Donationer kan ogs\u00e5 <strong>udskrives til \u201cSociety for the GCWK.\u201d<br \/>\nDonationer kan ogs\u00e5 faxes til os p\u00e5 303-938-1214<\/strong>. V\u00e6r venlig at inkludere dit navn, din adresse og dit telefonnummer, s\u00e5 vel som det bel\u00f8b, du gerne vil give, dit kortnummer samt udl\u00f8bsdatoen.<\/p>\n<p>For information om andre donationsmetoder, kontakt venligst The Society p\u00e5 <a href=\"mailto:society@greatercommunity.org?subject=\">society@greatercommunity.org<\/a> 303-938-8401.<\/p>\n<p class=\"font-size-12\">Alle bidrag er skatte-neds\u00e6ttende, hvor det if\u00f8lge loven er g\u00e6ldende.<\/p>\n<h2>Med Velsignelser og Tak fra<\/h2>\n<p><span class=\"text-color-pirate-gold font-size-18 font-weight-bold\"><em>Marshall and Patricia Summers<\/em><br \/>\n<em> Reed Summers<\/em><br \/>\n<em> Ayesha Summers<\/em><br \/>\n<em> Darlene Mitchell<\/em><br \/>\n<em> Carol Coffey<\/em><br \/>\n<em> Jeanine Butler<\/em><br \/>\n<em> Ellen Mitchell<\/em><br \/>\n<em> Will Burrows<\/em><br \/>\n<em> Tyyne Andrews<\/em><br \/>\n<em> Robert Busbey<\/em><br \/>\n<\/span><br \/>\n<\/div><br \/>\n<div class=\"one_half last\" ><\/p>\n<div class=\"panel-10 background-color-spanish-white border-rounded-8\"><strong>Slut dig til et globalt f\u00e6llesskab<\/strong>, best\u00e5ende af mennesker, der finansielt st\u00f8tter <a title=\"The Society\" href=\"https:\/\/www.newmessage.org\/da\/om-the-society\/\">The Society<\/a> i sin mission om at bringe Det Nye Budskab fra Gud til menneskeheden. Din gave vil smede grundlaget for alt det, vi g\u00f8r nu og fremover.<\/div>\n<div class=\"panel-10 background-color-spanish-white border-rounded-8\">\n<h3>Med din st\u00f8tte, kan vi:<\/h3>\n<ul class=\"list-vertical diamond\">\n<li>Bringe Det Nye Budskab til hundreder af tusinder af mennesker globalt gennem vores gr\u00e6srodsudbredelse og -arbejde gennem medierne.<\/li>\n<\/ul>\n<ul class=\"list-vertical diamond\">\n<li>Udgive og distribuere the <a title=\"Sacred Texts\" href=\"https:\/\/www.newmessage.org\/da\/budskabet\/\">Det Nye Budskabs hellige tekster <\/a> i lande rundt om i verden.<\/li>\n<\/ul>\n<ul class=\"list-vertical diamond\">\n<li>Tilbyde gratis b\u00f8ger, CD\u2019er og online tekster gennem vores <a title=\"free book Project\" href=\"\/the-message\/free-book-project\">Free Book Project<\/a>.<\/li>\n<\/ul>\n<ul class=\"list-vertical diamond\">\n<li>Overs\u00e6tte tusinder af sider af Det Nye Budskab til dusinvis af sprog.<\/li>\n<\/ul>\n<ul class=\"list-vertical diamond\">\n<li>G\u00f8re det muligt for Budbringeren og hans makkere at <a href=\"\/gods-messenger\/journeys-messenger\">bes\u00f8ge steder, hvortil det er afg\u00f8rende<\/a> at bringe Guds Nye Budskab, og ogs\u00e5 m\u00f8de de mennesker, der reagerer p\u00e5 Budskabet globalt.<\/li>\n<\/ul>\n<ul class=\"list-vertical diamond\">\n<li>N\u00e5 mennesker, der er interesserede I Guds Nye Budskab, gennem undervisningsbegivenheder.<\/li>\n<\/ul>\n<ul class=\"list-vertical diamond\">\n<li>Forberede hundreder af lyd \u00e5benbaringer, tekster og videoer til at g\u00f8re gratis online.<\/li>\n<\/ul>\n<ul class=\"list-vertical diamond\">\n<li>Opbygge <a title=\"The Free School\" href=\"\/\/www.newmessage.org\/free-school\">The Free School<\/a> undervisningsmilj\u00f8 og bringe Det Nye Budskabs livsvigtige undervisning til mennesker overalt.<\/li>\n<\/ul>\n<ul class=\"list-vertical diamond\">\n<li>F\u00e5 <a title=\"The Sanctuary\" href=\"\/\/www.newmessage.org\/worldwide-community\/society\/sanctuary\">Det Nye Budskabs Helligdom <\/a> til at vokse, som et sted, hvor mennesker fra alle klasser rundt omkring i verden kan komme og studere Det Nye Budskab, tage refugium og selv opleve Det Nye Budskab og dets Budbringer.<\/li>\n<\/ul>\n<p style=\"text-align: center\"><strong>Med din finansielle gave, kan vi bringe Det Nye Budskab fra Gud ind i verden, til mennesker i alle lande og kulturer. Du er et livsvigtigt led i transmissionen af Guds \u00c5benbaring for menneskeheden.<\/strong><\/p>\n<p>Det Nye Budskab er her for at beskytte menneskeheden i de vanskelige tider, der kommer, og kalde de \u00e5ndelige gaver frem, som vi, den menneskelige familie, besidder og m\u00e5 bringe frem, for at kunne overleve i en verden, der forandrer sig radikalt. Din for\u00e6ring vil gyde Ny Budskabs Visdom og <a href=\"https:\/\/www.newmessage.org\/da\/budskabet\/vigtige-udtryk#knowledge\">Kundskab<\/a> ind i verden. Ultimativt er det denne for\u00e6ring, der vil sikre Guds Nye \u00c5benbarings renhed og tilg\u00e6ngelighed.<\/p>\n<p>Din finansielle st\u00f8tte er en livsvigtig indikation, der indikerer, at du har fundet Det Nye Budskab og nu gerne vil bidrage til <a title=\"Our Work and Mission\" href=\"https:\/\/www.newmessage.org\/da\/om-the-society\/\">denne Mission,<\/a> idet vi styrer ind i en frygtindgydende fremtid<\/p>\n<p>Uanset om det er din finansielle st\u00f8tte, din tid, din energi, dine b\u00f8nner og \/ eller at du studerer Det Nye Budskab, er du et afg\u00f8rende led i at hj\u00e6lpe os med at g\u00f8re alt det, vi skal g\u00f8re. Vi inviterer dig til at slutte dig til os i dette store forehavende i Skaberens tjeneste. M\u00e5 alt det, vi er blevet bedt om at g\u00f8re, blive gjort.<\/p>\n<p><\/div>\n<\/div>\n<p>[\/vc_column_text][\/vc_column][\/vc_row]<\/p>\n","protected":false},"excerpt":{"rendered":"<p>[vc_row][vc_column][vc_column_text] [\/vc_column_text][\/vc_column][\/vc_row]<\/p>\n","protected":false},"author":22,"featured_media":0,"parent":27150,"menu_order":0,"comment_status":"closed","ping_status":"closed","template":"","meta":{"_monsterinsights_skip_tracking":false,"_monsterinsights_sitenote_active":false,"_monsterinsights_sitenote_note":"","_monsterinsights_sitenote_category":0,"footnotes":""},"categories":[1],"tags":[630,629],"_links":{"self":[{"href":"https:\/\/www.v6.newmessage.org\/da\/wp-json\/wp\/v2\/pages\/27220"}],"collection":[{"href":"https:\/\/www.v6.newmessage.org\/da\/wp-json\/wp\/v2\/pages"}],"about":[{"href":"https:\/\/www.v6.newmessage.org\/da\/wp-json\/wp\/v2\/types\/page"}],"author":[{"embeddable":true,"href":"https:\/\/www.v6.newmessage.org\/da\/wp-json\/wp\/v2\/users\/22"}],"replies":[{"embeddable":true,"href":"https:\/\/www.v6.newmessage.org\/da\/wp-json\/wp\/v2\/comments?post=27220"}],"version-history":[{"count":5,"href":"https:\/\/www.v6.newmessage.org\/da\/wp-json\/wp\/v2\/pages\/27220\/revisions"}],"predecessor-version":[{"id":27225,"href":"https:\/\/www.v6.newmessage.org\/da\/wp-json\/wp\/v2\/pages\/27220\/revisions\/27225"}],"up":[{"embeddable":true,"href":"https:\/\/www.v6.newmessage.org\/da\/wp-json\/wp\/v2\/pages\/27150"}],"wp:attachment":[{"href":"https:\/\/www.v6.newmessage.org\/da\/wp-json\/wp\/v2\/media?parent=27220"}],"wp:term":[{"taxonomy":"category","embeddable":true,"href":"https:\/\/www.v6.newmessage.org\/da\/wp-json\/wp\/v2\/categories?post=27220"},{"taxonomy":"post_tag","embeddable":true,"href":"https:\/\/www.v6.newmessage.org\/da\/wp-json\/wp\/v2\/tags?post=27220"}],"curies":[{"name":"wp","href":"https:\/\/api.w.org\/{rel}","templated":true}]}}