{"id":27188,"date":"2018-01-15T21:46:18","date_gmt":"2018-01-15T21:46:18","guid":{"rendered":"http:\/\/www.newmessage.org\/da\/?page_id=27188"},"modified":"2018-01-15T21:46:18","modified_gmt":"2018-01-15T21:46:18","slug":"om-abenbaringens-oversaettelsesforlob","status":"publish","type":"page","link":"https:\/\/www.v6.newmessage.org\/da\/om-abenbaringens-oversaettelsesforlob\/","title":{"rendered":"Om \u00c5benbaringens Overs\u00e6ttelsesforl\u00f8b"},"content":{"rendered":"<p>Budbringeren, Marshall Vian Summers, har taget imod Det Nye Budskab fra Gud siden 1983. Det Nye Budskab fra Gud er den st\u00f8rste \u00c5benbaring nogensinde givet menneskeheden, nu givet til en boglig verden med global kommunikation og voksende global opm\u00e6rksomhed. Det for\u00e6res ikke kun til en stamme, en nation eller en religion alene, men i stedet til at n\u00e5 hele verden. Det har betydet overs\u00e6ttelser p\u00e5 s\u00e5 mange sprog som muligt.<\/p>\n<p>For f\u00f8rste gang i historien afsl\u00f8res nu \u00c5benbaringsprocessen. Under denne bem\u00e6rkelsesv\u00e6rdige proces, kommunikerer Guds N\u00e6rv\u00e6r hinsides ord til Den Englelige Forsamling, der overv\u00e5ger denne verden. Derefter overs\u00e6tter Forsamlingen denne kommunikation til menneskeligt sprog og taler, alle som en, gennem deres Budbringer, hvis stemme bliver udtryksmidlet for denne st\u00f8rre Stemme \u2013 \u00c5benbaringens Stemme. Ordene udtales p\u00e5 engelsk og optages direkte i lyd-form, transskriberes og g\u00f8res derefter tilg\u00e6ngelige i Det Nye Budskabs tekst og lydoptagelser. P\u00e5 denne m\u00e5de bevares Guds oprindelige Budskabs renhed og kan gives til alle mennesker.<\/p>\n<p>Men der er ogs\u00e5 et overs\u00e6ttelsesforl\u00f8b. Da den oprindelige \u00c5benbaring blev afleveret p\u00e5 det engelske sprog, er engelsk grundlaget for alle overs\u00e6ttelser til menneskehedens mange sprog. Da der tales mange sprog i vores verden, er overs\u00e6ttelser af afg\u00f8rende betydning for at bringe Det Nye Budskab til mennesker overalt.<\/p>\n<p>Studerende af Det Nye Budskab er med tiden kommet frem for frivilligt at overs\u00e6tte Budskabet til deres egne sprog.<\/p>\n<p>P\u00e5 dette tidspunkt i historien har The Society ikke r\u00e5d til at betale for overs\u00e6ttelser til s\u00e5 mange sprog og for s\u00e5 stort et Budskab, et Budskab, der kritisk haster med at n\u00e5 verden. P\u00e5 den anden side mener The Society, at det er vigtigt, at vores overs\u00e6ttere studerer Det Nye Budskab, for at forst\u00e5 og opleve, s\u00e5 vidt muligt, essensen af det, der bliver oversat.<\/p>\n<p>Givet uops\u00e6tteligheden og behovet for at dele Det Nye Budskab med mennesker over hele verden, byder vi yderligere overs\u00e6ttelsesassistance velkommen til at r\u00e6kke Det Nye Budskab videre ud i verden, samt at f\u00e5 mere af \u00c5benbaringen oversat til sprog, hvor overs\u00e6ttelse allerede er i gang, og ligeledes introducere nye sprog. Med tiden s\u00f8ger vi ogs\u00e5 at forbedre kvaliteten af disse overs\u00e6ttelser. Der er stadigt s\u00e5 meget at g\u00f8re.<\/p>\n","protected":false},"excerpt":{"rendered":"<p>Budbringeren, Marshall Vian Summers, har taget imod Det Nye Budskab fra Gud siden 1983. Det Nye Budskab fra Gud er den st\u00f8rste \u00c5benbaring nogensinde givet menneskeheden, nu givet til en boglig verden med global kommunikation og voksende global opm\u00e6rksomhed. Det for\u00e6res ikke kun til en stamme, en nation eller en religion alene, men i stedet\u2026 <a class=\"read-more\" href=\"https:\/\/www.v6.newmessage.org\/da\/om-abenbaringens-oversaettelsesforlob\/\"><span>Read More<\/span><\/a><\/p>\n","protected":false},"author":22,"featured_media":0,"parent":0,"menu_order":0,"comment_status":"closed","ping_status":"closed","template":"","meta":{"_monsterinsights_skip_tracking":false,"_monsterinsights_sitenote_active":false,"_monsterinsights_sitenote_note":"","_monsterinsights_sitenote_category":0,"footnotes":""},"categories":[],"tags":[627],"_links":{"self":[{"href":"https:\/\/www.v6.newmessage.org\/da\/wp-json\/wp\/v2\/pages\/27188"}],"collection":[{"href":"https:\/\/www.v6.newmessage.org\/da\/wp-json\/wp\/v2\/pages"}],"about":[{"href":"https:\/\/www.v6.newmessage.org\/da\/wp-json\/wp\/v2\/types\/page"}],"author":[{"embeddable":true,"href":"https:\/\/www.v6.newmessage.org\/da\/wp-json\/wp\/v2\/users\/22"}],"replies":[{"embeddable":true,"href":"https:\/\/www.v6.newmessage.org\/da\/wp-json\/wp\/v2\/comments?post=27188"}],"version-history":[{"count":1,"href":"https:\/\/www.v6.newmessage.org\/da\/wp-json\/wp\/v2\/pages\/27188\/revisions"}],"predecessor-version":[{"id":27189,"href":"https:\/\/www.v6.newmessage.org\/da\/wp-json\/wp\/v2\/pages\/27188\/revisions\/27189"}],"wp:attachment":[{"href":"https:\/\/www.v6.newmessage.org\/da\/wp-json\/wp\/v2\/media?parent=27188"}],"wp:term":[{"taxonomy":"category","embeddable":true,"href":"https:\/\/www.v6.newmessage.org\/da\/wp-json\/wp\/v2\/categories?post=27188"},{"taxonomy":"post_tag","embeddable":true,"href":"https:\/\/www.v6.newmessage.org\/da\/wp-json\/wp\/v2\/tags?post=27188"}],"curies":[{"name":"wp","href":"https:\/\/api.w.org\/{rel}","templated":true}]}}