{"id":27176,"date":"2017-12-24T18:24:16","date_gmt":"2017-12-24T18:24:16","guid":{"rendered":"http:\/\/www.newmessage.org\/da\/?page_id=27176"},"modified":"2021-11-22T02:18:49","modified_gmt":"2021-11-22T02:18:49","slug":"the-voice-of-revelation","status":"publish","type":"page","link":"https:\/\/www.v6.newmessage.org\/da\/budskabet\/andre-abenbaringer\/the-voice-of-revelation\/","title":{"rendered":"\u00c5benbaringens Stemme"},"content":{"rendered":"<div><!-- Version 3.5 Verse --><\/div>\n\n<div class=\"tabgroup \"><ul class=\"tabs\"><li><a href=\"#tabs-1\">\u00c5benbaring<\/a><\/li>\n<li><a href=\"#tabs-2\">Note<\/a><\/li><\/ul>\n <div id=\"tabs-1\"><\/p>\n<p>H\u00f8r den oprindelige version af \u00c5benbaringen p\u00e5 engelsk:<\/p>\n<div id=\"jquery_jplayer_1\" class=\"jp-jplayer\"><\/div>\n\t\t\t\t<div id=\"jp_container_1\" class=\"jp-audio\">\n\t\t\t\t<div class=\"jp-type-single\"><div class=\"jp-control\"><a href=\"javascript:;\" class=\"jp-play\" tabindex=\"1\">play<\/a><a href=\"javascript:;\" class=\"jp-pause\" tabindex=\"1\">pause<\/a><\/div> <div class=\"jp-gui jp-interface\"><div class=\"jp-volume\"><div class=\"jp-volume-bar\"><div class=\"jp-volume-bar-value\"><\/div><\/div><\/div><div class=\"jp-progress\"><div class=\"jp-seek-bar\"><div class=\"jp-play-bar\"><\/div><\/div><\/div><\/div>\t\t\t\t\t<div class=\"jp-no-solution\"><span>Update Required<\/span>To play the media you will need to either update your browser to a recent version or update your <a href=\"http:\/\/get.adobe.com\/flashplayer\/\" target=\"_blank\">Flash plugin<\/a>.<\/div><\/div><\/div>\n\t\t\t<script type='text\/javascript'>\n\t\t\t\tjQuery(document).ready(function() {\n\t\t\t\t\tif (typeof (sermonMedia) == 'function') {\n\t\t\t\t\t\tsermonMedia.addAudio('', \"jquery_jplayer_1\");\n\t\t\t\t\t}\n\t\t\t\t\tjQuery.jPlayer.timeFormat.showHour = true;\n\t\t\t\t\tjQuery(\"#jquery_jplayer_1\").jPlayer({\n\t\t\t\t\t\tready: function(event) {\n\t\t\t\t\t\t\tjQuery(this).jPlayer(\"setMedia\", {mp3: 'https:\/\/www.newmessage.org\/av\/the-voice-of-revelation.mp3'});\n\t\t\t\t\t\t},\n\t\t\t\t\t\tplay: function() {\n\t\t\t\t\t\t\tjQuery(this).jPlayer(\"pauseOthers\");\n\t\t\t\t\t\t},\n\t\t\t\t\t\tswfPath: ThemeData.directory_uri+\"\/swf\",\n\t\t\t\t\t\tsolution: \"html, flash\",\n\t\t\t\t\t\tpreload: \"metadata\",\n\t\t\t\t\t\twmode: \"window\",\n\t\t\t\t\t\tsupplied: \"mp3\",\n\t\t\t\t\t\tcssSelectorAncestor: '#jp_container_1'\n\t\t\t\t\t});\n\t\t\t\t});\n\t\t\t<\/script><\/p>\n<p><a title=\"The Voice of the Revelation\" href=\"https:\/\/www.newmessage.org\/av\/the-voice-of-revelation.mp3\">Download<\/a> (h\u00f8jre-klik for at downloade)<\/p>\n<p class=\"revelation_details\"><em>Som \u00e5benbaret for<br \/>\nMarshall Vian Summers<br \/>\nden 14. april, 2011<br \/>\ni Boulder, Colorado<\/em><\/p>\n<div class=\"toggle toggle-white\"><h4 class=\"trigger \"><span class=\"t_ico\"><\/span><a href=\"#\">Om denne optagelse<\/a><\/h4><div class=\"toggle_container \"><br \/>\n<div id=\"yui_3_16_0_ym19_1_1467955126517_3327\" dir=\"ltr\"><span id=\"yui_3_16_0_ym19_1_1467955126517_3177\"><span id=\"yui_3_16_0_ym19_1_1467955126517_3178\">D\u00e9t, du h\u00f8rer i denne lydoptagelse er Den Englelige Forsamlings stemme, der taler gennem Budbringeren, Marshall Vian Summers<br \/>\n<\/span><\/span><\/div>\n<div dir=\"ltr\"><span id=\"yui_3_16_0_ym19_1_1467955126517_3177\"><span id=\"yui_3_16_0_ym19_1_1467955126517_3178\">\u00a0<\/span><\/span><\/div>\n<div id=\"yui_3_16_0_ym19_1_1467955126517_3359\" dir=\"ltr\"><span id=\"yui_3_16_0_ym19_1_1467955126517_3177\"><span id=\"yui_3_16_0_ym19_1_1467955126517_3178\"> Her er den oprindelige kommunikation fra Gud, der eksisterer hinsides ord, oversat til menneskeligt sprog og forst\u00e5else af Den Englelige Forsamling, der f\u00f8rer tilsyn med verden. Forsamlingen leverer derefter Guds Budskab gennem Budbringeren.<br \/>\n<\/span><\/span><\/div>\n<div id=\"yui_3_16_0_ym19_1_1467955126517_3369\" dir=\"ltr\"><span id=\"yui_3_16_0_ym19_1_1467955126517_3177\"><span id=\"yui_3_16_0_ym19_1_1467955126517_3178\">\u00a0<\/span><\/span><\/div>\n<div id=\"yui_3_16_0_ym19_1_1467955126517_3370\" dir=\"ltr\"><span id=\"yui_3_16_0_ym19_1_1467955126517_3177\"><span id=\"yui_3_16_0_ym19_1_1467955126517_3178\">I dette bem\u00e6rkelsesv\u00e6rdige forl\u00f8b, taler \u00c5benbaringens Stemme p\u00e5 ny. Ordet og Lyden er i verden. For f\u00f8rste gang i historien, er den oprindelige talte \u00e5benbaring tilg\u00e6ngelig for dig og for verden at opleve.<br \/>\n<\/span><\/span><\/div>\n<div id=\"yui_3_16_0_ym19_1_1467955126517_3436\" dir=\"ltr\"><span id=\"yui_3_16_0_ym19_1_1467955126517_3177\"><span id=\"yui_3_16_0_ym19_1_1467955126517_3178\">\u00a0<\/span><\/span><\/div>\n<div id=\"yui_3_16_0_ym19_1_1467955126517_3435\" dir=\"ltr\"><span id=\"yui_3_16_0_ym19_1_1467955126517_3177\"><span id=\"yui_3_16_0_ym19_1_1467955126517_3178\">M\u00e5 du v\u00e6re modtageren af denne \u00c5benbaringens gave og m\u00e5 du v\u00e6re \u00e5ben for at tage imod dens unikke Budskab for dig og for dit liv.<\/span><\/span><\/div>\n<br \/>\n<\/div><\/div>\n<p><\/div>\n<div id=\"tabs-2\"><br \/>\n<em>NOTE TIL L\u00c6SERNE:<br \/>\nDenne overs\u00e6ttelse blev givet til The Society af en studerende af Det Nye Budskab, der meldte sig frivilligt til at overs\u00e6tte den originale engelske tekst. Vi stiller denne overs\u00e6ttelse til r\u00e5dighed for verden i denne tidlige form, for at give mennesker en mulighed for at engagere sig med en del af Det Nye Budskab p\u00e5 deres eget sprog.<\/em><br \/>\n<\/div>\n\t\t\t\t<div align=\"right\">\n\t\t\t<div class=\"fb-like\" data-href=\"\" data-layout=\"button_count\" data-action=\"like\" data-show-faces=\"false\" data-share=\"false\"><\/div>\n\t\t\t<div class=\"fb-share-button\" data-layout=\"button_count\"> <\/div>\n\t\t\t<div class=\"fb_iframe_widget\"><a href=\"https:\/\/twitter.com\/godsnewmessage?ref_src=twsrc%5Etfw\" class=\"twitter-follow-button\" data-show-count=\"false\">Follow @godsnewmessage<\/a><script async src=\"https:\/\/platform.twitter.com\/widgets.js\" charset=\"utf-8\"><\/script><\/div>\n\t\t\t<\/div> <\/div> \n\n<p>Den Stemme, du h\u00f8rer, er ikke et individs stemme, men Stemmen af Den Englelige V\u00e6rt sammen, der taler sammen, med en Stemme.<\/p>\n<p>Den g\u00e5r igennem \u00e9t individ, ja, men p\u00e5 et h\u00f8jere niveau er indvidualitet fuldst\u00e6ndigt anderledes. S\u00e5 v\u00e6ldigt anderledes dette er, end i jeres verden.<\/p>\n<p>Det er grunden til, at Vores Stemme er s\u00e5 enest\u00e5ende, fordi den er De manges Stemme.<\/p>\n<p>Det er grunden til, at Vi taler p\u00e5 denne m\u00e5de, fordi den er De manges Stemme.<\/p>\n<p>Folk i verden kan kun t\u00e6nke p\u00e5 enkeltpersoner. De sp\u00f8rger, \u201cJamen, hvad er navnet p\u00e5 denne Engel, eller p\u00e5 dette V\u00e6sen?\u201d<\/p>\n<p>Men navne er ikke vigtige i sager som denne, undtagen for dem, der ikke kan t\u00e6nke udover deres egen separations gr\u00e6nser.<\/p>\n<p>For jeres bevidsthed er Vores Stemme p\u00e5 en m\u00e5de del af Det Nye Budskab, s\u00e5 I m\u00e5ske kan forst\u00e5 \u00c5benbaringsprocessen og bevidne den.<\/p>\n<p>Aldrig f\u00f8r er denne proces virkeligt blevet afsl\u00f8ret, ikke for det almindelige menneske, ikke for den almindelige offentlighed, ikke en gang for l\u00e6rde eller for eksperter, teologer eller filosoffer.<\/p>\n<p>Nu er det tid for menneskeheden at l\u00e6re om disse ting, fordi den lever i en \u00c5benbaringens tid.<\/p>\n<p>Vi er \u00c5benbaringen.<\/p>\n<p>Gud taler ikke, fordi Gud er for m\u00e6gtig.<\/p>\n<p>Derfor er Guds Vilje udtrykt og meddelt gennem Det Englelige N\u00e6rv\u00e6r, der overv\u00e5ger alle verdener, hvor intelligent liv har udviklet sig.<\/p>\n<p>Skaberens Vilje bliver derefter udtrykt i denne verdens ord og sprog, for dette folk.<\/p>\n<p>Det er en ting, Gud ikke kan v\u00e6re, og det er ikke at v\u00e6re Gud, hvilket er en meget besynderlig ting med hensyn til jeres eksistens, for Skabelse kan ikke virkeligt ikke v\u00e6re Skabelse, og I er del af Skabelse.<\/p>\n<p>Og det er din eksistens&#8217; g\u00e5de og dens selvmodsigelse.<\/p>\n<p>Du foregiver at v\u00e6re, hvad du ikke er. Men det foregivende er, hvad det betyder at v\u00e6re i verden.<\/p>\n<p>Mange af Os har v\u00e6ret i verdener som denne. Vi forst\u00e5r disse ting.<\/p>\n<p>Derfor er Vi de perfekte formidlere af Skaberens Viljes og hensigters udtryk, og til at bringe denne Vilje og hensigt til dig, ikke kun udtrykt i ultimative l\u00e6rer, men udtrykt i ledsagetekster og anvendelse \u2013 der forklarer, hvad disse ting betyder, hvordan de kan opleves og anvendes i dit liv og is\u00e6r under verdens foranderlige omst\u00e6ndigheder.<\/p>\n<p>For verden st\u00e5r overfor de Store B\u00f8lger af forandring, og verden oplever intervention fra racer hinsidesfra.<\/p>\n<p>Det er et stort vendepunkt for den menneskelige familie. Men menneskeheden er uvidende og uforberedt og er meget s\u00e5rbar overfor bedrag og misforst\u00e5else.<\/p>\n<p>For Budbringeren at komme ind i verden p\u00e5 denne tid, m\u00e5 selve \u00c5benbaringsforl\u00f8bet afsl\u00f8res, ellers vil hans tilstedev\u00e6relse og hans form\u00e5l her ikke blive forst\u00e5et, og han vil blive forvekslet med andre, der g\u00f8r h\u00f8je fordringer, men som ikke selv har det store Budskab at levere.<\/p>\n<p>Folk vil blive forvirrede med hensyn til, hvem de skal lytte til.<\/p>\n<p>De vil blive forvirrede af \u00c5benbaringens Stemme. For der er mange stemmer, der taler til menneskeheden p\u00e5 denne tid \u2013 stemmer fra Det St\u00f8rre F\u00e6llesskab, stemmer fra Interventionen, stemmer i jeres egne sind, stemmer, der hjems\u00f8ger jer, stemmer, der g\u00f8r jer glade.<\/p>\n<p>Men der er kun \u00e9n \u00c5benbaringens Stemme, og Vi er denne Stemme.<\/p>\n<p>At du accepterer dette, vil sige, at du m\u00e5 acceptere, at du tager imod \u00c5benbaringen og begynde at overveje de ansvar, som dette kunne give dig.<\/p>\n<p>Du bliver vist, hvordan Gud taler til verden, og at Gud har talt igen, for at forberede menneskeheden p\u00e5 en fremtid, der ikke ligner fortiden, forberede den p\u00e5 en ny r\u00e6kke af realiteter, p\u00e5 en ny eksistens og en st\u00f8rre udfordring og st\u00f8rre vanskelighed.<\/p>\n<p>Menneskehedens evolution f\u00f8lger evolutionens m\u00f8nster for de fleste racer i universet. N\u00e5r disse racer begynder at udt\u00f8mme deres egne planeter og m\u00e5 se virkeligheden af Det St\u00f8rre F\u00e6lesskab af liv i universet i \u00f8jnene, er de n\u00e5et en m\u00e6gtig og vanskelig og stejl t\u00e6rskel.<\/p>\n<p>De er n\u00e5et til et virkeligt vendepunkt, hvor deres tidligere forst\u00e5else og formodninger ikke tjener dem og endda kunne forr\u00e5de dem.<\/p>\n<p>Menneskeheden er n\u00e5et denne t\u00e6rskel.<\/p>\n<p>For dig at blive voksen spirituelt s\u00e5vel som fysisk i denne verden og forberede dig p\u00e5 et St\u00f8rre F\u00e6llesskab, vil du have brug for en Ny \u00c5benbaring fra Gud, for du kan ikke forberede dig selv p\u00e5 noget, du intet ved om.<\/p>\n<p>Folk er stadigt for grundf\u00e6stede i fortiden, identificeret med fortiden, deres antagelser, der er baseret p\u00e5 fortiden, at de ikke virkeligt kan se, hvad der kommer over horisonten.<\/p>\n<p>S\u00e5 er der naturligvis problemet med menneskelig forn\u00e6gtelse, sindets svaghed ved at se virkeligheden i \u00f8jnene og svaghed i forberedelsen p\u00e5 eventualiteter.<\/p>\n<p>Det er altsammen problemer, der naturligt er iboende den menneskelige familie, og i virkeligheden er alle andre racer i universet ligeledes n\u00f8dt til at tage sig af den slags problemer.<\/p>\n<p>S\u00e5 du er ikke alene, og du f\u00f8lger evolutionens vej, og forbereder dig p\u00e5 at komme ud af isolation i universet.<\/p>\n<p>Den slags t\u00e6rskel kr\u00e6ver en st\u00f8rre \u00e5ndelig forst\u00e5else, en st\u00f8rre genkendelse af Det Guddommelige N\u00e6rv\u00e6r i universet.<\/p>\n<p>I har ikke l\u00e6ngere at g\u00f8re med en lokal gud, en lokal guddom, bjergets og tr\u00e6ets gud, havets og flodens gud.<\/p>\n<p>I har ikke en gang at g\u00f8re med \u00e9n verdens og \u00e9t folks gud, som I har for skik at t\u00e6nke.<\/p>\n<p>Nu har I at g\u00f8re med en Gud af alle universerne og Skabelse hinsides universerne, en Gud s\u00e5 m\u00e6gtig, at dit sind kun kan falde ned i lovprisning.<\/p>\n<p>Ikke en menneskelig Gud. Ikke en Gud, som I skaber i jeres egen forestilling, men en Gud, I m\u00e5 opleve p\u00e5 et dybere niveau, under og hinsides jeres overfladesinds gr\u00e6nser.<\/p>\n<p>S\u00e5 for dig at fatte Gud af Det St\u00f8rre F\u00e6llesskab, m\u00e5 du fatte \u00c5benbaringens Stemme.<\/p>\n<p>Her kan en misforst\u00e5else v\u00e6re meget skadelig og farlig.<\/p>\n<p>For du vil h\u00f8re forskellige stemmer, men ikke vide, hvilken du skulle lytte til.<\/p>\n<p>Uden den dybere Kundskab i dig, som Gud har lagt der til at lede dig, hvordan kan du skelne forskellen?<\/p>\n<p>Og hvis du ikke kan reagere p\u00e5 \u00c5benbaringen fra Gud, hvordan kan du reagere p\u00e5 sandheden i noget som helst?<\/p>\n<p>S\u00e5 bundet af tro og formodninger, hvordan kan I h\u00f8re sandheden i noget som helst?<\/p>\n<p>Det er en stor pr\u00f8ve og et stort vidnesbyrd, en stor udfordring for lytteren.<\/p>\n<p>Men det er ikke bare en udfordring. Det er et kald om at v\u00e5gne og at forberede sig.<\/p>\n<p>For I st\u00e5r overfor en risikabel fremtid, en farlig fremtid &#8211; en farlig og vanskelig passage ind i Det St\u00f8rre F\u00e6llesskab, en farlig og vanskelig passage ind i en ny verden, en verden med svindende ressourcer og voksende politisk og \u00f8konomisk uro.<\/p>\n<p>Det er ikke en tid for \u00e6ldgamle teorier. Det er ikke en gang tid for \u00e6ldgamle religioner at tale om disse ting, uden Skaberens velsignelse og vejledning.<\/p>\n<p>Gud har talt igen, og ingen i verden kan h\u00e6vde, at Gud ikke kan tale igen, og hvis de g\u00f8r, er det deres ignorance og deres arrogance, der f\u00e5r dem til at udtale sig om disse ting.<\/p>\n<p>Ikke en gang Guds Budbringere kan afg\u00f8re, hvad det n\u00e6ste er, Gud vil g\u00f8re.<\/p>\n<p>Ikke en gang Den Englelige V\u00e6rt kan afg\u00f8re, hvad det n\u00e6ste er, Gud vil g\u00f8re.<\/p>\n<p>I tid er dette tilf\u00e6ldet. Hinsides tid er det altsammen en hel anden sag, og disse problemer er ikke relevante.<\/p>\n<p>Vi er broen mellem tidens virkelighed og virkeligheden hinsides tid og rum &#8211; to virkeligheder, der er s\u00e5 vidt forskellige.<\/p>\n<p>Du kan ikke forestille dig denne St\u00f8rre Virkelighed, for din forestillingsevne kan kun besk\u00e6ftige sig med denne verdens billeder og tanker.<\/p>\n<p>Det er grunden til, at menneskehedens begreber om Paradis eller om Himlen er s\u00e5 fuldst\u00e6ndigt arrangerede i verdslige billeder og verdslige anliggender.<\/p>\n<p>Men virkeligheden er helt anderledes og hinsides alt dette.<\/p>\n<p>Men dette er ikke dit anliggende, for du blev ikke sendt ind i verden for at dr\u00f8mme om Himlen.<\/p>\n<p>Du blev sendt ind i verden for at v\u00e6re i verdens tjeneste, nu for at v\u00e6re i en ny verdens tjeneste, en verden i forandring, en udfordrende verden, og alligevel en verden, der har magten til at foranledige st\u00f8rre menneskeligt samarbejde og kalde en st\u00f8rre Kundskab frem, som hver person b\u00e6rer i sig.<\/p>\n<p>Den Nye \u00c5benbaring m\u00e5 kalde denne Kundskab frem.<\/p>\n<p>Det er ikke en tid til at tro p\u00e5 en stor leder, en frig\u00f8rer, en frelser.<\/p>\n<p>Menneskeheden vil v\u00e6re n\u00f8dt til at redde sig selv nu.<\/p>\n<p>Et individ vil kun polarisere befolkningen og bringe st\u00f8rre menneskelige konflikter, s\u00e6tte scenen for krig mellem troende og ikke-troende.<\/p>\n<p>Nej, kaldet m\u00e5 nu v\u00e6re for den enkelte, for verden vil have brug for mange frelsere, mange vejledte og inspirerede enkeltpersoner, ellers kan menneskelig civilisation svigte, og dette svigt kunne v\u00e6re den forf\u00e6rdeligste ting, der kunne ske for den menneskelige familie.<\/p>\n<p>I ville helt sikkert falde under fremmede magters dominans i universet.<\/p>\n<p>Den slags magter iagttager jer, lytter til jer og planl\u00e6gger at f\u00f8re deres aktiviteter ud i livet p\u00e5 luskede og subtile m\u00e5der.<\/p>\n<p>Det er en farlig tid, men for dig er det den rette tid at v\u00e6re i verden, for det er derfor, at du er kommet &#8211; ikke for at gemme dig i fantasien, ikke for at berige dig selv, ikke for at lade som om du er noget, du ikke er, ikke for at leve i undg\u00e5else og uansvarlighed, men for at v\u00e6re i verden, for at v\u00e6re i dens tjeneste p\u00e5 dette tidspunkt, ikke kun for at im\u00f8dekomme livets nuv\u00e6rende behov, men for at forberede sig p\u00e5 selve fremtiden.<\/p>\n<p>Kun Kundskab i dig, den st\u00f8rre intelligens, kender til disse ting og den m\u00e5 lede dig i disse sager. Du m\u00e5 l\u00e6re at overgive dig til den og skelne den fra alle andre stemmer i dit sind og alle p\u00e5virkninger, der tr\u00e6kker i dig fra verden omkring dig.<\/p>\n<p>For at g\u00f8re dette vil det v\u00e6re meget vigtigt at l\u00e6re om \u00c5benbaringens Stemme.<\/p>\n<p>Og det er grunden til, at den deles med dig.<\/p>\n<p>Det er grunden til, at der undervises i den for f\u00f8rste gang i jeres opdukkende verden.<\/p>\n<p>Til trods for menneskehedens langvarige eksistens i denne verden, er I en ung race &#8211; umoden, uopm\u00e6rksom og intetanende.<\/p>\n<p>I har mange fremragende egenskaber.<\/p>\n<p>I har holdt spiritualitet og kreativitet i live i verden, hvor de er d\u00f8de i s\u00e5 mange andre verdner &#8211; avancerede teknologiske verdner, der er sterile og sekul\u00e6re, hvor individuel frihed er ukendt.<\/p>\n<p>I er meget lovende. Men I har store problemer, og I har ogs\u00e5 nogle handicaps &#8211; tendensen til menneskelig forn\u00e6gtelse. Og jeres stammeholdninger, der tjente jer tidligere, kan nu forbl\u00e6nde jer.<\/p>\n<p>Den Nye \u00c5benbaring kalder p\u00e5 dig for at reagere p\u00e5 Kundskab i dig selv og lytte til \u00c5benbaringens Stemme.<\/p>\n<p>I vil naturligvis have mange sp\u00f8rgsm\u00e5l.<\/p>\n<p>I vil muligvis have frygt og mistro.<\/p>\n<p>I vil muligvis tvivle alvorligt.<\/p>\n<p>Det er altsammen noget, der kan forventes.<\/p>\n<p>Men udfordringen for dig er, kan du reagere p\u00e5 \u00c5benbaringen?<\/p>\n<p>Kan du h\u00f8re \u00c5benbaringens Stemme?<\/p>\n<p>Kan du have ydmygheden og f\u00f8le ansvaret til at se, at du lever i en \u00c5benbaringens Tid, og hvad det kunne betyde for dig?<\/p>\n<p>Hvad er dit ansvar i denne sag?<\/p>\n<p>Hvad betyder dette kald for dig?<\/p>\n<p>Bekymr dig ikke om andre mennesker, hvis der kaldes p\u00e5 dig.<\/p>\n<p>Dette er mellem dig og Gud, mellem dig og Os.<\/p>\n<p>Vi er det eneste Englelige N\u00e6rv\u00e6r, der tilser verden.<\/p>\n<p>V\u00e6lg andre stemmer, og du vil v\u00e6lge stemmer fra Det St\u00f8rre F\u00e6llesskab, der vil drage fordel af menneskehedens religi\u00f8se antagelser.<\/p>\n<p>De kan ogs\u00e5 projicere stemmer ind i verden.<\/p>\n<p>Hvordan vil du kende forskel?<\/p>\n<p>Hvordan kan du skelne det, der er sandt, fra det, der er falsk, det, der er godt, fra det, der kun ser godt ud?<\/p>\n<p>Det er lytterens udfordring.<\/p>\n<p>Gud er reel overfor dig. Kan du v\u00e6re reel overfor Gud?<\/p>\n<p>Gud er \u00e6rlig overfor dig. Kan du v\u00e6re \u00e6rlig overfor Gud?<\/p>\n<p>Gud tjener og assisterer dig p\u00e5 m\u00e5der, du ikke kan tjene dig selv.<\/p>\n<p>Kan du acceptere dette og f\u00f8lge den forberedelse, som Gud giver for at redde menneskeheden?<\/p>\n<p>Byrden er lytterens.<\/p>\n<p>Beviset ligger i din reaktions natur.<\/p>\n<p>Beviset ligger i det, den kalder p\u00e5 i dig, og din resonnans med \u00c5benbaringens sandhed.<\/p>\n<p>Gud taler sandhed gennem Det Englelige N\u00e6rv\u00e6r.<\/p>\n<p>Kan du h\u00f8re det, f\u00f8le det og reagere p\u00e5 det?<\/p>\n<p>Eller er dit sind s\u00e5 fikseret, s\u00e5 bundet i tro, i frygt og mistro, at det ikke kan h\u00f8re, ikke kan reagere?<\/p>\n<p>Alle de store Budringere, der er sendt ind i verden ved store vendepunkter for menneskeheden, har m\u00e5ttet se andres manglende evne til at reagere i \u00f8jnene.<\/p>\n<p>Af denne grund er de blevet forfulgte.<\/p>\n<p>Er det s\u00e5dan du er?<\/p>\n<p>Vil du v\u00e6re Budbringerens forf\u00f8lger, en \u00c5benbaringens forn\u00e6gter?<\/p>\n<p>Hvis du vil, vil du ikke v\u00e6re alene, men du vil have dumpet pr\u00f8ven, ser du.<\/p>\n<p>Du vil have skuffet Skaberen.<\/p>\n<p>Skaberen vil ikke straffe dig, men du vil ikke kunne tage imod Den Nye \u00c5benbarings velsignelser, vejledning og magt.<\/p>\n<p>Den store bemyndigelse vil blive givet til andre, og du vil ikke kunne tage imod.<\/p>\n<p>Det vil v\u00e6re en enorm tragedie for dit liv.<\/p>\n<p>Og det ville ogs\u00e5 v\u00e6re en tragedie for verden, for der m\u00e5 v\u00e6re tilstr\u00e6kkeligt mange mennesker til at reagere p\u00e5 \u00c5benbaringen, for at den kan f\u00e5 styrke og effektivitet i verden, for at give menneskeheden mere opmuntring, st\u00f8rre styrke og ansvar, st\u00f8rre ansvarlighed overfor hinanden, mere samarbejde mellem nationer, der nu m\u00e5 forene sig for at bevare verden og for at forberede sig p\u00e5 selve Det St\u00f8rre F\u00e6llesskab.<\/p>\n<p>Det er altsammen baseret p\u00e5 den enkeltes reaktion.<\/p>\n<p>Gud taler ikke til verdens regeringer.<\/p>\n<p>Det taler ikke udelukkende til den rige eller til den priviligerede eller til hemmelige grupper.<\/p>\n<p>Det taler til folket.<\/p>\n<p>Det taler til dig.<\/p>\n<p>Hvis folket ikke kan reagere, hvad kan en regering s\u00e5 g\u00f8re?<\/p>\n<p>Og hvis folket reagerer, vil regeringen til sidst v\u00e6re n\u00f8dt til at forandre sig og reagere p\u00e5 det.<\/p>\n<p>Du h\u00f8rer \u00c5benbaringens Stemme.<\/p>\n<p>Det er de manges Stemme.<\/p>\n<p>Det er visdommens og Kundskabens Stemme p\u00e5 en skala, du ikke kan forestille dig.<\/p>\n<p>Miraklet vil v\u00e6re i din reaktions natur.<\/p>\n<p>Kan de adskilte n\u00e5s af Skaberen af alt liv, eller vil de forblive i Adskillelsens m\u00f8rke, kun med deres frygt og deres \u00f8nsker og deres antagelser til at lede dem?<\/p>\n<p>Eller vil de reagere og blive t\u00e6ndte, og kunne genkalde deres st\u00f8rre ansvar for at v\u00e6re i verden, og f\u00e5 modet og beslutsomheden til at f\u00f8lge en meget anderledes vej i livet?<\/p>\n<p>Vil de blive i stand til at tage imod Kundskab og visdom fra universet, s\u00e5 de kan forberede menneskeheden p\u00e5 universet?<\/p>\n<p>Vil de v\u00e6re i stand til at reagere p\u00e5 Guds \u00c5benbaring?<\/p>\n<p>Dette er den!<\/p>\n<p>Der vil ikke v\u00e6re en anden.<\/p>\n<p>Der vil ingen anden v\u00e6re.<\/p>\n<p>Dette er \u00c5benbaringen for denne tid og for kommende tider.<\/p>\n<p>Gud sender kun en \u00c5benbaring til verden.<\/p>\n<p>Enhver anden \u00e5benbaring er enten en menneskelig opfindelse eller er en manipulation gjort af de racer, der intervenerer i verden i dag.<\/p>\n<p>Du kan ikke komme til Gud p\u00e5 dine vilk\u00e5r.<\/p>\n<p>Du kan ikke afg\u00f8re engagementreglerne og deres natur.<\/p>\n<p>Du kan kun komme til Gud p\u00e5 Guds vilk\u00e5r, og Gud etablerer vilk\u00e5rene p\u00e5 en s\u00e5dan m\u00e5de, at folk vil blive st\u00e6rkere, mere medf\u00f8lende, mere magtfulde, mere engagerede i verden og mere samarbejdsvillige overfor hinanden.<\/p>\n<p>Du kan ikke f\u00e5 det p\u00e5 din m\u00e5de.<\/p>\n<p>Det m\u00e5 v\u00e6re p\u00e5 Guds m\u00e5de, for Gud ved, og det g\u00f8r du ikke.<\/p>\n<p>Gud ser, hvad der kommer over horisonten, langt, langt ude p\u00e5 havet.<\/p>\n<p>Du ser ikke disse ting.<\/p>\n<p>Gud ved, hvad menneskelig sk\u00e6bne er.<\/p>\n<p>Du ved ikke, hvad menneskelig sk\u00e6bne er.<\/p>\n<p>Gud ved, hvorfor du er i verden og hvem du m\u00e5 m\u00f8de og hvor du m\u00e5 tage hen.<\/p>\n<p>Du kan ikke se dette, for du kan kun v\u00e6re hvor du er.<\/p>\n<p>Du kan ikke forst\u00e5 \u00c5benbaringens Stemme med intellektet.<\/p>\n<p>Det ville ikke frembringe \u00e6gte erkendelse.<\/p>\n<p>Erkendelsen sker p\u00e5 et dybere niveau, under sindets overflade, p\u00e5 dit hjertes og dybere samvittigheds niveau &#8211; ikke din sociale samvittighed, men den samvittighed, som Gud har skabt, der g\u00f8r dig i stand til at reagere p\u00e5 sandheden og blive immun overfor det, der er falskt.<\/p>\n<p>Du kan kun kende Os og h\u00f8re Os med dit hjerte.<\/p>\n<p>Du kan kun kende og v\u00e6rds\u00e6tte Budbringeren med dit hjerte.<\/p>\n<p>Det kan v\u00e6re forbl\u00f8ffende for dit sind.<\/p>\n<p>Det kan udfordre din tro og dine antagelser.<\/p>\n<p>Det kan kr\u00e6ve, at du genovervejer dine religioner, din filosofi, i den udstr\u00e6kning, du har disse ting. Men reaktionen foreg\u00e5r p\u00e5 et dybere niveau.<\/p>\n<p>Gud genopretter og redder den adskilte gennem Kundskab.<\/p>\n<p>Hvis du kunne forst\u00e5 dette, ville det g\u00f8re hele forskellen for dig.<\/p>\n<p>Hvis du kunne h\u00f8re Vores Stemmer, der er \u00e9n Stemme, ville det g\u00f8re hele forskellen for dig og for din verden.<\/p>\n<p>&nbsp;<\/p>\n","protected":false},"excerpt":{"rendered":"<p>Den Stemme, du h\u00f8rer, er ikke et individs stemme, men Stemmen af Den Englelige V\u00e6rt sammen, der taler sammen, med en Stemme. Den g\u00e5r igennem \u00e9t individ, ja, men p\u00e5 et h\u00f8jere niveau er indvidualitet fuldst\u00e6ndigt anderledes. S\u00e5 v\u00e6ldigt anderledes dette er, end i jeres verden. Det er grunden til, at Vores Stemme er s\u00e5\u2026 <a class=\"read-more\" href=\"https:\/\/www.v6.newmessage.org\/da\/about-recording-shortcode\/\"><span>Read More<\/span><\/a><\/p>\n","protected":false},"author":22,"featured_media":0,"parent":16358,"menu_order":0,"comment_status":"closed","ping_status":"closed","template":"template-leftsidebar.php","meta":{"_monsterinsights_skip_tracking":false,"_monsterinsights_sitenote_active":false,"_monsterinsights_sitenote_note":"","_monsterinsights_sitenote_category":0,"footnotes":""},"categories":[76,501,30],"tags":[625],"_links":{"self":[{"href":"https:\/\/www.v6.newmessage.org\/da\/wp-json\/wp\/v2\/pages\/27176"}],"collection":[{"href":"https:\/\/www.v6.newmessage.org\/da\/wp-json\/wp\/v2\/pages"}],"about":[{"href":"https:\/\/www.v6.newmessage.org\/da\/wp-json\/wp\/v2\/types\/page"}],"author":[{"embeddable":true,"href":"https:\/\/www.v6.newmessage.org\/da\/wp-json\/wp\/v2\/users\/22"}],"replies":[{"embeddable":true,"href":"https:\/\/www.v6.newmessage.org\/da\/wp-json\/wp\/v2\/comments?post=27176"}],"version-history":[{"count":3,"href":"https:\/\/www.v6.newmessage.org\/da\/wp-json\/wp\/v2\/pages\/27176\/revisions"}],"predecessor-version":[{"id":27515,"href":"https:\/\/www.v6.newmessage.org\/da\/wp-json\/wp\/v2\/pages\/27176\/revisions\/27515"}],"up":[{"embeddable":true,"href":"https:\/\/www.v6.newmessage.org\/da\/wp-json\/wp\/v2\/pages\/16358"}],"wp:attachment":[{"href":"https:\/\/www.v6.newmessage.org\/da\/wp-json\/wp\/v2\/media?parent=27176"}],"wp:term":[{"taxonomy":"category","embeddable":true,"href":"https:\/\/www.v6.newmessage.org\/da\/wp-json\/wp\/v2\/categories?post=27176"},{"taxonomy":"post_tag","embeddable":true,"href":"https:\/\/www.v6.newmessage.org\/da\/wp-json\/wp\/v2\/tags?post=27176"}],"curies":[{"name":"wp","href":"https:\/\/api.w.org\/{rel}","templated":true}]}}