{"id":27143,"date":"2017-07-01T14:59:01","date_gmt":"2017-07-01T14:59:01","guid":{"rendered":"http:\/\/www.newmessage.org\/da\/?page_id=27143"},"modified":"2017-07-12T13:12:04","modified_gmt":"2017-07-12T13:12:04","slug":"vigtige-udtryk","status":"publish","type":"page","link":"https:\/\/www.v6.newmessage.org\/da\/budskabet\/vigtige-udtryk\/","title":{"rendered":"Vigtige Udtryk"},"content":{"rendered":"<p>Det Nye Budskab fra Gud \u00e5benbarer, at vor verden st\u00e5r ved den st\u00f8rste t\u00e6rskel i menneskehedens historie og evolution. Ved denne t\u00e6rskel er et Nyt Budskab fra Gud kommet. Det \u00e5benbarer den store forandring, der kommer til verden og vor sk\u00e6bne i Det St\u00f8rre F\u00e6llesskab af liv hinsides vor verden, som vi hverken kender til eller er forberedte p\u00e5.<\/p>\n<p>Her gendefinerer \u00c5benbaringen visse bekendte udtryk indenfor en st\u00f8rre sammenh\u00e6ng og introducerer andre udtryk, der er nye for den menneskelige familie. Det er vigtigt at forst\u00e5 disse udtryk, n\u00e5r man l\u00e6ser Det Nye Budskabs tekster.<\/p>\n<p><a name=\"god\"><\/a><br \/>\n<strong>Gud<\/strong> \u00e5benbares i Det Nye Budskab som Kilden og Skaberen af alt liv og af tall\u00f8se racer i universet. Her afsl\u00f8res den st\u00f8rre virkelighed af Gud i den udvidede sammenh\u00e6ng af alt liv i denne verden og af alt liv i universet. Denne udvidede sammenh\u00e6ng gendefinerer betydningen af vor forst\u00e5else af Gud og af Guds Magt og Tilstedev\u00e6relse i vort liv. Det Nye Budskab siger, at for at forst\u00e5, hvad Gud er i vor verden, m\u00e5 vi forst\u00e5, hvad Gud er i hele universet. Dette afsl\u00f8res nu for f\u00f8rste gang gennem et Nyt Budskab fra Gud. I Det Nye Budskab er Gud ikke en person eller en singul\u00e6r bevidsthed, men istedet en gennemtr\u00e6ngende kraft og virkelighed, der gennemtr\u00e6nger alt liv og eksisterer hinsides teologiens og den religi\u00f8se forst\u00e5elses begr\u00e6nsninger. Gud taler til den dybeste del af hvert enkelt menneske, gennem Kundskabens magt, der lever i dem. L\u00e6r mere&#8230;<br \/>\n<a name=\"separation\"><\/a><\/p>\n<p><strong>Adskillelsen<\/strong> er den fortsatte tilstand og forfatning ved at v\u00e6re afskilt fra Gud. Adskillelsen begyndte, da en del af Skabelsen \u00f8nskede at have friheden til at v\u00e6re adskilt fra Gud, til at leve i en Adskillelsestilstand. Som et resultat, skabte Gud vor udviklende verden og det ekspanderende univers, som et sted at leve for de adskilte i tall\u00f8se former og steder. F\u00f8r Adskillelsen befandt alt liv sig i en tidl\u00f8s tilstand af uber\u00f8rt forening. Det er til denne oprindelige tilstand af forening med Gud, som alle, der lever i Adskillelse, ultimativt kaldes til at vende tilbage til. Guds mission i vor verden og i hele universet er at genvinde de adskilte gennem Kundskab, der er den del af hvert enkelt menneske, der stadigt er forbundet med Gud. <a href=\"http:\/\/www.detnyebudskabfragud.org\/budskabet\/bind-1\/den-ene-gud\/adskillelsen\/\">L\u00e6r mere&#8230;<\/a><br \/>\n<a name=\"knowledge\"><\/a><\/p>\n<p><strong>Kundskab<\/strong> er det dybere \u00e5ndelige sind og den \u00e5ndelige intelligens i hvert enkelt menneske, der venter p\u00e5 at blive opdaget. Kundskab repr\u00e6senterer den evige del af os, der aldrig har forladt Gud. Det Nye Budskab taler om Kundskab, som det store h\u00e5b for menneskeheden, en indre kraft i hjertet af hver enkelt person, som Guds Nye Budskab er her for at afsl\u00f8re og kalde frem. Kundskab eksisterer hinsides intellektet. Den alene har magten til at lede hver enkelt af os til vort h\u00f8jere form\u00e5l og vore sk\u00e6bnebestemte forhold i livet. L\u00e6r mere&#8230;<\/p>\n<p><a name=\"aa\"><\/a><br \/>\n<strong>Den Englelige Forsamling<\/strong> er det m\u00e6gtige Englelige N\u00e6rv\u00e6r, der overv\u00e5ger verden. Den er del af det tjenestes og forholdshierarki, der er etableret af Gud, til at overv\u00e5ge forl\u00f8sningen og tilbagevendingen af alt adskilt liv i universet. Hver verden, hvor sansende liv eksisterer, bliver overv\u00e5get af en Englelig Forsamling. Den Englelige Forsamling, der overv\u00e5ger vor verden, har oversat Guds Vilje for vor tid til menneskeligt sprog og menneskelig forst\u00e5else, hvilken nu \u00e5benbares gennem Det Nye Budskab fra Gud. Udtrykket, Den Engelige Forsamling, er synonymt med udtrykkene Det Englelige N\u00e6rv\u00e6r og Den Englige V\u00e6rt. <a href=\"http:\/\/www.detnyebudskabfragud.org\/budskabet\/bind-1\/gud-har-talt-igen\/forsamlingen\">L\u00e6r mere&#8230;<\/a><\/p>\n<p><a name=\"nmfg\"><\/a><br \/>\n<strong>Det Nye Budskab fra Gud <\/strong> er en sand \u00c5benbaring og kommunikation fra Gud til verdens folk, b\u00e5de for vor tid og for kommende tider. Det Nye Budskab er en gave fra Skaberen af alt liv til folk af alle nationer og religioner og repr\u00e6senterer det n\u00e6ste m\u00e6gtige udtryk af Guds Vilje og Plan for den menneskelige familie. Det Nye Budskab er mere end 9000 sider langt og er den st\u00f8rste \u00c5benbaring nogensinde givet til verden, nu givet til en l\u00e6se- og skrivekyndig verden af global kommunikation og voksende global bevidsthed. Det Nye Budskab er ikke en sidegren eller en reformation af nogen tidligere tradition. Det er et Nyt Budskab fra Gud til menneskeheden, der nu st\u00e5r overfor stor ustabilitet og omv\u00e6ltning i verden og den store t\u00e6rskel, det er at dukke op i Det St\u00f8rre F\u00e6llesskab af intelligent liv i universet. <a href=\"http:\/\/www.detnyebudskabfragud.org\/introduktion-det-nye-budskab\/\">L\u00e6r mere&#8230;<\/a><\/p>\n<p><a name=\"voice\"><\/a><br \/>\n<strong>\u00c5benbaringens Stemme<\/strong> er Den Englelige Forsamlings forenede stemme, der afleverer Guds Budskab gennem en Budbringer, der er sendt ind i verden med denne opgave. Her taler Forsamlingen som \u00e9n Stemme, de mange, der taler som \u00e9n. For allerf\u00f8rste gang i historien, kan du h\u00f8re selve \u00c5benbaringens Stemme, der taler gennem Guds Budbringer. Det er denne Stemme, der har talt til alle Guds Budbringere i fortiden. \u00c5benbaringens Stemmes Ord og Lyd er i verden p\u00e5ny. L\u00e6r mere&#8230;<\/p>\n<p><a name=\"messenger\"><\/a><br \/>\n<strong>Budbringeren<\/strong> er den ene udvalgte, den ene forberedte og den ene, der er sendt ind i verden af Den Englelige Forsamling for at tage imod Det Nye Budskab fra Gud. Budbringeren for denne tid er Marshall Vian Summers. Han er en ydmyg mand uden nogen stilling i verden, der har gennemg\u00e5et en lang og vanskelig forberedelse, for at kunne udfylde en s\u00e5 vigtig rolle og mission i livet. Han er p\u00e5lagt en stor byrde, en stor velsignelse og et stort ansvar ved at tage imod Guds rene \u00c5benbaring og ved at beskytte og pr\u00e6sentere den i verden. Han er den f\u00f8rste af Guds Budbringere til at \u00e5benbare virkeligheden af Det St\u00f8rre F\u00e6llesskab af intelligent liv i universet. Budbringeren har v\u00e6ret engageret i en \u00c5benbaringsproces i over 30 \u00e5r. Han lever i verden i dag. <a href=\"http:\/\/www.detnyebudskabfragud.org\/hvem-er-marshall-vian-summers\/\">L\u00e6r mere&#8230;<\/a>.<\/p>\n<p><a name=\"seal\"><\/a><br \/>\n<strong>Profeternes Segl<\/strong> er et segl etableret af Gud ved slutningen af Budbringerens liv. Det forsegler \u00c5benbaringen i uber\u00f8rthed, beskytter det imod tilf\u00f8jelser eller modifikation af Guds kommunikation. Profeternes Segl etableres alene af Gud, og kun Gud alene kan bryde Seglet ved t\u00e6rskler i menneskehedens evolution og fremkomst, hvor Gud v\u00e6lger at tale igen. <a href=\"http:\/\/www.detnyebudskabfragud.org\/budskabet\/bind-1\/gud-har-talt-igen\/profeternes-segl\">L\u00e6r mere&#8230;<\/a><\/p>\n<p><a name=\"presence\"><\/a><br \/>\n<strong>Tilstedev\u00e6relsen<\/strong> eller N\u00e6rv\u00e6ret refererer enten til Kundskabens tilstedev\u00e6relse i den enkelte, N\u00e6rv\u00e6ret af Den Englelige Forsamling, eller ultimativt Guds N\u00e6rv\u00e6r. N\u00e6rv\u00e6ret af alle disse tre virkeligheder byder p\u00e5 en livs\u00e6ndrende oplevelse af n\u00e5de og forhold, der kan opleves ved at f\u00f8lge livets mysterie, og ved at studere og praktisere, enten en af Guds tidligere \u00c5benbaringer, eller Guds Nye \u00c5benbaring for verden. Den Nye \u00c5benbaring byder p\u00e5 en moderne vej til at opleve magten af denne Tilstedev\u00e6relse i sit liv. L\u00e6r mere&#8230;<br \/>\n<a name=\"stk\"><\/a><\/p>\n<p><em><strong>Trin til Kundskab<\/strong><\/em> er en \u00e6ldgammel bog af \u00e5ndelig praksis, der nu gives af Gud til verden for f\u00f8rste gang. Ved at tage denne mystiske rejse, bliver hver is\u00e6r ledt til at opdage Kundskabens magt og oplevelsen af dyb indre viden, der kan lede vedkommende til deres h\u00f8jere form\u00e5l og h\u00f8jere kald i livet. <a href=\"http:\/\/www.detnyebudskabfragud.org\/budskabet\/bind-3\/trin-til-kundskab\/\">L\u00e6r mere&#8230;<\/a><\/p>\n<p><a name=\"gc\"><\/a><br \/>\n<strong>Det St\u00f8rre F\u00e6llesskab<\/strong> er det st\u00f8rre univers af intelligent liv, hvori vores verden altid har eksisteret. Dette St\u00f8rre F\u00e6llesskab omfatter alle verdener i universet, hvor sansende liv eksisterer i alle evolutions- og udviklingsstadier. Det Nye Budskab \u00e5benbarer, at menneskeheden befinder sig i en tidlig og ung fase af sin udvikling og at tiden er kommet til, at menneskeheden forbereder sig p\u00e5 at dukke op i Det St\u00f8rre F\u00e6llesskab. Det er her ved t\u00e6rsklen til rummet, at menneskeheden opdager, at den ikke er alene i universet eller selv ikke i sin egen verden. L\u00e6r mere&#8230;<\/p>\n<p><a name=\"darkness\"><\/a><br \/>\n<strong>Det St\u00f8rre M\u00f8rke<\/strong> er en Intervention, der foreg\u00e5r, af visse racer fra Det St\u00f8rre F\u00e6llesskab, der er her for at drage fordel af en svag og splittet menneskehed. Dette sker p\u00e5 et tidspunkt, hvor den menneskelige familie indtr\u00e6der en periode med tiltagende nedbrydning og uorden i lyset af de Store B\u00f8lger af forandring. Interventionen pr\u00e6senterer sig selv som en gavnlig og forl\u00f8sende kraft, mens dens ultimative m\u00e5l i virkeligheden er at underminere menneskelig frihed og selvbestemmelse og tage kontrol over verden og dens ressourcer. Det Nye Budskab afsl\u00f8rer, at Interventionen hemmeligt s\u00f8ger at etablere sin indflydelse her i folks sind og hjerter p\u00e5 et tidspunkt med tiltagende forvirring, konflikter og s\u00e5rbarhed. Som denne verdens indf\u00f8dte folk, p\u00e5kaldes vi til at g\u00e5 imod denne Intervention og til at advare og uddanne andre, og s\u00e5ledes forene den menneskelige familie i et st\u00e6rkt f\u00e6lles form\u00e5l og forberede vor verden p\u00e5 livets udfordringer og muligheder i Det St\u00f8rre F\u00e6llesskab. L\u00e6r mere&#8230;<\/p>\n<p><a name=\"gwoc\"><\/a><br \/>\n<strong>Forandringens Store B\u00f8lger<\/strong> er en r\u00e6kke st\u00e6rke milj\u00f8m\u00e6ssige, \u00f8konomiske og sociale kr\u00e6fter, der nu konvergerer over verden. De Store B\u00f8lger er et resultat af menneskehedens mis- og overdrevne brug af verden, dens ressourcer og dens milj\u00f8. De Store B\u00f8lger har magten til drastisk at \u00e6ndre verdens overflade og skabe \u00f8konomisk ustabilitet, l\u00f8bske klimaforandringer, voldsomt vejr og tabet af agerjord og ferskvandsressourcer, der truer med at skabe en tilstand i verden med store vanskeligheder og menneskelig lidelse. De Store B\u00f8lger er ikke en afslutning eller en apokalyptisk begivenhed, men i stedet en overgangsperiode til en ny verdenstilstand. Det Nye Budskab afsl\u00f8rer, hvad der er p\u00e5 vej til verden og den st\u00f8rre forberedelse, der m\u00e5 p\u00e5tages af tilstr\u00e6kkeligt mange mennesker. Det er et kald p\u00e5 menneskelig forening og samarbejde, nu f\u00f8dt af den rene og sk\u00e6re n\u00f8dvendighed, for bevarelsen og beskyttelsen af menneskelig civilisation. L\u00e6r mere&#8230;<br \/>\n<a name=\"me\"><\/a><\/p>\n<p><strong>Det Mentale Milj\u00f8<\/strong> er et milj\u00f8 best\u00e5ende af tanker og sindsbev\u00e6gelser, der eksisterer parallelt med det fysiske milj\u00f8. Det Mentale Milj\u00f8 indeholder kr\u00e6fter, der p\u00e5virker vor t\u00e6nkning og vore sindsbev\u00e6gelser, og som kan dominere os, indtil vi bliver st\u00e6rke med Kundskab. L\u00e6r mere&#8230;.<\/p>\n<p><a name=\"purpose\"><\/a><br \/>\n<strong>H\u00f8jere Form\u00e5l<\/strong> refererer til det specifikke bidrag, hvert enkelt menneske blev sendt ind i verden for at yde, og de unikke forhold, der vil g\u00f8re fuldendelsen af dette form\u00e5l muligt. Kundskab i den enkelte holder deres h\u00f8jere form\u00e5l og sk\u00e6bne for dem. Den kan ikke fastsl\u00e5s af intellektet alene. Den m\u00e5 opdages, f\u00f8lges og udtrykkes i tjeneste for andre, for helt at blive erkendt. Verden har behov for demonstrationen af dette h\u00f8jere form\u00e5l fra mange flere mennesker, end nogensinde f\u00f8r. L\u00e6r mere&#8230;<\/p>\n<p><a name=\"family\"><\/a><br \/>\nDen <strong>Spirituelle Familie<\/strong> refererer til den lille arbejdsgruppe, der blev formet efter Adskillelsen, for at g\u00f8re det muligt for alle enkeltindivider at arbejde i retning af h\u00f8jere tilstande af forening og forhold, p\u00e5taget over en lang tidsperiode, som kulminerer i vedkommendes endelige tilbagevenden til Gud. Din Spirituelle Familie repr\u00e6senterer de forhold, som du har genvundet gennem Kundskab, under din lange rejse gennem Adskillelse. Nogle medlemmer af din Spirituelle Familie befinder sig i verden og nogle befinder sig hinsides verden. De Spirituelle Familier er del af Guds mystiske Plan om at befri og genforene alle, der lever i Adskillelse. L\u00e6r mere&#8230;<\/p>\n<p><a name=\"home\"><\/a><br \/>\n<strong>\u00c6ldgamle Hjem<\/strong> refererer til livets virkelighed og den tilstand af bevidsthed og forhold, du havde, inden du ankom til verden, og til hvilket du vil vende tilbage efter dit liv i verden. Dit \u00c6ldgamle Hjem er en tilstand af forbindelser og forhold til din Spirituelle Familie, til Forsamlingen og til Gud. <a href=\"http:\/\/www.detnyebudskabfragud.org\/budskabet\/bind-1\/den-ene-gud\/adskillelsen\/\">L\u00e6r mere&#8230;<\/a><\/p>\n","protected":false},"excerpt":{"rendered":"<p>Det Nye Budskab fra Gud \u00e5benbarer, at vor verden st\u00e5r ved den st\u00f8rste t\u00e6rskel i menneskehedens historie og evolution. Ved denne t\u00e6rskel er et Nyt Budskab fra Gud kommet. Det \u00e5benbarer den store forandring, der kommer til verden og vor sk\u00e6bne i Det St\u00f8rre F\u00e6llesskab af liv hinsides vor verden, som vi hverken kender til\u2026 <a class=\"read-more\" href=\"https:\/\/www.v6.newmessage.org\/da\/budskabet\/vigtige-udtryk\/\"><span>Read More<\/span><\/a><\/p>\n","protected":false},"author":22,"featured_media":0,"parent":26942,"menu_order":0,"comment_status":"closed","ping_status":"closed","template":"","meta":{"_monsterinsights_skip_tracking":false,"_monsterinsights_sitenote_active":false,"_monsterinsights_sitenote_note":"","_monsterinsights_sitenote_category":0,"footnotes":""},"categories":[],"tags":[254],"_links":{"self":[{"href":"https:\/\/www.v6.newmessage.org\/da\/wp-json\/wp\/v2\/pages\/27143"}],"collection":[{"href":"https:\/\/www.v6.newmessage.org\/da\/wp-json\/wp\/v2\/pages"}],"about":[{"href":"https:\/\/www.v6.newmessage.org\/da\/wp-json\/wp\/v2\/types\/page"}],"author":[{"embeddable":true,"href":"https:\/\/www.v6.newmessage.org\/da\/wp-json\/wp\/v2\/users\/22"}],"replies":[{"embeddable":true,"href":"https:\/\/www.v6.newmessage.org\/da\/wp-json\/wp\/v2\/comments?post=27143"}],"version-history":[{"count":5,"href":"https:\/\/www.v6.newmessage.org\/da\/wp-json\/wp\/v2\/pages\/27143\/revisions"}],"predecessor-version":[{"id":27164,"href":"https:\/\/www.v6.newmessage.org\/da\/wp-json\/wp\/v2\/pages\/27143\/revisions\/27164"}],"up":[{"embeddable":true,"href":"https:\/\/www.v6.newmessage.org\/da\/wp-json\/wp\/v2\/pages\/26942"}],"wp:attachment":[{"href":"https:\/\/www.v6.newmessage.org\/da\/wp-json\/wp\/v2\/media?parent=27143"}],"wp:term":[{"taxonomy":"category","embeddable":true,"href":"https:\/\/www.v6.newmessage.org\/da\/wp-json\/wp\/v2\/categories?post=27143"},{"taxonomy":"post_tag","embeddable":true,"href":"https:\/\/www.v6.newmessage.org\/da\/wp-json\/wp\/v2\/tags?post=27143"}],"curies":[{"name":"wp","href":"https:\/\/api.w.org\/{rel}","templated":true}]}}